{"id":217671,"date":"2025-09-02T12:02:05","date_gmt":"2025-09-02T12:02:05","guid":{"rendered":"https:\/\/homeofwool.com\/?post_type=product&#038;p=217671"},"modified":"2026-04-03T12:01:00","modified_gmt":"2026-04-03T12:01:00","slug":"stokke-madrass","status":"publish","type":"product","link":"https:\/\/homeofwool.com\/nb\/shop\/stokke-mattress\/","title":{"rendered":"Oval barnesengmadrass \u2013 til Stokke Sleepi"},"content":{"rendered":"<p>For at babyen din skal ha det behagelig gjennom natten, m\u00e5 den ikke bli for varm, ikke svette om natten og ikke fryse p\u00e5 hendene eller f\u00f8ttene. Det er akkurat det ull er best p\u00e5. Denne ullmadrassen til barneseng er laget for den ovale formen p\u00e5 Stokke Sleepi og er kun fylt med ren ull, festet med naturlig lin. Den inneholder ingen kjemikalier. Ingen flammehemmere og ingen VOC-gasser. Bare rene, trygge materialer du kan stole p\u00e5. Ullfyll og noen f\u00f8rsteklasses \u00f8kologiske stoffer.<\/p>\n<p>Ullens naturlige temperaturregulerende egenskaper gj\u00f8r at babyen din holder seg behagelig varm n\u00e5r det er kj\u00f8lig, og ikke blir for varm n\u00e5r rommet er varmere. Den regulerer ogs\u00e5 fuktigheten, slik at soveflaten holder seg t\u00f8rr og frisk. Fordi den er allergivennlig, motstandsdyktig mot st\u00f8vmidd og antibakteriell, er den spesielt betryggende for familier som sliter med allergi eller hudproblemer.<\/p>\n<p>Madrassen har korte tupper som holder overflaten glatt og sikker. Den har glidel\u00e5ser p\u00e5 sidene, slik at du kan justere fyllet om n\u00f8dvendig. N\u00e5r barnet ditt blir for stort for barnesengen, kan madrassen brukes som gulvpute p\u00e5 barnerommet. For \u00e5 gj\u00f8re barnesengen komplett kan du legge til et valgfritt avtakbart trekk, ullbeskyttelse eller laken med madrass.<\/p>","protected":false},"excerpt":{"rendered":"<p>Denne ovale madrassen i ull er laget for \u00e5 passe til Stokke Sleepi og gi babyen din et rent og trygt sted \u00e5 hvile. Den inneholder ingen kjemikalier eller syntetiske stoffer, er sk\u00e5nsom mot sensitiv hud og temperaturregulerende, slik at den lille kan holde seg varm hele \u00e5ret. Madrassen hjelper babyen din til \u00e5 hvile fredelig, uten overoppheting, fuktig nattesvette eller kalde sm\u00e5 hender og f\u00f8tter.<\/p>\n<div class=\"global-icon-set\">\n<div class=\"global-icon-set__items\">\n<div class=\"global-icon-set__item\">\n<div class=\"global-icon-set__image\">\n                                    <img decoding=\"async\" src=\"https:\/\/homeofwool.com\/wp-content\/uploads\/2025\/09\/handmade-icon-300x300.png\" alt=\"h\u00e5ndlaget ikon\" \/>\n                                <\/div>\n<div class=\"global-icon-set__title\">H\u00e5ndlaget<\/div>\n<\/p><\/div>\n<div class=\"global-icon-set__item\">\n<div class=\"global-icon-set__image\">\n                                    <img decoding=\"async\" src=\"https:\/\/homeofwool.com\/wp-content\/uploads\/2025\/09\/Exceptionally-Supportive-min-300x300.png\" alt=\"eksepsjonelt st\u00f8ttende ikon\" \/>\n                                <\/div>\n<div class=\"global-icon-set__title\">Eksepsjonelt st\u00f8ttende<\/div>\n<\/p><\/div>\n<div class=\"global-icon-set__item\">\n<div class=\"global-icon-set__image\">\n                                    <img decoding=\"async\" src=\"https:\/\/homeofwool.com\/wp-content\/uploads\/2025\/09\/wicks-moisture-away-300x300.png\" alt=\"transporterer fuktighet bort\" \/>\n                                <\/div>\n<div class=\"global-icon-set__title\">F\u00f8rer bort fuktighet<\/div>\n<\/p><\/div>\n<div class=\"global-icon-set__item\">\n<div class=\"global-icon-set__image\">\n                                    <img decoding=\"async\" src=\"https:\/\/homeofwool.com\/wp-content\/uploads\/2025\/09\/VOCs-min-300x300.png\" alt=\"vocs gratis\" \/>\n                                <\/div>\n<div class=\"global-icon-set__title\">VOC-fri<\/div>\n<\/p><\/div>\n<div class=\"global-icon-set__item\">\n<div class=\"global-icon-set__image\">\n                                    <img decoding=\"async\" src=\"https:\/\/homeofwool.com\/wp-content\/uploads\/2025\/09\/FR-min-300x300.png\" alt=\"brannsikker ikon\" \/>\n                                <\/div>\n<div class=\"global-icon-set__title\">Flammebestandig<\/div>\n<\/p><\/div>\n<div class=\"global-icon-set__item\">\n<div class=\"global-icon-set__image\">\n                                    <img decoding=\"async\" src=\"https:\/\/homeofwool.com\/wp-content\/uploads\/2025\/09\/Hypoallergenic-min-300x300.png\" alt=\"allergivennlig ikon\" \/>\n                                <\/div>\n<div class=\"global-icon-set__title\">Allergivenlig<\/div>\n<\/p><\/div>\n<div class=\"global-icon-set__item\">\n<div class=\"global-icon-set__image\">\n                                    <img decoding=\"async\" src=\"https:\/\/homeofwool.com\/wp-content\/uploads\/2025\/09\/free-of-synthetics-icon-300x300.png\" alt=\"fri for syntetiske stoffer ikon\" \/>\n                                <\/div>\n<div class=\"global-icon-set__title\">Fri for syntetiske stoffer<\/div>\n<\/p><\/div>\n<div class=\"global-icon-set__item\">\n<div class=\"global-icon-set__image\">\n                                    <img decoding=\"async\" src=\"https:\/\/homeofwool.com\/wp-content\/uploads\/2025\/09\/chemical-free-icon-300x300.png\" alt=\"kjemikaliefritt ikon\" \/>\n                                <\/div>\n<div class=\"global-icon-set__title\">Kjemikaliefri<\/div>\n<\/p><\/div>\n<div class=\"global-icon-set__item\">\n<div class=\"global-icon-set__image\">\n                                    <img decoding=\"async\" src=\"https:\/\/homeofwool.com\/wp-content\/uploads\/2025\/09\/anti-bacterial-icon-300x300.png\" alt=\"antibakteriell ikon\" \/>\n                                <\/div>\n<div class=\"global-icon-set__title\">Antimikrobiell og antibakteriell<\/div>\n<\/p><\/div>\n<div class=\"global-icon-set__item\">\n<div class=\"global-icon-set__image\">\n                                    <img decoding=\"async\" src=\"https:\/\/homeofwool.com\/wp-content\/uploads\/2025\/09\/certified-materials-icon-300x300.png\" alt=\"ikon for sertifiserte materialer\" \/>\n                                <\/div>\n<div class=\"global-icon-set__title\">100% Rene sertifiserte materialer<\/div>\n<\/p><\/div>\n<\/p><\/div>\n<\/p><\/div>","protected":false},"featured_media":218606,"template":"","meta":{"_acf_changed":false},"product_brand":[],"product_cat":[459],"product_tag":[461,467,468,195,470,149,471,472,473,474,475],"class_list":{"0":"post-217671","1":"product","2":"type-product","3":"status-publish","4":"has-post-thumbnail","6":"product_cat-mattresses-toppers","7":"product_tag-baby-mattress","8":"product_tag-newborn-baby-pad","9":"product_tag-non-toxic-nursery","10":"product_tag-organic-mattress","11":"product_tag-oval-toddler-futon","12":"product_tag-steps","13":"product_tag-stokke-crib-mattress","14":"product_tag-stokke-sleepi-bed","15":"product_tag-stokke-sleepi-junior","16":"product_tag-stokke-sleepi-mattress","17":"product_tag-stokke-sleepi-mini","19":"first","20":"instock","21":"shipping-taxable","22":"purchasable","23":"product-type-simple"},"acf":[],"yoast_head":"<!-- This site is optimized with the Yoast SEO Premium plugin v27.3 (Yoast SEO v27.3) - https:\/\/yoast.com\/product\/yoast-seo-premium-wordpress\/ -->\n<title>Oval Crib Mattress \u2013 For Stokke Sleepi | Home of Wool<\/title>\n<meta name=\"description\" content=\"Breathable and hypoallergenic, the Oval Crib Mattress for Stokke Sleepi provides toxin-free comfort with organic wool filling, offering natural support for safe, restful baby sleep.\" \/>\n<meta name=\"robots\" content=\"index, follow, max-snippet:-1, max-image-preview:large, max-video-preview:-1\" \/>\n<link rel=\"canonical\" href=\"https:\/\/homeofwool.com\/nb\/butikk\/stokke-madrass\/\" \/>\n<meta property=\"og:locale\" content=\"nb_NO\" \/>\n<meta property=\"og:type\" content=\"article\" \/>\n<meta property=\"og:title\" content=\"Oval Crib Mattress \u2013 For Stokke Sleepi\" \/>\n<meta property=\"og:description\" content=\"Breathable and hypoallergenic, the Oval Crib Mattress for Stokke Sleepi provides toxin-free comfort with organic wool filling, offering natural support for safe, restful baby sleep.\" \/>\n<meta property=\"og:url\" content=\"https:\/\/homeofwool.com\/nb\/butikk\/stokke-madrass\/\" \/>\n<meta property=\"og:site_name\" content=\"Home of Wool\" \/>\n<meta property=\"article:publisher\" content=\"https:\/\/facebook.com\/HomeOfWoolOfficial\" \/>\n<meta property=\"article:modified_time\" content=\"2026-04-03T12:01:00+00:00\" \/>\n<meta property=\"og:image\" content=\"https:\/\/homeofwool.com\/wp-content\/uploads\/2025\/09\/home-of-wool-stokke-mattress-1-main.jpg\" \/>\n\t<meta property=\"og:image:width\" content=\"2000\" \/>\n\t<meta property=\"og:image:height\" content=\"1600\" \/>\n\t<meta property=\"og:image:type\" content=\"image\/jpeg\" \/>\n<meta name=\"twitter:card\" content=\"summary_large_image\" \/>\n<meta name=\"twitter:label1\" content=\"Ansl. lesetid\" \/>\n\t<meta name=\"twitter:data1\" content=\"2 minutter\" \/>\n<script type=\"application\/ld+json\" class=\"yoast-schema-graph\">{\"@context\":\"https:\\\/\\\/schema.org\",\"@graph\":[{\"@type\":\"WebPage\",\"@id\":\"https:\\\/\\\/homeofwool.com\\\/shop\\\/stokke-mattress\\\/\",\"url\":\"https:\\\/\\\/homeofwool.com\\\/shop\\\/stokke-mattress\\\/\",\"name\":\"Oval Crib Mattress \u2013 For Stokke Sleepi | Home of Wool\",\"isPartOf\":{\"@id\":\"https:\\\/\\\/homeofwool.com\\\/#website\"},\"primaryImageOfPage\":{\"@id\":\"https:\\\/\\\/homeofwool.com\\\/shop\\\/stokke-mattress\\\/#primaryimage\"},\"image\":{\"@id\":\"https:\\\/\\\/homeofwool.com\\\/shop\\\/stokke-mattress\\\/#primaryimage\"},\"thumbnailUrl\":\"https:\\\/\\\/homeofwool.com\\\/wp-content\\\/uploads\\\/2025\\\/09\\\/home-of-wool-stokke-mattress-1-main.jpg\",\"datePublished\":\"2025-09-02T12:02:05+00:00\",\"dateModified\":\"2026-04-03T12:01:00+00:00\",\"description\":\"Breathable and hypoallergenic, the Oval Crib Mattress for Stokke Sleepi provides toxin-free comfort with organic wool filling, offering natural support for safe, restful baby sleep.\",\"breadcrumb\":{\"@id\":\"https:\\\/\\\/homeofwool.com\\\/shop\\\/stokke-mattress\\\/#breadcrumb\"},\"inLanguage\":\"nb-NO\",\"potentialAction\":[{\"@type\":\"ReadAction\",\"target\":[\"https:\\\/\\\/homeofwool.com\\\/shop\\\/stokke-mattress\\\/\"]}]},{\"@type\":\"ImageObject\",\"inLanguage\":\"nb-NO\",\"@id\":\"https:\\\/\\\/homeofwool.com\\\/shop\\\/stokke-mattress\\\/#primaryimage\",\"url\":\"https:\\\/\\\/homeofwool.com\\\/wp-content\\\/uploads\\\/2025\\\/09\\\/home-of-wool-stokke-mattress-1-main.jpg\",\"contentUrl\":\"https:\\\/\\\/homeofwool.com\\\/wp-content\\\/uploads\\\/2025\\\/09\\\/home-of-wool-stokke-mattress-1-main.jpg\",\"width\":2000,\"height\":1600,\"caption\":\"home of wool mattress for stokke sleepi crib\"},{\"@type\":\"BreadcrumbList\",\"@id\":\"https:\\\/\\\/homeofwool.com\\\/shop\\\/stokke-mattress\\\/#breadcrumb\",\"itemListElement\":[{\"@type\":\"ListItem\",\"position\":1,\"name\":\"Home\",\"item\":\"https:\\\/\\\/homeofwool.com\\\/\"},{\"@type\":\"ListItem\",\"position\":2,\"name\":\"Products\",\"item\":\"https:\\\/\\\/homeofwool.com\\\/header-search-2\\\/\"},{\"@type\":\"ListItem\",\"position\":3,\"name\":\"Oval Crib Mattress \u2013 For Stokke Sleepi\"}]},{\"@type\":\"WebSite\",\"@id\":\"https:\\\/\\\/homeofwool.com\\\/#website\",\"url\":\"https:\\\/\\\/homeofwool.com\\\/\",\"name\":\"Home of Wool\",\"description\":\"\",\"publisher\":{\"@id\":\"https:\\\/\\\/homeofwool.com\\\/#organization\"},\"potentialAction\":[{\"@type\":\"SearchAction\",\"target\":{\"@type\":\"EntryPoint\",\"urlTemplate\":\"https:\\\/\\\/homeofwool.com\\\/?s={search_term_string}\"},\"query-input\":{\"@type\":\"PropertyValueSpecification\",\"valueRequired\":true,\"valueName\":\"search_term_string\"}}],\"inLanguage\":\"nb-NO\"},{\"@type\":\"Organization\",\"@id\":\"https:\\\/\\\/homeofwool.com\\\/#organization\",\"name\":\"Home of Wool\",\"url\":\"https:\\\/\\\/homeofwool.com\\\/\",\"logo\":{\"@type\":\"ImageObject\",\"inLanguage\":\"nb-NO\",\"@id\":\"https:\\\/\\\/homeofwool.com\\\/#\\\/schema\\\/logo\\\/image\\\/\",\"url\":\"https:\\\/\\\/homeofwool.com\\\/wp-content\\\/uploads\\\/2025\\\/09\\\/WhatsApp-Image-2025-12-02-at-16.23.20.jpeg\",\"contentUrl\":\"https:\\\/\\\/homeofwool.com\\\/wp-content\\\/uploads\\\/2025\\\/09\\\/WhatsApp-Image-2025-12-02-at-16.23.20.jpeg\",\"width\":700,\"height\":247,\"caption\":\"Home of Wool\"},\"image\":{\"@id\":\"https:\\\/\\\/homeofwool.com\\\/#\\\/schema\\\/logo\\\/image\\\/\"},\"sameAs\":[\"https:\\\/\\\/facebook.com\\\/HomeOfWoolOfficial\"]}]}<\/script>\n<!-- \/ Yoast SEO Premium plugin. -->","yoast_head_json":{"title":"Oval barnesengmadrass \u2013 til Stokke Sleepi | Home of Wool","description":"Oval Crib Mattress for Stokke Sleepi er pustende og allergivennlig og gir giftfri komfort med \u00f8kologisk ullfyll, som gir naturlig st\u00f8tte for trygg og rolig babys\u00f8vn.","robots":{"index":"index","follow":"follow","max-snippet":"max-snippet:-1","max-image-preview":"max-image-preview:large","max-video-preview":"max-video-preview:-1"},"canonical":"https:\/\/homeofwool.com\/nb\/butikk\/stokke-madrass\/","og_locale":"nb_NO","og_type":"article","og_title":"Oval Crib Mattress \u2013 For Stokke Sleepi","og_description":"Breathable and hypoallergenic, the Oval Crib Mattress for Stokke Sleepi provides toxin-free comfort with organic wool filling, offering natural support for safe, restful baby sleep.","og_url":"https:\/\/homeofwool.com\/nb\/butikk\/stokke-madrass\/","og_site_name":"Home of Wool","article_publisher":"https:\/\/facebook.com\/HomeOfWoolOfficial","article_modified_time":"2026-04-03T12:01:00+00:00","og_image":[{"width":2000,"height":1600,"url":"https:\/\/homeofwool.com\/wp-content\/uploads\/2025\/09\/home-of-wool-stokke-mattress-1-main.jpg","type":"image\/jpeg"}],"twitter_card":"summary_large_image","twitter_misc":{"Ansl. lesetid":"2 minutter"},"schema":{"@context":"https:\/\/schema.org","@graph":[{"@type":"WebPage","@id":"https:\/\/homeofwool.com\/shop\/stokke-mattress\/","url":"https:\/\/homeofwool.com\/shop\/stokke-mattress\/","name":"Oval barnesengmadrass \u2013 til Stokke Sleepi | Home of Wool","isPartOf":{"@id":"https:\/\/homeofwool.com\/#website"},"primaryImageOfPage":{"@id":"https:\/\/homeofwool.com\/shop\/stokke-mattress\/#primaryimage"},"image":{"@id":"https:\/\/homeofwool.com\/shop\/stokke-mattress\/#primaryimage"},"thumbnailUrl":"https:\/\/homeofwool.com\/wp-content\/uploads\/2025\/09\/home-of-wool-stokke-mattress-1-main.jpg","datePublished":"2025-09-02T12:02:05+00:00","dateModified":"2026-04-03T12:01:00+00:00","description":"Oval Crib Mattress for Stokke Sleepi er pustende og allergivennlig og gir giftfri komfort med \u00f8kologisk ullfyll, som gir naturlig st\u00f8tte for trygg og rolig babys\u00f8vn.","breadcrumb":{"@id":"https:\/\/homeofwool.com\/shop\/stokke-mattress\/#breadcrumb"},"inLanguage":"nb-NO","potentialAction":[{"@type":"ReadAction","target":["https:\/\/homeofwool.com\/shop\/stokke-mattress\/"]}]},{"@type":"ImageObject","inLanguage":"nb-NO","@id":"https:\/\/homeofwool.com\/shop\/stokke-mattress\/#primaryimage","url":"https:\/\/homeofwool.com\/wp-content\/uploads\/2025\/09\/home-of-wool-stokke-mattress-1-main.jpg","contentUrl":"https:\/\/homeofwool.com\/wp-content\/uploads\/2025\/09\/home-of-wool-stokke-mattress-1-main.jpg","width":2000,"height":1600,"caption":"home of wool mattress for stokke sleepi crib"},{"@type":"BreadcrumbList","@id":"https:\/\/homeofwool.com\/shop\/stokke-mattress\/#breadcrumb","itemListElement":[{"@type":"ListItem","position":1,"name":"Home","item":"https:\/\/homeofwool.com\/"},{"@type":"ListItem","position":2,"name":"Products","item":"https:\/\/homeofwool.com\/header-search-2\/"},{"@type":"ListItem","position":3,"name":"Oval Crib Mattress \u2013 For Stokke Sleepi"}]},{"@type":"WebSite","@id":"https:\/\/homeofwool.com\/#website","url":"https:\/\/homeofwool.com\/","name":"Hjem til ull","description":"","publisher":{"@id":"https:\/\/homeofwool.com\/#organization"},"potentialAction":[{"@type":"SearchAction","target":{"@type":"EntryPoint","urlTemplate":"https:\/\/homeofwool.com\/?s={search_term_string}"},"query-input":{"@type":"PropertyValueSpecification","valueRequired":true,"valueName":"search_term_string"}}],"inLanguage":"nb-NO"},{"@type":"Organization","@id":"https:\/\/homeofwool.com\/#organization","name":"Hjem til ull","url":"https:\/\/homeofwool.com\/","logo":{"@type":"ImageObject","inLanguage":"nb-NO","@id":"https:\/\/homeofwool.com\/#\/schema\/logo\/image\/","url":"https:\/\/homeofwool.com\/wp-content\/uploads\/2025\/09\/WhatsApp-Image-2025-12-02-at-16.23.20.jpeg","contentUrl":"https:\/\/homeofwool.com\/wp-content\/uploads\/2025\/09\/WhatsApp-Image-2025-12-02-at-16.23.20.jpeg","width":700,"height":247,"caption":"Home of Wool"},"image":{"@id":"https:\/\/homeofwool.com\/#\/schema\/logo\/image\/"},"sameAs":["https:\/\/facebook.com\/HomeOfWoolOfficial"]}]}},"_links":{"self":[{"href":"https:\/\/homeofwool.com\/nb\/wp-json\/wp\/v2\/product\/217671","targetHints":{"allow":["GET"]}}],"collection":[{"href":"https:\/\/homeofwool.com\/nb\/wp-json\/wp\/v2\/product"}],"about":[{"href":"https:\/\/homeofwool.com\/nb\/wp-json\/wp\/v2\/types\/product"}],"version-history":[{"count":2,"href":"https:\/\/homeofwool.com\/nb\/wp-json\/wp\/v2\/product\/217671\/revisions"}],"predecessor-version":[{"id":226295,"href":"https:\/\/homeofwool.com\/nb\/wp-json\/wp\/v2\/product\/217671\/revisions\/226295"}],"wp:featuredmedia":[{"embeddable":true,"href":"https:\/\/homeofwool.com\/nb\/wp-json\/wp\/v2\/media\/218606"}],"wp:attachment":[{"href":"https:\/\/homeofwool.com\/nb\/wp-json\/wp\/v2\/media?parent=217671"}],"wp:term":[{"taxonomy":"product_brand","embeddable":true,"href":"https:\/\/homeofwool.com\/nb\/wp-json\/wp\/v2\/product_brand?post=217671"},{"taxonomy":"product_cat","embeddable":true,"href":"https:\/\/homeofwool.com\/nb\/wp-json\/wp\/v2\/product_cat?post=217671"},{"taxonomy":"product_tag","embeddable":true,"href":"https:\/\/homeofwool.com\/nb\/wp-json\/wp\/v2\/product_tag?post=217671"}],"curies":[{"name":"wp","href":"https:\/\/api.w.org\/{rel}","templated":true}]}}