{"id":217653,"date":"2025-09-02T12:02:05","date_gmt":"2025-09-02T12:02:05","guid":{"rendered":"https:\/\/homeofwool.com\/?post_type=product&#038;p=217653"},"modified":"2026-02-10T17:24:28","modified_gmt":"2026-02-10T17:24:28","slug":"ottoman-kube","status":"publish","type":"product","link":"https:\/\/homeofwool.com\/nb\/shop\/ottoman-cube\/","title":{"rendered":"Ullfirkantet ottoman"},"content":{"rendered":"<p>Home of Wool-puffen er designet for \u00e5 passe enkelt inn i hverdagen din. I stuen gir den deg fleksibilitet med ekstra sitteplasser n\u00e5r du f\u00e5r gjester, eller du kan legge et brett p\u00e5 toppen og bruke den som et alternativ til et bord. P\u00e5 soverommet kan den fungere som nattbord. I gangen gir den deg et sted \u00e5 sitte og gj\u00f8r rommet innbydende.<\/p>\n<p>Fyllet er laget av \u00f8kologisk ull, som er pustende og st\u00f8ttende. Det er ogs\u00e5 motstandsdyktig mot st\u00f8vmidd og mugg. Det gj\u00f8r det spesielt godt egnet for alle med allergi. Det inneholder ingen VOC-stoffer og ingen brannhemmere, da ull er det beste naturlige materialet. En helt naturlig ottoman for ditt b\u00e6rekraftige hjem.<\/p>\n<p>Den slitesterke ullinnsatsen beholder formen over tid og ved bruk. Du kan justere fastheten ved \u00e5 legge til eller fjerne fyll gjennom glidel\u00e5sen. Trekkets kan vaskes for enkel vedlikehold. Hver ottoman er laget p\u00e5 bestilling med ditt valg av st\u00f8rrelse og stoff. Det er et multifunksjonelt m\u00f8bel som gir b\u00e5de komfort og stilig design.<\/p>","protected":false},"excerpt":{"rendered":"<p>Du kan bruke den i stuen, ha den ved sengen eller plassere den i gangen. Denne firkantede ottomanen passer perfekt hvor som helst i hjemmet. Som en bonus er den fylt med ren ull. I stuen kan den fungere som ekstra sitteplass eller et alternativ til et bord. P\u00e5 soverommet fungerer den som en myk benk ved fotenden av sengen, og i gangen bidrar den til \u00e5 l\u00f8fte innredningen med sitt stilige design og komfort.<\/p>\n<div class=\"global-icon-set\">\n<div class=\"global-icon-set__items\">\n<div class=\"global-icon-set__item\">\n<div class=\"global-icon-set__image\">\n                                    <img decoding=\"async\" src=\"https:\/\/homeofwool.com\/wp-content\/uploads\/2025\/09\/handmade-icon-300x300.png\" alt=\"h\u00e5ndlaget ikon\" \/>\n                                <\/div>\n<div class=\"global-icon-set__title\">H\u00e5ndlaget<\/div>\n<\/p><\/div>\n<div class=\"global-icon-set__item\">\n<div class=\"global-icon-set__image\">\n                                    <img decoding=\"async\" src=\"https:\/\/homeofwool.com\/wp-content\/uploads\/2025\/09\/VOCs-min-300x300.png\" alt=\"vocs gratis\" \/>\n                                <\/div>\n<div class=\"global-icon-set__title\">VOC-fri<\/div>\n<\/p><\/div>\n<div class=\"global-icon-set__item\">\n<div class=\"global-icon-set__image\">\n                                    <img decoding=\"async\" src=\"https:\/\/homeofwool.com\/wp-content\/uploads\/2025\/09\/FR-min-300x300.png\" alt=\"brannsikker ikon\" \/>\n                                <\/div>\n<div class=\"global-icon-set__title\">Flammebestandig<\/div>\n<\/p><\/div>\n<div class=\"global-icon-set__item\">\n<div class=\"global-icon-set__image\">\n                                    <img decoding=\"async\" src=\"https:\/\/homeofwool.com\/wp-content\/uploads\/2025\/09\/Hypoallergenic-min-300x300.png\" alt=\"allergivennlig ikon\" \/>\n                                <\/div>\n<div class=\"global-icon-set__title\">Allergivenlig<\/div>\n<\/p><\/div>\n<div class=\"global-icon-set__item\">\n<div class=\"global-icon-set__image\">\n                                    <img decoding=\"async\" src=\"https:\/\/homeofwool.com\/wp-content\/uploads\/2025\/09\/free-of-synthetics-icon-300x300.png\" alt=\"fri for syntetiske stoffer ikon\" \/>\n                                <\/div>\n<div class=\"global-icon-set__title\">Fri for syntetiske stoffer<\/div>\n<\/p><\/div>\n<div class=\"global-icon-set__item\">\n<div class=\"global-icon-set__image\">\n                                    <img decoding=\"async\" src=\"https:\/\/homeofwool.com\/wp-content\/uploads\/2025\/09\/chemical-free-icon-300x300.png\" alt=\"kjemikaliefritt ikon\" \/>\n                                <\/div>\n<div class=\"global-icon-set__title\">Kjemikaliefri<\/div>\n<\/p><\/div>\n<div class=\"global-icon-set__item\">\n<div class=\"global-icon-set__image\">\n                                    <img decoding=\"async\" src=\"https:\/\/homeofwool.com\/wp-content\/uploads\/2025\/09\/anti-bacterial-icon-300x300.png\" alt=\"antibakteriell ikon\" \/>\n                                <\/div>\n<div class=\"global-icon-set__title\">Antimikrobiell og antibakteriell<\/div>\n<\/p><\/div>\n<div class=\"global-icon-set__item\">\n<div class=\"global-icon-set__image\">\n                                    <img decoding=\"async\" src=\"https:\/\/homeofwool.com\/wp-content\/uploads\/2025\/09\/certified-materials-icon-300x300.png\" alt=\"ikon for sertifiserte materialer\" \/>\n                                <\/div>\n<div class=\"global-icon-set__title\">100% Rene sertifiserte materialer<\/div>\n<\/p><\/div>\n<\/p><\/div>\n<\/p><\/div>","protected":false},"featured_media":224586,"template":"","meta":{"_acf_changed":false},"product_brand":[],"product_cat":[20],"product_tag":[211,168,212,213,214,215,216,631,632,217,218,219,220,221,633,634,635,149],"class_list":{"0":"post-217653","1":"product","2":"type-product","3":"status-publish","4":"has-post-thumbnail","6":"product_cat-pillows-poufs","7":"product_tag-box-cushion","8":"product_tag-breakfast-nook","9":"product_tag-custom-pouf","10":"product_tag-floor-pillow","11":"product_tag-foot-stool","12":"product_tag-handmade-cushion","13":"product_tag-living-room-stool","14":"product_tag-morrocan-pouf","15":"product_tag-ottoman","16":"product_tag-ottoman-chair","17":"product_tag-ottoman-pouf","18":"product_tag-ottoman-seat","19":"product_tag-patio-chair-cushions","20":"product_tag-pouf-ottoman","21":"product_tag-rectangular-seat-cushion","22":"product_tag-square-cushion-ottoman","23":"product_tag-square-pouf","24":"product_tag-steps","26":"first","27":"instock","28":"shipping-taxable","29":"purchasable","30":"product-type-simple"},"acf":[],"yoast_head":"<!-- This site is optimized with the Yoast SEO Premium plugin v27.3 (Yoast SEO v27.3) - https:\/\/yoast.com\/product\/yoast-seo-premium-wordpress\/ -->\n<title>Square Ottoman \u2013 Stylish, Versatile &amp; Decorative | Home of Wool<\/title>\n<meta name=\"description\" content=\"The Square Ottoman features breathable wool filling for stylish comfort. Hypoallergenic and toxin-free, it provides sustainable, versatile seating with timeless natural design.\" \/>\n<meta name=\"robots\" content=\"index, follow, max-snippet:-1, max-image-preview:large, max-video-preview:-1\" \/>\n<link rel=\"canonical\" href=\"https:\/\/homeofwool.com\/nb\/butikk\/ottoman-kube\/\" \/>\n<meta property=\"og:locale\" content=\"nb_NO\" \/>\n<meta property=\"og:type\" content=\"article\" \/>\n<meta property=\"og:title\" content=\"Wool Square Ottoman\" \/>\n<meta property=\"og:description\" content=\"The Square Ottoman features breathable wool filling for stylish comfort. Hypoallergenic and toxin-free, it provides sustainable, versatile seating with timeless natural design.\" \/>\n<meta property=\"og:url\" content=\"https:\/\/homeofwool.com\/nb\/butikk\/ottoman-kube\/\" \/>\n<meta property=\"og:site_name\" content=\"Home of Wool\" \/>\n<meta property=\"article:publisher\" content=\"https:\/\/facebook.com\/HomeOfWoolOfficial\" \/>\n<meta property=\"article:modified_time\" content=\"2026-02-10T17:24:28+00:00\" \/>\n<meta property=\"og:image\" content=\"https:\/\/homeofwool.com\/wp-content\/uploads\/2025\/09\/home-of-wool-square-ottoman-main.jpg\" \/>\n\t<meta property=\"og:image:width\" content=\"1900\" \/>\n\t<meta property=\"og:image:height\" content=\"1520\" \/>\n\t<meta property=\"og:image:type\" content=\"image\/jpeg\" \/>\n<meta name=\"twitter:card\" content=\"summary_large_image\" \/>\n<meta name=\"twitter:label1\" content=\"Ansl. lesetid\" \/>\n\t<meta name=\"twitter:data1\" content=\"1 minutt\" \/>\n<script type=\"application\/ld+json\" class=\"yoast-schema-graph\">{\"@context\":\"https:\\\/\\\/schema.org\",\"@graph\":[{\"@type\":\"WebPage\",\"@id\":\"https:\\\/\\\/homeofwool.com\\\/shop\\\/ottoman-cube\\\/\",\"url\":\"https:\\\/\\\/homeofwool.com\\\/shop\\\/ottoman-cube\\\/\",\"name\":\"Square Ottoman \u2013 Stylish, Versatile & Decorative | Home of Wool\",\"isPartOf\":{\"@id\":\"https:\\\/\\\/homeofwool.com\\\/#website\"},\"primaryImageOfPage\":{\"@id\":\"https:\\\/\\\/homeofwool.com\\\/shop\\\/ottoman-cube\\\/#primaryimage\"},\"image\":{\"@id\":\"https:\\\/\\\/homeofwool.com\\\/shop\\\/ottoman-cube\\\/#primaryimage\"},\"thumbnailUrl\":\"https:\\\/\\\/homeofwool.com\\\/wp-content\\\/uploads\\\/2025\\\/09\\\/home-of-wool-square-ottoman-main.jpg\",\"datePublished\":\"2025-09-02T12:02:05+00:00\",\"dateModified\":\"2026-02-10T17:24:28+00:00\",\"description\":\"The Square Ottoman features breathable wool filling for stylish comfort. Hypoallergenic and toxin-free, it provides sustainable, versatile seating with timeless natural design.\",\"breadcrumb\":{\"@id\":\"https:\\\/\\\/homeofwool.com\\\/shop\\\/ottoman-cube\\\/#breadcrumb\"},\"inLanguage\":\"nb-NO\",\"potentialAction\":[{\"@type\":\"ReadAction\",\"target\":[\"https:\\\/\\\/homeofwool.com\\\/shop\\\/ottoman-cube\\\/\"]}]},{\"@type\":\"ImageObject\",\"inLanguage\":\"nb-NO\",\"@id\":\"https:\\\/\\\/homeofwool.com\\\/shop\\\/ottoman-cube\\\/#primaryimage\",\"url\":\"https:\\\/\\\/homeofwool.com\\\/wp-content\\\/uploads\\\/2025\\\/09\\\/home-of-wool-square-ottoman-main.jpg\",\"contentUrl\":\"https:\\\/\\\/homeofwool.com\\\/wp-content\\\/uploads\\\/2025\\\/09\\\/home-of-wool-square-ottoman-main.jpg\",\"width\":1900,\"height\":1520,\"caption\":\"home of wool square ottoman\"},{\"@type\":\"BreadcrumbList\",\"@id\":\"https:\\\/\\\/homeofwool.com\\\/shop\\\/ottoman-cube\\\/#breadcrumb\",\"itemListElement\":[{\"@type\":\"ListItem\",\"position\":1,\"name\":\"Home\",\"item\":\"https:\\\/\\\/homeofwool.com\\\/\"},{\"@type\":\"ListItem\",\"position\":2,\"name\":\"Products\",\"item\":\"https:\\\/\\\/homeofwool.com\\\/header-search-2\\\/\"},{\"@type\":\"ListItem\",\"position\":3,\"name\":\"Wool Square Ottoman\"}]},{\"@type\":\"WebSite\",\"@id\":\"https:\\\/\\\/homeofwool.com\\\/#website\",\"url\":\"https:\\\/\\\/homeofwool.com\\\/\",\"name\":\"Home of Wool\",\"description\":\"\",\"publisher\":{\"@id\":\"https:\\\/\\\/homeofwool.com\\\/#organization\"},\"potentialAction\":[{\"@type\":\"SearchAction\",\"target\":{\"@type\":\"EntryPoint\",\"urlTemplate\":\"https:\\\/\\\/homeofwool.com\\\/?s={search_term_string}\"},\"query-input\":{\"@type\":\"PropertyValueSpecification\",\"valueRequired\":true,\"valueName\":\"search_term_string\"}}],\"inLanguage\":\"nb-NO\"},{\"@type\":\"Organization\",\"@id\":\"https:\\\/\\\/homeofwool.com\\\/#organization\",\"name\":\"Home of Wool\",\"url\":\"https:\\\/\\\/homeofwool.com\\\/\",\"logo\":{\"@type\":\"ImageObject\",\"inLanguage\":\"nb-NO\",\"@id\":\"https:\\\/\\\/homeofwool.com\\\/#\\\/schema\\\/logo\\\/image\\\/\",\"url\":\"https:\\\/\\\/homeofwool.com\\\/wp-content\\\/uploads\\\/2025\\\/09\\\/WhatsApp-Image-2025-12-02-at-16.23.20.jpeg\",\"contentUrl\":\"https:\\\/\\\/homeofwool.com\\\/wp-content\\\/uploads\\\/2025\\\/09\\\/WhatsApp-Image-2025-12-02-at-16.23.20.jpeg\",\"width\":700,\"height\":247,\"caption\":\"Home of Wool\"},\"image\":{\"@id\":\"https:\\\/\\\/homeofwool.com\\\/#\\\/schema\\\/logo\\\/image\\\/\"},\"sameAs\":[\"https:\\\/\\\/facebook.com\\\/HomeOfWoolOfficial\"]}]}<\/script>\n<!-- \/ Yoast SEO Premium plugin. -->","yoast_head_json":{"title":"Firkantet ottoman \u2013 stilig, allsidig og dekorativ | Home of Wool","description":"Square Ottoman har pustende ullfyll for stilig komfort. Den er allergivennlig og giftfri, og gir b\u00e6rekraftig, allsidig sitteplass med tidl\u00f8s, naturlig design.","robots":{"index":"index","follow":"follow","max-snippet":"max-snippet:-1","max-image-preview":"max-image-preview:large","max-video-preview":"max-video-preview:-1"},"canonical":"https:\/\/homeofwool.com\/nb\/butikk\/ottoman-kube\/","og_locale":"nb_NO","og_type":"article","og_title":"Wool Square Ottoman","og_description":"The Square Ottoman features breathable wool filling for stylish comfort. Hypoallergenic and toxin-free, it provides sustainable, versatile seating with timeless natural design.","og_url":"https:\/\/homeofwool.com\/nb\/butikk\/ottoman-kube\/","og_site_name":"Home of Wool","article_publisher":"https:\/\/facebook.com\/HomeOfWoolOfficial","article_modified_time":"2026-02-10T17:24:28+00:00","og_image":[{"width":1900,"height":1520,"url":"https:\/\/homeofwool.com\/wp-content\/uploads\/2025\/09\/home-of-wool-square-ottoman-main.jpg","type":"image\/jpeg"}],"twitter_card":"summary_large_image","twitter_misc":{"Ansl. lesetid":"1 minutt"},"schema":{"@context":"https:\/\/schema.org","@graph":[{"@type":"WebPage","@id":"https:\/\/homeofwool.com\/shop\/ottoman-cube\/","url":"https:\/\/homeofwool.com\/shop\/ottoman-cube\/","name":"Firkantet ottoman \u2013 stilig, allsidig og dekorativ | Home of Wool","isPartOf":{"@id":"https:\/\/homeofwool.com\/#website"},"primaryImageOfPage":{"@id":"https:\/\/homeofwool.com\/shop\/ottoman-cube\/#primaryimage"},"image":{"@id":"https:\/\/homeofwool.com\/shop\/ottoman-cube\/#primaryimage"},"thumbnailUrl":"https:\/\/homeofwool.com\/wp-content\/uploads\/2025\/09\/home-of-wool-square-ottoman-main.jpg","datePublished":"2025-09-02T12:02:05+00:00","dateModified":"2026-02-10T17:24:28+00:00","description":"Square Ottoman har pustende ullfyll for stilig komfort. Den er allergivennlig og giftfri, og gir b\u00e6rekraftig, allsidig sitteplass med tidl\u00f8s, naturlig design.","breadcrumb":{"@id":"https:\/\/homeofwool.com\/shop\/ottoman-cube\/#breadcrumb"},"inLanguage":"nb-NO","potentialAction":[{"@type":"ReadAction","target":["https:\/\/homeofwool.com\/shop\/ottoman-cube\/"]}]},{"@type":"ImageObject","inLanguage":"nb-NO","@id":"https:\/\/homeofwool.com\/shop\/ottoman-cube\/#primaryimage","url":"https:\/\/homeofwool.com\/wp-content\/uploads\/2025\/09\/home-of-wool-square-ottoman-main.jpg","contentUrl":"https:\/\/homeofwool.com\/wp-content\/uploads\/2025\/09\/home-of-wool-square-ottoman-main.jpg","width":1900,"height":1520,"caption":"home of wool square ottoman"},{"@type":"BreadcrumbList","@id":"https:\/\/homeofwool.com\/shop\/ottoman-cube\/#breadcrumb","itemListElement":[{"@type":"ListItem","position":1,"name":"Home","item":"https:\/\/homeofwool.com\/"},{"@type":"ListItem","position":2,"name":"Products","item":"https:\/\/homeofwool.com\/header-search-2\/"},{"@type":"ListItem","position":3,"name":"Wool Square Ottoman"}]},{"@type":"WebSite","@id":"https:\/\/homeofwool.com\/#website","url":"https:\/\/homeofwool.com\/","name":"Hjem til ull","description":"","publisher":{"@id":"https:\/\/homeofwool.com\/#organization"},"potentialAction":[{"@type":"SearchAction","target":{"@type":"EntryPoint","urlTemplate":"https:\/\/homeofwool.com\/?s={search_term_string}"},"query-input":{"@type":"PropertyValueSpecification","valueRequired":true,"valueName":"search_term_string"}}],"inLanguage":"nb-NO"},{"@type":"Organization","@id":"https:\/\/homeofwool.com\/#organization","name":"Hjem til ull","url":"https:\/\/homeofwool.com\/","logo":{"@type":"ImageObject","inLanguage":"nb-NO","@id":"https:\/\/homeofwool.com\/#\/schema\/logo\/image\/","url":"https:\/\/homeofwool.com\/wp-content\/uploads\/2025\/09\/WhatsApp-Image-2025-12-02-at-16.23.20.jpeg","contentUrl":"https:\/\/homeofwool.com\/wp-content\/uploads\/2025\/09\/WhatsApp-Image-2025-12-02-at-16.23.20.jpeg","width":700,"height":247,"caption":"Home of Wool"},"image":{"@id":"https:\/\/homeofwool.com\/#\/schema\/logo\/image\/"},"sameAs":["https:\/\/facebook.com\/HomeOfWoolOfficial"]}]}},"_links":{"self":[{"href":"https:\/\/homeofwool.com\/nb\/wp-json\/wp\/v2\/product\/217653","targetHints":{"allow":["GET"]}}],"collection":[{"href":"https:\/\/homeofwool.com\/nb\/wp-json\/wp\/v2\/product"}],"about":[{"href":"https:\/\/homeofwool.com\/nb\/wp-json\/wp\/v2\/types\/product"}],"version-history":[{"count":2,"href":"https:\/\/homeofwool.com\/nb\/wp-json\/wp\/v2\/product\/217653\/revisions"}],"predecessor-version":[{"id":226696,"href":"https:\/\/homeofwool.com\/nb\/wp-json\/wp\/v2\/product\/217653\/revisions\/226696"}],"wp:featuredmedia":[{"embeddable":true,"href":"https:\/\/homeofwool.com\/nb\/wp-json\/wp\/v2\/media\/224586"}],"wp:attachment":[{"href":"https:\/\/homeofwool.com\/nb\/wp-json\/wp\/v2\/media?parent=217653"}],"wp:term":[{"taxonomy":"product_brand","embeddable":true,"href":"https:\/\/homeofwool.com\/nb\/wp-json\/wp\/v2\/product_brand?post=217653"},{"taxonomy":"product_cat","embeddable":true,"href":"https:\/\/homeofwool.com\/nb\/wp-json\/wp\/v2\/product_cat?post=217653"},{"taxonomy":"product_tag","embeddable":true,"href":"https:\/\/homeofwool.com\/nb\/wp-json\/wp\/v2\/product_tag?post=217653"}],"curies":[{"name":"wp","href":"https:\/\/api.w.org\/{rel}","templated":true}]}}