{"id":217648,"date":"2025-09-02T12:01:59","date_gmt":"2025-09-02T12:01:59","guid":{"rendered":"https:\/\/homeofwool.com\/?post_type=product&#038;p=217648"},"modified":"2026-01-26T14:41:10","modified_gmt":"2026-01-26T14:41:10","slug":"topperprove","status":"publish","type":"product","link":"https:\/\/homeofwool.com\/nb\/shop\/topper-sample\/","title":{"rendered":"Ullmadrassovertrekk med gratis madrassbeskytter"},"content":{"rendered":"<p>\u00c5 velge riktig topper er en personlig sak, og derfor tilbyr vi en pr\u00f8ve p\u00e5 madrass-topperen som lar deg oppleve kvaliteten f\u00f8r du bestemmer deg. Denne pr\u00f8ven p\u00e5 madrass-topperen er laget akkurat som den fullstendige versjonen, slik at du kan kjenne ullfyllet, s\u00f8mmene og finishen med hendene. Du kan \u00e5pne glidel\u00e5sen p\u00e5 sidene for \u00e5 utforske fyllingen og f\u00f8le hvordan ullen tilpasser seg og st\u00f8tter deg uten \u00e5 holde p\u00e5 varmen. Linnetr\u00e5den holder ullen pent p\u00e5 plass, slik at du kan se hvordan vi lager overmadrasser som holder seg jevne og st\u00f8ttende.<\/p>\n<p>Med den medf\u00f8lgende madrassbeskytteren f\u00e5r du ogs\u00e5 muligheten til \u00e5 teste det pustende, kjemikaliefrie laget som beskytter madrassovertrekket ditt og holder s\u00f8vnmilj\u00f8et ditt friskt. Det er en gjennomtenkt m\u00e5te \u00e5 pr\u00f8ve f\u00f8r du bestemmer deg, spesielt hvis du har f\u00f8lsomhet, allergier eller bare setter pris p\u00e5 \u00e5 vite n\u00f8yaktig hva som kommer i kontakt med huden din.<\/p>\n<p>N\u00e5r du bestiller din f\u00f8rste topper, refunderer vi kostnaden for \u00e9n pr\u00f8ve.<\/p>\n<p>ST\u00d8RRELSE: 40 x 40 cm<\/p>","protected":false},"excerpt":{"rendered":"<p>Pr\u00f8v f\u00f8lelsen av v\u00e5re helt naturlige overmadrasser med denne pr\u00f8ven p\u00e5 overmadrass. Den er laget i en st\u00f8rrelse som gj\u00f8r den enkel \u00e5 teste, slik at du kan utforske stoffene, justerbarheten og komforten f\u00f8r du bestemmer deg. Hvert sett inneholder ogs\u00e5 en gratis pr\u00f8ve p\u00e5 madrassbeskytter.<\/p>\n<div class=\"global-icon-set\">\n<div class=\"global-icon-set__items\">\n<div class=\"global-icon-set__item\">\n<div class=\"global-icon-set__image\">\n                                    <img decoding=\"async\" src=\"https:\/\/homeofwool.com\/wp-content\/uploads\/2025\/09\/handmade-icon-300x300.png\" alt=\"h\u00e5ndlaget ikon\" \/>\n                                <\/div>\n<div class=\"global-icon-set__title\">H\u00e5ndlaget<\/div>\n<\/p><\/div>\n<div class=\"global-icon-set__item\">\n<div class=\"global-icon-set__image\">\n                                    <img decoding=\"async\" src=\"https:\/\/homeofwool.com\/wp-content\/uploads\/2025\/09\/Isolates-Motion-Transfer-min-300x300.png\" alt=\"isolerer bevegelsesoverf\u00f8ring\" \/>\n                                <\/div>\n<div class=\"global-icon-set__title\">Isolerer bevegelsesoverf\u00f8ring<\/div>\n<\/p><\/div>\n<div class=\"global-icon-set__item\">\n<div class=\"global-icon-set__image\">\n                                    <img decoding=\"async\" src=\"https:\/\/homeofwool.com\/wp-content\/uploads\/2025\/09\/Exceptionally-Supportive-min-300x300.png\" alt=\"eksepsjonelt st\u00f8ttende ikon\" \/>\n                                <\/div>\n<div class=\"global-icon-set__title\">Eksepsjonelt st\u00f8ttende<\/div>\n<\/p><\/div>\n<div class=\"global-icon-set__item\">\n<div class=\"global-icon-set__image\">\n                                    <img decoding=\"async\" src=\"https:\/\/homeofwool.com\/wp-content\/uploads\/2025\/09\/VOCs-min-300x300.png\" alt=\"vocs gratis\" \/>\n                                <\/div>\n<div class=\"global-icon-set__title\">VOC-fri<\/div>\n<\/p><\/div>\n<div class=\"global-icon-set__item\">\n<div class=\"global-icon-set__image\">\n                                    <img decoding=\"async\" src=\"https:\/\/homeofwool.com\/wp-content\/uploads\/2025\/09\/FR-min-300x300.png\" alt=\"brannsikker ikon\" \/>\n                                <\/div>\n<div class=\"global-icon-set__title\">Flammebestandig<\/div>\n<\/p><\/div>\n<div class=\"global-icon-set__item\">\n<div class=\"global-icon-set__image\">\n                                    <img decoding=\"async\" src=\"https:\/\/homeofwool.com\/wp-content\/uploads\/2025\/09\/Hypoallergenic-min-300x300.png\" alt=\"allergivennlig ikon\" \/>\n                                <\/div>\n<div class=\"global-icon-set__title\">Allergivenlig<\/div>\n<\/p><\/div>\n<div class=\"global-icon-set__item\">\n<div class=\"global-icon-set__image\">\n                                    <img decoding=\"async\" src=\"https:\/\/homeofwool.com\/wp-content\/uploads\/2025\/09\/free-of-synthetics-icon-300x300.png\" alt=\"fri for syntetiske stoffer ikon\" \/>\n                                <\/div>\n<div class=\"global-icon-set__title\">Fri for syntetiske stoffer<\/div>\n<\/p><\/div>\n<div class=\"global-icon-set__item\">\n<div class=\"global-icon-set__image\">\n                                    <img decoding=\"async\" src=\"https:\/\/homeofwool.com\/wp-content\/uploads\/2025\/09\/chemical-free-icon-300x300.png\" alt=\"kjemikaliefritt ikon\" \/>\n                                <\/div>\n<div class=\"global-icon-set__title\">Kjemikaliefri<\/div>\n<\/p><\/div>\n<div class=\"global-icon-set__item\">\n<div class=\"global-icon-set__image\">\n                                    <img decoding=\"async\" src=\"https:\/\/homeofwool.com\/wp-content\/uploads\/2025\/09\/anti-bacterial-icon-300x300.png\" alt=\"antibakteriell ikon\" \/>\n                                <\/div>\n<div class=\"global-icon-set__title\">Antimikrobiell og antibakteriell<\/div>\n<\/p><\/div>\n<div class=\"global-icon-set__item\">\n<div class=\"global-icon-set__image\">\n                                    <img decoding=\"async\" src=\"https:\/\/homeofwool.com\/wp-content\/uploads\/2025\/09\/certified-materials-icon-300x300.png\" alt=\"ikon for sertifiserte materialer\" \/>\n                                <\/div>\n<div class=\"global-icon-set__title\">100% Rene sertifiserte materialer<\/div>\n<\/p><\/div>\n<\/p><\/div>\n<\/p><\/div>","protected":false},"featured_media":227157,"template":"","meta":{"_acf_changed":false},"product_brand":[],"product_cat":[557,253,388],"product_tag":[616,617,618],"class_list":{"0":"post-217648","1":"product","2":"type-product","3":"status-publish","4":"has-post-thumbnail","6":"product_cat-new","7":"product_cat-product-samples","8":"product_cat-toppers","9":"product_tag-organic-top-mattress","10":"product_tag-organic-topper","11":"product_tag-wool-topper","13":"first","14":"instock","15":"shipping-taxable","16":"purchasable","17":"product-type-variable"},"acf":[],"yoast_head":"<!-- This site is optimized with the Yoast SEO Premium plugin v27.3 (Yoast SEO v27.3) - https:\/\/yoast.com\/product\/yoast-seo-premium-wordpress\/ -->\n<title>Mattress Topper Sample \u2013 Try Before Buying | Home of Wool<\/title>\n<meta name=\"description\" content=\"Try organic comfort first with the Wool Mattress Topper Sample. Breathable, hypoallergenic, and toxin-free, it lets you test sustainable sleep before choosing the full-size version.\" \/>\n<meta name=\"robots\" content=\"index, follow, max-snippet:-1, max-image-preview:large, max-video-preview:-1\" \/>\n<link rel=\"canonical\" href=\"https:\/\/homeofwool.com\/nb\/butikk\/topperprove\/\" \/>\n<meta property=\"og:locale\" content=\"nb_NO\" \/>\n<meta property=\"og:type\" content=\"article\" \/>\n<meta property=\"og:title\" content=\"Wool Mattress Topper Sample with Free Mattress Protector Sample\" \/>\n<meta property=\"og:description\" content=\"Try organic comfort first with the Wool Mattress Topper Sample. Breathable, hypoallergenic, and toxin-free, it lets you test sustainable sleep before choosing the full-size version.\" \/>\n<meta property=\"og:url\" content=\"https:\/\/homeofwool.com\/nb\/butikk\/topperprove\/\" \/>\n<meta property=\"og:site_name\" content=\"Home of Wool\" \/>\n<meta property=\"article:publisher\" content=\"https:\/\/facebook.com\/HomeOfWoolOfficial\" \/>\n<meta property=\"article:modified_time\" content=\"2026-01-26T14:41:10+00:00\" \/>\n<meta property=\"og:image\" content=\"https:\/\/homeofwool.com\/wp-content\/uploads\/2025\/09\/ome-of-wool-wool-mattress-topper-sample-with-free-mattress-protector-sample-MAIN.jpg\" \/>\n\t<meta property=\"og:image:width\" content=\"1920\" \/>\n\t<meta property=\"og:image:height\" content=\"1536\" \/>\n\t<meta property=\"og:image:type\" content=\"image\/jpeg\" \/>\n<meta name=\"twitter:card\" content=\"summary_large_image\" \/>\n<meta name=\"twitter:label1\" content=\"Ansl. lesetid\" \/>\n\t<meta name=\"twitter:data1\" content=\"1 minutt\" \/>\n<script type=\"application\/ld+json\" class=\"yoast-schema-graph\">{\"@context\":\"https:\\\/\\\/schema.org\",\"@graph\":[{\"@type\":\"WebPage\",\"@id\":\"https:\\\/\\\/homeofwool.com\\\/shop\\\/topper-sample\\\/\",\"url\":\"https:\\\/\\\/homeofwool.com\\\/shop\\\/topper-sample\\\/\",\"name\":\"Mattress Topper Sample \u2013 Try Before Buying | Home of Wool\",\"isPartOf\":{\"@id\":\"https:\\\/\\\/homeofwool.com\\\/#website\"},\"primaryImageOfPage\":{\"@id\":\"https:\\\/\\\/homeofwool.com\\\/shop\\\/topper-sample\\\/#primaryimage\"},\"image\":{\"@id\":\"https:\\\/\\\/homeofwool.com\\\/shop\\\/topper-sample\\\/#primaryimage\"},\"thumbnailUrl\":\"https:\\\/\\\/homeofwool.com\\\/wp-content\\\/uploads\\\/2025\\\/09\\\/ome-of-wool-wool-mattress-topper-sample-with-free-mattress-protector-sample-MAIN.jpg\",\"datePublished\":\"2025-09-02T12:01:59+00:00\",\"dateModified\":\"2026-01-26T14:41:10+00:00\",\"description\":\"Try organic comfort first with the Wool Mattress Topper Sample. Breathable, hypoallergenic, and toxin-free, it lets you test sustainable sleep before choosing the full-size version.\",\"breadcrumb\":{\"@id\":\"https:\\\/\\\/homeofwool.com\\\/shop\\\/topper-sample\\\/#breadcrumb\"},\"inLanguage\":\"nb-NO\",\"potentialAction\":[{\"@type\":\"ReadAction\",\"target\":[\"https:\\\/\\\/homeofwool.com\\\/shop\\\/topper-sample\\\/\"]}]},{\"@type\":\"ImageObject\",\"inLanguage\":\"nb-NO\",\"@id\":\"https:\\\/\\\/homeofwool.com\\\/shop\\\/topper-sample\\\/#primaryimage\",\"url\":\"https:\\\/\\\/homeofwool.com\\\/wp-content\\\/uploads\\\/2025\\\/09\\\/ome-of-wool-wool-mattress-topper-sample-with-free-mattress-protector-sample-MAIN.jpg\",\"contentUrl\":\"https:\\\/\\\/homeofwool.com\\\/wp-content\\\/uploads\\\/2025\\\/09\\\/ome-of-wool-wool-mattress-topper-sample-with-free-mattress-protector-sample-MAIN.jpg\",\"width\":1920,\"height\":1536,\"caption\":\"wool mattress topper sample\"},{\"@type\":\"BreadcrumbList\",\"@id\":\"https:\\\/\\\/homeofwool.com\\\/shop\\\/topper-sample\\\/#breadcrumb\",\"itemListElement\":[{\"@type\":\"ListItem\",\"position\":1,\"name\":\"Home\",\"item\":\"https:\\\/\\\/homeofwool.com\\\/\"},{\"@type\":\"ListItem\",\"position\":2,\"name\":\"Products\",\"item\":\"https:\\\/\\\/homeofwool.com\\\/header-search-2\\\/\"},{\"@type\":\"ListItem\",\"position\":3,\"name\":\"Wool Mattress Topper Sample with Free Mattress Protector Sample\"}]},{\"@type\":\"WebSite\",\"@id\":\"https:\\\/\\\/homeofwool.com\\\/#website\",\"url\":\"https:\\\/\\\/homeofwool.com\\\/\",\"name\":\"Home of Wool\",\"description\":\"\",\"publisher\":{\"@id\":\"https:\\\/\\\/homeofwool.com\\\/#organization\"},\"potentialAction\":[{\"@type\":\"SearchAction\",\"target\":{\"@type\":\"EntryPoint\",\"urlTemplate\":\"https:\\\/\\\/homeofwool.com\\\/?s={search_term_string}\"},\"query-input\":{\"@type\":\"PropertyValueSpecification\",\"valueRequired\":true,\"valueName\":\"search_term_string\"}}],\"inLanguage\":\"nb-NO\"},{\"@type\":\"Organization\",\"@id\":\"https:\\\/\\\/homeofwool.com\\\/#organization\",\"name\":\"Home of Wool\",\"url\":\"https:\\\/\\\/homeofwool.com\\\/\",\"logo\":{\"@type\":\"ImageObject\",\"inLanguage\":\"nb-NO\",\"@id\":\"https:\\\/\\\/homeofwool.com\\\/#\\\/schema\\\/logo\\\/image\\\/\",\"url\":\"https:\\\/\\\/homeofwool.com\\\/wp-content\\\/uploads\\\/2025\\\/09\\\/WhatsApp-Image-2025-12-02-at-16.23.20.jpeg\",\"contentUrl\":\"https:\\\/\\\/homeofwool.com\\\/wp-content\\\/uploads\\\/2025\\\/09\\\/WhatsApp-Image-2025-12-02-at-16.23.20.jpeg\",\"width\":700,\"height\":247,\"caption\":\"Home of Wool\"},\"image\":{\"@id\":\"https:\\\/\\\/homeofwool.com\\\/#\\\/schema\\\/logo\\\/image\\\/\"},\"sameAs\":[\"https:\\\/\\\/facebook.com\\\/HomeOfWoolOfficial\"]}]}<\/script>\n<!-- \/ Yoast SEO Premium plugin. -->","yoast_head_json":{"title":"Madrassovertrekkpr\u00f8ve \u2013 Pr\u00f8v f\u00f8r du kj\u00f8per | Home of Wool","description":"Pr\u00f8v f\u00f8rst \u00f8kologisk komfort med pr\u00f8ven p\u00e5 ullmadrassovertrekket. Det er pustende, allergivennlig og giftfritt, og lar deg teste b\u00e6rekraftig s\u00f8vn f\u00f8r du velger fullst\u00f8rrelsesversjonen.","robots":{"index":"index","follow":"follow","max-snippet":"max-snippet:-1","max-image-preview":"max-image-preview:large","max-video-preview":"max-video-preview:-1"},"canonical":"https:\/\/homeofwool.com\/nb\/butikk\/topperprove\/","og_locale":"nb_NO","og_type":"article","og_title":"Wool Mattress Topper Sample with Free Mattress Protector Sample","og_description":"Try organic comfort first with the Wool Mattress Topper Sample. Breathable, hypoallergenic, and toxin-free, it lets you test sustainable sleep before choosing the full-size version.","og_url":"https:\/\/homeofwool.com\/nb\/butikk\/topperprove\/","og_site_name":"Home of Wool","article_publisher":"https:\/\/facebook.com\/HomeOfWoolOfficial","article_modified_time":"2026-01-26T14:41:10+00:00","og_image":[{"width":1920,"height":1536,"url":"https:\/\/homeofwool.com\/wp-content\/uploads\/2025\/09\/ome-of-wool-wool-mattress-topper-sample-with-free-mattress-protector-sample-MAIN.jpg","type":"image\/jpeg"}],"twitter_card":"summary_large_image","twitter_misc":{"Ansl. lesetid":"1 minutt"},"schema":{"@context":"https:\/\/schema.org","@graph":[{"@type":"WebPage","@id":"https:\/\/homeofwool.com\/shop\/topper-sample\/","url":"https:\/\/homeofwool.com\/shop\/topper-sample\/","name":"Madrassovertrekkpr\u00f8ve \u2013 Pr\u00f8v f\u00f8r du kj\u00f8per | Home of Wool","isPartOf":{"@id":"https:\/\/homeofwool.com\/#website"},"primaryImageOfPage":{"@id":"https:\/\/homeofwool.com\/shop\/topper-sample\/#primaryimage"},"image":{"@id":"https:\/\/homeofwool.com\/shop\/topper-sample\/#primaryimage"},"thumbnailUrl":"https:\/\/homeofwool.com\/wp-content\/uploads\/2025\/09\/ome-of-wool-wool-mattress-topper-sample-with-free-mattress-protector-sample-MAIN.jpg","datePublished":"2025-09-02T12:01:59+00:00","dateModified":"2026-01-26T14:41:10+00:00","description":"Pr\u00f8v f\u00f8rst \u00f8kologisk komfort med pr\u00f8ven p\u00e5 ullmadrassovertrekket. Det er pustende, allergivennlig og giftfritt, og lar deg teste b\u00e6rekraftig s\u00f8vn f\u00f8r du velger fullst\u00f8rrelsesversjonen.","breadcrumb":{"@id":"https:\/\/homeofwool.com\/shop\/topper-sample\/#breadcrumb"},"inLanguage":"nb-NO","potentialAction":[{"@type":"ReadAction","target":["https:\/\/homeofwool.com\/shop\/topper-sample\/"]}]},{"@type":"ImageObject","inLanguage":"nb-NO","@id":"https:\/\/homeofwool.com\/shop\/topper-sample\/#primaryimage","url":"https:\/\/homeofwool.com\/wp-content\/uploads\/2025\/09\/ome-of-wool-wool-mattress-topper-sample-with-free-mattress-protector-sample-MAIN.jpg","contentUrl":"https:\/\/homeofwool.com\/wp-content\/uploads\/2025\/09\/ome-of-wool-wool-mattress-topper-sample-with-free-mattress-protector-sample-MAIN.jpg","width":1920,"height":1536,"caption":"wool mattress topper sample"},{"@type":"BreadcrumbList","@id":"https:\/\/homeofwool.com\/shop\/topper-sample\/#breadcrumb","itemListElement":[{"@type":"ListItem","position":1,"name":"Home","item":"https:\/\/homeofwool.com\/"},{"@type":"ListItem","position":2,"name":"Products","item":"https:\/\/homeofwool.com\/header-search-2\/"},{"@type":"ListItem","position":3,"name":"Wool Mattress Topper Sample with Free Mattress Protector Sample"}]},{"@type":"WebSite","@id":"https:\/\/homeofwool.com\/#website","url":"https:\/\/homeofwool.com\/","name":"Hjem til ull","description":"","publisher":{"@id":"https:\/\/homeofwool.com\/#organization"},"potentialAction":[{"@type":"SearchAction","target":{"@type":"EntryPoint","urlTemplate":"https:\/\/homeofwool.com\/?s={search_term_string}"},"query-input":{"@type":"PropertyValueSpecification","valueRequired":true,"valueName":"search_term_string"}}],"inLanguage":"nb-NO"},{"@type":"Organization","@id":"https:\/\/homeofwool.com\/#organization","name":"Hjem til ull","url":"https:\/\/homeofwool.com\/","logo":{"@type":"ImageObject","inLanguage":"nb-NO","@id":"https:\/\/homeofwool.com\/#\/schema\/logo\/image\/","url":"https:\/\/homeofwool.com\/wp-content\/uploads\/2025\/09\/WhatsApp-Image-2025-12-02-at-16.23.20.jpeg","contentUrl":"https:\/\/homeofwool.com\/wp-content\/uploads\/2025\/09\/WhatsApp-Image-2025-12-02-at-16.23.20.jpeg","width":700,"height":247,"caption":"Home of Wool"},"image":{"@id":"https:\/\/homeofwool.com\/#\/schema\/logo\/image\/"},"sameAs":["https:\/\/facebook.com\/HomeOfWoolOfficial"]}]}},"_links":{"self":[{"href":"https:\/\/homeofwool.com\/nb\/wp-json\/wp\/v2\/product\/217648","targetHints":{"allow":["GET"]}}],"collection":[{"href":"https:\/\/homeofwool.com\/nb\/wp-json\/wp\/v2\/product"}],"about":[{"href":"https:\/\/homeofwool.com\/nb\/wp-json\/wp\/v2\/types\/product"}],"version-history":[{"count":2,"href":"https:\/\/homeofwool.com\/nb\/wp-json\/wp\/v2\/product\/217648\/revisions"}],"predecessor-version":[{"id":226366,"href":"https:\/\/homeofwool.com\/nb\/wp-json\/wp\/v2\/product\/217648\/revisions\/226366"}],"wp:featuredmedia":[{"embeddable":true,"href":"https:\/\/homeofwool.com\/nb\/wp-json\/wp\/v2\/media\/227157"}],"wp:attachment":[{"href":"https:\/\/homeofwool.com\/nb\/wp-json\/wp\/v2\/media?parent=217648"}],"wp:term":[{"taxonomy":"product_brand","embeddable":true,"href":"https:\/\/homeofwool.com\/nb\/wp-json\/wp\/v2\/product_brand?post=217648"},{"taxonomy":"product_cat","embeddable":true,"href":"https:\/\/homeofwool.com\/nb\/wp-json\/wp\/v2\/product_cat?post=217648"},{"taxonomy":"product_tag","embeddable":true,"href":"https:\/\/homeofwool.com\/nb\/wp-json\/wp\/v2\/product_tag?post=217648"}],"curies":[{"name":"wp","href":"https:\/\/api.w.org\/{rel}","templated":true}]}}