{"id":217585,"date":"2025-09-02T12:01:16","date_gmt":"2025-09-02T12:01:16","guid":{"rendered":"https:\/\/homeofwool.com\/?post_type=product&#038;p=217585"},"modified":"2026-03-10T08:45:32","modified_gmt":"2026-03-10T08:45:32","slug":"ikke-tuftet-hodegjerdeput","status":"publish","type":"product","link":"https:\/\/homeofwool.com\/nb\/shop\/non-tufted-headboard-cushion\/","title":{"rendered":"Hodegjerdepute med avtakbart trekk"},"content":{"rendered":"<p>Denne h\u00e5ndlagde hodegjerdepute er et mykere og sunnere alternativ til et standard hodegjerde. Den er fylt med ren ull og omsluttet av \u00f8kologisk bomull, lin eller ull etter eget valg, og gir pustende komfort i alle \u00e5rstider. Ullfyllet er allergivennlig og motstandsdyktig mot st\u00f8vmidd og bakterier. Det er ogs\u00e5 fritt for kjemikalier. Det sikreste valget for sensitive sovende. Hver hodegjerdepute er fullt tilpasset, designet for \u00e5 passe til din sengest\u00f8rrelse og dine preferanser for festing.<\/p>\n<p>Festemulighetene gir deg fleksibilitet for alle typer soveromsdesign:<\/p>\n<p><strong>Lomme<\/strong>: Lett \u00e5 trekke over rektangul\u00e6re hodegjerder. N\u00e5r du velger h\u00f8yden p\u00e5 puten, er det best \u00e5 legge puten p\u00e5 madrassen og m\u00e5le avstanden fra madrassen til toppen av hodegjerde.<\/p>\n<p><strong>Slips<\/strong>: Enkel \u00e5 feste til en stang p\u00e5 veggen eller et hodegjerde med en horisontal stangdesign p\u00e5 toppen. 20 cm lange par med b\u00e5nd, plassert med 15\u201320 cm avstand. Kroker er ikke inkludert.<\/p>\n<p><strong>Stang<\/strong>: Best egnet for senger uten hodegjerde. Du trenger bare \u00e5 montere 2 (for enkeltsenger) eller 4 (for dobbeltsenger) kroker p\u00e5 veggen. Vi leverer stangen, du leverer krokene, siden disse er spesifikke for den type vegg du har. Krokene m\u00e5 passe til en stang med en diameter p\u00e5 12 mm (1\/2\u201d).<\/p>\n<p><strong>Sm\u00e5 faner<\/strong>: Enkel \u00e5 skyve over alle typer stenger, uansett diameter. Stang er ikke inkludert.<\/p>\n<p><strong>Store faner<\/strong>: Enkel \u00e5 skyve over alle typer stenger, uansett diameter. Stang er ikke inkludert.<\/p>\n<p>Det vaskbare, avtakbare trekket gj\u00f8r det praktisk og enkelt \u00e5 vedlikeholde. Dette putepolstret hodegjerde er laget uten syntetiske materialer eller flammehemmere, og kombinerer komfort, funksjonalitet og b\u00e6rekraft.<\/p>","protected":false},"excerpt":{"rendered":"<p>Den h\u00e5ndlagde hodegjerdepute er designet for \u00e5 gi sengen din naturlig komfort og pustende st\u00f8tte. Den er laget av \u00f8kologiske stoffer med fyll av ren ull, og fungerer som et mykt putehodegjerde med avtakbart trekk for enkel vedlikehold. Hvert produkt er skreddersydd etter sengens st\u00f8rrelse og oppsett.<\/p>\n<div class=\"global-icon-set\">\n<div class=\"global-icon-set__items\">\n<div class=\"global-icon-set__item\">\n<div class=\"global-icon-set__image\">\n                                    <img decoding=\"async\" src=\"https:\/\/homeofwool.com\/wp-content\/uploads\/2025\/09\/handmade-icon-300x300.png\" alt=\"h\u00e5ndlaget ikon\" \/>\n                                <\/div>\n<div class=\"global-icon-set__title\">H\u00e5ndlaget<\/div>\n<\/p><\/div>\n<div class=\"global-icon-set__item\">\n<div class=\"global-icon-set__image\">\n                                    <img decoding=\"async\" src=\"https:\/\/homeofwool.com\/wp-content\/uploads\/2025\/09\/VOCs-min-300x300.png\" alt=\"vocs gratis\" \/>\n                                <\/div>\n<div class=\"global-icon-set__title\">VOC-fri<\/div>\n<\/p><\/div>\n<div class=\"global-icon-set__item\">\n<div class=\"global-icon-set__image\">\n                                    <img decoding=\"async\" src=\"https:\/\/homeofwool.com\/wp-content\/uploads\/2025\/09\/FR-min-300x300.png\" alt=\"brannsikker ikon\" \/>\n                                <\/div>\n<div class=\"global-icon-set__title\">Flammebestandig<\/div>\n<\/p><\/div>\n<div class=\"global-icon-set__item\">\n<div class=\"global-icon-set__image\">\n                                    <img decoding=\"async\" src=\"https:\/\/homeofwool.com\/wp-content\/uploads\/2025\/09\/Hypoallergenic-min-300x300.png\" alt=\"allergivennlig ikon\" \/>\n                                <\/div>\n<div class=\"global-icon-set__title\">Allergivenlig<\/div>\n<\/p><\/div>\n<div class=\"global-icon-set__item\">\n<div class=\"global-icon-set__image\">\n                                    <img decoding=\"async\" src=\"https:\/\/homeofwool.com\/wp-content\/uploads\/2025\/09\/free-of-synthetics-icon-300x300.png\" alt=\"fri for syntetiske stoffer ikon\" \/>\n                                <\/div>\n<div class=\"global-icon-set__title\">Fri for syntetiske stoffer<\/div>\n<\/p><\/div>\n<div class=\"global-icon-set__item\">\n<div class=\"global-icon-set__image\">\n                                    <img decoding=\"async\" src=\"https:\/\/homeofwool.com\/wp-content\/uploads\/2025\/09\/chemical-free-icon-300x300.png\" alt=\"kjemikaliefritt ikon\" \/>\n                                <\/div>\n<div class=\"global-icon-set__title\">Kjemikaliefri<\/div>\n<\/p><\/div>\n<div class=\"global-icon-set__item\">\n<div class=\"global-icon-set__image\">\n                                    <img decoding=\"async\" src=\"https:\/\/homeofwool.com\/wp-content\/uploads\/2025\/09\/anti-bacterial-icon-300x300.png\" alt=\"antibakteriell ikon\" \/>\n                                <\/div>\n<div class=\"global-icon-set__title\">Antimikrobiell og antibakteriell<\/div>\n<\/p><\/div>\n<div class=\"global-icon-set__item\">\n<div class=\"global-icon-set__image\">\n                                    <img decoding=\"async\" src=\"https:\/\/homeofwool.com\/wp-content\/uploads\/2025\/09\/certified-materials-icon-300x300.png\" alt=\"ikon for sertifiserte materialer\" \/>\n                                <\/div>\n<div class=\"global-icon-set__title\">100% Rene sertifiserte materialer<\/div>\n<\/p><\/div>\n<\/p><\/div>\n<\/p><\/div>","protected":false},"featured_media":219731,"template":"","meta":{"_acf_changed":false},"product_brand":[],"product_cat":[30,396],"product_tag":[397,398,399,400,401,405,402,403,149],"class_list":{"0":"post-217585","1":"product","2":"type-product","3":"status-publish","4":"has-post-thumbnail","6":"product_cat-cushions","7":"product_cat-headboard-cushions","8":"product_tag-bed-headrest-pillow","9":"product_tag-buttoned-headboard","10":"product_tag-cushions-for-headboards","11":"product_tag-headboard-cover","12":"product_tag-headboard-cushion-design","13":"product_tag-headboard-cushion-for-wall","14":"product_tag-headboard-cushion-wall-pillow","15":"product_tag-headboard-cushion-with-ties","16":"product_tag-steps","18":"first","19":"instock","20":"shipping-taxable","21":"purchasable","22":"product-type-simple"},"acf":[],"yoast_head":"<!-- This site is optimized with the Yoast SEO Premium plugin v27.3 (Yoast SEO v27.3) - https:\/\/yoast.com\/product\/yoast-seo-premium-wordpress\/ -->\n<title>Headboard Pillow &amp; Cover \u2013 Custom Cushion Headboard | Home of Wool<\/title>\n<meta name=\"description\" content=\"Supportive and stylish, the Headboard Pillow &amp; Cover uses breathable wool filling. Hypoallergenic and toxin-free, it delivers sustainable, customizable comfort for bedroom design.\" \/>\n<meta name=\"robots\" content=\"index, follow, max-snippet:-1, max-image-preview:large, max-video-preview:-1\" \/>\n<link rel=\"canonical\" href=\"https:\/\/homeofwool.com\/nb\/butikk\/ikke-tuftet-hodegjerdeput\/\" \/>\n<meta property=\"og:locale\" content=\"nb_NO\" \/>\n<meta property=\"og:type\" content=\"article\" \/>\n<meta property=\"og:title\" content=\"Headboard Pillow with Removable Cover\" \/>\n<meta property=\"og:description\" content=\"Supportive and stylish, the Headboard Pillow &amp; Cover uses breathable wool filling. Hypoallergenic and toxin-free, it delivers sustainable, customizable comfort for bedroom design.\" \/>\n<meta property=\"og:url\" content=\"https:\/\/homeofwool.com\/nb\/butikk\/ikke-tuftet-hodegjerdeput\/\" \/>\n<meta property=\"og:site_name\" content=\"Home of Wool\" \/>\n<meta property=\"article:publisher\" content=\"https:\/\/facebook.com\/HomeOfWoolOfficial\" \/>\n<meta property=\"article:modified_time\" content=\"2026-03-10T08:45:32+00:00\" \/>\n<meta property=\"og:image\" content=\"https:\/\/homeofwool.com\/wp-content\/uploads\/2025\/09\/home-of-wool-headboard-pillow-with-removable-cover-1-main.jpg\" \/>\n\t<meta property=\"og:image:width\" content=\"2000\" \/>\n\t<meta property=\"og:image:height\" content=\"1600\" \/>\n\t<meta property=\"og:image:type\" content=\"image\/jpeg\" \/>\n<meta name=\"twitter:card\" content=\"summary_large_image\" \/>\n<meta name=\"twitter:label1\" content=\"Ansl. lesetid\" \/>\n\t<meta name=\"twitter:data1\" content=\"2 minutter\" \/>\n<script type=\"application\/ld+json\" class=\"yoast-schema-graph\">{\"@context\":\"https:\\\/\\\/schema.org\",\"@graph\":[{\"@type\":\"WebPage\",\"@id\":\"https:\\\/\\\/homeofwool.com\\\/shop\\\/non-tufted-headboard-cushion\\\/\",\"url\":\"https:\\\/\\\/homeofwool.com\\\/shop\\\/non-tufted-headboard-cushion\\\/\",\"name\":\"Headboard Pillow & Cover \u2013 Custom Cushion Headboard | Home of Wool\",\"isPartOf\":{\"@id\":\"https:\\\/\\\/homeofwool.com\\\/#website\"},\"primaryImageOfPage\":{\"@id\":\"https:\\\/\\\/homeofwool.com\\\/shop\\\/non-tufted-headboard-cushion\\\/#primaryimage\"},\"image\":{\"@id\":\"https:\\\/\\\/homeofwool.com\\\/shop\\\/non-tufted-headboard-cushion\\\/#primaryimage\"},\"thumbnailUrl\":\"https:\\\/\\\/homeofwool.com\\\/wp-content\\\/uploads\\\/2025\\\/09\\\/home-of-wool-headboard-pillow-with-removable-cover-1-main.jpg\",\"datePublished\":\"2025-09-02T12:01:16+00:00\",\"dateModified\":\"2026-03-10T08:45:32+00:00\",\"description\":\"Supportive and stylish, the Headboard Pillow & Cover uses breathable wool filling. Hypoallergenic and toxin-free, it delivers sustainable, customizable comfort for bedroom design.\",\"breadcrumb\":{\"@id\":\"https:\\\/\\\/homeofwool.com\\\/shop\\\/non-tufted-headboard-cushion\\\/#breadcrumb\"},\"inLanguage\":\"nb-NO\",\"potentialAction\":[{\"@type\":\"ReadAction\",\"target\":[\"https:\\\/\\\/homeofwool.com\\\/shop\\\/non-tufted-headboard-cushion\\\/\"]}]},{\"@type\":\"ImageObject\",\"inLanguage\":\"nb-NO\",\"@id\":\"https:\\\/\\\/homeofwool.com\\\/shop\\\/non-tufted-headboard-cushion\\\/#primaryimage\",\"url\":\"https:\\\/\\\/homeofwool.com\\\/wp-content\\\/uploads\\\/2025\\\/09\\\/home-of-wool-headboard-pillow-with-removable-cover-1-main.jpg\",\"contentUrl\":\"https:\\\/\\\/homeofwool.com\\\/wp-content\\\/uploads\\\/2025\\\/09\\\/home-of-wool-headboard-pillow-with-removable-cover-1-main.jpg\",\"width\":2000,\"height\":1600,\"caption\":\"home of wool headboard cushion in a stylish bedroom\"},{\"@type\":\"BreadcrumbList\",\"@id\":\"https:\\\/\\\/homeofwool.com\\\/shop\\\/non-tufted-headboard-cushion\\\/#breadcrumb\",\"itemListElement\":[{\"@type\":\"ListItem\",\"position\":1,\"name\":\"Home\",\"item\":\"https:\\\/\\\/homeofwool.com\\\/\"},{\"@type\":\"ListItem\",\"position\":2,\"name\":\"Products\",\"item\":\"https:\\\/\\\/homeofwool.com\\\/header-search-2\\\/\"},{\"@type\":\"ListItem\",\"position\":3,\"name\":\"Headboard Pillow with Removable Cover\"}]},{\"@type\":\"WebSite\",\"@id\":\"https:\\\/\\\/homeofwool.com\\\/#website\",\"url\":\"https:\\\/\\\/homeofwool.com\\\/\",\"name\":\"Home of Wool\",\"description\":\"\",\"publisher\":{\"@id\":\"https:\\\/\\\/homeofwool.com\\\/#organization\"},\"potentialAction\":[{\"@type\":\"SearchAction\",\"target\":{\"@type\":\"EntryPoint\",\"urlTemplate\":\"https:\\\/\\\/homeofwool.com\\\/?s={search_term_string}\"},\"query-input\":{\"@type\":\"PropertyValueSpecification\",\"valueRequired\":true,\"valueName\":\"search_term_string\"}}],\"inLanguage\":\"nb-NO\"},{\"@type\":\"Organization\",\"@id\":\"https:\\\/\\\/homeofwool.com\\\/#organization\",\"name\":\"Home of Wool\",\"url\":\"https:\\\/\\\/homeofwool.com\\\/\",\"logo\":{\"@type\":\"ImageObject\",\"inLanguage\":\"nb-NO\",\"@id\":\"https:\\\/\\\/homeofwool.com\\\/#\\\/schema\\\/logo\\\/image\\\/\",\"url\":\"https:\\\/\\\/homeofwool.com\\\/wp-content\\\/uploads\\\/2025\\\/09\\\/WhatsApp-Image-2025-12-02-at-16.23.20.jpeg\",\"contentUrl\":\"https:\\\/\\\/homeofwool.com\\\/wp-content\\\/uploads\\\/2025\\\/09\\\/WhatsApp-Image-2025-12-02-at-16.23.20.jpeg\",\"width\":700,\"height\":247,\"caption\":\"Home of Wool\"},\"image\":{\"@id\":\"https:\\\/\\\/homeofwool.com\\\/#\\\/schema\\\/logo\\\/image\\\/\"},\"sameAs\":[\"https:\\\/\\\/facebook.com\\\/HomeOfWoolOfficial\"]}]}<\/script>\n<!-- \/ Yoast SEO Premium plugin. -->","yoast_head_json":{"title":"Hodegjerdepute og trekk \u2013 Tilpasset putehodegjerde | Home of Wool","description":"Headboard Pillow &amp; Cover er st\u00f8ttende og stilig, og har pustende ullfyll. Den er allergivennlig og giftfri, og gir b\u00e6rekraftig, tilpassbar komfort for soveromsdesign.","robots":{"index":"index","follow":"follow","max-snippet":"max-snippet:-1","max-image-preview":"max-image-preview:large","max-video-preview":"max-video-preview:-1"},"canonical":"https:\/\/homeofwool.com\/nb\/butikk\/ikke-tuftet-hodegjerdeput\/","og_locale":"nb_NO","og_type":"article","og_title":"Headboard Pillow with Removable Cover","og_description":"Supportive and stylish, the Headboard Pillow & Cover uses breathable wool filling. Hypoallergenic and toxin-free, it delivers sustainable, customizable comfort for bedroom design.","og_url":"https:\/\/homeofwool.com\/nb\/butikk\/ikke-tuftet-hodegjerdeput\/","og_site_name":"Home of Wool","article_publisher":"https:\/\/facebook.com\/HomeOfWoolOfficial","article_modified_time":"2026-03-10T08:45:32+00:00","og_image":[{"width":2000,"height":1600,"url":"https:\/\/homeofwool.com\/wp-content\/uploads\/2025\/09\/home-of-wool-headboard-pillow-with-removable-cover-1-main.jpg","type":"image\/jpeg"}],"twitter_card":"summary_large_image","twitter_misc":{"Ansl. lesetid":"2 minutter"},"schema":{"@context":"https:\/\/schema.org","@graph":[{"@type":"WebPage","@id":"https:\/\/homeofwool.com\/shop\/non-tufted-headboard-cushion\/","url":"https:\/\/homeofwool.com\/shop\/non-tufted-headboard-cushion\/","name":"Hodegjerdepute og trekk \u2013 Tilpasset putehodegjerde | Home of Wool","isPartOf":{"@id":"https:\/\/homeofwool.com\/#website"},"primaryImageOfPage":{"@id":"https:\/\/homeofwool.com\/shop\/non-tufted-headboard-cushion\/#primaryimage"},"image":{"@id":"https:\/\/homeofwool.com\/shop\/non-tufted-headboard-cushion\/#primaryimage"},"thumbnailUrl":"https:\/\/homeofwool.com\/wp-content\/uploads\/2025\/09\/home-of-wool-headboard-pillow-with-removable-cover-1-main.jpg","datePublished":"2025-09-02T12:01:16+00:00","dateModified":"2026-03-10T08:45:32+00:00","description":"Headboard Pillow &amp; Cover er st\u00f8ttende og stilig, og har pustende ullfyll. Den er allergivennlig og giftfri, og gir b\u00e6rekraftig, tilpassbar komfort for soveromsdesign.","breadcrumb":{"@id":"https:\/\/homeofwool.com\/shop\/non-tufted-headboard-cushion\/#breadcrumb"},"inLanguage":"nb-NO","potentialAction":[{"@type":"ReadAction","target":["https:\/\/homeofwool.com\/shop\/non-tufted-headboard-cushion\/"]}]},{"@type":"ImageObject","inLanguage":"nb-NO","@id":"https:\/\/homeofwool.com\/shop\/non-tufted-headboard-cushion\/#primaryimage","url":"https:\/\/homeofwool.com\/wp-content\/uploads\/2025\/09\/home-of-wool-headboard-pillow-with-removable-cover-1-main.jpg","contentUrl":"https:\/\/homeofwool.com\/wp-content\/uploads\/2025\/09\/home-of-wool-headboard-pillow-with-removable-cover-1-main.jpg","width":2000,"height":1600,"caption":"home of wool headboard cushion in a stylish bedroom"},{"@type":"BreadcrumbList","@id":"https:\/\/homeofwool.com\/shop\/non-tufted-headboard-cushion\/#breadcrumb","itemListElement":[{"@type":"ListItem","position":1,"name":"Home","item":"https:\/\/homeofwool.com\/"},{"@type":"ListItem","position":2,"name":"Products","item":"https:\/\/homeofwool.com\/header-search-2\/"},{"@type":"ListItem","position":3,"name":"Headboard Pillow with Removable Cover"}]},{"@type":"WebSite","@id":"https:\/\/homeofwool.com\/#website","url":"https:\/\/homeofwool.com\/","name":"Hjem til ull","description":"","publisher":{"@id":"https:\/\/homeofwool.com\/#organization"},"potentialAction":[{"@type":"SearchAction","target":{"@type":"EntryPoint","urlTemplate":"https:\/\/homeofwool.com\/?s={search_term_string}"},"query-input":{"@type":"PropertyValueSpecification","valueRequired":true,"valueName":"search_term_string"}}],"inLanguage":"nb-NO"},{"@type":"Organization","@id":"https:\/\/homeofwool.com\/#organization","name":"Hjem til ull","url":"https:\/\/homeofwool.com\/","logo":{"@type":"ImageObject","inLanguage":"nb-NO","@id":"https:\/\/homeofwool.com\/#\/schema\/logo\/image\/","url":"https:\/\/homeofwool.com\/wp-content\/uploads\/2025\/09\/WhatsApp-Image-2025-12-02-at-16.23.20.jpeg","contentUrl":"https:\/\/homeofwool.com\/wp-content\/uploads\/2025\/09\/WhatsApp-Image-2025-12-02-at-16.23.20.jpeg","width":700,"height":247,"caption":"Home of Wool"},"image":{"@id":"https:\/\/homeofwool.com\/#\/schema\/logo\/image\/"},"sameAs":["https:\/\/facebook.com\/HomeOfWoolOfficial"]}]}},"_links":{"self":[{"href":"https:\/\/homeofwool.com\/nb\/wp-json\/wp\/v2\/product\/217585","targetHints":{"allow":["GET"]}}],"collection":[{"href":"https:\/\/homeofwool.com\/nb\/wp-json\/wp\/v2\/product"}],"about":[{"href":"https:\/\/homeofwool.com\/nb\/wp-json\/wp\/v2\/types\/product"}],"version-history":[{"count":1,"href":"https:\/\/homeofwool.com\/nb\/wp-json\/wp\/v2\/product\/217585\/revisions"}],"predecessor-version":[{"id":226710,"href":"https:\/\/homeofwool.com\/nb\/wp-json\/wp\/v2\/product\/217585\/revisions\/226710"}],"wp:featuredmedia":[{"embeddable":true,"href":"https:\/\/homeofwool.com\/nb\/wp-json\/wp\/v2\/media\/219731"}],"wp:attachment":[{"href":"https:\/\/homeofwool.com\/nb\/wp-json\/wp\/v2\/media?parent=217585"}],"wp:term":[{"taxonomy":"product_brand","embeddable":true,"href":"https:\/\/homeofwool.com\/nb\/wp-json\/wp\/v2\/product_brand?post=217585"},{"taxonomy":"product_cat","embeddable":true,"href":"https:\/\/homeofwool.com\/nb\/wp-json\/wp\/v2\/product_cat?post=217585"},{"taxonomy":"product_tag","embeddable":true,"href":"https:\/\/homeofwool.com\/nb\/wp-json\/wp\/v2\/product_tag?post=217585"}],"curies":[{"name":"wp","href":"https:\/\/api.w.org\/{rel}","templated":true}]}}