{"id":217581,"date":"2025-09-02T12:01:16","date_gmt":"2025-09-02T12:01:16","guid":{"rendered":"https:\/\/homeofwool.com\/?post_type=product&#038;p=217581"},"modified":"2026-02-17T10:35:27","modified_gmt":"2026-02-17T10:35:27","slug":"ullmadrass","status":"publish","type":"product","link":"https:\/\/homeofwool.com\/nb\/shop\/wool-mattress\/","title":{"rendered":"Ullmadrass"},"content":{"rendered":"<p>Denne h\u00e5ndlagde ullmadrassen gir uovertruffen komfort og st\u00f8tte med lag av spenstig, ren ull som fremmer sunn holdning og temperaturregulering \u2013 slik at du holder deg kj\u00f8lig om sommeren og varm om vinteren.<\/p>\n<p>Denne madrassen er laget av f\u00f8rsteklasses naturlig ull og tilbyr eksepsjonell komfort, temperaturregulering og st\u00f8tte. Den er naturlig allergivennlig og fri for syntetiske kjemikalier og flammehemmere, og er et sunnere og milj\u00f8vennlig alternativ for en god natts s\u00f8vn uten giftstoffer. Ull er ideelt for alle \u00e5rstider, da det holder deg kj\u00f8lig om sommeren og varm om vinteren, samtidig som det former seg etter kroppen din.<\/p>\n<p>Ull er designet for \u00e5 tilpasse seg kroppen din p\u00e5 en myk m\u00e5te samtidig som den gir god st\u00f8tte, demper trykkpunkter og fremmer riktig ryggradsstilling. Dens fuktighetstransporterende og temperaturregulerende egenskaper sikrer et t\u00f8rt og behagelig s\u00f8vnmilj\u00f8 i alle \u00e5rstider \u2013 kj\u00f8lig om sommeren og koselig om vinteren. Ullmadrasser er naturlig allergivennlige og motstandsdyktige mot st\u00f8vmidd, mugg og jordslag, og er et utmerket valg for personer med allergi eller alle som \u00f8nsker en renere og gr\u00f8nnere s\u00f8vn.<\/p>\n<p>Hver madrass er fagmessig produsert med omhu og oppmerksomhet p\u00e5 detaljer, ved bruk av etisk produsert ull og b\u00e6rekraftige materialer. Enten du \u00f8nsker \u00e5 oppgradere din s\u00f8vnkvalitet eller s\u00f8ker en mer milj\u00f8bevisst livsstil, gir v\u00e5r ullmadrass varig komfort, holdbarhet og trygghet \u2013 natt etter natt.<\/p>","protected":false},"excerpt":{"rendered":"<p>F\u00e5 den s\u00f8vnen du fortjener p\u00e5 en luksuri\u00f8s ullmadrass designet for b\u00e5de helse og velv\u00e6re. Med optimal st\u00f8tte for spenningsfri hvile, naturlig temperaturregulerende komfort og en VOC-fri, allergivennlig natur, skaper denne organiske ullmadrassen et rent fundament for restorativ, uavbrutt s\u00f8vn. Er du klar til \u00e5 begynne \u00e5 sove bedre?<\/p>\n<div class=\"global-icon-set\">\n<div class=\"global-icon-set__items\">\n<div class=\"global-icon-set__item\">\n<div class=\"global-icon-set__image\">\n                                    <img decoding=\"async\" src=\"https:\/\/homeofwool.com\/wp-content\/uploads\/2025\/09\/handmade-icon-300x300.png\" alt=\"h\u00e5ndlaget ikon\" \/>\n                                <\/div>\n<div class=\"global-icon-set__title\">H\u00e5ndlaget<\/div>\n<\/p><\/div>\n<div class=\"global-icon-set__item\">\n<div class=\"global-icon-set__image\">\n                                    <img decoding=\"async\" src=\"https:\/\/homeofwool.com\/wp-content\/uploads\/2025\/09\/Isolates-Motion-Transfer-min-300x300.png\" alt=\"isolerer bevegelsesoverf\u00f8ring\" \/>\n                                <\/div>\n<div class=\"global-icon-set__title\">Isolerer bevegelsesoverf\u00f8ring<\/div>\n<\/p><\/div>\n<div class=\"global-icon-set__item\">\n<div class=\"global-icon-set__image\">\n                                    <img decoding=\"async\" src=\"https:\/\/homeofwool.com\/wp-content\/uploads\/2025\/09\/Exceptionally-Supportive-min-300x300.png\" alt=\"eksepsjonelt st\u00f8ttende ikon\" \/>\n                                <\/div>\n<div class=\"global-icon-set__title\">Eksepsjonelt st\u00f8ttende<\/div>\n<\/p><\/div>\n<div class=\"global-icon-set__item\">\n<div class=\"global-icon-set__image\">\n                                    <img decoding=\"async\" src=\"https:\/\/homeofwool.com\/wp-content\/uploads\/2025\/09\/wicks-moisture-away-300x300.png\" alt=\"transporterer fuktighet bort\" \/>\n                                <\/div>\n<div class=\"global-icon-set__title\">F\u00f8rer bort fuktighet<\/div>\n<\/p><\/div>\n<div class=\"global-icon-set__item\">\n<div class=\"global-icon-set__image\">\n                                    <img decoding=\"async\" src=\"https:\/\/homeofwool.com\/wp-content\/uploads\/2025\/09\/VOCs-min-300x300.png\" alt=\"vocs gratis\" \/>\n                                <\/div>\n<div class=\"global-icon-set__title\">VOC-fri<\/div>\n<\/p><\/div>\n<div class=\"global-icon-set__item\">\n<div class=\"global-icon-set__image\">\n                                    <img decoding=\"async\" src=\"https:\/\/homeofwool.com\/wp-content\/uploads\/2025\/09\/FR-min-300x300.png\" alt=\"brannsikker ikon\" \/>\n                                <\/div>\n<div class=\"global-icon-set__title\">Flammebestandig<\/div>\n<\/p><\/div>\n<div class=\"global-icon-set__item\">\n<div class=\"global-icon-set__image\">\n                                    <img decoding=\"async\" src=\"https:\/\/homeofwool.com\/wp-content\/uploads\/2025\/09\/Hypoallergenic-min-300x300.png\" alt=\"allergivennlig ikon\" \/>\n                                <\/div>\n<div class=\"global-icon-set__title\">Allergivenlig<\/div>\n<\/p><\/div>\n<div class=\"global-icon-set__item\">\n<div class=\"global-icon-set__image\">\n                                    <img decoding=\"async\" src=\"https:\/\/homeofwool.com\/wp-content\/uploads\/2025\/09\/free-of-synthetics-icon-300x300.png\" alt=\"fri for syntetiske stoffer ikon\" \/>\n                                <\/div>\n<div class=\"global-icon-set__title\">Fri for syntetiske stoffer<\/div>\n<\/p><\/div>\n<div class=\"global-icon-set__item\">\n<div class=\"global-icon-set__image\">\n                                    <img decoding=\"async\" src=\"https:\/\/homeofwool.com\/wp-content\/uploads\/2025\/09\/chemical-free-icon-300x300.png\" alt=\"kjemikaliefritt ikon\" \/>\n                                <\/div>\n<div class=\"global-icon-set__title\">Kjemikaliefri<\/div>\n<\/p><\/div>\n<div class=\"global-icon-set__item\">\n<div class=\"global-icon-set__image\">\n                                    <img decoding=\"async\" src=\"https:\/\/homeofwool.com\/wp-content\/uploads\/2025\/09\/anti-bacterial-icon-300x300.png\" alt=\"antibakteriell ikon\" \/>\n                                <\/div>\n<div class=\"global-icon-set__title\">Antimikrobiell og antibakteriell<\/div>\n<\/p><\/div>\n<div class=\"global-icon-set__item\">\n<div class=\"global-icon-set__image\">\n                                    <img decoding=\"async\" src=\"https:\/\/homeofwool.com\/wp-content\/uploads\/2025\/09\/certified-materials-icon-300x300.png\" alt=\"ikon for sertifiserte materialer\" \/>\n                                <\/div>\n<div class=\"global-icon-set__title\">100% Rene sertifiserte materialer<\/div>\n<\/p><\/div>\n<\/p><\/div>\n<\/p><\/div>","protected":false},"featured_media":226165,"template":"","meta":{"_acf_changed":false},"product_brand":[],"product_cat":[252],"product_tag":[1371,175,176,177,178,385,179,180,386,181,182,183,52,184,185,186,187,188,189,190,191,192,193,194,195,387,196,197,198,199,149,200,201,202,203],"class_list":{"0":"post-217581","1":"product","2":"type-product","3":"status-publish","4":"has-post-thumbnail","6":"product_cat-mattresses","7":"product_tag-20off","8":"product_tag-affordable-natural-mattress","9":"product_tag-all-natural-futon","10":"product_tag-artisanal-mattress","11":"product_tag-bed-mattress","12":"product_tag-co-sleeping","13":"product_tag-double-mattress","14":"product_tag-extra-long-twin-mattress","15":"product_tag-family-bed","16":"product_tag-firm-mattress","17":"product_tag-floor-bed-mattress","18":"product_tag-french-antique-bed","19":"product_tag-french-mattress","20":"product_tag-full-size-mattress-set","21":"product_tag-handmade-mattress","22":"product_tag-hard-mattress","23":"product_tag-hypoallergenic-bed","24":"product_tag-low-voc-mattress","25":"product_tag-mattress-full","26":"product_tag-mattress-full-size","27":"product_tag-mattress-sets","28":"product_tag-mattress-without-flame-retardant","29":"product_tag-natural-mattress","30":"product_tag-organic-foldable-bed","31":"product_tag-organic-mattress","32":"product_tag-overlanding","33":"product_tag-queen-mattress","34":"product_tag-safe-mattresses","35":"product_tag-short-queen-mattress","36":"product_tag-single-mattress","37":"product_tag-steps","38":"product_tag-twin-bed-mattress","39":"product_tag-twin-mattress","40":"product_tag-twin-xl-mattress","41":"product_tag-wool-mattress","43":"first","44":"instock","45":"featured","46":"shipping-taxable","47":"purchasable","48":"product-type-simple"},"acf":[],"yoast_head":"<!-- This site is optimized with the Yoast SEO Premium plugin v27.3 (Yoast SEO v27.3) - https:\/\/yoast.com\/product\/yoast-seo-premium-wordpress\/ -->\n<title>Organic Wool Mattress \u2013 Hypoallergenic, Luxury Comfort | Home of Wool<\/title>\n<meta name=\"description\" content=\"The Organic Wool Mattress offers breathable, hypoallergenic comfort with toxin-free filling. Handmade with organic materials, it provides sustainable support for long-lasting, restful sleep.\" \/>\n<meta name=\"robots\" content=\"index, follow, max-snippet:-1, max-image-preview:large, max-video-preview:-1\" \/>\n<link rel=\"canonical\" href=\"https:\/\/homeofwool.com\/nb\/butikk\/ullmadrass\/\" \/>\n<meta property=\"og:locale\" content=\"nb_NO\" \/>\n<meta property=\"og:type\" content=\"article\" \/>\n<meta property=\"og:title\" content=\"Wool Mattress\" \/>\n<meta property=\"og:description\" content=\"The Organic Wool Mattress offers breathable, hypoallergenic comfort with toxin-free filling. Handmade with organic materials, it provides sustainable support for long-lasting, restful sleep.\" \/>\n<meta property=\"og:url\" content=\"https:\/\/homeofwool.com\/nb\/butikk\/ullmadrass\/\" \/>\n<meta property=\"og:site_name\" content=\"Home of Wool\" \/>\n<meta property=\"article:publisher\" content=\"https:\/\/facebook.com\/HomeOfWoolOfficial\" \/>\n<meta property=\"article:modified_time\" content=\"2026-02-17T10:35:27+00:00\" \/>\n<meta property=\"og:image\" content=\"https:\/\/homeofwool.com\/wp-content\/uploads\/2025\/09\/how-wool-mattress-main.jpg\" \/>\n\t<meta property=\"og:image:width\" content=\"1920\" \/>\n\t<meta property=\"og:image:height\" content=\"1536\" \/>\n\t<meta property=\"og:image:type\" content=\"image\/jpeg\" \/>\n<meta name=\"twitter:card\" content=\"summary_large_image\" \/>\n<meta name=\"twitter:label1\" content=\"Ansl. lesetid\" \/>\n\t<meta name=\"twitter:data1\" content=\"2 minutter\" \/>\n<script type=\"application\/ld+json\" class=\"yoast-schema-graph\">{\"@context\":\"https:\\\/\\\/schema.org\",\"@graph\":[{\"@type\":\"WebPage\",\"@id\":\"https:\\\/\\\/homeofwool.com\\\/shop\\\/wool-mattress\\\/\",\"url\":\"https:\\\/\\\/homeofwool.com\\\/shop\\\/wool-mattress\\\/\",\"name\":\"Organic Wool Mattress \u2013 Hypoallergenic, Luxury Comfort | Home of Wool\",\"isPartOf\":{\"@id\":\"https:\\\/\\\/homeofwool.com\\\/#website\"},\"primaryImageOfPage\":{\"@id\":\"https:\\\/\\\/homeofwool.com\\\/shop\\\/wool-mattress\\\/#primaryimage\"},\"image\":{\"@id\":\"https:\\\/\\\/homeofwool.com\\\/shop\\\/wool-mattress\\\/#primaryimage\"},\"thumbnailUrl\":\"https:\\\/\\\/homeofwool.com\\\/wp-content\\\/uploads\\\/2025\\\/09\\\/how-wool-mattress-main.jpg\",\"datePublished\":\"2025-09-02T12:01:16+00:00\",\"dateModified\":\"2026-02-17T10:35:27+00:00\",\"description\":\"The Organic Wool Mattress offers breathable, hypoallergenic comfort with toxin-free filling. Handmade with organic materials, it provides sustainable support for long-lasting, restful sleep.\",\"breadcrumb\":{\"@id\":\"https:\\\/\\\/homeofwool.com\\\/shop\\\/wool-mattress\\\/#breadcrumb\"},\"inLanguage\":\"nb-NO\",\"potentialAction\":[{\"@type\":\"ReadAction\",\"target\":[\"https:\\\/\\\/homeofwool.com\\\/shop\\\/wool-mattress\\\/\"]}]},{\"@type\":\"ImageObject\",\"inLanguage\":\"nb-NO\",\"@id\":\"https:\\\/\\\/homeofwool.com\\\/shop\\\/wool-mattress\\\/#primaryimage\",\"url\":\"https:\\\/\\\/homeofwool.com\\\/wp-content\\\/uploads\\\/2025\\\/09\\\/how-wool-mattress-main.jpg\",\"contentUrl\":\"https:\\\/\\\/homeofwool.com\\\/wp-content\\\/uploads\\\/2025\\\/09\\\/how-wool-mattress-main.jpg\",\"width\":1920,\"height\":1536,\"caption\":\"home of wool matress in 100% virgin wool fabric\"},{\"@type\":\"BreadcrumbList\",\"@id\":\"https:\\\/\\\/homeofwool.com\\\/shop\\\/wool-mattress\\\/#breadcrumb\",\"itemListElement\":[{\"@type\":\"ListItem\",\"position\":1,\"name\":\"Home\",\"item\":\"https:\\\/\\\/homeofwool.com\\\/\"},{\"@type\":\"ListItem\",\"position\":2,\"name\":\"Products\",\"item\":\"https:\\\/\\\/homeofwool.com\\\/header-search-2\\\/\"},{\"@type\":\"ListItem\",\"position\":3,\"name\":\"Wool Mattress\"}]},{\"@type\":\"WebSite\",\"@id\":\"https:\\\/\\\/homeofwool.com\\\/#website\",\"url\":\"https:\\\/\\\/homeofwool.com\\\/\",\"name\":\"Home of Wool\",\"description\":\"\",\"publisher\":{\"@id\":\"https:\\\/\\\/homeofwool.com\\\/#organization\"},\"potentialAction\":[{\"@type\":\"SearchAction\",\"target\":{\"@type\":\"EntryPoint\",\"urlTemplate\":\"https:\\\/\\\/homeofwool.com\\\/?s={search_term_string}\"},\"query-input\":{\"@type\":\"PropertyValueSpecification\",\"valueRequired\":true,\"valueName\":\"search_term_string\"}}],\"inLanguage\":\"nb-NO\"},{\"@type\":\"Organization\",\"@id\":\"https:\\\/\\\/homeofwool.com\\\/#organization\",\"name\":\"Home of Wool\",\"url\":\"https:\\\/\\\/homeofwool.com\\\/\",\"logo\":{\"@type\":\"ImageObject\",\"inLanguage\":\"nb-NO\",\"@id\":\"https:\\\/\\\/homeofwool.com\\\/#\\\/schema\\\/logo\\\/image\\\/\",\"url\":\"https:\\\/\\\/homeofwool.com\\\/wp-content\\\/uploads\\\/2025\\\/09\\\/WhatsApp-Image-2025-12-02-at-16.23.20.jpeg\",\"contentUrl\":\"https:\\\/\\\/homeofwool.com\\\/wp-content\\\/uploads\\\/2025\\\/09\\\/WhatsApp-Image-2025-12-02-at-16.23.20.jpeg\",\"width\":700,\"height\":247,\"caption\":\"Home of Wool\"},\"image\":{\"@id\":\"https:\\\/\\\/homeofwool.com\\\/#\\\/schema\\\/logo\\\/image\\\/\"},\"sameAs\":[\"https:\\\/\\\/facebook.com\\\/HomeOfWoolOfficial\"]}]}<\/script>\n<!-- \/ Yoast SEO Premium plugin. -->","yoast_head_json":{"title":"Organisk ullmadrass \u2013 allergivennlig, luksuri\u00f8s komfort | Home of Wool","description":"Den organiske ullmadrassen gir pustende, allergivennlig komfort med giftfri fylling. Den er h\u00e5ndlaget av organiske materialer og gir b\u00e6rekraftig st\u00f8tte for langvarig, avslappende s\u00f8vn.","robots":{"index":"index","follow":"follow","max-snippet":"max-snippet:-1","max-image-preview":"max-image-preview:large","max-video-preview":"max-video-preview:-1"},"canonical":"https:\/\/homeofwool.com\/nb\/butikk\/ullmadrass\/","og_locale":"nb_NO","og_type":"article","og_title":"Wool Mattress","og_description":"The Organic Wool Mattress offers breathable, hypoallergenic comfort with toxin-free filling. Handmade with organic materials, it provides sustainable support for long-lasting, restful sleep.","og_url":"https:\/\/homeofwool.com\/nb\/butikk\/ullmadrass\/","og_site_name":"Home of Wool","article_publisher":"https:\/\/facebook.com\/HomeOfWoolOfficial","article_modified_time":"2026-02-17T10:35:27+00:00","og_image":[{"width":1920,"height":1536,"url":"https:\/\/homeofwool.com\/wp-content\/uploads\/2025\/09\/how-wool-mattress-main.jpg","type":"image\/jpeg"}],"twitter_card":"summary_large_image","twitter_misc":{"Ansl. lesetid":"2 minutter"},"schema":{"@context":"https:\/\/schema.org","@graph":[{"@type":"WebPage","@id":"https:\/\/homeofwool.com\/shop\/wool-mattress\/","url":"https:\/\/homeofwool.com\/shop\/wool-mattress\/","name":"Organisk ullmadrass \u2013 allergivennlig, luksuri\u00f8s komfort | Home of Wool","isPartOf":{"@id":"https:\/\/homeofwool.com\/#website"},"primaryImageOfPage":{"@id":"https:\/\/homeofwool.com\/shop\/wool-mattress\/#primaryimage"},"image":{"@id":"https:\/\/homeofwool.com\/shop\/wool-mattress\/#primaryimage"},"thumbnailUrl":"https:\/\/homeofwool.com\/wp-content\/uploads\/2025\/09\/how-wool-mattress-main.jpg","datePublished":"2025-09-02T12:01:16+00:00","dateModified":"2026-02-17T10:35:27+00:00","description":"Den organiske ullmadrassen gir pustende, allergivennlig komfort med giftfri fylling. Den er h\u00e5ndlaget av organiske materialer og gir b\u00e6rekraftig st\u00f8tte for langvarig, avslappende s\u00f8vn.","breadcrumb":{"@id":"https:\/\/homeofwool.com\/shop\/wool-mattress\/#breadcrumb"},"inLanguage":"nb-NO","potentialAction":[{"@type":"ReadAction","target":["https:\/\/homeofwool.com\/shop\/wool-mattress\/"]}]},{"@type":"ImageObject","inLanguage":"nb-NO","@id":"https:\/\/homeofwool.com\/shop\/wool-mattress\/#primaryimage","url":"https:\/\/homeofwool.com\/wp-content\/uploads\/2025\/09\/how-wool-mattress-main.jpg","contentUrl":"https:\/\/homeofwool.com\/wp-content\/uploads\/2025\/09\/how-wool-mattress-main.jpg","width":1920,"height":1536,"caption":"home of wool matress in 100% virgin wool fabric"},{"@type":"BreadcrumbList","@id":"https:\/\/homeofwool.com\/shop\/wool-mattress\/#breadcrumb","itemListElement":[{"@type":"ListItem","position":1,"name":"Home","item":"https:\/\/homeofwool.com\/"},{"@type":"ListItem","position":2,"name":"Products","item":"https:\/\/homeofwool.com\/header-search-2\/"},{"@type":"ListItem","position":3,"name":"Wool Mattress"}]},{"@type":"WebSite","@id":"https:\/\/homeofwool.com\/#website","url":"https:\/\/homeofwool.com\/","name":"Hjem til ull","description":"","publisher":{"@id":"https:\/\/homeofwool.com\/#organization"},"potentialAction":[{"@type":"SearchAction","target":{"@type":"EntryPoint","urlTemplate":"https:\/\/homeofwool.com\/?s={search_term_string}"},"query-input":{"@type":"PropertyValueSpecification","valueRequired":true,"valueName":"search_term_string"}}],"inLanguage":"nb-NO"},{"@type":"Organization","@id":"https:\/\/homeofwool.com\/#organization","name":"Hjem til ull","url":"https:\/\/homeofwool.com\/","logo":{"@type":"ImageObject","inLanguage":"nb-NO","@id":"https:\/\/homeofwool.com\/#\/schema\/logo\/image\/","url":"https:\/\/homeofwool.com\/wp-content\/uploads\/2025\/09\/WhatsApp-Image-2025-12-02-at-16.23.20.jpeg","contentUrl":"https:\/\/homeofwool.com\/wp-content\/uploads\/2025\/09\/WhatsApp-Image-2025-12-02-at-16.23.20.jpeg","width":700,"height":247,"caption":"Home of Wool"},"image":{"@id":"https:\/\/homeofwool.com\/#\/schema\/logo\/image\/"},"sameAs":["https:\/\/facebook.com\/HomeOfWoolOfficial"]}]}},"_links":{"self":[{"href":"https:\/\/homeofwool.com\/nb\/wp-json\/wp\/v2\/product\/217581","targetHints":{"allow":["GET"]}}],"collection":[{"href":"https:\/\/homeofwool.com\/nb\/wp-json\/wp\/v2\/product"}],"about":[{"href":"https:\/\/homeofwool.com\/nb\/wp-json\/wp\/v2\/types\/product"}],"version-history":[{"count":2,"href":"https:\/\/homeofwool.com\/nb\/wp-json\/wp\/v2\/product\/217581\/revisions"}],"predecessor-version":[{"id":226152,"href":"https:\/\/homeofwool.com\/nb\/wp-json\/wp\/v2\/product\/217581\/revisions\/226152"}],"wp:featuredmedia":[{"embeddable":true,"href":"https:\/\/homeofwool.com\/nb\/wp-json\/wp\/v2\/media\/226165"}],"wp:attachment":[{"href":"https:\/\/homeofwool.com\/nb\/wp-json\/wp\/v2\/media?parent=217581"}],"wp:term":[{"taxonomy":"product_brand","embeddable":true,"href":"https:\/\/homeofwool.com\/nb\/wp-json\/wp\/v2\/product_brand?post=217581"},{"taxonomy":"product_cat","embeddable":true,"href":"https:\/\/homeofwool.com\/nb\/wp-json\/wp\/v2\/product_cat?post=217581"},{"taxonomy":"product_tag","embeddable":true,"href":"https:\/\/homeofwool.com\/nb\/wp-json\/wp\/v2\/product_tag?post=217581"}],"curies":[{"name":"wp","href":"https:\/\/api.w.org\/{rel}","templated":true}]}}