{"id":217553,"date":"2025-09-02T12:00:57","date_gmt":"2025-09-02T12:00:57","guid":{"rendered":"https:\/\/homeofwool.com\/?post_type=product&#038;p=217553"},"modified":"2025-11-04T13:16:11","modified_gmt":"2025-11-04T13:16:11","slug":"meditasjonsputer-av-ull","status":"publish","type":"product","link":"https:\/\/homeofwool.com\/nb\/shop\/wool-meditation-cushions\/","title":{"rendered":"Meditasjonsputer av ull \/ Yoga Zafu og Zabuton"},"content":{"rendered":"<p>[vc_row][vc_column][vc_tta_accordion c_icon=&#8221;chevron&#8221; active_section=&#8221;0&#8243; collapsible_all=&#8221;true&#8221; style=&#8221;flat&#8221;][vc_tta_section title=&#8221;100% PURE CERTIFIED MATERIALS GUARANTEED&#8221; tab_id=&#8221;1581340602651-568f939c-b9d6&#8243;][vc_column_text]<\/p>\n<p>All our products are made with only All-natural, Sustainable, Renewable, Biodegradable, Recyclable materials, FREE OF CHEMICALS (including Flame retardants, Dyes, Bleaches, VOCs, Finishes, Carbonized wool), FREE OF SYNTHETICS (including Plastics, Latex, Vinyl, Springs). Certified in the strictest category, for an added peace of mind.<\/p>\n<p>[\/vc_column_text][\/vc_tta_section][vc_tta_section title=&#8221;PRODUCT CARE&#8221; tab_id=&#8221;1685024707227-4d1c2c35-1685&#8243;][vc_column_text]<\/p>\n<p>We make products that are built to last from high-quality materials. Though to enjoy using them for as long as possible, there are a few best practices that should be followed &#8211; find them <a href=\"https:\/\/homeofwool.com\/care\/\"><strong>here<\/strong><\/a>.<\/p>\n<p>[\/vc_column_text][\/vc_tta_section][\/vc_tta_accordion][vc_column_text]<\/p>\n<p><strong>ZAFU FEATURES<\/strong>:<\/p>\n<ul>\n<li>Removable washable cover.<\/li>\n<li>Insert in 100% Organic cotton fabric.<\/li>\n<li>Handle.<\/li>\n<li>Durable metal zipper on the insert of the cushion so you can easily adjust the wool, add or remove wool if necessary. We can also offer plastic zippers upon request.<\/li>\n<li>Design options &#8211; With board and non-piped edges or Without board<\/li>\n<\/ul>\n<p><strong>ZABUTON FEATURES:<\/strong><\/p>\n<ul>\n<li>Removable washable cover.<\/li>\n<li>Insert in 100% Organic cotton fabric.<\/li>\n<li>Durable metal zipper on the insert of the cushion so you can easily adjust the wool, add or remove wool if necessary. We can also offer plastic zippers upon request.<\/li>\n<li>Without board.<\/li>\n<\/ul>\n<h4>REMOVABLE COVER FABRIC OPTIONS FOR BOTH CUSHIONS:<\/h4>\n<p>[\/vc_column_text][vc_single_image image=&#8221;58537&#8243; img_size=&#8221;full&#8221; alignment=&#8221;center&#8221; onclick=&#8221;img_link_large&#8221; img_link_target=&#8221;_blank&#8221;][vc_column_text]<\/p>\n<h4>MAKING &amp; SHIPPING:<\/h4>\n<p>Standard make time: 1-2 weeks<\/p>\n<p>Free shipping time:\u00a0 1-4 weeks<\/p>\n<p>Express shipping time: 3-4 days<\/p>\n<h4>LEARN MORE:<\/h4>\n<p>\u2022 <a href=\"https:\/\/homeofwool.com\/wool-benefits\/\">Why choose wool?<\/a><br \/>\n\u2022 <a href=\"https:\/\/homeofwool.com\/testimonials\/\">Why other people love it so much<\/a><br \/>\n\u2022 <a href=\"https:\/\/homeofwool.com\/delivery-returns\/\">Make time &amp; Rush options<\/a><br \/>\n\u2022 <a href=\"https:\/\/homeofwool.com\/delivery-returns\/\">Our Free Worldwide Delivery<\/a><br \/>\n\u2022 <a href=\"https:\/\/homeofwool.com\/delivery-returns\/\">Other shipping options<\/a><br \/>\n\u2022 <a href=\"https:\/\/homeofwool.com\/delivery-returns\/\">Tracking your package<\/a><br \/>\n\u2022 <a href=\"https:\/\/homeofwool.com\/delivery-returns\/\">Returns &amp; Refunds<\/a><\/p>\n<p>*These are handmade items. Please, allow some deviation in dimensions. Any deviation in dimensions less than 5% is considered acceptable.<br \/>\n*All wool-filled items are subject to some degree of compression. However, we stuff items densely with wool so they come thicker than advertised and over the first months of use compress down to about their advertised thickness.<br \/>\n*Wool fibers are in various natural colors and have the natural odor of sheep, which will be gone in a couple of months.<\/p>\n<p>[\/vc_column_text][\/vc_column][\/vc_row]<\/p>\n","protected":false},"excerpt":{"rendered":"<p>Len deg tilbake og slapp av mens du fokuserer tankene innover.<\/p>\n<p>V\u00e5re yogaputer er fylt med ren ull og omsluttet av luksuri\u00f8se \u00f8kologiske bomulls- og linstoffer, og gir deg muligheten til \u00e5<strong> synke ned i komfort<\/strong> for <strong>dypere konsentrasjon<\/strong>. Ull gir den n\u00f8dvendige st\u00f8tten for <strong>god kroppsholdning<\/strong> takket v\u00e6re den elastiske strukturen i fibrene. Inkorporering av <strong>kun naturlige materialer<\/strong> \u00e5 koble deg helt til naturen mens du renser sinnet og helbreder kroppen og sjelen.<strong> Laget p\u00e5 bestilling<\/strong> og <strong>h\u00e5ndlaget<\/strong> som passer til kroppen din. Vaskbare trekk for enkel vedlikehold.<\/p>\n<p>Helt <strong>kjemikaliefri<\/strong>, med <strong>ingen avgassing<\/strong> og <strong>null VOC<\/strong>. <strong>Allergivenlig<\/strong>, egnet for personer med <strong>kjemisk f\u00f8lsomhet, <\/strong>inkludert<strong> MCS. Naturligvis<\/strong> <strong>st\u00f8vmidd- og muggbestandig, antimikrobiell<\/strong>, <strong>antibakteriell, <\/strong>og<strong> flammebestandig.\u00a0<\/strong>100%<strong> biologisk nedbrytbar<\/strong> ved \u00e5 bruke kun <strong>b\u00e6rekraftig<\/strong> <strong>fornybar<\/strong> materialer.<\/p>\n<h4>ZAFU-ST\u00d8RRELSE: Diameter: 30 cm x H\u00f8yde: 12 cm<\/h4>\n<h4>ZABUTON-ST\u00d8RRELSE: 69 x 84 x 5 cm<\/h4>\n<p><img decoding=\"async\" class=\"alignnone wp-image-96057\" src=\"https:\/\/homeofwool.com\/wp-content\/uploads\/2021\/12\/icon-handmade.png\" alt=\"\" width=\"110\" height=\"110\" \/><img decoding=\"async\" class=\"alignnone wp-image-96043\" src=\"https:\/\/homeofwool.com\/wp-content\/uploads\/2021\/12\/vocs-free.png\" alt=\"\" width=\"110\" height=\"110\" \/><img decoding=\"async\" class=\"alignnone wp-image-96039\" src=\"https:\/\/homeofwool.com\/wp-content\/uploads\/2021\/12\/flame-resistant.png\" alt=\"\" width=\"110\" height=\"110\" \/><img loading=\"lazy\" decoding=\"async\" class=\"alignnone wp-image-96040\" src=\"https:\/\/homeofwool.com\/wp-content\/uploads\/2021\/12\/hypoallergenic.png\" alt=\"\" width=\"110\" height=\"110\" \/><img loading=\"lazy\" decoding=\"async\" class=\"alignnone size-full wp-image-96055\" src=\"https:\/\/homeofwool.com\/wp-content\/uploads\/2021\/12\/free-of-syntetics.png\" alt=\"\" width=\"110\" height=\"110\" \/><img loading=\"lazy\" decoding=\"async\" class=\"alignnone wp-image-96023\" src=\"https:\/\/homeofwool.com\/wp-content\/uploads\/2021\/12\/chemical-free-mattress.png\" alt=\"\" width=\"110\" height=\"110\" \/><img loading=\"lazy\" decoding=\"async\" class=\"alignnone wp-image-96018\" src=\"https:\/\/homeofwool.com\/wp-content\/uploads\/2021\/12\/anti-microbial-mattress.png\" alt=\"\" width=\"110\" height=\"110\" \/><img loading=\"lazy\" decoding=\"async\" class=\"alignnone wp-image-96020\" src=\"https:\/\/homeofwool.com\/wp-content\/uploads\/2021\/12\/certified-materials.png\" alt=\"\" width=\"110\" height=\"110\" \/><\/p>","protected":false},"featured_media":0,"template":"","meta":{"_acf_changed":false},"product_brand":[],"product_cat":[15],"product_tag":[303,304,305,306,307,308,309,310,311,312,313,314],"class_list":{"0":"post-217553","1":"product","2":"type-product","3":"status-publish","5":"product_cat-uncategorized","6":"product_tag-buddhist-meditation-pillow","7":"product_tag-meditation-cushion-set","8":"product_tag-meditation-floor-pillows","9":"product_tag-meditation-pillow","10":"product_tag-yoga-seat-cushion","11":"product_tag-yogi","12":"product_tag-zabuton-cushion","13":"product_tag-zabuton-mat","14":"product_tag-zabuton-meditation-cushion","15":"product_tag-zafu-and-zabuton","16":"product_tag-zafu-cushion","17":"product_tag-zen-meditation-cushion","19":"first","20":"outofstock","21":"shipping-taxable","22":"product-type-variable"},"acf":[],"yoast_head":"<!-- This site is optimized with the Yoast SEO Premium plugin v27.4 (Yoast SEO v27.4) - https:\/\/yoast.com\/product\/yoast-seo-premium-wordpress\/ -->\n<title>Wool Meditation Cushions \/ Yoga Zafu and Zabuton | Home of Wool<\/title>\n<meta name=\"description\" content=\"One-of-a-kind wool meditation cushions combining handmade craftsmanship and luxurious comfort. All-natural and fully customizable.\" \/>\n<meta name=\"robots\" content=\"index, follow, max-snippet:-1, max-image-preview:large, max-video-preview:-1\" \/>\n<link rel=\"canonical\" href=\"https:\/\/homeofwool.com\/nb\/butikk\/meditasjonsputer-av-ull\/\" \/>\n<meta property=\"og:locale\" content=\"nb_NO\" \/>\n<meta property=\"og:type\" content=\"article\" \/>\n<meta property=\"og:title\" content=\"Wool Meditation Cushions \/ Yoga Zafu and Zabuton\" \/>\n<meta property=\"og:description\" content=\"One-of-a-kind wool meditation cushions combining handmade craftsmanship and luxurious comfort. All-natural and fully customizable.\" \/>\n<meta property=\"og:url\" content=\"https:\/\/homeofwool.com\/nb\/butikk\/meditasjonsputer-av-ull\/\" \/>\n<meta property=\"og:site_name\" content=\"Home of Wool\" \/>\n<meta property=\"article:publisher\" content=\"https:\/\/facebook.com\/HomeOfWoolOfficial\" \/>\n<meta property=\"article:modified_time\" content=\"2025-11-04T13:16:11+00:00\" \/>\n<meta name=\"twitter:card\" content=\"summary_large_image\" \/>\n<meta name=\"twitter:label1\" content=\"Ansl. lesetid\" \/>\n\t<meta name=\"twitter:data1\" content=\"2 minutter\" \/>\n<script type=\"application\/ld+json\" class=\"yoast-schema-graph\">{\"@context\":\"https:\\\/\\\/schema.org\",\"@graph\":[{\"@type\":\"WebPage\",\"@id\":\"https:\\\/\\\/homeofwool.com\\\/shop\\\/wool-meditation-cushions\\\/\",\"url\":\"https:\\\/\\\/homeofwool.com\\\/shop\\\/wool-meditation-cushions\\\/\",\"name\":\"Wool Meditation Cushions \\\/ Yoga Zafu and Zabuton | Home of Wool\",\"isPartOf\":{\"@id\":\"https:\\\/\\\/homeofwool.com\\\/#website\"},\"datePublished\":\"2025-09-02T12:00:57+00:00\",\"dateModified\":\"2025-11-04T13:16:11+00:00\",\"description\":\"One-of-a-kind wool meditation cushions combining handmade craftsmanship and luxurious comfort. All-natural and fully customizable.\",\"breadcrumb\":{\"@id\":\"https:\\\/\\\/homeofwool.com\\\/shop\\\/wool-meditation-cushions\\\/#breadcrumb\"},\"inLanguage\":\"nb-NO\",\"potentialAction\":[{\"@type\":\"ReadAction\",\"target\":[\"https:\\\/\\\/homeofwool.com\\\/shop\\\/wool-meditation-cushions\\\/\"]}]},{\"@type\":\"BreadcrumbList\",\"@id\":\"https:\\\/\\\/homeofwool.com\\\/shop\\\/wool-meditation-cushions\\\/#breadcrumb\",\"itemListElement\":[{\"@type\":\"ListItem\",\"position\":1,\"name\":\"Home\",\"item\":\"https:\\\/\\\/homeofwool.com\\\/\"},{\"@type\":\"ListItem\",\"position\":2,\"name\":\"Products\",\"item\":\"https:\\\/\\\/homeofwool.com\\\/header-search-2\\\/\"},{\"@type\":\"ListItem\",\"position\":3,\"name\":\"Wool Meditation Cushions \\\/ Yoga Zafu and Zabuton\"}]},{\"@type\":\"WebSite\",\"@id\":\"https:\\\/\\\/homeofwool.com\\\/#website\",\"url\":\"https:\\\/\\\/homeofwool.com\\\/\",\"name\":\"Home of Wool\",\"description\":\"\",\"publisher\":{\"@id\":\"https:\\\/\\\/homeofwool.com\\\/#organization\"},\"potentialAction\":[{\"@type\":\"SearchAction\",\"target\":{\"@type\":\"EntryPoint\",\"urlTemplate\":\"https:\\\/\\\/homeofwool.com\\\/?s={search_term_string}\"},\"query-input\":{\"@type\":\"PropertyValueSpecification\",\"valueRequired\":true,\"valueName\":\"search_term_string\"}}],\"inLanguage\":\"nb-NO\"},{\"@type\":\"Organization\",\"@id\":\"https:\\\/\\\/homeofwool.com\\\/#organization\",\"name\":\"Home of Wool\",\"url\":\"https:\\\/\\\/homeofwool.com\\\/\",\"logo\":{\"@type\":\"ImageObject\",\"inLanguage\":\"nb-NO\",\"@id\":\"https:\\\/\\\/homeofwool.com\\\/#\\\/schema\\\/logo\\\/image\\\/\",\"url\":\"https:\\\/\\\/homeofwool.com\\\/wp-content\\\/uploads\\\/2025\\\/09\\\/WhatsApp-Image-2025-12-02-at-16.23.20.jpeg\",\"contentUrl\":\"https:\\\/\\\/homeofwool.com\\\/wp-content\\\/uploads\\\/2025\\\/09\\\/WhatsApp-Image-2025-12-02-at-16.23.20.jpeg\",\"width\":700,\"height\":247,\"caption\":\"Home of Wool\"},\"image\":{\"@id\":\"https:\\\/\\\/homeofwool.com\\\/#\\\/schema\\\/logo\\\/image\\\/\"},\"sameAs\":[\"https:\\\/\\\/facebook.com\\\/HomeOfWoolOfficial\"]}]}<\/script>\n<!-- \/ Yoast SEO Premium plugin. -->","yoast_head_json":{"title":"Meditasjonsputer av ull \/ Yoga Zafu og Zabuton | Home of Wool","description":"Unike meditasjonsputer i ull som kombinerer h\u00e5ndlaget h\u00e5ndverk og luksuri\u00f8s komfort. Helt naturlige og fullt tilpassbare.","robots":{"index":"index","follow":"follow","max-snippet":"max-snippet:-1","max-image-preview":"max-image-preview:large","max-video-preview":"max-video-preview:-1"},"canonical":"https:\/\/homeofwool.com\/nb\/butikk\/meditasjonsputer-av-ull\/","og_locale":"nb_NO","og_type":"article","og_title":"Wool Meditation Cushions \/ Yoga Zafu and Zabuton","og_description":"One-of-a-kind wool meditation cushions combining handmade craftsmanship and luxurious comfort. All-natural and fully customizable.","og_url":"https:\/\/homeofwool.com\/nb\/butikk\/meditasjonsputer-av-ull\/","og_site_name":"Home of Wool","article_publisher":"https:\/\/facebook.com\/HomeOfWoolOfficial","article_modified_time":"2025-11-04T13:16:11+00:00","twitter_card":"summary_large_image","twitter_misc":{"Ansl. lesetid":"2 minutter"},"schema":{"@context":"https:\/\/schema.org","@graph":[{"@type":"WebPage","@id":"https:\/\/homeofwool.com\/shop\/wool-meditation-cushions\/","url":"https:\/\/homeofwool.com\/shop\/wool-meditation-cushions\/","name":"Meditasjonsputer av ull \/ Yoga Zafu og Zabuton | Home of Wool","isPartOf":{"@id":"https:\/\/homeofwool.com\/#website"},"datePublished":"2025-09-02T12:00:57+00:00","dateModified":"2025-11-04T13:16:11+00:00","description":"Unike meditasjonsputer i ull som kombinerer h\u00e5ndlaget h\u00e5ndverk og luksuri\u00f8s komfort. Helt naturlige og fullt tilpassbare.","breadcrumb":{"@id":"https:\/\/homeofwool.com\/shop\/wool-meditation-cushions\/#breadcrumb"},"inLanguage":"nb-NO","potentialAction":[{"@type":"ReadAction","target":["https:\/\/homeofwool.com\/shop\/wool-meditation-cushions\/"]}]},{"@type":"BreadcrumbList","@id":"https:\/\/homeofwool.com\/shop\/wool-meditation-cushions\/#breadcrumb","itemListElement":[{"@type":"ListItem","position":1,"name":"Home","item":"https:\/\/homeofwool.com\/"},{"@type":"ListItem","position":2,"name":"Products","item":"https:\/\/homeofwool.com\/header-search-2\/"},{"@type":"ListItem","position":3,"name":"Wool Meditation Cushions \/ Yoga Zafu and Zabuton"}]},{"@type":"WebSite","@id":"https:\/\/homeofwool.com\/#website","url":"https:\/\/homeofwool.com\/","name":"Hjem til ull","description":"","publisher":{"@id":"https:\/\/homeofwool.com\/#organization"},"potentialAction":[{"@type":"SearchAction","target":{"@type":"EntryPoint","urlTemplate":"https:\/\/homeofwool.com\/?s={search_term_string}"},"query-input":{"@type":"PropertyValueSpecification","valueRequired":true,"valueName":"search_term_string"}}],"inLanguage":"nb-NO"},{"@type":"Organization","@id":"https:\/\/homeofwool.com\/#organization","name":"Hjem til ull","url":"https:\/\/homeofwool.com\/","logo":{"@type":"ImageObject","inLanguage":"nb-NO","@id":"https:\/\/homeofwool.com\/#\/schema\/logo\/image\/","url":"https:\/\/homeofwool.com\/wp-content\/uploads\/2025\/09\/WhatsApp-Image-2025-12-02-at-16.23.20.jpeg","contentUrl":"https:\/\/homeofwool.com\/wp-content\/uploads\/2025\/09\/WhatsApp-Image-2025-12-02-at-16.23.20.jpeg","width":700,"height":247,"caption":"Home of Wool"},"image":{"@id":"https:\/\/homeofwool.com\/#\/schema\/logo\/image\/"},"sameAs":["https:\/\/facebook.com\/HomeOfWoolOfficial"]}]}},"_links":{"self":[{"href":"https:\/\/homeofwool.com\/nb\/wp-json\/wp\/v2\/product\/217553","targetHints":{"allow":["GET"]}}],"collection":[{"href":"https:\/\/homeofwool.com\/nb\/wp-json\/wp\/v2\/product"}],"about":[{"href":"https:\/\/homeofwool.com\/nb\/wp-json\/wp\/v2\/types\/product"}],"version-history":[{"count":0,"href":"https:\/\/homeofwool.com\/nb\/wp-json\/wp\/v2\/product\/217553\/revisions"}],"wp:attachment":[{"href":"https:\/\/homeofwool.com\/nb\/wp-json\/wp\/v2\/media?parent=217553"}],"wp:term":[{"taxonomy":"product_brand","embeddable":true,"href":"https:\/\/homeofwool.com\/nb\/wp-json\/wp\/v2\/product_brand?post=217553"},{"taxonomy":"product_cat","embeddable":true,"href":"https:\/\/homeofwool.com\/nb\/wp-json\/wp\/v2\/product_cat?post=217553"},{"taxonomy":"product_tag","embeddable":true,"href":"https:\/\/homeofwool.com\/nb\/wp-json\/wp\/v2\/product_tag?post=217553"}],"curies":[{"name":"wp","href":"https:\/\/api.w.org\/{rel}","templated":true}]}}