{"id":217549,"date":"2025-09-02T12:00:57","date_gmt":"2025-09-02T12:00:57","guid":{"rendered":"https:\/\/homeofwool.com\/?post_type=product&#038;p=217549"},"modified":"2026-02-05T13:35:53","modified_gmt":"2026-02-05T13:35:53","slug":"svope","status":"publish","type":"product","link":"https:\/\/homeofwool.com\/nb\/shop\/swaddle-blanket\/","title":{"rendered":"Ullsv\u00f8pe"},"content":{"rendered":"<p>V\u00e5r sv\u00f8pe av jomfruull er laget for nyf\u00f8dte som fortjener den reneste starten p\u00e5 livet. Utsiden er laget av 100%-ull, mens innsiden er f\u00f4ret med pustende \u00f8kologisk bomullsstoff som f\u00f8les mykt og behagelig. Mellom de to lagene gir et tynt lag med ullvatt naturlig fylde og varme, noe som gj\u00f8r dette til et fantastisk koselig teppe eller sv\u00f8pe for babyer p\u00e5 kj\u00f8ligere netter. St\u00f8rrelsen p\u00e5 80 x 80 cm gir deg rikelig med stoff til \u00e5 sv\u00f8pe babyen din godt uten at det f\u00f8les klumpete. Den er ogs\u00e5 praktisk i barnevognen n\u00e5r luften blir kj\u00f8lig.<\/p>\n<p>Fordi denne baby-sv\u00f8pen i ull er fri for syntetiske stoffer, flammehemmere og fargestoffer, er den en virkelig allergivennlig sv\u00f8pe, som er trygg selv for sensitive babyer eller familier med allergi.<\/p>\n<p>Med en silkesl\u00f8yfe som gir et elegant preg, er dette naturlige babyteppet ikke bare praktisk, men ogs\u00e5 vakkert, noe som gj\u00f8r det til en perfekt gave til nyf\u00f8dte. Spesielt for babyer som skal f\u00f8des i kaldere \u00e5rstider. Det er fullstendig biologisk nedbrytbart og representerer et lite, men meningsfullt valg mot en b\u00e6rekraftig livsstil.<\/p>","protected":false},"excerpt":{"rendered":"<p>Denne nyf\u00f8dte sv\u00f8pen er laget av ren ull og \u00f8kologisk bomull, og gir en kokonglignende komfort som hjelper babyen din til \u00e5 f\u00f8le seg trygg og koselig. Den naturlige ullen holder babyen varm uten at den blir for varm. Uten tilsatte kjemikalier er dette en trygg og gjennomtenkt babygave. Spesielt godt egnet for sm\u00e5 barn som kommer til verden i de kalde m\u00e5nedene.<\/p>\n<div class=\"global-icon-set\">\n<div class=\"global-icon-set__items\">\n<div class=\"global-icon-set__item\">\n<div class=\"global-icon-set__image\">\n                                    <img decoding=\"async\" src=\"https:\/\/homeofwool.com\/wp-content\/uploads\/2025\/09\/handmade-icon-300x300.png\" alt=\"h\u00e5ndlaget ikon\" \/>\n                                <\/div>\n<div class=\"global-icon-set__title\">H\u00e5ndlaget<\/div>\n<\/p><\/div>\n<div class=\"global-icon-set__item\">\n<div class=\"global-icon-set__image\">\n                                    <img decoding=\"async\" src=\"https:\/\/homeofwool.com\/wp-content\/uploads\/2025\/09\/VOCs-min-300x300.png\" alt=\"vocs gratis\" \/>\n                                <\/div>\n<div class=\"global-icon-set__title\">VOC-fri<\/div>\n<\/p><\/div>\n<div class=\"global-icon-set__item\">\n<div class=\"global-icon-set__image\">\n                                    <img decoding=\"async\" src=\"https:\/\/homeofwool.com\/wp-content\/uploads\/2025\/09\/FR-min-300x300.png\" alt=\"brannsikker ikon\" \/>\n                                <\/div>\n<div class=\"global-icon-set__title\">Flammebestandig<\/div>\n<\/p><\/div>\n<div class=\"global-icon-set__item\">\n<div class=\"global-icon-set__image\">\n                                    <img decoding=\"async\" src=\"https:\/\/homeofwool.com\/wp-content\/uploads\/2025\/09\/Hypoallergenic-min-300x300.png\" alt=\"allergivennlig ikon\" \/>\n                                <\/div>\n<div class=\"global-icon-set__title\">Allergivenlig<\/div>\n<\/p><\/div>\n<div class=\"global-icon-set__item\">\n<div class=\"global-icon-set__image\">\n                                    <img decoding=\"async\" src=\"https:\/\/homeofwool.com\/wp-content\/uploads\/2025\/09\/free-of-synthetics-icon-300x300.png\" alt=\"fri for syntetiske stoffer ikon\" \/>\n                                <\/div>\n<div class=\"global-icon-set__title\">Fri for syntetiske stoffer<\/div>\n<\/p><\/div>\n<div class=\"global-icon-set__item\">\n<div class=\"global-icon-set__image\">\n                                    <img decoding=\"async\" src=\"https:\/\/homeofwool.com\/wp-content\/uploads\/2025\/09\/chemical-free-icon-300x300.png\" alt=\"kjemikaliefritt ikon\" \/>\n                                <\/div>\n<div class=\"global-icon-set__title\">Kjemikaliefri<\/div>\n<\/p><\/div>\n<div class=\"global-icon-set__item\">\n<div class=\"global-icon-set__image\">\n                                    <img decoding=\"async\" src=\"https:\/\/homeofwool.com\/wp-content\/uploads\/2025\/09\/anti-bacterial-icon-300x300.png\" alt=\"antibakteriell ikon\" \/>\n                                <\/div>\n<div class=\"global-icon-set__title\">Antimikrobiell og antibakteriell<\/div>\n<\/p><\/div>\n<div class=\"global-icon-set__item\">\n<div class=\"global-icon-set__image\">\n                                    <img decoding=\"async\" src=\"https:\/\/homeofwool.com\/wp-content\/uploads\/2025\/09\/certified-materials-icon-300x300.png\" alt=\"ikon for sertifiserte materialer\" \/>\n                                <\/div>\n<div class=\"global-icon-set__title\">100% Rene sertifiserte materialer<\/div>\n<\/p><\/div>\n<\/p><\/div>\n<\/p><\/div>","protected":false},"featured_media":218625,"template":"","meta":{"_acf_changed":false},"product_brand":[],"product_cat":[266,60,267],"product_tag":[296,297,298,299,300,301],"class_list":{"0":"post-217549","1":"product","2":"type-product","3":"status-publish","4":"has-post-thumbnail","6":"product_cat-baby-sleep-products","7":"product_cat-blankets-duvets","8":"product_cat-nursery","9":"product_tag-baby-shower-gift-idea","10":"product_tag-baby-swaddle","11":"product_tag-handmade-baby-blankets","12":"product_tag-organic-baby-blanket","13":"product_tag-personalized-baby-blankets","14":"product_tag-swaddle-wrap","16":"first","17":"instock","18":"shipping-taxable","19":"purchasable","20":"product-type-simple"},"acf":[],"yoast_head":"<!-- This site is optimized with the Yoast SEO Premium plugin v27.3 (Yoast SEO v27.3) - https:\/\/yoast.com\/product\/yoast-seo-premium-wordpress\/ -->\n<title>Swaddle Blanket \u2013 Pure Wool &amp; Cotton Baby Wrap | Home of Wool<\/title>\n<meta name=\"description\" content=\"Soft and cozy, the Swaddle Blanket blends pure wool and cotton for breathable comfort. Hypoallergenic and toxin-free, it keeps newborns snug and safe for cribs, strollers, and everyday use.\" \/>\n<meta name=\"robots\" content=\"index, follow, max-snippet:-1, max-image-preview:large, max-video-preview:-1\" \/>\n<link rel=\"canonical\" href=\"https:\/\/homeofwool.com\/nb\/butikk\/svope\/\" \/>\n<meta property=\"og:locale\" content=\"nb_NO\" \/>\n<meta property=\"og:type\" content=\"article\" \/>\n<meta property=\"og:title\" content=\"Wool Swaddle Blanket\" \/>\n<meta property=\"og:description\" content=\"Soft and cozy, the Swaddle Blanket blends pure wool and cotton for breathable comfort. Hypoallergenic and toxin-free, it keeps newborns snug and safe for cribs, strollers, and everyday use.\" \/>\n<meta property=\"og:url\" content=\"https:\/\/homeofwool.com\/nb\/butikk\/svope\/\" \/>\n<meta property=\"og:site_name\" content=\"Home of Wool\" \/>\n<meta property=\"article:publisher\" content=\"https:\/\/facebook.com\/HomeOfWoolOfficial\" \/>\n<meta property=\"article:modified_time\" content=\"2026-02-05T13:35:53+00:00\" \/>\n<meta property=\"og:image\" content=\"https:\/\/homeofwool.com\/wp-content\/uploads\/2025\/09\/home-of-wool-newborn-swaddle-blanket-1-main-scaled.jpg\" \/>\n\t<meta property=\"og:image:width\" content=\"2560\" \/>\n\t<meta property=\"og:image:height\" content=\"2048\" \/>\n\t<meta property=\"og:image:type\" content=\"image\/jpeg\" \/>\n<meta name=\"twitter:card\" content=\"summary_large_image\" \/>\n<meta name=\"twitter:label1\" content=\"Ansl. lesetid\" \/>\n\t<meta name=\"twitter:data1\" content=\"1 minutt\" \/>\n<script type=\"application\/ld+json\" class=\"yoast-schema-graph\">{\"@context\":\"https:\\\/\\\/schema.org\",\"@graph\":[{\"@type\":\"WebPage\",\"@id\":\"https:\\\/\\\/homeofwool.com\\\/shop\\\/swaddle-blanket\\\/\",\"url\":\"https:\\\/\\\/homeofwool.com\\\/shop\\\/swaddle-blanket\\\/\",\"name\":\"Swaddle Blanket \u2013 Pure Wool & Cotton Baby Wrap | Home of Wool\",\"isPartOf\":{\"@id\":\"https:\\\/\\\/homeofwool.com\\\/#website\"},\"primaryImageOfPage\":{\"@id\":\"https:\\\/\\\/homeofwool.com\\\/shop\\\/swaddle-blanket\\\/#primaryimage\"},\"image\":{\"@id\":\"https:\\\/\\\/homeofwool.com\\\/shop\\\/swaddle-blanket\\\/#primaryimage\"},\"thumbnailUrl\":\"https:\\\/\\\/homeofwool.com\\\/wp-content\\\/uploads\\\/2025\\\/09\\\/home-of-wool-newborn-swaddle-blanket-1-main-scaled.jpg\",\"datePublished\":\"2025-09-02T12:00:57+00:00\",\"dateModified\":\"2026-02-05T13:35:53+00:00\",\"description\":\"Soft and cozy, the Swaddle Blanket blends pure wool and cotton for breathable comfort. Hypoallergenic and toxin-free, it keeps newborns snug and safe for cribs, strollers, and everyday use.\",\"breadcrumb\":{\"@id\":\"https:\\\/\\\/homeofwool.com\\\/shop\\\/swaddle-blanket\\\/#breadcrumb\"},\"inLanguage\":\"nb-NO\",\"potentialAction\":[{\"@type\":\"ReadAction\",\"target\":[\"https:\\\/\\\/homeofwool.com\\\/shop\\\/swaddle-blanket\\\/\"]}]},{\"@type\":\"ImageObject\",\"inLanguage\":\"nb-NO\",\"@id\":\"https:\\\/\\\/homeofwool.com\\\/shop\\\/swaddle-blanket\\\/#primaryimage\",\"url\":\"https:\\\/\\\/homeofwool.com\\\/wp-content\\\/uploads\\\/2025\\\/09\\\/home-of-wool-newborn-swaddle-blanket-1-main-scaled.jpg\",\"contentUrl\":\"https:\\\/\\\/homeofwool.com\\\/wp-content\\\/uploads\\\/2025\\\/09\\\/home-of-wool-newborn-swaddle-blanket-1-main-scaled.jpg\",\"width\":2560,\"height\":2048,\"caption\":\"mom holding baby covered with home of wool saddle blanket\"},{\"@type\":\"BreadcrumbList\",\"@id\":\"https:\\\/\\\/homeofwool.com\\\/shop\\\/swaddle-blanket\\\/#breadcrumb\",\"itemListElement\":[{\"@type\":\"ListItem\",\"position\":1,\"name\":\"Home\",\"item\":\"https:\\\/\\\/homeofwool.com\\\/\"},{\"@type\":\"ListItem\",\"position\":2,\"name\":\"Products\",\"item\":\"https:\\\/\\\/homeofwool.com\\\/header-search-2\\\/\"},{\"@type\":\"ListItem\",\"position\":3,\"name\":\"Wool Swaddle Blanket\"}]},{\"@type\":\"WebSite\",\"@id\":\"https:\\\/\\\/homeofwool.com\\\/#website\",\"url\":\"https:\\\/\\\/homeofwool.com\\\/\",\"name\":\"Home of Wool\",\"description\":\"\",\"publisher\":{\"@id\":\"https:\\\/\\\/homeofwool.com\\\/#organization\"},\"potentialAction\":[{\"@type\":\"SearchAction\",\"target\":{\"@type\":\"EntryPoint\",\"urlTemplate\":\"https:\\\/\\\/homeofwool.com\\\/?s={search_term_string}\"},\"query-input\":{\"@type\":\"PropertyValueSpecification\",\"valueRequired\":true,\"valueName\":\"search_term_string\"}}],\"inLanguage\":\"nb-NO\"},{\"@type\":\"Organization\",\"@id\":\"https:\\\/\\\/homeofwool.com\\\/#organization\",\"name\":\"Home of Wool\",\"url\":\"https:\\\/\\\/homeofwool.com\\\/\",\"logo\":{\"@type\":\"ImageObject\",\"inLanguage\":\"nb-NO\",\"@id\":\"https:\\\/\\\/homeofwool.com\\\/#\\\/schema\\\/logo\\\/image\\\/\",\"url\":\"https:\\\/\\\/homeofwool.com\\\/wp-content\\\/uploads\\\/2025\\\/09\\\/WhatsApp-Image-2025-12-02-at-16.23.20.jpeg\",\"contentUrl\":\"https:\\\/\\\/homeofwool.com\\\/wp-content\\\/uploads\\\/2025\\\/09\\\/WhatsApp-Image-2025-12-02-at-16.23.20.jpeg\",\"width\":700,\"height\":247,\"caption\":\"Home of Wool\"},\"image\":{\"@id\":\"https:\\\/\\\/homeofwool.com\\\/#\\\/schema\\\/logo\\\/image\\\/\"},\"sameAs\":[\"https:\\\/\\\/facebook.com\\\/HomeOfWoolOfficial\"]}]}<\/script>\n<!-- \/ Yoast SEO Premium plugin. -->","yoast_head_json":{"title":"Sv\u00f8pe \u2013 Sv\u00f8pe av ren ull og bomull til babyer | Home of Wool","description":"Swaddle Blanket er myk og koselig og best\u00e5r av ren ull og bomull som gir god pusteevne og komfort. Den er allergivennlig og giftfri, og holder nyf\u00f8dte barn trygge og varme i barnesenger, barnevogner og til daglig bruk.","robots":{"index":"index","follow":"follow","max-snippet":"max-snippet:-1","max-image-preview":"max-image-preview:large","max-video-preview":"max-video-preview:-1"},"canonical":"https:\/\/homeofwool.com\/nb\/butikk\/svope\/","og_locale":"nb_NO","og_type":"article","og_title":"Wool Swaddle Blanket","og_description":"Soft and cozy, the Swaddle Blanket blends pure wool and cotton for breathable comfort. Hypoallergenic and toxin-free, it keeps newborns snug and safe for cribs, strollers, and everyday use.","og_url":"https:\/\/homeofwool.com\/nb\/butikk\/svope\/","og_site_name":"Home of Wool","article_publisher":"https:\/\/facebook.com\/HomeOfWoolOfficial","article_modified_time":"2026-02-05T13:35:53+00:00","og_image":[{"width":2560,"height":2048,"url":"https:\/\/homeofwool.com\/wp-content\/uploads\/2025\/09\/home-of-wool-newborn-swaddle-blanket-1-main-scaled.jpg","type":"image\/jpeg"}],"twitter_card":"summary_large_image","twitter_misc":{"Ansl. lesetid":"1 minutt"},"schema":{"@context":"https:\/\/schema.org","@graph":[{"@type":"WebPage","@id":"https:\/\/homeofwool.com\/shop\/swaddle-blanket\/","url":"https:\/\/homeofwool.com\/shop\/swaddle-blanket\/","name":"Sv\u00f8pe \u2013 Sv\u00f8pe av ren ull og bomull til babyer | Home of Wool","isPartOf":{"@id":"https:\/\/homeofwool.com\/#website"},"primaryImageOfPage":{"@id":"https:\/\/homeofwool.com\/shop\/swaddle-blanket\/#primaryimage"},"image":{"@id":"https:\/\/homeofwool.com\/shop\/swaddle-blanket\/#primaryimage"},"thumbnailUrl":"https:\/\/homeofwool.com\/wp-content\/uploads\/2025\/09\/home-of-wool-newborn-swaddle-blanket-1-main-scaled.jpg","datePublished":"2025-09-02T12:00:57+00:00","dateModified":"2026-02-05T13:35:53+00:00","description":"Swaddle Blanket er myk og koselig og best\u00e5r av ren ull og bomull som gir god pusteevne og komfort. Den er allergivennlig og giftfri, og holder nyf\u00f8dte barn trygge og varme i barnesenger, barnevogner og til daglig bruk.","breadcrumb":{"@id":"https:\/\/homeofwool.com\/shop\/swaddle-blanket\/#breadcrumb"},"inLanguage":"nb-NO","potentialAction":[{"@type":"ReadAction","target":["https:\/\/homeofwool.com\/shop\/swaddle-blanket\/"]}]},{"@type":"ImageObject","inLanguage":"nb-NO","@id":"https:\/\/homeofwool.com\/shop\/swaddle-blanket\/#primaryimage","url":"https:\/\/homeofwool.com\/wp-content\/uploads\/2025\/09\/home-of-wool-newborn-swaddle-blanket-1-main-scaled.jpg","contentUrl":"https:\/\/homeofwool.com\/wp-content\/uploads\/2025\/09\/home-of-wool-newborn-swaddle-blanket-1-main-scaled.jpg","width":2560,"height":2048,"caption":"mom holding baby covered with home of wool saddle blanket"},{"@type":"BreadcrumbList","@id":"https:\/\/homeofwool.com\/shop\/swaddle-blanket\/#breadcrumb","itemListElement":[{"@type":"ListItem","position":1,"name":"Home","item":"https:\/\/homeofwool.com\/"},{"@type":"ListItem","position":2,"name":"Products","item":"https:\/\/homeofwool.com\/header-search-2\/"},{"@type":"ListItem","position":3,"name":"Wool Swaddle Blanket"}]},{"@type":"WebSite","@id":"https:\/\/homeofwool.com\/#website","url":"https:\/\/homeofwool.com\/","name":"Hjem til ull","description":"","publisher":{"@id":"https:\/\/homeofwool.com\/#organization"},"potentialAction":[{"@type":"SearchAction","target":{"@type":"EntryPoint","urlTemplate":"https:\/\/homeofwool.com\/?s={search_term_string}"},"query-input":{"@type":"PropertyValueSpecification","valueRequired":true,"valueName":"search_term_string"}}],"inLanguage":"nb-NO"},{"@type":"Organization","@id":"https:\/\/homeofwool.com\/#organization","name":"Hjem til ull","url":"https:\/\/homeofwool.com\/","logo":{"@type":"ImageObject","inLanguage":"nb-NO","@id":"https:\/\/homeofwool.com\/#\/schema\/logo\/image\/","url":"https:\/\/homeofwool.com\/wp-content\/uploads\/2025\/09\/WhatsApp-Image-2025-12-02-at-16.23.20.jpeg","contentUrl":"https:\/\/homeofwool.com\/wp-content\/uploads\/2025\/09\/WhatsApp-Image-2025-12-02-at-16.23.20.jpeg","width":700,"height":247,"caption":"Home of Wool"},"image":{"@id":"https:\/\/homeofwool.com\/#\/schema\/logo\/image\/"},"sameAs":["https:\/\/facebook.com\/HomeOfWoolOfficial"]}]}},"_links":{"self":[{"href":"https:\/\/homeofwool.com\/nb\/wp-json\/wp\/v2\/product\/217549","targetHints":{"allow":["GET"]}}],"collection":[{"href":"https:\/\/homeofwool.com\/nb\/wp-json\/wp\/v2\/product"}],"about":[{"href":"https:\/\/homeofwool.com\/nb\/wp-json\/wp\/v2\/types\/product"}],"version-history":[{"count":2,"href":"https:\/\/homeofwool.com\/nb\/wp-json\/wp\/v2\/product\/217549\/revisions"}],"predecessor-version":[{"id":227971,"href":"https:\/\/homeofwool.com\/nb\/wp-json\/wp\/v2\/product\/217549\/revisions\/227971"}],"wp:featuredmedia":[{"embeddable":true,"href":"https:\/\/homeofwool.com\/nb\/wp-json\/wp\/v2\/media\/218625"}],"wp:attachment":[{"href":"https:\/\/homeofwool.com\/nb\/wp-json\/wp\/v2\/media?parent=217549"}],"wp:term":[{"taxonomy":"product_brand","embeddable":true,"href":"https:\/\/homeofwool.com\/nb\/wp-json\/wp\/v2\/product_brand?post=217549"},{"taxonomy":"product_cat","embeddable":true,"href":"https:\/\/homeofwool.com\/nb\/wp-json\/wp\/v2\/product_cat?post=217549"},{"taxonomy":"product_tag","embeddable":true,"href":"https:\/\/homeofwool.com\/nb\/wp-json\/wp\/v2\/product_tag?post=217549"}],"curies":[{"name":"wp","href":"https:\/\/api.w.org\/{rel}","templated":true}]}}