{"id":217544,"date":"2025-09-02T12:00:57","date_gmt":"2025-09-02T12:00:57","guid":{"rendered":"https:\/\/homeofwool.com\/?post_type=product&#038;p=217544"},"modified":"2026-02-05T15:33:37","modified_gmt":"2026-02-05T15:33:37","slug":"reiseklemmeteppe","status":"publish","type":"product","link":"https:\/\/homeofwool.com\/nb\/shop\/travel-changing-mat\/","title":{"rendered":"B\u00e6rbar stelleunderlag"},"content":{"rendered":"<p>Alle foreldre trenger et trygt og komfortabelt sted \u00e5 skifte bleier, og denne stelleunderlaget er designet for \u00e5 dekke dette behovet uansett hvor du er. Innvendig er det polstret med myk ullvatt. Det gir akkurat riktig mengde demping uten \u00e5 v\u00e6re ekstremt klumpete. Det er ogs\u00e5 et perfekt underlag for de f\u00f8rste milde babymassasjene og sm\u00e5 strekk\u00f8velser.<\/p>\n<p>Dekselet er laget av \u00f8kologisk stoff etter eget valg: \u00f8kologisk bomull eller ny ull. Det kan \u00e5pnes med glidel\u00e5s for enkel vask, slik at du alltid kan holde det rent. En liten lomme gir plass til v\u00e5tservietter og krem. B\u00e5ndene holder bindet brettet n\u00e5r du er p\u00e5 farten.<\/p>\n<p>N\u00e5r den er \u00e5pen, gir den babyen din en romslig plass p\u00e5 68 x 68 cm til \u00e5 ligge og bevege seg fritt. Du kan brette den sammen til en veldig kompakt st\u00f8rrelse. 22 x 33 x 8 cm, lett \u00e5 putte i en veske eller barnevogn.<\/p>\n<p>Denne sammenleggbare stelleunderlaget er laget uten syntetiske stoffer eller kjemikalier og uten VOC-gasser eller avgassing, og er like trygt som det er praktisk.<\/p>","protected":false},"excerpt":{"rendered":"<p>Denne b\u00e6rbare stelleunderlaget gir deg og babyen din en ren, myk overflate for bleieskift og babymassasje hvor som helst. Fylt med pustende ull og innpakket i \u00f8kologisk bomull, kan den brettes pent sammen for reiser, men f\u00f8les like behagelig som et stelleunderlag hjemme. Sikker og enkel \u00e5 vaske. Det perfekte underlaget for dine daglige rutiner med babyen.<\/p>\n<div class=\"global-icon-set\">\n<div class=\"global-icon-set__items\">\n<div class=\"global-icon-set__item\">\n<div class=\"global-icon-set__image\">\n                                    <img decoding=\"async\" src=\"https:\/\/homeofwool.com\/wp-content\/uploads\/2025\/09\/handmade-icon-300x300.png\" alt=\"h\u00e5ndlaget ikon\" \/>\n                                <\/div>\n<div class=\"global-icon-set__title\">H\u00e5ndlaget<\/div>\n<\/p><\/div>\n<div class=\"global-icon-set__item\">\n<div class=\"global-icon-set__image\">\n                                    <img decoding=\"async\" src=\"https:\/\/homeofwool.com\/wp-content\/uploads\/2025\/09\/Hypoallergenic-min-300x300.png\" alt=\"allergivennlig ikon\" \/>\n                                <\/div>\n<div class=\"global-icon-set__title\">Allergivenlig<\/div>\n<\/p><\/div>\n<div class=\"global-icon-set__item\">\n<div class=\"global-icon-set__image\">\n                                    <img decoding=\"async\" src=\"https:\/\/homeofwool.com\/wp-content\/uploads\/2025\/09\/FR-min-300x300.png\" alt=\"brannsikker ikon\" \/>\n                                <\/div>\n<div class=\"global-icon-set__title\">Flammebestandig<\/div>\n<\/p><\/div>\n<div class=\"global-icon-set__item\">\n<div class=\"global-icon-set__image\">\n                                    <img decoding=\"async\" src=\"https:\/\/homeofwool.com\/wp-content\/uploads\/2025\/09\/free-of-synthetics-icon-300x300.png\" alt=\"fri for syntetiske stoffer ikon\" \/>\n                                <\/div>\n<div class=\"global-icon-set__title\">Fri for syntetiske stoffer<\/div>\n<\/p><\/div>\n<div class=\"global-icon-set__item\">\n<div class=\"global-icon-set__image\">\n                                    <img decoding=\"async\" src=\"https:\/\/homeofwool.com\/wp-content\/uploads\/2025\/09\/chemical-free-icon-300x300.png\" alt=\"kjemikaliefritt ikon\" \/>\n                                <\/div>\n<div class=\"global-icon-set__title\">Kjemikaliefri<\/div>\n<\/p><\/div>\n<div class=\"global-icon-set__item\">\n<div class=\"global-icon-set__image\">\n                                    <img decoding=\"async\" src=\"https:\/\/homeofwool.com\/wp-content\/uploads\/2025\/09\/anti-bacterial-icon-300x300.png\" alt=\"antibakteriell ikon\" \/>\n                                <\/div>\n<div class=\"global-icon-set__title\">Antimikrobiell og antibakteriell<\/div>\n<\/p><\/div>\n<div class=\"global-icon-set__item\">\n<div class=\"global-icon-set__image\">\n                                    <img decoding=\"async\" src=\"https:\/\/homeofwool.com\/wp-content\/uploads\/2025\/09\/certified-materials-icon-300x300.png\" alt=\"ikon for sertifiserte materialer\" \/>\n                                <\/div>\n<div class=\"global-icon-set__title\">100% Rene sertifiserte materialer<\/div>\n<\/p><\/div>\n<\/p><\/div>\n<\/p><\/div>","protected":false},"featured_media":224451,"template":"","meta":{"_acf_changed":false},"product_brand":[],"product_cat":[267],"product_tag":[275,276,277,278,279,280,281],"class_list":{"0":"post-217544","1":"product","2":"type-product","3":"status-publish","4":"has-post-thumbnail","6":"product_cat-nursery","7":"product_tag-baby-changer","8":"product_tag-baby-changing-mat","9":"product_tag-changing-pad","10":"product_tag-custom-baby-pad","11":"product_tag-diaper-change","12":"product_tag-nappy-change","13":"product_tag-travel-changing-mat","15":"first","16":"instock","17":"shipping-taxable","18":"purchasable","19":"product-type-variable"},"acf":[],"yoast_head":"<!-- This site is optimized with the Yoast SEO Premium plugin v27.4 (Yoast SEO v27.4) - https:\/\/yoast.com\/product\/yoast-seo-premium-wordpress\/ -->\n<title>Changing Mat \u2013 Organic, Foldable &amp; Travel-Friendly | Home of Wool<\/title>\n<meta name=\"description\" content=\"Foldable and portable, the Changing Mat is filled with organic wool for breathable comfort. Hypoallergenic and toxin-free, it provides safe and sustainable protection during diaper changes.\" \/>\n<meta name=\"robots\" content=\"index, follow, max-snippet:-1, max-image-preview:large, max-video-preview:-1\" \/>\n<link rel=\"canonical\" href=\"https:\/\/homeofwool.com\/nb\/butikk\/reiseklemmeteppe\/\" \/>\n<meta property=\"og:locale\" content=\"nb_NO\" \/>\n<meta property=\"og:type\" content=\"article\" \/>\n<meta property=\"og:title\" content=\"Portable Changing Pad\" \/>\n<meta property=\"og:description\" content=\"Foldable and portable, the Changing Mat is filled with organic wool for breathable comfort. Hypoallergenic and toxin-free, it provides safe and sustainable protection during diaper changes.\" \/>\n<meta property=\"og:url\" content=\"https:\/\/homeofwool.com\/nb\/butikk\/reiseklemmeteppe\/\" \/>\n<meta property=\"og:site_name\" content=\"Home of Wool\" \/>\n<meta property=\"article:publisher\" content=\"https:\/\/facebook.com\/HomeOfWoolOfficial\" \/>\n<meta property=\"article:modified_time\" content=\"2026-02-05T15:33:37+00:00\" \/>\n<meta property=\"og:image\" content=\"https:\/\/homeofwool.com\/wp-content\/uploads\/2025\/09\/home-of-wool-portable-changing-pad-2.jpg\" \/>\n\t<meta property=\"og:image:width\" content=\"2000\" \/>\n\t<meta property=\"og:image:height\" content=\"1600\" \/>\n\t<meta property=\"og:image:type\" content=\"image\/jpeg\" \/>\n<meta name=\"twitter:card\" content=\"summary_large_image\" \/>\n<meta name=\"twitter:label1\" content=\"Ansl. lesetid\" \/>\n\t<meta name=\"twitter:data1\" content=\"2 minutter\" \/>\n<script type=\"application\/ld+json\" class=\"yoast-schema-graph\">{\"@context\":\"https:\\\/\\\/schema.org\",\"@graph\":[{\"@type\":\"WebPage\",\"@id\":\"https:\\\/\\\/homeofwool.com\\\/shop\\\/travel-changing-mat\\\/\",\"url\":\"https:\\\/\\\/homeofwool.com\\\/shop\\\/travel-changing-mat\\\/\",\"name\":\"Changing Mat \u2013 Organic, Foldable & Travel-Friendly | Home of Wool\",\"isPartOf\":{\"@id\":\"https:\\\/\\\/homeofwool.com\\\/#website\"},\"primaryImageOfPage\":{\"@id\":\"https:\\\/\\\/homeofwool.com\\\/shop\\\/travel-changing-mat\\\/#primaryimage\"},\"image\":{\"@id\":\"https:\\\/\\\/homeofwool.com\\\/shop\\\/travel-changing-mat\\\/#primaryimage\"},\"thumbnailUrl\":\"https:\\\/\\\/homeofwool.com\\\/wp-content\\\/uploads\\\/2025\\\/09\\\/home-of-wool-portable-changing-pad-2.jpg\",\"datePublished\":\"2025-09-02T12:00:57+00:00\",\"dateModified\":\"2026-02-05T15:33:37+00:00\",\"description\":\"Foldable and portable, the Changing Mat is filled with organic wool for breathable comfort. Hypoallergenic and toxin-free, it provides safe and sustainable protection during diaper changes.\",\"breadcrumb\":{\"@id\":\"https:\\\/\\\/homeofwool.com\\\/shop\\\/travel-changing-mat\\\/#breadcrumb\"},\"inLanguage\":\"nb-NO\",\"potentialAction\":[{\"@type\":\"ReadAction\",\"target\":[\"https:\\\/\\\/homeofwool.com\\\/shop\\\/travel-changing-mat\\\/\"]}]},{\"@type\":\"ImageObject\",\"inLanguage\":\"nb-NO\",\"@id\":\"https:\\\/\\\/homeofwool.com\\\/shop\\\/travel-changing-mat\\\/#primaryimage\",\"url\":\"https:\\\/\\\/homeofwool.com\\\/wp-content\\\/uploads\\\/2025\\\/09\\\/home-of-wool-portable-changing-pad-2.jpg\",\"contentUrl\":\"https:\\\/\\\/homeofwool.com\\\/wp-content\\\/uploads\\\/2025\\\/09\\\/home-of-wool-portable-changing-pad-2.jpg\",\"width\":2000,\"height\":1600,\"caption\":\"baby on top of portable changing pad\"},{\"@type\":\"BreadcrumbList\",\"@id\":\"https:\\\/\\\/homeofwool.com\\\/shop\\\/travel-changing-mat\\\/#breadcrumb\",\"itemListElement\":[{\"@type\":\"ListItem\",\"position\":1,\"name\":\"Home\",\"item\":\"https:\\\/\\\/homeofwool.com\\\/\"},{\"@type\":\"ListItem\",\"position\":2,\"name\":\"Products\",\"item\":\"https:\\\/\\\/homeofwool.com\\\/header-search-2\\\/\"},{\"@type\":\"ListItem\",\"position\":3,\"name\":\"Portable Changing Pad\"}]},{\"@type\":\"WebSite\",\"@id\":\"https:\\\/\\\/homeofwool.com\\\/#website\",\"url\":\"https:\\\/\\\/homeofwool.com\\\/\",\"name\":\"Home of Wool\",\"description\":\"\",\"publisher\":{\"@id\":\"https:\\\/\\\/homeofwool.com\\\/#organization\"},\"potentialAction\":[{\"@type\":\"SearchAction\",\"target\":{\"@type\":\"EntryPoint\",\"urlTemplate\":\"https:\\\/\\\/homeofwool.com\\\/?s={search_term_string}\"},\"query-input\":{\"@type\":\"PropertyValueSpecification\",\"valueRequired\":true,\"valueName\":\"search_term_string\"}}],\"inLanguage\":\"nb-NO\"},{\"@type\":\"Organization\",\"@id\":\"https:\\\/\\\/homeofwool.com\\\/#organization\",\"name\":\"Home of Wool\",\"url\":\"https:\\\/\\\/homeofwool.com\\\/\",\"logo\":{\"@type\":\"ImageObject\",\"inLanguage\":\"nb-NO\",\"@id\":\"https:\\\/\\\/homeofwool.com\\\/#\\\/schema\\\/logo\\\/image\\\/\",\"url\":\"https:\\\/\\\/homeofwool.com\\\/wp-content\\\/uploads\\\/2025\\\/09\\\/WhatsApp-Image-2025-12-02-at-16.23.20.jpeg\",\"contentUrl\":\"https:\\\/\\\/homeofwool.com\\\/wp-content\\\/uploads\\\/2025\\\/09\\\/WhatsApp-Image-2025-12-02-at-16.23.20.jpeg\",\"width\":700,\"height\":247,\"caption\":\"Home of Wool\"},\"image\":{\"@id\":\"https:\\\/\\\/homeofwool.com\\\/#\\\/schema\\\/logo\\\/image\\\/\"},\"sameAs\":[\"https:\\\/\\\/facebook.com\\\/HomeOfWoolOfficial\"]}]}<\/script>\n<!-- \/ Yoast SEO Premium plugin. -->","yoast_head_json":{"title":"Skiftematte \u2013 \u00f8kologisk, sammenleggbar og reisevennlig | Home of Wool","description":"Den sammenleggbare og b\u00e6rbare stellematten er fylt med \u00f8kologisk ull for \u00e5 gi god pusteevne og komfort. Den er allergivennlig og giftfri, og gir sikker og b\u00e6rekraftig beskyttelse under bleieskift.","robots":{"index":"index","follow":"follow","max-snippet":"max-snippet:-1","max-image-preview":"max-image-preview:large","max-video-preview":"max-video-preview:-1"},"canonical":"https:\/\/homeofwool.com\/nb\/butikk\/reiseklemmeteppe\/","og_locale":"nb_NO","og_type":"article","og_title":"Portable Changing Pad","og_description":"Foldable and portable, the Changing Mat is filled with organic wool for breathable comfort. Hypoallergenic and toxin-free, it provides safe and sustainable protection during diaper changes.","og_url":"https:\/\/homeofwool.com\/nb\/butikk\/reiseklemmeteppe\/","og_site_name":"Home of Wool","article_publisher":"https:\/\/facebook.com\/HomeOfWoolOfficial","article_modified_time":"2026-02-05T15:33:37+00:00","og_image":[{"width":2000,"height":1600,"url":"https:\/\/homeofwool.com\/wp-content\/uploads\/2025\/09\/home-of-wool-portable-changing-pad-2.jpg","type":"image\/jpeg"}],"twitter_card":"summary_large_image","twitter_misc":{"Ansl. lesetid":"2 minutter"},"schema":{"@context":"https:\/\/schema.org","@graph":[{"@type":"WebPage","@id":"https:\/\/homeofwool.com\/shop\/travel-changing-mat\/","url":"https:\/\/homeofwool.com\/shop\/travel-changing-mat\/","name":"Skiftematte \u2013 \u00f8kologisk, sammenleggbar og reisevennlig | Home of Wool","isPartOf":{"@id":"https:\/\/homeofwool.com\/#website"},"primaryImageOfPage":{"@id":"https:\/\/homeofwool.com\/shop\/travel-changing-mat\/#primaryimage"},"image":{"@id":"https:\/\/homeofwool.com\/shop\/travel-changing-mat\/#primaryimage"},"thumbnailUrl":"https:\/\/homeofwool.com\/wp-content\/uploads\/2025\/09\/home-of-wool-portable-changing-pad-2.jpg","datePublished":"2025-09-02T12:00:57+00:00","dateModified":"2026-02-05T15:33:37+00:00","description":"Den sammenleggbare og b\u00e6rbare stellematten er fylt med \u00f8kologisk ull for \u00e5 gi god pusteevne og komfort. Den er allergivennlig og giftfri, og gir sikker og b\u00e6rekraftig beskyttelse under bleieskift.","breadcrumb":{"@id":"https:\/\/homeofwool.com\/shop\/travel-changing-mat\/#breadcrumb"},"inLanguage":"nb-NO","potentialAction":[{"@type":"ReadAction","target":["https:\/\/homeofwool.com\/shop\/travel-changing-mat\/"]}]},{"@type":"ImageObject","inLanguage":"nb-NO","@id":"https:\/\/homeofwool.com\/shop\/travel-changing-mat\/#primaryimage","url":"https:\/\/homeofwool.com\/wp-content\/uploads\/2025\/09\/home-of-wool-portable-changing-pad-2.jpg","contentUrl":"https:\/\/homeofwool.com\/wp-content\/uploads\/2025\/09\/home-of-wool-portable-changing-pad-2.jpg","width":2000,"height":1600,"caption":"baby on top of portable changing pad"},{"@type":"BreadcrumbList","@id":"https:\/\/homeofwool.com\/shop\/travel-changing-mat\/#breadcrumb","itemListElement":[{"@type":"ListItem","position":1,"name":"Home","item":"https:\/\/homeofwool.com\/"},{"@type":"ListItem","position":2,"name":"Products","item":"https:\/\/homeofwool.com\/header-search-2\/"},{"@type":"ListItem","position":3,"name":"Portable Changing Pad"}]},{"@type":"WebSite","@id":"https:\/\/homeofwool.com\/#website","url":"https:\/\/homeofwool.com\/","name":"Hjem til ull","description":"","publisher":{"@id":"https:\/\/homeofwool.com\/#organization"},"potentialAction":[{"@type":"SearchAction","target":{"@type":"EntryPoint","urlTemplate":"https:\/\/homeofwool.com\/?s={search_term_string}"},"query-input":{"@type":"PropertyValueSpecification","valueRequired":true,"valueName":"search_term_string"}}],"inLanguage":"nb-NO"},{"@type":"Organization","@id":"https:\/\/homeofwool.com\/#organization","name":"Hjem til ull","url":"https:\/\/homeofwool.com\/","logo":{"@type":"ImageObject","inLanguage":"nb-NO","@id":"https:\/\/homeofwool.com\/#\/schema\/logo\/image\/","url":"https:\/\/homeofwool.com\/wp-content\/uploads\/2025\/09\/WhatsApp-Image-2025-12-02-at-16.23.20.jpeg","contentUrl":"https:\/\/homeofwool.com\/wp-content\/uploads\/2025\/09\/WhatsApp-Image-2025-12-02-at-16.23.20.jpeg","width":700,"height":247,"caption":"Home of Wool"},"image":{"@id":"https:\/\/homeofwool.com\/#\/schema\/logo\/image\/"},"sameAs":["https:\/\/facebook.com\/HomeOfWoolOfficial"]}]}},"_links":{"self":[{"href":"https:\/\/homeofwool.com\/nb\/wp-json\/wp\/v2\/product\/217544","targetHints":{"allow":["GET"]}}],"collection":[{"href":"https:\/\/homeofwool.com\/nb\/wp-json\/wp\/v2\/product"}],"about":[{"href":"https:\/\/homeofwool.com\/nb\/wp-json\/wp\/v2\/types\/product"}],"version-history":[{"count":2,"href":"https:\/\/homeofwool.com\/nb\/wp-json\/wp\/v2\/product\/217544\/revisions"}],"predecessor-version":[{"id":227980,"href":"https:\/\/homeofwool.com\/nb\/wp-json\/wp\/v2\/product\/217544\/revisions\/227980"}],"wp:featuredmedia":[{"embeddable":true,"href":"https:\/\/homeofwool.com\/nb\/wp-json\/wp\/v2\/media\/224451"}],"wp:attachment":[{"href":"https:\/\/homeofwool.com\/nb\/wp-json\/wp\/v2\/media?parent=217544"}],"wp:term":[{"taxonomy":"product_brand","embeddable":true,"href":"https:\/\/homeofwool.com\/nb\/wp-json\/wp\/v2\/product_brand?post=217544"},{"taxonomy":"product_cat","embeddable":true,"href":"https:\/\/homeofwool.com\/nb\/wp-json\/wp\/v2\/product_cat?post=217544"},{"taxonomy":"product_tag","embeddable":true,"href":"https:\/\/homeofwool.com\/nb\/wp-json\/wp\/v2\/product_tag?post=217544"}],"curies":[{"name":"wp","href":"https:\/\/api.w.org\/{rel}","templated":true}]}}