{"id":217538,"date":"2025-09-02T12:00:56","date_gmt":"2025-09-02T12:00:56","guid":{"rendered":"https:\/\/homeofwool.com\/?post_type=product&#038;p=217538"},"modified":"2026-02-09T13:01:53","modified_gmt":"2026-02-09T13:01:53","slug":"montessori-tekstiler-boks","status":"publish","type":"product","link":"https:\/\/homeofwool.com\/nb\/shop\/montessori-fabrics-box\/","title":{"rendered":"Montessori stoffeske"},"content":{"rendered":"<div data-elementor-type=\"product-post\" data-elementor-id=\"217538\" class=\"elementor elementor-217538\" data-elementor-post-type=\"product\">\n\t\t\t\t<div class=\"elementor-element elementor-element-438d2479 e-flex e-con-boxed e-con e-parent\" data-id=\"438d2479\" data-element_type=\"container\" data-e-type=\"container\">\n\t\t\t\t\t<div class=\"e-con-inner\">\n\t\t\t\t<div class=\"elementor-element elementor-element-6e6f3a81 elementor-widget elementor-widget-text-editor\" data-id=\"6e6f3a81\" data-element_type=\"widget\" data-e-type=\"widget\" data-widget_type=\"text-editor.default\">\n\t\t\t\t\t\t\t\t\t<p>Dr. Maria Montessori designet og utviklet sensoriske materialer for \u00e5 hjelpe barn med \u00e5 utvikle og forfine sine fem sanser: smaksansen, luktesansen, f\u00f8lesansen, h\u00f8rselssansen og synssansen.<p>I Montessori-klasserom og hjem over hele verden oppmuntres barn til \u00e5 l\u00e6re gjennom hendene \u2013 ved \u00e5 ber\u00f8re, f\u00f8le og gj\u00f8re.<p>Montessori Fabrics Box er designet for \u00e5 utvikle og forfine barnas taktile sans mens de pr\u00f8ver \u00e5 matche stoffene to og to n\u00e5r en voksen viser dem hvordan det skal gj\u00f8res. F\u00f8rst med \u00e5pne \u00f8yne og deretter med bind for \u00f8ynene.<p>V\u00e5r Home of Wool Fabrics Box inneholder 6 par helt naturlige, ufargede og ublekede stoffer (9 x 9 cm \/ 3,5 x 3,5 tommer) i en kartongeske:<p>100% \u00d8kologisk bomull<p>100% Lin<p>62% Lin 38% Bomull<p>100% Jomfruull<p>Mulberry Silk<p>Ullvatt<p>Alle disse stoffene har en veldig spesifikk tekstur, og vi er sikre p\u00e5 at b\u00e5de barn og foreldre vil oppdage mye gjennom dette materialet.<p>N\u00e5r barna dine er klare for det, kan du ogs\u00e5 presentere dem for navnene p\u00e5 stoffene, slik at de utvider ordforr\u00e5det sitt, samtidig som du forteller dem om hvordan disse stoffene ble laget.<p>Historien om hvordan silke fra morb\u00e6rtreet ble oppfunnet, er spesielt interessant. Du kan til og med g\u00e5 et skritt videre og ta vare p\u00e5 en silkeorm en stund og v\u00e6re vitne til dens metamorfose: mate den med morb\u00e6rblader, se den forvandle seg til en kokong og deretter til en sommerfugl!<p>Det er s\u00e5 mange historier bak hvert av stoffene v\u00e5re som barnet ditt vil elske \u00e5 h\u00f8re!<p>Tid: 1-3 dager<br \/>Leveringstid: 1-4 uker<br \/>Send oss en melding for \u00e5 be om ekspresslevering.\t\t\t\t\t\t\t\t<\/div>\n\t\t\t\t\t<\/div>\n\t\t\t\t<\/div>\n\t\t\t\t<\/div>","protected":false},"excerpt":{"rendered":"<p>Denne Montessori Fabrics Box er en vakker og enkel m\u00e5te \u00e5 stimulere barnets f\u00f8lelsessans gjennom lek. Med n\u00f8ye utvalgte naturlige stoffpr\u00f8ver for barn vekker den nysgjerrighet, styrker sansene og skaper gledelige \u00f8yeblikk av oppdagelse.<\/p>\n<div class=\"global-icon-set\">\n<div class=\"global-icon-set__items\">\n<div class=\"global-icon-set__item\">\n<div class=\"global-icon-set__image\">\n                                    <img decoding=\"async\" src=\"https:\/\/homeofwool.com\/wp-content\/uploads\/2025\/09\/handmade-icon-300x300.png\" alt=\"h\u00e5ndlaget ikon\" \/>\n                                <\/div>\n<div class=\"global-icon-set__title\">H\u00e5ndlaget<\/div>\n<\/p><\/div>\n<div class=\"global-icon-set__item\">\n<div class=\"global-icon-set__image\">\n                                    <img decoding=\"async\" src=\"https:\/\/homeofwool.com\/wp-content\/uploads\/2025\/09\/VOCs-min-300x300.png\" alt=\"vocs gratis\" \/>\n                                <\/div>\n<div class=\"global-icon-set__title\">VOC-fri<\/div>\n<\/p><\/div>\n<div class=\"global-icon-set__item\">\n<div class=\"global-icon-set__image\">\n                                    <img decoding=\"async\" src=\"https:\/\/homeofwool.com\/wp-content\/uploads\/2025\/09\/Hypoallergenic-min-300x300.png\" alt=\"allergivennlig ikon\" \/>\n                                <\/div>\n<div class=\"global-icon-set__title\">Allergivenlig<\/div>\n<\/p><\/div>\n<div class=\"global-icon-set__item\">\n<div class=\"global-icon-set__image\">\n                                    <img decoding=\"async\" src=\"https:\/\/homeofwool.com\/wp-content\/uploads\/2025\/09\/free-of-synthetics-icon-300x300.png\" alt=\"fri for syntetiske stoffer ikon\" \/>\n                                <\/div>\n<div class=\"global-icon-set__title\">Fri for syntetiske stoffer<\/div>\n<\/p><\/div>\n<div class=\"global-icon-set__item\">\n<div class=\"global-icon-set__image\">\n                                    <img decoding=\"async\" src=\"https:\/\/homeofwool.com\/wp-content\/uploads\/2025\/09\/chemical-free-icon-300x300.png\" alt=\"kjemikaliefritt ikon\" \/>\n                                <\/div>\n<div class=\"global-icon-set__title\">Kjemikaliefri<\/div>\n<\/p><\/div>\n<div class=\"global-icon-set__item\">\n<div class=\"global-icon-set__image\">\n                                    <img decoding=\"async\" src=\"https:\/\/homeofwool.com\/wp-content\/uploads\/2025\/09\/certified-materials-icon-300x300.png\" alt=\"ikon for sertifiserte materialer\" \/>\n                                <\/div>\n<div class=\"global-icon-set__title\">100% Rene sertifiserte materialer<\/div>\n<\/p><\/div>\n<\/p><\/div>\n<\/p><\/div>","protected":false},"featured_media":225363,"template":"","meta":{"_acf_changed":false},"product_brand":[],"product_cat":[265],"product_tag":[1370],"class_list":{"0":"post-217538","1":"product","2":"type-product","3":"status-publish","4":"has-post-thumbnail","6":"product_cat-playtime","7":"product_tag-nosteps","9":"first","10":"instock","11":"shipping-taxable","12":"purchasable","13":"product-type-simple"},"acf":[],"yoast_head":"<!-- This site is optimized with the Yoast SEO Premium plugin v27.3 (Yoast SEO v27.3) - https:\/\/yoast.com\/product\/yoast-seo-premium-wordpress\/ -->\n<title>Montessori Fabrics Box \u2013 Natural &amp; Educational for Kids | Home of Wool<\/title>\n<meta name=\"description\" content=\"Discover the Montessori Fabrics Box with authentic cotton, linen, wool, and silk. A natural sensory kit for tactile learning and mindful play.\" \/>\n<meta name=\"robots\" content=\"index, follow, max-snippet:-1, max-image-preview:large, max-video-preview:-1\" \/>\n<link rel=\"canonical\" href=\"https:\/\/homeofwool.com\/nb\/butikk\/montessori-tekstiler-boks\/\" \/>\n<meta property=\"og:locale\" content=\"nb_NO\" \/>\n<meta property=\"og:type\" content=\"article\" \/>\n<meta property=\"og:title\" content=\"Montessori Fabrics Box\" \/>\n<meta property=\"og:description\" content=\"Discover the Montessori Fabrics Box with authentic cotton, linen, wool, and silk. A natural sensory kit for tactile learning and mindful play.\" \/>\n<meta property=\"og:url\" content=\"https:\/\/homeofwool.com\/nb\/butikk\/montessori-tekstiler-boks\/\" \/>\n<meta property=\"og:site_name\" content=\"Home of Wool\" \/>\n<meta property=\"article:publisher\" content=\"https:\/\/facebook.com\/HomeOfWoolOfficial\" \/>\n<meta property=\"article:modified_time\" content=\"2026-02-09T13:01:53+00:00\" \/>\n<meta property=\"og:image\" content=\"https:\/\/homeofwool.com\/wp-content\/uploads\/2025\/09\/home-of-wool-montessori-fabrics-box-1-main.jpg\" \/>\n\t<meta property=\"og:image:width\" content=\"1900\" \/>\n\t<meta property=\"og:image:height\" content=\"1520\" \/>\n\t<meta property=\"og:image:type\" content=\"image\/jpeg\" \/>\n<meta name=\"twitter:card\" content=\"summary_large_image\" \/>\n<meta name=\"twitter:label1\" content=\"Ansl. lesetid\" \/>\n\t<meta name=\"twitter:data1\" content=\"2 minutter\" \/>\n<script type=\"application\/ld+json\" class=\"yoast-schema-graph\">{\"@context\":\"https:\\\/\\\/schema.org\",\"@graph\":[{\"@type\":\"WebPage\",\"@id\":\"https:\\\/\\\/homeofwool.com\\\/shop\\\/montessori-fabrics-box\\\/\",\"url\":\"https:\\\/\\\/homeofwool.com\\\/shop\\\/montessori-fabrics-box\\\/\",\"name\":\"Montessori Fabrics Box \u2013 Natural & Educational for Kids | Home of Wool\",\"isPartOf\":{\"@id\":\"https:\\\/\\\/homeofwool.com\\\/#website\"},\"primaryImageOfPage\":{\"@id\":\"https:\\\/\\\/homeofwool.com\\\/shop\\\/montessori-fabrics-box\\\/#primaryimage\"},\"image\":{\"@id\":\"https:\\\/\\\/homeofwool.com\\\/shop\\\/montessori-fabrics-box\\\/#primaryimage\"},\"thumbnailUrl\":\"https:\\\/\\\/homeofwool.com\\\/wp-content\\\/uploads\\\/2025\\\/09\\\/home-of-wool-montessori-fabrics-box-1-main.jpg\",\"datePublished\":\"2025-09-02T12:00:56+00:00\",\"dateModified\":\"2026-02-09T13:01:53+00:00\",\"description\":\"Discover the Montessori Fabrics Box with authentic cotton, linen, wool, and silk. A natural sensory kit for tactile learning and mindful play.\",\"breadcrumb\":{\"@id\":\"https:\\\/\\\/homeofwool.com\\\/shop\\\/montessori-fabrics-box\\\/#breadcrumb\"},\"inLanguage\":\"nb-NO\",\"potentialAction\":[{\"@type\":\"ReadAction\",\"target\":[\"https:\\\/\\\/homeofwool.com\\\/shop\\\/montessori-fabrics-box\\\/\"]}]},{\"@type\":\"ImageObject\",\"inLanguage\":\"nb-NO\",\"@id\":\"https:\\\/\\\/homeofwool.com\\\/shop\\\/montessori-fabrics-box\\\/#primaryimage\",\"url\":\"https:\\\/\\\/homeofwool.com\\\/wp-content\\\/uploads\\\/2025\\\/09\\\/home-of-wool-montessori-fabrics-box-1-main.jpg\",\"contentUrl\":\"https:\\\/\\\/homeofwool.com\\\/wp-content\\\/uploads\\\/2025\\\/09\\\/home-of-wool-montessori-fabrics-box-1-main.jpg\",\"width\":1900,\"height\":1520,\"caption\":\"Montessori fabrics box with fabrics laid out\"},{\"@type\":\"BreadcrumbList\",\"@id\":\"https:\\\/\\\/homeofwool.com\\\/shop\\\/montessori-fabrics-box\\\/#breadcrumb\",\"itemListElement\":[{\"@type\":\"ListItem\",\"position\":1,\"name\":\"Home\",\"item\":\"https:\\\/\\\/homeofwool.com\\\/\"},{\"@type\":\"ListItem\",\"position\":2,\"name\":\"Products\",\"item\":\"https:\\\/\\\/homeofwool.com\\\/header-search-2\\\/\"},{\"@type\":\"ListItem\",\"position\":3,\"name\":\"Montessori Fabrics Box\"}]},{\"@type\":\"WebSite\",\"@id\":\"https:\\\/\\\/homeofwool.com\\\/#website\",\"url\":\"https:\\\/\\\/homeofwool.com\\\/\",\"name\":\"Home of Wool\",\"description\":\"\",\"publisher\":{\"@id\":\"https:\\\/\\\/homeofwool.com\\\/#organization\"},\"potentialAction\":[{\"@type\":\"SearchAction\",\"target\":{\"@type\":\"EntryPoint\",\"urlTemplate\":\"https:\\\/\\\/homeofwool.com\\\/?s={search_term_string}\"},\"query-input\":{\"@type\":\"PropertyValueSpecification\",\"valueRequired\":true,\"valueName\":\"search_term_string\"}}],\"inLanguage\":\"nb-NO\"},{\"@type\":\"Organization\",\"@id\":\"https:\\\/\\\/homeofwool.com\\\/#organization\",\"name\":\"Home of Wool\",\"url\":\"https:\\\/\\\/homeofwool.com\\\/\",\"logo\":{\"@type\":\"ImageObject\",\"inLanguage\":\"nb-NO\",\"@id\":\"https:\\\/\\\/homeofwool.com\\\/#\\\/schema\\\/logo\\\/image\\\/\",\"url\":\"https:\\\/\\\/homeofwool.com\\\/wp-content\\\/uploads\\\/2025\\\/09\\\/WhatsApp-Image-2025-12-02-at-16.23.20.jpeg\",\"contentUrl\":\"https:\\\/\\\/homeofwool.com\\\/wp-content\\\/uploads\\\/2025\\\/09\\\/WhatsApp-Image-2025-12-02-at-16.23.20.jpeg\",\"width\":700,\"height\":247,\"caption\":\"Home of Wool\"},\"image\":{\"@id\":\"https:\\\/\\\/homeofwool.com\\\/#\\\/schema\\\/logo\\\/image\\\/\"},\"sameAs\":[\"https:\\\/\\\/facebook.com\\\/HomeOfWoolOfficial\"]}]}<\/script>\n<!-- \/ Yoast SEO Premium plugin. -->","yoast_head_json":{"title":"Montessori Fabrics Box \u2013 Naturlig og l\u00e6rerikt for barn | Home of Wool","description":"Oppdag Montessori Fabrics Box med ekte bomull, lin, ull og silke. Et naturlig sansesett for taktil l\u00e6ring og bevisst lek.","robots":{"index":"index","follow":"follow","max-snippet":"max-snippet:-1","max-image-preview":"max-image-preview:large","max-video-preview":"max-video-preview:-1"},"canonical":"https:\/\/homeofwool.com\/nb\/butikk\/montessori-tekstiler-boks\/","og_locale":"nb_NO","og_type":"article","og_title":"Montessori Fabrics Box","og_description":"Discover the Montessori Fabrics Box with authentic cotton, linen, wool, and silk. A natural sensory kit for tactile learning and mindful play.","og_url":"https:\/\/homeofwool.com\/nb\/butikk\/montessori-tekstiler-boks\/","og_site_name":"Home of Wool","article_publisher":"https:\/\/facebook.com\/HomeOfWoolOfficial","article_modified_time":"2026-02-09T13:01:53+00:00","og_image":[{"width":1900,"height":1520,"url":"https:\/\/homeofwool.com\/wp-content\/uploads\/2025\/09\/home-of-wool-montessori-fabrics-box-1-main.jpg","type":"image\/jpeg"}],"twitter_card":"summary_large_image","twitter_misc":{"Ansl. lesetid":"2 minutter"},"schema":{"@context":"https:\/\/schema.org","@graph":[{"@type":"WebPage","@id":"https:\/\/homeofwool.com\/shop\/montessori-fabrics-box\/","url":"https:\/\/homeofwool.com\/shop\/montessori-fabrics-box\/","name":"Montessori Fabrics Box \u2013 Naturlig og l\u00e6rerikt for barn | Home of Wool","isPartOf":{"@id":"https:\/\/homeofwool.com\/#website"},"primaryImageOfPage":{"@id":"https:\/\/homeofwool.com\/shop\/montessori-fabrics-box\/#primaryimage"},"image":{"@id":"https:\/\/homeofwool.com\/shop\/montessori-fabrics-box\/#primaryimage"},"thumbnailUrl":"https:\/\/homeofwool.com\/wp-content\/uploads\/2025\/09\/home-of-wool-montessori-fabrics-box-1-main.jpg","datePublished":"2025-09-02T12:00:56+00:00","dateModified":"2026-02-09T13:01:53+00:00","description":"Oppdag Montessori Fabrics Box med ekte bomull, lin, ull og silke. Et naturlig sansesett for taktil l\u00e6ring og bevisst lek.","breadcrumb":{"@id":"https:\/\/homeofwool.com\/shop\/montessori-fabrics-box\/#breadcrumb"},"inLanguage":"nb-NO","potentialAction":[{"@type":"ReadAction","target":["https:\/\/homeofwool.com\/shop\/montessori-fabrics-box\/"]}]},{"@type":"ImageObject","inLanguage":"nb-NO","@id":"https:\/\/homeofwool.com\/shop\/montessori-fabrics-box\/#primaryimage","url":"https:\/\/homeofwool.com\/wp-content\/uploads\/2025\/09\/home-of-wool-montessori-fabrics-box-1-main.jpg","contentUrl":"https:\/\/homeofwool.com\/wp-content\/uploads\/2025\/09\/home-of-wool-montessori-fabrics-box-1-main.jpg","width":1900,"height":1520,"caption":"Montessori fabrics box with fabrics laid out"},{"@type":"BreadcrumbList","@id":"https:\/\/homeofwool.com\/shop\/montessori-fabrics-box\/#breadcrumb","itemListElement":[{"@type":"ListItem","position":1,"name":"Home","item":"https:\/\/homeofwool.com\/"},{"@type":"ListItem","position":2,"name":"Products","item":"https:\/\/homeofwool.com\/header-search-2\/"},{"@type":"ListItem","position":3,"name":"Montessori Fabrics Box"}]},{"@type":"WebSite","@id":"https:\/\/homeofwool.com\/#website","url":"https:\/\/homeofwool.com\/","name":"Hjem til ull","description":"","publisher":{"@id":"https:\/\/homeofwool.com\/#organization"},"potentialAction":[{"@type":"SearchAction","target":{"@type":"EntryPoint","urlTemplate":"https:\/\/homeofwool.com\/?s={search_term_string}"},"query-input":{"@type":"PropertyValueSpecification","valueRequired":true,"valueName":"search_term_string"}}],"inLanguage":"nb-NO"},{"@type":"Organization","@id":"https:\/\/homeofwool.com\/#organization","name":"Hjem til ull","url":"https:\/\/homeofwool.com\/","logo":{"@type":"ImageObject","inLanguage":"nb-NO","@id":"https:\/\/homeofwool.com\/#\/schema\/logo\/image\/","url":"https:\/\/homeofwool.com\/wp-content\/uploads\/2025\/09\/WhatsApp-Image-2025-12-02-at-16.23.20.jpeg","contentUrl":"https:\/\/homeofwool.com\/wp-content\/uploads\/2025\/09\/WhatsApp-Image-2025-12-02-at-16.23.20.jpeg","width":700,"height":247,"caption":"Home of Wool"},"image":{"@id":"https:\/\/homeofwool.com\/#\/schema\/logo\/image\/"},"sameAs":["https:\/\/facebook.com\/HomeOfWoolOfficial"]}]}},"_links":{"self":[{"href":"https:\/\/homeofwool.com\/nb\/wp-json\/wp\/v2\/product\/217538","targetHints":{"allow":["GET"]}}],"collection":[{"href":"https:\/\/homeofwool.com\/nb\/wp-json\/wp\/v2\/product"}],"about":[{"href":"https:\/\/homeofwool.com\/nb\/wp-json\/wp\/v2\/types\/product"}],"version-history":[{"count":1,"href":"https:\/\/homeofwool.com\/nb\/wp-json\/wp\/v2\/product\/217538\/revisions"}],"predecessor-version":[{"id":227861,"href":"https:\/\/homeofwool.com\/nb\/wp-json\/wp\/v2\/product\/217538\/revisions\/227861"}],"wp:featuredmedia":[{"embeddable":true,"href":"https:\/\/homeofwool.com\/nb\/wp-json\/wp\/v2\/media\/225363"}],"wp:attachment":[{"href":"https:\/\/homeofwool.com\/nb\/wp-json\/wp\/v2\/media?parent=217538"}],"wp:term":[{"taxonomy":"product_brand","embeddable":true,"href":"https:\/\/homeofwool.com\/nb\/wp-json\/wp\/v2\/product_brand?post=217538"},{"taxonomy":"product_cat","embeddable":true,"href":"https:\/\/homeofwool.com\/nb\/wp-json\/wp\/v2\/product_cat?post=217538"},{"taxonomy":"product_tag","embeddable":true,"href":"https:\/\/homeofwool.com\/nb\/wp-json\/wp\/v2\/product_tag?post=217538"}],"curies":[{"name":"wp","href":"https:\/\/api.w.org\/{rel}","templated":true}]}}