{"id":217535,"date":"2025-09-02T12:00:56","date_gmt":"2025-09-02T12:00:56","guid":{"rendered":"https:\/\/homeofwool.com\/?post_type=product&#038;p=217535"},"modified":"2026-03-16T10:59:24","modified_gmt":"2026-03-16T10:59:24","slug":"ergonomisk-putevar","status":"publish","type":"product","link":"https:\/\/homeofwool.com\/nb\/shop\/ergonomic-pillowcase\/","title":{"rendered":"Ergonomisk putevar"},"content":{"rendered":"<p>V\u00e5r ergonomiske putevar er formet for \u00e5 passe til v\u00e5re ergonomiske puter, og gir deg en pen og sikker passform som holder seg glatt hele natten. Hver spesialtilpassede putevar er h\u00e5ndlaget i naturlige stoffer. Velg mellom merinoulljersey, morb\u00e6rsilke eller en blanding av 59% lin og 41% bomull. Uansett stoff vil du nyte et naturlig putetrekk som f\u00f8les mykt og holder seg pent selv etter mye bruk.<\/p>\n<p>Disse naturlige fibrene lar luften str\u00f8mme fritt, slik at det komfortable putetrekket f\u00f8les kj\u00f8lig om sommeren og varmt om vinteren. De motst\u00e5r ogs\u00e5 st\u00f8vmidd og mugg, noe som gj\u00f8r dette til et allergivennlig putetrekk du kan stole p\u00e5 hvis du har astma eller allergi. Hvert skreddersydd putetrekk er en del av v\u00e5r id\u00e9 om b\u00e6rekraftig luksus: helt naturlig, praktisk og designet for din helse og komfort.<\/p>\n<p>Hvert h\u00e5ndlaget putetrekk er sk\u00e5ret og sydd for \u00e5 passe perfekt til v\u00e5re ergonomiske puter, og du kan bestille stoffpr\u00f8ver f\u00f8rst for \u00e5 v\u00e6re sikker p\u00e5 at du har funnet den teksturen du liker.<\/p>\n<p><strong>PRODUKSJON OG FRAKT:<\/strong><br \/>\nStandard produksjonstid: 5-7 dager<br \/>\nGratis leveringstid: 1-4 uker<br \/>\nEkspressleveringstid: 3-4 dager<\/p>","protected":false},"excerpt":{"rendered":"<p>Lurer du p\u00e5 hvordan du kan trekke over det ergonomiske putetrekket uten at det sklir og f\u00f8les ubehagelig? Dette h\u00e5ndlagde putetrekket er sydd for \u00e5 passe til putens form og er laget av naturlige stoffer som puster sammen med deg. Et lite, men gjennomtenkt \u00f8kologisk senget\u00f8ytilbeh\u00f8r som gir deg komforten av et giftfritt putetrekk som er laget for \u00e5 vare.<\/p>\n<p><strong>ST\u00d8RRELSE<\/strong>:<\/p>\n<ul>\n<li>H\u00f8yt loft: 51 x 33 x 13 x 13 cm (20 x 13 x 5\u2033)<\/li>\n<li>Low Loft: 20 x 13 x 2,5\u2033 (51 x 33 x 6,5 cm)<\/li>\n<\/ul>\n<div class=\"global-icon-set\">\n<div class=\"global-icon-set__items\">\n<div class=\"global-icon-set__item\">\n<div class=\"global-icon-set__image\">\n                                    <img decoding=\"async\" src=\"https:\/\/homeofwool.com\/wp-content\/uploads\/2025\/09\/handmade-icon-300x300.png\" alt=\"h\u00e5ndlaget ikon\" \/>\n                                <\/div>\n<div class=\"global-icon-set__title\">H\u00e5ndlaget<\/div>\n<\/p><\/div>\n<div class=\"global-icon-set__item\">\n<div class=\"global-icon-set__image\">\n                                    <img decoding=\"async\" src=\"https:\/\/homeofwool.com\/wp-content\/uploads\/2025\/09\/VOCs-min-300x300.png\" alt=\"vocs gratis\" \/>\n                                <\/div>\n<div class=\"global-icon-set__title\">VOC-fri<\/div>\n<\/p><\/div>\n<div class=\"global-icon-set__item\">\n<div class=\"global-icon-set__image\">\n                                    <img decoding=\"async\" src=\"https:\/\/homeofwool.com\/wp-content\/uploads\/2025\/09\/free-of-synthetics-icon-300x300.png\" alt=\"fri for syntetiske stoffer ikon\" \/>\n                                <\/div>\n<div class=\"global-icon-set__title\">Fri for syntetiske stoffer<\/div>\n<\/p><\/div>\n<div class=\"global-icon-set__item\">\n<div class=\"global-icon-set__image\">\n                                    <img decoding=\"async\" src=\"https:\/\/homeofwool.com\/wp-content\/uploads\/2025\/09\/chemical-free-icon-300x300.png\" alt=\"kjemikaliefritt ikon\" \/>\n                                <\/div>\n<div class=\"global-icon-set__title\">Kjemikaliefri<\/div>\n<\/p><\/div>\n<div class=\"global-icon-set__item\">\n<div class=\"global-icon-set__image\">\n                                    <img decoding=\"async\" src=\"https:\/\/homeofwool.com\/wp-content\/uploads\/2025\/09\/certified-materials-icon-300x300.png\" alt=\"ikon for sertifiserte materialer\" \/>\n                                <\/div>\n<div class=\"global-icon-set__title\">100% Rene sertifiserte materialer<\/div>\n<\/p><\/div>\n<\/p><\/div>\n<\/p><\/div>","protected":false},"featured_media":219327,"template":"","meta":{"_acf_changed":false},"product_brand":[],"product_cat":[254],"product_tag":[255,256,257,1370,258,259,260],"class_list":{"0":"post-217535","1":"product","2":"type-product","3":"status-publish","4":"has-post-thumbnail","6":"product_cat-pillows-pillowcases","7":"product_tag-contour-pillow-case-covers","8":"product_tag-ergonomic-pillow-case","9":"product_tag-ergonomic-pillowcase","10":"product_tag-nosteps","11":"product_tag-pillowcase-for-ergonomic-pillow","12":"product_tag-pillowcase-for-orthopedic-pillows","13":"product_tag-pillowcase-for-side-sleeper-pillow","15":"first","16":"instock","17":"shipping-taxable","18":"purchasable","19":"product-type-simple"},"acf":[],"yoast_head":"<!-- This site is optimized with the Yoast SEO Premium plugin v27.4 (Yoast SEO v27.4) - https:\/\/yoast.com\/product\/yoast-seo-premium-wordpress\/ -->\n<title>Ergonomic Pillowcase \u2013 Breathable Pillow Cover | Home of Wool<\/title>\n<meta name=\"description\" content=\"Handmade ergonomic pillowcase crafted from natural fabrics\u2014merino wool, silk, or linen-cotton blend. Breathable, hypoallergenic, and custom-fit for lasting comfort.\" \/>\n<meta name=\"robots\" content=\"index, follow, max-snippet:-1, max-image-preview:large, max-video-preview:-1\" \/>\n<link rel=\"canonical\" href=\"https:\/\/homeofwool.com\/nb\/butikk\/ergonomisk-putevar\/\" \/>\n<meta property=\"og:locale\" content=\"nb_NO\" \/>\n<meta property=\"og:type\" content=\"article\" \/>\n<meta property=\"og:title\" content=\"Ergonomic Pillowcase\" \/>\n<meta property=\"og:description\" content=\"Handmade ergonomic pillowcase crafted from natural fabrics\u2014merino wool, silk, or linen-cotton blend. Breathable, hypoallergenic, and custom-fit for lasting comfort.\" \/>\n<meta property=\"og:url\" content=\"https:\/\/homeofwool.com\/nb\/butikk\/ergonomisk-putevar\/\" \/>\n<meta property=\"og:site_name\" content=\"Home of Wool\" \/>\n<meta property=\"article:publisher\" content=\"https:\/\/facebook.com\/HomeOfWoolOfficial\" \/>\n<meta property=\"article:modified_time\" content=\"2026-03-16T10:59:24+00:00\" \/>\n<meta property=\"og:image\" content=\"https:\/\/homeofwool.com\/wp-content\/uploads\/2025\/09\/home-of-wool-ergonomic-pillowcase-1-main.jpg\" \/>\n\t<meta property=\"og:image:width\" content=\"2000\" \/>\n\t<meta property=\"og:image:height\" content=\"1600\" \/>\n\t<meta property=\"og:image:type\" content=\"image\/jpeg\" \/>\n<meta name=\"twitter:card\" content=\"summary_large_image\" \/>\n<meta name=\"twitter:label1\" content=\"Ansl. lesetid\" \/>\n\t<meta name=\"twitter:data1\" content=\"1 minutt\" \/>\n<script type=\"application\/ld+json\" class=\"yoast-schema-graph\">{\"@context\":\"https:\\\/\\\/schema.org\",\"@graph\":[{\"@type\":\"WebPage\",\"@id\":\"https:\\\/\\\/homeofwool.com\\\/shop\\\/ergonomic-pillowcase\\\/\",\"url\":\"https:\\\/\\\/homeofwool.com\\\/shop\\\/ergonomic-pillowcase\\\/\",\"name\":\"Ergonomic Pillowcase \u2013 Breathable Pillow Cover | Home of Wool\",\"isPartOf\":{\"@id\":\"https:\\\/\\\/homeofwool.com\\\/#website\"},\"primaryImageOfPage\":{\"@id\":\"https:\\\/\\\/homeofwool.com\\\/shop\\\/ergonomic-pillowcase\\\/#primaryimage\"},\"image\":{\"@id\":\"https:\\\/\\\/homeofwool.com\\\/shop\\\/ergonomic-pillowcase\\\/#primaryimage\"},\"thumbnailUrl\":\"https:\\\/\\\/homeofwool.com\\\/wp-content\\\/uploads\\\/2025\\\/09\\\/home-of-wool-ergonomic-pillowcase-1-main.jpg\",\"datePublished\":\"2025-09-02T12:00:56+00:00\",\"dateModified\":\"2026-03-16T10:59:24+00:00\",\"description\":\"Handmade ergonomic pillowcase crafted from natural fabrics\u2014merino wool, silk, or linen-cotton blend. Breathable, hypoallergenic, and custom-fit for lasting comfort.\",\"breadcrumb\":{\"@id\":\"https:\\\/\\\/homeofwool.com\\\/shop\\\/ergonomic-pillowcase\\\/#breadcrumb\"},\"inLanguage\":\"nb-NO\",\"potentialAction\":[{\"@type\":\"ReadAction\",\"target\":[\"https:\\\/\\\/homeofwool.com\\\/shop\\\/ergonomic-pillowcase\\\/\"]}]},{\"@type\":\"ImageObject\",\"inLanguage\":\"nb-NO\",\"@id\":\"https:\\\/\\\/homeofwool.com\\\/shop\\\/ergonomic-pillowcase\\\/#primaryimage\",\"url\":\"https:\\\/\\\/homeofwool.com\\\/wp-content\\\/uploads\\\/2025\\\/09\\\/home-of-wool-ergonomic-pillowcase-1-main.jpg\",\"contentUrl\":\"https:\\\/\\\/homeofwool.com\\\/wp-content\\\/uploads\\\/2025\\\/09\\\/home-of-wool-ergonomic-pillowcase-1-main.jpg\",\"width\":2000,\"height\":1600,\"caption\":\"home of wool ergonomic pillowcase\"},{\"@type\":\"BreadcrumbList\",\"@id\":\"https:\\\/\\\/homeofwool.com\\\/shop\\\/ergonomic-pillowcase\\\/#breadcrumb\",\"itemListElement\":[{\"@type\":\"ListItem\",\"position\":1,\"name\":\"Home\",\"item\":\"https:\\\/\\\/homeofwool.com\\\/\"},{\"@type\":\"ListItem\",\"position\":2,\"name\":\"Products\",\"item\":\"https:\\\/\\\/homeofwool.com\\\/header-search-2\\\/\"},{\"@type\":\"ListItem\",\"position\":3,\"name\":\"Ergonomic Pillowcase\"}]},{\"@type\":\"WebSite\",\"@id\":\"https:\\\/\\\/homeofwool.com\\\/#website\",\"url\":\"https:\\\/\\\/homeofwool.com\\\/\",\"name\":\"Home of Wool\",\"description\":\"\",\"publisher\":{\"@id\":\"https:\\\/\\\/homeofwool.com\\\/#organization\"},\"potentialAction\":[{\"@type\":\"SearchAction\",\"target\":{\"@type\":\"EntryPoint\",\"urlTemplate\":\"https:\\\/\\\/homeofwool.com\\\/?s={search_term_string}\"},\"query-input\":{\"@type\":\"PropertyValueSpecification\",\"valueRequired\":true,\"valueName\":\"search_term_string\"}}],\"inLanguage\":\"nb-NO\"},{\"@type\":\"Organization\",\"@id\":\"https:\\\/\\\/homeofwool.com\\\/#organization\",\"name\":\"Home of Wool\",\"url\":\"https:\\\/\\\/homeofwool.com\\\/\",\"logo\":{\"@type\":\"ImageObject\",\"inLanguage\":\"nb-NO\",\"@id\":\"https:\\\/\\\/homeofwool.com\\\/#\\\/schema\\\/logo\\\/image\\\/\",\"url\":\"https:\\\/\\\/homeofwool.com\\\/wp-content\\\/uploads\\\/2025\\\/09\\\/WhatsApp-Image-2025-12-02-at-16.23.20.jpeg\",\"contentUrl\":\"https:\\\/\\\/homeofwool.com\\\/wp-content\\\/uploads\\\/2025\\\/09\\\/WhatsApp-Image-2025-12-02-at-16.23.20.jpeg\",\"width\":700,\"height\":247,\"caption\":\"Home of Wool\"},\"image\":{\"@id\":\"https:\\\/\\\/homeofwool.com\\\/#\\\/schema\\\/logo\\\/image\\\/\"},\"sameAs\":[\"https:\\\/\\\/facebook.com\\\/HomeOfWoolOfficial\"]}]}<\/script>\n<!-- \/ Yoast SEO Premium plugin. -->","yoast_head_json":{"title":"Ergonomisk putevar \u2013 pustende putetrekk | Home of Wool","description":"H\u00e5ndlaget ergonomisk putevar laget av naturlige stoffer \u2013 merinoull, silke eller lin-bomullsblanding. Pustende, allergivennlig og tilpasset for varig komfort.","robots":{"index":"index","follow":"follow","max-snippet":"max-snippet:-1","max-image-preview":"max-image-preview:large","max-video-preview":"max-video-preview:-1"},"canonical":"https:\/\/homeofwool.com\/nb\/butikk\/ergonomisk-putevar\/","og_locale":"nb_NO","og_type":"article","og_title":"Ergonomic Pillowcase","og_description":"Handmade ergonomic pillowcase crafted from natural fabrics\u2014merino wool, silk, or linen-cotton blend. Breathable, hypoallergenic, and custom-fit for lasting comfort.","og_url":"https:\/\/homeofwool.com\/nb\/butikk\/ergonomisk-putevar\/","og_site_name":"Home of Wool","article_publisher":"https:\/\/facebook.com\/HomeOfWoolOfficial","article_modified_time":"2026-03-16T10:59:24+00:00","og_image":[{"width":2000,"height":1600,"url":"https:\/\/homeofwool.com\/wp-content\/uploads\/2025\/09\/home-of-wool-ergonomic-pillowcase-1-main.jpg","type":"image\/jpeg"}],"twitter_card":"summary_large_image","twitter_misc":{"Ansl. lesetid":"1 minutt"},"schema":{"@context":"https:\/\/schema.org","@graph":[{"@type":"WebPage","@id":"https:\/\/homeofwool.com\/shop\/ergonomic-pillowcase\/","url":"https:\/\/homeofwool.com\/shop\/ergonomic-pillowcase\/","name":"Ergonomisk putevar \u2013 pustende putetrekk | Home of Wool","isPartOf":{"@id":"https:\/\/homeofwool.com\/#website"},"primaryImageOfPage":{"@id":"https:\/\/homeofwool.com\/shop\/ergonomic-pillowcase\/#primaryimage"},"image":{"@id":"https:\/\/homeofwool.com\/shop\/ergonomic-pillowcase\/#primaryimage"},"thumbnailUrl":"https:\/\/homeofwool.com\/wp-content\/uploads\/2025\/09\/home-of-wool-ergonomic-pillowcase-1-main.jpg","datePublished":"2025-09-02T12:00:56+00:00","dateModified":"2026-03-16T10:59:24+00:00","description":"H\u00e5ndlaget ergonomisk putevar laget av naturlige stoffer \u2013 merinoull, silke eller lin-bomullsblanding. Pustende, allergivennlig og tilpasset for varig komfort.","breadcrumb":{"@id":"https:\/\/homeofwool.com\/shop\/ergonomic-pillowcase\/#breadcrumb"},"inLanguage":"nb-NO","potentialAction":[{"@type":"ReadAction","target":["https:\/\/homeofwool.com\/shop\/ergonomic-pillowcase\/"]}]},{"@type":"ImageObject","inLanguage":"nb-NO","@id":"https:\/\/homeofwool.com\/shop\/ergonomic-pillowcase\/#primaryimage","url":"https:\/\/homeofwool.com\/wp-content\/uploads\/2025\/09\/home-of-wool-ergonomic-pillowcase-1-main.jpg","contentUrl":"https:\/\/homeofwool.com\/wp-content\/uploads\/2025\/09\/home-of-wool-ergonomic-pillowcase-1-main.jpg","width":2000,"height":1600,"caption":"home of wool ergonomic pillowcase"},{"@type":"BreadcrumbList","@id":"https:\/\/homeofwool.com\/shop\/ergonomic-pillowcase\/#breadcrumb","itemListElement":[{"@type":"ListItem","position":1,"name":"Home","item":"https:\/\/homeofwool.com\/"},{"@type":"ListItem","position":2,"name":"Products","item":"https:\/\/homeofwool.com\/header-search-2\/"},{"@type":"ListItem","position":3,"name":"Ergonomic Pillowcase"}]},{"@type":"WebSite","@id":"https:\/\/homeofwool.com\/#website","url":"https:\/\/homeofwool.com\/","name":"Hjem til ull","description":"","publisher":{"@id":"https:\/\/homeofwool.com\/#organization"},"potentialAction":[{"@type":"SearchAction","target":{"@type":"EntryPoint","urlTemplate":"https:\/\/homeofwool.com\/?s={search_term_string}"},"query-input":{"@type":"PropertyValueSpecification","valueRequired":true,"valueName":"search_term_string"}}],"inLanguage":"nb-NO"},{"@type":"Organization","@id":"https:\/\/homeofwool.com\/#organization","name":"Hjem til ull","url":"https:\/\/homeofwool.com\/","logo":{"@type":"ImageObject","inLanguage":"nb-NO","@id":"https:\/\/homeofwool.com\/#\/schema\/logo\/image\/","url":"https:\/\/homeofwool.com\/wp-content\/uploads\/2025\/09\/WhatsApp-Image-2025-12-02-at-16.23.20.jpeg","contentUrl":"https:\/\/homeofwool.com\/wp-content\/uploads\/2025\/09\/WhatsApp-Image-2025-12-02-at-16.23.20.jpeg","width":700,"height":247,"caption":"Home of Wool"},"image":{"@id":"https:\/\/homeofwool.com\/#\/schema\/logo\/image\/"},"sameAs":["https:\/\/facebook.com\/HomeOfWoolOfficial"]}]}},"_links":{"self":[{"href":"https:\/\/homeofwool.com\/nb\/wp-json\/wp\/v2\/product\/217535","targetHints":{"allow":["GET"]}}],"collection":[{"href":"https:\/\/homeofwool.com\/nb\/wp-json\/wp\/v2\/product"}],"about":[{"href":"https:\/\/homeofwool.com\/nb\/wp-json\/wp\/v2\/types\/product"}],"version-history":[{"count":2,"href":"https:\/\/homeofwool.com\/nb\/wp-json\/wp\/v2\/product\/217535\/revisions"}],"predecessor-version":[{"id":228888,"href":"https:\/\/homeofwool.com\/nb\/wp-json\/wp\/v2\/product\/217535\/revisions\/228888"}],"wp:featuredmedia":[{"embeddable":true,"href":"https:\/\/homeofwool.com\/nb\/wp-json\/wp\/v2\/media\/219327"}],"wp:attachment":[{"href":"https:\/\/homeofwool.com\/nb\/wp-json\/wp\/v2\/media?parent=217535"}],"wp:term":[{"taxonomy":"product_brand","embeddable":true,"href":"https:\/\/homeofwool.com\/nb\/wp-json\/wp\/v2\/product_brand?post=217535"},{"taxonomy":"product_cat","embeddable":true,"href":"https:\/\/homeofwool.com\/nb\/wp-json\/wp\/v2\/product_cat?post=217535"},{"taxonomy":"product_tag","embeddable":true,"href":"https:\/\/homeofwool.com\/nb\/wp-json\/wp\/v2\/product_tag?post=217535"}],"curies":[{"name":"wp","href":"https:\/\/api.w.org\/{rel}","templated":true}]}}