{"id":217526,"date":"2025-09-02T12:00:51","date_gmt":"2025-09-02T12:00:51","guid":{"rendered":"https:\/\/homeofwool.com\/?post_type=product&#038;p=217526"},"modified":"2025-10-15T08:04:06","modified_gmt":"2025-10-15T08:04:06","slug":"50-lin-og-50-bomullsblanding","status":"publish","type":"product","link":"https:\/\/homeofwool.com\/nb\/shop\/50-linen-50-cotton-blend-fabric\/","title":{"rendered":"50% Lin \/ 50% Bomullsblandingsstoff"},"content":{"rendered":"<p>Du kan f\u00f8le historien i dette stoffet av lin og bomullsblanding s\u00e5 snart du ber\u00f8rer det. Linen gir en litt spr\u00f8 tekstur, mens bomullen tilf\u00f8rer mykhet. Sammen skaper de noe stabilt, rolig, litt rustikt, men raffinert.<\/p>\n<p>Ingen belegg, ingen overflatebehandling. Et stoff som er helt fritt for kjemikalier. Fargen er den samme som fibrene selv har. Lys, r\u00e5 og upolert. Det puster lett. Luften str\u00f8mmer uhindret gjennom stoffet og etterlater en kj\u00f8lig, t\u00f8rr f\u00f8lelse. Over tid blir det mykere, folder seg mykt og blir mer behagelig \u00e5 ta p\u00e5. Likevel er det et slitesterkt stoff, sterkt nok til \u00e5 vare i mange \u00e5r, men samtidig varmt og behagelig mot huden.<\/p>\n<p>Hvert stykke er kuttet langt og kontinuerlig. Et organisk m\u00f8belstoff som f\u00f8les \u00e6rlig og ekte, stille luksus i sin mest naturlige form.<\/p>\n<p><strong>Vekt<\/strong>: 200 g\/m\u00b2<br \/>\n<strong>Bredde<\/strong>: 150 cm (59\u2033)<br \/>\nVi vil kutte alle mengder du bestiller i ett langt stykke.<\/p>","protected":false},"excerpt":{"rendered":"<p>Et enkelt, \u00e6rlig stoff i en blanding av lin og bomull. Halvt lin, halvt bomull. Det er rent, balansert og sterkt. Dette kjemikaliefrie stoffet er ufarget, \u00e5pent \u00e5 ta p\u00e5 og naturlig pustende.<\/p>\n<div class=\"global-icon-set\">\n<div class=\"global-icon-set__items\">\n<div class=\"global-icon-set__item\">\n<div class=\"global-icon-set__image\">\n                                    <img decoding=\"async\" src=\"https:\/\/homeofwool.com\/wp-content\/uploads\/2025\/09\/VOCs-min-300x300.png\" alt=\"vocs gratis\" \/>\n                                <\/div>\n<div class=\"global-icon-set__title\">VOC-fri<\/div>\n<\/p><\/div>\n<div class=\"global-icon-set__item\">\n<div class=\"global-icon-set__image\">\n                                    <img decoding=\"async\" src=\"https:\/\/homeofwool.com\/wp-content\/uploads\/2025\/09\/free-of-synthetics-icon-300x300.png\" alt=\"fri for syntetiske stoffer ikon\" \/>\n                                <\/div>\n<div class=\"global-icon-set__title\">Fri for syntetiske stoffer<\/div>\n<\/p><\/div>\n<\/p><\/div>\n<\/p><\/div>","protected":false},"featured_media":218471,"template":"","meta":{"_acf_changed":false},"product_brand":[],"product_cat":[25],"product_tag":[83,85,86,87,88,89,90,91,92,93,97,94,95],"class_list":{"0":"post-217526","1":"product","2":"type-product","3":"status-publish","4":"has-post-thumbnail","6":"product_cat-wool-fabrics-batting","7":"product_tag-cotton-fabric","8":"product_tag-craft-supplies","9":"product_tag-eco-friendly-textile","10":"product_tag-flax-linen-fabric","11":"product_tag-flax-linen-fabric-by-the-yard-or-meter","12":"product_tag-linen-cotton-blend-fabric","13":"product_tag-linen-fabric","14":"product_tag-natural-linen","15":"product_tag-prewashed-linen","16":"product_tag-pure-flax-linen","17":"product_tag-pure-linen","18":"product_tag-sewing-supply","19":"product_tag-undyed-fibers","21":"first","22":"instock","23":"shipping-taxable","24":"purchasable","25":"product-type-variable"},"acf":[],"yoast_head":"<!-- This site is optimized with the Yoast SEO Premium plugin v27.3 (Yoast SEO v27.3) - https:\/\/yoast.com\/product\/yoast-seo-premium-wordpress\/ -->\n<title>50% Linen \/ 50% Cotton Blend Fabric \u2013 100% Natural | Home of Wool<\/title>\n<meta name=\"description\" content=\"The 50% Linen \/ 50% Cotton Blend Fabric is 100% natural, breathable, and durable. Toxin-free and sustainable, it\u2019s perfect for upholstery, bedding, and eco-friendly DIY projects.\" \/>\n<meta name=\"robots\" content=\"index, follow, max-snippet:-1, max-image-preview:large, max-video-preview:-1\" \/>\n<link rel=\"canonical\" href=\"https:\/\/homeofwool.com\/nb\/butikk\/50-lin-og-50-bomullsblanding\/\" \/>\n<meta property=\"og:locale\" content=\"nb_NO\" \/>\n<meta property=\"og:type\" content=\"article\" \/>\n<meta property=\"og:title\" content=\"50% Linen \/ 50% Cotton Blend Fabric\" \/>\n<meta property=\"og:description\" content=\"The 50% Linen \/ 50% Cotton Blend Fabric is 100% natural, breathable, and durable. Toxin-free and sustainable, it\u2019s perfect for upholstery, bedding, and eco-friendly DIY projects.\" \/>\n<meta property=\"og:url\" content=\"https:\/\/homeofwool.com\/nb\/butikk\/50-lin-og-50-bomullsblanding\/\" \/>\n<meta property=\"og:site_name\" content=\"Home of Wool\" \/>\n<meta property=\"article:publisher\" content=\"https:\/\/facebook.com\/HomeOfWoolOfficial\" \/>\n<meta property=\"article:modified_time\" content=\"2025-10-15T08:04:06+00:00\" \/>\n<meta property=\"og:image\" content=\"https:\/\/homeofwool.com\/wp-content\/uploads\/2025\/09\/home-of-wool-50-linen-50-cotton-close-up.jpg\" \/>\n\t<meta property=\"og:image:width\" content=\"1900\" \/>\n\t<meta property=\"og:image:height\" content=\"1520\" \/>\n\t<meta property=\"og:image:type\" content=\"image\/jpeg\" \/>\n<meta name=\"twitter:card\" content=\"summary_large_image\" \/>\n<meta name=\"twitter:label1\" content=\"Ansl. lesetid\" \/>\n\t<meta name=\"twitter:data1\" content=\"1 minutt\" \/>\n<script type=\"application\/ld+json\" class=\"yoast-schema-graph\">{\"@context\":\"https:\\\/\\\/schema.org\",\"@graph\":[{\"@type\":\"WebPage\",\"@id\":\"https:\\\/\\\/homeofwool.com\\\/shop\\\/50-linen-50-cotton-blend-fabric\\\/\",\"url\":\"https:\\\/\\\/homeofwool.com\\\/shop\\\/50-linen-50-cotton-blend-fabric\\\/\",\"name\":\"50% Linen \\\/ 50% Cotton Blend Fabric \u2013 100% Natural | Home of Wool\",\"isPartOf\":{\"@id\":\"https:\\\/\\\/homeofwool.com\\\/#website\"},\"primaryImageOfPage\":{\"@id\":\"https:\\\/\\\/homeofwool.com\\\/shop\\\/50-linen-50-cotton-blend-fabric\\\/#primaryimage\"},\"image\":{\"@id\":\"https:\\\/\\\/homeofwool.com\\\/shop\\\/50-linen-50-cotton-blend-fabric\\\/#primaryimage\"},\"thumbnailUrl\":\"https:\\\/\\\/homeofwool.com\\\/wp-content\\\/uploads\\\/2025\\\/09\\\/home-of-wool-50-linen-50-cotton-close-up.jpg\",\"datePublished\":\"2025-09-02T12:00:51+00:00\",\"dateModified\":\"2025-10-15T08:04:06+00:00\",\"description\":\"The 50% Linen \\\/ 50% Cotton Blend Fabric is 100% natural, breathable, and durable. Toxin-free and sustainable, it\u2019s perfect for upholstery, bedding, and eco-friendly DIY projects.\",\"breadcrumb\":{\"@id\":\"https:\\\/\\\/homeofwool.com\\\/shop\\\/50-linen-50-cotton-blend-fabric\\\/#breadcrumb\"},\"inLanguage\":\"nb-NO\",\"potentialAction\":[{\"@type\":\"ReadAction\",\"target\":[\"https:\\\/\\\/homeofwool.com\\\/shop\\\/50-linen-50-cotton-blend-fabric\\\/\"]}]},{\"@type\":\"ImageObject\",\"inLanguage\":\"nb-NO\",\"@id\":\"https:\\\/\\\/homeofwool.com\\\/shop\\\/50-linen-50-cotton-blend-fabric\\\/#primaryimage\",\"url\":\"https:\\\/\\\/homeofwool.com\\\/wp-content\\\/uploads\\\/2025\\\/09\\\/home-of-wool-50-linen-50-cotton-close-up.jpg\",\"contentUrl\":\"https:\\\/\\\/homeofwool.com\\\/wp-content\\\/uploads\\\/2025\\\/09\\\/home-of-wool-50-linen-50-cotton-close-up.jpg\",\"width\":1900,\"height\":1520,\"caption\":\"50% linen & 50% cotton fabric by the yard\"},{\"@type\":\"BreadcrumbList\",\"@id\":\"https:\\\/\\\/homeofwool.com\\\/shop\\\/50-linen-50-cotton-blend-fabric\\\/#breadcrumb\",\"itemListElement\":[{\"@type\":\"ListItem\",\"position\":1,\"name\":\"Home\",\"item\":\"https:\\\/\\\/homeofwool.com\\\/\"},{\"@type\":\"ListItem\",\"position\":2,\"name\":\"Products\",\"item\":\"https:\\\/\\\/homeofwool.com\\\/header-search-2\\\/\"},{\"@type\":\"ListItem\",\"position\":3,\"name\":\"50% Linen \\\/ 50% Cotton Blend Fabric\"}]},{\"@type\":\"WebSite\",\"@id\":\"https:\\\/\\\/homeofwool.com\\\/#website\",\"url\":\"https:\\\/\\\/homeofwool.com\\\/\",\"name\":\"Home of Wool\",\"description\":\"\",\"publisher\":{\"@id\":\"https:\\\/\\\/homeofwool.com\\\/#organization\"},\"potentialAction\":[{\"@type\":\"SearchAction\",\"target\":{\"@type\":\"EntryPoint\",\"urlTemplate\":\"https:\\\/\\\/homeofwool.com\\\/?s={search_term_string}\"},\"query-input\":{\"@type\":\"PropertyValueSpecification\",\"valueRequired\":true,\"valueName\":\"search_term_string\"}}],\"inLanguage\":\"nb-NO\"},{\"@type\":\"Organization\",\"@id\":\"https:\\\/\\\/homeofwool.com\\\/#organization\",\"name\":\"Home of Wool\",\"url\":\"https:\\\/\\\/homeofwool.com\\\/\",\"logo\":{\"@type\":\"ImageObject\",\"inLanguage\":\"nb-NO\",\"@id\":\"https:\\\/\\\/homeofwool.com\\\/#\\\/schema\\\/logo\\\/image\\\/\",\"url\":\"https:\\\/\\\/homeofwool.com\\\/wp-content\\\/uploads\\\/2025\\\/09\\\/WhatsApp-Image-2025-12-02-at-16.23.20.jpeg\",\"contentUrl\":\"https:\\\/\\\/homeofwool.com\\\/wp-content\\\/uploads\\\/2025\\\/09\\\/WhatsApp-Image-2025-12-02-at-16.23.20.jpeg\",\"width\":700,\"height\":247,\"caption\":\"Home of Wool\"},\"image\":{\"@id\":\"https:\\\/\\\/homeofwool.com\\\/#\\\/schema\\\/logo\\\/image\\\/\"},\"sameAs\":[\"https:\\\/\\\/facebook.com\\\/HomeOfWoolOfficial\"]}]}<\/script>\n<!-- \/ Yoast SEO Premium plugin. -->","yoast_head_json":{"title":"50% Lin \/ 50% Bomullsblanding \u2013 100% Naturlig | Home of Wool","description":"50% lin\/50% bomullsblandingsstoff er 100% naturlig, pustende og slitesterkt. Det er giftfritt og b\u00e6rekraftig, og passer perfekt til m\u00f8beltrekk, senget\u00f8y og milj\u00f8vennlige DIY-prosjekter.","robots":{"index":"index","follow":"follow","max-snippet":"max-snippet:-1","max-image-preview":"max-image-preview:large","max-video-preview":"max-video-preview:-1"},"canonical":"https:\/\/homeofwool.com\/nb\/butikk\/50-lin-og-50-bomullsblanding\/","og_locale":"nb_NO","og_type":"article","og_title":"50% Linen \/ 50% Cotton Blend Fabric","og_description":"The 50% Linen \/ 50% Cotton Blend Fabric is 100% natural, breathable, and durable. Toxin-free and sustainable, it\u2019s perfect for upholstery, bedding, and eco-friendly DIY projects.","og_url":"https:\/\/homeofwool.com\/nb\/butikk\/50-lin-og-50-bomullsblanding\/","og_site_name":"Home of Wool","article_publisher":"https:\/\/facebook.com\/HomeOfWoolOfficial","article_modified_time":"2025-10-15T08:04:06+00:00","og_image":[{"width":1900,"height":1520,"url":"https:\/\/homeofwool.com\/wp-content\/uploads\/2025\/09\/home-of-wool-50-linen-50-cotton-close-up.jpg","type":"image\/jpeg"}],"twitter_card":"summary_large_image","twitter_misc":{"Ansl. lesetid":"1 minutt"},"schema":{"@context":"https:\/\/schema.org","@graph":[{"@type":"WebPage","@id":"https:\/\/homeofwool.com\/shop\/50-linen-50-cotton-blend-fabric\/","url":"https:\/\/homeofwool.com\/shop\/50-linen-50-cotton-blend-fabric\/","name":"50% Lin \/ 50% Bomullsblanding \u2013 100% Naturlig | Home of Wool","isPartOf":{"@id":"https:\/\/homeofwool.com\/#website"},"primaryImageOfPage":{"@id":"https:\/\/homeofwool.com\/shop\/50-linen-50-cotton-blend-fabric\/#primaryimage"},"image":{"@id":"https:\/\/homeofwool.com\/shop\/50-linen-50-cotton-blend-fabric\/#primaryimage"},"thumbnailUrl":"https:\/\/homeofwool.com\/wp-content\/uploads\/2025\/09\/home-of-wool-50-linen-50-cotton-close-up.jpg","datePublished":"2025-09-02T12:00:51+00:00","dateModified":"2025-10-15T08:04:06+00:00","description":"50% lin\/50% bomullsblandingsstoff er 100% naturlig, pustende og slitesterkt. Det er giftfritt og b\u00e6rekraftig, og passer perfekt til m\u00f8beltrekk, senget\u00f8y og milj\u00f8vennlige DIY-prosjekter.","breadcrumb":{"@id":"https:\/\/homeofwool.com\/shop\/50-linen-50-cotton-blend-fabric\/#breadcrumb"},"inLanguage":"nb-NO","potentialAction":[{"@type":"ReadAction","target":["https:\/\/homeofwool.com\/shop\/50-linen-50-cotton-blend-fabric\/"]}]},{"@type":"ImageObject","inLanguage":"nb-NO","@id":"https:\/\/homeofwool.com\/shop\/50-linen-50-cotton-blend-fabric\/#primaryimage","url":"https:\/\/homeofwool.com\/wp-content\/uploads\/2025\/09\/home-of-wool-50-linen-50-cotton-close-up.jpg","contentUrl":"https:\/\/homeofwool.com\/wp-content\/uploads\/2025\/09\/home-of-wool-50-linen-50-cotton-close-up.jpg","width":1900,"height":1520,"caption":"50% linen & 50% cotton fabric by the yard"},{"@type":"BreadcrumbList","@id":"https:\/\/homeofwool.com\/shop\/50-linen-50-cotton-blend-fabric\/#breadcrumb","itemListElement":[{"@type":"ListItem","position":1,"name":"Home","item":"https:\/\/homeofwool.com\/"},{"@type":"ListItem","position":2,"name":"Products","item":"https:\/\/homeofwool.com\/header-search-2\/"},{"@type":"ListItem","position":3,"name":"50% Linen \/ 50% Cotton Blend Fabric"}]},{"@type":"WebSite","@id":"https:\/\/homeofwool.com\/#website","url":"https:\/\/homeofwool.com\/","name":"Hjem til ull","description":"","publisher":{"@id":"https:\/\/homeofwool.com\/#organization"},"potentialAction":[{"@type":"SearchAction","target":{"@type":"EntryPoint","urlTemplate":"https:\/\/homeofwool.com\/?s={search_term_string}"},"query-input":{"@type":"PropertyValueSpecification","valueRequired":true,"valueName":"search_term_string"}}],"inLanguage":"nb-NO"},{"@type":"Organization","@id":"https:\/\/homeofwool.com\/#organization","name":"Hjem til ull","url":"https:\/\/homeofwool.com\/","logo":{"@type":"ImageObject","inLanguage":"nb-NO","@id":"https:\/\/homeofwool.com\/#\/schema\/logo\/image\/","url":"https:\/\/homeofwool.com\/wp-content\/uploads\/2025\/09\/WhatsApp-Image-2025-12-02-at-16.23.20.jpeg","contentUrl":"https:\/\/homeofwool.com\/wp-content\/uploads\/2025\/09\/WhatsApp-Image-2025-12-02-at-16.23.20.jpeg","width":700,"height":247,"caption":"Home of Wool"},"image":{"@id":"https:\/\/homeofwool.com\/#\/schema\/logo\/image\/"},"sameAs":["https:\/\/facebook.com\/HomeOfWoolOfficial"]}]}},"_links":{"self":[{"href":"https:\/\/homeofwool.com\/nb\/wp-json\/wp\/v2\/product\/217526","targetHints":{"allow":["GET"]}}],"collection":[{"href":"https:\/\/homeofwool.com\/nb\/wp-json\/wp\/v2\/product"}],"about":[{"href":"https:\/\/homeofwool.com\/nb\/wp-json\/wp\/v2\/types\/product"}],"version-history":[{"count":0,"href":"https:\/\/homeofwool.com\/nb\/wp-json\/wp\/v2\/product\/217526\/revisions"}],"wp:featuredmedia":[{"embeddable":true,"href":"https:\/\/homeofwool.com\/nb\/wp-json\/wp\/v2\/media\/218471"}],"wp:attachment":[{"href":"https:\/\/homeofwool.com\/nb\/wp-json\/wp\/v2\/media?parent=217526"}],"wp:term":[{"taxonomy":"product_brand","embeddable":true,"href":"https:\/\/homeofwool.com\/nb\/wp-json\/wp\/v2\/product_brand?post=217526"},{"taxonomy":"product_cat","embeddable":true,"href":"https:\/\/homeofwool.com\/nb\/wp-json\/wp\/v2\/product_cat?post=217526"},{"taxonomy":"product_tag","embeddable":true,"href":"https:\/\/homeofwool.com\/nb\/wp-json\/wp\/v2\/product_tag?post=217526"}],"curies":[{"name":"wp","href":"https:\/\/api.w.org\/{rel}","templated":true}]}}