{"id":217520,"date":"2025-09-02T12:00:51","date_gmt":"2025-09-02T12:00:51","guid":{"rendered":"https:\/\/homeofwool.com\/?post_type=product&#038;p=217520"},"modified":"2026-02-11T10:35:36","modified_gmt":"2026-02-11T10:35:36","slug":"kroppspute","status":"publish","type":"product","link":"https:\/\/homeofwool.com\/nb\/shop\/body-pillow\/","title":{"rendered":"Ullkroppspute"},"content":{"rendered":"<p>Denne myke, men st\u00f8ttende kroppsputen i ull er det du trenger n\u00e5r du vil f\u00f8le deg helt avslappet. Enten det er en kroppspute for deg som sover p\u00e5 siden, en p\u00e5litelig f\u00f8lgesvenn under graviditeten eller en lang pute \u00e5 holde tett inntil deg, gir den komfort der kroppen din trenger det mest. Ullfibrene tilpasser seg formen din, gir st\u00f8tte der du trenger det mest og gj\u00f8r det lettere \u00e5 v\u00e5kne uthvilt.<\/p>\n<p>Ull regulerer temperaturen for \u00e5 skape et optimalt s\u00f8vnmilj\u00f8. Den holder deg kj\u00f8lig n\u00e5r rommet er varmt og koselig n\u00e5r det er kaldere. Den transporterer ogs\u00e5 bort fuktighet og holder seg frisk natt etter natt. Denne giftfrie puten er fri for syntetiske stoffer og kjemikalier, og er et trygt valg for personer med allergi. Dens hypoallergene egenskaper gir renere luft og et roligere s\u00f8vnmilj\u00f8.<\/p>\n<p>Hver pute er h\u00e5ndlaget med omhu. Den har en diskret glidel\u00e5s, slik at du kan justere fyllet etter eget \u00f8nske. Det finnes pr\u00f8ver tilgjengelig hvis du \u00f8nsker \u00e5 se p\u00e5 stoffene og fyllet f\u00f8r du velger.<\/p>","protected":false},"excerpt":{"rendered":"<p>Ullkroppsputen er laget for de som sover p\u00e5 siden, gravide eller alle som \u00f8nsker en myk og st\u00f8ttende omfavnelse om natten. Den er h\u00e5ndfylt med ren ull og gir naturlig justering og et sunnere, giftfritt og allergivennlig alternativ til koseputer.<\/p>","protected":false},"featured_media":226501,"template":"","meta":{"_acf_changed":false},"product_brand":[],"product_cat":[316,264,254,143],"product_tag":[453,454,144,455,456,457,458,146,148,149],"class_list":{"0":"post-217520","1":"product","2":"type-product","3":"status-publish","4":"has-post-thumbnail","6":"product_cat-mothers-day","7":"product_cat-kids","8":"product_cat-pillows-pillowcases","9":"product_cat-moms-pregnancy-pillows","10":"product_tag-best-body-pillow","11":"product_tag-best-body-pillow-for-pregnancy","12":"product_tag-body-pillow","13":"product_tag-body-pillow-benefits","14":"product_tag-body-pillow-covers","15":"product_tag-custom-body-pillow","16":"product_tag-full-length-pregnancy-pillow","17":"product_tag-maternity-pillow","18":"product_tag-pregnancy-support-pillow","19":"product_tag-steps","21":"first","22":"instock","23":"shipping-taxable","24":"purchasable","25":"product-type-simple"},"acf":[],"yoast_head":"<!-- This site is optimized with the Yoast SEO Premium plugin v27.3 (Yoast SEO v27.3) - https:\/\/yoast.com\/product\/yoast-seo-premium-wordpress\/ -->\n<title>Body Pillow \u2013 Hypoallergenic &amp; Non-toxic Cuddle Pillow | Home of Wool<\/title>\n<meta name=\"description\" content=\"Soft and hypoallergenic, the Body Pillow is filled with breathable wool. Toxin-free and supportive, it offers sustainable cuddle comfort while promoting restful alignment and natural sleep.\" \/>\n<meta name=\"robots\" content=\"index, follow, max-snippet:-1, max-image-preview:large, max-video-preview:-1\" \/>\n<link rel=\"canonical\" href=\"https:\/\/homeofwool.com\/nb\/butikk\/kroppspute\/\" \/>\n<meta property=\"og:locale\" content=\"nb_NO\" \/>\n<meta property=\"og:type\" content=\"article\" \/>\n<meta property=\"og:title\" content=\"Wool Body Pillow\" \/>\n<meta property=\"og:description\" content=\"Soft and hypoallergenic, the Body Pillow is filled with breathable wool. Toxin-free and supportive, it offers sustainable cuddle comfort while promoting restful alignment and natural sleep.\" \/>\n<meta property=\"og:url\" content=\"https:\/\/homeofwool.com\/nb\/butikk\/kroppspute\/\" \/>\n<meta property=\"og:site_name\" content=\"Home of Wool\" \/>\n<meta property=\"article:publisher\" content=\"https:\/\/facebook.com\/HomeOfWoolOfficial\" \/>\n<meta property=\"article:modified_time\" content=\"2026-02-11T10:35:36+00:00\" \/>\n<meta property=\"og:image\" content=\"https:\/\/homeofwool.com\/wp-content\/uploads\/2025\/09\/home-of-wool-wool-body-pillow-11.jpg\" \/>\n\t<meta property=\"og:image:width\" content=\"1900\" \/>\n\t<meta property=\"og:image:height\" content=\"1520\" \/>\n\t<meta property=\"og:image:type\" content=\"image\/jpeg\" \/>\n<meta name=\"twitter:card\" content=\"summary_large_image\" \/>\n<meta name=\"twitter:label1\" content=\"Ansl. lesetid\" \/>\n\t<meta name=\"twitter:data1\" content=\"1 minutt\" \/>\n<script type=\"application\/ld+json\" class=\"yoast-schema-graph\">{\"@context\":\"https:\\\/\\\/schema.org\",\"@graph\":[{\"@type\":\"WebPage\",\"@id\":\"https:\\\/\\\/homeofwool.com\\\/shop\\\/body-pillow\\\/\",\"url\":\"https:\\\/\\\/homeofwool.com\\\/shop\\\/body-pillow\\\/\",\"name\":\"Body Pillow \u2013 Hypoallergenic & Non-toxic Cuddle Pillow | Home of Wool\",\"isPartOf\":{\"@id\":\"https:\\\/\\\/homeofwool.com\\\/#website\"},\"primaryImageOfPage\":{\"@id\":\"https:\\\/\\\/homeofwool.com\\\/shop\\\/body-pillow\\\/#primaryimage\"},\"image\":{\"@id\":\"https:\\\/\\\/homeofwool.com\\\/shop\\\/body-pillow\\\/#primaryimage\"},\"thumbnailUrl\":\"https:\\\/\\\/homeofwool.com\\\/wp-content\\\/uploads\\\/2025\\\/09\\\/home-of-wool-wool-body-pillow-11.jpg\",\"datePublished\":\"2025-09-02T12:00:51+00:00\",\"dateModified\":\"2026-02-11T10:35:36+00:00\",\"description\":\"Soft and hypoallergenic, the Body Pillow is filled with breathable wool. Toxin-free and supportive, it offers sustainable cuddle comfort while promoting restful alignment and natural sleep.\",\"breadcrumb\":{\"@id\":\"https:\\\/\\\/homeofwool.com\\\/shop\\\/body-pillow\\\/#breadcrumb\"},\"inLanguage\":\"nb-NO\",\"potentialAction\":[{\"@type\":\"ReadAction\",\"target\":[\"https:\\\/\\\/homeofwool.com\\\/shop\\\/body-pillow\\\/\"]}]},{\"@type\":\"ImageObject\",\"inLanguage\":\"nb-NO\",\"@id\":\"https:\\\/\\\/homeofwool.com\\\/shop\\\/body-pillow\\\/#primaryimage\",\"url\":\"https:\\\/\\\/homeofwool.com\\\/wp-content\\\/uploads\\\/2025\\\/09\\\/home-of-wool-wool-body-pillow-11.jpg\",\"contentUrl\":\"https:\\\/\\\/homeofwool.com\\\/wp-content\\\/uploads\\\/2025\\\/09\\\/home-of-wool-wool-body-pillow-11.jpg\",\"width\":1900,\"height\":1520,\"caption\":\"Wool body pillow\"},{\"@type\":\"BreadcrumbList\",\"@id\":\"https:\\\/\\\/homeofwool.com\\\/shop\\\/body-pillow\\\/#breadcrumb\",\"itemListElement\":[{\"@type\":\"ListItem\",\"position\":1,\"name\":\"Home\",\"item\":\"https:\\\/\\\/homeofwool.com\\\/\"},{\"@type\":\"ListItem\",\"position\":2,\"name\":\"Products\",\"item\":\"https:\\\/\\\/homeofwool.com\\\/header-search-2\\\/\"},{\"@type\":\"ListItem\",\"position\":3,\"name\":\"Wool Body Pillow\"}]},{\"@type\":\"WebSite\",\"@id\":\"https:\\\/\\\/homeofwool.com\\\/#website\",\"url\":\"https:\\\/\\\/homeofwool.com\\\/\",\"name\":\"Home of Wool\",\"description\":\"\",\"publisher\":{\"@id\":\"https:\\\/\\\/homeofwool.com\\\/#organization\"},\"potentialAction\":[{\"@type\":\"SearchAction\",\"target\":{\"@type\":\"EntryPoint\",\"urlTemplate\":\"https:\\\/\\\/homeofwool.com\\\/?s={search_term_string}\"},\"query-input\":{\"@type\":\"PropertyValueSpecification\",\"valueRequired\":true,\"valueName\":\"search_term_string\"}}],\"inLanguage\":\"nb-NO\"},{\"@type\":\"Organization\",\"@id\":\"https:\\\/\\\/homeofwool.com\\\/#organization\",\"name\":\"Home of Wool\",\"url\":\"https:\\\/\\\/homeofwool.com\\\/\",\"logo\":{\"@type\":\"ImageObject\",\"inLanguage\":\"nb-NO\",\"@id\":\"https:\\\/\\\/homeofwool.com\\\/#\\\/schema\\\/logo\\\/image\\\/\",\"url\":\"https:\\\/\\\/homeofwool.com\\\/wp-content\\\/uploads\\\/2025\\\/09\\\/WhatsApp-Image-2025-12-02-at-16.23.20.jpeg\",\"contentUrl\":\"https:\\\/\\\/homeofwool.com\\\/wp-content\\\/uploads\\\/2025\\\/09\\\/WhatsApp-Image-2025-12-02-at-16.23.20.jpeg\",\"width\":700,\"height\":247,\"caption\":\"Home of Wool\"},\"image\":{\"@id\":\"https:\\\/\\\/homeofwool.com\\\/#\\\/schema\\\/logo\\\/image\\\/\"},\"sameAs\":[\"https:\\\/\\\/facebook.com\\\/HomeOfWoolOfficial\"]}]}<\/script>\n<!-- \/ Yoast SEO Premium plugin. -->","yoast_head_json":{"title":"Kroppspute \u2013 Allergivenlig og giftfri kosepute | Home of Wool","description":"Body Pillow er myk og allergivennlig, og er fylt med pustende ull. Den er giftfri og st\u00f8ttende, og gir b\u00e6rekraftig kosekomfort samtidig som den fremmer avslappende kroppsstilling og naturlig s\u00f8vn.","robots":{"index":"index","follow":"follow","max-snippet":"max-snippet:-1","max-image-preview":"max-image-preview:large","max-video-preview":"max-video-preview:-1"},"canonical":"https:\/\/homeofwool.com\/nb\/butikk\/kroppspute\/","og_locale":"nb_NO","og_type":"article","og_title":"Wool Body Pillow","og_description":"Soft and hypoallergenic, the Body Pillow is filled with breathable wool. Toxin-free and supportive, it offers sustainable cuddle comfort while promoting restful alignment and natural sleep.","og_url":"https:\/\/homeofwool.com\/nb\/butikk\/kroppspute\/","og_site_name":"Home of Wool","article_publisher":"https:\/\/facebook.com\/HomeOfWoolOfficial","article_modified_time":"2026-02-11T10:35:36+00:00","og_image":[{"width":1900,"height":1520,"url":"https:\/\/homeofwool.com\/wp-content\/uploads\/2025\/09\/home-of-wool-wool-body-pillow-11.jpg","type":"image\/jpeg"}],"twitter_card":"summary_large_image","twitter_misc":{"Ansl. lesetid":"1 minutt"},"schema":{"@context":"https:\/\/schema.org","@graph":[{"@type":"WebPage","@id":"https:\/\/homeofwool.com\/shop\/body-pillow\/","url":"https:\/\/homeofwool.com\/shop\/body-pillow\/","name":"Kroppspute \u2013 Allergivenlig og giftfri kosepute | Home of Wool","isPartOf":{"@id":"https:\/\/homeofwool.com\/#website"},"primaryImageOfPage":{"@id":"https:\/\/homeofwool.com\/shop\/body-pillow\/#primaryimage"},"image":{"@id":"https:\/\/homeofwool.com\/shop\/body-pillow\/#primaryimage"},"thumbnailUrl":"https:\/\/homeofwool.com\/wp-content\/uploads\/2025\/09\/home-of-wool-wool-body-pillow-11.jpg","datePublished":"2025-09-02T12:00:51+00:00","dateModified":"2026-02-11T10:35:36+00:00","description":"Body Pillow er myk og allergivennlig, og er fylt med pustende ull. Den er giftfri og st\u00f8ttende, og gir b\u00e6rekraftig kosekomfort samtidig som den fremmer avslappende kroppsstilling og naturlig s\u00f8vn.","breadcrumb":{"@id":"https:\/\/homeofwool.com\/shop\/body-pillow\/#breadcrumb"},"inLanguage":"nb-NO","potentialAction":[{"@type":"ReadAction","target":["https:\/\/homeofwool.com\/shop\/body-pillow\/"]}]},{"@type":"ImageObject","inLanguage":"nb-NO","@id":"https:\/\/homeofwool.com\/shop\/body-pillow\/#primaryimage","url":"https:\/\/homeofwool.com\/wp-content\/uploads\/2025\/09\/home-of-wool-wool-body-pillow-11.jpg","contentUrl":"https:\/\/homeofwool.com\/wp-content\/uploads\/2025\/09\/home-of-wool-wool-body-pillow-11.jpg","width":1900,"height":1520,"caption":"Wool body pillow"},{"@type":"BreadcrumbList","@id":"https:\/\/homeofwool.com\/shop\/body-pillow\/#breadcrumb","itemListElement":[{"@type":"ListItem","position":1,"name":"Home","item":"https:\/\/homeofwool.com\/"},{"@type":"ListItem","position":2,"name":"Products","item":"https:\/\/homeofwool.com\/header-search-2\/"},{"@type":"ListItem","position":3,"name":"Wool Body Pillow"}]},{"@type":"WebSite","@id":"https:\/\/homeofwool.com\/#website","url":"https:\/\/homeofwool.com\/","name":"Hjem til ull","description":"","publisher":{"@id":"https:\/\/homeofwool.com\/#organization"},"potentialAction":[{"@type":"SearchAction","target":{"@type":"EntryPoint","urlTemplate":"https:\/\/homeofwool.com\/?s={search_term_string}"},"query-input":{"@type":"PropertyValueSpecification","valueRequired":true,"valueName":"search_term_string"}}],"inLanguage":"nb-NO"},{"@type":"Organization","@id":"https:\/\/homeofwool.com\/#organization","name":"Hjem til ull","url":"https:\/\/homeofwool.com\/","logo":{"@type":"ImageObject","inLanguage":"nb-NO","@id":"https:\/\/homeofwool.com\/#\/schema\/logo\/image\/","url":"https:\/\/homeofwool.com\/wp-content\/uploads\/2025\/09\/WhatsApp-Image-2025-12-02-at-16.23.20.jpeg","contentUrl":"https:\/\/homeofwool.com\/wp-content\/uploads\/2025\/09\/WhatsApp-Image-2025-12-02-at-16.23.20.jpeg","width":700,"height":247,"caption":"Home of Wool"},"image":{"@id":"https:\/\/homeofwool.com\/#\/schema\/logo\/image\/"},"sameAs":["https:\/\/facebook.com\/HomeOfWoolOfficial"]}]}},"_links":{"self":[{"href":"https:\/\/homeofwool.com\/nb\/wp-json\/wp\/v2\/product\/217520","targetHints":{"allow":["GET"]}}],"collection":[{"href":"https:\/\/homeofwool.com\/nb\/wp-json\/wp\/v2\/product"}],"about":[{"href":"https:\/\/homeofwool.com\/nb\/wp-json\/wp\/v2\/types\/product"}],"version-history":[{"count":1,"href":"https:\/\/homeofwool.com\/nb\/wp-json\/wp\/v2\/product\/217520\/revisions"}],"predecessor-version":[{"id":226507,"href":"https:\/\/homeofwool.com\/nb\/wp-json\/wp\/v2\/product\/217520\/revisions\/226507"}],"wp:featuredmedia":[{"embeddable":true,"href":"https:\/\/homeofwool.com\/nb\/wp-json\/wp\/v2\/media\/226501"}],"wp:attachment":[{"href":"https:\/\/homeofwool.com\/nb\/wp-json\/wp\/v2\/media?parent=217520"}],"wp:term":[{"taxonomy":"product_brand","embeddable":true,"href":"https:\/\/homeofwool.com\/nb\/wp-json\/wp\/v2\/product_brand?post=217520"},{"taxonomy":"product_cat","embeddable":true,"href":"https:\/\/homeofwool.com\/nb\/wp-json\/wp\/v2\/product_cat?post=217520"},{"taxonomy":"product_tag","embeddable":true,"href":"https:\/\/homeofwool.com\/nb\/wp-json\/wp\/v2\/product_tag?post=217520"}],"curies":[{"name":"wp","href":"https:\/\/api.w.org\/{rel}","templated":true}]}}