{"id":217515,"date":"2025-09-02T12:00:51","date_gmt":"2025-09-02T12:00:51","guid":{"rendered":"https:\/\/homeofwool.com\/?post_type=product&#038;p=217515"},"modified":"2026-02-16T09:41:10","modified_gmt":"2026-02-16T09:41:10","slug":"linnet-stoff-med-tynne-gra-striper","status":"publish","type":"product","link":"https:\/\/homeofwool.com\/nb\/shop\/linen-fabric-thin-gray-stripes\/","title":{"rendered":"Linnet stoff med tynne gr\u00e5 striper"},"content":{"rendered":"<p>Home of Wool-linnet med tynne gr\u00e5 striper er ideelt for \u00e5 lage senget\u00f8y som putevar, laken og dynebetrekk. Det er mykt \u00e5 ta p\u00e5 og fri for giftstoffer, og er et stoff foreldre kan stole p\u00e5 til babyens f\u00f8rste senget\u00f8y. Det er laget av \u00f8kologisk lin og er fri for belegg og giftstoffer. Det er trygt og sikrer giftfritt senget\u00f8y for hele familien, fra nyf\u00f8dte til voksne.<\/p>\n<p>Som et pustende linnetekstil hjelper det med \u00e5 regulere kroppstemperaturen, slik at du holder deg kj\u00f8lig om sommeren og behagelig varm om vinteren. Dette milj\u00f8vennlige linnetekstilet er naturlig sterkt og holdbart, og blir mykere for hver vask. Dets allergivennlige egenskaper gir lindring for personer med allergi og sensitiv hud.<\/p>\n<p>I tillegg til senget\u00f8y er dette stoffet godt egnet til lette m\u00f8belstoffer, putetrekk og andre hjemmearbeider som krever varig stil og holdbarhet.<\/p>\n<p>Enten det velges til senget\u00f8y til voksne soverom eller det mest delikate senget\u00f8yet til barnerommet, gir dette kjemikaliefrie linet en kj\u00f8lig og frisk s\u00f8vn. Pr\u00f8ver er tilgjengelige for kj\u00f8p hvis du \u00f8nsker \u00e5 f\u00f8le teksturen og se de vevde stripene f\u00f8r du bestiller per meter.<\/p>","protected":false},"excerpt":{"rendered":"<p>Dette linnet med tynne gr\u00e5 striper er perfekt til laken, putevar og til og med delikat senget\u00f8y til nyf\u00f8dte. Det er laget av naturlig lin og er mykt og pustende. Det er vevd i henhold til de h\u00f8yeste OEKO-TEX-sertifiserte stoffstandardene, og sikrer renhet og sikkerhet b\u00e5de til daglig senget\u00f8y og delikat bruk i barnerommet.<\/p>\n<p><strong>Vekt:<\/strong> 185 g\/m\u00b2<br \/>\n<strong>Bredde<\/strong>: 59\u2033 eller 118\u2033 (150 cm eller 300 cm)<br \/>\nKrymping etter f\u00f8rste vask:<br \/>\n<strong>I lengderetningen:<\/strong> opp til 10%<\/p>","protected":false},"featured_media":219244,"template":"","meta":{"_acf_changed":false},"product_brand":[],"product_cat":[25],"product_tag":[85,86,87,99,90,91,92,93,97,94,98,95],"class_list":{"0":"post-217515","1":"product","2":"type-product","3":"status-publish","4":"has-post-thumbnail","6":"product_cat-wool-fabrics-batting","7":"product_tag-craft-supplies","8":"product_tag-eco-friendly-textile","9":"product_tag-flax-linen-fabric","10":"product_tag-flax-linen-fabric-by-the-yard-or-metre","11":"product_tag-linen-fabric","12":"product_tag-natural-linen","13":"product_tag-prewashed-linen","14":"product_tag-pure-flax-linen","15":"product_tag-pure-linen","16":"product_tag-sewing-supply","17":"product_tag-striped-linen-fabric","18":"product_tag-undyed-fibers","20":"first","21":"instock","22":"shipping-taxable","23":"purchasable","24":"product-type-variable"},"acf":[],"yoast_head":"<!-- This site is optimized with the Yoast SEO Premium plugin v27.4 (Yoast SEO v27.4) - https:\/\/yoast.com\/product\/yoast-seo-premium-wordpress\/ -->\n<title>Linen Fabric with Thin Grey Stripes \u2013 Oeko-Tex Certified | Home of Wool<\/title>\n<meta name=\"description\" content=\"Eco-friendly and breathable, this natural, toxin-free linen with thin grey stripes is durable and versatile. Perfect for newborn bedding, sheets, cushions, and light upholstery.\" \/>\n<meta name=\"robots\" content=\"index, follow, max-snippet:-1, max-image-preview:large, max-video-preview:-1\" \/>\n<link rel=\"canonical\" href=\"https:\/\/homeofwool.com\/nb\/butikk\/linnet-stoff-med-tynne-gra-striper\/\" \/>\n<meta property=\"og:locale\" content=\"nb_NO\" \/>\n<meta property=\"og:type\" content=\"article\" \/>\n<meta property=\"og:title\" content=\"Linen Fabric with Thin Grey Stripes\" \/>\n<meta property=\"og:description\" content=\"Eco-friendly and breathable, this natural, toxin-free linen with thin grey stripes is durable and versatile. Perfect for newborn bedding, sheets, cushions, and light upholstery.\" \/>\n<meta property=\"og:url\" content=\"https:\/\/homeofwool.com\/nb\/butikk\/linnet-stoff-med-tynne-gra-striper\/\" \/>\n<meta property=\"og:site_name\" content=\"Home of Wool\" \/>\n<meta property=\"article:publisher\" content=\"https:\/\/facebook.com\/HomeOfWoolOfficial\" \/>\n<meta property=\"article:modified_time\" content=\"2026-02-16T09:41:10+00:00\" \/>\n<meta property=\"og:image\" content=\"https:\/\/homeofwool.com\/wp-content\/uploads\/2025\/09\/home-of-wool-linen-fabric-with-thin-grey-stripes-1-main.jpg\" \/>\n\t<meta property=\"og:image:width\" content=\"2000\" \/>\n\t<meta property=\"og:image:height\" content=\"1600\" \/>\n\t<meta property=\"og:image:type\" content=\"image\/jpeg\" \/>\n<meta name=\"twitter:card\" content=\"summary_large_image\" \/>\n<meta name=\"twitter:label1\" content=\"Ansl. lesetid\" \/>\n\t<meta name=\"twitter:data1\" content=\"2 minutter\" \/>\n<script type=\"application\/ld+json\" class=\"yoast-schema-graph\">{\"@context\":\"https:\\\/\\\/schema.org\",\"@graph\":[{\"@type\":\"WebPage\",\"@id\":\"https:\\\/\\\/homeofwool.com\\\/it\\\/negozio\\\/tessuto-di-lino-a-righe-sottili-grigie\\\/\",\"url\":\"https:\\\/\\\/homeofwool.com\\\/it\\\/negozio\\\/tessuto-di-lino-a-righe-sottili-grigie\\\/\",\"name\":\"Linen Fabric with Thin Grey Stripes \u2013 Oeko-Tex Certified | Home of Wool\",\"isPartOf\":{\"@id\":\"https:\\\/\\\/homeofwool.com\\\/#website\"},\"primaryImageOfPage\":{\"@id\":\"https:\\\/\\\/homeofwool.com\\\/it\\\/negozio\\\/tessuto-di-lino-a-righe-sottili-grigie\\\/#primaryimage\"},\"image\":{\"@id\":\"https:\\\/\\\/homeofwool.com\\\/it\\\/negozio\\\/tessuto-di-lino-a-righe-sottili-grigie\\\/#primaryimage\"},\"thumbnailUrl\":\"https:\\\/\\\/homeofwool.com\\\/wp-content\\\/uploads\\\/2025\\\/09\\\/home-of-wool-linen-fabric-with-thin-grey-stripes-1-main.jpg\",\"datePublished\":\"2025-09-02T12:00:51+00:00\",\"dateModified\":\"2026-02-16T09:41:10+00:00\",\"description\":\"Eco-friendly and breathable, this natural, toxin-free linen with thin grey stripes is durable and versatile. Perfect for newborn bedding, sheets, cushions, and light upholstery.\",\"breadcrumb\":{\"@id\":\"https:\\\/\\\/homeofwool.com\\\/it\\\/negozio\\\/tessuto-di-lino-a-righe-sottili-grigie\\\/#breadcrumb\"},\"inLanguage\":\"nb-NO\",\"potentialAction\":[{\"@type\":\"ReadAction\",\"target\":[\"https:\\\/\\\/homeofwool.com\\\/it\\\/negozio\\\/tessuto-di-lino-a-righe-sottili-grigie\\\/\"]}]},{\"@type\":\"ImageObject\",\"inLanguage\":\"nb-NO\",\"@id\":\"https:\\\/\\\/homeofwool.com\\\/it\\\/negozio\\\/tessuto-di-lino-a-righe-sottili-grigie\\\/#primaryimage\",\"url\":\"https:\\\/\\\/homeofwool.com\\\/wp-content\\\/uploads\\\/2025\\\/09\\\/home-of-wool-linen-fabric-with-thin-grey-stripes-1-main.jpg\",\"contentUrl\":\"https:\\\/\\\/homeofwool.com\\\/wp-content\\\/uploads\\\/2025\\\/09\\\/home-of-wool-linen-fabric-with-thin-grey-stripes-1-main.jpg\",\"width\":2000,\"height\":1600,\"caption\":\"linen fabric with thin grey stripes close up\"},{\"@type\":\"BreadcrumbList\",\"@id\":\"https:\\\/\\\/homeofwool.com\\\/it\\\/negozio\\\/tessuto-di-lino-a-righe-sottili-grigie\\\/#breadcrumb\",\"itemListElement\":[{\"@type\":\"ListItem\",\"position\":1,\"name\":\"Home\",\"item\":\"https:\\\/\\\/homeofwool.com\\\/\"},{\"@type\":\"ListItem\",\"position\":2,\"name\":\"Products\",\"item\":\"https:\\\/\\\/homeofwool.com\\\/header-search-2\\\/\"},{\"@type\":\"ListItem\",\"position\":3,\"name\":\"Linen Fabric with Thin Grey Stripes\"}]},{\"@type\":\"WebSite\",\"@id\":\"https:\\\/\\\/homeofwool.com\\\/#website\",\"url\":\"https:\\\/\\\/homeofwool.com\\\/\",\"name\":\"Home of Wool\",\"description\":\"\",\"publisher\":{\"@id\":\"https:\\\/\\\/homeofwool.com\\\/#organization\"},\"potentialAction\":[{\"@type\":\"SearchAction\",\"target\":{\"@type\":\"EntryPoint\",\"urlTemplate\":\"https:\\\/\\\/homeofwool.com\\\/?s={search_term_string}\"},\"query-input\":{\"@type\":\"PropertyValueSpecification\",\"valueRequired\":true,\"valueName\":\"search_term_string\"}}],\"inLanguage\":\"nb-NO\"},{\"@type\":\"Organization\",\"@id\":\"https:\\\/\\\/homeofwool.com\\\/#organization\",\"name\":\"Home of Wool\",\"url\":\"https:\\\/\\\/homeofwool.com\\\/\",\"logo\":{\"@type\":\"ImageObject\",\"inLanguage\":\"nb-NO\",\"@id\":\"https:\\\/\\\/homeofwool.com\\\/#\\\/schema\\\/logo\\\/image\\\/\",\"url\":\"https:\\\/\\\/homeofwool.com\\\/wp-content\\\/uploads\\\/2025\\\/09\\\/WhatsApp-Image-2025-12-02-at-16.23.20.jpeg\",\"contentUrl\":\"https:\\\/\\\/homeofwool.com\\\/wp-content\\\/uploads\\\/2025\\\/09\\\/WhatsApp-Image-2025-12-02-at-16.23.20.jpeg\",\"width\":700,\"height\":247,\"caption\":\"Home of Wool\"},\"image\":{\"@id\":\"https:\\\/\\\/homeofwool.com\\\/#\\\/schema\\\/logo\\\/image\\\/\"},\"sameAs\":[\"https:\\\/\\\/facebook.com\\\/HomeOfWoolOfficial\"]}]}<\/script>\n<!-- \/ Yoast SEO Premium plugin. -->","yoast_head_json":{"title":"Linnet\u00f8y med tynne gr\u00e5 striper \u2013 Oeko-Tex-sertifisert | Home of Wool","description":"Dette naturlige, giftfrie linet med tynne gr\u00e5 striper er milj\u00f8vennlig og pustende, og er b\u00e5de slitesterkt og allsidig. Perfekt til senget\u00f8y til nyf\u00f8dte, laken, puter og lette m\u00f8belstoffer.","robots":{"index":"index","follow":"follow","max-snippet":"max-snippet:-1","max-image-preview":"max-image-preview:large","max-video-preview":"max-video-preview:-1"},"canonical":"https:\/\/homeofwool.com\/nb\/butikk\/linnet-stoff-med-tynne-gra-striper\/","og_locale":"nb_NO","og_type":"article","og_title":"Linen Fabric with Thin Grey Stripes","og_description":"Eco-friendly and breathable, this natural, toxin-free linen with thin grey stripes is durable and versatile. Perfect for newborn bedding, sheets, cushions, and light upholstery.","og_url":"https:\/\/homeofwool.com\/nb\/butikk\/linnet-stoff-med-tynne-gra-striper\/","og_site_name":"Home of Wool","article_publisher":"https:\/\/facebook.com\/HomeOfWoolOfficial","article_modified_time":"2026-02-16T09:41:10+00:00","og_image":[{"width":2000,"height":1600,"url":"https:\/\/homeofwool.com\/wp-content\/uploads\/2025\/09\/home-of-wool-linen-fabric-with-thin-grey-stripes-1-main.jpg","type":"image\/jpeg"}],"twitter_card":"summary_large_image","twitter_misc":{"Ansl. lesetid":"2 minutter"},"schema":{"@context":"https:\/\/schema.org","@graph":[{"@type":"WebPage","@id":"https:\/\/homeofwool.com\/it\/negozio\/tessuto-di-lino-a-righe-sottili-grigie\/","url":"https:\/\/homeofwool.com\/it\/negozio\/tessuto-di-lino-a-righe-sottili-grigie\/","name":"Linnet\u00f8y med tynne gr\u00e5 striper \u2013 Oeko-Tex-sertifisert | Home of Wool","isPartOf":{"@id":"https:\/\/homeofwool.com\/#website"},"primaryImageOfPage":{"@id":"https:\/\/homeofwool.com\/it\/negozio\/tessuto-di-lino-a-righe-sottili-grigie\/#primaryimage"},"image":{"@id":"https:\/\/homeofwool.com\/it\/negozio\/tessuto-di-lino-a-righe-sottili-grigie\/#primaryimage"},"thumbnailUrl":"https:\/\/homeofwool.com\/wp-content\/uploads\/2025\/09\/home-of-wool-linen-fabric-with-thin-grey-stripes-1-main.jpg","datePublished":"2025-09-02T12:00:51+00:00","dateModified":"2026-02-16T09:41:10+00:00","description":"Dette naturlige, giftfrie linet med tynne gr\u00e5 striper er milj\u00f8vennlig og pustende, og er b\u00e5de slitesterkt og allsidig. Perfekt til senget\u00f8y til nyf\u00f8dte, laken, puter og lette m\u00f8belstoffer.","breadcrumb":{"@id":"https:\/\/homeofwool.com\/it\/negozio\/tessuto-di-lino-a-righe-sottili-grigie\/#breadcrumb"},"inLanguage":"nb-NO","potentialAction":[{"@type":"ReadAction","target":["https:\/\/homeofwool.com\/it\/negozio\/tessuto-di-lino-a-righe-sottili-grigie\/"]}]},{"@type":"ImageObject","inLanguage":"nb-NO","@id":"https:\/\/homeofwool.com\/it\/negozio\/tessuto-di-lino-a-righe-sottili-grigie\/#primaryimage","url":"https:\/\/homeofwool.com\/wp-content\/uploads\/2025\/09\/home-of-wool-linen-fabric-with-thin-grey-stripes-1-main.jpg","contentUrl":"https:\/\/homeofwool.com\/wp-content\/uploads\/2025\/09\/home-of-wool-linen-fabric-with-thin-grey-stripes-1-main.jpg","width":2000,"height":1600,"caption":"linen fabric with thin grey stripes close up"},{"@type":"BreadcrumbList","@id":"https:\/\/homeofwool.com\/it\/negozio\/tessuto-di-lino-a-righe-sottili-grigie\/#breadcrumb","itemListElement":[{"@type":"ListItem","position":1,"name":"Home","item":"https:\/\/homeofwool.com\/"},{"@type":"ListItem","position":2,"name":"Products","item":"https:\/\/homeofwool.com\/header-search-2\/"},{"@type":"ListItem","position":3,"name":"Linen Fabric with Thin Grey Stripes"}]},{"@type":"WebSite","@id":"https:\/\/homeofwool.com\/#website","url":"https:\/\/homeofwool.com\/","name":"Hjem til ull","description":"","publisher":{"@id":"https:\/\/homeofwool.com\/#organization"},"potentialAction":[{"@type":"SearchAction","target":{"@type":"EntryPoint","urlTemplate":"https:\/\/homeofwool.com\/?s={search_term_string}"},"query-input":{"@type":"PropertyValueSpecification","valueRequired":true,"valueName":"search_term_string"}}],"inLanguage":"nb-NO"},{"@type":"Organization","@id":"https:\/\/homeofwool.com\/#organization","name":"Hjem til ull","url":"https:\/\/homeofwool.com\/","logo":{"@type":"ImageObject","inLanguage":"nb-NO","@id":"https:\/\/homeofwool.com\/#\/schema\/logo\/image\/","url":"https:\/\/homeofwool.com\/wp-content\/uploads\/2025\/09\/WhatsApp-Image-2025-12-02-at-16.23.20.jpeg","contentUrl":"https:\/\/homeofwool.com\/wp-content\/uploads\/2025\/09\/WhatsApp-Image-2025-12-02-at-16.23.20.jpeg","width":700,"height":247,"caption":"Home of Wool"},"image":{"@id":"https:\/\/homeofwool.com\/#\/schema\/logo\/image\/"},"sameAs":["https:\/\/facebook.com\/HomeOfWoolOfficial"]}]}},"_links":{"self":[{"href":"https:\/\/homeofwool.com\/nb\/wp-json\/wp\/v2\/product\/217515","targetHints":{"allow":["GET"]}}],"collection":[{"href":"https:\/\/homeofwool.com\/nb\/wp-json\/wp\/v2\/product"}],"about":[{"href":"https:\/\/homeofwool.com\/nb\/wp-json\/wp\/v2\/types\/product"}],"version-history":[{"count":2,"href":"https:\/\/homeofwool.com\/nb\/wp-json\/wp\/v2\/product\/217515\/revisions"}],"predecessor-version":[{"id":228298,"href":"https:\/\/homeofwool.com\/nb\/wp-json\/wp\/v2\/product\/217515\/revisions\/228298"}],"wp:featuredmedia":[{"embeddable":true,"href":"https:\/\/homeofwool.com\/nb\/wp-json\/wp\/v2\/media\/219244"}],"wp:attachment":[{"href":"https:\/\/homeofwool.com\/nb\/wp-json\/wp\/v2\/media?parent=217515"}],"wp:term":[{"taxonomy":"product_brand","embeddable":true,"href":"https:\/\/homeofwool.com\/nb\/wp-json\/wp\/v2\/product_brand?post=217515"},{"taxonomy":"product_cat","embeddable":true,"href":"https:\/\/homeofwool.com\/nb\/wp-json\/wp\/v2\/product_cat?post=217515"},{"taxonomy":"product_tag","embeddable":true,"href":"https:\/\/homeofwool.com\/nb\/wp-json\/wp\/v2\/product_tag?post=217515"}],"curies":[{"name":"wp","href":"https:\/\/api.w.org\/{rel}","templated":true}]}}