{"id":217509,"date":"2025-09-02T12:00:51","date_gmt":"2025-09-02T12:00:51","guid":{"rendered":"https:\/\/homeofwool.com\/?post_type=product&#038;p=217509"},"modified":"2025-10-23T10:23:59","modified_gmt":"2025-10-23T10:23:59","slug":"gratt-stripete-linnetoy","status":"publish","type":"product","link":"https:\/\/homeofwool.com\/nb\/shop\/grey-striped-linen-fabric\/","title":{"rendered":"Gr\u00e5tt stripete linnet\u00f8y"},"content":{"rendered":"<p>V\u00e5rt gr\u00e5stripete linnet\u00f8y er et gjennomtenkt valg for alle som \u00f8nsker skj\u00f8nnhet, helse og b\u00e6rekraft i hjemmet. Dette OEKO-TEX-sertifiserte stoffet er laget av rene linfiber og er helt fritt for belegg, overflatebehandlinger eller skadelige kjemikalier. De diskrete gr\u00e5 stripene gir en tidl\u00f8s detalj som passer til stort sett alle interi\u00f8rer. Det er luftig og kj\u00f8lig og perfekt for alle \u00e5rstider.<\/p>\n<p>Dette kjemikaliefrie linet er ikke bare trygt for sensitiv hud, men ogs\u00e5 allergivennlig, noe som gj\u00f8r det til et utmerket valg for familier med allergi eller astma. Lin har styrken til \u00e5 t\u00e5le daglig bruk. Det er slitesterkt nok til m\u00f8beltrekk. Perfekt ogs\u00e5 til putetrekk og gardiner. Over tid blir det mykere, men beholder formen, slik at produktene dine holder seg vakre i mange \u00e5r fremover.<\/p>\n<p>Vi tilbyr dette linnet stoffet i kontinuerlige lengder, slik at du kan bestille akkurat det du trenger til prosjektet ditt uten svinn. Fordi det er et ufarget linnet stoff som ogs\u00e5 er ubleket, har det den rolige sjarmen til et naturlig liv.<\/p>\n<p><strong>KRYMPING<\/strong> (etter vask):<br \/>\nLengde: 5%<br \/>\nBredde: 0%<\/p>\n<p>Vask p\u00e5 sk\u00e5nsomt program med et mildt vaskemiddel uten blekemidler. Dette er et naturlig stoff, s\u00e5 det vil kr\u00f8lle seg n\u00e5r det vaskes.<\/p>\n<p><strong>FORDELENE MED LIN<\/strong><\/p>\n<p>Lin er mer motstandsdyktig mot flekker enn noe annet stoff, s\u00e5 det er veldig enkelt \u00e5 holde stoffet rent. Lin er v\u00e5rt mest slitesterke stoff, mye mer slitesterkt og sterkere enn bomull. Lin er ogs\u00e5 sv\u00e6rt motstandsdyktig mot mugg.<\/p>\n<ul>\n<li>Lin er 30% sterkere enn bomull.<\/li>\n<li>Sterkt smussavvisende<\/li>\n<li>Har h\u00f8y fuktighetsabsorberingsevne<\/li>\n<li>Hypoallergenisk<\/li>\n<li>Sv\u00e6rt pustende<\/li>\n<li>Strukturelt solid fiber, slik at produktene beholder formen<\/li>\n<li>Milj\u00f8vennlig \u2013 mindre vann og kjemikalier til dyrking<\/li>\n<\/ul>","protected":false},"excerpt":{"rendered":"<p>Gi hjemmet ditt tidl\u00f8s eleganse med v\u00e5rt gr\u00e5stripete lin. Dette naturlige linnet er OEKO-TEX-sertifisert, fri for giftstoffer og vevd for styrke og holdbarhet. Det er perfekt til m\u00f8beltrekk, senget\u00f8y eller hverdagsprosjekter, og er et trygt, milj\u00f8vennlig lin som ser like bra ut som det f\u00f8les.<\/p>\n<div class=\"global-icon-set\">\n<div class=\"global-icon-set__items\">\n<div class=\"global-icon-set__item\">\n<div class=\"global-icon-set__image\">\n                                    <img decoding=\"async\" src=\"https:\/\/homeofwool.com\/wp-content\/uploads\/2025\/09\/VOCs-min-300x300.png\" alt=\"vocs gratis\" \/>\n                                <\/div>\n<div class=\"global-icon-set__title\">VOC-fri<\/div>\n<\/p><\/div>\n<div class=\"global-icon-set__item\">\n<div class=\"global-icon-set__image\">\n                                    <img decoding=\"async\" src=\"https:\/\/homeofwool.com\/wp-content\/uploads\/2025\/09\/Hypoallergenic-min-300x300.png\" alt=\"allergivennlig ikon\" \/>\n                                <\/div>\n<div class=\"global-icon-set__title\">Allergivenlig<\/div>\n<\/p><\/div>\n<div class=\"global-icon-set__item\">\n<div class=\"global-icon-set__image\">\n                                    <img decoding=\"async\" src=\"https:\/\/homeofwool.com\/wp-content\/uploads\/2025\/09\/free-of-synthetics-icon-300x300.png\" alt=\"fri for syntetiske stoffer ikon\" \/>\n                                <\/div>\n<div class=\"global-icon-set__title\">Fri for syntetiske stoffer<\/div>\n<\/p><\/div>\n<div class=\"global-icon-set__item\">\n<div class=\"global-icon-set__image\">\n                                    <img decoding=\"async\" src=\"https:\/\/homeofwool.com\/wp-content\/uploads\/2025\/09\/chemical-free-icon-300x300.png\" alt=\"kjemikaliefritt ikon\" \/>\n                                <\/div>\n<div class=\"global-icon-set__title\">Kjemikaliefri<\/div>\n<\/p><\/div>\n<\/p><\/div>\n<\/p><\/div>","protected":false},"featured_media":222995,"template":"","meta":{"_acf_changed":false},"product_brand":[],"product_cat":[25],"product_tag":[85,86,87,88,90,96,91,92,93,97,94,98,95],"class_list":{"0":"post-217509","1":"product","2":"type-product","3":"status-publish","4":"has-post-thumbnail","6":"product_cat-wool-fabrics-batting","7":"product_tag-craft-supplies","8":"product_tag-eco-friendly-textile","9":"product_tag-flax-linen-fabric","10":"product_tag-flax-linen-fabric-by-the-yard-or-meter","11":"product_tag-linen-fabric","12":"product_tag-linen-fabric-with-stripes","13":"product_tag-natural-linen","14":"product_tag-prewashed-linen","15":"product_tag-pure-flax-linen","16":"product_tag-pure-linen","17":"product_tag-sewing-supply","18":"product_tag-striped-linen-fabric","19":"product_tag-undyed-fibers","21":"first","22":"instock","23":"shipping-taxable","24":"purchasable","25":"product-type-variable"},"acf":[],"yoast_head":"<!-- This site is optimized with the Yoast SEO Premium plugin v27.3 (Yoast SEO v27.3) - https:\/\/yoast.com\/product\/yoast-seo-premium-wordpress\/ -->\n<title>100% Linen Fabric with Grey Stripes \u2013 Certified &amp; Durable | Home of Wool<\/title>\n<meta name=\"description\" content=\"OEKO-TEX linen fabric with subtle grey stripes, eco-friendly, breathable, and long-lasting. Perfect for upholstery, safe DIY projects, and timeless home d\u00e9cor.\" \/>\n<meta name=\"robots\" content=\"index, follow, max-snippet:-1, max-image-preview:large, max-video-preview:-1\" \/>\n<link rel=\"canonical\" href=\"https:\/\/homeofwool.com\/nb\/butikk\/gratt-stripete-linnetoy\/\" \/>\n<meta property=\"og:locale\" content=\"nb_NO\" \/>\n<meta property=\"og:type\" content=\"article\" \/>\n<meta property=\"og:title\" content=\"Grey Striped Linen Fabric\" \/>\n<meta property=\"og:description\" content=\"OEKO-TEX linen fabric with subtle grey stripes, eco-friendly, breathable, and long-lasting. Perfect for upholstery, safe DIY projects, and timeless home d\u00e9cor.\" \/>\n<meta property=\"og:url\" content=\"https:\/\/homeofwool.com\/nb\/butikk\/gratt-stripete-linnetoy\/\" \/>\n<meta property=\"og:site_name\" content=\"Home of Wool\" \/>\n<meta property=\"article:publisher\" content=\"https:\/\/facebook.com\/HomeOfWoolOfficial\" \/>\n<meta property=\"article:modified_time\" content=\"2025-10-23T10:23:59+00:00\" \/>\n<meta property=\"og:image\" content=\"https:\/\/homeofwool.com\/wp-content\/uploads\/2025\/09\/home-of-wool-grey-striped-linen-fabric-6.jpg\" \/>\n\t<meta property=\"og:image:width\" content=\"2000\" \/>\n\t<meta property=\"og:image:height\" content=\"1600\" \/>\n\t<meta property=\"og:image:type\" content=\"image\/jpeg\" \/>\n<meta name=\"twitter:card\" content=\"summary_large_image\" \/>\n<meta name=\"twitter:label1\" content=\"Ansl. lesetid\" \/>\n\t<meta name=\"twitter:data1\" content=\"2 minutter\" \/>\n<script type=\"application\/ld+json\" class=\"yoast-schema-graph\">{\"@context\":\"https:\\\/\\\/schema.org\",\"@graph\":[{\"@type\":\"WebPage\",\"@id\":\"https:\\\/\\\/homeofwool.com\\\/fi\\\/shop\\\/harmaa-raidallinen-pellavakangas\\\/\",\"url\":\"https:\\\/\\\/homeofwool.com\\\/fi\\\/shop\\\/harmaa-raidallinen-pellavakangas\\\/\",\"name\":\"100% Linen Fabric with Grey Stripes \u2013 Certified & Durable | Home of Wool\",\"isPartOf\":{\"@id\":\"https:\\\/\\\/homeofwool.com\\\/#website\"},\"primaryImageOfPage\":{\"@id\":\"https:\\\/\\\/homeofwool.com\\\/fi\\\/shop\\\/harmaa-raidallinen-pellavakangas\\\/#primaryimage\"},\"image\":{\"@id\":\"https:\\\/\\\/homeofwool.com\\\/fi\\\/shop\\\/harmaa-raidallinen-pellavakangas\\\/#primaryimage\"},\"thumbnailUrl\":\"https:\\\/\\\/homeofwool.com\\\/wp-content\\\/uploads\\\/2025\\\/09\\\/home-of-wool-grey-striped-linen-fabric-6.jpg\",\"datePublished\":\"2025-09-02T12:00:51+00:00\",\"dateModified\":\"2025-10-23T10:23:59+00:00\",\"description\":\"OEKO-TEX linen fabric with subtle grey stripes, eco-friendly, breathable, and long-lasting. Perfect for upholstery, safe DIY projects, and timeless home d\u00e9cor.\",\"breadcrumb\":{\"@id\":\"https:\\\/\\\/homeofwool.com\\\/fi\\\/shop\\\/harmaa-raidallinen-pellavakangas\\\/#breadcrumb\"},\"inLanguage\":\"nb-NO\",\"potentialAction\":[{\"@type\":\"ReadAction\",\"target\":[\"https:\\\/\\\/homeofwool.com\\\/fi\\\/shop\\\/harmaa-raidallinen-pellavakangas\\\/\"]}]},{\"@type\":\"ImageObject\",\"inLanguage\":\"nb-NO\",\"@id\":\"https:\\\/\\\/homeofwool.com\\\/fi\\\/shop\\\/harmaa-raidallinen-pellavakangas\\\/#primaryimage\",\"url\":\"https:\\\/\\\/homeofwool.com\\\/wp-content\\\/uploads\\\/2025\\\/09\\\/home-of-wool-grey-striped-linen-fabric-6.jpg\",\"contentUrl\":\"https:\\\/\\\/homeofwool.com\\\/wp-content\\\/uploads\\\/2025\\\/09\\\/home-of-wool-grey-striped-linen-fabric-6.jpg\",\"width\":2000,\"height\":1600,\"caption\":\"grey striped linen fabric close up showing the pattern\"},{\"@type\":\"BreadcrumbList\",\"@id\":\"https:\\\/\\\/homeofwool.com\\\/fi\\\/shop\\\/harmaa-raidallinen-pellavakangas\\\/#breadcrumb\",\"itemListElement\":[{\"@type\":\"ListItem\",\"position\":1,\"name\":\"Home\",\"item\":\"https:\\\/\\\/homeofwool.com\\\/\"},{\"@type\":\"ListItem\",\"position\":2,\"name\":\"Products\",\"item\":\"https:\\\/\\\/homeofwool.com\\\/header-search-2\\\/\"},{\"@type\":\"ListItem\",\"position\":3,\"name\":\"Grey Striped Linen Fabric\"}]},{\"@type\":\"WebSite\",\"@id\":\"https:\\\/\\\/homeofwool.com\\\/#website\",\"url\":\"https:\\\/\\\/homeofwool.com\\\/\",\"name\":\"Home of Wool\",\"description\":\"\",\"publisher\":{\"@id\":\"https:\\\/\\\/homeofwool.com\\\/#organization\"},\"potentialAction\":[{\"@type\":\"SearchAction\",\"target\":{\"@type\":\"EntryPoint\",\"urlTemplate\":\"https:\\\/\\\/homeofwool.com\\\/?s={search_term_string}\"},\"query-input\":{\"@type\":\"PropertyValueSpecification\",\"valueRequired\":true,\"valueName\":\"search_term_string\"}}],\"inLanguage\":\"nb-NO\"},{\"@type\":\"Organization\",\"@id\":\"https:\\\/\\\/homeofwool.com\\\/#organization\",\"name\":\"Home of Wool\",\"url\":\"https:\\\/\\\/homeofwool.com\\\/\",\"logo\":{\"@type\":\"ImageObject\",\"inLanguage\":\"nb-NO\",\"@id\":\"https:\\\/\\\/homeofwool.com\\\/#\\\/schema\\\/logo\\\/image\\\/\",\"url\":\"https:\\\/\\\/homeofwool.com\\\/wp-content\\\/uploads\\\/2025\\\/09\\\/WhatsApp-Image-2025-12-02-at-16.23.20.jpeg\",\"contentUrl\":\"https:\\\/\\\/homeofwool.com\\\/wp-content\\\/uploads\\\/2025\\\/09\\\/WhatsApp-Image-2025-12-02-at-16.23.20.jpeg\",\"width\":700,\"height\":247,\"caption\":\"Home of Wool\"},\"image\":{\"@id\":\"https:\\\/\\\/homeofwool.com\\\/#\\\/schema\\\/logo\\\/image\\\/\"},\"sameAs\":[\"https:\\\/\\\/facebook.com\\\/HomeOfWoolOfficial\"]}]}<\/script>\n<!-- \/ Yoast SEO Premium plugin. -->","yoast_head_json":{"title":"100% Linne med gr\u00e5 striper \u2013 sertifisert og slitesterkt | Home of Wool","description":"OEKO-TEX-sertifisert linnet\u00f8y med diskrete gr\u00e5 striper, milj\u00f8vennlig, pustende og slitesterkt. Perfekt til m\u00f8beltrekk, trygge DIY-prosjekter og tidl\u00f8s interi\u00f8rdesign.","robots":{"index":"index","follow":"follow","max-snippet":"max-snippet:-1","max-image-preview":"max-image-preview:large","max-video-preview":"max-video-preview:-1"},"canonical":"https:\/\/homeofwool.com\/nb\/butikk\/gratt-stripete-linnetoy\/","og_locale":"nb_NO","og_type":"article","og_title":"Grey Striped Linen Fabric","og_description":"OEKO-TEX linen fabric with subtle grey stripes, eco-friendly, breathable, and long-lasting. Perfect for upholstery, safe DIY projects, and timeless home d\u00e9cor.","og_url":"https:\/\/homeofwool.com\/nb\/butikk\/gratt-stripete-linnetoy\/","og_site_name":"Home of Wool","article_publisher":"https:\/\/facebook.com\/HomeOfWoolOfficial","article_modified_time":"2025-10-23T10:23:59+00:00","og_image":[{"width":2000,"height":1600,"url":"https:\/\/homeofwool.com\/wp-content\/uploads\/2025\/09\/home-of-wool-grey-striped-linen-fabric-6.jpg","type":"image\/jpeg"}],"twitter_card":"summary_large_image","twitter_misc":{"Ansl. lesetid":"2 minutter"},"schema":{"@context":"https:\/\/schema.org","@graph":[{"@type":"WebPage","@id":"https:\/\/homeofwool.com\/fi\/shop\/harmaa-raidallinen-pellavakangas\/","url":"https:\/\/homeofwool.com\/fi\/shop\/harmaa-raidallinen-pellavakangas\/","name":"100% Linne med gr\u00e5 striper \u2013 sertifisert og slitesterkt | Home of Wool","isPartOf":{"@id":"https:\/\/homeofwool.com\/#website"},"primaryImageOfPage":{"@id":"https:\/\/homeofwool.com\/fi\/shop\/harmaa-raidallinen-pellavakangas\/#primaryimage"},"image":{"@id":"https:\/\/homeofwool.com\/fi\/shop\/harmaa-raidallinen-pellavakangas\/#primaryimage"},"thumbnailUrl":"https:\/\/homeofwool.com\/wp-content\/uploads\/2025\/09\/home-of-wool-grey-striped-linen-fabric-6.jpg","datePublished":"2025-09-02T12:00:51+00:00","dateModified":"2025-10-23T10:23:59+00:00","description":"OEKO-TEX-sertifisert linnet\u00f8y med diskrete gr\u00e5 striper, milj\u00f8vennlig, pustende og slitesterkt. Perfekt til m\u00f8beltrekk, trygge DIY-prosjekter og tidl\u00f8s interi\u00f8rdesign.","breadcrumb":{"@id":"https:\/\/homeofwool.com\/fi\/shop\/harmaa-raidallinen-pellavakangas\/#breadcrumb"},"inLanguage":"nb-NO","potentialAction":[{"@type":"ReadAction","target":["https:\/\/homeofwool.com\/fi\/shop\/harmaa-raidallinen-pellavakangas\/"]}]},{"@type":"ImageObject","inLanguage":"nb-NO","@id":"https:\/\/homeofwool.com\/fi\/shop\/harmaa-raidallinen-pellavakangas\/#primaryimage","url":"https:\/\/homeofwool.com\/wp-content\/uploads\/2025\/09\/home-of-wool-grey-striped-linen-fabric-6.jpg","contentUrl":"https:\/\/homeofwool.com\/wp-content\/uploads\/2025\/09\/home-of-wool-grey-striped-linen-fabric-6.jpg","width":2000,"height":1600,"caption":"grey striped linen fabric close up showing the pattern"},{"@type":"BreadcrumbList","@id":"https:\/\/homeofwool.com\/fi\/shop\/harmaa-raidallinen-pellavakangas\/#breadcrumb","itemListElement":[{"@type":"ListItem","position":1,"name":"Home","item":"https:\/\/homeofwool.com\/"},{"@type":"ListItem","position":2,"name":"Products","item":"https:\/\/homeofwool.com\/header-search-2\/"},{"@type":"ListItem","position":3,"name":"Grey Striped Linen Fabric"}]},{"@type":"WebSite","@id":"https:\/\/homeofwool.com\/#website","url":"https:\/\/homeofwool.com\/","name":"Hjem til ull","description":"","publisher":{"@id":"https:\/\/homeofwool.com\/#organization"},"potentialAction":[{"@type":"SearchAction","target":{"@type":"EntryPoint","urlTemplate":"https:\/\/homeofwool.com\/?s={search_term_string}"},"query-input":{"@type":"PropertyValueSpecification","valueRequired":true,"valueName":"search_term_string"}}],"inLanguage":"nb-NO"},{"@type":"Organization","@id":"https:\/\/homeofwool.com\/#organization","name":"Hjem til ull","url":"https:\/\/homeofwool.com\/","logo":{"@type":"ImageObject","inLanguage":"nb-NO","@id":"https:\/\/homeofwool.com\/#\/schema\/logo\/image\/","url":"https:\/\/homeofwool.com\/wp-content\/uploads\/2025\/09\/WhatsApp-Image-2025-12-02-at-16.23.20.jpeg","contentUrl":"https:\/\/homeofwool.com\/wp-content\/uploads\/2025\/09\/WhatsApp-Image-2025-12-02-at-16.23.20.jpeg","width":700,"height":247,"caption":"Home of Wool"},"image":{"@id":"https:\/\/homeofwool.com\/#\/schema\/logo\/image\/"},"sameAs":["https:\/\/facebook.com\/HomeOfWoolOfficial"]}]}},"_links":{"self":[{"href":"https:\/\/homeofwool.com\/nb\/wp-json\/wp\/v2\/product\/217509","targetHints":{"allow":["GET"]}}],"collection":[{"href":"https:\/\/homeofwool.com\/nb\/wp-json\/wp\/v2\/product"}],"about":[{"href":"https:\/\/homeofwool.com\/nb\/wp-json\/wp\/v2\/types\/product"}],"version-history":[{"count":0,"href":"https:\/\/homeofwool.com\/nb\/wp-json\/wp\/v2\/product\/217509\/revisions"}],"wp:featuredmedia":[{"embeddable":true,"href":"https:\/\/homeofwool.com\/nb\/wp-json\/wp\/v2\/media\/222995"}],"wp:attachment":[{"href":"https:\/\/homeofwool.com\/nb\/wp-json\/wp\/v2\/media?parent=217509"}],"wp:term":[{"taxonomy":"product_brand","embeddable":true,"href":"https:\/\/homeofwool.com\/nb\/wp-json\/wp\/v2\/product_brand?post=217509"},{"taxonomy":"product_cat","embeddable":true,"href":"https:\/\/homeofwool.com\/nb\/wp-json\/wp\/v2\/product_cat?post=217509"},{"taxonomy":"product_tag","embeddable":true,"href":"https:\/\/homeofwool.com\/nb\/wp-json\/wp\/v2\/product_tag?post=217509"}],"curies":[{"name":"wp","href":"https:\/\/api.w.org\/{rel}","templated":true}]}}