{"id":217503,"date":"2025-09-02T12:00:50","date_gmt":"2025-09-02T12:00:50","guid":{"rendered":"https:\/\/homeofwool.com\/?post_type=product&#038;p=217503"},"modified":"2025-09-25T13:30:11","modified_gmt":"2025-09-25T13:30:11","slug":"linstoff","status":"publish","type":"product","link":"https:\/\/homeofwool.com\/nb\/shop\/linen-fabric\/","title":{"rendered":"100% Linne stoff"},"content":{"rendered":"<p>Dette 430 g\/m\u00b2 tunge tekstilet er vevd i rent, b\u00e6rekraftig lin og er designet for varig skj\u00f8nnhet og komfort. Stoffet er testet og godkjent i henhold til OEKO-TEX Standard 100, og inneholder ingen fargestoffer, belegg eller kjemiske overflatebehandlinger. Et trygt og milj\u00f8vennlig linvalg for ethvert interi\u00f8r.<\/p>\n<p>Stoffets naturlige styrke gj\u00f8r det ideelt som m\u00f8belstoff i lin, det holder formen gjennom daglig bruk og har en uovertruffen slitestyrke sammenlignet med bomull. Lin har en naturlig motstandskraft mot flekker og mugg. Derfor holder det seg rent og friskt med sv\u00e6rt lite pleie.<\/p>\n<p>Det pustende lintekstilet holder seg behagelig kj\u00f8lig og friskt i varmt v\u00e6r. Det er ogs\u00e5 allergivennlig og sk\u00e5nsomt mot sensitiv hud.<\/p>\n<p>Dette kraftige linet er allsidig av natur og passer perfekt i hele hjemmet. Det kan brukes som senget\u00f8y til store puter og som senget\u00f8y til madrasser for voksne. Men du kan ogs\u00e5 bruke det til mindre detaljer som putevar eller puter til sengegavlen. Flott til b\u00f8nneposer og puffer. Hver bestilling skj\u00e6res i ett stykke, noe som gir mange muligheter.<\/p>\n<p>Lin er ogs\u00e5 et bevisst valg for planeten. Lin krever naturlig lite vedlikehold, trives med lite vann og uten behov for kjemikalier. Et tidl\u00f8st, naturlig m\u00f8belstoff som balanserer b\u00e6rekraft med varig eleganse.<\/p>\n<p><strong>SKRINKAGE (etter vask):<\/strong><br \/>\nLengde: 5%<br \/>\nBredde: 0%<\/p>\n<p>Vask p\u00e5 sk\u00e5nsomt program med et mildt vaskemiddel uten blekemidler. Dette er et naturlig stoff, s\u00e5 det vil kr\u00f8lle seg n\u00e5r det vaskes.<\/p>\n<p><strong>FORDELENE MED LIN<\/strong><br \/>\nLin er mer motstandsdyktig mot flekker enn noe annet stoff, s\u00e5 det er veldig enkelt \u00e5 holde stoffet rent. Lin er v\u00e5rt mest slitesterke stoff, mye mer slitesterkt og sterkere enn bomull. Lin er ogs\u00e5 sv\u00e6rt motstandsdyktig mot mugg.<\/p>\n<ul>\n<li>Lin er 30% sterkere enn bomull.<\/li>\n<li>Sterkt smussavvisende<\/li>\n<li>Har h\u00f8y fuktighetsabsorberingsevne<\/li>\n<li>Hypoallergenisk<\/li>\n<li>Sv\u00e6rt pustende<\/li>\n<li>Strukturelt solid fiber, slik at produktene beholder formen<\/li>\n<li>Milj\u00f8vennlig \u2013 mindre vann og kjemikalier til dyrking<\/li>\n<\/ul>","protected":false},"excerpt":{"rendered":"<p>Opplev styrken og elegansen i linstoffet v\u00e5rt. Dette slitesterke linstoffet er naturlig pustende og smussavvisende. Det egner seg perfekt til m\u00f8beltrekk. Med det kan du lage puter, madrasser og ulike innredningsartikler til hjemmet. Uten belegg eller kjemiske behandlinger gir det renhet, men ogs\u00e5 holdbarhet.<\/p>\n<p><strong>Vekt<\/strong>: 430 g\/m\u00b2<br \/>\n<strong>Bredde<\/strong>: 150 cm (59\u2033)<\/p>\n<p><strong>Ta deg tid<\/strong>: 1-3 dager<br \/>\n<strong>Leveringstid<\/strong>: 1\u20134 uker<\/p>\n<div class=\"global-icon-set\">\n<div class=\"global-icon-set__items\">\n<div class=\"global-icon-set__item\">\n<div class=\"global-icon-set__image\">\n                                    <img decoding=\"async\" src=\"https:\/\/homeofwool.com\/wp-content\/uploads\/2025\/09\/VOCs-min-300x300.png\" alt=\"vocs gratis\" \/>\n                                <\/div>\n<div class=\"global-icon-set__title\">VOC-fri<\/div>\n<\/p><\/div>\n<div class=\"global-icon-set__item\">\n<div class=\"global-icon-set__image\">\n                                    <img decoding=\"async\" src=\"https:\/\/homeofwool.com\/wp-content\/uploads\/2025\/09\/Hypoallergenic-min-300x300.png\" alt=\"allergivennlig ikon\" \/>\n                                <\/div>\n<div class=\"global-icon-set__title\">Allergivenlig<\/div>\n<\/p><\/div>\n<div class=\"global-icon-set__item\">\n<div class=\"global-icon-set__image\">\n                                    <img decoding=\"async\" src=\"https:\/\/homeofwool.com\/wp-content\/uploads\/2025\/09\/free-of-synthetics-icon-300x300.png\" alt=\"fri for syntetiske stoffer ikon\" \/>\n                                <\/div>\n<div class=\"global-icon-set__title\">Fri for syntetiske stoffer<\/div>\n<\/p><\/div>\n<div class=\"global-icon-set__item\">\n<div class=\"global-icon-set__image\">\n                                    <img decoding=\"async\" src=\"https:\/\/homeofwool.com\/wp-content\/uploads\/2025\/09\/chemical-free-icon-300x300.png\" alt=\"kjemikaliefritt ikon\" \/>\n                                <\/div>\n<div class=\"global-icon-set__title\">Kjemikaliefri<\/div>\n<\/p><\/div>\n<\/p><\/div>\n<\/p><\/div>","protected":false},"featured_media":219238,"template":"","meta":{"_acf_changed":false},"product_brand":[],"product_cat":[25],"product_tag":[85,86,87,99,90,91,92,93,97,94,95],"class_list":{"0":"post-217503","1":"product","2":"type-product","3":"status-publish","4":"has-post-thumbnail","6":"product_cat-wool-fabrics-batting","7":"product_tag-craft-supplies","8":"product_tag-eco-friendly-textile","9":"product_tag-flax-linen-fabric","10":"product_tag-flax-linen-fabric-by-the-yard-or-metre","11":"product_tag-linen-fabric","12":"product_tag-natural-linen","13":"product_tag-prewashed-linen","14":"product_tag-pure-flax-linen","15":"product_tag-pure-linen","16":"product_tag-sewing-supply","17":"product_tag-undyed-fibers","19":"first","20":"instock","21":"shipping-taxable","22":"purchasable","23":"product-type-variable"},"acf":[],"yoast_head":"<!-- This site is optimized with the Yoast SEO Premium plugin v27.4 (Yoast SEO v27.4) - https:\/\/yoast.com\/product\/yoast-seo-premium-wordpress\/ -->\n<title>100% Natural Linen Fabric \u2013 Certified, Breathable &amp; Durable | Home of Wool<\/title>\n<meta name=\"description\" content=\"Durable and Oeko-Tex certified, the Textured Linen Fabric is breathable and eco-friendly, perfect for cushions, upholstery, and DIY projects where natural comfort and toxin-free quality matter.\" \/>\n<meta name=\"robots\" content=\"index, follow, max-snippet:-1, max-image-preview:large, max-video-preview:-1\" \/>\n<link rel=\"canonical\" href=\"https:\/\/homeofwool.com\/nb\/butikk\/linstoff\/\" \/>\n<meta property=\"og:locale\" content=\"nb_NO\" \/>\n<meta property=\"og:type\" content=\"article\" \/>\n<meta property=\"og:title\" content=\"100% Linen Fabric\" \/>\n<meta property=\"og:description\" content=\"Durable and Oeko-Tex certified, the Textured Linen Fabric is breathable and eco-friendly, perfect for cushions, upholstery, and DIY projects where natural comfort and toxin-free quality matter.\" \/>\n<meta property=\"og:url\" content=\"https:\/\/homeofwool.com\/nb\/butikk\/linstoff\/\" \/>\n<meta property=\"og:site_name\" content=\"Home of Wool\" \/>\n<meta property=\"article:publisher\" content=\"https:\/\/facebook.com\/HomeOfWoolOfficial\" \/>\n<meta property=\"article:modified_time\" content=\"2025-09-25T13:30:11+00:00\" \/>\n<meta property=\"og:image\" content=\"https:\/\/homeofwool.com\/wp-content\/uploads\/2025\/09\/home-of-wool-100-linen-fabric-1-main.jpg\" \/>\n\t<meta property=\"og:image:width\" content=\"1041\" \/>\n\t<meta property=\"og:image:height\" content=\"833\" \/>\n\t<meta property=\"og:image:type\" content=\"image\/jpeg\" \/>\n<meta name=\"twitter:card\" content=\"summary_large_image\" \/>\n<meta name=\"twitter:label1\" content=\"Ansl. lesetid\" \/>\n\t<meta name=\"twitter:data1\" content=\"2 minutter\" \/>\n<script type=\"application\/ld+json\" class=\"yoast-schema-graph\">{\"@context\":\"https:\\\/\\\/schema.org\",\"@graph\":[{\"@type\":\"WebPage\",\"@id\":\"https:\\\/\\\/homeofwool.com\\\/shop\\\/linen-fabric\\\/\",\"url\":\"https:\\\/\\\/homeofwool.com\\\/shop\\\/linen-fabric\\\/\",\"name\":\"100% Natural Linen Fabric \u2013 Certified, Breathable & Durable | Home of Wool\",\"isPartOf\":{\"@id\":\"https:\\\/\\\/homeofwool.com\\\/#website\"},\"primaryImageOfPage\":{\"@id\":\"https:\\\/\\\/homeofwool.com\\\/shop\\\/linen-fabric\\\/#primaryimage\"},\"image\":{\"@id\":\"https:\\\/\\\/homeofwool.com\\\/shop\\\/linen-fabric\\\/#primaryimage\"},\"thumbnailUrl\":\"https:\\\/\\\/homeofwool.com\\\/wp-content\\\/uploads\\\/2025\\\/09\\\/home-of-wool-100-linen-fabric-1-main.jpg\",\"datePublished\":\"2025-09-02T12:00:50+00:00\",\"dateModified\":\"2025-09-25T13:30:11+00:00\",\"description\":\"Durable and Oeko-Tex certified, the Textured Linen Fabric is breathable and eco-friendly, perfect for cushions, upholstery, and DIY projects where natural comfort and toxin-free quality matter.\",\"breadcrumb\":{\"@id\":\"https:\\\/\\\/homeofwool.com\\\/shop\\\/linen-fabric\\\/#breadcrumb\"},\"inLanguage\":\"nb-NO\",\"potentialAction\":[{\"@type\":\"ReadAction\",\"target\":[\"https:\\\/\\\/homeofwool.com\\\/shop\\\/linen-fabric\\\/\"]}]},{\"@type\":\"ImageObject\",\"inLanguage\":\"nb-NO\",\"@id\":\"https:\\\/\\\/homeofwool.com\\\/shop\\\/linen-fabric\\\/#primaryimage\",\"url\":\"https:\\\/\\\/homeofwool.com\\\/wp-content\\\/uploads\\\/2025\\\/09\\\/home-of-wool-100-linen-fabric-1-main.jpg\",\"contentUrl\":\"https:\\\/\\\/homeofwool.com\\\/wp-content\\\/uploads\\\/2025\\\/09\\\/home-of-wool-100-linen-fabric-1-main.jpg\",\"width\":1041,\"height\":833,\"caption\":\"100% linen fabric close up\"},{\"@type\":\"BreadcrumbList\",\"@id\":\"https:\\\/\\\/homeofwool.com\\\/shop\\\/linen-fabric\\\/#breadcrumb\",\"itemListElement\":[{\"@type\":\"ListItem\",\"position\":1,\"name\":\"Home\",\"item\":\"https:\\\/\\\/homeofwool.com\\\/\"},{\"@type\":\"ListItem\",\"position\":2,\"name\":\"Products\",\"item\":\"https:\\\/\\\/homeofwool.com\\\/header-search-2\\\/\"},{\"@type\":\"ListItem\",\"position\":3,\"name\":\"100% Linen Fabric\"}]},{\"@type\":\"WebSite\",\"@id\":\"https:\\\/\\\/homeofwool.com\\\/#website\",\"url\":\"https:\\\/\\\/homeofwool.com\\\/\",\"name\":\"Home of Wool\",\"description\":\"\",\"publisher\":{\"@id\":\"https:\\\/\\\/homeofwool.com\\\/#organization\"},\"potentialAction\":[{\"@type\":\"SearchAction\",\"target\":{\"@type\":\"EntryPoint\",\"urlTemplate\":\"https:\\\/\\\/homeofwool.com\\\/?s={search_term_string}\"},\"query-input\":{\"@type\":\"PropertyValueSpecification\",\"valueRequired\":true,\"valueName\":\"search_term_string\"}}],\"inLanguage\":\"nb-NO\"},{\"@type\":\"Organization\",\"@id\":\"https:\\\/\\\/homeofwool.com\\\/#organization\",\"name\":\"Home of Wool\",\"url\":\"https:\\\/\\\/homeofwool.com\\\/\",\"logo\":{\"@type\":\"ImageObject\",\"inLanguage\":\"nb-NO\",\"@id\":\"https:\\\/\\\/homeofwool.com\\\/#\\\/schema\\\/logo\\\/image\\\/\",\"url\":\"https:\\\/\\\/homeofwool.com\\\/wp-content\\\/uploads\\\/2025\\\/09\\\/WhatsApp-Image-2025-12-02-at-16.23.20.jpeg\",\"contentUrl\":\"https:\\\/\\\/homeofwool.com\\\/wp-content\\\/uploads\\\/2025\\\/09\\\/WhatsApp-Image-2025-12-02-at-16.23.20.jpeg\",\"width\":700,\"height\":247,\"caption\":\"Home of Wool\"},\"image\":{\"@id\":\"https:\\\/\\\/homeofwool.com\\\/#\\\/schema\\\/logo\\\/image\\\/\"},\"sameAs\":[\"https:\\\/\\\/facebook.com\\\/HomeOfWoolOfficial\"]}]}<\/script>\n<!-- \/ Yoast SEO Premium plugin. -->","yoast_head_json":{"title":"100% Naturlig linstoff - sertifisert, pustende og slitesterkt | Home of Wool","description":"Textured Linen Fabric er slitesterkt og Oeko-Tex-sertifisert, pustende og milj\u00f8vennlig, perfekt til puter, m\u00f8beltrekk og DIY-prosjekter der naturlig komfort og giftfri kvalitet er viktig.","robots":{"index":"index","follow":"follow","max-snippet":"max-snippet:-1","max-image-preview":"max-image-preview:large","max-video-preview":"max-video-preview:-1"},"canonical":"https:\/\/homeofwool.com\/nb\/butikk\/linstoff\/","og_locale":"nb_NO","og_type":"article","og_title":"100% Linen Fabric","og_description":"Durable and Oeko-Tex certified, the Textured Linen Fabric is breathable and eco-friendly, perfect for cushions, upholstery, and DIY projects where natural comfort and toxin-free quality matter.","og_url":"https:\/\/homeofwool.com\/nb\/butikk\/linstoff\/","og_site_name":"Home of Wool","article_publisher":"https:\/\/facebook.com\/HomeOfWoolOfficial","article_modified_time":"2025-09-25T13:30:11+00:00","og_image":[{"width":1041,"height":833,"url":"https:\/\/homeofwool.com\/wp-content\/uploads\/2025\/09\/home-of-wool-100-linen-fabric-1-main.jpg","type":"image\/jpeg"}],"twitter_card":"summary_large_image","twitter_misc":{"Ansl. lesetid":"2 minutter"},"schema":{"@context":"https:\/\/schema.org","@graph":[{"@type":"WebPage","@id":"https:\/\/homeofwool.com\/shop\/linen-fabric\/","url":"https:\/\/homeofwool.com\/shop\/linen-fabric\/","name":"100% Naturlig linstoff - sertifisert, pustende og slitesterkt | Home of Wool","isPartOf":{"@id":"https:\/\/homeofwool.com\/#website"},"primaryImageOfPage":{"@id":"https:\/\/homeofwool.com\/shop\/linen-fabric\/#primaryimage"},"image":{"@id":"https:\/\/homeofwool.com\/shop\/linen-fabric\/#primaryimage"},"thumbnailUrl":"https:\/\/homeofwool.com\/wp-content\/uploads\/2025\/09\/home-of-wool-100-linen-fabric-1-main.jpg","datePublished":"2025-09-02T12:00:50+00:00","dateModified":"2025-09-25T13:30:11+00:00","description":"Textured Linen Fabric er slitesterkt og Oeko-Tex-sertifisert, pustende og milj\u00f8vennlig, perfekt til puter, m\u00f8beltrekk og DIY-prosjekter der naturlig komfort og giftfri kvalitet er viktig.","breadcrumb":{"@id":"https:\/\/homeofwool.com\/shop\/linen-fabric\/#breadcrumb"},"inLanguage":"nb-NO","potentialAction":[{"@type":"ReadAction","target":["https:\/\/homeofwool.com\/shop\/linen-fabric\/"]}]},{"@type":"ImageObject","inLanguage":"nb-NO","@id":"https:\/\/homeofwool.com\/shop\/linen-fabric\/#primaryimage","url":"https:\/\/homeofwool.com\/wp-content\/uploads\/2025\/09\/home-of-wool-100-linen-fabric-1-main.jpg","contentUrl":"https:\/\/homeofwool.com\/wp-content\/uploads\/2025\/09\/home-of-wool-100-linen-fabric-1-main.jpg","width":1041,"height":833,"caption":"100% linen fabric close up"},{"@type":"BreadcrumbList","@id":"https:\/\/homeofwool.com\/shop\/linen-fabric\/#breadcrumb","itemListElement":[{"@type":"ListItem","position":1,"name":"Home","item":"https:\/\/homeofwool.com\/"},{"@type":"ListItem","position":2,"name":"Products","item":"https:\/\/homeofwool.com\/header-search-2\/"},{"@type":"ListItem","position":3,"name":"100% Linen Fabric"}]},{"@type":"WebSite","@id":"https:\/\/homeofwool.com\/#website","url":"https:\/\/homeofwool.com\/","name":"Hjem til ull","description":"","publisher":{"@id":"https:\/\/homeofwool.com\/#organization"},"potentialAction":[{"@type":"SearchAction","target":{"@type":"EntryPoint","urlTemplate":"https:\/\/homeofwool.com\/?s={search_term_string}"},"query-input":{"@type":"PropertyValueSpecification","valueRequired":true,"valueName":"search_term_string"}}],"inLanguage":"nb-NO"},{"@type":"Organization","@id":"https:\/\/homeofwool.com\/#organization","name":"Hjem til ull","url":"https:\/\/homeofwool.com\/","logo":{"@type":"ImageObject","inLanguage":"nb-NO","@id":"https:\/\/homeofwool.com\/#\/schema\/logo\/image\/","url":"https:\/\/homeofwool.com\/wp-content\/uploads\/2025\/09\/WhatsApp-Image-2025-12-02-at-16.23.20.jpeg","contentUrl":"https:\/\/homeofwool.com\/wp-content\/uploads\/2025\/09\/WhatsApp-Image-2025-12-02-at-16.23.20.jpeg","width":700,"height":247,"caption":"Home of Wool"},"image":{"@id":"https:\/\/homeofwool.com\/#\/schema\/logo\/image\/"},"sameAs":["https:\/\/facebook.com\/HomeOfWoolOfficial"]}]}},"_links":{"self":[{"href":"https:\/\/homeofwool.com\/nb\/wp-json\/wp\/v2\/product\/217503","targetHints":{"allow":["GET"]}}],"collection":[{"href":"https:\/\/homeofwool.com\/nb\/wp-json\/wp\/v2\/product"}],"about":[{"href":"https:\/\/homeofwool.com\/nb\/wp-json\/wp\/v2\/types\/product"}],"version-history":[{"count":0,"href":"https:\/\/homeofwool.com\/nb\/wp-json\/wp\/v2\/product\/217503\/revisions"}],"wp:featuredmedia":[{"embeddable":true,"href":"https:\/\/homeofwool.com\/nb\/wp-json\/wp\/v2\/media\/219238"}],"wp:attachment":[{"href":"https:\/\/homeofwool.com\/nb\/wp-json\/wp\/v2\/media?parent=217503"}],"wp:term":[{"taxonomy":"product_brand","embeddable":true,"href":"https:\/\/homeofwool.com\/nb\/wp-json\/wp\/v2\/product_brand?post=217503"},{"taxonomy":"product_cat","embeddable":true,"href":"https:\/\/homeofwool.com\/nb\/wp-json\/wp\/v2\/product_cat?post=217503"},{"taxonomy":"product_tag","embeddable":true,"href":"https:\/\/homeofwool.com\/nb\/wp-json\/wp\/v2\/product_tag?post=217503"}],"curies":[{"name":"wp","href":"https:\/\/api.w.org\/{rel}","templated":true}]}}