{"id":217489,"date":"2025-09-02T12:00:50","date_gmt":"2025-09-02T12:00:50","guid":{"rendered":"https:\/\/homeofwool.com\/?post_type=product&#038;p=217489"},"modified":"2026-02-11T10:35:37","modified_gmt":"2026-02-11T10:35:37","slug":"stoffrester","status":"publish","type":"product","link":"https:\/\/homeofwool.com\/nb\/shop\/fabric-scraps\/","title":{"rendered":"Stoffrester"},"content":{"rendered":"<p>Ingenting g\u00e5r til spille i v\u00e5rt verksted. Restene fra kutting av st\u00f8rre gjenstander blir lagret og tilbudt som b\u00e6rekraftige stoffrester til andre produsenter. Hver pose veier 0,9 kg og inneholder en blanding av DIY-stoffbiter i forskjellige st\u00f8rrelser og former. Du kan velge mellom sorterte poser, hvor bestemte stoffer er skilt ut, eller usorterte poser med en blanding av ensfargede og stripete stoffer.<\/p>\n<p>Forvent variasjon. Fra ull og lin til bomull og silke. Stoffene kan omfatte stripete lin i bl\u00e5tt, r\u00f8dt, gr\u00e5tt eller svart, myk morb\u00e6rsilke, ren ull og bomull i forskjellige vektklasser. Disse restene av m\u00f8belstoff og quiltstoff gir deg muligheten til \u00e5 arbeide med f\u00f8rsteklasses naturmaterialer til en br\u00f8kdel av prisen.<\/p>\n<p>Du kan lage dyner, dukkeplagg eller sm\u00e5 h\u00e5ndverksprosjekter av dem. Hver pose inneholder en blanding, og selv om bitene varierer, f\u00e5r du alltid rene, naturlige stoffer \u00e5 jobbe med. Med v\u00e5r nullavfallsstrategi for tekstiler kan du nyte \u00e5 v\u00e6re kreativ samtidig som du st\u00f8tter b\u00e6rekraft.<\/p>\n<p><strong>Skrotet kan inneholde deler fra:<\/strong><\/p>\n<ul>\n<li>100% Ullstoff<\/li>\n<li>Mulberry silke stoff<\/li>\n<li>100% Linne stoff<\/li>\n<li>Bl\u00e5 stripete linnet\u00f8y<\/li>\n<li>R\u00f8dstripete linnet\u00f8y<\/li>\n<li>Tynn gr\u00e5 stripete linnet\u00f8y<\/li>\n<li>Gr\u00e5 stripete linnet\u00f8y<\/li>\n<li>Svart stripete linnet\u00f8y<\/li>\n<li>59%  Lin \/ 41% Bomullsstoff<\/li>\n<li>62%  Lin \/ 38% Bomullsstoff<\/li>\n<li>100% Bomullsstoff (tung vekt)<\/li>\n<li>100% Bomullsstoff (lett)<\/li>\n<\/ul>\n<p><strong>Stoffer som passer til en lang rekke prosjekter:<\/strong><\/p>\n<ul>\n<li>Skrap- eller strengetepper<\/li>\n<li>Mini-tepper<\/li>\n<li>Krusunderlag<\/li>\n<li>Yo-Yo's<\/li>\n<li>Sekskanter<\/li>\n<li>Scrapbooking<\/li>\n<li>Stoffbelagte knapper<\/li>\n<li>H\u00e5rklemmer i stoff<\/li>\n<li>Stoffblomster<\/li>\n<li>Dukke kl\u00e6r<\/li>\n<li>Applikasjon<\/li>\n<li>&amp; Mye mer!<\/li>\n<\/ul>","protected":false},"excerpt":{"rendered":"<p>V\u00e5re naturlige stoffrester er en avfallsfri m\u00e5te \u00e5 f\u00e5 tak i materialer av h\u00f8y kvalitet til dine kreative prosjekter. Hver pose inneholder en blanding av stoffrester og avklipp fra v\u00e5rt verksted, perfekt til quilting, h\u00e5ndverk eller sm\u00e5 DIY-m\u00f8belreparasjoner.<\/p>\n<p><strong>Vekt per pose<\/strong>: 2 lbs (0,9 kg)<\/p>","protected":false},"featured_media":223925,"template":"","meta":{"_acf_changed":false},"product_brand":[],"product_cat":[25],"product_tag":[26,27,28,29,1370],"class_list":{"0":"post-217489","1":"product","2":"type-product","3":"status-publish","4":"has-post-thumbnail","6":"product_cat-wool-fabrics-batting","7":"product_tag-fabric-scraps","8":"product_tag-fabric-scraps-buy","9":"product_tag-fabric-scraps-projects","10":"product_tag-leftover-fabric-pieces","11":"product_tag-nosteps","13":"first","14":"instock","15":"shipping-taxable","16":"purchasable","17":"product-type-simple"},"acf":[],"yoast_head":"<!-- This site is optimized with the Yoast SEO Premium plugin v27.5 (Yoast SEO v27.5) - https:\/\/yoast.com\/product\/yoast-seo-premium-wordpress\/ -->\n<title>Fabric Scraps \u2013 Perfect for Craft DIY Projects | Home of Wool<\/title>\n<meta name=\"description\" content=\"Sustainable, natural, and zero-waste, the Fabric Scraps offer high-quality remnants for quilting, crafts, and DIY projects. Perfect for creative, eco-friendly, and affordable fabric use.\" \/>\n<meta name=\"robots\" content=\"index, follow, max-snippet:-1, max-image-preview:large, max-video-preview:-1\" \/>\n<link rel=\"canonical\" href=\"https:\/\/homeofwool.com\/nb\/butikk\/stoffrester\/\" \/>\n<meta property=\"og:locale\" content=\"nb_NO\" \/>\n<meta property=\"og:type\" content=\"article\" \/>\n<meta property=\"og:title\" content=\"Fabric Scraps\" \/>\n<meta property=\"og:description\" content=\"Sustainable, natural, and zero-waste, the Fabric Scraps offer high-quality remnants for quilting, crafts, and DIY projects. Perfect for creative, eco-friendly, and affordable fabric use.\" \/>\n<meta property=\"og:url\" content=\"https:\/\/homeofwool.com\/nb\/butikk\/stoffrester\/\" \/>\n<meta property=\"og:site_name\" content=\"Home of Wool\" \/>\n<meta property=\"article:publisher\" content=\"https:\/\/facebook.com\/HomeOfWoolOfficial\" \/>\n<meta property=\"article:modified_time\" content=\"2026-02-11T10:35:37+00:00\" \/>\n<meta property=\"og:image\" content=\"https:\/\/homeofwool.com\/wp-content\/uploads\/2025\/09\/home-of-wool-fabric-scraps-1-main.jpg\" \/>\n\t<meta property=\"og:image:width\" content=\"1920\" \/>\n\t<meta property=\"og:image:height\" content=\"1536\" \/>\n\t<meta property=\"og:image:type\" content=\"image\/jpeg\" \/>\n<meta name=\"twitter:card\" content=\"summary_large_image\" \/>\n<meta name=\"twitter:label1\" content=\"Ansl. lesetid\" \/>\n\t<meta name=\"twitter:data1\" content=\"2 minutter\" \/>\n<script type=\"application\/ld+json\" class=\"yoast-schema-graph\">{\"@context\":\"https:\\\/\\\/schema.org\",\"@graph\":[{\"@type\":\"WebPage\",\"@id\":\"https:\\\/\\\/homeofwool.com\\\/shop\\\/fabric-scraps\\\/\",\"url\":\"https:\\\/\\\/homeofwool.com\\\/shop\\\/fabric-scraps\\\/\",\"name\":\"Fabric Scraps \u2013 Perfect for Craft DIY Projects | Home of Wool\",\"isPartOf\":{\"@id\":\"https:\\\/\\\/homeofwool.com\\\/#website\"},\"primaryImageOfPage\":{\"@id\":\"https:\\\/\\\/homeofwool.com\\\/shop\\\/fabric-scraps\\\/#primaryimage\"},\"image\":{\"@id\":\"https:\\\/\\\/homeofwool.com\\\/shop\\\/fabric-scraps\\\/#primaryimage\"},\"thumbnailUrl\":\"https:\\\/\\\/homeofwool.com\\\/wp-content\\\/uploads\\\/2025\\\/09\\\/home-of-wool-fabric-scraps-1-main.jpg\",\"datePublished\":\"2025-09-02T12:00:50+00:00\",\"dateModified\":\"2026-02-11T10:35:37+00:00\",\"description\":\"Sustainable, natural, and zero-waste, the Fabric Scraps offer high-quality remnants for quilting, crafts, and DIY projects. Perfect for creative, eco-friendly, and affordable fabric use.\",\"breadcrumb\":{\"@id\":\"https:\\\/\\\/homeofwool.com\\\/shop\\\/fabric-scraps\\\/#breadcrumb\"},\"inLanguage\":\"nb-NO\",\"potentialAction\":[{\"@type\":\"ReadAction\",\"target\":[\"https:\\\/\\\/homeofwool.com\\\/shop\\\/fabric-scraps\\\/\"]}]},{\"@type\":\"ImageObject\",\"inLanguage\":\"nb-NO\",\"@id\":\"https:\\\/\\\/homeofwool.com\\\/shop\\\/fabric-scraps\\\/#primaryimage\",\"url\":\"https:\\\/\\\/homeofwool.com\\\/wp-content\\\/uploads\\\/2025\\\/09\\\/home-of-wool-fabric-scraps-1-main.jpg\",\"contentUrl\":\"https:\\\/\\\/homeofwool.com\\\/wp-content\\\/uploads\\\/2025\\\/09\\\/home-of-wool-fabric-scraps-1-main.jpg\",\"width\":1920,\"height\":1536,\"caption\":\"bag of fabric scraps being held upright\"},{\"@type\":\"BreadcrumbList\",\"@id\":\"https:\\\/\\\/homeofwool.com\\\/shop\\\/fabric-scraps\\\/#breadcrumb\",\"itemListElement\":[{\"@type\":\"ListItem\",\"position\":1,\"name\":\"Home\",\"item\":\"https:\\\/\\\/homeofwool.com\\\/\"},{\"@type\":\"ListItem\",\"position\":2,\"name\":\"Products\",\"item\":\"https:\\\/\\\/homeofwool.com\\\/header-search-2\\\/\"},{\"@type\":\"ListItem\",\"position\":3,\"name\":\"Fabric Scraps\"}]},{\"@type\":\"WebSite\",\"@id\":\"https:\\\/\\\/homeofwool.com\\\/#website\",\"url\":\"https:\\\/\\\/homeofwool.com\\\/\",\"name\":\"Home of Wool\",\"description\":\"\",\"publisher\":{\"@id\":\"https:\\\/\\\/homeofwool.com\\\/#organization\"},\"potentialAction\":[{\"@type\":\"SearchAction\",\"target\":{\"@type\":\"EntryPoint\",\"urlTemplate\":\"https:\\\/\\\/homeofwool.com\\\/?s={search_term_string}\"},\"query-input\":{\"@type\":\"PropertyValueSpecification\",\"valueRequired\":true,\"valueName\":\"search_term_string\"}}],\"inLanguage\":\"nb-NO\"},{\"@type\":\"Organization\",\"@id\":\"https:\\\/\\\/homeofwool.com\\\/#organization\",\"name\":\"Home of Wool\",\"url\":\"https:\\\/\\\/homeofwool.com\\\/\",\"logo\":{\"@type\":\"ImageObject\",\"inLanguage\":\"nb-NO\",\"@id\":\"https:\\\/\\\/homeofwool.com\\\/#\\\/schema\\\/logo\\\/image\\\/\",\"url\":\"https:\\\/\\\/homeofwool.com\\\/wp-content\\\/uploads\\\/2025\\\/09\\\/WhatsApp-Image-2025-12-02-at-16.23.20.jpeg\",\"contentUrl\":\"https:\\\/\\\/homeofwool.com\\\/wp-content\\\/uploads\\\/2025\\\/09\\\/WhatsApp-Image-2025-12-02-at-16.23.20.jpeg\",\"width\":700,\"height\":247,\"caption\":\"Home of Wool\"},\"image\":{\"@id\":\"https:\\\/\\\/homeofwool.com\\\/#\\\/schema\\\/logo\\\/image\\\/\"},\"sameAs\":[\"https:\\\/\\\/facebook.com\\\/HomeOfWoolOfficial\"]}]}<\/script>\n<!-- \/ Yoast SEO Premium plugin. -->","yoast_head_json":{"title":"Stoffrester \u2013 Perfekt for h\u00e5ndverksprosjekter | Home of Wool","description":"Fabric Scraps er b\u00e6rekraftige, naturlige og avfallsfrie, og tilbyr h\u00f8ykvalitets rester til quilting, h\u00e5ndverk og DIY-prosjekter. Perfekt for kreativ, milj\u00f8vennlig og rimelig bruk av stoff.","robots":{"index":"index","follow":"follow","max-snippet":"max-snippet:-1","max-image-preview":"max-image-preview:large","max-video-preview":"max-video-preview:-1"},"canonical":"https:\/\/homeofwool.com\/nb\/butikk\/stoffrester\/","og_locale":"nb_NO","og_type":"article","og_title":"Fabric Scraps","og_description":"Sustainable, natural, and zero-waste, the Fabric Scraps offer high-quality remnants for quilting, crafts, and DIY projects. Perfect for creative, eco-friendly, and affordable fabric use.","og_url":"https:\/\/homeofwool.com\/nb\/butikk\/stoffrester\/","og_site_name":"Home of Wool","article_publisher":"https:\/\/facebook.com\/HomeOfWoolOfficial","article_modified_time":"2026-02-11T10:35:37+00:00","og_image":[{"width":1920,"height":1536,"url":"https:\/\/homeofwool.com\/wp-content\/uploads\/2025\/09\/home-of-wool-fabric-scraps-1-main.jpg","type":"image\/jpeg"}],"twitter_card":"summary_large_image","twitter_misc":{"Ansl. lesetid":"2 minutter"},"schema":{"@context":"https:\/\/schema.org","@graph":[{"@type":"WebPage","@id":"https:\/\/homeofwool.com\/shop\/fabric-scraps\/","url":"https:\/\/homeofwool.com\/shop\/fabric-scraps\/","name":"Stoffrester \u2013 Perfekt for h\u00e5ndverksprosjekter | Home of Wool","isPartOf":{"@id":"https:\/\/homeofwool.com\/#website"},"primaryImageOfPage":{"@id":"https:\/\/homeofwool.com\/shop\/fabric-scraps\/#primaryimage"},"image":{"@id":"https:\/\/homeofwool.com\/shop\/fabric-scraps\/#primaryimage"},"thumbnailUrl":"https:\/\/homeofwool.com\/wp-content\/uploads\/2025\/09\/home-of-wool-fabric-scraps-1-main.jpg","datePublished":"2025-09-02T12:00:50+00:00","dateModified":"2026-02-11T10:35:37+00:00","description":"Fabric Scraps er b\u00e6rekraftige, naturlige og avfallsfrie, og tilbyr h\u00f8ykvalitets rester til quilting, h\u00e5ndverk og DIY-prosjekter. Perfekt for kreativ, milj\u00f8vennlig og rimelig bruk av stoff.","breadcrumb":{"@id":"https:\/\/homeofwool.com\/shop\/fabric-scraps\/#breadcrumb"},"inLanguage":"nb-NO","potentialAction":[{"@type":"ReadAction","target":["https:\/\/homeofwool.com\/shop\/fabric-scraps\/"]}]},{"@type":"ImageObject","inLanguage":"nb-NO","@id":"https:\/\/homeofwool.com\/shop\/fabric-scraps\/#primaryimage","url":"https:\/\/homeofwool.com\/wp-content\/uploads\/2025\/09\/home-of-wool-fabric-scraps-1-main.jpg","contentUrl":"https:\/\/homeofwool.com\/wp-content\/uploads\/2025\/09\/home-of-wool-fabric-scraps-1-main.jpg","width":1920,"height":1536,"caption":"bag of fabric scraps being held upright"},{"@type":"BreadcrumbList","@id":"https:\/\/homeofwool.com\/shop\/fabric-scraps\/#breadcrumb","itemListElement":[{"@type":"ListItem","position":1,"name":"Home","item":"https:\/\/homeofwool.com\/"},{"@type":"ListItem","position":2,"name":"Products","item":"https:\/\/homeofwool.com\/header-search-2\/"},{"@type":"ListItem","position":3,"name":"Fabric Scraps"}]},{"@type":"WebSite","@id":"https:\/\/homeofwool.com\/#website","url":"https:\/\/homeofwool.com\/","name":"Hjem til ull","description":"","publisher":{"@id":"https:\/\/homeofwool.com\/#organization"},"potentialAction":[{"@type":"SearchAction","target":{"@type":"EntryPoint","urlTemplate":"https:\/\/homeofwool.com\/?s={search_term_string}"},"query-input":{"@type":"PropertyValueSpecification","valueRequired":true,"valueName":"search_term_string"}}],"inLanguage":"nb-NO"},{"@type":"Organization","@id":"https:\/\/homeofwool.com\/#organization","name":"Hjem til ull","url":"https:\/\/homeofwool.com\/","logo":{"@type":"ImageObject","inLanguage":"nb-NO","@id":"https:\/\/homeofwool.com\/#\/schema\/logo\/image\/","url":"https:\/\/homeofwool.com\/wp-content\/uploads\/2025\/09\/WhatsApp-Image-2025-12-02-at-16.23.20.jpeg","contentUrl":"https:\/\/homeofwool.com\/wp-content\/uploads\/2025\/09\/WhatsApp-Image-2025-12-02-at-16.23.20.jpeg","width":700,"height":247,"caption":"Home of Wool"},"image":{"@id":"https:\/\/homeofwool.com\/#\/schema\/logo\/image\/"},"sameAs":["https:\/\/facebook.com\/HomeOfWoolOfficial"]}]}},"_links":{"self":[{"href":"https:\/\/homeofwool.com\/nb\/wp-json\/wp\/v2\/product\/217489","targetHints":{"allow":["GET"]}}],"collection":[{"href":"https:\/\/homeofwool.com\/nb\/wp-json\/wp\/v2\/product"}],"about":[{"href":"https:\/\/homeofwool.com\/nb\/wp-json\/wp\/v2\/types\/product"}],"version-history":[{"count":1,"href":"https:\/\/homeofwool.com\/nb\/wp-json\/wp\/v2\/product\/217489\/revisions"}],"predecessor-version":[{"id":227859,"href":"https:\/\/homeofwool.com\/nb\/wp-json\/wp\/v2\/product\/217489\/revisions\/227859"}],"wp:featuredmedia":[{"embeddable":true,"href":"https:\/\/homeofwool.com\/nb\/wp-json\/wp\/v2\/media\/223925"}],"wp:attachment":[{"href":"https:\/\/homeofwool.com\/nb\/wp-json\/wp\/v2\/media?parent=217489"}],"wp:term":[{"taxonomy":"product_brand","embeddable":true,"href":"https:\/\/homeofwool.com\/nb\/wp-json\/wp\/v2\/product_brand?post=217489"},{"taxonomy":"product_cat","embeddable":true,"href":"https:\/\/homeofwool.com\/nb\/wp-json\/wp\/v2\/product_cat?post=217489"},{"taxonomy":"product_tag","embeddable":true,"href":"https:\/\/homeofwool.com\/nb\/wp-json\/wp\/v2\/product_tag?post=217489"}],"curies":[{"name":"wp","href":"https:\/\/api.w.org\/{rel}","templated":true}]}}