{"id":220073,"date":"2025-09-27T08:35:33","date_gmt":"2025-09-27T08:35:33","guid":{"rendered":"https:\/\/homeofwool.com\/our-mission\/"},"modified":"2025-11-28T10:00:59","modified_gmt":"2025-11-28T10:00:59","slug":"var-misjon","status":"publish","type":"page","link":"https:\/\/homeofwool.com\/nb\/our-mission\/","title":{"rendered":"V\u00e5rt oppdrag"},"content":{"rendered":"<div data-elementor-type=\"wp-page\" data-elementor-id=\"220073\" class=\"elementor elementor-220073\" data-elementor-post-type=\"page\">\n\t\t\t\t<div class=\"elementor-element elementor-element-001a216 page_content e-flex e-con-boxed e-con e-parent\" data-id=\"001a216\" data-element_type=\"container\" data-e-type=\"container\">\n\t\t\t\t\t<div class=\"e-con-inner\">\n\t\t\t\t<div class=\"elementor-element elementor-element-a47db14 elementor-widget elementor-widget-heading\" data-id=\"a47db14\" data-element_type=\"widget\" data-e-type=\"widget\" data-widget_type=\"heading.default\">\n\t\t\t\t\t<h1 class=\"elementor-heading-title elementor-size-default\">V\u00e5rt oppdrag\n<\/h1>\t\t\t\t<\/div>\n\t\t\t\t<div class=\"elementor-element elementor-element-f22df8f elementor-widget elementor-widget-text-editor\" data-id=\"f22df8f\" data-element_type=\"widget\" data-e-type=\"widget\" data-widget_type=\"text-editor.default\">\n\t\t\t\t\t\t\t\t\t<p>Hos Home of Wool er vi dedikert til \u00e5 lage skreddersydde, rene \u00f8kologiske madrasser, senget\u00f8y, barneprodukter og tekstiler til innredning som redefinerer begrepet komfort og velv\u00e6re i hjemmet ditt.<\/p><p>Du fortjener \u00e5 sove godt, v\u00e5kne opp uthvilt og bo i et sunt hjem. Vi mener at helsen din aldri b\u00f8r kompromitteres som f\u00f8lge av skadelige effekter fra giftige syntetiske stoffer og kjemikalier som finnes i vanlige senget\u00f8y og m\u00f8bler.<\/p><p>Kjernen i det vi gj\u00f8r er ideen om at naturen gir oss alt vi trenger for \u00e5 skape en uovertruffen komfort som overg\u00e5r alle syntetiske alternativer. V\u00e5re produkter er luksuri\u00f8se, helt naturlige og omhyggelig h\u00e5ndlagde, og er laget for \u00e5 skape sunne hjem hvor du og familien din kan nyte de uendelige fordelene med ren ull, lin, silke og \u00f8kologisk bomull.<\/p><p>Vi lager kun produkter uten syntetiske stoffer, kjemikalier og giftstoffer, og bruker rene, naturlige materialer som \u00f8kologisk bomull, ull, lin og silke, som fremmer et sunt milj\u00f8 for \u00e5 leve, sove og slappe av i, slik at du kan hvile trygt i visshet om at du har valgt det sunneste alternativet for deg og dine n\u00e6rmeste!<\/p><p>Vi tilpasser alt etter deg, ditt rom og dine behov. Alle er forskjellige, s\u00e5 vi tar oss tid til \u00e5 forst\u00e5 dine behov og preferanser, og vi samarbeider med deg for \u00e5 skape en tilpasset l\u00f8sning som er perfekt for deg.<\/p><p>Vi er et familieeid selskap som brenner for \u00e5 gi deg de beste produktene og opplevelsene. Vi er opptatt av kundetilfredshet og jobber kontinuerlig med innovasjon og utvikling av nye m\u00e5ter \u00e5 forbedre produktene v\u00e5re p\u00e5.<\/p><p>V\u00e5re produkter er produsert p\u00e5 en b\u00e6rekraftig m\u00e5te, med minimal innvirkning p\u00e5 milj\u00f8et fra start til slutt, og er dyrket p\u00e5 en b\u00e6rekraftig m\u00e5te og fullstendig biologisk nedbrytbare. De er designet for \u00e5 v\u00e6re enkle \u00e5 reparere og fikse. Med hvert kj\u00f8p kan du v\u00e6re trygg p\u00e5 at du har en positiv innvirkning p\u00e5 planeten, og at du f\u00e5r et milj\u00f8vennlig produkt som er laget for \u00e5 vare livet ut.<\/p><p>Vi legger vekt p\u00e5 \u00e5 gi tilbake til samfunnet og st\u00f8tter flere veldedige organisasjoner.<\/p><p>Vi er sikre p\u00e5 at v\u00e5re produkter kan hjelpe deg med \u00e5 sove bedre, leve sunnere og skape et mer komfortabelt hjem. Vi inviterer deg til \u00e5 bli med p\u00e5 v\u00e5r misjon ved \u00e5 ta et skritt mot \u00e5 forvandle s\u00f8vnen og hjemmet ditt!<\/p>\t\t\t\t\t\t\t\t<\/div>\n\t\t\t\t\t<\/div>\n\t\t\t\t<\/div>\n\t\t\t\t<\/div>","protected":false},"excerpt":{"rendered":"<p>Our Mission At Home of Wool, we are dedicated to crafting custom pure organic mattresses, bedding, kids, and d\u00e9cor textile pieces that redefine the concept of comfort and well-being within your home. You deserve to sleep soundly, wake up feeling refreshed, and live in a healthy home. We believe that your health should never be [&hellip;]<\/p>\n","protected":false},"author":1,"featured_media":0,"parent":0,"menu_order":0,"comment_status":"closed","ping_status":"closed","template":"elementor_header_footer","meta":{"_acf_changed":false,"footnotes":""},"class_list":["post-220073","page","type-page","status-publish","hentry"],"acf":[],"yoast_head":"<!-- This site is optimized with the Yoast SEO Premium plugin v27.5 (Yoast SEO v27.5) - https:\/\/yoast.com\/product\/yoast-seo-premium-wordpress\/ -->\n<title>Our Mission \u2013 Natural, Ethical, Zero-Waste Wool Living | Home of Wool<\/title>\n<meta name=\"description\" content=\"Learn about our mission to create healthier homes with all-natural, toxin-free wool products. We craft responsibly, reduce waste, and design lasting pieces that honour people, animals, and the planet.\" \/>\n<meta name=\"robots\" content=\"index, follow, max-snippet:-1, max-image-preview:large, max-video-preview:-1\" \/>\n<link rel=\"canonical\" href=\"https:\/\/homeofwool.com\/nb\/var-misjon\/\" \/>\n<meta property=\"og:locale\" content=\"nb_NO\" \/>\n<meta property=\"og:type\" content=\"article\" \/>\n<meta property=\"og:title\" content=\"Our Mission\" \/>\n<meta property=\"og:description\" content=\"Learn about our mission to create healthier homes with all-natural, toxin-free wool products. We craft responsibly, reduce waste, and design lasting pieces that honour people, animals, and the planet.\" \/>\n<meta property=\"og:url\" content=\"https:\/\/homeofwool.com\/nb\/var-misjon\/\" \/>\n<meta property=\"og:site_name\" content=\"Home of Wool\" \/>\n<meta property=\"article:publisher\" content=\"https:\/\/facebook.com\/HomeOfWoolOfficial\" \/>\n<meta property=\"article:modified_time\" content=\"2025-11-28T10:00:59+00:00\" \/>\n<meta name=\"twitter:card\" content=\"summary_large_image\" \/>\n<meta name=\"twitter:label1\" content=\"Ansl. lesetid\" \/>\n\t<meta name=\"twitter:data1\" content=\"2 minutter\" \/>\n<script type=\"application\/ld+json\" class=\"yoast-schema-graph\">{\"@context\":\"https:\\\/\\\/schema.org\",\"@graph\":[{\"@type\":\"WebPage\",\"@id\":\"https:\\\/\\\/homeofwool.com\\\/our-mission\\\/\",\"url\":\"https:\\\/\\\/homeofwool.com\\\/our-mission\\\/\",\"name\":\"Our Mission \u2013 Natural, Ethical, Zero-Waste Wool Living | Home of Wool\",\"isPartOf\":{\"@id\":\"https:\\\/\\\/homeofwool.com\\\/#website\"},\"datePublished\":\"2025-09-27T08:35:33+00:00\",\"dateModified\":\"2025-11-28T10:00:59+00:00\",\"description\":\"Learn about our mission to create healthier homes with all-natural, toxin-free wool products. We craft responsibly, reduce waste, and design lasting pieces that honour people, animals, and the planet.\",\"breadcrumb\":{\"@id\":\"https:\\\/\\\/homeofwool.com\\\/our-mission\\\/#breadcrumb\"},\"inLanguage\":\"nb-NO\",\"potentialAction\":[{\"@type\":\"ReadAction\",\"target\":[\"https:\\\/\\\/homeofwool.com\\\/our-mission\\\/\"]}]},{\"@type\":\"BreadcrumbList\",\"@id\":\"https:\\\/\\\/homeofwool.com\\\/our-mission\\\/#breadcrumb\",\"itemListElement\":[{\"@type\":\"ListItem\",\"position\":1,\"name\":\"Home\",\"item\":\"https:\\\/\\\/homeofwool.com\\\/\"},{\"@type\":\"ListItem\",\"position\":2,\"name\":\"Our Mission\"}]},{\"@type\":\"WebSite\",\"@id\":\"https:\\\/\\\/homeofwool.com\\\/#website\",\"url\":\"https:\\\/\\\/homeofwool.com\\\/\",\"name\":\"Home of Wool\",\"description\":\"\",\"publisher\":{\"@id\":\"https:\\\/\\\/homeofwool.com\\\/#organization\"},\"potentialAction\":[{\"@type\":\"SearchAction\",\"target\":{\"@type\":\"EntryPoint\",\"urlTemplate\":\"https:\\\/\\\/homeofwool.com\\\/?s={search_term_string}\"},\"query-input\":{\"@type\":\"PropertyValueSpecification\",\"valueRequired\":true,\"valueName\":\"search_term_string\"}}],\"inLanguage\":\"nb-NO\"},{\"@type\":\"Organization\",\"@id\":\"https:\\\/\\\/homeofwool.com\\\/#organization\",\"name\":\"Home of Wool\",\"url\":\"https:\\\/\\\/homeofwool.com\\\/\",\"logo\":{\"@type\":\"ImageObject\",\"inLanguage\":\"nb-NO\",\"@id\":\"https:\\\/\\\/homeofwool.com\\\/#\\\/schema\\\/logo\\\/image\\\/\",\"url\":\"https:\\\/\\\/homeofwool.com\\\/wp-content\\\/uploads\\\/2025\\\/09\\\/WhatsApp-Image-2025-12-02-at-16.23.20.jpeg\",\"contentUrl\":\"https:\\\/\\\/homeofwool.com\\\/wp-content\\\/uploads\\\/2025\\\/09\\\/WhatsApp-Image-2025-12-02-at-16.23.20.jpeg\",\"width\":700,\"height\":247,\"caption\":\"Home of Wool\"},\"image\":{\"@id\":\"https:\\\/\\\/homeofwool.com\\\/#\\\/schema\\\/logo\\\/image\\\/\"},\"sameAs\":[\"https:\\\/\\\/facebook.com\\\/HomeOfWoolOfficial\"]}]}<\/script>\n<!-- \/ Yoast SEO Premium plugin. -->","yoast_head_json":{"title":"V\u00e5r misjon \u2013 Naturlig, etisk, avfallsfri ull | Home of Wool","description":"L\u00e6r mer om v\u00e5r misjon om \u00e5 skape sunnere hjem med helt naturlige, giftfrie ullprodukter. Vi produserer p\u00e5 en ansvarlig m\u00e5te, reduserer avfall og designer holdbare produkter som respekterer mennesker, dyr og planeten.","robots":{"index":"index","follow":"follow","max-snippet":"max-snippet:-1","max-image-preview":"max-image-preview:large","max-video-preview":"max-video-preview:-1"},"canonical":"https:\/\/homeofwool.com\/nb\/var-misjon\/","og_locale":"nb_NO","og_type":"article","og_title":"Our Mission","og_description":"Learn about our mission to create healthier homes with all-natural, toxin-free wool products. We craft responsibly, reduce waste, and design lasting pieces that honour people, animals, and the planet.","og_url":"https:\/\/homeofwool.com\/nb\/var-misjon\/","og_site_name":"Home of Wool","article_publisher":"https:\/\/facebook.com\/HomeOfWoolOfficial","article_modified_time":"2025-11-28T10:00:59+00:00","twitter_card":"summary_large_image","twitter_misc":{"Ansl. lesetid":"2 minutter"},"schema":{"@context":"https:\/\/schema.org","@graph":[{"@type":"WebPage","@id":"https:\/\/homeofwool.com\/our-mission\/","url":"https:\/\/homeofwool.com\/our-mission\/","name":"V\u00e5r misjon \u2013 Naturlig, etisk, avfallsfri ull | Home of Wool","isPartOf":{"@id":"https:\/\/homeofwool.com\/#website"},"datePublished":"2025-09-27T08:35:33+00:00","dateModified":"2025-11-28T10:00:59+00:00","description":"L\u00e6r mer om v\u00e5r misjon om \u00e5 skape sunnere hjem med helt naturlige, giftfrie ullprodukter. Vi produserer p\u00e5 en ansvarlig m\u00e5te, reduserer avfall og designer holdbare produkter som respekterer mennesker, dyr og planeten.","breadcrumb":{"@id":"https:\/\/homeofwool.com\/our-mission\/#breadcrumb"},"inLanguage":"nb-NO","potentialAction":[{"@type":"ReadAction","target":["https:\/\/homeofwool.com\/our-mission\/"]}]},{"@type":"BreadcrumbList","@id":"https:\/\/homeofwool.com\/our-mission\/#breadcrumb","itemListElement":[{"@type":"ListItem","position":1,"name":"Home","item":"https:\/\/homeofwool.com\/"},{"@type":"ListItem","position":2,"name":"Our Mission"}]},{"@type":"WebSite","@id":"https:\/\/homeofwool.com\/#website","url":"https:\/\/homeofwool.com\/","name":"Hjem til ull","description":"","publisher":{"@id":"https:\/\/homeofwool.com\/#organization"},"potentialAction":[{"@type":"SearchAction","target":{"@type":"EntryPoint","urlTemplate":"https:\/\/homeofwool.com\/?s={search_term_string}"},"query-input":{"@type":"PropertyValueSpecification","valueRequired":true,"valueName":"search_term_string"}}],"inLanguage":"nb-NO"},{"@type":"Organization","@id":"https:\/\/homeofwool.com\/#organization","name":"Hjem til ull","url":"https:\/\/homeofwool.com\/","logo":{"@type":"ImageObject","inLanguage":"nb-NO","@id":"https:\/\/homeofwool.com\/#\/schema\/logo\/image\/","url":"https:\/\/homeofwool.com\/wp-content\/uploads\/2025\/09\/WhatsApp-Image-2025-12-02-at-16.23.20.jpeg","contentUrl":"https:\/\/homeofwool.com\/wp-content\/uploads\/2025\/09\/WhatsApp-Image-2025-12-02-at-16.23.20.jpeg","width":700,"height":247,"caption":"Home of Wool"},"image":{"@id":"https:\/\/homeofwool.com\/#\/schema\/logo\/image\/"},"sameAs":["https:\/\/facebook.com\/HomeOfWoolOfficial"]}]}},"_links":{"self":[{"href":"https:\/\/homeofwool.com\/nb\/wp-json\/wp\/v2\/pages\/220073","targetHints":{"allow":["GET"]}}],"collection":[{"href":"https:\/\/homeofwool.com\/nb\/wp-json\/wp\/v2\/pages"}],"about":[{"href":"https:\/\/homeofwool.com\/nb\/wp-json\/wp\/v2\/types\/page"}],"author":[{"embeddable":true,"href":"https:\/\/homeofwool.com\/nb\/wp-json\/wp\/v2\/users\/1"}],"replies":[{"embeddable":true,"href":"https:\/\/homeofwool.com\/nb\/wp-json\/wp\/v2\/comments?post=220073"}],"version-history":[{"count":0,"href":"https:\/\/homeofwool.com\/nb\/wp-json\/wp\/v2\/pages\/220073\/revisions"}],"wp:attachment":[{"href":"https:\/\/homeofwool.com\/nb\/wp-json\/wp\/v2\/media?parent=220073"}],"curies":[{"name":"wp","href":"https:\/\/api.w.org\/{rel}","templated":true}]}}