{"id":219982,"date":"2025-09-27T08:34:20","date_gmt":"2025-09-27T08:34:20","guid":{"rendered":"https:\/\/homeofwool.com\/delivery-returns\/"},"modified":"2026-01-14T09:39:25","modified_gmt":"2026-01-14T09:39:25","slug":"leveringsretur","status":"publish","type":"page","link":"https:\/\/homeofwool.com\/nb\/delivery-returns\/","title":{"rendered":"Levering og retur"},"content":{"rendered":"<div data-elementor-type=\"wp-page\" data-elementor-id=\"219982\" class=\"elementor elementor-219982\" data-elementor-post-type=\"page\">\n\t\t\t\t<div class=\"elementor-element elementor-element-650a4cd page_content e-flex e-con-boxed e-con e-parent\" data-id=\"650a4cd\" data-element_type=\"container\" data-e-type=\"container\">\n\t\t\t\t\t<div class=\"e-con-inner\">\n\t\t\t\t<div class=\"elementor-element elementor-element-dde89e9 elementor-widget elementor-widget-heading\" data-id=\"dde89e9\" data-element_type=\"widget\" data-e-type=\"widget\" data-widget_type=\"heading.default\">\n\t\t\t\t\t<h1 class=\"elementor-heading-title elementor-size-default\">Levering og retur<\/h1>\t\t\t\t<\/div>\n\t\t\t\t<div class=\"elementor-element elementor-element-9d3f92a elementor-widget elementor-widget-heading\" data-id=\"9d3f92a\" data-element_type=\"widget\" data-e-type=\"widget\" data-widget_type=\"heading.default\">\n\t\t\t\t\t<h2 class=\"elementor-heading-title elementor-size-default\">Frakt<\/h2>\t\t\t\t<\/div>\n\t\t\t\t<div class=\"elementor-element elementor-element-ca08fbf page_content elementor-widget elementor-widget-text-editor\" data-id=\"ca08fbf\" data-element_type=\"widget\" data-e-type=\"widget\" data-widget_type=\"text-editor.default\">\n\t\t\t\t\t\t\t\t\t<div class=\"wpb_text_column wpb_content_element\"><div class=\"wpb_wrapper\"><div class=\"wpb_text_column wpb_content_element\"><div class=\"wpb_wrapper\"><div class=\"wpb_column vc_column_container vc_col-sm-8 et-dark-column\"><div class=\"vc_column-inner\"><div class=\"wpb_wrapper\"><div class=\"wpb_text_column wpb_content_element\"><div class=\"wpb_wrapper\"><div class=\"vc_tta-panel-body\"><div class=\"wpb_text_column wpb_content_element\"><div class=\"wpb_wrapper\"><p>Vi sender globalt og tilbyr <strong>Gratis frakt over hele verden p\u00e5 alle bestillinger<\/strong>, til d\u00f8ren din. Betalte fraktalternativer er ogs\u00e5 tilgjengelige, se nedenfor.<\/p><p>Alle land leveres p\u00e5 DDP-basis (levering med toll betalt), s\u00e5 skatter og avgifter er inkludert i den endelige prisen, og du vil motta pakken p\u00e5 d\u00f8ren din uten \u00e5 m\u00e5tte fortolle den.<\/p><p>For De forente arabiske emirater: Pakker fra utlandet m\u00e5 hentes personlig p\u00e5 hovedpostkontoret.<\/p><p>Vi kan ogs\u00e5 levere til postbokser, men s\u00f8rg for at postboksen din kan ta imot pakker av denne st\u00f8rrelsen, ellers kan pakken din bli returnert.<\/p><p>Vi anbefaler deg p\u00e5 det sterkeste \u00e5 f\u00f8lge sporingsinformasjonen din p\u00e5 nettet for detaljerte oppdateringer, slik at du vet n\u00e5r pakken din ankommer postkontoret.<\/p><p>Alle varer er pakket i resirkulerbar plast som beskytter mot smuss, vann og punkteringer.<\/p><p>Vennligst inspiser pakken ved mottak og ikke godta den hvis den er skadet. P\u00e5 denne m\u00e5ten vil pakken bli returnert til oss, og vi vil lage og sende deg en ny. Hvis du godtar en pakke som er skadet, vil vi ikke kunne kompensere deg.<\/p><p><span data-teams=\"true\">For leveranser til USA: U.S. Customs and Border Protection kan av og til sette en forsendelse p\u00e5 vent hvis den vurderes i henhold til amerikanske regler for antidumping- og utligningstoll (AD\/CVD). I slike tilfeller kan det hende at FedEx ikke kan klarere forsendelsen p\u00e5 egen kausjon, og du (mottakeren\/import\u00f8ren) kan bli bedt om \u00e5 samarbeide med FedEx eller en annen tollmegler for \u00e5 sette opp en tollkausjon og betale eventuelle p\u00e5krevde avgifter\/skatter (kontantinnskudd) for \u00e5 frigi pakken. Disse kravene fastsettes av amerikanske myndigheter og er utenfor b\u00e5de avsenderens og FedEx' kontroll.<\/span>\u00a0<\/p><\/div><\/div><\/div><\/div><\/div><div class=\"wpb_text_column wpb_content_element\"><div class=\"wpb_wrapper\"><h2>Betingelser for gratis frakt<\/h2><div class=\"vc_tta-panel-body\"><div class=\"wpb_text_column wpb_content_element\"><div class=\"wpb_wrapper\"><p><strong>Pris<\/strong>: Gratis til alle deler av verden<\/p><p><strong>Transport\u00f8r<\/strong>:<br \/>Bulgarian Post samarbeider med de nasjonale postvesenene i ditt land, for eksempel USPS i USA, Canada Post, Parcel Force i Storbritannia, Australia Post osv. Alle disse er 100% p\u00e5litelige, og vi har ikke mistet noen pakker av de tusenvis vi har sendt s\u00e5 langt ved hjelp av dem.<\/p><p><strong>Leveringsbetingelser:<\/strong><br \/>For registrert post kreves det underskrift ved levering. Hvis du ikke er hjemme ved leveringstidspunktet, vil pakken bli behandlet i henhold til retningslinjene til ditt nasjonale postvesen. I de fleste tilfeller, for eksempel i USA, Canada, Australia og Storbritannia, vil du f\u00e5 en lapp om at du kan hente pakken p\u00e5 ditt lokale postkontor eller ringe dem for \u00e5 avtale ny leveringstidspunkt.<\/p><p><strong>Transittider<\/strong>\u00a0(omtrentlig, ikke garantert):<\/p><ul><li style=\"margin-bottom: 10px;\">USA fastland \u2013 3 uker<\/li><li style=\"margin-bottom: 10px;\">USA (Hawaii, Alaska) \u2013 4 uker<\/li><li style=\"margin-bottom: 10px;\">Canada \u2013 3 uker<\/li><li style=\"margin-bottom: 10px;\">Afrika \u2013 3 uker<\/li><li style=\"margin-bottom: 10px;\">Australia \u2013 3 uker<\/li><li style=\"margin-bottom: 10px;\">Asia \u2013 3 uker<\/li><li style=\"margin-bottom: 10px;\">S\u00f8r-Amerika \u2013 3\u20134 uker<\/li><li style=\"margin-bottom: 10px;\">Den europeiske union \u2013 2 uker<\/li><li style=\"margin-bottom: 10px;\">Storbritannia \u2013 2 uker<\/li><\/ul><\/div><\/div><\/div><\/div><\/div><div class=\"wpb_text_column wpb_content_element\"><div class=\"wpb_wrapper\"><div class=\"vc_tta-panel-body\"><div class=\"wpb_text_column wpb_content_element\"><div class=\"wpb_wrapper\"><h2>Vilk\u00e5r for ekspresslevering innen 3 dager<\/h2><p><strong>Pris<\/strong>: Vennligst bruk den angitte\u00a0<a href=\"https:\/\/homeofwool.com\/nb\/butikk\/ekstra-avgift\/\">Ekspresslevering-oppgradering<\/a>\u00a0oppf\u00f8ring i v\u00e5r butikk eller Send oss en melding for \u00e5 f\u00e5 et estimat p\u00e5 fraktkostnaden.<\/p><p><strong>Transport\u00f8r<\/strong>: DHL<\/p><p><strong>Leveringsbetingelser:<\/strong><br \/>Telefonnummer er n\u00f8dvendig for levering. Pakker leveres til d\u00f8ren din, og det kreves signatur for \u00e5 motta dem.<\/p><p><strong>Transittider<\/strong>\u00a0(garantert):<\/p><ul><li>Over hele verden \u2013 3\u20135 virkedager<\/li><\/ul><\/div><\/div><\/div><\/div><\/div><div class=\"wpb_text_column wpb_content_element\"><div class=\"wpb_wrapper\"><div class=\"vc_tta-panel-body\"><div class=\"wpb_text_column wpb_content_element\"><div class=\"wpb_wrapper\"><h2>Spor leveransen din<\/h2><p>Vi sender deg et sporingsnummer s\u00e5 snart vi har sendt bestillingen din. Hold \u00f8ye med sporingslenken ved \u00e5 bruke\u00a0<a href=\"https:\/\/www.track-trace.com\/\" rel=\"nofollow noopener\">www.track-trace.com<\/a>\u00a0eller p\u00e5 din nasjonale posts nettside:<\/p><p>USA:\u00a0<a href=\"https:\/\/www.usps.com\/\" rel=\"nofollow noopener\">www.usps.com<\/a><br \/>Canada:\u00a0<a href=\"https:\/\/www.canadapost.ca\/cpc\/en\/home.page\" rel=\"nofollow noopener\">www.canadapost.ca<\/a><br \/>Australia:\u00a0<a href=\"https:\/\/auspost.com.au\/\" rel=\"nofollow noopener\">https:\/\/auspost.com.au\/<\/a><br \/>Storbritannia:\u00a0<a href=\"https:\/\/www.parcelforce.com\/\" rel=\"nofollow noopener\">www.parcelforce.com<\/a><\/p><p>Statusoppdateringer for gratis og prioritert frakt er kun tilgjengelige n\u00e5r pakken kommer inn i tollen i ditt land.<\/p><p>Alle bestillinger kan spores\u00a0<strong><a href=\"https:\/\/homeofwool.aftership.com\/\" rel=\"nofollow noopener\">her<\/a>.<\/strong><\/p><\/div><\/div><\/div><\/div><\/div><div class=\"wpb_text_column wpb_content_element\"><div class=\"wpb_wrapper\"><h2>Mistet eller forsinket pakke<\/h2><p>Den nasjonale posttjenesten er sv\u00e6rt p\u00e5litelig i alle deler av verden, og tapte pakker er ekstremt sjeldne, basert p\u00e5 v\u00e5r erfaring med \u00e5 sende tusenvis av pakker til over 40 land, inkludert USA, Canada, Australia, Storbritannia og EU.<br \/>Hvis en pakke g\u00e5r tapt, sender vi en erstatning gratis.<br \/>Du kan kontakte oss hvis pakken din ikke har kommet frem til landet ditt etter mer enn 1 m\u00e5ned. Vi kan ikke fremskynde leveransen, men vi kan sende en offisiell henvendelse til posten for \u00e5 pr\u00f8ve \u00e5 finne pakken.<\/p><\/div><\/div><div class=\"wpb_text_column wpb_content_element\"><div class=\"wpb_wrapper\"><h2>Avbestilling av bestillingen din<\/h2><p>Hvis du \u00f8nsker \u00e5 kansellere hele eller deler av bestillingen din, kan du kontakte oss. Vi kan kansellere varene vi ikke har begynt \u00e5 produsere enn\u00e5.<\/p><\/div><\/div><div class=\"wpb_text_column wpb_content_element\"><div class=\"wpb_wrapper\"><h2>Retur og refusjon<\/h2><div class=\"vc_tta-panel-body\"><div class=\"wpb_text_column wpb_content_element\"><div class=\"wpb_wrapper\"><ul><li style=\"margin-bottom: 15px;\">Hvis du ikke er helt forn\u00f8yd med kj\u00f8pet ditt eller \u00f8nsker \u00e5 returnere en vare, vennligst, <a href=\"https:\/\/homeofwool.com\/nb\/kontakt\/\">kontakt oss<\/a>. <strong>Spesialtilpassede og brukte varer kan ikke returneres.<br \/><\/strong><ul><li>Returadresse: Bulgaria, Sofia, bul. Simeonovsko shose 24, Postnummer: 1700<\/li><\/ul><\/li><li style=\"margin-bottom: 15px;\">Hvis varen din kom som beskrevet og uten produksjonsfeil eller mangler (annet stoff ble brukt, feil design ble brukt, mer enn 5% avvik i lengde eller bredde), kan du be om retur av en ikke-tilpasset vare innen de f\u00f8rste to ukene etter levering. Varene m\u00e5 sendes tilbake innen 30 dager etter levering. Refusjoner ekskluderer plattform- og betalingsgebyrer, og kan derfor v\u00e6re opptil 82% av ordreverdien.<\/li><li style=\"margin-bottom: 15px;\">Hvis varen din kommer med en produksjonsfeil eller -mangel (det er brukt annet stoff, feil design er brukt, avvik p\u00e5 mer enn 5% i lengde eller bredde), vil vi lage og sende en ny vare eller gi full refusjon for den ber\u00f8rte varen.<\/li><li style=\"margin-bottom: 15px;\">Hvis varen din ikke blir levert p\u00e5 grunn av en ufullstendig, uleselig eller feil adresse, at adressaten ikke er p\u00e5 adressen (ukjent, flyttet eller avd\u00f8d), eller at posten ikke blir hentet eller avvist, kan varen sendes p\u00e5 nytt p\u00e5 din bekostning, og det vil bli utstedt en faktura for returfraktkostnaden. Hvis du ikke \u00f8nsker at en ikke-tilpasset vare skal sendes p\u00e5 nytt, kan vi utstede en delvis refusjon, eksklusive plattform- og betalingsgebyrer og returfrakt, og refusjonen kan dermed v\u00e6re opptil 82% av varens verdi. Tilpassede varer er ikke berettiget til refusjon og kan kun sendes p\u00e5 nytt.<\/li><li style=\"margin-bottom: 15px;\">Hvis varen din er godkjent for retur, m\u00e5 du oppgi verdien til under $15, ellers vil tollavgifter p\u00e5l\u00f8pe, selv om dette ikke er et kj\u00f8p, men en retur. Hvis importavgifter p\u00e5l\u00f8per, vil disse trekkes fra refusjonsbel\u00f8pet. Returnerte varer m\u00e5 v\u00e6re i sin opprinnelige stand. Refusjon utbetales etter at vi har mottatt varene og inspisert dem. Returkostnader dekkes i sin helhet av kunden.<\/li><li style=\"margin-bottom: 15px;\">Europeiske avkastninger<br \/>Europeiske kunder kan bruke budfirmaet DPD til \u00e5 returnere pakker, inkludert madrasser, til en sv\u00e6rt lav pris, vanligvis rundt 30-40 euro. Be om henting fra d\u00f8ren din, detaljer p\u00e5 www.dpd.com<\/li><li style=\"margin-bottom: 15px;\"><span data-teams=\"true\">Hvis amerikanske tollmyndigheter klassifiserer en forsendelse som underlagt antidumping-\/utligningstoll (AD\/CVD) og krever at import\u00f8ren innhenter en amerikansk tollgaranti (ofte via en megler) og betaler p\u00e5krevde tollinnskudd, er eventuelle tollreturer, forsinkelser i klareringen eller ekstra avgifter utenfor v\u00e5r og FedEx' kontroll, og kan ikke refunderes etter at forsendelsen er sendt.<\/span><\/li><\/ul><p>Alle refusjoner vil bli utbetalt til det samme kortet som ble brukt til \u00e5 foreta betalingen. Overf\u00f8ringen kan ta opptil 3 virkedager etter at refusjonen er utstedt.<\/p><\/div><\/div><\/div><\/div><\/div><\/div><\/div><\/div><\/div><\/div><\/div><\/div>\t\t\t\t\t\t\t\t<\/div>\n\t\t\t\t\t<\/div>\n\t\t\t\t<\/div>\n\t\t\t\t<\/div>","protected":false},"excerpt":{"rendered":"<p>Delivery &amp; Returns Shipping We ship globally and offer Free Worldwide Shipping on all orders, to your door.\u00a0Paid shipping options are also available, see below. All countries are shipped on DDP (delivery duty paid) basis, so taxes and duties are included in the final price and you will receive the package at your door, you [&hellip;]<\/p>\n","protected":false},"author":1,"featured_media":0,"parent":0,"menu_order":0,"comment_status":"closed","ping_status":"closed","template":"elementor_header_footer","meta":{"_acf_changed":false,"footnotes":""},"class_list":["post-219982","page","type-page","status-publish","hentry"],"acf":[],"yoast_head":"<!-- This site is optimized with the Yoast SEO Premium plugin v27.3 (Yoast SEO v27.3) - https:\/\/yoast.com\/product\/yoast-seo-premium-wordpress\/ -->\n<title>Delivery &amp; Returns | Home of Wool<\/title>\n<meta name=\"description\" content=\"Learn about our delivery options, shipping times, and return policy for Home of Wool products. Find details on international orders, exchanges, and how we handle each parcel with care from our atelier to your home.\" \/>\n<meta name=\"robots\" content=\"index, follow, max-snippet:-1, max-image-preview:large, max-video-preview:-1\" \/>\n<link rel=\"canonical\" href=\"https:\/\/homeofwool.com\/nb\/leveringsretur\/\" \/>\n<meta property=\"og:locale\" content=\"nb_NO\" \/>\n<meta property=\"og:type\" content=\"article\" \/>\n<meta property=\"og:title\" content=\"Delivery Returns\" \/>\n<meta property=\"og:description\" content=\"Learn about our delivery options, shipping times, and return policy for Home of Wool products. Find details on international orders, exchanges, and how we handle each parcel with care from our atelier to your home.\" \/>\n<meta property=\"og:url\" content=\"https:\/\/homeofwool.com\/nb\/leveringsretur\/\" \/>\n<meta property=\"og:site_name\" content=\"Home of Wool\" \/>\n<meta property=\"article:publisher\" content=\"https:\/\/facebook.com\/HomeOfWoolOfficial\" \/>\n<meta property=\"article:modified_time\" content=\"2026-01-14T09:39:25+00:00\" \/>\n<meta name=\"twitter:card\" content=\"summary_large_image\" \/>\n<meta name=\"twitter:label1\" content=\"Ansl. lesetid\" \/>\n\t<meta name=\"twitter:data1\" content=\"5 minutter\" \/>\n<script type=\"application\/ld+json\" class=\"yoast-schema-graph\">{\"@context\":\"https:\\\/\\\/schema.org\",\"@graph\":[{\"@type\":\"WebPage\",\"@id\":\"https:\\\/\\\/homeofwool.com\\\/delivery-returns\\\/\",\"url\":\"https:\\\/\\\/homeofwool.com\\\/delivery-returns\\\/\",\"name\":\"Delivery & Returns | Home of Wool\",\"isPartOf\":{\"@id\":\"https:\\\/\\\/homeofwool.com\\\/#website\"},\"datePublished\":\"2025-09-27T08:34:20+00:00\",\"dateModified\":\"2026-01-14T09:39:25+00:00\",\"description\":\"Learn about our delivery options, shipping times, and return policy for Home of Wool products. Find details on international orders, exchanges, and how we handle each parcel with care from our atelier to your home.\",\"breadcrumb\":{\"@id\":\"https:\\\/\\\/homeofwool.com\\\/delivery-returns\\\/#breadcrumb\"},\"inLanguage\":\"nb-NO\",\"potentialAction\":[{\"@type\":\"ReadAction\",\"target\":[\"https:\\\/\\\/homeofwool.com\\\/delivery-returns\\\/\"]}]},{\"@type\":\"BreadcrumbList\",\"@id\":\"https:\\\/\\\/homeofwool.com\\\/delivery-returns\\\/#breadcrumb\",\"itemListElement\":[{\"@type\":\"ListItem\",\"position\":1,\"name\":\"Home\",\"item\":\"https:\\\/\\\/homeofwool.com\\\/\"},{\"@type\":\"ListItem\",\"position\":2,\"name\":\"Delivery Returns\"}]},{\"@type\":\"WebSite\",\"@id\":\"https:\\\/\\\/homeofwool.com\\\/#website\",\"url\":\"https:\\\/\\\/homeofwool.com\\\/\",\"name\":\"Home of Wool\",\"description\":\"\",\"publisher\":{\"@id\":\"https:\\\/\\\/homeofwool.com\\\/#organization\"},\"potentialAction\":[{\"@type\":\"SearchAction\",\"target\":{\"@type\":\"EntryPoint\",\"urlTemplate\":\"https:\\\/\\\/homeofwool.com\\\/?s={search_term_string}\"},\"query-input\":{\"@type\":\"PropertyValueSpecification\",\"valueRequired\":true,\"valueName\":\"search_term_string\"}}],\"inLanguage\":\"nb-NO\"},{\"@type\":\"Organization\",\"@id\":\"https:\\\/\\\/homeofwool.com\\\/#organization\",\"name\":\"Home of Wool\",\"url\":\"https:\\\/\\\/homeofwool.com\\\/\",\"logo\":{\"@type\":\"ImageObject\",\"inLanguage\":\"nb-NO\",\"@id\":\"https:\\\/\\\/homeofwool.com\\\/#\\\/schema\\\/logo\\\/image\\\/\",\"url\":\"https:\\\/\\\/homeofwool.com\\\/wp-content\\\/uploads\\\/2025\\\/09\\\/WhatsApp-Image-2025-12-02-at-16.23.20.jpeg\",\"contentUrl\":\"https:\\\/\\\/homeofwool.com\\\/wp-content\\\/uploads\\\/2025\\\/09\\\/WhatsApp-Image-2025-12-02-at-16.23.20.jpeg\",\"width\":700,\"height\":247,\"caption\":\"Home of Wool\"},\"image\":{\"@id\":\"https:\\\/\\\/homeofwool.com\\\/#\\\/schema\\\/logo\\\/image\\\/\"},\"sameAs\":[\"https:\\\/\\\/facebook.com\\\/HomeOfWoolOfficial\"]}]}<\/script>\n<!-- \/ Yoast SEO Premium plugin. -->","yoast_head_json":{"title":"Levering og retur | Home of Wool","description":"Les om v\u00e5re leveringsalternativer, leveringstider og returrett for Home of Wool-produkter. Finn detaljer om internasjonale bestillinger, bytter og hvordan vi h\u00e5ndterer hver pakke med omhu fra v\u00e5rt atelier til ditt hjem.","robots":{"index":"index","follow":"follow","max-snippet":"max-snippet:-1","max-image-preview":"max-image-preview:large","max-video-preview":"max-video-preview:-1"},"canonical":"https:\/\/homeofwool.com\/nb\/leveringsretur\/","og_locale":"nb_NO","og_type":"article","og_title":"Delivery Returns","og_description":"Learn about our delivery options, shipping times, and return policy for Home of Wool products. Find details on international orders, exchanges, and how we handle each parcel with care from our atelier to your home.","og_url":"https:\/\/homeofwool.com\/nb\/leveringsretur\/","og_site_name":"Home of Wool","article_publisher":"https:\/\/facebook.com\/HomeOfWoolOfficial","article_modified_time":"2026-01-14T09:39:25+00:00","twitter_card":"summary_large_image","twitter_misc":{"Ansl. lesetid":"5 minutter"},"schema":{"@context":"https:\/\/schema.org","@graph":[{"@type":"WebPage","@id":"https:\/\/homeofwool.com\/delivery-returns\/","url":"https:\/\/homeofwool.com\/delivery-returns\/","name":"Levering og retur | Home of Wool","isPartOf":{"@id":"https:\/\/homeofwool.com\/#website"},"datePublished":"2025-09-27T08:34:20+00:00","dateModified":"2026-01-14T09:39:25+00:00","description":"Les om v\u00e5re leveringsalternativer, leveringstider og returrett for Home of Wool-produkter. Finn detaljer om internasjonale bestillinger, bytter og hvordan vi h\u00e5ndterer hver pakke med omhu fra v\u00e5rt atelier til ditt hjem.","breadcrumb":{"@id":"https:\/\/homeofwool.com\/delivery-returns\/#breadcrumb"},"inLanguage":"nb-NO","potentialAction":[{"@type":"ReadAction","target":["https:\/\/homeofwool.com\/delivery-returns\/"]}]},{"@type":"BreadcrumbList","@id":"https:\/\/homeofwool.com\/delivery-returns\/#breadcrumb","itemListElement":[{"@type":"ListItem","position":1,"name":"Home","item":"https:\/\/homeofwool.com\/"},{"@type":"ListItem","position":2,"name":"Delivery Returns"}]},{"@type":"WebSite","@id":"https:\/\/homeofwool.com\/#website","url":"https:\/\/homeofwool.com\/","name":"Hjem til ull","description":"","publisher":{"@id":"https:\/\/homeofwool.com\/#organization"},"potentialAction":[{"@type":"SearchAction","target":{"@type":"EntryPoint","urlTemplate":"https:\/\/homeofwool.com\/?s={search_term_string}"},"query-input":{"@type":"PropertyValueSpecification","valueRequired":true,"valueName":"search_term_string"}}],"inLanguage":"nb-NO"},{"@type":"Organization","@id":"https:\/\/homeofwool.com\/#organization","name":"Hjem til ull","url":"https:\/\/homeofwool.com\/","logo":{"@type":"ImageObject","inLanguage":"nb-NO","@id":"https:\/\/homeofwool.com\/#\/schema\/logo\/image\/","url":"https:\/\/homeofwool.com\/wp-content\/uploads\/2025\/09\/WhatsApp-Image-2025-12-02-at-16.23.20.jpeg","contentUrl":"https:\/\/homeofwool.com\/wp-content\/uploads\/2025\/09\/WhatsApp-Image-2025-12-02-at-16.23.20.jpeg","width":700,"height":247,"caption":"Home of Wool"},"image":{"@id":"https:\/\/homeofwool.com\/#\/schema\/logo\/image\/"},"sameAs":["https:\/\/facebook.com\/HomeOfWoolOfficial"]}]}},"_links":{"self":[{"href":"https:\/\/homeofwool.com\/nb\/wp-json\/wp\/v2\/pages\/219982","targetHints":{"allow":["GET"]}}],"collection":[{"href":"https:\/\/homeofwool.com\/nb\/wp-json\/wp\/v2\/pages"}],"about":[{"href":"https:\/\/homeofwool.com\/nb\/wp-json\/wp\/v2\/types\/page"}],"author":[{"embeddable":true,"href":"https:\/\/homeofwool.com\/nb\/wp-json\/wp\/v2\/users\/1"}],"replies":[{"embeddable":true,"href":"https:\/\/homeofwool.com\/nb\/wp-json\/wp\/v2\/comments?post=219982"}],"version-history":[{"count":9,"href":"https:\/\/homeofwool.com\/nb\/wp-json\/wp\/v2\/pages\/219982\/revisions"}],"predecessor-version":[{"id":227291,"href":"https:\/\/homeofwool.com\/nb\/wp-json\/wp\/v2\/pages\/219982\/revisions\/227291"}],"wp:attachment":[{"href":"https:\/\/homeofwool.com\/nb\/wp-json\/wp\/v2\/media?parent=219982"}],"curies":[{"name":"wp","href":"https:\/\/api.w.org\/{rel}","templated":true}]}}