{"id":226899,"date":"2025-12-23T11:57:55","date_gmt":"2025-12-23T11:57:55","guid":{"rendered":"https:\/\/homeofwool.com\/?post_type=product&#038;p=226899"},"modified":"2026-04-03T13:50:15","modified_gmt":"2026-04-03T13:50:15","slug":"culla-babybay","status":"publish","type":"product","link":"https:\/\/homeofwool.com\/it\/shop\/bassinet-babybay\/","title":{"rendered":"Culla Babybay in lana"},"content":{"rendered":"<p class=\"ql-block\" data-block-id=\"block-aab92655-3c2c-4d7e-bed8-c47482e6fcae\">Questo materasso per culla Babybay \u00e8 stato sviluppato come un materasso per culla biologico in grado di adattarsi perfettamente al letto del vostro bambino. Si posiziona saldamente all'interno del telaio e crea una superficie di riposo stabile e naturale che rassicura. L'interno \u00e8 realizzato con un'imbottitura di lana a strati, un materiale che gestisce da solo il calore e l'umidit\u00e0 per ottenere la temperatura perfetta per il sonno. La lana svolge questa funzione in modo naturale, senza bisogno di additivi.<\/p>\n<p class=\"ql-block\" data-block-id=\"block-129cc5a5-204a-49df-a0fe-9892dd16fdb0\">Per i bambini che dormono vicino ai genitori, il flusso d'aria e il comfort sono pi\u00f9 importanti di quanto si pensi. La lana aiuta a prevenire la sensazione di umidit\u00e0 e surriscaldamento tipica della schiuma, pur mantenendo un morbido isolamento. La superficie sostiene il bambino senza essere rigida. Nel tempo, la lana mantiene la sua struttura, pur rimanendo delicata al tatto.<\/p>\n<p class=\"ql-block\" data-block-id=\"block-85e866fd-4248-4b13-9d27-1cb67ed0e4dc\">Essendo un materasso biologico per babybay, \u00e8 naturalmente ipoallergenico e adatto alle famiglie che soffrono di allergie, asma o sensibilit\u00e0 generale. Non ci sono strati di plastica n\u00e9 finiture chimiche. Solo lana e tessuti naturali.<\/p>\n<p class=\"ql-block\" data-block-id=\"block-53cf7e38-9c6b-4a0e-b845-1603d1e93756\">Sono disponibili tutte le dimensioni della culla Babybay, comprese le versioni rettangolari e i modelli con due angoli arrotondati. Su richiesta, realizziamo anche misure personalizzate.<\/p>","protected":false},"excerpt":{"rendered":"<p>Questo materasso biologico per culla Babybay \u00e8 realizzato per adattarsi alla culla nel modo in cui deve essere utilizzata. L'inserto in lana per culla Babybay \u00e8 riempito con un'imbottitura in pura lana che offre un comfort tranquillo e traspirante. Sono disponibili tutte le misure e le richieste di personalizzazione sono sempre ben accette.<\/p>","protected":false},"featured_media":226902,"template":"","meta":{"_acf_changed":false},"product_brand":[],"product_cat":[459],"product_tag":[149],"class_list":{"0":"post-226899","1":"product","2":"type-product","3":"status-publish","4":"has-post-thumbnail","6":"product_cat-mattresses-toppers","7":"product_tag-steps","9":"first","10":"instock","11":"shipping-taxable","12":"purchasable","13":"product-type-simple"},"acf":[],"yoast_head":"<!-- This site is optimized with the Yoast SEO Premium plugin v27.3 (Yoast SEO v27.3) - https:\/\/yoast.com\/product\/yoast-seo-premium-wordpress\/ -->\n<title>Wool Babybay Bassinet Mattress \u2013 Natural Wool Insert | Home of Wool<\/title>\n<meta name=\"description\" content=\"Organic Babybay bassinet mattress insert filled with pure wool batting\u2014breathable, moisture-managing comfort. Fits all Babybay sizes; custom shapes available.\" \/>\n<meta name=\"robots\" content=\"index, follow, max-snippet:-1, max-image-preview:large, max-video-preview:-1\" \/>\n<link rel=\"canonical\" href=\"https:\/\/homeofwool.com\/it\/negozio\/culla-babybay\/\" \/>\n<meta property=\"og:locale\" content=\"it_IT\" \/>\n<meta property=\"og:type\" content=\"article\" \/>\n<meta property=\"og:title\" content=\"Wool Babybay Bassinet\" \/>\n<meta property=\"og:description\" content=\"Organic Babybay bassinet mattress insert filled with pure wool batting\u2014breathable, moisture-managing comfort. Fits all Babybay sizes; custom shapes available.\" \/>\n<meta property=\"og:url\" content=\"https:\/\/homeofwool.com\/it\/negozio\/culla-babybay\/\" \/>\n<meta property=\"og:site_name\" content=\"Home of Wool\" \/>\n<meta property=\"article:publisher\" content=\"https:\/\/facebook.com\/HomeOfWoolOfficial\" \/>\n<meta property=\"article:modified_time\" content=\"2026-04-03T13:50:15+00:00\" \/>\n<meta property=\"og:image\" content=\"https:\/\/homeofwool.com\/wp-content\/uploads\/2025\/12\/home-of-wool-babybay-bassinet-main.webp\" \/>\n\t<meta property=\"og:image:width\" content=\"1920\" \/>\n\t<meta property=\"og:image:height\" content=\"1536\" \/>\n\t<meta property=\"og:image:type\" content=\"image\/webp\" \/>\n<meta name=\"twitter:card\" content=\"summary_large_image\" \/>\n<meta name=\"twitter:label1\" content=\"Tempo di lettura stimato\" \/>\n\t<meta name=\"twitter:data1\" content=\"1 minuto\" \/>\n<script type=\"application\/ld+json\" class=\"yoast-schema-graph\">{\"@context\":\"https:\\\/\\\/schema.org\",\"@graph\":[{\"@type\":\"WebPage\",\"@id\":\"https:\\\/\\\/homeofwool.com\\\/shop\\\/bassinet-babybay\\\/\",\"url\":\"https:\\\/\\\/homeofwool.com\\\/shop\\\/bassinet-babybay\\\/\",\"name\":\"Wool Babybay Bassinet Mattress \u2013 Natural Wool Insert | Home of Wool\",\"isPartOf\":{\"@id\":\"https:\\\/\\\/homeofwool.com\\\/#website\"},\"primaryImageOfPage\":{\"@id\":\"https:\\\/\\\/homeofwool.com\\\/shop\\\/bassinet-babybay\\\/#primaryimage\"},\"image\":{\"@id\":\"https:\\\/\\\/homeofwool.com\\\/shop\\\/bassinet-babybay\\\/#primaryimage\"},\"thumbnailUrl\":\"https:\\\/\\\/homeofwool.com\\\/wp-content\\\/uploads\\\/2025\\\/12\\\/home-of-wool-babybay-bassinet-main.webp\",\"datePublished\":\"2025-12-23T11:57:55+00:00\",\"dateModified\":\"2026-04-03T13:50:15+00:00\",\"description\":\"Organic Babybay bassinet mattress insert filled with pure wool batting\u2014breathable, moisture-managing comfort. Fits all Babybay sizes; custom shapes available.\",\"breadcrumb\":{\"@id\":\"https:\\\/\\\/homeofwool.com\\\/shop\\\/bassinet-babybay\\\/#breadcrumb\"},\"inLanguage\":\"it-IT\",\"potentialAction\":[{\"@type\":\"ReadAction\",\"target\":[\"https:\\\/\\\/homeofwool.com\\\/shop\\\/bassinet-babybay\\\/\"]}]},{\"@type\":\"ImageObject\",\"inLanguage\":\"it-IT\",\"@id\":\"https:\\\/\\\/homeofwool.com\\\/shop\\\/bassinet-babybay\\\/#primaryimage\",\"url\":\"https:\\\/\\\/homeofwool.com\\\/wp-content\\\/uploads\\\/2025\\\/12\\\/home-of-wool-babybay-bassinet-main.webp\",\"contentUrl\":\"https:\\\/\\\/homeofwool.com\\\/wp-content\\\/uploads\\\/2025\\\/12\\\/home-of-wool-babybay-bassinet-main.webp\",\"width\":1920,\"height\":1536,\"caption\":\"home of wool babybay bassinet next to a bed in a bedroom with a plant and a window with brown curtain in the background\"},{\"@type\":\"BreadcrumbList\",\"@id\":\"https:\\\/\\\/homeofwool.com\\\/shop\\\/bassinet-babybay\\\/#breadcrumb\",\"itemListElement\":[{\"@type\":\"ListItem\",\"position\":1,\"name\":\"Home\",\"item\":\"https:\\\/\\\/homeofwool.com\\\/\"},{\"@type\":\"ListItem\",\"position\":2,\"name\":\"Products\",\"item\":\"https:\\\/\\\/homeofwool.com\\\/header-search-2\\\/\"},{\"@type\":\"ListItem\",\"position\":3,\"name\":\"Wool Babybay Bassinet\"}]},{\"@type\":\"WebSite\",\"@id\":\"https:\\\/\\\/homeofwool.com\\\/#website\",\"url\":\"https:\\\/\\\/homeofwool.com\\\/\",\"name\":\"Home of Wool\",\"description\":\"\",\"publisher\":{\"@id\":\"https:\\\/\\\/homeofwool.com\\\/#organization\"},\"potentialAction\":[{\"@type\":\"SearchAction\",\"target\":{\"@type\":\"EntryPoint\",\"urlTemplate\":\"https:\\\/\\\/homeofwool.com\\\/?s={search_term_string}\"},\"query-input\":{\"@type\":\"PropertyValueSpecification\",\"valueRequired\":true,\"valueName\":\"search_term_string\"}}],\"inLanguage\":\"it-IT\"},{\"@type\":\"Organization\",\"@id\":\"https:\\\/\\\/homeofwool.com\\\/#organization\",\"name\":\"Home of Wool\",\"url\":\"https:\\\/\\\/homeofwool.com\\\/\",\"logo\":{\"@type\":\"ImageObject\",\"inLanguage\":\"it-IT\",\"@id\":\"https:\\\/\\\/homeofwool.com\\\/#\\\/schema\\\/logo\\\/image\\\/\",\"url\":\"https:\\\/\\\/homeofwool.com\\\/wp-content\\\/uploads\\\/2025\\\/09\\\/WhatsApp-Image-2025-12-02-at-16.23.20.jpeg\",\"contentUrl\":\"https:\\\/\\\/homeofwool.com\\\/wp-content\\\/uploads\\\/2025\\\/09\\\/WhatsApp-Image-2025-12-02-at-16.23.20.jpeg\",\"width\":700,\"height\":247,\"caption\":\"Home of Wool\"},\"image\":{\"@id\":\"https:\\\/\\\/homeofwool.com\\\/#\\\/schema\\\/logo\\\/image\\\/\"},\"sameAs\":[\"https:\\\/\\\/facebook.com\\\/HomeOfWoolOfficial\"]}]}<\/script>\n<!-- \/ Yoast SEO Premium plugin. -->","yoast_head_json":{"title":"Materasso per culla Babybay in lana - Inserto in lana naturale | Home of Wool","description":"Inserto per materasso per culla Babybay biologico riempito di ovatta di pura lana, traspirante e in grado di gestire l'umidit\u00e0. Si adatta a tutte le misure Babybay; sono disponibili forme personalizzate.","robots":{"index":"index","follow":"follow","max-snippet":"max-snippet:-1","max-image-preview":"max-image-preview:large","max-video-preview":"max-video-preview:-1"},"canonical":"https:\/\/homeofwool.com\/it\/negozio\/culla-babybay\/","og_locale":"it_IT","og_type":"article","og_title":"Wool Babybay Bassinet","og_description":"Organic Babybay bassinet mattress insert filled with pure wool batting\u2014breathable, moisture-managing comfort. Fits all Babybay sizes; custom shapes available.","og_url":"https:\/\/homeofwool.com\/it\/negozio\/culla-babybay\/","og_site_name":"Home of Wool","article_publisher":"https:\/\/facebook.com\/HomeOfWoolOfficial","article_modified_time":"2026-04-03T13:50:15+00:00","og_image":[{"width":1920,"height":1536,"url":"https:\/\/homeofwool.com\/wp-content\/uploads\/2025\/12\/home-of-wool-babybay-bassinet-main.webp","type":"image\/webp"}],"twitter_card":"summary_large_image","twitter_misc":{"Tempo di lettura stimato":"1 minuto"},"schema":{"@context":"https:\/\/schema.org","@graph":[{"@type":"WebPage","@id":"https:\/\/homeofwool.com\/shop\/bassinet-babybay\/","url":"https:\/\/homeofwool.com\/shop\/bassinet-babybay\/","name":"Materasso per culla Babybay in lana - Inserto in lana naturale | Home of Wool","isPartOf":{"@id":"https:\/\/homeofwool.com\/#website"},"primaryImageOfPage":{"@id":"https:\/\/homeofwool.com\/shop\/bassinet-babybay\/#primaryimage"},"image":{"@id":"https:\/\/homeofwool.com\/shop\/bassinet-babybay\/#primaryimage"},"thumbnailUrl":"https:\/\/homeofwool.com\/wp-content\/uploads\/2025\/12\/home-of-wool-babybay-bassinet-main.webp","datePublished":"2025-12-23T11:57:55+00:00","dateModified":"2026-04-03T13:50:15+00:00","description":"Inserto per materasso per culla Babybay biologico riempito di ovatta di pura lana, traspirante e in grado di gestire l'umidit\u00e0. Si adatta a tutte le misure Babybay; sono disponibili forme personalizzate.","breadcrumb":{"@id":"https:\/\/homeofwool.com\/shop\/bassinet-babybay\/#breadcrumb"},"inLanguage":"it-IT","potentialAction":[{"@type":"ReadAction","target":["https:\/\/homeofwool.com\/shop\/bassinet-babybay\/"]}]},{"@type":"ImageObject","inLanguage":"it-IT","@id":"https:\/\/homeofwool.com\/shop\/bassinet-babybay\/#primaryimage","url":"https:\/\/homeofwool.com\/wp-content\/uploads\/2025\/12\/home-of-wool-babybay-bassinet-main.webp","contentUrl":"https:\/\/homeofwool.com\/wp-content\/uploads\/2025\/12\/home-of-wool-babybay-bassinet-main.webp","width":1920,"height":1536,"caption":"home of wool babybay bassinet next to a bed in a bedroom with a plant and a window with brown curtain in the background"},{"@type":"BreadcrumbList","@id":"https:\/\/homeofwool.com\/shop\/bassinet-babybay\/#breadcrumb","itemListElement":[{"@type":"ListItem","position":1,"name":"Home","item":"https:\/\/homeofwool.com\/"},{"@type":"ListItem","position":2,"name":"Products","item":"https:\/\/homeofwool.com\/header-search-2\/"},{"@type":"ListItem","position":3,"name":"Wool Babybay Bassinet"}]},{"@type":"WebSite","@id":"https:\/\/homeofwool.com\/#website","url":"https:\/\/homeofwool.com\/","name":"Casa della lana","description":"","publisher":{"@id":"https:\/\/homeofwool.com\/#organization"},"potentialAction":[{"@type":"SearchAction","target":{"@type":"EntryPoint","urlTemplate":"https:\/\/homeofwool.com\/?s={search_term_string}"},"query-input":{"@type":"PropertyValueSpecification","valueRequired":true,"valueName":"search_term_string"}}],"inLanguage":"it-IT"},{"@type":"Organization","@id":"https:\/\/homeofwool.com\/#organization","name":"Casa della lana","url":"https:\/\/homeofwool.com\/","logo":{"@type":"ImageObject","inLanguage":"it-IT","@id":"https:\/\/homeofwool.com\/#\/schema\/logo\/image\/","url":"https:\/\/homeofwool.com\/wp-content\/uploads\/2025\/09\/WhatsApp-Image-2025-12-02-at-16.23.20.jpeg","contentUrl":"https:\/\/homeofwool.com\/wp-content\/uploads\/2025\/09\/WhatsApp-Image-2025-12-02-at-16.23.20.jpeg","width":700,"height":247,"caption":"Home of Wool"},"image":{"@id":"https:\/\/homeofwool.com\/#\/schema\/logo\/image\/"},"sameAs":["https:\/\/facebook.com\/HomeOfWoolOfficial"]}]}},"_links":{"self":[{"href":"https:\/\/homeofwool.com\/it\/wp-json\/wp\/v2\/product\/226899","targetHints":{"allow":["GET"]}}],"collection":[{"href":"https:\/\/homeofwool.com\/it\/wp-json\/wp\/v2\/product"}],"about":[{"href":"https:\/\/homeofwool.com\/it\/wp-json\/wp\/v2\/types\/product"}],"version-history":[{"count":2,"href":"https:\/\/homeofwool.com\/it\/wp-json\/wp\/v2\/product\/226899\/revisions"}],"predecessor-version":[{"id":229315,"href":"https:\/\/homeofwool.com\/it\/wp-json\/wp\/v2\/product\/226899\/revisions\/229315"}],"wp:featuredmedia":[{"embeddable":true,"href":"https:\/\/homeofwool.com\/it\/wp-json\/wp\/v2\/media\/226902"}],"wp:attachment":[{"href":"https:\/\/homeofwool.com\/it\/wp-json\/wp\/v2\/media?parent=226899"}],"wp:term":[{"taxonomy":"product_brand","embeddable":true,"href":"https:\/\/homeofwool.com\/it\/wp-json\/wp\/v2\/product_brand?post=226899"},{"taxonomy":"product_cat","embeddable":true,"href":"https:\/\/homeofwool.com\/it\/wp-json\/wp\/v2\/product_cat?post=226899"},{"taxonomy":"product_tag","embeddable":true,"href":"https:\/\/homeofwool.com\/it\/wp-json\/wp\/v2\/product_tag?post=226899"}],"curies":[{"name":"wp","href":"https:\/\/api.w.org\/{rel}","templated":true}]}}