{"id":217746,"date":"2025-09-02T12:02:24","date_gmt":"2025-09-02T12:02:24","guid":{"rendered":"https:\/\/homeofwool.com\/?post_type=product&#038;p=217746"},"modified":"2026-03-20T10:39:33","modified_gmt":"2026-03-20T10:39:33","slug":"vendita-di-grandi-pouf","status":"publish","type":"product","link":"https:\/\/homeofwool.com\/it\/shop\/large-bean-bag-sale\/","title":{"rendered":"Sedia a sacco in lana di grandi dimensioni in vendita"},"content":{"rendered":"<p>Tutti i nostri prodotti sono realizzati esclusivamente con materiali naturali, sostenibili, rinnovabili, biodegradabili, riciclabili, PRIVI DI SOSTANZE CHIMICHE (tra cui ritardanti di fiamma, coloranti, candeggianti, COV, finiture, lana carbonizzata) e PRIVI DI SOSTANZE SINTETICHE (tra cui plastica, lattice, vinile, molle). Certificati nella categoria pi\u00f9 rigorosa, per una maggiore tranquillit\u00e0.<\/p>\n<p>Realizziamo prodotti costruiti per durare nel tempo con materiali di alta qualit\u00e0. Tuttavia, per poterli utilizzare il pi\u00f9 a lungo possibile, \u00e8 necessario seguire alcune buone pratiche.<\/p>\n<h3>CARATTERISTICHE:<\/h3>\n<ul>\n<li style=\"text-align: left;\"><strong>Tessuto a mano<\/strong> con filo di lino naturale per mantenere l'imbottitura al suo posto.<\/li>\n<li style=\"text-align: left;\">Metallo resistente <strong>cerniera<\/strong> sul retro in modo da poter facilmente regolare, aggiungere o rimuovere la lana se necessario (cerniere in plastica su richiesta)<\/li>\n<li style=\"text-align: left;\">Gratuito <strong>kit di riparazione<\/strong>.<\/li>\n<\/ul>\n<h3>RIEMPIMENTO:<\/h3>\n<p>15,2 kg (33,5 libbre) 100% Scarti di imbottitura in lana GOTS<\/p>\n<h3>OPZIONI TESSUTO ESTERNO:<\/h3>\n<p>100% Cotone biologico (certificato GOTS)<br \/>\n100% Lino, testurizzato (certificato Oeko-Tex)<br \/>\n100% Lino (certificato Oeko-Tex)<br \/>\n100% Lana vergine (certificata Oeko-Tex)<\/p>\n<h3>TESSUTO INTERNO:<\/h3>\n<p>100% Cotone biologico (certificato GOTS)<\/p>\n<h3>PRODUZIONE E SPEDIZIONE:<\/h3>\n<p>Tempi di produzione standard: 1-2 settimane<br \/>\nTempi di spedizione gratuita:  1-4 settimane<br \/>\nTempi di spedizione espressa: 3-4 giorni<\/p>\n<p>&nbsp;<\/p>\n<p>*Si tratta di articoli realizzati a mano. Si prega di tenere conto di eventuali variazioni nelle dimensioni. Qualsiasi variazione nelle dimensioni inferiore a 5% \u00e8 considerata accettabile.<\/p>\n<p>*Tutti gli articoli imbottiti in lana sono soggetti a un certo grado di compressione. Tuttavia, imbottiamo gli articoli in modo compatto con lana, in modo che risultino pi\u00f9 spessi di quanto pubblicizzato e nei primi mesi di utilizzo si comprimano fino a raggiungere lo spessore pubblicizzato.<\/p>\n<p>*Le fibre di lana sono disponibili in vari colori naturali e hanno l'odore naturale delle pecore, che scomparir\u00e0 nel giro di un paio di mesi.<\/p>","protected":false},"excerpt":{"rendered":"<p>Completamente privo di sostanze chimiche, senza emissioni gassose e zero COV. Ipoallergenico, adatto a persone con sensibilit\u00e0 chimica, compresa la MCS. Naturalmente resistente agli acari della polvere e alla muffa, antimicrobico, antibatterico e ignifugo.<\/p>\n<p><strong>DIMENSIONI:<\/strong> 51 x 51 x 15,7\u2033 (130 x 130 x 40 cm)<\/p>\n<div class=\"global-icon-set\">\n<div class=\"global-icon-set__items\">\n<div class=\"global-icon-set__item\">\n<div class=\"global-icon-set__image\">\n                                    <img decoding=\"async\" src=\"https:\/\/homeofwool.com\/wp-content\/uploads\/2025\/09\/VOCs-min-300x300.png\" alt=\"voci libere\" \/>\n                                <\/div>\n<div class=\"global-icon-set__title\">Senza COV<\/div>\n<\/p><\/div>\n<div class=\"global-icon-set__item\">\n<div class=\"global-icon-set__image\">\n                                    <img decoding=\"async\" src=\"https:\/\/homeofwool.com\/wp-content\/uploads\/2025\/09\/FR-min-300x300.png\" alt=\"icona resistente al fuoco\" \/>\n                                <\/div>\n<div class=\"global-icon-set__title\">Resistente alla fiamma<\/div>\n<\/p><\/div>\n<div class=\"global-icon-set__item\">\n<div class=\"global-icon-set__image\">\n                                    <img decoding=\"async\" src=\"https:\/\/homeofwool.com\/wp-content\/uploads\/2025\/09\/Hypoallergenic-min-300x300.png\" alt=\"icona ipoallergenica\" \/>\n                                <\/div>\n<div class=\"global-icon-set__title\">Ipoallergenico<\/div>\n<\/p><\/div>\n<div class=\"global-icon-set__item\">\n<div class=\"global-icon-set__image\">\n                                    <img decoding=\"async\" src=\"https:\/\/homeofwool.com\/wp-content\/uploads\/2025\/09\/free-of-synthetics-icon-300x300.png\" alt=\"icona priva di sostanze sintetiche\" \/>\n                                <\/div>\n<div class=\"global-icon-set__title\">Privo di sostanze sintetiche<\/div>\n<\/p><\/div>\n<div class=\"global-icon-set__item\">\n<div class=\"global-icon-set__image\">\n                                    <img decoding=\"async\" src=\"https:\/\/homeofwool.com\/wp-content\/uploads\/2025\/09\/chemical-free-icon-300x300.png\" alt=\"icona senza sostanze chimiche\" \/>\n                                <\/div>\n<div class=\"global-icon-set__title\">Senza sostanze chimiche<\/div>\n<\/p><\/div>\n<div class=\"global-icon-set__item\">\n<div class=\"global-icon-set__image\">\n                                    <img decoding=\"async\" src=\"https:\/\/homeofwool.com\/wp-content\/uploads\/2025\/09\/anti-bacterial-icon-300x300.png\" alt=\"icona antibatterica\" \/>\n                                <\/div>\n<div class=\"global-icon-set__title\">Antimicrobico e antibatterico<\/div>\n<\/p><\/div>\n<div class=\"global-icon-set__item\">\n<div class=\"global-icon-set__image\">\n                                    <img decoding=\"async\" src=\"https:\/\/homeofwool.com\/wp-content\/uploads\/2025\/09\/certified-materials-icon-300x300.png\" alt=\"icona dei materiali certificati\" \/>\n                                <\/div>\n<div class=\"global-icon-set__title\">100% Materiali puri certificati<\/div>\n<\/p><\/div>\n<\/p><\/div>\n<\/p><\/div>","protected":false},"featured_media":225187,"template":"","meta":{"_acf_changed":false},"product_brand":[],"product_cat":[557,20,174,815],"product_tag":[735,741,212,738,816,739,740,743],"class_list":{"0":"post-217746","1":"product","2":"type-product","3":"status-publish","4":"has-post-thumbnail","6":"product_cat-new","7":"product_cat-pillows-poufs","8":"product_cat-zero-waste","9":"product_cat-zero-waste-poufs","10":"product_tag-adult-bean-bag","11":"product_tag-bean-bag-chair","12":"product_tag-custom-pouf","13":"product_tag-eco-beanbag","14":"product_tag-floor-pouf","15":"product_tag-natural-pouf","16":"product_tag-organic-bean-bag","17":"product_tag-teen-bean-bag","19":"first","20":"outofstock","21":"sale","22":"shipping-taxable","23":"purchasable","24":"product-type-variable"},"acf":[],"yoast_head":"<!-- This site is optimized with the Yoast SEO Premium plugin v27.3 (Yoast SEO v27.3) - https:\/\/yoast.com\/product\/yoast-seo-premium-wordpress\/ -->\n<title>Large Wool Bean Bag \u2013 ON SALE, Toxin-Free | Home of Wool<\/title>\n<meta name=\"description\" content=\"Enjoy comfort with our Large Wool Bean Bag. Toxin-free, hypoallergenic, and resistant to dust mites and mildew. Get yours on sale today!\" \/>\n<meta name=\"robots\" content=\"index, follow, max-snippet:-1, max-image-preview:large, max-video-preview:-1\" \/>\n<link rel=\"canonical\" href=\"https:\/\/homeofwool.com\/it\/negozio\/vendita-di-grandi-pouf\/\" \/>\n<meta property=\"og:locale\" content=\"it_IT\" \/>\n<meta property=\"og:type\" content=\"article\" \/>\n<meta property=\"og:title\" content=\"Large Wool Bean Bag Chair | SALE\" \/>\n<meta property=\"og:description\" content=\"Enjoy comfort with our Large Wool Bean Bag. Toxin-free, hypoallergenic, and resistant to dust mites and mildew. Get yours on sale today!\" \/>\n<meta property=\"og:url\" content=\"https:\/\/homeofwool.com\/it\/negozio\/vendita-di-grandi-pouf\/\" \/>\n<meta property=\"og:site_name\" content=\"Home of Wool\" \/>\n<meta property=\"article:publisher\" content=\"https:\/\/facebook.com\/HomeOfWoolOfficial\" \/>\n<meta property=\"article:modified_time\" content=\"2026-03-20T10:39:33+00:00\" \/>\n<meta property=\"og:image\" content=\"https:\/\/homeofwool.com\/wp-content\/uploads\/2025\/09\/home-of-wool-large-wool-bean-bag-chair-1-main-en-1.jpg\" \/>\n\t<meta property=\"og:image:width\" content=\"2000\" \/>\n\t<meta property=\"og:image:height\" content=\"1600\" \/>\n\t<meta property=\"og:image:type\" content=\"image\/jpeg\" \/>\n<meta name=\"twitter:card\" content=\"summary_large_image\" \/>\n<meta name=\"twitter:label1\" content=\"Tempo di lettura stimato\" \/>\n\t<meta name=\"twitter:data1\" content=\"2 minuti\" \/>\n<script type=\"application\/ld+json\" class=\"yoast-schema-graph\">{\"@context\":\"https:\\\/\\\/schema.org\",\"@graph\":[{\"@type\":\"WebPage\",\"@id\":\"https:\\\/\\\/homeofwool.com\\\/shop\\\/large-bean-bag-sale\\\/\",\"url\":\"https:\\\/\\\/homeofwool.com\\\/shop\\\/large-bean-bag-sale\\\/\",\"name\":\"Large Wool Bean Bag \u2013 ON SALE, Toxin-Free | Home of Wool\",\"isPartOf\":{\"@id\":\"https:\\\/\\\/homeofwool.com\\\/#website\"},\"primaryImageOfPage\":{\"@id\":\"https:\\\/\\\/homeofwool.com\\\/shop\\\/large-bean-bag-sale\\\/#primaryimage\"},\"image\":{\"@id\":\"https:\\\/\\\/homeofwool.com\\\/shop\\\/large-bean-bag-sale\\\/#primaryimage\"},\"thumbnailUrl\":\"https:\\\/\\\/homeofwool.com\\\/wp-content\\\/uploads\\\/2025\\\/09\\\/home-of-wool-large-wool-bean-bag-chair-1-main-en-1.jpg\",\"datePublished\":\"2025-09-02T12:02:24+00:00\",\"dateModified\":\"2026-03-20T10:39:33+00:00\",\"description\":\"Enjoy comfort with our Large Wool Bean Bag. Toxin-free, hypoallergenic, and resistant to dust mites and mildew. Get yours on sale today!\",\"breadcrumb\":{\"@id\":\"https:\\\/\\\/homeofwool.com\\\/shop\\\/large-bean-bag-sale\\\/#breadcrumb\"},\"inLanguage\":\"it-IT\",\"potentialAction\":[{\"@type\":\"ReadAction\",\"target\":[\"https:\\\/\\\/homeofwool.com\\\/shop\\\/large-bean-bag-sale\\\/\"]}]},{\"@type\":\"ImageObject\",\"inLanguage\":\"it-IT\",\"@id\":\"https:\\\/\\\/homeofwool.com\\\/shop\\\/large-bean-bag-sale\\\/#primaryimage\",\"url\":\"https:\\\/\\\/homeofwool.com\\\/wp-content\\\/uploads\\\/2025\\\/09\\\/home-of-wool-large-wool-bean-bag-chair-1-main-en-1.jpg\",\"contentUrl\":\"https:\\\/\\\/homeofwool.com\\\/wp-content\\\/uploads\\\/2025\\\/09\\\/home-of-wool-large-wool-bean-bag-chair-1-main-en-1.jpg\",\"width\":2000,\"height\":1600},{\"@type\":\"BreadcrumbList\",\"@id\":\"https:\\\/\\\/homeofwool.com\\\/shop\\\/large-bean-bag-sale\\\/#breadcrumb\",\"itemListElement\":[{\"@type\":\"ListItem\",\"position\":1,\"name\":\"Home\",\"item\":\"https:\\\/\\\/homeofwool.com\\\/\"},{\"@type\":\"ListItem\",\"position\":2,\"name\":\"Products\",\"item\":\"https:\\\/\\\/homeofwool.com\\\/header-search-2\\\/\"},{\"@type\":\"ListItem\",\"position\":3,\"name\":\"Large Wool Bean Bag Chair | SALE\"}]},{\"@type\":\"WebSite\",\"@id\":\"https:\\\/\\\/homeofwool.com\\\/#website\",\"url\":\"https:\\\/\\\/homeofwool.com\\\/\",\"name\":\"Home of Wool\",\"description\":\"\",\"publisher\":{\"@id\":\"https:\\\/\\\/homeofwool.com\\\/#organization\"},\"potentialAction\":[{\"@type\":\"SearchAction\",\"target\":{\"@type\":\"EntryPoint\",\"urlTemplate\":\"https:\\\/\\\/homeofwool.com\\\/?s={search_term_string}\"},\"query-input\":{\"@type\":\"PropertyValueSpecification\",\"valueRequired\":true,\"valueName\":\"search_term_string\"}}],\"inLanguage\":\"it-IT\"},{\"@type\":\"Organization\",\"@id\":\"https:\\\/\\\/homeofwool.com\\\/#organization\",\"name\":\"Home of Wool\",\"url\":\"https:\\\/\\\/homeofwool.com\\\/\",\"logo\":{\"@type\":\"ImageObject\",\"inLanguage\":\"it-IT\",\"@id\":\"https:\\\/\\\/homeofwool.com\\\/#\\\/schema\\\/logo\\\/image\\\/\",\"url\":\"https:\\\/\\\/homeofwool.com\\\/wp-content\\\/uploads\\\/2025\\\/09\\\/WhatsApp-Image-2025-12-02-at-16.23.20.jpeg\",\"contentUrl\":\"https:\\\/\\\/homeofwool.com\\\/wp-content\\\/uploads\\\/2025\\\/09\\\/WhatsApp-Image-2025-12-02-at-16.23.20.jpeg\",\"width\":700,\"height\":247,\"caption\":\"Home of Wool\"},\"image\":{\"@id\":\"https:\\\/\\\/homeofwool.com\\\/#\\\/schema\\\/logo\\\/image\\\/\"},\"sameAs\":[\"https:\\\/\\\/facebook.com\\\/HomeOfWoolOfficial\"]}]}<\/script>\n<!-- \/ Yoast SEO Premium plugin. -->","yoast_head_json":{"title":"Pouf grande in lana \u2013 IN SALDO, privo di sostanze tossiche | Home of Wool","description":"Goditi il comfort con il nostro grande pouf in lana. Privo di sostanze tossiche, ipoallergenico e resistente agli acari della polvere e alla muffa. Acquistalo oggi stesso in offerta!","robots":{"index":"index","follow":"follow","max-snippet":"max-snippet:-1","max-image-preview":"max-image-preview:large","max-video-preview":"max-video-preview:-1"},"canonical":"https:\/\/homeofwool.com\/it\/negozio\/vendita-di-grandi-pouf\/","og_locale":"it_IT","og_type":"article","og_title":"Large Wool Bean Bag Chair | SALE","og_description":"Enjoy comfort with our Large Wool Bean Bag. Toxin-free, hypoallergenic, and resistant to dust mites and mildew. Get yours on sale today!","og_url":"https:\/\/homeofwool.com\/it\/negozio\/vendita-di-grandi-pouf\/","og_site_name":"Home of Wool","article_publisher":"https:\/\/facebook.com\/HomeOfWoolOfficial","article_modified_time":"2026-03-20T10:39:33+00:00","og_image":[{"width":2000,"height":1600,"url":"https:\/\/homeofwool.com\/wp-content\/uploads\/2025\/09\/home-of-wool-large-wool-bean-bag-chair-1-main-en-1.jpg","type":"image\/jpeg"}],"twitter_card":"summary_large_image","twitter_misc":{"Tempo di lettura stimato":"2 minuti"},"schema":{"@context":"https:\/\/schema.org","@graph":[{"@type":"WebPage","@id":"https:\/\/homeofwool.com\/shop\/large-bean-bag-sale\/","url":"https:\/\/homeofwool.com\/shop\/large-bean-bag-sale\/","name":"Pouf grande in lana \u2013 IN SALDO, privo di sostanze tossiche | Home of Wool","isPartOf":{"@id":"https:\/\/homeofwool.com\/#website"},"primaryImageOfPage":{"@id":"https:\/\/homeofwool.com\/shop\/large-bean-bag-sale\/#primaryimage"},"image":{"@id":"https:\/\/homeofwool.com\/shop\/large-bean-bag-sale\/#primaryimage"},"thumbnailUrl":"https:\/\/homeofwool.com\/wp-content\/uploads\/2025\/09\/home-of-wool-large-wool-bean-bag-chair-1-main-en-1.jpg","datePublished":"2025-09-02T12:02:24+00:00","dateModified":"2026-03-20T10:39:33+00:00","description":"Goditi il comfort con il nostro grande pouf in lana. Privo di sostanze tossiche, ipoallergenico e resistente agli acari della polvere e alla muffa. Acquistalo oggi stesso in offerta!","breadcrumb":{"@id":"https:\/\/homeofwool.com\/shop\/large-bean-bag-sale\/#breadcrumb"},"inLanguage":"it-IT","potentialAction":[{"@type":"ReadAction","target":["https:\/\/homeofwool.com\/shop\/large-bean-bag-sale\/"]}]},{"@type":"ImageObject","inLanguage":"it-IT","@id":"https:\/\/homeofwool.com\/shop\/large-bean-bag-sale\/#primaryimage","url":"https:\/\/homeofwool.com\/wp-content\/uploads\/2025\/09\/home-of-wool-large-wool-bean-bag-chair-1-main-en-1.jpg","contentUrl":"https:\/\/homeofwool.com\/wp-content\/uploads\/2025\/09\/home-of-wool-large-wool-bean-bag-chair-1-main-en-1.jpg","width":2000,"height":1600},{"@type":"BreadcrumbList","@id":"https:\/\/homeofwool.com\/shop\/large-bean-bag-sale\/#breadcrumb","itemListElement":[{"@type":"ListItem","position":1,"name":"Home","item":"https:\/\/homeofwool.com\/"},{"@type":"ListItem","position":2,"name":"Products","item":"https:\/\/homeofwool.com\/header-search-2\/"},{"@type":"ListItem","position":3,"name":"Large Wool Bean Bag Chair | SALE"}]},{"@type":"WebSite","@id":"https:\/\/homeofwool.com\/#website","url":"https:\/\/homeofwool.com\/","name":"Casa della lana","description":"","publisher":{"@id":"https:\/\/homeofwool.com\/#organization"},"potentialAction":[{"@type":"SearchAction","target":{"@type":"EntryPoint","urlTemplate":"https:\/\/homeofwool.com\/?s={search_term_string}"},"query-input":{"@type":"PropertyValueSpecification","valueRequired":true,"valueName":"search_term_string"}}],"inLanguage":"it-IT"},{"@type":"Organization","@id":"https:\/\/homeofwool.com\/#organization","name":"Casa della lana","url":"https:\/\/homeofwool.com\/","logo":{"@type":"ImageObject","inLanguage":"it-IT","@id":"https:\/\/homeofwool.com\/#\/schema\/logo\/image\/","url":"https:\/\/homeofwool.com\/wp-content\/uploads\/2025\/09\/WhatsApp-Image-2025-12-02-at-16.23.20.jpeg","contentUrl":"https:\/\/homeofwool.com\/wp-content\/uploads\/2025\/09\/WhatsApp-Image-2025-12-02-at-16.23.20.jpeg","width":700,"height":247,"caption":"Home of Wool"},"image":{"@id":"https:\/\/homeofwool.com\/#\/schema\/logo\/image\/"},"sameAs":["https:\/\/facebook.com\/HomeOfWoolOfficial"]}]}},"_links":{"self":[{"href":"https:\/\/homeofwool.com\/it\/wp-json\/wp\/v2\/product\/217746","targetHints":{"allow":["GET"]}}],"collection":[{"href":"https:\/\/homeofwool.com\/it\/wp-json\/wp\/v2\/product"}],"about":[{"href":"https:\/\/homeofwool.com\/it\/wp-json\/wp\/v2\/types\/product"}],"version-history":[{"count":1,"href":"https:\/\/homeofwool.com\/it\/wp-json\/wp\/v2\/product\/217746\/revisions"}],"predecessor-version":[{"id":227355,"href":"https:\/\/homeofwool.com\/it\/wp-json\/wp\/v2\/product\/217746\/revisions\/227355"}],"wp:featuredmedia":[{"embeddable":true,"href":"https:\/\/homeofwool.com\/it\/wp-json\/wp\/v2\/media\/225187"}],"wp:attachment":[{"href":"https:\/\/homeofwool.com\/it\/wp-json\/wp\/v2\/media?parent=217746"}],"wp:term":[{"taxonomy":"product_brand","embeddable":true,"href":"https:\/\/homeofwool.com\/it\/wp-json\/wp\/v2\/product_brand?post=217746"},{"taxonomy":"product_cat","embeddable":true,"href":"https:\/\/homeofwool.com\/it\/wp-json\/wp\/v2\/product_cat?post=217746"},{"taxonomy":"product_tag","embeddable":true,"href":"https:\/\/homeofwool.com\/it\/wp-json\/wp\/v2\/product_tag?post=217746"}],"curies":[{"name":"wp","href":"https:\/\/api.w.org\/{rel}","templated":true}]}}