{"id":217706,"date":"2025-09-02T12:02:14","date_gmt":"2025-09-02T12:02:14","guid":{"rendered":"https:\/\/homeofwool.com\/?post_type=product&#038;p=217706"},"modified":"2026-02-11T09:22:33","modified_gmt":"2026-02-11T09:22:33","slug":"foglio-piatto","status":"publish","type":"product","link":"https:\/\/homeofwool.com\/it\/shop\/flat-sheet\/","title":{"rendered":"Lenzuolo piatto"},"content":{"rendered":"<p>Lino, seta di gelso, misto cotone-lino e jersey di lana merino sono i classici tessuti utilizzati per la biancheria da letto naturale, le lenzuola e i copriletti. Ci\u00f2 che rende i nostri prodotti diversi \u00e8 il modo in cui li manteniamo puri. Nessun candeggiante o colorante. Nessuna finitura chimica.<\/p>\n<p>Il lino \u00e8 inizialmente fresco e morbido e diventa sempre pi\u00f9 morbido ad ogni lavaggio. \u00c8 il tessuto preferito per le notti estive, perch\u00e9 mantiene freschi e asciutti. La seta di gelso ha un tocco morbido ma non scivoloso. \u00c8 apprezzata per gli aminoacidi che aiutano a mantenere la pelle sana e luminosa. Il jersey di lana offre calore e una leggera elasticit\u00e0. Qualunque sia la tua scelta, tutti questi tessuti sono traspiranti e resistenti, aiutandoti a dormire in modo fresco, asciutto e piacevole.<\/p>\n<p>Ipoallergenico 100%, questo lenzuolo \u00e8 particolarmente indicato per chi ha la pelle sensibile. La nostra selezione di tessuti naturali \u00e8 delicata sulla pelle. Disponibili nei loro colori naturali, i nostri tessuti sono privi delle finiture chimiche che solitamente causano irritazioni.<\/p>\n<p>Le taglie pi\u00f9 grandi presentano una cucitura di giunzione discreta, posizionata in modo tale da trovarsi sotto il cuscino o vicino ai piedi, in modo da non dare fastidio. Su richiesta, la cucitura pu\u00f2 essere realizzata nel senso della lunghezza anzich\u00e9 trasversalmente.<\/p>\n<p>Puoi scegliere tra le misure standard o richiedere un lenzuolo su misura per il tuo letto. E se desideri essere sicuro della qualit\u00e0 del tessuto, sono disponibili dei campioni che ti consentono di toccare con mano e vedere le opzioni che offriamo.<\/p>\n<p>Un lenzuolo naturale offre comfort e qualit\u00e0 che durano per anni. La sua traspirabilit\u00e0 e purezza creano un ambiente pi\u00f9 salutare per dormire, favorendo un riposo migliore.<\/p>","protected":false},"excerpt":{"rendered":"<p>Un lenzuolo piatto realizzato con tessuti naturali che garantisce freschezza e comfort notte dopo notte. Questo lenzuolo piatto \u00e8 traspirante, privo di sostanze chimiche e delicato sulla pelle sensibile. Un capo intramontabile che completa magnificamente il letto e offre un comfort extra a tutti, anche a chi soffre il caldo durante il sonno.<\/p>\n<div class=\"global-icon-set\">\n<div class=\"global-icon-set__items\">\n<div class=\"global-icon-set__item\">\n<div class=\"global-icon-set__image\">\n                                    <img decoding=\"async\" src=\"https:\/\/homeofwool.com\/wp-content\/uploads\/2025\/09\/handmade-icon-300x300.png\" alt=\"icona fatta a mano\" \/>\n                                <\/div>\n<div class=\"global-icon-set__title\">Fatto a mano<\/div>\n<\/p><\/div>\n<div class=\"global-icon-set__item\">\n<div class=\"global-icon-set__image\">\n                                    <img decoding=\"async\" src=\"https:\/\/homeofwool.com\/wp-content\/uploads\/2025\/09\/VOCs-min-300x300.png\" alt=\"voci libere\" \/>\n                                <\/div>\n<div class=\"global-icon-set__title\">Senza COV<\/div>\n<\/p><\/div>\n<div class=\"global-icon-set__item\">\n<div class=\"global-icon-set__image\">\n                                    <img decoding=\"async\" src=\"https:\/\/homeofwool.com\/wp-content\/uploads\/2025\/09\/Hypoallergenic-min-300x300.png\" alt=\"icona ipoallergenica\" \/>\n                                <\/div>\n<div class=\"global-icon-set__title\">Ipoallergenico<\/div>\n<\/p><\/div>\n<div class=\"global-icon-set__item\">\n<div class=\"global-icon-set__image\">\n                                    <img decoding=\"async\" src=\"https:\/\/homeofwool.com\/wp-content\/uploads\/2025\/09\/free-of-synthetics-icon-300x300.png\" alt=\"icona priva di sostanze sintetiche\" \/>\n                                <\/div>\n<div class=\"global-icon-set__title\">Privo di sostanze sintetiche<\/div>\n<\/p><\/div>\n<div class=\"global-icon-set__item\">\n<div class=\"global-icon-set__image\">\n                                    <img decoding=\"async\" src=\"https:\/\/homeofwool.com\/wp-content\/uploads\/2025\/09\/chemical-free-icon-300x300.png\" alt=\"icona senza sostanze chimiche\" \/>\n                                <\/div>\n<div class=\"global-icon-set__title\">Senza sostanze chimiche<\/div>\n<\/p><\/div>\n<div class=\"global-icon-set__item\">\n<div class=\"global-icon-set__image\">\n                                    <img decoding=\"async\" src=\"https:\/\/homeofwool.com\/wp-content\/uploads\/2025\/09\/certified-materials-icon-300x300.png\" alt=\"icona dei materiali certificati\" \/>\n                                <\/div>\n<div class=\"global-icon-set__title\">100% Materiali puri certificati<\/div>\n<\/p><\/div>\n<\/p><\/div>\n<\/p><\/div>","protected":false},"featured_media":219331,"template":"","meta":{"_acf_changed":false},"product_brand":[],"product_cat":[557,406],"product_tag":[412,413,414,415,416,417,418,419,420,787,149],"class_list":{"0":"post-217706","1":"product","2":"type-product","3":"status-publish","4":"has-post-thumbnail","6":"product_cat-new","7":"product_cat-protectors-covers-sheets","8":"product_tag-crib-sheets","9":"product_tag-custom-sheets","10":"product_tag-deep-pocket-sheets","11":"product_tag-extra-deep-sheet","12":"product_tag-fitted-bed-sheets","13":"product_tag-flat-sheet","14":"product_tag-linen-sheets","15":"product_tag-queen-sheets","16":"product_tag-sheets-pillowcases","17":"product_tag-silk-sheets","18":"product_tag-steps","20":"first","21":"instock","22":"shipping-taxable","23":"purchasable","24":"product-type-simple"},"acf":[],"yoast_head":"<!-- This site is optimized with the Yoast SEO Premium plugin v27.3 (Yoast SEO v27.3) - https:\/\/yoast.com\/product\/yoast-seo-premium-wordpress\/ -->\n<title>Flat Sheet \u2013 Natural Fabrics, Handmade Luxury &amp; Comfort | Home of Wool<\/title>\n<meta name=\"description\" content=\"Pure natural flat sheet\u2014hypoallergenic, chemical-free, and long-lasting. Keeps hot sleepers cool, skin comfortable, and beds beautifully layered.\" \/>\n<meta name=\"robots\" content=\"index, follow, max-snippet:-1, max-image-preview:large, max-video-preview:-1\" \/>\n<link rel=\"canonical\" href=\"https:\/\/homeofwool.com\/it\/negozio\/foglio-piatto\/\" \/>\n<meta property=\"og:locale\" content=\"it_IT\" \/>\n<meta property=\"og:type\" content=\"article\" \/>\n<meta property=\"og:title\" content=\"Flat Sheet\" \/>\n<meta property=\"og:description\" content=\"Pure natural flat sheet\u2014hypoallergenic, chemical-free, and long-lasting. Keeps hot sleepers cool, skin comfortable, and beds beautifully layered.\" \/>\n<meta property=\"og:url\" content=\"https:\/\/homeofwool.com\/it\/negozio\/foglio-piatto\/\" \/>\n<meta property=\"og:site_name\" content=\"Home of Wool\" \/>\n<meta property=\"article:publisher\" content=\"https:\/\/facebook.com\/HomeOfWoolOfficial\" \/>\n<meta property=\"article:modified_time\" content=\"2026-02-11T09:22:33+00:00\" \/>\n<meta property=\"og:image\" content=\"https:\/\/homeofwool.com\/wp-content\/uploads\/2025\/09\/home-of-wool-listing-1-main-1.jpg\" \/>\n\t<meta property=\"og:image:width\" content=\"2000\" \/>\n\t<meta property=\"og:image:height\" content=\"1600\" \/>\n\t<meta property=\"og:image:type\" content=\"image\/jpeg\" \/>\n<meta name=\"twitter:card\" content=\"summary_large_image\" \/>\n<meta name=\"twitter:label1\" content=\"Tempo di lettura stimato\" \/>\n\t<meta name=\"twitter:data1\" content=\"2 minuti\" \/>\n<script type=\"application\/ld+json\" class=\"yoast-schema-graph\">{\"@context\":\"https:\\\/\\\/schema.org\",\"@graph\":[{\"@type\":\"WebPage\",\"@id\":\"https:\\\/\\\/homeofwool.com\\\/nl\\\/winkelen\\\/vlakke-plaat\\\/\",\"url\":\"https:\\\/\\\/homeofwool.com\\\/nl\\\/winkelen\\\/vlakke-plaat\\\/\",\"name\":\"Flat Sheet \u2013 Natural Fabrics, Handmade Luxury & Comfort | Home of Wool\",\"isPartOf\":{\"@id\":\"https:\\\/\\\/homeofwool.com\\\/#website\"},\"primaryImageOfPage\":{\"@id\":\"https:\\\/\\\/homeofwool.com\\\/nl\\\/winkelen\\\/vlakke-plaat\\\/#primaryimage\"},\"image\":{\"@id\":\"https:\\\/\\\/homeofwool.com\\\/nl\\\/winkelen\\\/vlakke-plaat\\\/#primaryimage\"},\"thumbnailUrl\":\"https:\\\/\\\/homeofwool.com\\\/wp-content\\\/uploads\\\/2025\\\/09\\\/home-of-wool-listing-1-main-1.jpg\",\"datePublished\":\"2025-09-02T12:02:14+00:00\",\"dateModified\":\"2026-02-11T09:22:33+00:00\",\"description\":\"Pure natural flat sheet\u2014hypoallergenic, chemical-free, and long-lasting. Keeps hot sleepers cool, skin comfortable, and beds beautifully layered.\",\"breadcrumb\":{\"@id\":\"https:\\\/\\\/homeofwool.com\\\/nl\\\/winkelen\\\/vlakke-plaat\\\/#breadcrumb\"},\"inLanguage\":\"it-IT\",\"potentialAction\":[{\"@type\":\"ReadAction\",\"target\":[\"https:\\\/\\\/homeofwool.com\\\/nl\\\/winkelen\\\/vlakke-plaat\\\/\"]}]},{\"@type\":\"ImageObject\",\"inLanguage\":\"it-IT\",\"@id\":\"https:\\\/\\\/homeofwool.com\\\/nl\\\/winkelen\\\/vlakke-plaat\\\/#primaryimage\",\"url\":\"https:\\\/\\\/homeofwool.com\\\/wp-content\\\/uploads\\\/2025\\\/09\\\/home-of-wool-listing-1-main-1.jpg\",\"contentUrl\":\"https:\\\/\\\/homeofwool.com\\\/wp-content\\\/uploads\\\/2025\\\/09\\\/home-of-wool-listing-1-main-1.jpg\",\"width\":2000,\"height\":1600,\"caption\":\"wool flat sheet on a bed\"},{\"@type\":\"BreadcrumbList\",\"@id\":\"https:\\\/\\\/homeofwool.com\\\/nl\\\/winkelen\\\/vlakke-plaat\\\/#breadcrumb\",\"itemListElement\":[{\"@type\":\"ListItem\",\"position\":1,\"name\":\"Home\",\"item\":\"https:\\\/\\\/homeofwool.com\\\/\"},{\"@type\":\"ListItem\",\"position\":2,\"name\":\"Products\",\"item\":\"https:\\\/\\\/homeofwool.com\\\/header-search-2\\\/\"},{\"@type\":\"ListItem\",\"position\":3,\"name\":\"Flat Sheet\"}]},{\"@type\":\"WebSite\",\"@id\":\"https:\\\/\\\/homeofwool.com\\\/#website\",\"url\":\"https:\\\/\\\/homeofwool.com\\\/\",\"name\":\"Home of Wool\",\"description\":\"\",\"publisher\":{\"@id\":\"https:\\\/\\\/homeofwool.com\\\/#organization\"},\"potentialAction\":[{\"@type\":\"SearchAction\",\"target\":{\"@type\":\"EntryPoint\",\"urlTemplate\":\"https:\\\/\\\/homeofwool.com\\\/?s={search_term_string}\"},\"query-input\":{\"@type\":\"PropertyValueSpecification\",\"valueRequired\":true,\"valueName\":\"search_term_string\"}}],\"inLanguage\":\"it-IT\"},{\"@type\":\"Organization\",\"@id\":\"https:\\\/\\\/homeofwool.com\\\/#organization\",\"name\":\"Home of Wool\",\"url\":\"https:\\\/\\\/homeofwool.com\\\/\",\"logo\":{\"@type\":\"ImageObject\",\"inLanguage\":\"it-IT\",\"@id\":\"https:\\\/\\\/homeofwool.com\\\/#\\\/schema\\\/logo\\\/image\\\/\",\"url\":\"https:\\\/\\\/homeofwool.com\\\/wp-content\\\/uploads\\\/2025\\\/09\\\/WhatsApp-Image-2025-12-02-at-16.23.20.jpeg\",\"contentUrl\":\"https:\\\/\\\/homeofwool.com\\\/wp-content\\\/uploads\\\/2025\\\/09\\\/WhatsApp-Image-2025-12-02-at-16.23.20.jpeg\",\"width\":700,\"height\":247,\"caption\":\"Home of Wool\"},\"image\":{\"@id\":\"https:\\\/\\\/homeofwool.com\\\/#\\\/schema\\\/logo\\\/image\\\/\"},\"sameAs\":[\"https:\\\/\\\/facebook.com\\\/HomeOfWoolOfficial\"]}]}<\/script>\n<!-- \/ Yoast SEO Premium plugin. -->","yoast_head_json":{"title":"Lenzuolo piatto \u2013 Tessuti naturali, lusso artigianale e comfort | Home of Wool","description":"Lenzuolo piatto naturale puro: ipoallergenico, privo di sostanze chimiche e resistente. Mantiene freschi coloro che sudano durante il sonno, garantisce il comfort della pelle e dona al letto un aspetto ordinato.","robots":{"index":"index","follow":"follow","max-snippet":"max-snippet:-1","max-image-preview":"max-image-preview:large","max-video-preview":"max-video-preview:-1"},"canonical":"https:\/\/homeofwool.com\/it\/negozio\/foglio-piatto\/","og_locale":"it_IT","og_type":"article","og_title":"Flat Sheet","og_description":"Pure natural flat sheet\u2014hypoallergenic, chemical-free, and long-lasting. Keeps hot sleepers cool, skin comfortable, and beds beautifully layered.","og_url":"https:\/\/homeofwool.com\/it\/negozio\/foglio-piatto\/","og_site_name":"Home of Wool","article_publisher":"https:\/\/facebook.com\/HomeOfWoolOfficial","article_modified_time":"2026-02-11T09:22:33+00:00","og_image":[{"width":2000,"height":1600,"url":"https:\/\/homeofwool.com\/wp-content\/uploads\/2025\/09\/home-of-wool-listing-1-main-1.jpg","type":"image\/jpeg"}],"twitter_card":"summary_large_image","twitter_misc":{"Tempo di lettura stimato":"2 minuti"},"schema":{"@context":"https:\/\/schema.org","@graph":[{"@type":"WebPage","@id":"https:\/\/homeofwool.com\/nl\/winkelen\/vlakke-plaat\/","url":"https:\/\/homeofwool.com\/nl\/winkelen\/vlakke-plaat\/","name":"Lenzuolo piatto \u2013 Tessuti naturali, lusso artigianale e comfort | Home of Wool","isPartOf":{"@id":"https:\/\/homeofwool.com\/#website"},"primaryImageOfPage":{"@id":"https:\/\/homeofwool.com\/nl\/winkelen\/vlakke-plaat\/#primaryimage"},"image":{"@id":"https:\/\/homeofwool.com\/nl\/winkelen\/vlakke-plaat\/#primaryimage"},"thumbnailUrl":"https:\/\/homeofwool.com\/wp-content\/uploads\/2025\/09\/home-of-wool-listing-1-main-1.jpg","datePublished":"2025-09-02T12:02:14+00:00","dateModified":"2026-02-11T09:22:33+00:00","description":"Lenzuolo piatto naturale puro: ipoallergenico, privo di sostanze chimiche e resistente. Mantiene freschi coloro che sudano durante il sonno, garantisce il comfort della pelle e dona al letto un aspetto ordinato.","breadcrumb":{"@id":"https:\/\/homeofwool.com\/nl\/winkelen\/vlakke-plaat\/#breadcrumb"},"inLanguage":"it-IT","potentialAction":[{"@type":"ReadAction","target":["https:\/\/homeofwool.com\/nl\/winkelen\/vlakke-plaat\/"]}]},{"@type":"ImageObject","inLanguage":"it-IT","@id":"https:\/\/homeofwool.com\/nl\/winkelen\/vlakke-plaat\/#primaryimage","url":"https:\/\/homeofwool.com\/wp-content\/uploads\/2025\/09\/home-of-wool-listing-1-main-1.jpg","contentUrl":"https:\/\/homeofwool.com\/wp-content\/uploads\/2025\/09\/home-of-wool-listing-1-main-1.jpg","width":2000,"height":1600,"caption":"wool flat sheet on a bed"},{"@type":"BreadcrumbList","@id":"https:\/\/homeofwool.com\/nl\/winkelen\/vlakke-plaat\/#breadcrumb","itemListElement":[{"@type":"ListItem","position":1,"name":"Home","item":"https:\/\/homeofwool.com\/"},{"@type":"ListItem","position":2,"name":"Products","item":"https:\/\/homeofwool.com\/header-search-2\/"},{"@type":"ListItem","position":3,"name":"Flat Sheet"}]},{"@type":"WebSite","@id":"https:\/\/homeofwool.com\/#website","url":"https:\/\/homeofwool.com\/","name":"Casa della lana","description":"","publisher":{"@id":"https:\/\/homeofwool.com\/#organization"},"potentialAction":[{"@type":"SearchAction","target":{"@type":"EntryPoint","urlTemplate":"https:\/\/homeofwool.com\/?s={search_term_string}"},"query-input":{"@type":"PropertyValueSpecification","valueRequired":true,"valueName":"search_term_string"}}],"inLanguage":"it-IT"},{"@type":"Organization","@id":"https:\/\/homeofwool.com\/#organization","name":"Casa della lana","url":"https:\/\/homeofwool.com\/","logo":{"@type":"ImageObject","inLanguage":"it-IT","@id":"https:\/\/homeofwool.com\/#\/schema\/logo\/image\/","url":"https:\/\/homeofwool.com\/wp-content\/uploads\/2025\/09\/WhatsApp-Image-2025-12-02-at-16.23.20.jpeg","contentUrl":"https:\/\/homeofwool.com\/wp-content\/uploads\/2025\/09\/WhatsApp-Image-2025-12-02-at-16.23.20.jpeg","width":700,"height":247,"caption":"Home of Wool"},"image":{"@id":"https:\/\/homeofwool.com\/#\/schema\/logo\/image\/"},"sameAs":["https:\/\/facebook.com\/HomeOfWoolOfficial"]}]}},"_links":{"self":[{"href":"https:\/\/homeofwool.com\/it\/wp-json\/wp\/v2\/product\/217706","targetHints":{"allow":["GET"]}}],"collection":[{"href":"https:\/\/homeofwool.com\/it\/wp-json\/wp\/v2\/product"}],"about":[{"href":"https:\/\/homeofwool.com\/it\/wp-json\/wp\/v2\/types\/product"}],"version-history":[{"count":1,"href":"https:\/\/homeofwool.com\/it\/wp-json\/wp\/v2\/product\/217706\/revisions"}],"predecessor-version":[{"id":226688,"href":"https:\/\/homeofwool.com\/it\/wp-json\/wp\/v2\/product\/217706\/revisions\/226688"}],"wp:featuredmedia":[{"embeddable":true,"href":"https:\/\/homeofwool.com\/it\/wp-json\/wp\/v2\/media\/219331"}],"wp:attachment":[{"href":"https:\/\/homeofwool.com\/it\/wp-json\/wp\/v2\/media?parent=217706"}],"wp:term":[{"taxonomy":"product_brand","embeddable":true,"href":"https:\/\/homeofwool.com\/it\/wp-json\/wp\/v2\/product_brand?post=217706"},{"taxonomy":"product_cat","embeddable":true,"href":"https:\/\/homeofwool.com\/it\/wp-json\/wp\/v2\/product_cat?post=217706"},{"taxonomy":"product_tag","embeddable":true,"href":"https:\/\/homeofwool.com\/it\/wp-json\/wp\/v2\/product_tag?post=217706"}],"curies":[{"name":"wp","href":"https:\/\/api.w.org\/{rel}","templated":true}]}}