{"id":217695,"date":"2025-09-02T12:02:14","date_gmt":"2025-09-02T12:02:14","guid":{"rendered":"https:\/\/homeofwool.com\/?post_type=product&#038;p=217695"},"modified":"2026-02-10T15:46:01","modified_gmt":"2026-02-10T15:46:01","slug":"sacco-nanna-per-neonati","status":"publish","type":"product","link":"https:\/\/homeofwool.com\/it\/shop\/baby-sleeping-bag\/","title":{"rendered":"Sacco nanna in lana per neonati"},"content":{"rendered":"<p>Il nostro sacco nanna in lana per neonati \u00e8 progettato per essere la soluzione pi\u00f9 sicura e confortevole per il sonno del tuo bambino. Questo sacco nanna \u00e8 realizzato in pura lana vergine con collo in seta di gelso. \u00c8 morbido e confortevole a contatto con la pelle del tuo bambino. La lana \u00e8 il tessuto naturale pi\u00f9 intelligente che esista. Mantiene il tuo bambino al caldo nelle notti pi\u00f9 fredde e comodo quando fa caldo. Inoltre, assorbe l'umidit\u00e0 in eccesso, garantendo una superficie fresca e asciutta su cui dormire.<\/p>\n<p>Il sacco nanna Home of Wool \u00e8 la scelta ideale per i genitori che cercano biancheria da letto per neonati atossica, pratica e di alta qualit\u00e0.<\/p>\n<p>Ogni caratteristica \u00e8 pensata per garantire la sicurezza del tuo bambino e semplificarti la vita. La cerniera laterale a doppio cursore consente di cambiare il bambino senza fatica durante la notte, mentre i bottoni sulle spalle assicurano una rapida vestibilit\u00e0. Per i neonati, la taglia pi\u00f9 piccola si apre completamente per una maggiore praticit\u00e0. Il tessuto \u00e8 naturalmente elastico. Si muove insieme ai piccoli calci del tuo bambino, senza mai dare una sensazione di costrizione. Privo di sostanze sintetiche o COV, questo pigiamino biologico \u00e8 ipoallergenico e adatto ai bambini con sensibilit\u00e0 particolari.<\/p>\n<p>Questo sacco nanna ipoallergenico \u00e8 disponibile in taglie dalla nascita fino ai sei anni, cos\u00ec potrai scegliere quello pi\u00f9 adatto al tuo bambino in ogni fase della sua crescita. Il ricamo opzionale lo rende ancora pi\u00f9 personale. E lo trasforma in un bellissimo regalo per la nascita.<\/p>","protected":false},"excerpt":{"rendered":"<p>Regala al tuo piccolo il comfort con il nostro sacco nanna naturale per neonati. Realizzato in pura lana vergine, questo sacco nanna privo di sostanze chimiche crea uno spazio sicuro, traspirante e accogliente, affinch\u00e9 il tuo bambino possa riposare tranquillamente in ogni stagione.<\/p>\n<div class=\"global-icon-set\">\n<div class=\"global-icon-set__items\">\n<div class=\"global-icon-set__item\">\n<div class=\"global-icon-set__image\">\n                                    <img decoding=\"async\" src=\"https:\/\/homeofwool.com\/wp-content\/uploads\/2025\/09\/handmade-icon-300x300.png\" alt=\"icona fatta a mano\" \/>\n                                <\/div>\n<div class=\"global-icon-set__title\">Fatto a mano<\/div>\n<\/p><\/div>\n<div class=\"global-icon-set__item\">\n<div class=\"global-icon-set__image\">\n                                    <img decoding=\"async\" src=\"https:\/\/homeofwool.com\/wp-content\/uploads\/2025\/09\/VOCs-min-300x300.png\" alt=\"voci libere\" \/>\n                                <\/div>\n<div class=\"global-icon-set__title\">Senza COV<\/div>\n<\/p><\/div>\n<div class=\"global-icon-set__item\">\n<div class=\"global-icon-set__image\">\n                                    <img decoding=\"async\" src=\"https:\/\/homeofwool.com\/wp-content\/uploads\/2025\/09\/FR-min-300x300.png\" alt=\"icona resistente al fuoco\" \/>\n                                <\/div>\n<div class=\"global-icon-set__title\">Resistente alla fiamma<\/div>\n<\/p><\/div>\n<div class=\"global-icon-set__item\">\n<div class=\"global-icon-set__image\">\n                                    <img decoding=\"async\" src=\"https:\/\/homeofwool.com\/wp-content\/uploads\/2025\/09\/Hypoallergenic-min-300x300.png\" alt=\"icona ipoallergenica\" \/>\n                                <\/div>\n<div class=\"global-icon-set__title\">Ipoallergenico<\/div>\n<\/p><\/div>\n<div class=\"global-icon-set__item\">\n<div class=\"global-icon-set__image\">\n                                    <img decoding=\"async\" src=\"https:\/\/homeofwool.com\/wp-content\/uploads\/2025\/09\/free-of-synthetics-icon-300x300.png\" alt=\"icona priva di sostanze sintetiche\" \/>\n                                <\/div>\n<div class=\"global-icon-set__title\">Privo di sostanze sintetiche<\/div>\n<\/p><\/div>\n<div class=\"global-icon-set__item\">\n<div class=\"global-icon-set__image\">\n                                    <img decoding=\"async\" src=\"https:\/\/homeofwool.com\/wp-content\/uploads\/2025\/09\/chemical-free-icon-300x300.png\" alt=\"icona senza sostanze chimiche\" \/>\n                                <\/div>\n<div class=\"global-icon-set__title\">Senza sostanze chimiche<\/div>\n<\/p><\/div>\n<div class=\"global-icon-set__item\">\n<div class=\"global-icon-set__image\">\n                                    <img decoding=\"async\" src=\"https:\/\/homeofwool.com\/wp-content\/uploads\/2025\/09\/anti-bacterial-icon-300x300.png\" alt=\"icona antibatterica\" \/>\n                                <\/div>\n<div class=\"global-icon-set__title\">Antimicrobico e antibatterico<\/div>\n<\/p><\/div>\n<div class=\"global-icon-set__item\">\n<div class=\"global-icon-set__image\">\n                                    <img decoding=\"async\" src=\"https:\/\/homeofwool.com\/wp-content\/uploads\/2025\/09\/certified-materials-icon-300x300.png\" alt=\"icona dei materiali certificati\" \/>\n                                <\/div>\n<div class=\"global-icon-set__title\">100% Materiali puri certificati<\/div>\n<\/p><\/div>\n<\/p><\/div>\n<\/p><\/div>","protected":false},"featured_media":219610,"template":"","meta":{"_acf_changed":false},"product_brand":[],"product_cat":[266,267],"product_tag":[759,760,123,761,762,763,764,765,766,767,768,149,769,770],"class_list":{"0":"post-217695","1":"product","2":"type-product","3":"status-publish","4":"has-post-thumbnail","6":"product_cat-baby-sleep-products","7":"product_cat-nursery","8":"product_tag-baby-cocoon","9":"product_tag-baby-nightgown","10":"product_tag-baby-shower-gift","11":"product_tag-baby-sleeping-bag","12":"product_tag-baby-sleepsuits","13":"product_tag-grobag","14":"product_tag-infant-sleep-sack","15":"product_tag-natural-sleepwear","16":"product_tag-newborn-sleep-bag","17":"product_tag-organic-bedding","18":"product_tag-snuggle-sack","19":"product_tag-steps","20":"product_tag-swaddle-sack","21":"product_tag-wearable-blanket","23":"first","24":"instock","25":"shipping-taxable","26":"purchasable","27":"product-type-simple"},"acf":[],"yoast_head":"<!-- This site is optimized with the Yoast SEO Premium plugin v27.3 (Yoast SEO v27.3) - https:\/\/yoast.com\/product\/yoast-seo-premium-wordpress\/ -->\n<title>Baby Sleeping Bag \u2013 Organic Wool Sleep Sack | Home of Wool<\/title>\n<meta name=\"description\" content=\"Breathable and hypoallergenic, the Baby Sleeping Bag is crafted with organic wool for toxin-free warmth. Natural, safe, and versatile, it ensures healthy year-round comfort for babies.\" \/>\n<meta name=\"robots\" content=\"index, follow, max-snippet:-1, max-image-preview:large, max-video-preview:-1\" \/>\n<link rel=\"canonical\" href=\"https:\/\/homeofwool.com\/it\/negozio\/sacco-nanna-per-neonati\/\" \/>\n<meta property=\"og:locale\" content=\"it_IT\" \/>\n<meta property=\"og:type\" content=\"article\" \/>\n<meta property=\"og:title\" content=\"Wool Baby Sleeping Bag\" \/>\n<meta property=\"og:description\" content=\"Breathable and hypoallergenic, the Baby Sleeping Bag is crafted with organic wool for toxin-free warmth. Natural, safe, and versatile, it ensures healthy year-round comfort for babies.\" \/>\n<meta property=\"og:url\" content=\"https:\/\/homeofwool.com\/it\/negozio\/sacco-nanna-per-neonati\/\" \/>\n<meta property=\"og:site_name\" content=\"Home of Wool\" \/>\n<meta property=\"article:publisher\" content=\"https:\/\/facebook.com\/HomeOfWoolOfficial\" \/>\n<meta property=\"article:modified_time\" content=\"2026-02-10T15:46:01+00:00\" \/>\n<meta property=\"og:image\" content=\"https:\/\/homeofwool.com\/wp-content\/uploads\/2025\/09\/home-of-wool-wool-baby-sleeping-bag-2-en-scaled.jpg\" \/>\n\t<meta property=\"og:image:width\" content=\"2560\" \/>\n\t<meta property=\"og:image:height\" content=\"2048\" \/>\n\t<meta property=\"og:image:type\" content=\"image\/jpeg\" \/>\n<meta name=\"twitter:card\" content=\"summary_large_image\" \/>\n<meta name=\"twitter:label1\" content=\"Tempo di lettura stimato\" \/>\n\t<meta name=\"twitter:data1\" content=\"2 minuti\" \/>\n<script type=\"application\/ld+json\" class=\"yoast-schema-graph\">{\"@context\":\"https:\\\/\\\/schema.org\",\"@graph\":[{\"@type\":\"WebPage\",\"@id\":\"https:\\\/\\\/homeofwool.com\\\/shop\\\/baby-sleeping-bag\\\/\",\"url\":\"https:\\\/\\\/homeofwool.com\\\/shop\\\/baby-sleeping-bag\\\/\",\"name\":\"Baby Sleeping Bag \u2013 Organic Wool Sleep Sack | Home of Wool\",\"isPartOf\":{\"@id\":\"https:\\\/\\\/homeofwool.com\\\/#website\"},\"primaryImageOfPage\":{\"@id\":\"https:\\\/\\\/homeofwool.com\\\/shop\\\/baby-sleeping-bag\\\/#primaryimage\"},\"image\":{\"@id\":\"https:\\\/\\\/homeofwool.com\\\/shop\\\/baby-sleeping-bag\\\/#primaryimage\"},\"thumbnailUrl\":\"https:\\\/\\\/homeofwool.com\\\/wp-content\\\/uploads\\\/2025\\\/09\\\/home-of-wool-wool-baby-sleeping-bag-2-en-scaled.jpg\",\"datePublished\":\"2025-09-02T12:02:14+00:00\",\"dateModified\":\"2026-02-10T15:46:01+00:00\",\"description\":\"Breathable and hypoallergenic, the Baby Sleeping Bag is crafted with organic wool for toxin-free warmth. Natural, safe, and versatile, it ensures healthy year-round comfort for babies.\",\"breadcrumb\":{\"@id\":\"https:\\\/\\\/homeofwool.com\\\/shop\\\/baby-sleeping-bag\\\/#breadcrumb\"},\"inLanguage\":\"it-IT\",\"potentialAction\":[{\"@type\":\"ReadAction\",\"target\":[\"https:\\\/\\\/homeofwool.com\\\/shop\\\/baby-sleeping-bag\\\/\"]}]},{\"@type\":\"ImageObject\",\"inLanguage\":\"it-IT\",\"@id\":\"https:\\\/\\\/homeofwool.com\\\/shop\\\/baby-sleeping-bag\\\/#primaryimage\",\"url\":\"https:\\\/\\\/homeofwool.com\\\/wp-content\\\/uploads\\\/2025\\\/09\\\/home-of-wool-wool-baby-sleeping-bag-2-en-scaled.jpg\",\"contentUrl\":\"https:\\\/\\\/homeofwool.com\\\/wp-content\\\/uploads\\\/2025\\\/09\\\/home-of-wool-wool-baby-sleeping-bag-2-en-scaled.jpg\",\"width\":2560,\"height\":2048,\"caption\":\"wool baby sleeping bag\"},{\"@type\":\"BreadcrumbList\",\"@id\":\"https:\\\/\\\/homeofwool.com\\\/shop\\\/baby-sleeping-bag\\\/#breadcrumb\",\"itemListElement\":[{\"@type\":\"ListItem\",\"position\":1,\"name\":\"Home\",\"item\":\"https:\\\/\\\/homeofwool.com\\\/\"},{\"@type\":\"ListItem\",\"position\":2,\"name\":\"Products\",\"item\":\"https:\\\/\\\/homeofwool.com\\\/header-search-2\\\/\"},{\"@type\":\"ListItem\",\"position\":3,\"name\":\"Wool Baby Sleeping Bag\"}]},{\"@type\":\"WebSite\",\"@id\":\"https:\\\/\\\/homeofwool.com\\\/#website\",\"url\":\"https:\\\/\\\/homeofwool.com\\\/\",\"name\":\"Home of Wool\",\"description\":\"\",\"publisher\":{\"@id\":\"https:\\\/\\\/homeofwool.com\\\/#organization\"},\"potentialAction\":[{\"@type\":\"SearchAction\",\"target\":{\"@type\":\"EntryPoint\",\"urlTemplate\":\"https:\\\/\\\/homeofwool.com\\\/?s={search_term_string}\"},\"query-input\":{\"@type\":\"PropertyValueSpecification\",\"valueRequired\":true,\"valueName\":\"search_term_string\"}}],\"inLanguage\":\"it-IT\"},{\"@type\":\"Organization\",\"@id\":\"https:\\\/\\\/homeofwool.com\\\/#organization\",\"name\":\"Home of Wool\",\"url\":\"https:\\\/\\\/homeofwool.com\\\/\",\"logo\":{\"@type\":\"ImageObject\",\"inLanguage\":\"it-IT\",\"@id\":\"https:\\\/\\\/homeofwool.com\\\/#\\\/schema\\\/logo\\\/image\\\/\",\"url\":\"https:\\\/\\\/homeofwool.com\\\/wp-content\\\/uploads\\\/2025\\\/09\\\/WhatsApp-Image-2025-12-02-at-16.23.20.jpeg\",\"contentUrl\":\"https:\\\/\\\/homeofwool.com\\\/wp-content\\\/uploads\\\/2025\\\/09\\\/WhatsApp-Image-2025-12-02-at-16.23.20.jpeg\",\"width\":700,\"height\":247,\"caption\":\"Home of Wool\"},\"image\":{\"@id\":\"https:\\\/\\\/homeofwool.com\\\/#\\\/schema\\\/logo\\\/image\\\/\"},\"sameAs\":[\"https:\\\/\\\/facebook.com\\\/HomeOfWoolOfficial\"]}]}<\/script>\n<!-- \/ Yoast SEO Premium plugin. -->","yoast_head_json":{"title":"Sacco nanna per neonati \u2013 Sacco nanna in lana biologica | Home of Wool","description":"Traspirante e ipoallergenico, il sacco nanna per neonati \u00e8 realizzato in lana biologica per garantire calore senza sostanze tossiche. Naturale, sicuro e versatile, assicura comfort e salute ai neonati durante tutto l'anno.","robots":{"index":"index","follow":"follow","max-snippet":"max-snippet:-1","max-image-preview":"max-image-preview:large","max-video-preview":"max-video-preview:-1"},"canonical":"https:\/\/homeofwool.com\/it\/negozio\/sacco-nanna-per-neonati\/","og_locale":"it_IT","og_type":"article","og_title":"Wool Baby Sleeping Bag","og_description":"Breathable and hypoallergenic, the Baby Sleeping Bag is crafted with organic wool for toxin-free warmth. Natural, safe, and versatile, it ensures healthy year-round comfort for babies.","og_url":"https:\/\/homeofwool.com\/it\/negozio\/sacco-nanna-per-neonati\/","og_site_name":"Home of Wool","article_publisher":"https:\/\/facebook.com\/HomeOfWoolOfficial","article_modified_time":"2026-02-10T15:46:01+00:00","og_image":[{"width":2560,"height":2048,"url":"https:\/\/homeofwool.com\/wp-content\/uploads\/2025\/09\/home-of-wool-wool-baby-sleeping-bag-2-en-scaled.jpg","type":"image\/jpeg"}],"twitter_card":"summary_large_image","twitter_misc":{"Tempo di lettura stimato":"2 minuti"},"schema":{"@context":"https:\/\/schema.org","@graph":[{"@type":"WebPage","@id":"https:\/\/homeofwool.com\/shop\/baby-sleeping-bag\/","url":"https:\/\/homeofwool.com\/shop\/baby-sleeping-bag\/","name":"Sacco nanna per neonati \u2013 Sacco nanna in lana biologica | Home of Wool","isPartOf":{"@id":"https:\/\/homeofwool.com\/#website"},"primaryImageOfPage":{"@id":"https:\/\/homeofwool.com\/shop\/baby-sleeping-bag\/#primaryimage"},"image":{"@id":"https:\/\/homeofwool.com\/shop\/baby-sleeping-bag\/#primaryimage"},"thumbnailUrl":"https:\/\/homeofwool.com\/wp-content\/uploads\/2025\/09\/home-of-wool-wool-baby-sleeping-bag-2-en-scaled.jpg","datePublished":"2025-09-02T12:02:14+00:00","dateModified":"2026-02-10T15:46:01+00:00","description":"Traspirante e ipoallergenico, il sacco nanna per neonati \u00e8 realizzato in lana biologica per garantire calore senza sostanze tossiche. Naturale, sicuro e versatile, assicura comfort e salute ai neonati durante tutto l'anno.","breadcrumb":{"@id":"https:\/\/homeofwool.com\/shop\/baby-sleeping-bag\/#breadcrumb"},"inLanguage":"it-IT","potentialAction":[{"@type":"ReadAction","target":["https:\/\/homeofwool.com\/shop\/baby-sleeping-bag\/"]}]},{"@type":"ImageObject","inLanguage":"it-IT","@id":"https:\/\/homeofwool.com\/shop\/baby-sleeping-bag\/#primaryimage","url":"https:\/\/homeofwool.com\/wp-content\/uploads\/2025\/09\/home-of-wool-wool-baby-sleeping-bag-2-en-scaled.jpg","contentUrl":"https:\/\/homeofwool.com\/wp-content\/uploads\/2025\/09\/home-of-wool-wool-baby-sleeping-bag-2-en-scaled.jpg","width":2560,"height":2048,"caption":"wool baby sleeping bag"},{"@type":"BreadcrumbList","@id":"https:\/\/homeofwool.com\/shop\/baby-sleeping-bag\/#breadcrumb","itemListElement":[{"@type":"ListItem","position":1,"name":"Home","item":"https:\/\/homeofwool.com\/"},{"@type":"ListItem","position":2,"name":"Products","item":"https:\/\/homeofwool.com\/header-search-2\/"},{"@type":"ListItem","position":3,"name":"Wool Baby Sleeping Bag"}]},{"@type":"WebSite","@id":"https:\/\/homeofwool.com\/#website","url":"https:\/\/homeofwool.com\/","name":"Casa della lana","description":"","publisher":{"@id":"https:\/\/homeofwool.com\/#organization"},"potentialAction":[{"@type":"SearchAction","target":{"@type":"EntryPoint","urlTemplate":"https:\/\/homeofwool.com\/?s={search_term_string}"},"query-input":{"@type":"PropertyValueSpecification","valueRequired":true,"valueName":"search_term_string"}}],"inLanguage":"it-IT"},{"@type":"Organization","@id":"https:\/\/homeofwool.com\/#organization","name":"Casa della lana","url":"https:\/\/homeofwool.com\/","logo":{"@type":"ImageObject","inLanguage":"it-IT","@id":"https:\/\/homeofwool.com\/#\/schema\/logo\/image\/","url":"https:\/\/homeofwool.com\/wp-content\/uploads\/2025\/09\/WhatsApp-Image-2025-12-02-at-16.23.20.jpeg","contentUrl":"https:\/\/homeofwool.com\/wp-content\/uploads\/2025\/09\/WhatsApp-Image-2025-12-02-at-16.23.20.jpeg","width":700,"height":247,"caption":"Home of Wool"},"image":{"@id":"https:\/\/homeofwool.com\/#\/schema\/logo\/image\/"},"sameAs":["https:\/\/facebook.com\/HomeOfWoolOfficial"]}]}},"_links":{"self":[{"href":"https:\/\/homeofwool.com\/it\/wp-json\/wp\/v2\/product\/217695","targetHints":{"allow":["GET"]}}],"collection":[{"href":"https:\/\/homeofwool.com\/it\/wp-json\/wp\/v2\/product"}],"about":[{"href":"https:\/\/homeofwool.com\/it\/wp-json\/wp\/v2\/types\/product"}],"version-history":[{"count":2,"href":"https:\/\/homeofwool.com\/it\/wp-json\/wp\/v2\/product\/217695\/revisions"}],"predecessor-version":[{"id":225966,"href":"https:\/\/homeofwool.com\/it\/wp-json\/wp\/v2\/product\/217695\/revisions\/225966"}],"wp:featuredmedia":[{"embeddable":true,"href":"https:\/\/homeofwool.com\/it\/wp-json\/wp\/v2\/media\/219610"}],"wp:attachment":[{"href":"https:\/\/homeofwool.com\/it\/wp-json\/wp\/v2\/media?parent=217695"}],"wp:term":[{"taxonomy":"product_brand","embeddable":true,"href":"https:\/\/homeofwool.com\/it\/wp-json\/wp\/v2\/product_brand?post=217695"},{"taxonomy":"product_cat","embeddable":true,"href":"https:\/\/homeofwool.com\/it\/wp-json\/wp\/v2\/product_cat?post=217695"},{"taxonomy":"product_tag","embeddable":true,"href":"https:\/\/homeofwool.com\/it\/wp-json\/wp\/v2\/product_tag?post=217695"}],"curies":[{"name":"wp","href":"https:\/\/api.w.org\/{rel}","templated":true}]}}