{"id":217676,"date":"2025-09-02T12:02:06","date_gmt":"2025-09-02T12:02:06","guid":{"rendered":"https:\/\/homeofwool.com\/?post_type=product&#038;p=217676"},"modified":"2026-02-11T09:55:36","modified_gmt":"2026-02-11T09:55:36","slug":"tappetino-yoga","status":"publish","type":"product","link":"https:\/\/homeofwool.com\/it\/shop\/yoga-mat\/","title":{"rendered":"Tappetino yoga in lana"},"content":{"rendered":"<p>Questo tappetino yoga artigianale \u00e8 progettato per garantire comfort e tranquillit\u00e0 durante la pratica. Realizzato in pura lana, offre un sostegno ottimale e permette al corpo di respirare. A differenza dei tappetini sintetici, \u00e8 ipoallergenico e sicuro per chiunque soffra di sensibilit\u00e0 o allergie. La lana aiuta a mantenere il tappetino fresco resistendo agli acari della polvere e ai batteri. Lo rende una scelta pi\u00f9 salutare per lo yoga, la meditazione o lo stretching delicato.<\/p>\n<p>Ogni tappetino yoga naturale \u00e8 privo di emissioni gassose o tossine nascoste. In questo modo, potrai concentrarti completamente sulla tua pratica.<\/p>\n<p>I tappeti sono disponibili in semplici tonalit\u00e0 di crema, grigio e marrone. \u00c8 anche possibile acquistare la versione a righe, che mette in risalto tutti i colori naturali della lana. Senza coloranti n\u00e9 finiture sintetiche. Per una maggiore stabilit\u00e0 su pavimenti lisci, \u00e8 possibile aggiungere il tappetino antiscivolo opzionale. \u00c8 anche possibile acquistare una borsa per il trasporto in cotone biologico.<\/p>","protected":false},"excerpt":{"rendered":"<p>Stai cercando un tappetino da yoga ma non vuoi ritrovarti con l'ennesimo prodotto in plastica che dovrai sostituire? Questo tappetino da yoga naturale \u00e8 realizzato in pura lana e offre alla tua pratica una base morbida, traspirante e resistente. Realizzato senza materiali sintetici e naturalmente ipoallergenico, ti offre una superficie fresca e traspirante su cui muoverti, fare stretching o semplicemente sederti in silenzio.<\/p>\n<div class=\"global-icon-set\">\n<div class=\"global-icon-set__items\">\n<div class=\"global-icon-set__item\">\n<div class=\"global-icon-set__image\">\n                                    <img decoding=\"async\" src=\"https:\/\/homeofwool.com\/wp-content\/uploads\/2025\/09\/VOCs-min-300x300.png\" alt=\"voci libere\" \/>\n                                <\/div>\n<div class=\"global-icon-set__title\">Senza COV<\/div>\n<\/p><\/div>\n<div class=\"global-icon-set__item\">\n<div class=\"global-icon-set__image\">\n                                    <img decoding=\"async\" src=\"https:\/\/homeofwool.com\/wp-content\/uploads\/2025\/09\/FR-min-300x300.png\" alt=\"icona resistente al fuoco\" \/>\n                                <\/div>\n<div class=\"global-icon-set__title\">Resistente alla fiamma<\/div>\n<\/p><\/div>\n<div class=\"global-icon-set__item\">\n<div class=\"global-icon-set__image\">\n                                    <img decoding=\"async\" src=\"https:\/\/homeofwool.com\/wp-content\/uploads\/2025\/09\/Hypoallergenic-min-300x300.png\" alt=\"icona ipoallergenica\" \/>\n                                <\/div>\n<div class=\"global-icon-set__title\">Ipoallergenico<\/div>\n<\/p><\/div>\n<div class=\"global-icon-set__item\">\n<div class=\"global-icon-set__image\">\n                                    <img decoding=\"async\" src=\"https:\/\/homeofwool.com\/wp-content\/uploads\/2025\/09\/free-of-synthetics-icon-300x300.png\" alt=\"icona priva di sostanze sintetiche\" \/>\n                                <\/div>\n<div class=\"global-icon-set__title\">Privo di sostanze sintetiche<\/div>\n<\/p><\/div>\n<div class=\"global-icon-set__item\">\n<div class=\"global-icon-set__image\">\n                                    <img decoding=\"async\" src=\"https:\/\/homeofwool.com\/wp-content\/uploads\/2025\/09\/chemical-free-icon-300x300.png\" alt=\"icona senza sostanze chimiche\" \/>\n                                <\/div>\n<div class=\"global-icon-set__title\">Senza sostanze chimiche<\/div>\n<\/p><\/div>\n<div class=\"global-icon-set__item\">\n<div class=\"global-icon-set__image\">\n                                    <img decoding=\"async\" src=\"https:\/\/homeofwool.com\/wp-content\/uploads\/2025\/09\/anti-bacterial-icon-300x300.png\" alt=\"icona antibatterica\" \/>\n                                <\/div>\n<div class=\"global-icon-set__title\">Antimicrobico e antibatterico<\/div>\n<\/p><\/div>\n<div class=\"global-icon-set__item\">\n<div class=\"global-icon-set__image\">\n                                    <img decoding=\"async\" src=\"https:\/\/homeofwool.com\/wp-content\/uploads\/2025\/09\/certified-materials-icon-300x300.png\" alt=\"icona dei materiali certificati\" \/>\n                                <\/div>\n<div class=\"global-icon-set__title\">100% Materiali puri certificati<\/div>\n<\/p><\/div>\n<\/p><\/div>\n<\/p><\/div>","protected":false},"featured_media":220931,"template":"","meta":{"_acf_changed":false},"product_brand":[],"product_cat":[1366,302],"product_tag":[524,525,526,527,528,529,530,531,532,533,149,534,535,536],"class_list":{"0":"post-217676","1":"product","2":"type-product","3":"status-publish","4":"has-post-thumbnail","6":"product_cat-womens-day","7":"product_cat-yoga-and-exercise","8":"product_tag-feldenkrais-pad","9":"product_tag-fitness-mat","10":"product_tag-floor-exercises","11":"product_tag-gym-mat","12":"product_tag-handmade-yoga-mat","13":"product_tag-hot-yoga-workout","14":"product_tag-meditation-cushion","15":"product_tag-natural-pilates-mat","16":"product_tag-organic-yoga-pad","17":"product_tag-sitting-balance","18":"product_tag-steps","19":"product_tag-wool-zen-yoga-mat","20":"product_tag-workout-mat","21":"product_tag-yoga-accessories","23":"first","24":"instock","25":"shipping-taxable","26":"purchasable","27":"product-type-simple"},"acf":[],"yoast_head":"<!-- This site is optimized with the Yoast SEO Premium plugin v27.3 (Yoast SEO v27.3) - https:\/\/yoast.com\/product\/yoast-seo-premium-wordpress\/ -->\n<title>Yoga Mat \u2013 Natural, Lightweight &amp; Hypoallergenic | Home of Wool<\/title>\n<meta name=\"description\" content=\"Lightweight and natural, the Yoga Mat features breathable wool comfort. Hypoallergenic and toxin-free, it ensures sustainable, safe, and supportive practice for yoga and meditation.\" \/>\n<meta name=\"robots\" content=\"index, follow, max-snippet:-1, max-image-preview:large, max-video-preview:-1\" \/>\n<link rel=\"canonical\" href=\"https:\/\/homeofwool.com\/it\/negozio\/tappetino-yoga\/\" \/>\n<meta property=\"og:locale\" content=\"it_IT\" \/>\n<meta property=\"og:type\" content=\"article\" \/>\n<meta property=\"og:title\" content=\"Wool Yoga Mat\" \/>\n<meta property=\"og:description\" content=\"Lightweight and natural, the Yoga Mat features breathable wool comfort. Hypoallergenic and toxin-free, it ensures sustainable, safe, and supportive practice for yoga and meditation.\" \/>\n<meta property=\"og:url\" content=\"https:\/\/homeofwool.com\/it\/negozio\/tappetino-yoga\/\" \/>\n<meta property=\"og:site_name\" content=\"Home of Wool\" \/>\n<meta property=\"article:publisher\" content=\"https:\/\/facebook.com\/HomeOfWoolOfficial\" \/>\n<meta property=\"article:modified_time\" content=\"2026-02-11T09:55:36+00:00\" \/>\n<meta property=\"og:image\" content=\"https:\/\/homeofwool.com\/wp-content\/uploads\/2025\/09\/home-of-wool-wool-yoga-mat-1-main.jpg\" \/>\n\t<meta property=\"og:image:width\" content=\"2000\" \/>\n\t<meta property=\"og:image:height\" content=\"1600\" \/>\n\t<meta property=\"og:image:type\" content=\"image\/jpeg\" \/>\n<meta name=\"twitter:card\" content=\"summary_large_image\" \/>\n<meta name=\"twitter:label1\" content=\"Tempo di lettura stimato\" \/>\n\t<meta name=\"twitter:data1\" content=\"1 minuto\" \/>\n<script type=\"application\/ld+json\" class=\"yoast-schema-graph\">{\"@context\":\"https:\\\/\\\/schema.org\",\"@graph\":[{\"@type\":\"WebPage\",\"@id\":\"https:\\\/\\\/homeofwool.com\\\/shop\\\/yoga-mat\\\/\",\"url\":\"https:\\\/\\\/homeofwool.com\\\/shop\\\/yoga-mat\\\/\",\"name\":\"Yoga Mat \u2013 Natural, Lightweight & Hypoallergenic | Home of Wool\",\"isPartOf\":{\"@id\":\"https:\\\/\\\/homeofwool.com\\\/#website\"},\"primaryImageOfPage\":{\"@id\":\"https:\\\/\\\/homeofwool.com\\\/shop\\\/yoga-mat\\\/#primaryimage\"},\"image\":{\"@id\":\"https:\\\/\\\/homeofwool.com\\\/shop\\\/yoga-mat\\\/#primaryimage\"},\"thumbnailUrl\":\"https:\\\/\\\/homeofwool.com\\\/wp-content\\\/uploads\\\/2025\\\/09\\\/home-of-wool-wool-yoga-mat-1-main.jpg\",\"datePublished\":\"2025-09-02T12:02:06+00:00\",\"dateModified\":\"2026-02-11T09:55:36+00:00\",\"description\":\"Lightweight and natural, the Yoga Mat features breathable wool comfort. Hypoallergenic and toxin-free, it ensures sustainable, safe, and supportive practice for yoga and meditation.\",\"breadcrumb\":{\"@id\":\"https:\\\/\\\/homeofwool.com\\\/shop\\\/yoga-mat\\\/#breadcrumb\"},\"inLanguage\":\"it-IT\",\"potentialAction\":[{\"@type\":\"ReadAction\",\"target\":[\"https:\\\/\\\/homeofwool.com\\\/shop\\\/yoga-mat\\\/\"]}]},{\"@type\":\"ImageObject\",\"inLanguage\":\"it-IT\",\"@id\":\"https:\\\/\\\/homeofwool.com\\\/shop\\\/yoga-mat\\\/#primaryimage\",\"url\":\"https:\\\/\\\/homeofwool.com\\\/wp-content\\\/uploads\\\/2025\\\/09\\\/home-of-wool-wool-yoga-mat-1-main.jpg\",\"contentUrl\":\"https:\\\/\\\/homeofwool.com\\\/wp-content\\\/uploads\\\/2025\\\/09\\\/home-of-wool-wool-yoga-mat-1-main.jpg\",\"width\":2000,\"height\":1600,\"caption\":\"wool yoga mat with a woman stretching on it\"},{\"@type\":\"BreadcrumbList\",\"@id\":\"https:\\\/\\\/homeofwool.com\\\/shop\\\/yoga-mat\\\/#breadcrumb\",\"itemListElement\":[{\"@type\":\"ListItem\",\"position\":1,\"name\":\"Home\",\"item\":\"https:\\\/\\\/homeofwool.com\\\/\"},{\"@type\":\"ListItem\",\"position\":2,\"name\":\"Products\",\"item\":\"https:\\\/\\\/homeofwool.com\\\/header-search-2\\\/\"},{\"@type\":\"ListItem\",\"position\":3,\"name\":\"Wool Yoga Mat\"}]},{\"@type\":\"WebSite\",\"@id\":\"https:\\\/\\\/homeofwool.com\\\/#website\",\"url\":\"https:\\\/\\\/homeofwool.com\\\/\",\"name\":\"Home of Wool\",\"description\":\"\",\"publisher\":{\"@id\":\"https:\\\/\\\/homeofwool.com\\\/#organization\"},\"potentialAction\":[{\"@type\":\"SearchAction\",\"target\":{\"@type\":\"EntryPoint\",\"urlTemplate\":\"https:\\\/\\\/homeofwool.com\\\/?s={search_term_string}\"},\"query-input\":{\"@type\":\"PropertyValueSpecification\",\"valueRequired\":true,\"valueName\":\"search_term_string\"}}],\"inLanguage\":\"it-IT\"},{\"@type\":\"Organization\",\"@id\":\"https:\\\/\\\/homeofwool.com\\\/#organization\",\"name\":\"Home of Wool\",\"url\":\"https:\\\/\\\/homeofwool.com\\\/\",\"logo\":{\"@type\":\"ImageObject\",\"inLanguage\":\"it-IT\",\"@id\":\"https:\\\/\\\/homeofwool.com\\\/#\\\/schema\\\/logo\\\/image\\\/\",\"url\":\"https:\\\/\\\/homeofwool.com\\\/wp-content\\\/uploads\\\/2025\\\/09\\\/WhatsApp-Image-2025-12-02-at-16.23.20.jpeg\",\"contentUrl\":\"https:\\\/\\\/homeofwool.com\\\/wp-content\\\/uploads\\\/2025\\\/09\\\/WhatsApp-Image-2025-12-02-at-16.23.20.jpeg\",\"width\":700,\"height\":247,\"caption\":\"Home of Wool\"},\"image\":{\"@id\":\"https:\\\/\\\/homeofwool.com\\\/#\\\/schema\\\/logo\\\/image\\\/\"},\"sameAs\":[\"https:\\\/\\\/facebook.com\\\/HomeOfWoolOfficial\"]}]}<\/script>\n<!-- \/ Yoast SEO Premium plugin. -->","yoast_head_json":{"title":"Tappetino yoga \u2013 Naturale, leggero e ipoallergenico | Home of Wool","description":"Leggero e naturale, il tappetino da yoga \u00e8 realizzato in lana traspirante per garantire il massimo comfort. Ipoallergenico e privo di sostanze tossiche, assicura una pratica sostenibile, sicura e di supporto per lo yoga e la meditazione.","robots":{"index":"index","follow":"follow","max-snippet":"max-snippet:-1","max-image-preview":"max-image-preview:large","max-video-preview":"max-video-preview:-1"},"canonical":"https:\/\/homeofwool.com\/it\/negozio\/tappetino-yoga\/","og_locale":"it_IT","og_type":"article","og_title":"Wool Yoga Mat","og_description":"Lightweight and natural, the Yoga Mat features breathable wool comfort. Hypoallergenic and toxin-free, it ensures sustainable, safe, and supportive practice for yoga and meditation.","og_url":"https:\/\/homeofwool.com\/it\/negozio\/tappetino-yoga\/","og_site_name":"Home of Wool","article_publisher":"https:\/\/facebook.com\/HomeOfWoolOfficial","article_modified_time":"2026-02-11T09:55:36+00:00","og_image":[{"width":2000,"height":1600,"url":"https:\/\/homeofwool.com\/wp-content\/uploads\/2025\/09\/home-of-wool-wool-yoga-mat-1-main.jpg","type":"image\/jpeg"}],"twitter_card":"summary_large_image","twitter_misc":{"Tempo di lettura stimato":"1 minuto"},"schema":{"@context":"https:\/\/schema.org","@graph":[{"@type":"WebPage","@id":"https:\/\/homeofwool.com\/shop\/yoga-mat\/","url":"https:\/\/homeofwool.com\/shop\/yoga-mat\/","name":"Tappetino yoga \u2013 Naturale, leggero e ipoallergenico | Home of Wool","isPartOf":{"@id":"https:\/\/homeofwool.com\/#website"},"primaryImageOfPage":{"@id":"https:\/\/homeofwool.com\/shop\/yoga-mat\/#primaryimage"},"image":{"@id":"https:\/\/homeofwool.com\/shop\/yoga-mat\/#primaryimage"},"thumbnailUrl":"https:\/\/homeofwool.com\/wp-content\/uploads\/2025\/09\/home-of-wool-wool-yoga-mat-1-main.jpg","datePublished":"2025-09-02T12:02:06+00:00","dateModified":"2026-02-11T09:55:36+00:00","description":"Leggero e naturale, il tappetino da yoga \u00e8 realizzato in lana traspirante per garantire il massimo comfort. Ipoallergenico e privo di sostanze tossiche, assicura una pratica sostenibile, sicura e di supporto per lo yoga e la meditazione.","breadcrumb":{"@id":"https:\/\/homeofwool.com\/shop\/yoga-mat\/#breadcrumb"},"inLanguage":"it-IT","potentialAction":[{"@type":"ReadAction","target":["https:\/\/homeofwool.com\/shop\/yoga-mat\/"]}]},{"@type":"ImageObject","inLanguage":"it-IT","@id":"https:\/\/homeofwool.com\/shop\/yoga-mat\/#primaryimage","url":"https:\/\/homeofwool.com\/wp-content\/uploads\/2025\/09\/home-of-wool-wool-yoga-mat-1-main.jpg","contentUrl":"https:\/\/homeofwool.com\/wp-content\/uploads\/2025\/09\/home-of-wool-wool-yoga-mat-1-main.jpg","width":2000,"height":1600,"caption":"wool yoga mat with a woman stretching on it"},{"@type":"BreadcrumbList","@id":"https:\/\/homeofwool.com\/shop\/yoga-mat\/#breadcrumb","itemListElement":[{"@type":"ListItem","position":1,"name":"Home","item":"https:\/\/homeofwool.com\/"},{"@type":"ListItem","position":2,"name":"Products","item":"https:\/\/homeofwool.com\/header-search-2\/"},{"@type":"ListItem","position":3,"name":"Wool Yoga Mat"}]},{"@type":"WebSite","@id":"https:\/\/homeofwool.com\/#website","url":"https:\/\/homeofwool.com\/","name":"Casa della lana","description":"","publisher":{"@id":"https:\/\/homeofwool.com\/#organization"},"potentialAction":[{"@type":"SearchAction","target":{"@type":"EntryPoint","urlTemplate":"https:\/\/homeofwool.com\/?s={search_term_string}"},"query-input":{"@type":"PropertyValueSpecification","valueRequired":true,"valueName":"search_term_string"}}],"inLanguage":"it-IT"},{"@type":"Organization","@id":"https:\/\/homeofwool.com\/#organization","name":"Casa della lana","url":"https:\/\/homeofwool.com\/","logo":{"@type":"ImageObject","inLanguage":"it-IT","@id":"https:\/\/homeofwool.com\/#\/schema\/logo\/image\/","url":"https:\/\/homeofwool.com\/wp-content\/uploads\/2025\/09\/WhatsApp-Image-2025-12-02-at-16.23.20.jpeg","contentUrl":"https:\/\/homeofwool.com\/wp-content\/uploads\/2025\/09\/WhatsApp-Image-2025-12-02-at-16.23.20.jpeg","width":700,"height":247,"caption":"Home of Wool"},"image":{"@id":"https:\/\/homeofwool.com\/#\/schema\/logo\/image\/"},"sameAs":["https:\/\/facebook.com\/HomeOfWoolOfficial"]}]}},"_links":{"self":[{"href":"https:\/\/homeofwool.com\/it\/wp-json\/wp\/v2\/product\/217676","targetHints":{"allow":["GET"]}}],"collection":[{"href":"https:\/\/homeofwool.com\/it\/wp-json\/wp\/v2\/product"}],"about":[{"href":"https:\/\/homeofwool.com\/it\/wp-json\/wp\/v2\/types\/product"}],"version-history":[{"count":2,"href":"https:\/\/homeofwool.com\/it\/wp-json\/wp\/v2\/product\/217676\/revisions"}],"predecessor-version":[{"id":226664,"href":"https:\/\/homeofwool.com\/it\/wp-json\/wp\/v2\/product\/217676\/revisions\/226664"}],"wp:featuredmedia":[{"embeddable":true,"href":"https:\/\/homeofwool.com\/it\/wp-json\/wp\/v2\/media\/220931"}],"wp:attachment":[{"href":"https:\/\/homeofwool.com\/it\/wp-json\/wp\/v2\/media?parent=217676"}],"wp:term":[{"taxonomy":"product_brand","embeddable":true,"href":"https:\/\/homeofwool.com\/it\/wp-json\/wp\/v2\/product_brand?post=217676"},{"taxonomy":"product_cat","embeddable":true,"href":"https:\/\/homeofwool.com\/it\/wp-json\/wp\/v2\/product_cat?post=217676"},{"taxonomy":"product_tag","embeddable":true,"href":"https:\/\/homeofwool.com\/it\/wp-json\/wp\/v2\/product_tag?post=217676"}],"curies":[{"name":"wp","href":"https:\/\/api.w.org\/{rel}","templated":true}]}}