{"id":217675,"date":"2025-09-02T12:02:06","date_gmt":"2025-09-02T12:02:06","guid":{"rendered":"https:\/\/homeofwool.com\/?post_type=product&#038;p=217675"},"modified":"2026-02-13T09:45:13","modified_gmt":"2026-02-13T09:45:13","slug":"cuscino-per-bambini","status":"publish","type":"product","link":"https:\/\/homeofwool.com\/it\/shop\/toddler-pillow\/","title":{"rendered":"Cuscino per bambini in lana"},"content":{"rendered":"<p>Una buona notte di sonno pu\u00f2 fare la differenza per il tuo bambino, e questo cuscino per bambini \u00e8 progettato per offrire comfort e tranquillit\u00e0. \u00c8 imbottito con morbida lana, quindi \u00e8 leggero e confortevole. Tuttavia, offre il sostegno di cui il tuo bambino ha bisogno. La lana \u00e8 naturalmente ipoallergenica. Inoltre, tiene lontani gli acari della polvere. Una scelta eccellente se il tuo bambino soffre di allergie. Perfetto per i bambini con asma e sensibilit\u00e0 chimica. E poich\u00e9 \u00e8 un cuscino traspirante per bambini piccoli, bilancia la temperatura, mantenendo il tuo bambino comodo e asciutto per tutta la notte.<\/p>\n<p>Se desideri semplificarti ulteriormente la vita, offriamo anche federe lavabili. Puoi scegliere se preferisci un modello semplice e pulito o con un grazioso ricamo. Il ricamo trasformer\u00e0 il cuscino in un regalo premuroso.<\/p>\n<p>Ogni parte di questo cuscino \u00e8 realizzata con materiali naturali e biodegradabili. Nessuna sostanza chimica, nessun materiale sintetico. Zero emissioni gassose.<\/p>\n<p>Spessore: 2-2,5\u2033 \/ 5-6 cm<\/p>","protected":false},"excerpt":{"rendered":"<p>Il cuscino in lana per bambini \u00e8 realizzato esclusivamente con lana pura, offrendo al tuo bambino un sostegno delicato senza risultare ingombrante. Poich\u00e9 la lana \u00e8 naturalmente traspirante e priva di sostanze chimiche, crea una superficie pulita e salutare su cui dormire. Molti genitori lo scelgono come alternativa sicura poich\u00e9 aiuta a tenere lontani gli allergeni e non trattiene il calore. In questo modo, i pi\u00f9 piccoli possono riposare pi\u00f9 serenamente.<\/p>\n<div class=\"global-icon-set\">\n<div class=\"global-icon-set__items\">\n<div class=\"global-icon-set__item\">\n<div class=\"global-icon-set__image\">\n                                    <img decoding=\"async\" src=\"https:\/\/homeofwool.com\/wp-content\/uploads\/2025\/09\/handmade-icon-300x300.png\" alt=\"icona fatta a mano\" \/>\n                                <\/div>\n<div class=\"global-icon-set__title\">Fatto a mano<\/div>\n<\/p><\/div>\n<div class=\"global-icon-set__item\">\n<div class=\"global-icon-set__image\">\n                                    <img decoding=\"async\" src=\"https:\/\/homeofwool.com\/wp-content\/uploads\/2025\/09\/Hypoallergenic-min-300x300.png\" alt=\"icona ipoallergenica\" \/>\n                                <\/div>\n<div class=\"global-icon-set__title\">Ipoallergenico<\/div>\n<\/p><\/div>\n<div class=\"global-icon-set__item\">\n<div class=\"global-icon-set__image\">\n                                    <img decoding=\"async\" src=\"https:\/\/homeofwool.com\/wp-content\/uploads\/2025\/09\/FR-min-300x300.png\" alt=\"icona resistente al fuoco\" \/>\n                                <\/div>\n<div class=\"global-icon-set__title\">Resistente alla fiamma<\/div>\n<\/p><\/div>\n<div class=\"global-icon-set__item\">\n<div class=\"global-icon-set__image\">\n                                    <img decoding=\"async\" src=\"https:\/\/homeofwool.com\/wp-content\/uploads\/2025\/09\/free-of-synthetics-icon-300x300.png\" alt=\"icona priva di sostanze sintetiche\" \/>\n                                <\/div>\n<div class=\"global-icon-set__title\">Privo di sostanze sintetiche<\/div>\n<\/p><\/div>\n<div class=\"global-icon-set__item\">\n<div class=\"global-icon-set__image\">\n                                    <img decoding=\"async\" src=\"https:\/\/homeofwool.com\/wp-content\/uploads\/2025\/09\/chemical-free-icon-300x300.png\" alt=\"icona senza sostanze chimiche\" \/>\n                                <\/div>\n<div class=\"global-icon-set__title\">Senza sostanze chimiche<\/div>\n<\/p><\/div>\n<div class=\"global-icon-set__item\">\n<div class=\"global-icon-set__image\">\n                                    <img decoding=\"async\" src=\"https:\/\/homeofwool.com\/wp-content\/uploads\/2025\/09\/anti-bacterial-icon-300x300.png\" alt=\"icona antibatterica\" \/>\n                                <\/div>\n<div class=\"global-icon-set__title\">Antimicrobico e antibatterico<\/div>\n<\/p><\/div>\n<div class=\"global-icon-set__item\">\n<div class=\"global-icon-set__image\">\n                                    <img decoding=\"async\" src=\"https:\/\/homeofwool.com\/wp-content\/uploads\/2025\/09\/certified-materials-icon-300x300.png\" alt=\"icona dei materiali certificati\" \/>\n                                <\/div>\n<div class=\"global-icon-set__title\">100% Materiali puri certificati<\/div>\n<\/p><\/div>\n<\/p><\/div>\n<\/p><\/div>","protected":false},"featured_media":224438,"template":"","meta":{"_acf_changed":false},"product_brand":[],"product_cat":[266,267],"product_tag":[268,269,270,271,273,274,149],"class_list":{"0":"post-217675","1":"product","2":"type-product","3":"status-publish","4":"has-post-thumbnail","6":"product_cat-baby-sleep-products","7":"product_cat-nursery","8":"product_tag-3d-baby-pillow","9":"product_tag-baby-head-pillow","10":"product_tag-baby-sleep-pillow","11":"product_tag-flat-head-pillow","12":"product_tag-infant-pillow","13":"product_tag-newborn-pillow","14":"product_tag-steps","16":"first","17":"instock","18":"shipping-taxable","19":"purchasable","20":"product-type-simple"},"acf":[],"yoast_head":"<!-- This site is optimized with the Yoast SEO Premium plugin v27.3 (Yoast SEO v27.3) - https:\/\/yoast.com\/product\/yoast-seo-premium-wordpress\/ -->\n<title>Organic Toddler Pillow \u2013 Hypoallergenic &amp; Breathable | Home of Wool<\/title>\n<meta name=\"description\" content=\"Soft and breathable, the Organic Toddler Pillow offers hypoallergenic, toxin-free comfort. Crafted with natural wool filling, it ensures safe support for growing children year-round.\" \/>\n<meta name=\"robots\" content=\"index, follow, max-snippet:-1, max-image-preview:large, max-video-preview:-1\" \/>\n<link rel=\"canonical\" href=\"https:\/\/homeofwool.com\/it\/negozio\/cuscino-per-bambini\/\" \/>\n<meta property=\"og:locale\" content=\"it_IT\" \/>\n<meta property=\"og:type\" content=\"article\" \/>\n<meta property=\"og:title\" content=\"Wool Toddler Pillow\" \/>\n<meta property=\"og:description\" content=\"Soft and breathable, the Organic Toddler Pillow offers hypoallergenic, toxin-free comfort. Crafted with natural wool filling, it ensures safe support for growing children year-round.\" \/>\n<meta property=\"og:url\" content=\"https:\/\/homeofwool.com\/it\/negozio\/cuscino-per-bambini\/\" \/>\n<meta property=\"og:site_name\" content=\"Home of Wool\" \/>\n<meta property=\"article:publisher\" content=\"https:\/\/facebook.com\/HomeOfWoolOfficial\" \/>\n<meta property=\"article:modified_time\" content=\"2026-02-13T09:45:13+00:00\" \/>\n<meta property=\"og:image\" content=\"https:\/\/homeofwool.com\/wp-content\/uploads\/2025\/09\/home-of-wool-toddler-pillow-1-main.jpg\" \/>\n\t<meta property=\"og:image:width\" content=\"2000\" \/>\n\t<meta property=\"og:image:height\" content=\"1600\" \/>\n\t<meta property=\"og:image:type\" content=\"image\/jpeg\" \/>\n<meta name=\"twitter:card\" content=\"summary_large_image\" \/>\n<meta name=\"twitter:label1\" content=\"Tempo di lettura stimato\" \/>\n\t<meta name=\"twitter:data1\" content=\"1 minuto\" \/>\n<script type=\"application\/ld+json\" class=\"yoast-schema-graph\">{\"@context\":\"https:\\\/\\\/schema.org\",\"@graph\":[{\"@type\":\"WebPage\",\"@id\":\"https:\\\/\\\/homeofwool.com\\\/shop\\\/toddler-pillow\\\/\",\"url\":\"https:\\\/\\\/homeofwool.com\\\/shop\\\/toddler-pillow\\\/\",\"name\":\"Organic Toddler Pillow \u2013 Hypoallergenic & Breathable | Home of Wool\",\"isPartOf\":{\"@id\":\"https:\\\/\\\/homeofwool.com\\\/#website\"},\"primaryImageOfPage\":{\"@id\":\"https:\\\/\\\/homeofwool.com\\\/shop\\\/toddler-pillow\\\/#primaryimage\"},\"image\":{\"@id\":\"https:\\\/\\\/homeofwool.com\\\/shop\\\/toddler-pillow\\\/#primaryimage\"},\"thumbnailUrl\":\"https:\\\/\\\/homeofwool.com\\\/wp-content\\\/uploads\\\/2025\\\/09\\\/home-of-wool-toddler-pillow-1-main.jpg\",\"datePublished\":\"2025-09-02T12:02:06+00:00\",\"dateModified\":\"2026-02-13T09:45:13+00:00\",\"description\":\"Soft and breathable, the Organic Toddler Pillow offers hypoallergenic, toxin-free comfort. Crafted with natural wool filling, it ensures safe support for growing children year-round.\",\"breadcrumb\":{\"@id\":\"https:\\\/\\\/homeofwool.com\\\/shop\\\/toddler-pillow\\\/#breadcrumb\"},\"inLanguage\":\"it-IT\",\"potentialAction\":[{\"@type\":\"ReadAction\",\"target\":[\"https:\\\/\\\/homeofwool.com\\\/shop\\\/toddler-pillow\\\/\"]}]},{\"@type\":\"ImageObject\",\"inLanguage\":\"it-IT\",\"@id\":\"https:\\\/\\\/homeofwool.com\\\/shop\\\/toddler-pillow\\\/#primaryimage\",\"url\":\"https:\\\/\\\/homeofwool.com\\\/wp-content\\\/uploads\\\/2025\\\/09\\\/home-of-wool-toddler-pillow-1-main.jpg\",\"contentUrl\":\"https:\\\/\\\/homeofwool.com\\\/wp-content\\\/uploads\\\/2025\\\/09\\\/home-of-wool-toddler-pillow-1-main.jpg\",\"width\":2000,\"height\":1600,\"caption\":\"100% virgin wool pillow for toddler\"},{\"@type\":\"BreadcrumbList\",\"@id\":\"https:\\\/\\\/homeofwool.com\\\/shop\\\/toddler-pillow\\\/#breadcrumb\",\"itemListElement\":[{\"@type\":\"ListItem\",\"position\":1,\"name\":\"Home\",\"item\":\"https:\\\/\\\/homeofwool.com\\\/\"},{\"@type\":\"ListItem\",\"position\":2,\"name\":\"Products\",\"item\":\"https:\\\/\\\/homeofwool.com\\\/header-search-2\\\/\"},{\"@type\":\"ListItem\",\"position\":3,\"name\":\"Wool Toddler Pillow\"}]},{\"@type\":\"WebSite\",\"@id\":\"https:\\\/\\\/homeofwool.com\\\/#website\",\"url\":\"https:\\\/\\\/homeofwool.com\\\/\",\"name\":\"Home of Wool\",\"description\":\"\",\"publisher\":{\"@id\":\"https:\\\/\\\/homeofwool.com\\\/#organization\"},\"potentialAction\":[{\"@type\":\"SearchAction\",\"target\":{\"@type\":\"EntryPoint\",\"urlTemplate\":\"https:\\\/\\\/homeofwool.com\\\/?s={search_term_string}\"},\"query-input\":{\"@type\":\"PropertyValueSpecification\",\"valueRequired\":true,\"valueName\":\"search_term_string\"}}],\"inLanguage\":\"it-IT\"},{\"@type\":\"Organization\",\"@id\":\"https:\\\/\\\/homeofwool.com\\\/#organization\",\"name\":\"Home of Wool\",\"url\":\"https:\\\/\\\/homeofwool.com\\\/\",\"logo\":{\"@type\":\"ImageObject\",\"inLanguage\":\"it-IT\",\"@id\":\"https:\\\/\\\/homeofwool.com\\\/#\\\/schema\\\/logo\\\/image\\\/\",\"url\":\"https:\\\/\\\/homeofwool.com\\\/wp-content\\\/uploads\\\/2025\\\/09\\\/WhatsApp-Image-2025-12-02-at-16.23.20.jpeg\",\"contentUrl\":\"https:\\\/\\\/homeofwool.com\\\/wp-content\\\/uploads\\\/2025\\\/09\\\/WhatsApp-Image-2025-12-02-at-16.23.20.jpeg\",\"width\":700,\"height\":247,\"caption\":\"Home of Wool\"},\"image\":{\"@id\":\"https:\\\/\\\/homeofwool.com\\\/#\\\/schema\\\/logo\\\/image\\\/\"},\"sameAs\":[\"https:\\\/\\\/facebook.com\\\/HomeOfWoolOfficial\"]}]}<\/script>\n<!-- \/ Yoast SEO Premium plugin. -->","yoast_head_json":{"title":"Cuscino biologico per bambini piccoli \u2013 Ipoallergenico e traspirante | Home of Wool","description":"Morbido e traspirante, il cuscino biologico per bambini offre un comfort ipoallergenico e privo di sostanze tossiche. Realizzato con imbottitura in lana naturale, garantisce un sostegno sicuro per i bambini in crescita durante tutto l'anno.","robots":{"index":"index","follow":"follow","max-snippet":"max-snippet:-1","max-image-preview":"max-image-preview:large","max-video-preview":"max-video-preview:-1"},"canonical":"https:\/\/homeofwool.com\/it\/negozio\/cuscino-per-bambini\/","og_locale":"it_IT","og_type":"article","og_title":"Wool Toddler Pillow","og_description":"Soft and breathable, the Organic Toddler Pillow offers hypoallergenic, toxin-free comfort. Crafted with natural wool filling, it ensures safe support for growing children year-round.","og_url":"https:\/\/homeofwool.com\/it\/negozio\/cuscino-per-bambini\/","og_site_name":"Home of Wool","article_publisher":"https:\/\/facebook.com\/HomeOfWoolOfficial","article_modified_time":"2026-02-13T09:45:13+00:00","og_image":[{"width":2000,"height":1600,"url":"https:\/\/homeofwool.com\/wp-content\/uploads\/2025\/09\/home-of-wool-toddler-pillow-1-main.jpg","type":"image\/jpeg"}],"twitter_card":"summary_large_image","twitter_misc":{"Tempo di lettura stimato":"1 minuto"},"schema":{"@context":"https:\/\/schema.org","@graph":[{"@type":"WebPage","@id":"https:\/\/homeofwool.com\/shop\/toddler-pillow\/","url":"https:\/\/homeofwool.com\/shop\/toddler-pillow\/","name":"Cuscino biologico per bambini piccoli \u2013 Ipoallergenico e traspirante | Home of Wool","isPartOf":{"@id":"https:\/\/homeofwool.com\/#website"},"primaryImageOfPage":{"@id":"https:\/\/homeofwool.com\/shop\/toddler-pillow\/#primaryimage"},"image":{"@id":"https:\/\/homeofwool.com\/shop\/toddler-pillow\/#primaryimage"},"thumbnailUrl":"https:\/\/homeofwool.com\/wp-content\/uploads\/2025\/09\/home-of-wool-toddler-pillow-1-main.jpg","datePublished":"2025-09-02T12:02:06+00:00","dateModified":"2026-02-13T09:45:13+00:00","description":"Morbido e traspirante, il cuscino biologico per bambini offre un comfort ipoallergenico e privo di sostanze tossiche. Realizzato con imbottitura in lana naturale, garantisce un sostegno sicuro per i bambini in crescita durante tutto l'anno.","breadcrumb":{"@id":"https:\/\/homeofwool.com\/shop\/toddler-pillow\/#breadcrumb"},"inLanguage":"it-IT","potentialAction":[{"@type":"ReadAction","target":["https:\/\/homeofwool.com\/shop\/toddler-pillow\/"]}]},{"@type":"ImageObject","inLanguage":"it-IT","@id":"https:\/\/homeofwool.com\/shop\/toddler-pillow\/#primaryimage","url":"https:\/\/homeofwool.com\/wp-content\/uploads\/2025\/09\/home-of-wool-toddler-pillow-1-main.jpg","contentUrl":"https:\/\/homeofwool.com\/wp-content\/uploads\/2025\/09\/home-of-wool-toddler-pillow-1-main.jpg","width":2000,"height":1600,"caption":"100% virgin wool pillow for toddler"},{"@type":"BreadcrumbList","@id":"https:\/\/homeofwool.com\/shop\/toddler-pillow\/#breadcrumb","itemListElement":[{"@type":"ListItem","position":1,"name":"Home","item":"https:\/\/homeofwool.com\/"},{"@type":"ListItem","position":2,"name":"Products","item":"https:\/\/homeofwool.com\/header-search-2\/"},{"@type":"ListItem","position":3,"name":"Wool Toddler Pillow"}]},{"@type":"WebSite","@id":"https:\/\/homeofwool.com\/#website","url":"https:\/\/homeofwool.com\/","name":"Casa della lana","description":"","publisher":{"@id":"https:\/\/homeofwool.com\/#organization"},"potentialAction":[{"@type":"SearchAction","target":{"@type":"EntryPoint","urlTemplate":"https:\/\/homeofwool.com\/?s={search_term_string}"},"query-input":{"@type":"PropertyValueSpecification","valueRequired":true,"valueName":"search_term_string"}}],"inLanguage":"it-IT"},{"@type":"Organization","@id":"https:\/\/homeofwool.com\/#organization","name":"Casa della lana","url":"https:\/\/homeofwool.com\/","logo":{"@type":"ImageObject","inLanguage":"it-IT","@id":"https:\/\/homeofwool.com\/#\/schema\/logo\/image\/","url":"https:\/\/homeofwool.com\/wp-content\/uploads\/2025\/09\/WhatsApp-Image-2025-12-02-at-16.23.20.jpeg","contentUrl":"https:\/\/homeofwool.com\/wp-content\/uploads\/2025\/09\/WhatsApp-Image-2025-12-02-at-16.23.20.jpeg","width":700,"height":247,"caption":"Home of Wool"},"image":{"@id":"https:\/\/homeofwool.com\/#\/schema\/logo\/image\/"},"sameAs":["https:\/\/facebook.com\/HomeOfWoolOfficial"]}]}},"_links":{"self":[{"href":"https:\/\/homeofwool.com\/it\/wp-json\/wp\/v2\/product\/217675","targetHints":{"allow":["GET"]}}],"collection":[{"href":"https:\/\/homeofwool.com\/it\/wp-json\/wp\/v2\/product"}],"about":[{"href":"https:\/\/homeofwool.com\/it\/wp-json\/wp\/v2\/types\/product"}],"version-history":[{"count":4,"href":"https:\/\/homeofwool.com\/it\/wp-json\/wp\/v2\/product\/217675\/revisions"}],"predecessor-version":[{"id":228248,"href":"https:\/\/homeofwool.com\/it\/wp-json\/wp\/v2\/product\/217675\/revisions\/228248"}],"wp:featuredmedia":[{"embeddable":true,"href":"https:\/\/homeofwool.com\/it\/wp-json\/wp\/v2\/media\/224438"}],"wp:attachment":[{"href":"https:\/\/homeofwool.com\/it\/wp-json\/wp\/v2\/media?parent=217675"}],"wp:term":[{"taxonomy":"product_brand","embeddable":true,"href":"https:\/\/homeofwool.com\/it\/wp-json\/wp\/v2\/product_brand?post=217675"},{"taxonomy":"product_cat","embeddable":true,"href":"https:\/\/homeofwool.com\/it\/wp-json\/wp\/v2\/product_cat?post=217675"},{"taxonomy":"product_tag","embeddable":true,"href":"https:\/\/homeofwool.com\/it\/wp-json\/wp\/v2\/product_tag?post=217675"}],"curies":[{"name":"wp","href":"https:\/\/api.w.org\/{rel}","templated":true}]}}