{"id":217672,"date":"2025-09-02T12:02:06","date_gmt":"2025-09-02T12:02:06","guid":{"rendered":"https:\/\/homeofwool.com\/?post_type=product&#038;p=217672"},"modified":"2026-02-11T09:55:38","modified_gmt":"2026-02-11T09:55:38","slug":"stokke-topper","status":"publish","type":"product","link":"https:\/\/homeofwool.com\/it\/shop\/stokke-topper\/","title":{"rendered":"Coprimaterasso ovale per culla \u2013 Per Stokke Sleepi"},"content":{"rendered":"<p>Molti genitori che possiedono una culla Stokke desiderano un po' di comfort in pi\u00f9 senza compromettere la sicurezza. Questo \u00e8 esattamente ci\u00f2 che offre il coprimaterasso Home of Wool Stokke. All'interno \u00e8 imbottito esclusivamente con lana. Crea un morbido cuscino sopra il materasso senza comprometterne la rigidit\u00e0. La naturale capacit\u00e0 della lana di traspirare le consente di mantenere la temperatura in qualsiasi ambiente, aiutando a prevenire il surriscaldamento o i brividi, cos\u00ec il tuo bambino riposa pi\u00f9 serenamente.<\/p>\n<p>Essendo completamente privo di sostanze chimiche, il coprimaterasso non contiene colle, ritardanti di fiamma o materiali sintetici. Al contrario, offre una superficie pulita e ipoallergenica. Questo grazie alla lana, eccellente nel resistere agli acari della polvere e ai batteri, che rende il coprimaterasso particolarmente indicato per i bambini che soffrono di allergie.<\/p>\n<p>Con uno spessore di 4 cm, migliora il comfort senza risultare ingombrante. Il design sottile lo rende facile da riporre e puoi persino arrotolarlo per portarlo con te in viaggio, cos\u00ec il tuo bambino si sentir\u00e0 a casa e dormir\u00e0 comodamente ovunque tu vada.<\/p>\n<p>Quando il bambino diventa troppo grande per la culla, non \u00e8 necessario riporre il coprimaterasso. \u00c8 perfetto come morbido tappetino da gioco da posizionare sul pavimento, regalando cos\u00ec una seconda vita al prodotto nella vostra casa. Per rendere ancora pi\u00f9 facile la manutenzione, \u00e8 possibile aggiungere il nostro coprimaterasso in lana opzionale e lenzuola con angoli per una vestibilit\u00e0 perfetta.<\/p>","protected":false},"excerpt":{"rendered":"<p>Questo coprimaterasso in lana \u00e8 realizzato per adattarsi alla forma ovale unica del lettino Stokke Sleepi, aggiungendo morbidezza e traspirabilit\u00e0 al materasso del tuo bambino. Naturalmente termoregolante e completamente privo di sostanze chimiche, contribuisce a creare un ambiente di riposo pi\u00f9 sano per i pi\u00f9 piccoli sensibili.<\/p>\n<div class=\"global-icon-set\">\n<div class=\"global-icon-set__items\">\n<div class=\"global-icon-set__item\">\n<div class=\"global-icon-set__image\">\n                                    <img decoding=\"async\" src=\"https:\/\/homeofwool.com\/wp-content\/uploads\/2025\/09\/handmade-icon-300x300.png\" alt=\"icona fatta a mano\" \/>\n                                <\/div>\n<div class=\"global-icon-set__title\">Fatto a mano<\/div>\n<\/p><\/div>\n<div class=\"global-icon-set__item\">\n<div class=\"global-icon-set__image\">\n                                    <img decoding=\"async\" src=\"https:\/\/homeofwool.com\/wp-content\/uploads\/2025\/09\/wicks-moisture-away-300x300.png\" alt=\"allontana l&#039;umidit\u00e0\" \/>\n                                <\/div>\n<div class=\"global-icon-set__title\">Elimina l'umidit\u00e0<\/div>\n<\/p><\/div>\n<div class=\"global-icon-set__item\">\n<div class=\"global-icon-set__image\">\n                                    <img decoding=\"async\" src=\"https:\/\/homeofwool.com\/wp-content\/uploads\/2025\/09\/VOCs-min-300x300.png\" alt=\"voci libere\" \/>\n                                <\/div>\n<div class=\"global-icon-set__title\">Senza COV<\/div>\n<\/p><\/div>\n<div class=\"global-icon-set__item\">\n<div class=\"global-icon-set__image\">\n                                    <img decoding=\"async\" src=\"https:\/\/homeofwool.com\/wp-content\/uploads\/2025\/09\/FR-min-300x300.png\" alt=\"icona resistente al fuoco\" \/>\n                                <\/div>\n<div class=\"global-icon-set__title\">Resistente alla fiamma<\/div>\n<\/p><\/div>\n<div class=\"global-icon-set__item\">\n<div class=\"global-icon-set__image\">\n                                    <img decoding=\"async\" src=\"https:\/\/homeofwool.com\/wp-content\/uploads\/2025\/09\/Hypoallergenic-min-300x300.png\" alt=\"icona ipoallergenica\" \/>\n                                <\/div>\n<div class=\"global-icon-set__title\">Ipoallergenico<\/div>\n<\/p><\/div>\n<div class=\"global-icon-set__item\">\n<div class=\"global-icon-set__image\">\n                                    <img decoding=\"async\" src=\"https:\/\/homeofwool.com\/wp-content\/uploads\/2025\/09\/free-of-synthetics-icon-300x300.png\" alt=\"icona priva di sostanze sintetiche\" \/>\n                                <\/div>\n<div class=\"global-icon-set__title\">Privo di sostanze sintetiche<\/div>\n<\/p><\/div>\n<div class=\"global-icon-set__item\">\n<div class=\"global-icon-set__image\">\n                                    <img decoding=\"async\" src=\"https:\/\/homeofwool.com\/wp-content\/uploads\/2025\/09\/chemical-free-icon-300x300.png\" alt=\"icona senza sostanze chimiche\" \/>\n                                <\/div>\n<div class=\"global-icon-set__title\">Senza sostanze chimiche<\/div>\n<\/p><\/div>\n<div class=\"global-icon-set__item\">\n<div class=\"global-icon-set__image\">\n                                    <img decoding=\"async\" src=\"https:\/\/homeofwool.com\/wp-content\/uploads\/2025\/09\/anti-bacterial-icon-300x300.png\" alt=\"icona antibatterica\" \/>\n                                <\/div>\n<div class=\"global-icon-set__title\">Antimicrobico e antibatterico<\/div>\n<\/p><\/div>\n<div class=\"global-icon-set__item\">\n<div class=\"global-icon-set__image\">\n                                    <img decoding=\"async\" src=\"https:\/\/homeofwool.com\/wp-content\/uploads\/2025\/09\/certified-materials-icon-300x300.png\" alt=\"icona dei materiali certificati\" \/>\n                                <\/div>\n<div class=\"global-icon-set__title\">100% Materiali puri certificati<\/div>\n<\/p><\/div>\n<\/p><\/div>\n<\/p><\/div>","protected":false},"featured_media":219209,"template":"","meta":{"_acf_changed":false},"product_brand":[],"product_cat":[459],"product_tag":[496,497,498,187,500,394,195,149,690],"class_list":{"0":"post-217672","1":"product","2":"type-product","3":"status-publish","4":"has-post-thumbnail","6":"product_cat-mattresses-toppers","7":"product_tag-crib-mattress-topper","8":"product_tag-crib-topper","9":"product_tag-eco-friendly-cot","10":"product_tag-hypoallergenic-bed","11":"product_tag-natural-bedding","12":"product_tag-non-toxic-topper","13":"product_tag-organic-mattress","14":"product_tag-steps","15":"product_tag-stokke-sleepi-size-topper","17":"first","18":"instock","19":"shipping-taxable","20":"purchasable","21":"product-type-simple"},"acf":[],"yoast_head":"<!-- This site is optimized with the Yoast SEO Premium plugin v27.3 (Yoast SEO v27.3) - https:\/\/yoast.com\/product\/yoast-seo-premium-wordpress\/ -->\n<title>Oval Crib Mattress Topper \u2013 For Stokke Sleepi | Home of Wool<\/title>\n<meta name=\"description\" content=\"Adding gentle comfort, the Oval Crib Mattress Topper is made with breathable organic wool to regulate temperature, creating toxin-free, hypoallergenic protection for little ones at night.\" \/>\n<meta name=\"robots\" content=\"index, follow, max-snippet:-1, max-image-preview:large, max-video-preview:-1\" \/>\n<link rel=\"canonical\" href=\"https:\/\/homeofwool.com\/it\/negozio\/stokke-topper\/\" \/>\n<meta property=\"og:locale\" content=\"it_IT\" \/>\n<meta property=\"og:type\" content=\"article\" \/>\n<meta property=\"og:title\" content=\"Oval Crib Mattress Topper \u2013 For Stokke Sleepi\" \/>\n<meta property=\"og:description\" content=\"Adding gentle comfort, the Oval Crib Mattress Topper is made with breathable organic wool to regulate temperature, creating toxin-free, hypoallergenic protection for little ones at night.\" \/>\n<meta property=\"og:url\" content=\"https:\/\/homeofwool.com\/it\/negozio\/stokke-topper\/\" \/>\n<meta property=\"og:site_name\" content=\"Home of Wool\" \/>\n<meta property=\"article:publisher\" content=\"https:\/\/facebook.com\/HomeOfWoolOfficial\" \/>\n<meta property=\"article:modified_time\" content=\"2026-02-11T09:55:38+00:00\" \/>\n<meta property=\"og:image\" content=\"https:\/\/homeofwool.com\/wp-content\/uploads\/2025\/09\/home-of-wool-oval-crib-mattress-topper\u2013-for-stokke-sleepi-1-main.jpg\" \/>\n\t<meta property=\"og:image:width\" content=\"1706\" \/>\n\t<meta property=\"og:image:height\" content=\"1365\" \/>\n\t<meta property=\"og:image:type\" content=\"image\/jpeg\" \/>\n<meta name=\"twitter:card\" content=\"summary_large_image\" \/>\n<meta name=\"twitter:label1\" content=\"Tempo di lettura stimato\" \/>\n\t<meta name=\"twitter:data1\" content=\"2 minuti\" \/>\n<script type=\"application\/ld+json\" class=\"yoast-schema-graph\">{\"@context\":\"https:\\\/\\\/schema.org\",\"@graph\":[{\"@type\":\"WebPage\",\"@id\":\"https:\\\/\\\/homeofwool.com\\\/shop\\\/stokke-topper\\\/\",\"url\":\"https:\\\/\\\/homeofwool.com\\\/shop\\\/stokke-topper\\\/\",\"name\":\"Oval Crib Mattress Topper \u2013 For Stokke Sleepi | Home of Wool\",\"isPartOf\":{\"@id\":\"https:\\\/\\\/homeofwool.com\\\/#website\"},\"primaryImageOfPage\":{\"@id\":\"https:\\\/\\\/homeofwool.com\\\/shop\\\/stokke-topper\\\/#primaryimage\"},\"image\":{\"@id\":\"https:\\\/\\\/homeofwool.com\\\/shop\\\/stokke-topper\\\/#primaryimage\"},\"thumbnailUrl\":\"https:\\\/\\\/homeofwool.com\\\/wp-content\\\/uploads\\\/2025\\\/09\\\/home-of-wool-oval-crib-mattress-topper\u2013-for-stokke-sleepi-1-main.jpg\",\"datePublished\":\"2025-09-02T12:02:06+00:00\",\"dateModified\":\"2026-02-11T09:55:38+00:00\",\"description\":\"Adding gentle comfort, the Oval Crib Mattress Topper is made with breathable organic wool to regulate temperature, creating toxin-free, hypoallergenic protection for little ones at night.\",\"breadcrumb\":{\"@id\":\"https:\\\/\\\/homeofwool.com\\\/shop\\\/stokke-topper\\\/#breadcrumb\"},\"inLanguage\":\"it-IT\",\"potentialAction\":[{\"@type\":\"ReadAction\",\"target\":[\"https:\\\/\\\/homeofwool.com\\\/shop\\\/stokke-topper\\\/\"]}]},{\"@type\":\"ImageObject\",\"inLanguage\":\"it-IT\",\"@id\":\"https:\\\/\\\/homeofwool.com\\\/shop\\\/stokke-topper\\\/#primaryimage\",\"url\":\"https:\\\/\\\/homeofwool.com\\\/wp-content\\\/uploads\\\/2025\\\/09\\\/home-of-wool-oval-crib-mattress-topper\u2013-for-stokke-sleepi-1-main.jpg\",\"contentUrl\":\"https:\\\/\\\/homeofwool.com\\\/wp-content\\\/uploads\\\/2025\\\/09\\\/home-of-wool-oval-crib-mattress-topper\u2013-for-stokke-sleepi-1-main.jpg\",\"width\":1706,\"height\":1365,\"caption\":\"wool stokke crib mattress topper on top of a wool stokke mattress\"},{\"@type\":\"BreadcrumbList\",\"@id\":\"https:\\\/\\\/homeofwool.com\\\/shop\\\/stokke-topper\\\/#breadcrumb\",\"itemListElement\":[{\"@type\":\"ListItem\",\"position\":1,\"name\":\"Home\",\"item\":\"https:\\\/\\\/homeofwool.com\\\/\"},{\"@type\":\"ListItem\",\"position\":2,\"name\":\"Products\",\"item\":\"https:\\\/\\\/homeofwool.com\\\/header-search-2\\\/\"},{\"@type\":\"ListItem\",\"position\":3,\"name\":\"Oval Crib Mattress Topper \u2013 For Stokke Sleepi\"}]},{\"@type\":\"WebSite\",\"@id\":\"https:\\\/\\\/homeofwool.com\\\/#website\",\"url\":\"https:\\\/\\\/homeofwool.com\\\/\",\"name\":\"Home of Wool\",\"description\":\"\",\"publisher\":{\"@id\":\"https:\\\/\\\/homeofwool.com\\\/#organization\"},\"potentialAction\":[{\"@type\":\"SearchAction\",\"target\":{\"@type\":\"EntryPoint\",\"urlTemplate\":\"https:\\\/\\\/homeofwool.com\\\/?s={search_term_string}\"},\"query-input\":{\"@type\":\"PropertyValueSpecification\",\"valueRequired\":true,\"valueName\":\"search_term_string\"}}],\"inLanguage\":\"it-IT\"},{\"@type\":\"Organization\",\"@id\":\"https:\\\/\\\/homeofwool.com\\\/#organization\",\"name\":\"Home of Wool\",\"url\":\"https:\\\/\\\/homeofwool.com\\\/\",\"logo\":{\"@type\":\"ImageObject\",\"inLanguage\":\"it-IT\",\"@id\":\"https:\\\/\\\/homeofwool.com\\\/#\\\/schema\\\/logo\\\/image\\\/\",\"url\":\"https:\\\/\\\/homeofwool.com\\\/wp-content\\\/uploads\\\/2025\\\/09\\\/WhatsApp-Image-2025-12-02-at-16.23.20.jpeg\",\"contentUrl\":\"https:\\\/\\\/homeofwool.com\\\/wp-content\\\/uploads\\\/2025\\\/09\\\/WhatsApp-Image-2025-12-02-at-16.23.20.jpeg\",\"width\":700,\"height\":247,\"caption\":\"Home of Wool\"},\"image\":{\"@id\":\"https:\\\/\\\/homeofwool.com\\\/#\\\/schema\\\/logo\\\/image\\\/\"},\"sameAs\":[\"https:\\\/\\\/facebook.com\\\/HomeOfWoolOfficial\"]}]}<\/script>\n<!-- \/ Yoast SEO Premium plugin. -->","yoast_head_json":{"title":"Coprimaterasso ovale per culla \u2013 Per Stokke Sleepi | Home of Wool","description":"Aggiungendo un tocco di morbido comfort, il coprimaterasso ovale per culla \u00e8 realizzato in lana biologica traspirante per regolare la temperatura, creando una protezione ipoallergenica e priva di tossine per i pi\u00f9 piccoli durante la notte.","robots":{"index":"index","follow":"follow","max-snippet":"max-snippet:-1","max-image-preview":"max-image-preview:large","max-video-preview":"max-video-preview:-1"},"canonical":"https:\/\/homeofwool.com\/it\/negozio\/stokke-topper\/","og_locale":"it_IT","og_type":"article","og_title":"Oval Crib Mattress Topper \u2013 For Stokke Sleepi","og_description":"Adding gentle comfort, the Oval Crib Mattress Topper is made with breathable organic wool to regulate temperature, creating toxin-free, hypoallergenic protection for little ones at night.","og_url":"https:\/\/homeofwool.com\/it\/negozio\/stokke-topper\/","og_site_name":"Home of Wool","article_publisher":"https:\/\/facebook.com\/HomeOfWoolOfficial","article_modified_time":"2026-02-11T09:55:38+00:00","og_image":[{"width":1706,"height":1365,"url":"https:\/\/homeofwool.com\/wp-content\/uploads\/2025\/09\/home-of-wool-oval-crib-mattress-topper\u2013-for-stokke-sleepi-1-main.jpg","type":"image\/jpeg"}],"twitter_card":"summary_large_image","twitter_misc":{"Tempo di lettura stimato":"2 minuti"},"schema":{"@context":"https:\/\/schema.org","@graph":[{"@type":"WebPage","@id":"https:\/\/homeofwool.com\/shop\/stokke-topper\/","url":"https:\/\/homeofwool.com\/shop\/stokke-topper\/","name":"Coprimaterasso ovale per culla \u2013 Per Stokke Sleepi | Home of Wool","isPartOf":{"@id":"https:\/\/homeofwool.com\/#website"},"primaryImageOfPage":{"@id":"https:\/\/homeofwool.com\/shop\/stokke-topper\/#primaryimage"},"image":{"@id":"https:\/\/homeofwool.com\/shop\/stokke-topper\/#primaryimage"},"thumbnailUrl":"https:\/\/homeofwool.com\/wp-content\/uploads\/2025\/09\/home-of-wool-oval-crib-mattress-topper\u2013-for-stokke-sleepi-1-main.jpg","datePublished":"2025-09-02T12:02:06+00:00","dateModified":"2026-02-11T09:55:38+00:00","description":"Aggiungendo un tocco di morbido comfort, il coprimaterasso ovale per culla \u00e8 realizzato in lana biologica traspirante per regolare la temperatura, creando una protezione ipoallergenica e priva di tossine per i pi\u00f9 piccoli durante la notte.","breadcrumb":{"@id":"https:\/\/homeofwool.com\/shop\/stokke-topper\/#breadcrumb"},"inLanguage":"it-IT","potentialAction":[{"@type":"ReadAction","target":["https:\/\/homeofwool.com\/shop\/stokke-topper\/"]}]},{"@type":"ImageObject","inLanguage":"it-IT","@id":"https:\/\/homeofwool.com\/shop\/stokke-topper\/#primaryimage","url":"https:\/\/homeofwool.com\/wp-content\/uploads\/2025\/09\/home-of-wool-oval-crib-mattress-topper\u2013-for-stokke-sleepi-1-main.jpg","contentUrl":"https:\/\/homeofwool.com\/wp-content\/uploads\/2025\/09\/home-of-wool-oval-crib-mattress-topper\u2013-for-stokke-sleepi-1-main.jpg","width":1706,"height":1365,"caption":"wool stokke crib mattress topper on top of a wool stokke mattress"},{"@type":"BreadcrumbList","@id":"https:\/\/homeofwool.com\/shop\/stokke-topper\/#breadcrumb","itemListElement":[{"@type":"ListItem","position":1,"name":"Home","item":"https:\/\/homeofwool.com\/"},{"@type":"ListItem","position":2,"name":"Products","item":"https:\/\/homeofwool.com\/header-search-2\/"},{"@type":"ListItem","position":3,"name":"Oval Crib Mattress Topper \u2013 For Stokke Sleepi"}]},{"@type":"WebSite","@id":"https:\/\/homeofwool.com\/#website","url":"https:\/\/homeofwool.com\/","name":"Casa della lana","description":"","publisher":{"@id":"https:\/\/homeofwool.com\/#organization"},"potentialAction":[{"@type":"SearchAction","target":{"@type":"EntryPoint","urlTemplate":"https:\/\/homeofwool.com\/?s={search_term_string}"},"query-input":{"@type":"PropertyValueSpecification","valueRequired":true,"valueName":"search_term_string"}}],"inLanguage":"it-IT"},{"@type":"Organization","@id":"https:\/\/homeofwool.com\/#organization","name":"Casa della lana","url":"https:\/\/homeofwool.com\/","logo":{"@type":"ImageObject","inLanguage":"it-IT","@id":"https:\/\/homeofwool.com\/#\/schema\/logo\/image\/","url":"https:\/\/homeofwool.com\/wp-content\/uploads\/2025\/09\/WhatsApp-Image-2025-12-02-at-16.23.20.jpeg","contentUrl":"https:\/\/homeofwool.com\/wp-content\/uploads\/2025\/09\/WhatsApp-Image-2025-12-02-at-16.23.20.jpeg","width":700,"height":247,"caption":"Home of Wool"},"image":{"@id":"https:\/\/homeofwool.com\/#\/schema\/logo\/image\/"},"sameAs":["https:\/\/facebook.com\/HomeOfWoolOfficial"]}]}},"_links":{"self":[{"href":"https:\/\/homeofwool.com\/it\/wp-json\/wp\/v2\/product\/217672","targetHints":{"allow":["GET"]}}],"collection":[{"href":"https:\/\/homeofwool.com\/it\/wp-json\/wp\/v2\/product"}],"about":[{"href":"https:\/\/homeofwool.com\/it\/wp-json\/wp\/v2\/types\/product"}],"version-history":[{"count":1,"href":"https:\/\/homeofwool.com\/it\/wp-json\/wp\/v2\/product\/217672\/revisions"}],"predecessor-version":[{"id":226692,"href":"https:\/\/homeofwool.com\/it\/wp-json\/wp\/v2\/product\/217672\/revisions\/226692"}],"wp:featuredmedia":[{"embeddable":true,"href":"https:\/\/homeofwool.com\/it\/wp-json\/wp\/v2\/media\/219209"}],"wp:attachment":[{"href":"https:\/\/homeofwool.com\/it\/wp-json\/wp\/v2\/media?parent=217672"}],"wp:term":[{"taxonomy":"product_brand","embeddable":true,"href":"https:\/\/homeofwool.com\/it\/wp-json\/wp\/v2\/product_brand?post=217672"},{"taxonomy":"product_cat","embeddable":true,"href":"https:\/\/homeofwool.com\/it\/wp-json\/wp\/v2\/product_cat?post=217672"},{"taxonomy":"product_tag","embeddable":true,"href":"https:\/\/homeofwool.com\/it\/wp-json\/wp\/v2\/product_tag?post=217672"}],"curies":[{"name":"wp","href":"https:\/\/api.w.org\/{rel}","templated":true}]}}