{"id":217660,"date":"2025-09-02T12:02:05","date_gmt":"2025-09-02T12:02:05","guid":{"rendered":"https:\/\/homeofwool.com\/?post_type=product&#038;p=217660"},"modified":"2026-02-11T09:55:53","modified_gmt":"2026-02-11T09:55:53","slug":"cuscino-in-lana-con-lati-piatti","status":"publish","type":"product","link":"https:\/\/homeofwool.com\/it\/shop\/wool-pillow-flat-sides\/","title":{"rendered":"Cuscino in lana con lati piatti"},"content":{"rendered":"<p>Il cuscino giusto dovrebbe aiutare il corpo a liberarsi dalla tensione, in modo da svegliarsi riposati. Questo cuscino naturale \u00e8 imbottito con lana biologica pura che ammortizza senza deformarsi, offrendo un comfort costante sia a chi dorme sul fianco che sulla schiena. I lati piatti conferiscono struttura al cuscino, aiutandolo a rimanere in posizione durante la notte. Se dormite sul fianco, il cuscino mantiene la testa e il collo allineati. Se dormi sulla schiena, ti offre un sostegno costante senza farti affondare troppo. I bordi piatti mantengono il volume costante per un comfort duraturo.<\/p>\n<p>La struttura delle fibre di lana bilancia il calore e il flusso d'aria, in modo da non surriscaldarsi. Inoltre, gestiscono l'umidit\u00e0 per mantenere il cuscino fresco e pulito notte dopo notte. Privo di sostanze chimiche, COV e emissioni gassose, \u00e8 un cuscino sicuro e ipoallergenico per chi soffre di sensibilit\u00e0.<\/p>\n<p>La cerniera dell'inserto consente di regolare il volume aggiungendo o rimuovendo l'imbottitura. Sono disponibili protezioni e federe opzionali. Questo cuscino in lana biologica \u00e8 completamente sostenibile, biodegradabile e realizzato nel rispetto del benessere e del pianeta. Se hai bisogno di aiuto per scegliere il cuscino giusto per te, <a class=\"ql-link\" href=\"https:\/\/homeofwool.com\/it\/guida-per-i-dormienti-su-come-scegliere-il-cuscino-giusto\/\" target=\"_blank\" rel=\"noopener noreferrer\">leggi la nostra guida.<\/a><\/p>","protected":false},"excerpt":{"rendered":"<p>Il nostro cuscino in lana con lati piatti \u00e8 progettato per garantire stabilit\u00e0, equilibrio e traspirabilit\u00e0. I bordi piatti mantengono il cuscino stabile, rendendolo ideale per chi dorme di lato o sulla schiena, mantenendo le notti fresche, asciutte e naturalmente confortevoli.<\/p>\n<div class=\"global-icon-set\">\n<div class=\"global-icon-set__items\">\n<div class=\"global-icon-set__item\">\n<div class=\"global-icon-set__image\">\n                                    <img decoding=\"async\" src=\"https:\/\/homeofwool.com\/wp-content\/uploads\/2025\/09\/handmade-icon-300x300.png\" alt=\"icona fatta a mano\" \/>\n                                <\/div>\n<div class=\"global-icon-set__title\">Fatto a mano<\/div>\n<\/p><\/div>\n<div class=\"global-icon-set__item\">\n<div class=\"global-icon-set__image\">\n                                    <img decoding=\"async\" src=\"https:\/\/homeofwool.com\/wp-content\/uploads\/2025\/09\/Exceptionally-Supportive-min-300x300.png\" alt=\"icona di supporto eccezionale\" \/>\n                                <\/div>\n<div class=\"global-icon-set__title\">Eccezionalmente solidale<\/div>\n<\/p><\/div>\n<div class=\"global-icon-set__item\">\n<div class=\"global-icon-set__image\">\n                                    <img decoding=\"async\" src=\"https:\/\/homeofwool.com\/wp-content\/uploads\/2025\/09\/wicks-moisture-away-300x300.png\" alt=\"allontana l&#039;umidit\u00e0\" \/>\n                                <\/div>\n<div class=\"global-icon-set__title\">Elimina l'umidit\u00e0<\/div>\n<\/p><\/div>\n<div class=\"global-icon-set__item\">\n<div class=\"global-icon-set__image\">\n                                    <img decoding=\"async\" src=\"https:\/\/homeofwool.com\/wp-content\/uploads\/2025\/09\/VOCs-min-300x300.png\" alt=\"voci libere\" \/>\n                                <\/div>\n<div class=\"global-icon-set__title\">Senza COV<\/div>\n<\/p><\/div>\n<div class=\"global-icon-set__item\">\n<div class=\"global-icon-set__image\">\n                                    <img decoding=\"async\" src=\"https:\/\/homeofwool.com\/wp-content\/uploads\/2025\/09\/FR-min-300x300.png\" alt=\"icona resistente al fuoco\" \/>\n                                <\/div>\n<div class=\"global-icon-set__title\">Resistente alla fiamma<\/div>\n<\/p><\/div>\n<div class=\"global-icon-set__item\">\n<div class=\"global-icon-set__image\">\n                                    <img decoding=\"async\" src=\"https:\/\/homeofwool.com\/wp-content\/uploads\/2025\/09\/Hypoallergenic-min-300x300.png\" alt=\"icona ipoallergenica\" \/>\n                                <\/div>\n<div class=\"global-icon-set__title\">Ipoallergenico<\/div>\n<\/p><\/div>\n<div class=\"global-icon-set__item\">\n<div class=\"global-icon-set__image\">\n                                    <img decoding=\"async\" src=\"https:\/\/homeofwool.com\/wp-content\/uploads\/2025\/09\/free-of-synthetics-icon-300x300.png\" alt=\"icona priva di sostanze sintetiche\" \/>\n                                <\/div>\n<div class=\"global-icon-set__title\">Privo di sostanze sintetiche<\/div>\n<\/p><\/div>\n<div class=\"global-icon-set__item\">\n<div class=\"global-icon-set__image\">\n                                    <img decoding=\"async\" src=\"https:\/\/homeofwool.com\/wp-content\/uploads\/2025\/09\/chemical-free-icon-300x300.png\" alt=\"icona senza sostanze chimiche\" \/>\n                                <\/div>\n<div class=\"global-icon-set__title\">Senza sostanze chimiche<\/div>\n<\/p><\/div>\n<div class=\"global-icon-set__item\">\n<div class=\"global-icon-set__image\">\n                                    <img decoding=\"async\" src=\"https:\/\/homeofwool.com\/wp-content\/uploads\/2025\/09\/anti-bacterial-icon-300x300.png\" alt=\"icona antibatterica\" \/>\n                                <\/div>\n<div class=\"global-icon-set__title\">Antimicrobico e antibatterico<\/div>\n<\/p><\/div>\n<div class=\"global-icon-set__item\">\n<div class=\"global-icon-set__image\">\n                                    <img decoding=\"async\" src=\"https:\/\/homeofwool.com\/wp-content\/uploads\/2025\/09\/certified-materials-icon-300x300.png\" alt=\"icona dei materiali certificati\" \/>\n                                <\/div>\n<div class=\"global-icon-set__title\">100% Materiali puri certificati<\/div>\n<\/p><\/div>\n<\/p><\/div>\n<\/p><\/div>","protected":false},"featured_media":219533,"template":"","meta":{"_acf_changed":false},"product_brand":[],"product_cat":[316,254],"product_tag":[444,646,592,447,647,149,452],"class_list":{"0":"post-217660","1":"product","2":"type-product","3":"status-publish","4":"has-post-thumbnail","6":"product_cat-mothers-day","7":"product_cat-pillows-pillowcases","8":"product_tag-all-natural-pillow","9":"product_tag-back-sleeper-pillow","10":"product_tag-best-ergonomic-pillow-for-side-sleepers","11":"product_tag-organic-pillow","12":"product_tag-pillow-with-flat-sides","13":"product_tag-steps","14":"product_tag-wool-pillow","16":"first","17":"instock","18":"shipping-taxable","19":"purchasable","20":"product-type-simple"},"acf":[],"yoast_head":"<!-- This site is optimized with the Yoast SEO Premium plugin v27.4 (Yoast SEO v27.4) - https:\/\/yoast.com\/product\/yoast-seo-premium-wordpress\/ -->\n<title>Wool Pillow with Flat Sides \u2013 Hypoallergenic &amp; Supportive Comfort | Home of Wool<\/title>\n<meta name=\"description\" content=\"The Wool Pillow with Flat Sides provides breathable support with organic wool filling. Hypoallergenic and toxin-free, it ensures safe, ergonomic comfort for restful, healthy alignment.\" \/>\n<meta name=\"robots\" content=\"index, follow, max-snippet:-1, max-image-preview:large, max-video-preview:-1\" \/>\n<link rel=\"canonical\" href=\"https:\/\/homeofwool.com\/it\/negozio\/cuscino-in-lana-con-lati-piatti\/\" \/>\n<meta property=\"og:locale\" content=\"it_IT\" \/>\n<meta property=\"og:type\" content=\"article\" \/>\n<meta property=\"og:title\" content=\"Wool Pillow with Flat Sides\" \/>\n<meta property=\"og:description\" content=\"The Wool Pillow with Flat Sides provides breathable support with organic wool filling. Hypoallergenic and toxin-free, it ensures safe, ergonomic comfort for restful, healthy alignment.\" \/>\n<meta property=\"og:url\" content=\"https:\/\/homeofwool.com\/it\/negozio\/cuscino-in-lana-con-lati-piatti\/\" \/>\n<meta property=\"og:site_name\" content=\"Home of Wool\" \/>\n<meta property=\"article:publisher\" content=\"https:\/\/facebook.com\/HomeOfWoolOfficial\" \/>\n<meta property=\"article:modified_time\" content=\"2026-02-11T09:55:53+00:00\" \/>\n<meta property=\"og:image\" content=\"https:\/\/homeofwool.com\/wp-content\/uploads\/2025\/09\/home-of-wool-wool-pillow-with-flat-sides-2-web.jpg\" \/>\n\t<meta property=\"og:image:width\" content=\"2000\" \/>\n\t<meta property=\"og:image:height\" content=\"1600\" \/>\n\t<meta property=\"og:image:type\" content=\"image\/jpeg\" \/>\n<meta name=\"twitter:card\" content=\"summary_large_image\" \/>\n<meta name=\"twitter:label1\" content=\"Tempo di lettura stimato\" \/>\n\t<meta name=\"twitter:data1\" content=\"2 minuti\" \/>\n<script type=\"application\/ld+json\" class=\"yoast-schema-graph\">{\"@context\":\"https:\\\/\\\/schema.org\",\"@graph\":[{\"@type\":\"WebPage\",\"@id\":\"https:\\\/\\\/homeofwool.com\\\/es\\\/tienda\\\/almohada-de-lana-con-lados-planos\\\/\",\"url\":\"https:\\\/\\\/homeofwool.com\\\/es\\\/tienda\\\/almohada-de-lana-con-lados-planos\\\/\",\"name\":\"Wool Pillow with Flat Sides \u2013 Hypoallergenic & Supportive Comfort | Home of Wool\",\"isPartOf\":{\"@id\":\"https:\\\/\\\/homeofwool.com\\\/#website\"},\"primaryImageOfPage\":{\"@id\":\"https:\\\/\\\/homeofwool.com\\\/es\\\/tienda\\\/almohada-de-lana-con-lados-planos\\\/#primaryimage\"},\"image\":{\"@id\":\"https:\\\/\\\/homeofwool.com\\\/es\\\/tienda\\\/almohada-de-lana-con-lados-planos\\\/#primaryimage\"},\"thumbnailUrl\":\"https:\\\/\\\/homeofwool.com\\\/wp-content\\\/uploads\\\/2025\\\/09\\\/home-of-wool-wool-pillow-with-flat-sides-2-web.jpg\",\"datePublished\":\"2025-09-02T12:02:05+00:00\",\"dateModified\":\"2026-02-11T09:55:53+00:00\",\"description\":\"The Wool Pillow with Flat Sides provides breathable support with organic wool filling. Hypoallergenic and toxin-free, it ensures safe, ergonomic comfort for restful, healthy alignment.\",\"breadcrumb\":{\"@id\":\"https:\\\/\\\/homeofwool.com\\\/es\\\/tienda\\\/almohada-de-lana-con-lados-planos\\\/#breadcrumb\"},\"inLanguage\":\"it-IT\",\"potentialAction\":[{\"@type\":\"ReadAction\",\"target\":[\"https:\\\/\\\/homeofwool.com\\\/es\\\/tienda\\\/almohada-de-lana-con-lados-planos\\\/\"]}]},{\"@type\":\"ImageObject\",\"inLanguage\":\"it-IT\",\"@id\":\"https:\\\/\\\/homeofwool.com\\\/es\\\/tienda\\\/almohada-de-lana-con-lados-planos\\\/#primaryimage\",\"url\":\"https:\\\/\\\/homeofwool.com\\\/wp-content\\\/uploads\\\/2025\\\/09\\\/home-of-wool-wool-pillow-with-flat-sides-2-web.jpg\",\"contentUrl\":\"https:\\\/\\\/homeofwool.com\\\/wp-content\\\/uploads\\\/2025\\\/09\\\/home-of-wool-wool-pillow-with-flat-sides-2-web.jpg\",\"width\":2000,\"height\":1600,\"caption\":\"wool pillow with flat sides\"},{\"@type\":\"BreadcrumbList\",\"@id\":\"https:\\\/\\\/homeofwool.com\\\/es\\\/tienda\\\/almohada-de-lana-con-lados-planos\\\/#breadcrumb\",\"itemListElement\":[{\"@type\":\"ListItem\",\"position\":1,\"name\":\"Home\",\"item\":\"https:\\\/\\\/homeofwool.com\\\/\"},{\"@type\":\"ListItem\",\"position\":2,\"name\":\"Products\",\"item\":\"https:\\\/\\\/homeofwool.com\\\/header-search-2\\\/\"},{\"@type\":\"ListItem\",\"position\":3,\"name\":\"Wool Pillow with Flat Sides\"}]},{\"@type\":\"WebSite\",\"@id\":\"https:\\\/\\\/homeofwool.com\\\/#website\",\"url\":\"https:\\\/\\\/homeofwool.com\\\/\",\"name\":\"Home of Wool\",\"description\":\"\",\"publisher\":{\"@id\":\"https:\\\/\\\/homeofwool.com\\\/#organization\"},\"potentialAction\":[{\"@type\":\"SearchAction\",\"target\":{\"@type\":\"EntryPoint\",\"urlTemplate\":\"https:\\\/\\\/homeofwool.com\\\/?s={search_term_string}\"},\"query-input\":{\"@type\":\"PropertyValueSpecification\",\"valueRequired\":true,\"valueName\":\"search_term_string\"}}],\"inLanguage\":\"it-IT\"},{\"@type\":\"Organization\",\"@id\":\"https:\\\/\\\/homeofwool.com\\\/#organization\",\"name\":\"Home of Wool\",\"url\":\"https:\\\/\\\/homeofwool.com\\\/\",\"logo\":{\"@type\":\"ImageObject\",\"inLanguage\":\"it-IT\",\"@id\":\"https:\\\/\\\/homeofwool.com\\\/#\\\/schema\\\/logo\\\/image\\\/\",\"url\":\"https:\\\/\\\/homeofwool.com\\\/wp-content\\\/uploads\\\/2025\\\/09\\\/WhatsApp-Image-2025-12-02-at-16.23.20.jpeg\",\"contentUrl\":\"https:\\\/\\\/homeofwool.com\\\/wp-content\\\/uploads\\\/2025\\\/09\\\/WhatsApp-Image-2025-12-02-at-16.23.20.jpeg\",\"width\":700,\"height\":247,\"caption\":\"Home of Wool\"},\"image\":{\"@id\":\"https:\\\/\\\/homeofwool.com\\\/#\\\/schema\\\/logo\\\/image\\\/\"},\"sameAs\":[\"https:\\\/\\\/facebook.com\\\/HomeOfWoolOfficial\"]}]}<\/script>\n<!-- \/ Yoast SEO Premium plugin. -->","yoast_head_json":{"title":"Cuscino in lana con lati piatti \u2013 Ipoallergenico e confortevole | Home of Wool","description":"Il cuscino in lana con lati piatti offre un sostegno traspirante grazie all'imbottitura in lana biologica. Ipoallergenico e privo di sostanze tossiche, garantisce un comfort sicuro ed ergonomico per un allineamento riposante e salutare.","robots":{"index":"index","follow":"follow","max-snippet":"max-snippet:-1","max-image-preview":"max-image-preview:large","max-video-preview":"max-video-preview:-1"},"canonical":"https:\/\/homeofwool.com\/it\/negozio\/cuscino-in-lana-con-lati-piatti\/","og_locale":"it_IT","og_type":"article","og_title":"Wool Pillow with Flat Sides","og_description":"The Wool Pillow with Flat Sides provides breathable support with organic wool filling. Hypoallergenic and toxin-free, it ensures safe, ergonomic comfort for restful, healthy alignment.","og_url":"https:\/\/homeofwool.com\/it\/negozio\/cuscino-in-lana-con-lati-piatti\/","og_site_name":"Home of Wool","article_publisher":"https:\/\/facebook.com\/HomeOfWoolOfficial","article_modified_time":"2026-02-11T09:55:53+00:00","og_image":[{"width":2000,"height":1600,"url":"https:\/\/homeofwool.com\/wp-content\/uploads\/2025\/09\/home-of-wool-wool-pillow-with-flat-sides-2-web.jpg","type":"image\/jpeg"}],"twitter_card":"summary_large_image","twitter_misc":{"Tempo di lettura stimato":"2 minuti"},"schema":{"@context":"https:\/\/schema.org","@graph":[{"@type":"WebPage","@id":"https:\/\/homeofwool.com\/es\/tienda\/almohada-de-lana-con-lados-planos\/","url":"https:\/\/homeofwool.com\/es\/tienda\/almohada-de-lana-con-lados-planos\/","name":"Cuscino in lana con lati piatti \u2013 Ipoallergenico e confortevole | Home of Wool","isPartOf":{"@id":"https:\/\/homeofwool.com\/#website"},"primaryImageOfPage":{"@id":"https:\/\/homeofwool.com\/es\/tienda\/almohada-de-lana-con-lados-planos\/#primaryimage"},"image":{"@id":"https:\/\/homeofwool.com\/es\/tienda\/almohada-de-lana-con-lados-planos\/#primaryimage"},"thumbnailUrl":"https:\/\/homeofwool.com\/wp-content\/uploads\/2025\/09\/home-of-wool-wool-pillow-with-flat-sides-2-web.jpg","datePublished":"2025-09-02T12:02:05+00:00","dateModified":"2026-02-11T09:55:53+00:00","description":"Il cuscino in lana con lati piatti offre un sostegno traspirante grazie all'imbottitura in lana biologica. Ipoallergenico e privo di sostanze tossiche, garantisce un comfort sicuro ed ergonomico per un allineamento riposante e salutare.","breadcrumb":{"@id":"https:\/\/homeofwool.com\/es\/tienda\/almohada-de-lana-con-lados-planos\/#breadcrumb"},"inLanguage":"it-IT","potentialAction":[{"@type":"ReadAction","target":["https:\/\/homeofwool.com\/es\/tienda\/almohada-de-lana-con-lados-planos\/"]}]},{"@type":"ImageObject","inLanguage":"it-IT","@id":"https:\/\/homeofwool.com\/es\/tienda\/almohada-de-lana-con-lados-planos\/#primaryimage","url":"https:\/\/homeofwool.com\/wp-content\/uploads\/2025\/09\/home-of-wool-wool-pillow-with-flat-sides-2-web.jpg","contentUrl":"https:\/\/homeofwool.com\/wp-content\/uploads\/2025\/09\/home-of-wool-wool-pillow-with-flat-sides-2-web.jpg","width":2000,"height":1600,"caption":"wool pillow with flat sides"},{"@type":"BreadcrumbList","@id":"https:\/\/homeofwool.com\/es\/tienda\/almohada-de-lana-con-lados-planos\/#breadcrumb","itemListElement":[{"@type":"ListItem","position":1,"name":"Home","item":"https:\/\/homeofwool.com\/"},{"@type":"ListItem","position":2,"name":"Products","item":"https:\/\/homeofwool.com\/header-search-2\/"},{"@type":"ListItem","position":3,"name":"Wool Pillow with Flat Sides"}]},{"@type":"WebSite","@id":"https:\/\/homeofwool.com\/#website","url":"https:\/\/homeofwool.com\/","name":"Casa della lana","description":"","publisher":{"@id":"https:\/\/homeofwool.com\/#organization"},"potentialAction":[{"@type":"SearchAction","target":{"@type":"EntryPoint","urlTemplate":"https:\/\/homeofwool.com\/?s={search_term_string}"},"query-input":{"@type":"PropertyValueSpecification","valueRequired":true,"valueName":"search_term_string"}}],"inLanguage":"it-IT"},{"@type":"Organization","@id":"https:\/\/homeofwool.com\/#organization","name":"Casa della lana","url":"https:\/\/homeofwool.com\/","logo":{"@type":"ImageObject","inLanguage":"it-IT","@id":"https:\/\/homeofwool.com\/#\/schema\/logo\/image\/","url":"https:\/\/homeofwool.com\/wp-content\/uploads\/2025\/09\/WhatsApp-Image-2025-12-02-at-16.23.20.jpeg","contentUrl":"https:\/\/homeofwool.com\/wp-content\/uploads\/2025\/09\/WhatsApp-Image-2025-12-02-at-16.23.20.jpeg","width":700,"height":247,"caption":"Home of Wool"},"image":{"@id":"https:\/\/homeofwool.com\/#\/schema\/logo\/image\/"},"sameAs":["https:\/\/facebook.com\/HomeOfWoolOfficial"]}]}},"_links":{"self":[{"href":"https:\/\/homeofwool.com\/it\/wp-json\/wp\/v2\/product\/217660","targetHints":{"allow":["GET"]}}],"collection":[{"href":"https:\/\/homeofwool.com\/it\/wp-json\/wp\/v2\/product"}],"about":[{"href":"https:\/\/homeofwool.com\/it\/wp-json\/wp\/v2\/types\/product"}],"version-history":[{"count":2,"href":"https:\/\/homeofwool.com\/it\/wp-json\/wp\/v2\/product\/217660\/revisions"}],"predecessor-version":[{"id":226094,"href":"https:\/\/homeofwool.com\/it\/wp-json\/wp\/v2\/product\/217660\/revisions\/226094"}],"wp:featuredmedia":[{"embeddable":true,"href":"https:\/\/homeofwool.com\/it\/wp-json\/wp\/v2\/media\/219533"}],"wp:attachment":[{"href":"https:\/\/homeofwool.com\/it\/wp-json\/wp\/v2\/media?parent=217660"}],"wp:term":[{"taxonomy":"product_brand","embeddable":true,"href":"https:\/\/homeofwool.com\/it\/wp-json\/wp\/v2\/product_brand?post=217660"},{"taxonomy":"product_cat","embeddable":true,"href":"https:\/\/homeofwool.com\/it\/wp-json\/wp\/v2\/product_cat?post=217660"},{"taxonomy":"product_tag","embeddable":true,"href":"https:\/\/homeofwool.com\/it\/wp-json\/wp\/v2\/product_tag?post=217660"}],"curies":[{"name":"wp","href":"https:\/\/api.w.org\/{rel}","templated":true}]}}