{"id":217658,"date":"2025-09-02T12:02:05","date_gmt":"2025-09-02T12:02:05","guid":{"rendered":"https:\/\/homeofwool.com\/?post_type=product&#038;p=217658"},"modified":"2026-03-26T14:39:32","modified_gmt":"2026-03-26T14:39:32","slug":"sacco-a-pelo","status":"publish","type":"product","link":"https:\/\/homeofwool.com\/it\/shop\/sleeping-bag\/","title":{"rendered":"Sacco a pelo in lana"},"content":{"rendered":"<p>Questo sacco a pelo in lana offre un modo pulito e naturale per riposare, sia a casa che in campeggio o in viaggio. La lana \u00e8 il miglior isolante naturale, in grado di adattarsi alle esigenze del corpo per un vero comfort termoregolante. Ci\u00f2 significa calore nelle notti fredde e freschezza rinfrescante quando l'aria \u00e8 calda, garantendo un comfort affidabile tutto l'anno.<\/p>\n<p>La borsa \u00e8 ipoallergenica e naturalmente resistente agli acari della polvere. Non contiene sostanze chimiche o sintetiche. Sicura per chi soffre di allergie. Adatta anche a chi soffre di asma o sensibilit\u00e0 multiple (MCS).<\/p>\n<p>Grazie alle cerniere su entrambi i lati, puoi entrare e uscire facilmente. Una piccola tasca contiene i tuoi piccoli oggetti essenziali e l'inserto rimane al suo posto grazie a semplici lacci. Quando \u00e8 necessario rinfrescarlo, basta rimuovere il rivestimento e lavarlo in lavatrice. Quando \u00e8 il momento di spostarsi, riponilo nella borsa da trasporto e sei pronto per partire.<\/p>\n<p>Realizzato esclusivamente con materiali naturali e rinnovabili, ti offre un modo pi\u00f9 pulito di riposare. Il vantaggio \u00e8 un impatto minore sull'ambiente.<\/p>","protected":false},"excerpt":{"rendered":"<p>Dormi sonni tranquilli anche in viaggio con questo sacco a pelo in lana, realizzato con imbottitura naturale pura per un riposo pi\u00f9 sano. Questo sacco a pelo in lana mantiene la temperatura corporea equilibrata in ogni stagione. Le sue fibre naturali lo rendono termoregolante per un comfort tutto l'anno e abbastanza delicato da garantire un sonno ipoallergenico.<\/p>\n<div class=\"global-icon-set\">\n<div class=\"global-icon-set__items\">\n<div class=\"global-icon-set__item\">\n<div class=\"global-icon-set__image\">\n                                    <img decoding=\"async\" src=\"https:\/\/homeofwool.com\/wp-content\/uploads\/2025\/09\/handmade-icon-300x300.png\" alt=\"icona fatta a mano\" \/>\n                                <\/div>\n<div class=\"global-icon-set__title\">Fatto a mano<\/div>\n<\/p><\/div>\n<div class=\"global-icon-set__item\">\n<div class=\"global-icon-set__image\">\n                                    <img decoding=\"async\" src=\"https:\/\/homeofwool.com\/wp-content\/uploads\/2025\/09\/wicks-moisture-away-300x300.png\" alt=\"allontana l&#039;umidit\u00e0\" \/>\n                                <\/div>\n<div class=\"global-icon-set__title\">Elimina l'umidit\u00e0<\/div>\n<\/p><\/div>\n<div class=\"global-icon-set__item\">\n<div class=\"global-icon-set__image\">\n                                    <img decoding=\"async\" src=\"https:\/\/homeofwool.com\/wp-content\/uploads\/2025\/09\/VOCs-min-300x300.png\" alt=\"voci libere\" \/>\n                                <\/div>\n<div class=\"global-icon-set__title\">Senza COV<\/div>\n<\/p><\/div>\n<div class=\"global-icon-set__item\">\n<div class=\"global-icon-set__image\">\n                                    <img decoding=\"async\" src=\"https:\/\/homeofwool.com\/wp-content\/uploads\/2025\/09\/FR-min-300x300.png\" alt=\"icona resistente al fuoco\" \/>\n                                <\/div>\n<div class=\"global-icon-set__title\">Resistente alla fiamma<\/div>\n<\/p><\/div>\n<div class=\"global-icon-set__item\">\n<div class=\"global-icon-set__image\">\n                                    <img decoding=\"async\" src=\"https:\/\/homeofwool.com\/wp-content\/uploads\/2025\/09\/Hypoallergenic-min-300x300.png\" alt=\"icona ipoallergenica\" \/>\n                                <\/div>\n<div class=\"global-icon-set__title\">Ipoallergenico<\/div>\n<\/p><\/div>\n<div class=\"global-icon-set__item\">\n<div class=\"global-icon-set__image\">\n                                    <img decoding=\"async\" src=\"https:\/\/homeofwool.com\/wp-content\/uploads\/2025\/09\/free-of-synthetics-icon-300x300.png\" alt=\"icona priva di sostanze sintetiche\" \/>\n                                <\/div>\n<div class=\"global-icon-set__title\">Privo di sostanze sintetiche<\/div>\n<\/p><\/div>\n<div class=\"global-icon-set__item\">\n<div class=\"global-icon-set__image\">\n                                    <img decoding=\"async\" src=\"https:\/\/homeofwool.com\/wp-content\/uploads\/2025\/09\/chemical-free-icon-300x300.png\" alt=\"icona senza sostanze chimiche\" \/>\n                                <\/div>\n<div class=\"global-icon-set__title\">Senza sostanze chimiche<\/div>\n<\/p><\/div>\n<div class=\"global-icon-set__item\">\n<div class=\"global-icon-set__image\">\n                                    <img decoding=\"async\" src=\"https:\/\/homeofwool.com\/wp-content\/uploads\/2025\/09\/anti-bacterial-icon-300x300.png\" alt=\"icona antibatterica\" \/>\n                                <\/div>\n<div class=\"global-icon-set__title\">Antimicrobico e antibatterico<\/div>\n<\/p><\/div>\n<div class=\"global-icon-set__item\">\n<div class=\"global-icon-set__image\">\n                                    <img decoding=\"async\" src=\"https:\/\/homeofwool.com\/wp-content\/uploads\/2025\/09\/certified-materials-icon-300x300.png\" alt=\"icona dei materiali certificati\" \/>\n                                <\/div>\n<div class=\"global-icon-set__title\">100% Materiali puri certificati<\/div>\n<\/p><\/div>\n<\/p><\/div>\n<\/p><\/div>","protected":false},"featured_media":220568,"template":"","meta":{"_acf_changed":false},"product_brand":[],"product_cat":[282],"product_tag":[437,438,643,439,644,149,645],"class_list":{"0":"post-217658","1":"product","2":"type-product","3":"status-publish","4":"has-post-thumbnail","6":"product_cat-overlanding-camping","7":"product_tag-0-degree-sleeping-bag","8":"product_tag-backpacking-sleeping-bag","9":"product_tag-camping-sleeping-bag","10":"product_tag-cold-weather-sleeping-bags","11":"product_tag-lightweight-sleeping-bag","12":"product_tag-steps","13":"product_tag-winter-sleeping-bag","15":"first","16":"instock","17":"shipping-taxable","18":"purchasable","19":"product-type-simple"},"acf":[],"yoast_head":"<!-- This site is optimized with the Yoast SEO Premium plugin v27.4 (Yoast SEO v27.4) - https:\/\/yoast.com\/product\/yoast-seo-premium-wordpress\/ -->\n<title>Wool Sleeping Bag \u2013 All Natural, Year-Round Comfort | Home of Wool<\/title>\n<meta name=\"description\" content=\"All-season comfort comes naturally with the Wool Sleeping Bag, made with breathable wool filling. Hypoallergenic and toxin-free, it ensures sustainable, restful sleep year-round.\" \/>\n<meta name=\"robots\" content=\"index, follow, max-snippet:-1, max-image-preview:large, max-video-preview:-1\" \/>\n<link rel=\"canonical\" href=\"https:\/\/homeofwool.com\/it\/negozio\/sacco-a-pelo\/\" \/>\n<meta property=\"og:locale\" content=\"it_IT\" \/>\n<meta property=\"og:type\" content=\"article\" \/>\n<meta property=\"og:title\" content=\"Wool Sleeping Bag\" \/>\n<meta property=\"og:description\" content=\"All-season comfort comes naturally with the Wool Sleeping Bag, made with breathable wool filling. Hypoallergenic and toxin-free, it ensures sustainable, restful sleep year-round.\" \/>\n<meta property=\"og:url\" content=\"https:\/\/homeofwool.com\/it\/negozio\/sacco-a-pelo\/\" \/>\n<meta property=\"og:site_name\" content=\"Home of Wool\" \/>\n<meta property=\"article:publisher\" content=\"https:\/\/facebook.com\/HomeOfWoolOfficial\" \/>\n<meta property=\"article:modified_time\" content=\"2026-03-26T14:39:32+00:00\" \/>\n<meta property=\"og:image\" content=\"https:\/\/homeofwool.com\/wp-content\/uploads\/2025\/09\/home-of-wool-wool-sleeping-bag-1-main.jpg\" \/>\n\t<meta property=\"og:image:width\" content=\"2000\" \/>\n\t<meta property=\"og:image:height\" content=\"1487\" \/>\n\t<meta property=\"og:image:type\" content=\"image\/jpeg\" \/>\n<meta name=\"twitter:card\" content=\"summary_large_image\" \/>\n<meta name=\"twitter:label1\" content=\"Tempo di lettura stimato\" \/>\n\t<meta name=\"twitter:data1\" content=\"1 minuto\" \/>\n<script type=\"application\/ld+json\" class=\"yoast-schema-graph\">{\"@context\":\"https:\\\/\\\/schema.org\",\"@graph\":[{\"@type\":\"WebPage\",\"@id\":\"https:\\\/\\\/homeofwool.com\\\/shop\\\/sleeping-bag\\\/\",\"url\":\"https:\\\/\\\/homeofwool.com\\\/shop\\\/sleeping-bag\\\/\",\"name\":\"Wool Sleeping Bag \u2013 All Natural, Year-Round Comfort | Home of Wool\",\"isPartOf\":{\"@id\":\"https:\\\/\\\/homeofwool.com\\\/#website\"},\"primaryImageOfPage\":{\"@id\":\"https:\\\/\\\/homeofwool.com\\\/shop\\\/sleeping-bag\\\/#primaryimage\"},\"image\":{\"@id\":\"https:\\\/\\\/homeofwool.com\\\/shop\\\/sleeping-bag\\\/#primaryimage\"},\"thumbnailUrl\":\"https:\\\/\\\/homeofwool.com\\\/wp-content\\\/uploads\\\/2025\\\/09\\\/home-of-wool-wool-sleeping-bag-1-main.jpg\",\"datePublished\":\"2025-09-02T12:02:05+00:00\",\"dateModified\":\"2026-03-26T14:39:32+00:00\",\"description\":\"All-season comfort comes naturally with the Wool Sleeping Bag, made with breathable wool filling. Hypoallergenic and toxin-free, it ensures sustainable, restful sleep year-round.\",\"breadcrumb\":{\"@id\":\"https:\\\/\\\/homeofwool.com\\\/shop\\\/sleeping-bag\\\/#breadcrumb\"},\"inLanguage\":\"it-IT\",\"potentialAction\":[{\"@type\":\"ReadAction\",\"target\":[\"https:\\\/\\\/homeofwool.com\\\/shop\\\/sleeping-bag\\\/\"]}]},{\"@type\":\"ImageObject\",\"inLanguage\":\"it-IT\",\"@id\":\"https:\\\/\\\/homeofwool.com\\\/shop\\\/sleeping-bag\\\/#primaryimage\",\"url\":\"https:\\\/\\\/homeofwool.com\\\/wp-content\\\/uploads\\\/2025\\\/09\\\/home-of-wool-wool-sleeping-bag-1-main.jpg\",\"contentUrl\":\"https:\\\/\\\/homeofwool.com\\\/wp-content\\\/uploads\\\/2025\\\/09\\\/home-of-wool-wool-sleeping-bag-1-main.jpg\",\"width\":2000,\"height\":1487,\"caption\":\"wool sleeping bag\"},{\"@type\":\"BreadcrumbList\",\"@id\":\"https:\\\/\\\/homeofwool.com\\\/shop\\\/sleeping-bag\\\/#breadcrumb\",\"itemListElement\":[{\"@type\":\"ListItem\",\"position\":1,\"name\":\"Home\",\"item\":\"https:\\\/\\\/homeofwool.com\\\/\"},{\"@type\":\"ListItem\",\"position\":2,\"name\":\"Products\",\"item\":\"https:\\\/\\\/homeofwool.com\\\/header-search-2\\\/\"},{\"@type\":\"ListItem\",\"position\":3,\"name\":\"Wool Sleeping Bag\"}]},{\"@type\":\"WebSite\",\"@id\":\"https:\\\/\\\/homeofwool.com\\\/#website\",\"url\":\"https:\\\/\\\/homeofwool.com\\\/\",\"name\":\"Home of Wool\",\"description\":\"\",\"publisher\":{\"@id\":\"https:\\\/\\\/homeofwool.com\\\/#organization\"},\"potentialAction\":[{\"@type\":\"SearchAction\",\"target\":{\"@type\":\"EntryPoint\",\"urlTemplate\":\"https:\\\/\\\/homeofwool.com\\\/?s={search_term_string}\"},\"query-input\":{\"@type\":\"PropertyValueSpecification\",\"valueRequired\":true,\"valueName\":\"search_term_string\"}}],\"inLanguage\":\"it-IT\"},{\"@type\":\"Organization\",\"@id\":\"https:\\\/\\\/homeofwool.com\\\/#organization\",\"name\":\"Home of Wool\",\"url\":\"https:\\\/\\\/homeofwool.com\\\/\",\"logo\":{\"@type\":\"ImageObject\",\"inLanguage\":\"it-IT\",\"@id\":\"https:\\\/\\\/homeofwool.com\\\/#\\\/schema\\\/logo\\\/image\\\/\",\"url\":\"https:\\\/\\\/homeofwool.com\\\/wp-content\\\/uploads\\\/2025\\\/09\\\/WhatsApp-Image-2025-12-02-at-16.23.20.jpeg\",\"contentUrl\":\"https:\\\/\\\/homeofwool.com\\\/wp-content\\\/uploads\\\/2025\\\/09\\\/WhatsApp-Image-2025-12-02-at-16.23.20.jpeg\",\"width\":700,\"height\":247,\"caption\":\"Home of Wool\"},\"image\":{\"@id\":\"https:\\\/\\\/homeofwool.com\\\/#\\\/schema\\\/logo\\\/image\\\/\"},\"sameAs\":[\"https:\\\/\\\/facebook.com\\\/HomeOfWoolOfficial\"]}]}<\/script>\n<!-- \/ Yoast SEO Premium plugin. -->","yoast_head_json":{"title":"Sacco a pelo in lana \u2013 Comodit\u00e0 naturale tutto l'anno | Home of Wool","description":"Il sacco a pelo in lana, realizzato con imbottitura in lana traspirante, garantisce un comfort naturale in tutte le stagioni. Ipoallergenico e privo di sostanze tossiche, assicura un sonno sostenibile e riposante tutto l'anno.","robots":{"index":"index","follow":"follow","max-snippet":"max-snippet:-1","max-image-preview":"max-image-preview:large","max-video-preview":"max-video-preview:-1"},"canonical":"https:\/\/homeofwool.com\/it\/negozio\/sacco-a-pelo\/","og_locale":"it_IT","og_type":"article","og_title":"Wool Sleeping Bag","og_description":"All-season comfort comes naturally with the Wool Sleeping Bag, made with breathable wool filling. Hypoallergenic and toxin-free, it ensures sustainable, restful sleep year-round.","og_url":"https:\/\/homeofwool.com\/it\/negozio\/sacco-a-pelo\/","og_site_name":"Home of Wool","article_publisher":"https:\/\/facebook.com\/HomeOfWoolOfficial","article_modified_time":"2026-03-26T14:39:32+00:00","og_image":[{"width":2000,"height":1487,"url":"https:\/\/homeofwool.com\/wp-content\/uploads\/2025\/09\/home-of-wool-wool-sleeping-bag-1-main.jpg","type":"image\/jpeg"}],"twitter_card":"summary_large_image","twitter_misc":{"Tempo di lettura stimato":"1 minuto"},"schema":{"@context":"https:\/\/schema.org","@graph":[{"@type":"WebPage","@id":"https:\/\/homeofwool.com\/shop\/sleeping-bag\/","url":"https:\/\/homeofwool.com\/shop\/sleeping-bag\/","name":"Sacco a pelo in lana \u2013 Comodit\u00e0 naturale tutto l'anno | Home of Wool","isPartOf":{"@id":"https:\/\/homeofwool.com\/#website"},"primaryImageOfPage":{"@id":"https:\/\/homeofwool.com\/shop\/sleeping-bag\/#primaryimage"},"image":{"@id":"https:\/\/homeofwool.com\/shop\/sleeping-bag\/#primaryimage"},"thumbnailUrl":"https:\/\/homeofwool.com\/wp-content\/uploads\/2025\/09\/home-of-wool-wool-sleeping-bag-1-main.jpg","datePublished":"2025-09-02T12:02:05+00:00","dateModified":"2026-03-26T14:39:32+00:00","description":"Il sacco a pelo in lana, realizzato con imbottitura in lana traspirante, garantisce un comfort naturale in tutte le stagioni. Ipoallergenico e privo di sostanze tossiche, assicura un sonno sostenibile e riposante tutto l'anno.","breadcrumb":{"@id":"https:\/\/homeofwool.com\/shop\/sleeping-bag\/#breadcrumb"},"inLanguage":"it-IT","potentialAction":[{"@type":"ReadAction","target":["https:\/\/homeofwool.com\/shop\/sleeping-bag\/"]}]},{"@type":"ImageObject","inLanguage":"it-IT","@id":"https:\/\/homeofwool.com\/shop\/sleeping-bag\/#primaryimage","url":"https:\/\/homeofwool.com\/wp-content\/uploads\/2025\/09\/home-of-wool-wool-sleeping-bag-1-main.jpg","contentUrl":"https:\/\/homeofwool.com\/wp-content\/uploads\/2025\/09\/home-of-wool-wool-sleeping-bag-1-main.jpg","width":2000,"height":1487,"caption":"wool sleeping bag"},{"@type":"BreadcrumbList","@id":"https:\/\/homeofwool.com\/shop\/sleeping-bag\/#breadcrumb","itemListElement":[{"@type":"ListItem","position":1,"name":"Home","item":"https:\/\/homeofwool.com\/"},{"@type":"ListItem","position":2,"name":"Products","item":"https:\/\/homeofwool.com\/header-search-2\/"},{"@type":"ListItem","position":3,"name":"Wool Sleeping Bag"}]},{"@type":"WebSite","@id":"https:\/\/homeofwool.com\/#website","url":"https:\/\/homeofwool.com\/","name":"Casa della lana","description":"","publisher":{"@id":"https:\/\/homeofwool.com\/#organization"},"potentialAction":[{"@type":"SearchAction","target":{"@type":"EntryPoint","urlTemplate":"https:\/\/homeofwool.com\/?s={search_term_string}"},"query-input":{"@type":"PropertyValueSpecification","valueRequired":true,"valueName":"search_term_string"}}],"inLanguage":"it-IT"},{"@type":"Organization","@id":"https:\/\/homeofwool.com\/#organization","name":"Casa della lana","url":"https:\/\/homeofwool.com\/","logo":{"@type":"ImageObject","inLanguage":"it-IT","@id":"https:\/\/homeofwool.com\/#\/schema\/logo\/image\/","url":"https:\/\/homeofwool.com\/wp-content\/uploads\/2025\/09\/WhatsApp-Image-2025-12-02-at-16.23.20.jpeg","contentUrl":"https:\/\/homeofwool.com\/wp-content\/uploads\/2025\/09\/WhatsApp-Image-2025-12-02-at-16.23.20.jpeg","width":700,"height":247,"caption":"Home of Wool"},"image":{"@id":"https:\/\/homeofwool.com\/#\/schema\/logo\/image\/"},"sameAs":["https:\/\/facebook.com\/HomeOfWoolOfficial"]}]}},"_links":{"self":[{"href":"https:\/\/homeofwool.com\/it\/wp-json\/wp\/v2\/product\/217658","targetHints":{"allow":["GET"]}}],"collection":[{"href":"https:\/\/homeofwool.com\/it\/wp-json\/wp\/v2\/product"}],"about":[{"href":"https:\/\/homeofwool.com\/it\/wp-json\/wp\/v2\/types\/product"}],"version-history":[{"count":2,"href":"https:\/\/homeofwool.com\/it\/wp-json\/wp\/v2\/product\/217658\/revisions"}],"predecessor-version":[{"id":227765,"href":"https:\/\/homeofwool.com\/it\/wp-json\/wp\/v2\/product\/217658\/revisions\/227765"}],"wp:featuredmedia":[{"embeddable":true,"href":"https:\/\/homeofwool.com\/it\/wp-json\/wp\/v2\/media\/220568"}],"wp:attachment":[{"href":"https:\/\/homeofwool.com\/it\/wp-json\/wp\/v2\/media?parent=217658"}],"wp:term":[{"taxonomy":"product_brand","embeddable":true,"href":"https:\/\/homeofwool.com\/it\/wp-json\/wp\/v2\/product_brand?post=217658"},{"taxonomy":"product_cat","embeddable":true,"href":"https:\/\/homeofwool.com\/it\/wp-json\/wp\/v2\/product_cat?post=217658"},{"taxonomy":"product_tag","embeddable":true,"href":"https:\/\/homeofwool.com\/it\/wp-json\/wp\/v2\/product_tag?post=217658"}],"curies":[{"name":"wp","href":"https:\/\/api.w.org\/{rel}","templated":true}]}}