{"id":217644,"date":"2025-09-02T12:01:59","date_gmt":"2025-09-02T12:01:59","guid":{"rendered":"https:\/\/homeofwool.com\/?post_type=product&#038;p=217644"},"modified":"2026-02-11T10:11:52","modified_gmt":"2026-02-11T10:11:52","slug":"materasso-pieghevole","status":"publish","type":"product","link":"https:\/\/homeofwool.com\/it\/shop\/foldable-mattress\/","title":{"rendered":"Materasso pieghevole in lana"},"content":{"rendered":"<p>Il materasso pieghevole in lana \u00e8 progettato per offrirti un sonno perfetto, ovunque tu ne abbia bisogno. Ogni pezzo \u00e8 accuratamente imbottito con strati di pura lana e trapuntato a mano in modo che l'imbottitura rimanga al suo posto. La lana \u00e8 nota per la sua traspirabilit\u00e0 ed elasticit\u00e0. Ci\u00f2 significa una temperatura perfetta durante il sonno e un sostegno ottimale per il corpo. L'imbottitura in lana sostiene il tuo corpo e ti aiuta a mantenere una postura comoda per tutta la notte. Bilancia la temperatura e allontana l'umidit\u00e0, cos\u00ec rimani comodo e asciutto. Niente sudore, ma nemmeno piedi freddi. Un materasso in lana \u00e8 sempre fresco e ti aiuta a goderti un sonno pi\u00f9 profondo e ininterrotto.<\/p>\n<p>Il design lo rende pratico. \u00c8 possibile piegare il materasso per riporlo e, quando lo si apre, le cerniere lo mantengono piatto e stabile come un letto normale. \u00c8 anche possibile aggiungere un rivestimento opzionale per trasformarlo in un divano quando \u00e8 piegato, rendendolo un materasso davvero versatile e salvaspazio.<\/p>\n<p>Il materasso \u00e8 realizzato senza sostanze chimiche o sintetiche. Non \u00e8 necessario aggiungere ritardanti di fiamma, poich\u00e9 la lana \u00e8 il miglior ritardante di fiamma naturale. \u00c8 ipoallergenico e sicuro per le persone sensibili. Poich\u00e9 la lana resiste agli acari della polvere e alla muffa, si ottiene uno spazio pulito in cui dormire che dona riposo e non provoca sintomi allergici. Rifinito con un rivestimento rimovibile e lavabile e una resistente trapuntatura a mano, questo materasso in lana fatto a mano \u00e8 sia funzionale che durevole.<\/p>","protected":false},"excerpt":{"rendered":"<p>Il nostro materasso pieghevole in lana \u00e8 progettato per garantire comfort e praticit\u00e0. Ma soprattutto, \u00e8 progettato per garantire un sonno davvero eccellente. Lo realizziamo a mano con fibre naturali per garantire comfort e un sonno sano. Il design pieghevole intelligente consente di riporlo facilmente, per poi aprirlo e trasformarlo in un materasso completo che sostiene il corpo e aiuta a riposare pi\u00f9 profondamente. Un materasso in lana portatile che consente di risparmiare spazio senza compromettere il comfort.<\/p>\n<div class=\"global-icon-set\">\n<div class=\"global-icon-set__items\">\n<div class=\"global-icon-set__item\">\n<div class=\"global-icon-set__image\">\n                                    <img decoding=\"async\" src=\"https:\/\/homeofwool.com\/wp-content\/uploads\/2025\/09\/handmade-icon-300x300.png\" alt=\"icona fatta a mano\" \/>\n                                <\/div>\n<div class=\"global-icon-set__title\">Fatto a mano<\/div>\n<\/p><\/div>\n<div class=\"global-icon-set__item\">\n<div class=\"global-icon-set__image\">\n                                    <img decoding=\"async\" src=\"https:\/\/homeofwool.com\/wp-content\/uploads\/2025\/09\/VOCs-min-300x300.png\" alt=\"voci libere\" \/>\n                                <\/div>\n<div class=\"global-icon-set__title\">Senza COV<\/div>\n<\/p><\/div>\n<div class=\"global-icon-set__item\">\n<div class=\"global-icon-set__image\">\n                                    <img decoding=\"async\" src=\"https:\/\/homeofwool.com\/wp-content\/uploads\/2025\/09\/FR-min-300x300.png\" alt=\"icona resistente al fuoco\" \/>\n                                <\/div>\n<div class=\"global-icon-set__title\">Resistente alla fiamma<\/div>\n<\/p><\/div>\n<div class=\"global-icon-set__item\">\n<div class=\"global-icon-set__image\">\n                                    <img decoding=\"async\" src=\"https:\/\/homeofwool.com\/wp-content\/uploads\/2025\/09\/Hypoallergenic-min-300x300.png\" alt=\"icona ipoallergenica\" \/>\n                                <\/div>\n<div class=\"global-icon-set__title\">Ipoallergenico<\/div>\n<\/p><\/div>\n<div class=\"global-icon-set__item\">\n<div class=\"global-icon-set__image\">\n                                    <img decoding=\"async\" src=\"https:\/\/homeofwool.com\/wp-content\/uploads\/2025\/09\/free-of-synthetics-icon-300x300.png\" alt=\"icona priva di sostanze sintetiche\" \/>\n                                <\/div>\n<div class=\"global-icon-set__title\">Privo di sostanze sintetiche<\/div>\n<\/p><\/div>\n<div class=\"global-icon-set__item\">\n<div class=\"global-icon-set__image\">\n                                    <img decoding=\"async\" src=\"https:\/\/homeofwool.com\/wp-content\/uploads\/2025\/09\/chemical-free-icon-300x300.png\" alt=\"icona senza sostanze chimiche\" \/>\n                                <\/div>\n<div class=\"global-icon-set__title\">Senza sostanze chimiche<\/div>\n<\/p><\/div>\n<div class=\"global-icon-set__item\">\n<div class=\"global-icon-set__image\">\n                                    <img decoding=\"async\" src=\"https:\/\/homeofwool.com\/wp-content\/uploads\/2025\/09\/anti-bacterial-icon-300x300.png\" alt=\"icona antibatterica\" \/>\n                                <\/div>\n<div class=\"global-icon-set__title\">Antimicrobico e antibatterico<\/div>\n<\/p><\/div>\n<div class=\"global-icon-set__item\">\n<div class=\"global-icon-set__image\">\n                                    <img decoding=\"async\" src=\"https:\/\/homeofwool.com\/wp-content\/uploads\/2025\/09\/certified-materials-icon-300x300.png\" alt=\"icona dei materiali certificati\" \/>\n                                <\/div>\n<div class=\"global-icon-set__title\">100% Materiali puri certificati<\/div>\n<\/p><\/div>\n<\/p><\/div>\n<\/p><\/div>","protected":false},"featured_media":226394,"template":"","meta":{"_acf_changed":false},"product_brand":[],"product_cat":[252],"product_tag":[175,176,182,604,605,606,607,608,609,553,188,138,192,610,193,611,387,612,197,149,613,614,615],"class_list":{"0":"post-217644","1":"product","2":"type-product","3":"status-publish","4":"has-post-thumbnail","6":"product_cat-mattresses","7":"product_tag-affordable-natural-mattress","8":"product_tag-all-natural-futon","9":"product_tag-floor-bed-mattress","10":"product_tag-foldable-bed","11":"product_tag-folding-futon-couch","12":"product_tag-futon-frame","13":"product_tag-futon-mattress","14":"product_tag-guest-bed","15":"product_tag-japanese-bed","16":"product_tag-japanese-futon","17":"product_tag-low-voc-mattress","18":"product_tag-made-to-order-daybed","19":"product_tag-mattress-without-flame-retardant","20":"product_tag-natural-floor-bed","21":"product_tag-natural-mattress","22":"product_tag-organic-guests-bed","23":"product_tag-overlanding","24":"product_tag-rollable-guest-bed","25":"product_tag-safe-mattresses","26":"product_tag-steps","27":"product_tag-store-away-bed","28":"product_tag-washable-mattress","29":"product_tag-woolen-shiki-futon","31":"first","32":"instock","33":"shipping-taxable","34":"purchasable","35":"product-type-simple"},"acf":[],"yoast_head":"<!-- This site is optimized with the Yoast SEO Premium plugin v27.3 (Yoast SEO v27.3) - https:\/\/yoast.com\/product\/yoast-seo-premium-wordpress\/ -->\n<title>Foldable Wool Mattress \u2013 Portable, Space-Saving &amp; Handmade | Home of Wool<\/title>\n<meta name=\"description\" content=\"Discover the perfect blend of comfort and convenience with our handmade foldable wool mattress. Space-saving, portable, and easy to store, it offers the healthiest, most restorative sleep for any living space.\" \/>\n<meta name=\"robots\" content=\"index, follow, max-snippet:-1, max-image-preview:large, max-video-preview:-1\" \/>\n<link rel=\"canonical\" href=\"https:\/\/homeofwool.com\/it\/negozio\/materasso-pieghevole\/\" \/>\n<meta property=\"og:locale\" content=\"it_IT\" \/>\n<meta property=\"og:type\" content=\"article\" \/>\n<meta property=\"og:title\" content=\"Foldable Wool Mattress\" \/>\n<meta property=\"og:description\" content=\"Discover the perfect blend of comfort and convenience with our handmade foldable wool mattress. Space-saving, portable, and easy to store, it offers the healthiest, most restorative sleep for any living space.\" \/>\n<meta property=\"og:url\" content=\"https:\/\/homeofwool.com\/it\/negozio\/materasso-pieghevole\/\" \/>\n<meta property=\"og:site_name\" content=\"Home of Wool\" \/>\n<meta property=\"article:publisher\" content=\"https:\/\/facebook.com\/HomeOfWoolOfficial\" \/>\n<meta property=\"article:modified_time\" content=\"2026-02-11T10:11:52+00:00\" \/>\n<meta property=\"og:image\" content=\"https:\/\/homeofwool.com\/wp-content\/uploads\/2025\/09\/home-of-wool-foldable-wool-mattress-1-mainn.jpg\" \/>\n\t<meta property=\"og:image:width\" content=\"2000\" \/>\n\t<meta property=\"og:image:height\" content=\"1333\" \/>\n\t<meta property=\"og:image:type\" content=\"image\/jpeg\" \/>\n<meta name=\"twitter:card\" content=\"summary_large_image\" \/>\n<meta name=\"twitter:label1\" content=\"Tempo di lettura stimato\" \/>\n\t<meta name=\"twitter:data1\" content=\"2 minuti\" \/>\n<script type=\"application\/ld+json\" class=\"yoast-schema-graph\">{\"@context\":\"https:\\\/\\\/schema.org\",\"@graph\":[{\"@type\":\"WebPage\",\"@id\":\"https:\\\/\\\/homeofwool.com\\\/shop\\\/foldable-mattress\\\/\",\"url\":\"https:\\\/\\\/homeofwool.com\\\/shop\\\/foldable-mattress\\\/\",\"name\":\"Foldable Wool Mattress \u2013 Portable, Space-Saving & Handmade | Home of Wool\",\"isPartOf\":{\"@id\":\"https:\\\/\\\/homeofwool.com\\\/#website\"},\"primaryImageOfPage\":{\"@id\":\"https:\\\/\\\/homeofwool.com\\\/shop\\\/foldable-mattress\\\/#primaryimage\"},\"image\":{\"@id\":\"https:\\\/\\\/homeofwool.com\\\/shop\\\/foldable-mattress\\\/#primaryimage\"},\"thumbnailUrl\":\"https:\\\/\\\/homeofwool.com\\\/wp-content\\\/uploads\\\/2025\\\/09\\\/home-of-wool-foldable-wool-mattress-1-mainn.jpg\",\"datePublished\":\"2025-09-02T12:01:59+00:00\",\"dateModified\":\"2026-02-11T10:11:52+00:00\",\"description\":\"Discover the perfect blend of comfort and convenience with our handmade foldable wool mattress. Space-saving, portable, and easy to store, it offers the healthiest, most restorative sleep for any living space.\",\"breadcrumb\":{\"@id\":\"https:\\\/\\\/homeofwool.com\\\/shop\\\/foldable-mattress\\\/#breadcrumb\"},\"inLanguage\":\"it-IT\",\"potentialAction\":[{\"@type\":\"ReadAction\",\"target\":[\"https:\\\/\\\/homeofwool.com\\\/shop\\\/foldable-mattress\\\/\"]}]},{\"@type\":\"ImageObject\",\"inLanguage\":\"it-IT\",\"@id\":\"https:\\\/\\\/homeofwool.com\\\/shop\\\/foldable-mattress\\\/#primaryimage\",\"url\":\"https:\\\/\\\/homeofwool.com\\\/wp-content\\\/uploads\\\/2025\\\/09\\\/home-of-wool-foldable-wool-mattress-1-mainn.jpg\",\"contentUrl\":\"https:\\\/\\\/homeofwool.com\\\/wp-content\\\/uploads\\\/2025\\\/09\\\/home-of-wool-foldable-wool-mattress-1-mainn.jpg\",\"width\":2000,\"height\":1333,\"caption\":\"foldable home of wool mattress\"},{\"@type\":\"BreadcrumbList\",\"@id\":\"https:\\\/\\\/homeofwool.com\\\/shop\\\/foldable-mattress\\\/#breadcrumb\",\"itemListElement\":[{\"@type\":\"ListItem\",\"position\":1,\"name\":\"Home\",\"item\":\"https:\\\/\\\/homeofwool.com\\\/\"},{\"@type\":\"ListItem\",\"position\":2,\"name\":\"Products\",\"item\":\"https:\\\/\\\/homeofwool.com\\\/header-search-2\\\/\"},{\"@type\":\"ListItem\",\"position\":3,\"name\":\"Foldable Wool Mattress\"}]},{\"@type\":\"WebSite\",\"@id\":\"https:\\\/\\\/homeofwool.com\\\/#website\",\"url\":\"https:\\\/\\\/homeofwool.com\\\/\",\"name\":\"Home of Wool\",\"description\":\"\",\"publisher\":{\"@id\":\"https:\\\/\\\/homeofwool.com\\\/#organization\"},\"potentialAction\":[{\"@type\":\"SearchAction\",\"target\":{\"@type\":\"EntryPoint\",\"urlTemplate\":\"https:\\\/\\\/homeofwool.com\\\/?s={search_term_string}\"},\"query-input\":{\"@type\":\"PropertyValueSpecification\",\"valueRequired\":true,\"valueName\":\"search_term_string\"}}],\"inLanguage\":\"it-IT\"},{\"@type\":\"Organization\",\"@id\":\"https:\\\/\\\/homeofwool.com\\\/#organization\",\"name\":\"Home of Wool\",\"url\":\"https:\\\/\\\/homeofwool.com\\\/\",\"logo\":{\"@type\":\"ImageObject\",\"inLanguage\":\"it-IT\",\"@id\":\"https:\\\/\\\/homeofwool.com\\\/#\\\/schema\\\/logo\\\/image\\\/\",\"url\":\"https:\\\/\\\/homeofwool.com\\\/wp-content\\\/uploads\\\/2025\\\/09\\\/WhatsApp-Image-2025-12-02-at-16.23.20.jpeg\",\"contentUrl\":\"https:\\\/\\\/homeofwool.com\\\/wp-content\\\/uploads\\\/2025\\\/09\\\/WhatsApp-Image-2025-12-02-at-16.23.20.jpeg\",\"width\":700,\"height\":247,\"caption\":\"Home of Wool\"},\"image\":{\"@id\":\"https:\\\/\\\/homeofwool.com\\\/#\\\/schema\\\/logo\\\/image\\\/\"},\"sameAs\":[\"https:\\\/\\\/facebook.com\\\/HomeOfWoolOfficial\"]}]}<\/script>\n<!-- \/ Yoast SEO Premium plugin. -->","yoast_head_json":{"title":"Materasso pieghevole in lana \u2013 Portatile, salvaspazio e fatto a mano | Home of Wool","description":"Scopri il mix perfetto di comfort e praticit\u00e0 con il nostro materasso pieghevole in lana fatto a mano. Salvaspazio, portatile e facile da riporre, offre il sonno pi\u00f9 sano e rigenerante per qualsiasi spazio abitativo.","robots":{"index":"index","follow":"follow","max-snippet":"max-snippet:-1","max-image-preview":"max-image-preview:large","max-video-preview":"max-video-preview:-1"},"canonical":"https:\/\/homeofwool.com\/it\/negozio\/materasso-pieghevole\/","og_locale":"it_IT","og_type":"article","og_title":"Foldable Wool Mattress","og_description":"Discover the perfect blend of comfort and convenience with our handmade foldable wool mattress. Space-saving, portable, and easy to store, it offers the healthiest, most restorative sleep for any living space.","og_url":"https:\/\/homeofwool.com\/it\/negozio\/materasso-pieghevole\/","og_site_name":"Home of Wool","article_publisher":"https:\/\/facebook.com\/HomeOfWoolOfficial","article_modified_time":"2026-02-11T10:11:52+00:00","og_image":[{"width":2000,"height":1333,"url":"https:\/\/homeofwool.com\/wp-content\/uploads\/2025\/09\/home-of-wool-foldable-wool-mattress-1-mainn.jpg","type":"image\/jpeg"}],"twitter_card":"summary_large_image","twitter_misc":{"Tempo di lettura stimato":"2 minuti"},"schema":{"@context":"https:\/\/schema.org","@graph":[{"@type":"WebPage","@id":"https:\/\/homeofwool.com\/shop\/foldable-mattress\/","url":"https:\/\/homeofwool.com\/shop\/foldable-mattress\/","name":"Materasso pieghevole in lana \u2013 Portatile, salvaspazio e fatto a mano | Home of Wool","isPartOf":{"@id":"https:\/\/homeofwool.com\/#website"},"primaryImageOfPage":{"@id":"https:\/\/homeofwool.com\/shop\/foldable-mattress\/#primaryimage"},"image":{"@id":"https:\/\/homeofwool.com\/shop\/foldable-mattress\/#primaryimage"},"thumbnailUrl":"https:\/\/homeofwool.com\/wp-content\/uploads\/2025\/09\/home-of-wool-foldable-wool-mattress-1-mainn.jpg","datePublished":"2025-09-02T12:01:59+00:00","dateModified":"2026-02-11T10:11:52+00:00","description":"Scopri il mix perfetto di comfort e praticit\u00e0 con il nostro materasso pieghevole in lana fatto a mano. Salvaspazio, portatile e facile da riporre, offre il sonno pi\u00f9 sano e rigenerante per qualsiasi spazio abitativo.","breadcrumb":{"@id":"https:\/\/homeofwool.com\/shop\/foldable-mattress\/#breadcrumb"},"inLanguage":"it-IT","potentialAction":[{"@type":"ReadAction","target":["https:\/\/homeofwool.com\/shop\/foldable-mattress\/"]}]},{"@type":"ImageObject","inLanguage":"it-IT","@id":"https:\/\/homeofwool.com\/shop\/foldable-mattress\/#primaryimage","url":"https:\/\/homeofwool.com\/wp-content\/uploads\/2025\/09\/home-of-wool-foldable-wool-mattress-1-mainn.jpg","contentUrl":"https:\/\/homeofwool.com\/wp-content\/uploads\/2025\/09\/home-of-wool-foldable-wool-mattress-1-mainn.jpg","width":2000,"height":1333,"caption":"foldable home of wool mattress"},{"@type":"BreadcrumbList","@id":"https:\/\/homeofwool.com\/shop\/foldable-mattress\/#breadcrumb","itemListElement":[{"@type":"ListItem","position":1,"name":"Home","item":"https:\/\/homeofwool.com\/"},{"@type":"ListItem","position":2,"name":"Products","item":"https:\/\/homeofwool.com\/header-search-2\/"},{"@type":"ListItem","position":3,"name":"Foldable Wool Mattress"}]},{"@type":"WebSite","@id":"https:\/\/homeofwool.com\/#website","url":"https:\/\/homeofwool.com\/","name":"Casa della lana","description":"","publisher":{"@id":"https:\/\/homeofwool.com\/#organization"},"potentialAction":[{"@type":"SearchAction","target":{"@type":"EntryPoint","urlTemplate":"https:\/\/homeofwool.com\/?s={search_term_string}"},"query-input":{"@type":"PropertyValueSpecification","valueRequired":true,"valueName":"search_term_string"}}],"inLanguage":"it-IT"},{"@type":"Organization","@id":"https:\/\/homeofwool.com\/#organization","name":"Casa della lana","url":"https:\/\/homeofwool.com\/","logo":{"@type":"ImageObject","inLanguage":"it-IT","@id":"https:\/\/homeofwool.com\/#\/schema\/logo\/image\/","url":"https:\/\/homeofwool.com\/wp-content\/uploads\/2025\/09\/WhatsApp-Image-2025-12-02-at-16.23.20.jpeg","contentUrl":"https:\/\/homeofwool.com\/wp-content\/uploads\/2025\/09\/WhatsApp-Image-2025-12-02-at-16.23.20.jpeg","width":700,"height":247,"caption":"Home of Wool"},"image":{"@id":"https:\/\/homeofwool.com\/#\/schema\/logo\/image\/"},"sameAs":["https:\/\/facebook.com\/HomeOfWoolOfficial"]}]}},"_links":{"self":[{"href":"https:\/\/homeofwool.com\/it\/wp-json\/wp\/v2\/product\/217644","targetHints":{"allow":["GET"]}}],"collection":[{"href":"https:\/\/homeofwool.com\/it\/wp-json\/wp\/v2\/product"}],"about":[{"href":"https:\/\/homeofwool.com\/it\/wp-json\/wp\/v2\/types\/product"}],"version-history":[{"count":2,"href":"https:\/\/homeofwool.com\/it\/wp-json\/wp\/v2\/product\/217644\/revisions"}],"predecessor-version":[{"id":226367,"href":"https:\/\/homeofwool.com\/it\/wp-json\/wp\/v2\/product\/217644\/revisions\/226367"}],"wp:featuredmedia":[{"embeddable":true,"href":"https:\/\/homeofwool.com\/it\/wp-json\/wp\/v2\/media\/226394"}],"wp:attachment":[{"href":"https:\/\/homeofwool.com\/it\/wp-json\/wp\/v2\/media?parent=217644"}],"wp:term":[{"taxonomy":"product_brand","embeddable":true,"href":"https:\/\/homeofwool.com\/it\/wp-json\/wp\/v2\/product_brand?post=217644"},{"taxonomy":"product_cat","embeddable":true,"href":"https:\/\/homeofwool.com\/it\/wp-json\/wp\/v2\/product_cat?post=217644"},{"taxonomy":"product_tag","embeddable":true,"href":"https:\/\/homeofwool.com\/it\/wp-json\/wp\/v2\/product_tag?post=217644"}],"curies":[{"name":"wp","href":"https:\/\/api.w.org\/{rel}","templated":true}]}}