{"id":217631,"date":"2025-09-02T12:01:58","date_gmt":"2025-09-02T12:01:58","guid":{"rendered":"https:\/\/homeofwool.com\/?post_type=product&#038;p=217631"},"modified":"2026-03-31T11:39:34","modified_gmt":"2026-03-31T11:39:34","slug":"materasso-personalizzato-a-zero-rifiuti","status":"publish","type":"product","link":"https:\/\/homeofwool.com\/it\/shop\/custom-zero-waste-mattress\/","title":{"rendered":"Materasso in lana a impatto zero"},"content":{"rendered":"<p>Il materasso in lana Zero Waste ti offre la maestria artigianale tipica di Home of Wool in modo pi\u00f9 accessibile. Realizzato con pezzi di tessuto avanzati di grandi dimensioni, ogni materasso in lana ricavato dagli scarti viene accuratamente cucito con linee parallele per creare una superficie liscia e confortevole. Questo processo accurato riduce gli sprechi e ci consente di offrire un materasso naturale a un prezzo accessibile senza sacrificare la qualit\u00e0, la durata o il sostegno che ti aspetti.<\/p>\n<p>Li riempiamo con lana biologica. Questo materiale permette all'aria di circolare, evitando il surriscaldamento. Privo di sostanze sintetiche e chimiche nocive, questo materasso ecologico \u00e8 ideale per chi soffre di allergie, asma o sensibilit\u00e0. \u00c8 anche la soluzione migliore per chi ha il sonno caldo.<\/p>\n<p>Scegliendo questo materasso realizzato con tessuti di scarto, contribuisci a evitare che materiali preziosi finiscano in discarica, godendo al contempo dei benefici rigeneranti della lana naturale. \u00c8 il materasso biologico economico che sostiene sia il tuo benessere che il pianeta. Disponibile con protezione in lana opzionale o rivestimento sfoderabile.<\/p>","protected":false},"excerpt":{"rendered":"<p>Il nostro materasso in lana Zero Waste offre lo stesso comfort Home of Wool che ami con uno sconto fino al 20% sul prezzo normale dei materassi in lana. Realizzato con cura utilizzando materiali di scarto per creare un materasso sostenibile che rispetta sia te che il pianeta. Cuciti a mano con cura, questi materassi trasformano i tessuti di scarto in comfort e valore duraturi. Prova una soluzione ecologica per il tuo riposo senza rinunciare alla qualit\u00e0 o al comfort.<\/p>","protected":false},"featured_media":226473,"template":"","meta":{"_acf_changed":false},"product_brand":[],"product_cat":[252,551],"product_tag":[175,176,177,178,179,180,181,182,183,52,184,185,186,187,188,189,190,191,192,193,194,195,196,197,198,199,149,200,201,202,203],"class_list":{"0":"post-217631","1":"product","2":"type-product","3":"status-publish","4":"has-post-thumbnail","6":"product_cat-mattresses","7":"product_cat-zero-waste-mattresses","8":"product_tag-affordable-natural-mattress","9":"product_tag-all-natural-futon","10":"product_tag-artisanal-mattress","11":"product_tag-bed-mattress","12":"product_tag-double-mattress","13":"product_tag-extra-long-twin-mattress","14":"product_tag-firm-mattress","15":"product_tag-floor-bed-mattress","16":"product_tag-french-antique-bed","17":"product_tag-french-mattress","18":"product_tag-full-size-mattress-set","19":"product_tag-handmade-mattress","20":"product_tag-hard-mattress","21":"product_tag-hypoallergenic-bed","22":"product_tag-low-voc-mattress","23":"product_tag-mattress-full","24":"product_tag-mattress-full-size","25":"product_tag-mattress-sets","26":"product_tag-mattress-without-flame-retardant","27":"product_tag-natural-mattress","28":"product_tag-organic-foldable-bed","29":"product_tag-organic-mattress","30":"product_tag-queen-mattress","31":"product_tag-safe-mattresses","32":"product_tag-short-queen-mattress","33":"product_tag-single-mattress","34":"product_tag-steps","35":"product_tag-twin-bed-mattress","36":"product_tag-twin-mattress","37":"product_tag-twin-xl-mattress","38":"product_tag-wool-mattress","40":"first","41":"instock","42":"shipping-taxable","43":"purchasable","44":"product-type-simple"},"acf":[],"yoast_head":"<!-- This site is optimized with the Yoast SEO Premium plugin v27.3 (Yoast SEO v27.3) - https:\/\/yoast.com\/product\/yoast-seo-premium-wordpress\/ -->\n<title>Zero Waste Wool Mattress \u2013 Eco-Friendly &amp; Affordable | Home of Wool<\/title>\n<meta name=\"description\" content=\"Sustainable, breathable, and chemical-free, the Zero Waste Wool Mattress turns leftover fabrics into lasting comfort. Organic wool provides eco-friendly, supportive sleep.\" \/>\n<meta name=\"robots\" content=\"index, follow, max-snippet:-1, max-image-preview:large, max-video-preview:-1\" \/>\n<link rel=\"canonical\" href=\"https:\/\/homeofwool.com\/it\/negozio\/materasso-personalizzato-a-zero-rifiuti\/\" \/>\n<meta property=\"og:locale\" content=\"it_IT\" \/>\n<meta property=\"og:type\" content=\"article\" \/>\n<meta property=\"og:title\" content=\"Zero Waste Wool Mattress\" \/>\n<meta property=\"og:description\" content=\"Sustainable, breathable, and chemical-free, the Zero Waste Wool Mattress turns leftover fabrics into lasting comfort. Organic wool provides eco-friendly, supportive sleep.\" \/>\n<meta property=\"og:url\" content=\"https:\/\/homeofwool.com\/it\/negozio\/materasso-personalizzato-a-zero-rifiuti\/\" \/>\n<meta property=\"og:site_name\" content=\"Home of Wool\" \/>\n<meta property=\"article:publisher\" content=\"https:\/\/facebook.com\/HomeOfWoolOfficial\" \/>\n<meta property=\"article:modified_time\" content=\"2026-03-31T11:39:34+00:00\" \/>\n<meta property=\"og:image\" content=\"https:\/\/homeofwool.com\/wp-content\/uploads\/2025\/09\/home-of-wool-zero-waste-mattress-10.jpg\" \/>\n\t<meta property=\"og:image:width\" content=\"1920\" \/>\n\t<meta property=\"og:image:height\" content=\"1536\" \/>\n\t<meta property=\"og:image:type\" content=\"image\/jpeg\" \/>\n<meta name=\"twitter:card\" content=\"summary_large_image\" \/>\n<meta name=\"twitter:label1\" content=\"Tempo di lettura stimato\" \/>\n\t<meta name=\"twitter:data1\" content=\"1 minuto\" \/>\n<script type=\"application\/ld+json\" class=\"yoast-schema-graph\">{\"@context\":\"https:\\\/\\\/schema.org\",\"@graph\":[{\"@type\":\"WebPage\",\"@id\":\"https:\\\/\\\/homeofwool.com\\\/shop\\\/custom-zero-waste-mattress\\\/\",\"url\":\"https:\\\/\\\/homeofwool.com\\\/shop\\\/custom-zero-waste-mattress\\\/\",\"name\":\"Zero Waste Wool Mattress \u2013 Eco-Friendly & Affordable | Home of Wool\",\"isPartOf\":{\"@id\":\"https:\\\/\\\/homeofwool.com\\\/#website\"},\"primaryImageOfPage\":{\"@id\":\"https:\\\/\\\/homeofwool.com\\\/shop\\\/custom-zero-waste-mattress\\\/#primaryimage\"},\"image\":{\"@id\":\"https:\\\/\\\/homeofwool.com\\\/shop\\\/custom-zero-waste-mattress\\\/#primaryimage\"},\"thumbnailUrl\":\"https:\\\/\\\/homeofwool.com\\\/wp-content\\\/uploads\\\/2025\\\/09\\\/home-of-wool-zero-waste-mattress-10.jpg\",\"datePublished\":\"2025-09-02T12:01:58+00:00\",\"dateModified\":\"2026-03-31T11:39:34+00:00\",\"description\":\"Sustainable, breathable, and chemical-free, the Zero Waste Wool Mattress turns leftover fabrics into lasting comfort. Organic wool provides eco-friendly, supportive sleep.\",\"breadcrumb\":{\"@id\":\"https:\\\/\\\/homeofwool.com\\\/shop\\\/custom-zero-waste-mattress\\\/#breadcrumb\"},\"inLanguage\":\"it-IT\",\"potentialAction\":[{\"@type\":\"ReadAction\",\"target\":[\"https:\\\/\\\/homeofwool.com\\\/shop\\\/custom-zero-waste-mattress\\\/\"]}]},{\"@type\":\"ImageObject\",\"inLanguage\":\"it-IT\",\"@id\":\"https:\\\/\\\/homeofwool.com\\\/shop\\\/custom-zero-waste-mattress\\\/#primaryimage\",\"url\":\"https:\\\/\\\/homeofwool.com\\\/wp-content\\\/uploads\\\/2025\\\/09\\\/home-of-wool-zero-waste-mattress-10.jpg\",\"contentUrl\":\"https:\\\/\\\/homeofwool.com\\\/wp-content\\\/uploads\\\/2025\\\/09\\\/home-of-wool-zero-waste-mattress-10.jpg\",\"width\":1920,\"height\":1536,\"caption\":\"zero waste wool mattress showing handles\"},{\"@type\":\"BreadcrumbList\",\"@id\":\"https:\\\/\\\/homeofwool.com\\\/shop\\\/custom-zero-waste-mattress\\\/#breadcrumb\",\"itemListElement\":[{\"@type\":\"ListItem\",\"position\":1,\"name\":\"Home\",\"item\":\"https:\\\/\\\/homeofwool.com\\\/\"},{\"@type\":\"ListItem\",\"position\":2,\"name\":\"Products\",\"item\":\"https:\\\/\\\/homeofwool.com\\\/header-search-2\\\/\"},{\"@type\":\"ListItem\",\"position\":3,\"name\":\"Zero Waste Wool Mattress\"}]},{\"@type\":\"WebSite\",\"@id\":\"https:\\\/\\\/homeofwool.com\\\/#website\",\"url\":\"https:\\\/\\\/homeofwool.com\\\/\",\"name\":\"Home of Wool\",\"description\":\"\",\"publisher\":{\"@id\":\"https:\\\/\\\/homeofwool.com\\\/#organization\"},\"potentialAction\":[{\"@type\":\"SearchAction\",\"target\":{\"@type\":\"EntryPoint\",\"urlTemplate\":\"https:\\\/\\\/homeofwool.com\\\/?s={search_term_string}\"},\"query-input\":{\"@type\":\"PropertyValueSpecification\",\"valueRequired\":true,\"valueName\":\"search_term_string\"}}],\"inLanguage\":\"it-IT\"},{\"@type\":\"Organization\",\"@id\":\"https:\\\/\\\/homeofwool.com\\\/#organization\",\"name\":\"Home of Wool\",\"url\":\"https:\\\/\\\/homeofwool.com\\\/\",\"logo\":{\"@type\":\"ImageObject\",\"inLanguage\":\"it-IT\",\"@id\":\"https:\\\/\\\/homeofwool.com\\\/#\\\/schema\\\/logo\\\/image\\\/\",\"url\":\"https:\\\/\\\/homeofwool.com\\\/wp-content\\\/uploads\\\/2025\\\/09\\\/WhatsApp-Image-2025-12-02-at-16.23.20.jpeg\",\"contentUrl\":\"https:\\\/\\\/homeofwool.com\\\/wp-content\\\/uploads\\\/2025\\\/09\\\/WhatsApp-Image-2025-12-02-at-16.23.20.jpeg\",\"width\":700,\"height\":247,\"caption\":\"Home of Wool\"},\"image\":{\"@id\":\"https:\\\/\\\/homeofwool.com\\\/#\\\/schema\\\/logo\\\/image\\\/\"},\"sameAs\":[\"https:\\\/\\\/facebook.com\\\/HomeOfWoolOfficial\"]}]}<\/script>\n<!-- \/ Yoast SEO Premium plugin. -->","yoast_head_json":{"title":"Materasso in lana a impatto zero \u2013 Ecologico e conveniente | Home of Wool","description":"Sostenibile, traspirante e privo di sostanze chimiche, il materasso in lana Zero Waste trasforma gli scarti di tessuto in un comfort duraturo. La lana biologica garantisce un riposo ecologico e confortevole.","robots":{"index":"index","follow":"follow","max-snippet":"max-snippet:-1","max-image-preview":"max-image-preview:large","max-video-preview":"max-video-preview:-1"},"canonical":"https:\/\/homeofwool.com\/it\/negozio\/materasso-personalizzato-a-zero-rifiuti\/","og_locale":"it_IT","og_type":"article","og_title":"Zero Waste Wool Mattress","og_description":"Sustainable, breathable, and chemical-free, the Zero Waste Wool Mattress turns leftover fabrics into lasting comfort. Organic wool provides eco-friendly, supportive sleep.","og_url":"https:\/\/homeofwool.com\/it\/negozio\/materasso-personalizzato-a-zero-rifiuti\/","og_site_name":"Home of Wool","article_publisher":"https:\/\/facebook.com\/HomeOfWoolOfficial","article_modified_time":"2026-03-31T11:39:34+00:00","og_image":[{"width":1920,"height":1536,"url":"https:\/\/homeofwool.com\/wp-content\/uploads\/2025\/09\/home-of-wool-zero-waste-mattress-10.jpg","type":"image\/jpeg"}],"twitter_card":"summary_large_image","twitter_misc":{"Tempo di lettura stimato":"1 minuto"},"schema":{"@context":"https:\/\/schema.org","@graph":[{"@type":"WebPage","@id":"https:\/\/homeofwool.com\/shop\/custom-zero-waste-mattress\/","url":"https:\/\/homeofwool.com\/shop\/custom-zero-waste-mattress\/","name":"Materasso in lana a impatto zero \u2013 Ecologico e conveniente | Home of Wool","isPartOf":{"@id":"https:\/\/homeofwool.com\/#website"},"primaryImageOfPage":{"@id":"https:\/\/homeofwool.com\/shop\/custom-zero-waste-mattress\/#primaryimage"},"image":{"@id":"https:\/\/homeofwool.com\/shop\/custom-zero-waste-mattress\/#primaryimage"},"thumbnailUrl":"https:\/\/homeofwool.com\/wp-content\/uploads\/2025\/09\/home-of-wool-zero-waste-mattress-10.jpg","datePublished":"2025-09-02T12:01:58+00:00","dateModified":"2026-03-31T11:39:34+00:00","description":"Sostenibile, traspirante e privo di sostanze chimiche, il materasso in lana Zero Waste trasforma gli scarti di tessuto in un comfort duraturo. La lana biologica garantisce un riposo ecologico e confortevole.","breadcrumb":{"@id":"https:\/\/homeofwool.com\/shop\/custom-zero-waste-mattress\/#breadcrumb"},"inLanguage":"it-IT","potentialAction":[{"@type":"ReadAction","target":["https:\/\/homeofwool.com\/shop\/custom-zero-waste-mattress\/"]}]},{"@type":"ImageObject","inLanguage":"it-IT","@id":"https:\/\/homeofwool.com\/shop\/custom-zero-waste-mattress\/#primaryimage","url":"https:\/\/homeofwool.com\/wp-content\/uploads\/2025\/09\/home-of-wool-zero-waste-mattress-10.jpg","contentUrl":"https:\/\/homeofwool.com\/wp-content\/uploads\/2025\/09\/home-of-wool-zero-waste-mattress-10.jpg","width":1920,"height":1536,"caption":"zero waste wool mattress showing handles"},{"@type":"BreadcrumbList","@id":"https:\/\/homeofwool.com\/shop\/custom-zero-waste-mattress\/#breadcrumb","itemListElement":[{"@type":"ListItem","position":1,"name":"Home","item":"https:\/\/homeofwool.com\/"},{"@type":"ListItem","position":2,"name":"Products","item":"https:\/\/homeofwool.com\/header-search-2\/"},{"@type":"ListItem","position":3,"name":"Zero Waste Wool Mattress"}]},{"@type":"WebSite","@id":"https:\/\/homeofwool.com\/#website","url":"https:\/\/homeofwool.com\/","name":"Casa della lana","description":"","publisher":{"@id":"https:\/\/homeofwool.com\/#organization"},"potentialAction":[{"@type":"SearchAction","target":{"@type":"EntryPoint","urlTemplate":"https:\/\/homeofwool.com\/?s={search_term_string}"},"query-input":{"@type":"PropertyValueSpecification","valueRequired":true,"valueName":"search_term_string"}}],"inLanguage":"it-IT"},{"@type":"Organization","@id":"https:\/\/homeofwool.com\/#organization","name":"Casa della lana","url":"https:\/\/homeofwool.com\/","logo":{"@type":"ImageObject","inLanguage":"it-IT","@id":"https:\/\/homeofwool.com\/#\/schema\/logo\/image\/","url":"https:\/\/homeofwool.com\/wp-content\/uploads\/2025\/09\/WhatsApp-Image-2025-12-02-at-16.23.20.jpeg","contentUrl":"https:\/\/homeofwool.com\/wp-content\/uploads\/2025\/09\/WhatsApp-Image-2025-12-02-at-16.23.20.jpeg","width":700,"height":247,"caption":"Home of Wool"},"image":{"@id":"https:\/\/homeofwool.com\/#\/schema\/logo\/image\/"},"sameAs":["https:\/\/facebook.com\/HomeOfWoolOfficial"]}]}},"_links":{"self":[{"href":"https:\/\/homeofwool.com\/it\/wp-json\/wp\/v2\/product\/217631","targetHints":{"allow":["GET"]}}],"collection":[{"href":"https:\/\/homeofwool.com\/it\/wp-json\/wp\/v2\/product"}],"about":[{"href":"https:\/\/homeofwool.com\/it\/wp-json\/wp\/v2\/types\/product"}],"version-history":[{"count":2,"href":"https:\/\/homeofwool.com\/it\/wp-json\/wp\/v2\/product\/217631\/revisions"}],"predecessor-version":[{"id":226497,"href":"https:\/\/homeofwool.com\/it\/wp-json\/wp\/v2\/product\/217631\/revisions\/226497"}],"wp:featuredmedia":[{"embeddable":true,"href":"https:\/\/homeofwool.com\/it\/wp-json\/wp\/v2\/media\/226473"}],"wp:attachment":[{"href":"https:\/\/homeofwool.com\/it\/wp-json\/wp\/v2\/media?parent=217631"}],"wp:term":[{"taxonomy":"product_brand","embeddable":true,"href":"https:\/\/homeofwool.com\/it\/wp-json\/wp\/v2\/product_brand?post=217631"},{"taxonomy":"product_cat","embeddable":true,"href":"https:\/\/homeofwool.com\/it\/wp-json\/wp\/v2\/product_cat?post=217631"},{"taxonomy":"product_tag","embeddable":true,"href":"https:\/\/homeofwool.com\/it\/wp-json\/wp\/v2\/product_tag?post=217631"}],"curies":[{"name":"wp","href":"https:\/\/api.w.org\/{rel}","templated":true}]}}