{"id":217591,"date":"2025-09-02T12:01:16","date_gmt":"2025-09-02T12:01:16","guid":{"rendered":"https:\/\/homeofwool.com\/?post_type=product&#038;p=217591"},"modified":"2026-01-21T12:20:48","modified_gmt":"2026-01-21T12:20:48","slug":"campione-di-piumino","status":"publish","type":"product","link":"https:\/\/homeofwool.com\/it\/shop\/duvet-sample\/","title":{"rendered":"Campione di imbottitura in lana per piumone"},"content":{"rendered":"<p>La scelta della biancheria da letto giusta \u00e8 una questione molto personale, ed \u00e8 per questo che abbiamo creato il campione di imbottitura per piumone. Questo quadrato di 40 x 40 cm ti offre la possibilit\u00e0 di toccare, vedere e dormire con la qualit\u00e0 dei nostri piumoni in lana realizzati a mano. Imbottito con pura lana e trapuntato a mano per garantire una maggiore durata, \u00e8 realizzato con la stessa attenzione artigianale ai dettagli dei nostri piumoni di dimensioni standard.<\/p>\n<p>La lana mantiene il corpo alla giusta temperatura. Quando la stanza \u00e8 calda, ti aiuta a rimanere fresco e riposato. Quando fa freddo, ti tiene al caldo senza surriscaldarti. Ecco perch\u00e9 i piumini in lana sono sempre perfetti. Ti aiutano ad addormentarti pi\u00f9 profondamente, senza essere disturbato dal calore eccessivo o dall'umidit\u00e0.<\/p>\n<p>Un altro aspetto che le persone amano della lana \u00e8 la sua delicatezza nei confronti di chi ha il sonno sensibile. Se voi o qualcuno della vostra famiglia soffre di allergie o asma, \u00e8 una scelta sicura per diversi motivi. Innanzitutto, gli acari della polvere e la muffa non amano viverci. In secondo luogo, la lana non necessita di trattamenti chimici per rimanere fresca e meravigliosa. In terzo luogo, essendo completamente naturale, la biancheria da letto in lana non contiene COV. \u00c8 la migliore soluzione naturale per dormire bene.<\/p>\n<p>Biodegradabile e realizzato con materiali rinnovabili, questo piccolo campione di piumino incarna la nostra filosofia di lusso sostenibile. Se stai pensando di investire in un sonno pi\u00f9 sano, questo campione ti permette di provarlo prima di acquistarlo, assicurandoti di sentirti sicuro nell'introdurre nella tua casa biancheria da letto in lana naturale. E rimanendo fedele alla praticit\u00e0, pu\u00f2 continuare a vivere anche dopo la prova: pu\u00f2 essere utilizzato come piumino per bambole, comodo cuscino per sedie, pratico tappetino per animali domestici o persino come piccolo cuscino da viaggio.<\/p>","protected":false},"excerpt":{"rendered":"<p>Sei curioso di provare la biancheria da letto in lana? Il nostro campione di imbottitura per piumone ti permette di provare il comfort della lana naturale prima di investire in un piumone di dimensioni standard. \u00c8 il modo perfetto per provare il prodotto prima di acquistarlo. Non esitare a provare la traspirabilit\u00e0 e la purezza del lusso sostenibile a casa tua. Fai il primo passo per migliorare il tuo sonno. Ci ringrazierai pi\u00f9 tardi.<\/p>","protected":false},"featured_media":218635,"template":"","meta":{"_acf_changed":false},"product_brand":[],"product_cat":[253,60],"product_tag":[428,429,430,431,432,433,434],"class_list":{"0":"post-217591","1":"product","2":"type-product","3":"status-publish","4":"has-post-thumbnail","6":"product_cat-product-samples","7":"product_cat-blankets-duvets","8":"product_tag-custom-comforter","9":"product_tag-down-alternative-comforter","10":"product_tag-duvet-insert","11":"product_tag-duvet-insert-king","12":"product_tag-duvet-insert-queen","13":"product_tag-quilt-covers","14":"product_tag-quilted-comforter","16":"first","17":"instock","18":"shipping-taxable","19":"purchasable","20":"product-type-variable"},"acf":[],"yoast_head":"<!-- This site is optimized with the Yoast SEO Premium plugin v27.5 (Yoast SEO v27.5) - https:\/\/yoast.com\/product\/yoast-seo-premium-wordpress\/ -->\n<title>Wool Duvet Insert Sample \u2013 Try Before Buying | Home of Wool<\/title>\n<meta name=\"description\" content=\"Pure and natural, the Wool Duvet Insert Sample lets you experience breathable wool comfort before you buy. Hypoallergenic and toxin-free, it\u2019s an easy way to test sustainable bedding.\" \/>\n<meta name=\"robots\" content=\"index, follow, max-snippet:-1, max-image-preview:large, max-video-preview:-1\" \/>\n<link rel=\"canonical\" href=\"https:\/\/homeofwool.com\/it\/negozio\/campione-di-piumino\/\" \/>\n<meta property=\"og:locale\" content=\"it_IT\" \/>\n<meta property=\"og:type\" content=\"article\" \/>\n<meta property=\"og:title\" content=\"Wool Duvet Insert Sample\" \/>\n<meta property=\"og:description\" content=\"Pure and natural, the Wool Duvet Insert Sample lets you experience breathable wool comfort before you buy. Hypoallergenic and toxin-free, it\u2019s an easy way to test sustainable bedding.\" \/>\n<meta property=\"og:url\" content=\"https:\/\/homeofwool.com\/it\/negozio\/campione-di-piumino\/\" \/>\n<meta property=\"og:site_name\" content=\"Home of Wool\" \/>\n<meta property=\"article:publisher\" content=\"https:\/\/facebook.com\/HomeOfWoolOfficial\" \/>\n<meta property=\"article:modified_time\" content=\"2026-01-21T12:20:48+00:00\" \/>\n<meta property=\"og:image\" content=\"https:\/\/homeofwool.com\/wp-content\/uploads\/2025\/09\/home-of-wool-wool-duvet-insert-sample-1-main.jpg\" \/>\n\t<meta property=\"og:image:width\" content=\"1900\" \/>\n\t<meta property=\"og:image:height\" content=\"1520\" \/>\n\t<meta property=\"og:image:type\" content=\"image\/jpeg\" \/>\n<meta name=\"twitter:card\" content=\"summary_large_image\" \/>\n<meta name=\"twitter:label1\" content=\"Tempo di lettura stimato\" \/>\n\t<meta name=\"twitter:data1\" content=\"2 minuti\" \/>\n<script type=\"application\/ld+json\" class=\"yoast-schema-graph\">{\"@context\":\"https:\\\/\\\/schema.org\",\"@graph\":[{\"@type\":\"WebPage\",\"@id\":\"https:\\\/\\\/homeofwool.com\\\/shop\\\/duvet-sample\\\/\",\"url\":\"https:\\\/\\\/homeofwool.com\\\/shop\\\/duvet-sample\\\/\",\"name\":\"Wool Duvet Insert Sample \u2013 Try Before Buying | Home of Wool\",\"isPartOf\":{\"@id\":\"https:\\\/\\\/homeofwool.com\\\/#website\"},\"primaryImageOfPage\":{\"@id\":\"https:\\\/\\\/homeofwool.com\\\/shop\\\/duvet-sample\\\/#primaryimage\"},\"image\":{\"@id\":\"https:\\\/\\\/homeofwool.com\\\/shop\\\/duvet-sample\\\/#primaryimage\"},\"thumbnailUrl\":\"https:\\\/\\\/homeofwool.com\\\/wp-content\\\/uploads\\\/2025\\\/09\\\/home-of-wool-wool-duvet-insert-sample-1-main.jpg\",\"datePublished\":\"2025-09-02T12:01:16+00:00\",\"dateModified\":\"2026-01-21T12:20:48+00:00\",\"description\":\"Pure and natural, the Wool Duvet Insert Sample lets you experience breathable wool comfort before you buy. Hypoallergenic and toxin-free, it\u2019s an easy way to test sustainable bedding.\",\"breadcrumb\":{\"@id\":\"https:\\\/\\\/homeofwool.com\\\/shop\\\/duvet-sample\\\/#breadcrumb\"},\"inLanguage\":\"it-IT\",\"potentialAction\":[{\"@type\":\"ReadAction\",\"target\":[\"https:\\\/\\\/homeofwool.com\\\/shop\\\/duvet-sample\\\/\"]}]},{\"@type\":\"ImageObject\",\"inLanguage\":\"it-IT\",\"@id\":\"https:\\\/\\\/homeofwool.com\\\/shop\\\/duvet-sample\\\/#primaryimage\",\"url\":\"https:\\\/\\\/homeofwool.com\\\/wp-content\\\/uploads\\\/2025\\\/09\\\/home-of-wool-wool-duvet-insert-sample-1-main.jpg\",\"contentUrl\":\"https:\\\/\\\/homeofwool.com\\\/wp-content\\\/uploads\\\/2025\\\/09\\\/home-of-wool-wool-duvet-insert-sample-1-main.jpg\",\"width\":1900,\"height\":1520,\"caption\":\"wool duvet insert sample with home of wool tag\"},{\"@type\":\"BreadcrumbList\",\"@id\":\"https:\\\/\\\/homeofwool.com\\\/shop\\\/duvet-sample\\\/#breadcrumb\",\"itemListElement\":[{\"@type\":\"ListItem\",\"position\":1,\"name\":\"Home\",\"item\":\"https:\\\/\\\/homeofwool.com\\\/\"},{\"@type\":\"ListItem\",\"position\":2,\"name\":\"Products\",\"item\":\"https:\\\/\\\/homeofwool.com\\\/header-search-2\\\/\"},{\"@type\":\"ListItem\",\"position\":3,\"name\":\"Wool Duvet Insert Sample\"}]},{\"@type\":\"WebSite\",\"@id\":\"https:\\\/\\\/homeofwool.com\\\/#website\",\"url\":\"https:\\\/\\\/homeofwool.com\\\/\",\"name\":\"Home of Wool\",\"description\":\"\",\"publisher\":{\"@id\":\"https:\\\/\\\/homeofwool.com\\\/#organization\"},\"potentialAction\":[{\"@type\":\"SearchAction\",\"target\":{\"@type\":\"EntryPoint\",\"urlTemplate\":\"https:\\\/\\\/homeofwool.com\\\/?s={search_term_string}\"},\"query-input\":{\"@type\":\"PropertyValueSpecification\",\"valueRequired\":true,\"valueName\":\"search_term_string\"}}],\"inLanguage\":\"it-IT\"},{\"@type\":\"Organization\",\"@id\":\"https:\\\/\\\/homeofwool.com\\\/#organization\",\"name\":\"Home of Wool\",\"url\":\"https:\\\/\\\/homeofwool.com\\\/\",\"logo\":{\"@type\":\"ImageObject\",\"inLanguage\":\"it-IT\",\"@id\":\"https:\\\/\\\/homeofwool.com\\\/#\\\/schema\\\/logo\\\/image\\\/\",\"url\":\"https:\\\/\\\/homeofwool.com\\\/wp-content\\\/uploads\\\/2025\\\/09\\\/WhatsApp-Image-2025-12-02-at-16.23.20.jpeg\",\"contentUrl\":\"https:\\\/\\\/homeofwool.com\\\/wp-content\\\/uploads\\\/2025\\\/09\\\/WhatsApp-Image-2025-12-02-at-16.23.20.jpeg\",\"width\":700,\"height\":247,\"caption\":\"Home of Wool\"},\"image\":{\"@id\":\"https:\\\/\\\/homeofwool.com\\\/#\\\/schema\\\/logo\\\/image\\\/\"},\"sameAs\":[\"https:\\\/\\\/facebook.com\\\/HomeOfWoolOfficial\"]}]}<\/script>\n<!-- \/ Yoast SEO Premium plugin. -->","yoast_head_json":{"title":"Campione di imbottitura in lana per piumone \u2013 Prova prima dell'acquisto | Home of Wool","description":"Puro e naturale, il campione di imbottitura in lana per piumone ti permette di provare il comfort traspirante della lana prima dell'acquisto. Ipoallergenico e privo di sostanze tossiche, \u00e8 un modo semplice per testare la biancheria da letto sostenibile.","robots":{"index":"index","follow":"follow","max-snippet":"max-snippet:-1","max-image-preview":"max-image-preview:large","max-video-preview":"max-video-preview:-1"},"canonical":"https:\/\/homeofwool.com\/it\/negozio\/campione-di-piumino\/","og_locale":"it_IT","og_type":"article","og_title":"Wool Duvet Insert Sample","og_description":"Pure and natural, the Wool Duvet Insert Sample lets you experience breathable wool comfort before you buy. Hypoallergenic and toxin-free, it\u2019s an easy way to test sustainable bedding.","og_url":"https:\/\/homeofwool.com\/it\/negozio\/campione-di-piumino\/","og_site_name":"Home of Wool","article_publisher":"https:\/\/facebook.com\/HomeOfWoolOfficial","article_modified_time":"2026-01-21T12:20:48+00:00","og_image":[{"width":1900,"height":1520,"url":"https:\/\/homeofwool.com\/wp-content\/uploads\/2025\/09\/home-of-wool-wool-duvet-insert-sample-1-main.jpg","type":"image\/jpeg"}],"twitter_card":"summary_large_image","twitter_misc":{"Tempo di lettura stimato":"2 minuti"},"schema":{"@context":"https:\/\/schema.org","@graph":[{"@type":"WebPage","@id":"https:\/\/homeofwool.com\/shop\/duvet-sample\/","url":"https:\/\/homeofwool.com\/shop\/duvet-sample\/","name":"Campione di imbottitura in lana per piumone \u2013 Prova prima dell'acquisto | Home of Wool","isPartOf":{"@id":"https:\/\/homeofwool.com\/#website"},"primaryImageOfPage":{"@id":"https:\/\/homeofwool.com\/shop\/duvet-sample\/#primaryimage"},"image":{"@id":"https:\/\/homeofwool.com\/shop\/duvet-sample\/#primaryimage"},"thumbnailUrl":"https:\/\/homeofwool.com\/wp-content\/uploads\/2025\/09\/home-of-wool-wool-duvet-insert-sample-1-main.jpg","datePublished":"2025-09-02T12:01:16+00:00","dateModified":"2026-01-21T12:20:48+00:00","description":"Puro e naturale, il campione di imbottitura in lana per piumone ti permette di provare il comfort traspirante della lana prima dell'acquisto. Ipoallergenico e privo di sostanze tossiche, \u00e8 un modo semplice per testare la biancheria da letto sostenibile.","breadcrumb":{"@id":"https:\/\/homeofwool.com\/shop\/duvet-sample\/#breadcrumb"},"inLanguage":"it-IT","potentialAction":[{"@type":"ReadAction","target":["https:\/\/homeofwool.com\/shop\/duvet-sample\/"]}]},{"@type":"ImageObject","inLanguage":"it-IT","@id":"https:\/\/homeofwool.com\/shop\/duvet-sample\/#primaryimage","url":"https:\/\/homeofwool.com\/wp-content\/uploads\/2025\/09\/home-of-wool-wool-duvet-insert-sample-1-main.jpg","contentUrl":"https:\/\/homeofwool.com\/wp-content\/uploads\/2025\/09\/home-of-wool-wool-duvet-insert-sample-1-main.jpg","width":1900,"height":1520,"caption":"wool duvet insert sample with home of wool tag"},{"@type":"BreadcrumbList","@id":"https:\/\/homeofwool.com\/shop\/duvet-sample\/#breadcrumb","itemListElement":[{"@type":"ListItem","position":1,"name":"Home","item":"https:\/\/homeofwool.com\/"},{"@type":"ListItem","position":2,"name":"Products","item":"https:\/\/homeofwool.com\/header-search-2\/"},{"@type":"ListItem","position":3,"name":"Wool Duvet Insert Sample"}]},{"@type":"WebSite","@id":"https:\/\/homeofwool.com\/#website","url":"https:\/\/homeofwool.com\/","name":"Casa della lana","description":"","publisher":{"@id":"https:\/\/homeofwool.com\/#organization"},"potentialAction":[{"@type":"SearchAction","target":{"@type":"EntryPoint","urlTemplate":"https:\/\/homeofwool.com\/?s={search_term_string}"},"query-input":{"@type":"PropertyValueSpecification","valueRequired":true,"valueName":"search_term_string"}}],"inLanguage":"it-IT"},{"@type":"Organization","@id":"https:\/\/homeofwool.com\/#organization","name":"Casa della lana","url":"https:\/\/homeofwool.com\/","logo":{"@type":"ImageObject","inLanguage":"it-IT","@id":"https:\/\/homeofwool.com\/#\/schema\/logo\/image\/","url":"https:\/\/homeofwool.com\/wp-content\/uploads\/2025\/09\/WhatsApp-Image-2025-12-02-at-16.23.20.jpeg","contentUrl":"https:\/\/homeofwool.com\/wp-content\/uploads\/2025\/09\/WhatsApp-Image-2025-12-02-at-16.23.20.jpeg","width":700,"height":247,"caption":"Home of Wool"},"image":{"@id":"https:\/\/homeofwool.com\/#\/schema\/logo\/image\/"},"sameAs":["https:\/\/facebook.com\/HomeOfWoolOfficial"]}]}},"_links":{"self":[{"href":"https:\/\/homeofwool.com\/it\/wp-json\/wp\/v2\/product\/217591","targetHints":{"allow":["GET"]}}],"collection":[{"href":"https:\/\/homeofwool.com\/it\/wp-json\/wp\/v2\/product"}],"about":[{"href":"https:\/\/homeofwool.com\/it\/wp-json\/wp\/v2\/types\/product"}],"version-history":[{"count":1,"href":"https:\/\/homeofwool.com\/it\/wp-json\/wp\/v2\/product\/217591\/revisions"}],"predecessor-version":[{"id":227506,"href":"https:\/\/homeofwool.com\/it\/wp-json\/wp\/v2\/product\/217591\/revisions\/227506"}],"wp:featuredmedia":[{"embeddable":true,"href":"https:\/\/homeofwool.com\/it\/wp-json\/wp\/v2\/media\/218635"}],"wp:attachment":[{"href":"https:\/\/homeofwool.com\/it\/wp-json\/wp\/v2\/media?parent=217591"}],"wp:term":[{"taxonomy":"product_brand","embeddable":true,"href":"https:\/\/homeofwool.com\/it\/wp-json\/wp\/v2\/product_brand?post=217591"},{"taxonomy":"product_cat","embeddable":true,"href":"https:\/\/homeofwool.com\/it\/wp-json\/wp\/v2\/product_cat?post=217591"},{"taxonomy":"product_tag","embeddable":true,"href":"https:\/\/homeofwool.com\/it\/wp-json\/wp\/v2\/product_tag?post=217591"}],"curies":[{"name":"wp","href":"https:\/\/api.w.org\/{rel}","templated":true}]}}