{"id":217582,"date":"2025-09-02T12:01:16","date_gmt":"2025-09-02T12:01:16","guid":{"rendered":"https:\/\/homeofwool.com\/?post_type=product&#038;p=217582"},"modified":"2026-03-24T11:28:45","modified_gmt":"2026-03-24T11:28:45","slug":"imbottitura-in-lana-per-piumone","status":"publish","type":"product","link":"https:\/\/homeofwool.com\/it\/shop\/wool-duvet-insert\/","title":{"rendered":"Inserto per piumone in lana"},"content":{"rendered":"<p>Il nostro piumino in lana \u00e8 realizzato per garantire un sonno pi\u00f9 sano e riposante. Mentre riposi, la lana si adatta alle tue esigenze. Mantiene il calore quando l'aria \u00e8 fresca e lo rilascia prima che si accumuli, aiutandoti a combattere la sudorazione notturna.<\/p>\n<p>Ogni inserto \u00e8 privo di sostanze sintetiche e tossine. Non rilasciando gas, la lana \u00e8 un'ottima scelta per chi soffre di allergie. La traspirabilit\u00e0 della lana e la sua capacit\u00e0 di resistere agli acari della polvere e ai batteri garantiscono la pulizia e la freschezza della biancheria da letto.<\/p>\n<p>Ogni piumino \u00e8 realizzato su ordinazione. \u00c8 possibile personalizzare completamente le dimensioni e il tessuto. \u00c8 anche possibile scegliere lo spessore che si preferisce. Scegli tra imbottiture estive, invernali o extra calde in base alle tue esigenze. Se non sei sicuro di quale opzione sia la migliore, consulta la nostra\u00a0<a class=\"ql-link\" href=\"https:\/\/homeofwool.com\/it\/scegliere-il-piumino-in-lana-perfetto-per-questa-stagione\/\" target=\"_blank\" rel=\"noopener noreferrer\">Guida all'imbottitura in lana per piumoni<\/a> per chiedere aiuto.<\/p>\n<p>L'imbottitura \u00e8 trapuntata a mano per mantenere la lana uniformemente in posizione. \u00c8 possibile aggiungere dei lacci angolari opzionali per fissare l'imbottitura al copripiumino e ottenere una vestibilit\u00e0 perfetta. Scegli tra tessuti naturali come cotone, lino o seta per ottenere la finitura che pi\u00f9 ti piace. Non sei ancora sicuro? Sono disponibili campioni di imbottiture in lana da acquistare, cos\u00ec potrai farti un'idea prima di ordinare la tua.<\/p>","protected":false},"excerpt":{"rendered":"<p>Goditi un comfort costante con un piumino in lana che non \u00e8 mai troppo caldo n\u00e9 troppo freddo. Con la lana, il tuo corpo rimane a una temperatura ottimale per dormire comodamente. A differenza dei piumini sintetici o in piuma d'oca che ti fanno sentire prima caldo e poi freddo, disturbando il tuo sonno, la lana mantiene la temperatura giusta per tutta la notte.<\/p>\n<div class=\"global-icon-set\">\n<div class=\"global-icon-set__items\">\n<div class=\"global-icon-set__item\">\n<div class=\"global-icon-set__image\">\n                                    <img decoding=\"async\" src=\"https:\/\/homeofwool.com\/wp-content\/uploads\/2025\/09\/handmade-icon-300x300.png\" alt=\"icona fatta a mano\" \/>\n                                <\/div>\n<div class=\"global-icon-set__title\">Fatto a mano<\/div>\n<\/p><\/div>\n<div class=\"global-icon-set__item\">\n<div class=\"global-icon-set__image\">\n                                    <img decoding=\"async\" src=\"https:\/\/homeofwool.com\/wp-content\/uploads\/2025\/09\/VOCs-min-300x300.png\" alt=\"voci libere\" \/>\n                                <\/div>\n<div class=\"global-icon-set__title\">Senza COV<\/div>\n<\/p><\/div>\n<div class=\"global-icon-set__item\">\n<div class=\"global-icon-set__image\">\n                                    <img decoding=\"async\" src=\"https:\/\/homeofwool.com\/wp-content\/uploads\/2025\/09\/FR-min-300x300.png\" alt=\"icona resistente al fuoco\" \/>\n                                <\/div>\n<div class=\"global-icon-set__title\">Resistente alla fiamma<\/div>\n<\/p><\/div>\n<div class=\"global-icon-set__item\">\n<div class=\"global-icon-set__image\">\n                                    <img decoding=\"async\" src=\"https:\/\/homeofwool.com\/wp-content\/uploads\/2025\/09\/Hypoallergenic-min-300x300.png\" alt=\"icona ipoallergenica\" \/>\n                                <\/div>\n<div class=\"global-icon-set__title\">Ipoallergenico<\/div>\n<\/p><\/div>\n<div class=\"global-icon-set__item\">\n<div class=\"global-icon-set__image\">\n                                    <img decoding=\"async\" src=\"https:\/\/homeofwool.com\/wp-content\/uploads\/2025\/09\/free-of-synthetics-icon-300x300.png\" alt=\"icona priva di sostanze sintetiche\" \/>\n                                <\/div>\n<div class=\"global-icon-set__title\">Privo di sostanze sintetiche<\/div>\n<\/p><\/div>\n<div class=\"global-icon-set__item\">\n<div class=\"global-icon-set__image\">\n                                    <img decoding=\"async\" src=\"https:\/\/homeofwool.com\/wp-content\/uploads\/2025\/09\/chemical-free-icon-300x300.png\" alt=\"icona senza sostanze chimiche\" \/>\n                                <\/div>\n<div class=\"global-icon-set__title\">Senza sostanze chimiche<\/div>\n<\/p><\/div>\n<div class=\"global-icon-set__item\">\n<div class=\"global-icon-set__image\">\n                                    <img decoding=\"async\" src=\"https:\/\/homeofwool.com\/wp-content\/uploads\/2025\/09\/anti-bacterial-icon-300x300.png\" alt=\"icona antibatterica\" \/>\n                                <\/div>\n<div class=\"global-icon-set__title\">Antimicrobico e antibatterico<\/div>\n<\/p><\/div>\n<div class=\"global-icon-set__item\">\n<div class=\"global-icon-set__image\">\n                                    <img decoding=\"async\" src=\"https:\/\/homeofwool.com\/wp-content\/uploads\/2025\/09\/certified-materials-icon-300x300.png\" alt=\"icona dei materiali certificati\" \/>\n                                <\/div>\n<div class=\"global-icon-set__title\">100% Materiali puri certificati<\/div>\n<\/p><\/div>\n<\/p><\/div>\n<\/p><\/div>","protected":false},"featured_media":223541,"template":"","meta":{"_acf_changed":false},"product_brand":[],"product_cat":[266,1366,60,267],"product_tag":[428,429,430,431,432,433,434,149],"class_list":{"0":"post-217582","1":"product","2":"type-product","3":"status-publish","4":"has-post-thumbnail","6":"product_cat-baby-sleep-products","7":"product_cat-womens-day","8":"product_cat-blankets-duvets","9":"product_cat-nursery","10":"product_tag-custom-comforter","11":"product_tag-down-alternative-comforter","12":"product_tag-duvet-insert","13":"product_tag-duvet-insert-king","14":"product_tag-duvet-insert-queen","15":"product_tag-quilt-covers","16":"product_tag-quilted-comforter","17":"product_tag-steps","19":"first","20":"instock","21":"shipping-taxable","22":"purchasable","23":"product-type-simple"},"acf":[],"yoast_head":"<!-- This site is optimized with the Yoast SEO Premium plugin v27.3 (Yoast SEO v27.3) - https:\/\/yoast.com\/product\/yoast-seo-premium-wordpress\/ -->\n<title>Duvet Insert \u2013 Natural Comfort for Restful Sleep | Home of Wool<\/title>\n<meta name=\"description\" content=\"Breathable and organic, the Duvet Insert is filled with wool for toxin-free comfort. Hypoallergenic and natural, it delivers sustainable, restful sleep and safe all-season warmth.\" \/>\n<meta name=\"robots\" content=\"index, follow, max-snippet:-1, max-image-preview:large, max-video-preview:-1\" \/>\n<link rel=\"canonical\" href=\"https:\/\/homeofwool.com\/it\/negozio\/imbottitura-in-lana-per-piumone\/\" \/>\n<meta property=\"og:locale\" content=\"it_IT\" \/>\n<meta property=\"og:type\" content=\"article\" \/>\n<meta property=\"og:title\" content=\"Wool Duvet Insert\" \/>\n<meta property=\"og:description\" content=\"Breathable and organic, the Duvet Insert is filled with wool for toxin-free comfort. Hypoallergenic and natural, it delivers sustainable, restful sleep and safe all-season warmth.\" \/>\n<meta property=\"og:url\" content=\"https:\/\/homeofwool.com\/it\/negozio\/imbottitura-in-lana-per-piumone\/\" \/>\n<meta property=\"og:site_name\" content=\"Home of Wool\" \/>\n<meta property=\"article:publisher\" content=\"https:\/\/facebook.com\/HomeOfWoolOfficial\" \/>\n<meta property=\"article:modified_time\" content=\"2026-03-24T11:28:45+00:00\" \/>\n<meta property=\"og:image\" content=\"https:\/\/homeofwool.com\/wp-content\/uploads\/2025\/09\/home-of-wool-wool-duvet-insert-5.jpg\" \/>\n\t<meta property=\"og:image:width\" content=\"1900\" \/>\n\t<meta property=\"og:image:height\" content=\"1520\" \/>\n\t<meta property=\"og:image:type\" content=\"image\/jpeg\" \/>\n<meta name=\"twitter:card\" content=\"summary_large_image\" \/>\n<meta name=\"twitter:label1\" content=\"Tempo di lettura stimato\" \/>\n\t<meta name=\"twitter:data1\" content=\"2 minuti\" \/>\n<script type=\"application\/ld+json\" class=\"yoast-schema-graph\">{\"@context\":\"https:\\\/\\\/schema.org\",\"@graph\":[{\"@type\":\"WebPage\",\"@id\":\"https:\\\/\\\/homeofwool.com\\\/shop\\\/wool-duvet-insert\\\/\",\"url\":\"https:\\\/\\\/homeofwool.com\\\/shop\\\/wool-duvet-insert\\\/\",\"name\":\"Duvet Insert \u2013 Natural Comfort for Restful Sleep | Home of Wool\",\"isPartOf\":{\"@id\":\"https:\\\/\\\/homeofwool.com\\\/#website\"},\"primaryImageOfPage\":{\"@id\":\"https:\\\/\\\/homeofwool.com\\\/shop\\\/wool-duvet-insert\\\/#primaryimage\"},\"image\":{\"@id\":\"https:\\\/\\\/homeofwool.com\\\/shop\\\/wool-duvet-insert\\\/#primaryimage\"},\"thumbnailUrl\":\"https:\\\/\\\/homeofwool.com\\\/wp-content\\\/uploads\\\/2025\\\/09\\\/home-of-wool-wool-duvet-insert-5.jpg\",\"datePublished\":\"2025-09-02T12:01:16+00:00\",\"dateModified\":\"2026-03-24T11:28:45+00:00\",\"description\":\"Breathable and organic, the Duvet Insert is filled with wool for toxin-free comfort. Hypoallergenic and natural, it delivers sustainable, restful sleep and safe all-season warmth.\",\"breadcrumb\":{\"@id\":\"https:\\\/\\\/homeofwool.com\\\/shop\\\/wool-duvet-insert\\\/#breadcrumb\"},\"inLanguage\":\"it-IT\",\"potentialAction\":[{\"@type\":\"ReadAction\",\"target\":[\"https:\\\/\\\/homeofwool.com\\\/shop\\\/wool-duvet-insert\\\/\"]}]},{\"@type\":\"ImageObject\",\"inLanguage\":\"it-IT\",\"@id\":\"https:\\\/\\\/homeofwool.com\\\/shop\\\/wool-duvet-insert\\\/#primaryimage\",\"url\":\"https:\\\/\\\/homeofwool.com\\\/wp-content\\\/uploads\\\/2025\\\/09\\\/home-of-wool-wool-duvet-insert-5.jpg\",\"contentUrl\":\"https:\\\/\\\/homeofwool.com\\\/wp-content\\\/uploads\\\/2025\\\/09\\\/home-of-wool-wool-duvet-insert-5.jpg\",\"width\":1900,\"height\":1520,\"caption\":\"wool duvet insert folded and on a bench\"},{\"@type\":\"BreadcrumbList\",\"@id\":\"https:\\\/\\\/homeofwool.com\\\/shop\\\/wool-duvet-insert\\\/#breadcrumb\",\"itemListElement\":[{\"@type\":\"ListItem\",\"position\":1,\"name\":\"Home\",\"item\":\"https:\\\/\\\/homeofwool.com\\\/\"},{\"@type\":\"ListItem\",\"position\":2,\"name\":\"Products\",\"item\":\"https:\\\/\\\/homeofwool.com\\\/header-search-2\\\/\"},{\"@type\":\"ListItem\",\"position\":3,\"name\":\"Wool Duvet Insert\"}]},{\"@type\":\"WebSite\",\"@id\":\"https:\\\/\\\/homeofwool.com\\\/#website\",\"url\":\"https:\\\/\\\/homeofwool.com\\\/\",\"name\":\"Home of Wool\",\"description\":\"\",\"publisher\":{\"@id\":\"https:\\\/\\\/homeofwool.com\\\/#organization\"},\"potentialAction\":[{\"@type\":\"SearchAction\",\"target\":{\"@type\":\"EntryPoint\",\"urlTemplate\":\"https:\\\/\\\/homeofwool.com\\\/?s={search_term_string}\"},\"query-input\":{\"@type\":\"PropertyValueSpecification\",\"valueRequired\":true,\"valueName\":\"search_term_string\"}}],\"inLanguage\":\"it-IT\"},{\"@type\":\"Organization\",\"@id\":\"https:\\\/\\\/homeofwool.com\\\/#organization\",\"name\":\"Home of Wool\",\"url\":\"https:\\\/\\\/homeofwool.com\\\/\",\"logo\":{\"@type\":\"ImageObject\",\"inLanguage\":\"it-IT\",\"@id\":\"https:\\\/\\\/homeofwool.com\\\/#\\\/schema\\\/logo\\\/image\\\/\",\"url\":\"https:\\\/\\\/homeofwool.com\\\/wp-content\\\/uploads\\\/2025\\\/09\\\/WhatsApp-Image-2025-12-02-at-16.23.20.jpeg\",\"contentUrl\":\"https:\\\/\\\/homeofwool.com\\\/wp-content\\\/uploads\\\/2025\\\/09\\\/WhatsApp-Image-2025-12-02-at-16.23.20.jpeg\",\"width\":700,\"height\":247,\"caption\":\"Home of Wool\"},\"image\":{\"@id\":\"https:\\\/\\\/homeofwool.com\\\/#\\\/schema\\\/logo\\\/image\\\/\"},\"sameAs\":[\"https:\\\/\\\/facebook.com\\\/HomeOfWoolOfficial\"]}]}<\/script>\n<!-- \/ Yoast SEO Premium plugin. -->","yoast_head_json":{"title":"Imbottitura per piumone \u2013 Comfort naturale per un sonno riposante | Home of Wool","description":"Traspirante e biologico, l'imbottitura del piumino \u00e8 realizzata in lana per garantire un comfort privo di sostanze tossiche. Ipoallergenico e naturale, offre un sonno sostenibile e riposante e un calore sicuro in tutte le stagioni.","robots":{"index":"index","follow":"follow","max-snippet":"max-snippet:-1","max-image-preview":"max-image-preview:large","max-video-preview":"max-video-preview:-1"},"canonical":"https:\/\/homeofwool.com\/it\/negozio\/imbottitura-in-lana-per-piumone\/","og_locale":"it_IT","og_type":"article","og_title":"Wool Duvet Insert","og_description":"Breathable and organic, the Duvet Insert is filled with wool for toxin-free comfort. Hypoallergenic and natural, it delivers sustainable, restful sleep and safe all-season warmth.","og_url":"https:\/\/homeofwool.com\/it\/negozio\/imbottitura-in-lana-per-piumone\/","og_site_name":"Home of Wool","article_publisher":"https:\/\/facebook.com\/HomeOfWoolOfficial","article_modified_time":"2026-03-24T11:28:45+00:00","og_image":[{"width":1900,"height":1520,"url":"https:\/\/homeofwool.com\/wp-content\/uploads\/2025\/09\/home-of-wool-wool-duvet-insert-5.jpg","type":"image\/jpeg"}],"twitter_card":"summary_large_image","twitter_misc":{"Tempo di lettura stimato":"2 minuti"},"schema":{"@context":"https:\/\/schema.org","@graph":[{"@type":"WebPage","@id":"https:\/\/homeofwool.com\/shop\/wool-duvet-insert\/","url":"https:\/\/homeofwool.com\/shop\/wool-duvet-insert\/","name":"Imbottitura per piumone \u2013 Comfort naturale per un sonno riposante | Home of Wool","isPartOf":{"@id":"https:\/\/homeofwool.com\/#website"},"primaryImageOfPage":{"@id":"https:\/\/homeofwool.com\/shop\/wool-duvet-insert\/#primaryimage"},"image":{"@id":"https:\/\/homeofwool.com\/shop\/wool-duvet-insert\/#primaryimage"},"thumbnailUrl":"https:\/\/homeofwool.com\/wp-content\/uploads\/2025\/09\/home-of-wool-wool-duvet-insert-5.jpg","datePublished":"2025-09-02T12:01:16+00:00","dateModified":"2026-03-24T11:28:45+00:00","description":"Traspirante e biologico, l'imbottitura del piumino \u00e8 realizzata in lana per garantire un comfort privo di sostanze tossiche. Ipoallergenico e naturale, offre un sonno sostenibile e riposante e un calore sicuro in tutte le stagioni.","breadcrumb":{"@id":"https:\/\/homeofwool.com\/shop\/wool-duvet-insert\/#breadcrumb"},"inLanguage":"it-IT","potentialAction":[{"@type":"ReadAction","target":["https:\/\/homeofwool.com\/shop\/wool-duvet-insert\/"]}]},{"@type":"ImageObject","inLanguage":"it-IT","@id":"https:\/\/homeofwool.com\/shop\/wool-duvet-insert\/#primaryimage","url":"https:\/\/homeofwool.com\/wp-content\/uploads\/2025\/09\/home-of-wool-wool-duvet-insert-5.jpg","contentUrl":"https:\/\/homeofwool.com\/wp-content\/uploads\/2025\/09\/home-of-wool-wool-duvet-insert-5.jpg","width":1900,"height":1520,"caption":"wool duvet insert folded and on a bench"},{"@type":"BreadcrumbList","@id":"https:\/\/homeofwool.com\/shop\/wool-duvet-insert\/#breadcrumb","itemListElement":[{"@type":"ListItem","position":1,"name":"Home","item":"https:\/\/homeofwool.com\/"},{"@type":"ListItem","position":2,"name":"Products","item":"https:\/\/homeofwool.com\/header-search-2\/"},{"@type":"ListItem","position":3,"name":"Wool Duvet Insert"}]},{"@type":"WebSite","@id":"https:\/\/homeofwool.com\/#website","url":"https:\/\/homeofwool.com\/","name":"Casa della lana","description":"","publisher":{"@id":"https:\/\/homeofwool.com\/#organization"},"potentialAction":[{"@type":"SearchAction","target":{"@type":"EntryPoint","urlTemplate":"https:\/\/homeofwool.com\/?s={search_term_string}"},"query-input":{"@type":"PropertyValueSpecification","valueRequired":true,"valueName":"search_term_string"}}],"inLanguage":"it-IT"},{"@type":"Organization","@id":"https:\/\/homeofwool.com\/#organization","name":"Casa della lana","url":"https:\/\/homeofwool.com\/","logo":{"@type":"ImageObject","inLanguage":"it-IT","@id":"https:\/\/homeofwool.com\/#\/schema\/logo\/image\/","url":"https:\/\/homeofwool.com\/wp-content\/uploads\/2025\/09\/WhatsApp-Image-2025-12-02-at-16.23.20.jpeg","contentUrl":"https:\/\/homeofwool.com\/wp-content\/uploads\/2025\/09\/WhatsApp-Image-2025-12-02-at-16.23.20.jpeg","width":700,"height":247,"caption":"Home of Wool"},"image":{"@id":"https:\/\/homeofwool.com\/#\/schema\/logo\/image\/"},"sameAs":["https:\/\/facebook.com\/HomeOfWoolOfficial"]}]}},"_links":{"self":[{"href":"https:\/\/homeofwool.com\/it\/wp-json\/wp\/v2\/product\/217582","targetHints":{"allow":["GET"]}}],"collection":[{"href":"https:\/\/homeofwool.com\/it\/wp-json\/wp\/v2\/product"}],"about":[{"href":"https:\/\/homeofwool.com\/it\/wp-json\/wp\/v2\/types\/product"}],"version-history":[{"count":3,"href":"https:\/\/homeofwool.com\/it\/wp-json\/wp\/v2\/product\/217582\/revisions"}],"predecessor-version":[{"id":228682,"href":"https:\/\/homeofwool.com\/it\/wp-json\/wp\/v2\/product\/217582\/revisions\/228682"}],"wp:featuredmedia":[{"embeddable":true,"href":"https:\/\/homeofwool.com\/it\/wp-json\/wp\/v2\/media\/223541"}],"wp:attachment":[{"href":"https:\/\/homeofwool.com\/it\/wp-json\/wp\/v2\/media?parent=217582"}],"wp:term":[{"taxonomy":"product_brand","embeddable":true,"href":"https:\/\/homeofwool.com\/it\/wp-json\/wp\/v2\/product_brand?post=217582"},{"taxonomy":"product_cat","embeddable":true,"href":"https:\/\/homeofwool.com\/it\/wp-json\/wp\/v2\/product_cat?post=217582"},{"taxonomy":"product_tag","embeddable":true,"href":"https:\/\/homeofwool.com\/it\/wp-json\/wp\/v2\/product_tag?post=217582"}],"curies":[{"name":"wp","href":"https:\/\/api.w.org\/{rel}","templated":true}]}}