{"id":217566,"date":"2025-09-02T12:00:58","date_gmt":"2025-09-02T12:00:58","guid":{"rendered":"https:\/\/homeofwool.com\/?post_type=product&#038;p=217566"},"modified":"2026-02-11T10:48:06","modified_gmt":"2026-02-11T10:48:06","slug":"imbottitura-sostitutiva-per-cuscino-divano","status":"publish","type":"product","link":"https:\/\/homeofwool.com\/it\/shop\/replacement-sofa-cushion-insert\/","title":{"rendered":"Imbottitura di ricambio per cuscino divano"},"content":{"rendered":"<p>Il cuscino di ricambio per divano Home of Wool \u00e8 realizzato per garantire comfort e durata nel tempo. L'imbottitura in lana offre un sostegno costante, adattandosi al tuo corpo. \u00c8 altamente traspirante e rimane sempre fresco e pulito, anche se trascorri lunghe ore sdraiato o riposando sul divano.<\/p>\n<p>A differenza della schiuma, non rilascia sostanze chimiche nocive nella tua casa n\u00e9 perde la sua forma troppo rapidamente. La lana ha la capacit\u00e0 di resistere agli acari della polvere e ad altri allergeni come muffe e funghi. Questo la rende la scelta migliore per chi soffre di allergie. \u00c8 perfetta anche per chi soffre di sensibilit\u00e0 chimica multipla. L'imbottitura \u00e8 accuratamente trapuntata a mano con filo di lino in modo che il riempimento rimanga sicuro, offrendoti un comfort costante che dura anno dopo anno. Abbiamo incluso un kit di riparazione gratuito, in modo che il tuo cuscino possa durare ancora pi\u00f9 a lungo.<\/p>\n<p>Ogni imbottitura interna dei cuscini del divano \u00e8 realizzata a mano secondo le vostre misure esatte, cos\u00ec potrete sostituire un singolo sedile o rinnovare l'intero divano. Ogni imbottitura \u00e8 realizzata con materiali rinnovabili e biodegradabili, a dimostrazione del fatto che il vero comfort pu\u00f2 anche essere sostenibile. Con questa scelta completamente naturale, porterete comfort e natura nel vostro spazio abitativo.<\/p>","protected":false},"excerpt":{"rendered":"<p>Rinnova il tuo divano con un cuscino sostitutivo che offre sostegno e traspirabilit\u00e0 naturale. L'imbottitura interna di ogni cuscino \u00e8 realizzata in pura lana, un'alternativa naturale alla schiuma, pi\u00f9 salutare per te e pi\u00f9 rispettosa dell'ambiente.<\/p>\n<div class=\"global-icon-set\">\n<div class=\"global-icon-set__items\">\n<div class=\"global-icon-set__item\">\n<div class=\"global-icon-set__image\">\n                                    <img decoding=\"async\" src=\"https:\/\/homeofwool.com\/wp-content\/uploads\/2025\/09\/handmade-icon-300x300.png\" alt=\"icona fatta a mano\" \/>\n                                <\/div>\n<div class=\"global-icon-set__title\">Fatto a mano<\/div>\n<\/p><\/div>\n<div class=\"global-icon-set__item\">\n<div class=\"global-icon-set__image\">\n                                    <img decoding=\"async\" src=\"https:\/\/homeofwool.com\/wp-content\/uploads\/2025\/09\/wicks-moisture-away-300x300.png\" alt=\"allontana l&#039;umidit\u00e0\" \/>\n                                <\/div>\n<div class=\"global-icon-set__title\">Elimina l'umidit\u00e0<\/div>\n<\/p><\/div>\n<div class=\"global-icon-set__item\">\n<div class=\"global-icon-set__image\">\n                                    <img decoding=\"async\" src=\"https:\/\/homeofwool.com\/wp-content\/uploads\/2025\/09\/VOCs-min-300x300.png\" alt=\"voci libere\" \/>\n                                <\/div>\n<div class=\"global-icon-set__title\">Senza COV<\/div>\n<\/p><\/div>\n<div class=\"global-icon-set__item\">\n<div class=\"global-icon-set__image\">\n                                    <img decoding=\"async\" src=\"https:\/\/homeofwool.com\/wp-content\/uploads\/2025\/09\/FR-min-300x300.png\" alt=\"icona resistente al fuoco\" \/>\n                                <\/div>\n<div class=\"global-icon-set__title\">Resistente alla fiamma<\/div>\n<\/p><\/div>\n<div class=\"global-icon-set__item\">\n<div class=\"global-icon-set__image\">\n                                    <img decoding=\"async\" src=\"https:\/\/homeofwool.com\/wp-content\/uploads\/2025\/09\/Hypoallergenic-min-300x300.png\" alt=\"icona ipoallergenica\" \/>\n                                <\/div>\n<div class=\"global-icon-set__title\">Ipoallergenico<\/div>\n<\/p><\/div>\n<div class=\"global-icon-set__item\">\n<div class=\"global-icon-set__image\">\n                                    <img decoding=\"async\" src=\"https:\/\/homeofwool.com\/wp-content\/uploads\/2025\/09\/free-of-synthetics-icon-300x300.png\" alt=\"icona priva di sostanze sintetiche\" \/>\n                                <\/div>\n<div class=\"global-icon-set__title\">Privo di sostanze sintetiche<\/div>\n<\/p><\/div>\n<div class=\"global-icon-set__item\">\n<div class=\"global-icon-set__image\">\n                                    <img decoding=\"async\" src=\"https:\/\/homeofwool.com\/wp-content\/uploads\/2025\/09\/chemical-free-icon-300x300.png\" alt=\"icona senza sostanze chimiche\" \/>\n                                <\/div>\n<div class=\"global-icon-set__title\">Senza sostanze chimiche<\/div>\n<\/p><\/div>\n<div class=\"global-icon-set__item\">\n<div class=\"global-icon-set__image\">\n                                    <img decoding=\"async\" src=\"https:\/\/homeofwool.com\/wp-content\/uploads\/2025\/09\/anti-bacterial-icon-300x300.png\" alt=\"icona antibatterica\" \/>\n                                <\/div>\n<div class=\"global-icon-set__title\">Antimicrobico e antibatterico<\/div>\n<\/p><\/div>\n<div class=\"global-icon-set__item\">\n<div class=\"global-icon-set__image\">\n                                    <img decoding=\"async\" src=\"https:\/\/homeofwool.com\/wp-content\/uploads\/2025\/09\/certified-materials-icon-300x300.png\" alt=\"icona dei materiali certificati\" \/>\n                                <\/div>\n<div class=\"global-icon-set__title\">100% Materiali puri certificati<\/div>\n<\/p><\/div>\n<\/p><\/div>\n<\/p><\/div>","protected":false},"featured_media":219775,"template":"","meta":{"_acf_changed":false},"product_brand":[],"product_cat":[30],"product_tag":[356,357,358,359,360,361,348,38,362,363,41,364,149],"class_list":{"0":"post-217566","1":"product","2":"type-product","3":"status-publish","4":"has-post-thumbnail","6":"product_cat-cushions","7":"product_tag-bottom-pillow-insert","8":"product_tag-couch-cushion-insert-banquette-cushion","9":"product_tag-couch-frame-pad","10":"product_tag-custom-kitchen-nook","11":"product_tag-diy-couch-cushion","12":"product_tag-natural-daybed-futon","13":"product_tag-reading-nook","14":"product_tag-replacement-cushions","15":"product_tag-replacement-indoor-couch-cushions","16":"product_tag-replacement-sofa-cushion-inserts","17":"product_tag-settee-cushions","18":"product_tag-sofa-sitting-cushion","19":"product_tag-steps","21":"first","22":"instock","23":"shipping-taxable","24":"purchasable","25":"product-type-simple"},"acf":[],"yoast_head":"<!-- This site is optimized with the Yoast SEO Premium plugin v27.3 (Yoast SEO v27.3) - https:\/\/yoast.com\/product\/yoast-seo-premium-wordpress\/ -->\n<title>Wool Replacement Couch Cushion Insert \u2013 All Natural | Home of Wool<\/title>\n<meta name=\"description\" content=\"Made with organic wool, the Wool Replacement Couch Cushion Insert provides breathable support. Hypoallergenic and toxin-free, it ensures sustainable comfort for everyday seating.\" \/>\n<meta name=\"robots\" content=\"index, follow, max-snippet:-1, max-image-preview:large, max-video-preview:-1\" \/>\n<link rel=\"canonical\" href=\"https:\/\/homeofwool.com\/it\/negozio\/imbottitura-sostitutiva-per-cuscino-divano\/\" \/>\n<meta property=\"og:locale\" content=\"it_IT\" \/>\n<meta property=\"og:type\" content=\"article\" \/>\n<meta property=\"og:title\" content=\"Replacement Couch Cushion Insert\" \/>\n<meta property=\"og:description\" content=\"Made with organic wool, the Wool Replacement Couch Cushion Insert provides breathable support. Hypoallergenic and toxin-free, it ensures sustainable comfort for everyday seating.\" \/>\n<meta property=\"og:url\" content=\"https:\/\/homeofwool.com\/it\/negozio\/imbottitura-sostitutiva-per-cuscino-divano\/\" \/>\n<meta property=\"og:site_name\" content=\"Home of Wool\" \/>\n<meta property=\"article:publisher\" content=\"https:\/\/facebook.com\/HomeOfWoolOfficial\" \/>\n<meta property=\"article:modified_time\" content=\"2026-02-11T10:48:06+00:00\" \/>\n<meta property=\"og:image\" content=\"https:\/\/homeofwool.com\/wp-content\/uploads\/2025\/09\/home-of-wool-replacement-couch-cushion-insert-1-new.jpg\" \/>\n\t<meta property=\"og:image:width\" content=\"2000\" \/>\n\t<meta property=\"og:image:height\" content=\"1600\" \/>\n\t<meta property=\"og:image:type\" content=\"image\/jpeg\" \/>\n<meta name=\"twitter:card\" content=\"summary_large_image\" \/>\n<meta name=\"twitter:label1\" content=\"Tempo di lettura stimato\" \/>\n\t<meta name=\"twitter:data1\" content=\"2 minuti\" \/>\n<script type=\"application\/ld+json\" class=\"yoast-schema-graph\">{\"@context\":\"https:\\\/\\\/schema.org\",\"@graph\":[{\"@type\":\"WebPage\",\"@id\":\"https:\\\/\\\/homeofwool.com\\\/shop\\\/replacement-sofa-cushion-insert\\\/\",\"url\":\"https:\\\/\\\/homeofwool.com\\\/shop\\\/replacement-sofa-cushion-insert\\\/\",\"name\":\"Wool Replacement Couch Cushion Insert \u2013 All Natural | Home of Wool\",\"isPartOf\":{\"@id\":\"https:\\\/\\\/homeofwool.com\\\/#website\"},\"primaryImageOfPage\":{\"@id\":\"https:\\\/\\\/homeofwool.com\\\/shop\\\/replacement-sofa-cushion-insert\\\/#primaryimage\"},\"image\":{\"@id\":\"https:\\\/\\\/homeofwool.com\\\/shop\\\/replacement-sofa-cushion-insert\\\/#primaryimage\"},\"thumbnailUrl\":\"https:\\\/\\\/homeofwool.com\\\/wp-content\\\/uploads\\\/2025\\\/09\\\/home-of-wool-replacement-couch-cushion-insert-1-new.jpg\",\"datePublished\":\"2025-09-02T12:00:58+00:00\",\"dateModified\":\"2026-02-11T10:48:06+00:00\",\"description\":\"Made with organic wool, the Wool Replacement Couch Cushion Insert provides breathable support. Hypoallergenic and toxin-free, it ensures sustainable comfort for everyday seating.\",\"breadcrumb\":{\"@id\":\"https:\\\/\\\/homeofwool.com\\\/shop\\\/replacement-sofa-cushion-insert\\\/#breadcrumb\"},\"inLanguage\":\"it-IT\",\"potentialAction\":[{\"@type\":\"ReadAction\",\"target\":[\"https:\\\/\\\/homeofwool.com\\\/shop\\\/replacement-sofa-cushion-insert\\\/\"]}]},{\"@type\":\"ImageObject\",\"inLanguage\":\"it-IT\",\"@id\":\"https:\\\/\\\/homeofwool.com\\\/shop\\\/replacement-sofa-cushion-insert\\\/#primaryimage\",\"url\":\"https:\\\/\\\/homeofwool.com\\\/wp-content\\\/uploads\\\/2025\\\/09\\\/home-of-wool-replacement-couch-cushion-insert-1-new.jpg\",\"contentUrl\":\"https:\\\/\\\/homeofwool.com\\\/wp-content\\\/uploads\\\/2025\\\/09\\\/home-of-wool-replacement-couch-cushion-insert-1-new.jpg\",\"width\":2000,\"height\":1600,\"caption\":\"replacement cushion insert with wool filling\"},{\"@type\":\"BreadcrumbList\",\"@id\":\"https:\\\/\\\/homeofwool.com\\\/shop\\\/replacement-sofa-cushion-insert\\\/#breadcrumb\",\"itemListElement\":[{\"@type\":\"ListItem\",\"position\":1,\"name\":\"Home\",\"item\":\"https:\\\/\\\/homeofwool.com\\\/\"},{\"@type\":\"ListItem\",\"position\":2,\"name\":\"Products\",\"item\":\"https:\\\/\\\/homeofwool.com\\\/header-search-2\\\/\"},{\"@type\":\"ListItem\",\"position\":3,\"name\":\"Replacement Couch Cushion Insert\"}]},{\"@type\":\"WebSite\",\"@id\":\"https:\\\/\\\/homeofwool.com\\\/#website\",\"url\":\"https:\\\/\\\/homeofwool.com\\\/\",\"name\":\"Home of Wool\",\"description\":\"\",\"publisher\":{\"@id\":\"https:\\\/\\\/homeofwool.com\\\/#organization\"},\"potentialAction\":[{\"@type\":\"SearchAction\",\"target\":{\"@type\":\"EntryPoint\",\"urlTemplate\":\"https:\\\/\\\/homeofwool.com\\\/?s={search_term_string}\"},\"query-input\":{\"@type\":\"PropertyValueSpecification\",\"valueRequired\":true,\"valueName\":\"search_term_string\"}}],\"inLanguage\":\"it-IT\"},{\"@type\":\"Organization\",\"@id\":\"https:\\\/\\\/homeofwool.com\\\/#organization\",\"name\":\"Home of Wool\",\"url\":\"https:\\\/\\\/homeofwool.com\\\/\",\"logo\":{\"@type\":\"ImageObject\",\"inLanguage\":\"it-IT\",\"@id\":\"https:\\\/\\\/homeofwool.com\\\/#\\\/schema\\\/logo\\\/image\\\/\",\"url\":\"https:\\\/\\\/homeofwool.com\\\/wp-content\\\/uploads\\\/2025\\\/09\\\/WhatsApp-Image-2025-12-02-at-16.23.20.jpeg\",\"contentUrl\":\"https:\\\/\\\/homeofwool.com\\\/wp-content\\\/uploads\\\/2025\\\/09\\\/WhatsApp-Image-2025-12-02-at-16.23.20.jpeg\",\"width\":700,\"height\":247,\"caption\":\"Home of Wool\"},\"image\":{\"@id\":\"https:\\\/\\\/homeofwool.com\\\/#\\\/schema\\\/logo\\\/image\\\/\"},\"sameAs\":[\"https:\\\/\\\/facebook.com\\\/HomeOfWoolOfficial\"]}]}<\/script>\n<!-- \/ Yoast SEO Premium plugin. -->","yoast_head_json":{"title":"Imbottitura per cuscino da divano in lana sostitutiva \u2013 Completamente naturale | Home of Wool","description":"Realizzato in lana biologica, l'imbottitura per cuscini da divano Wool Replacement offre un sostegno traspirante. Ipoallergenico e privo di sostanze tossiche, garantisce un comfort sostenibile per la seduta quotidiana.","robots":{"index":"index","follow":"follow","max-snippet":"max-snippet:-1","max-image-preview":"max-image-preview:large","max-video-preview":"max-video-preview:-1"},"canonical":"https:\/\/homeofwool.com\/it\/negozio\/imbottitura-sostitutiva-per-cuscino-divano\/","og_locale":"it_IT","og_type":"article","og_title":"Replacement Couch Cushion Insert","og_description":"Made with organic wool, the Wool Replacement Couch Cushion Insert provides breathable support. Hypoallergenic and toxin-free, it ensures sustainable comfort for everyday seating.","og_url":"https:\/\/homeofwool.com\/it\/negozio\/imbottitura-sostitutiva-per-cuscino-divano\/","og_site_name":"Home of Wool","article_publisher":"https:\/\/facebook.com\/HomeOfWoolOfficial","article_modified_time":"2026-02-11T10:48:06+00:00","og_image":[{"width":2000,"height":1600,"url":"https:\/\/homeofwool.com\/wp-content\/uploads\/2025\/09\/home-of-wool-replacement-couch-cushion-insert-1-new.jpg","type":"image\/jpeg"}],"twitter_card":"summary_large_image","twitter_misc":{"Tempo di lettura stimato":"2 minuti"},"schema":{"@context":"https:\/\/schema.org","@graph":[{"@type":"WebPage","@id":"https:\/\/homeofwool.com\/shop\/replacement-sofa-cushion-insert\/","url":"https:\/\/homeofwool.com\/shop\/replacement-sofa-cushion-insert\/","name":"Imbottitura per cuscino da divano in lana sostitutiva \u2013 Completamente naturale | Home of Wool","isPartOf":{"@id":"https:\/\/homeofwool.com\/#website"},"primaryImageOfPage":{"@id":"https:\/\/homeofwool.com\/shop\/replacement-sofa-cushion-insert\/#primaryimage"},"image":{"@id":"https:\/\/homeofwool.com\/shop\/replacement-sofa-cushion-insert\/#primaryimage"},"thumbnailUrl":"https:\/\/homeofwool.com\/wp-content\/uploads\/2025\/09\/home-of-wool-replacement-couch-cushion-insert-1-new.jpg","datePublished":"2025-09-02T12:00:58+00:00","dateModified":"2026-02-11T10:48:06+00:00","description":"Realizzato in lana biologica, l'imbottitura per cuscini da divano Wool Replacement offre un sostegno traspirante. Ipoallergenico e privo di sostanze tossiche, garantisce un comfort sostenibile per la seduta quotidiana.","breadcrumb":{"@id":"https:\/\/homeofwool.com\/shop\/replacement-sofa-cushion-insert\/#breadcrumb"},"inLanguage":"it-IT","potentialAction":[{"@type":"ReadAction","target":["https:\/\/homeofwool.com\/shop\/replacement-sofa-cushion-insert\/"]}]},{"@type":"ImageObject","inLanguage":"it-IT","@id":"https:\/\/homeofwool.com\/shop\/replacement-sofa-cushion-insert\/#primaryimage","url":"https:\/\/homeofwool.com\/wp-content\/uploads\/2025\/09\/home-of-wool-replacement-couch-cushion-insert-1-new.jpg","contentUrl":"https:\/\/homeofwool.com\/wp-content\/uploads\/2025\/09\/home-of-wool-replacement-couch-cushion-insert-1-new.jpg","width":2000,"height":1600,"caption":"replacement cushion insert with wool filling"},{"@type":"BreadcrumbList","@id":"https:\/\/homeofwool.com\/shop\/replacement-sofa-cushion-insert\/#breadcrumb","itemListElement":[{"@type":"ListItem","position":1,"name":"Home","item":"https:\/\/homeofwool.com\/"},{"@type":"ListItem","position":2,"name":"Products","item":"https:\/\/homeofwool.com\/header-search-2\/"},{"@type":"ListItem","position":3,"name":"Replacement Couch Cushion Insert"}]},{"@type":"WebSite","@id":"https:\/\/homeofwool.com\/#website","url":"https:\/\/homeofwool.com\/","name":"Casa della lana","description":"","publisher":{"@id":"https:\/\/homeofwool.com\/#organization"},"potentialAction":[{"@type":"SearchAction","target":{"@type":"EntryPoint","urlTemplate":"https:\/\/homeofwool.com\/?s={search_term_string}"},"query-input":{"@type":"PropertyValueSpecification","valueRequired":true,"valueName":"search_term_string"}}],"inLanguage":"it-IT"},{"@type":"Organization","@id":"https:\/\/homeofwool.com\/#organization","name":"Casa della lana","url":"https:\/\/homeofwool.com\/","logo":{"@type":"ImageObject","inLanguage":"it-IT","@id":"https:\/\/homeofwool.com\/#\/schema\/logo\/image\/","url":"https:\/\/homeofwool.com\/wp-content\/uploads\/2025\/09\/WhatsApp-Image-2025-12-02-at-16.23.20.jpeg","contentUrl":"https:\/\/homeofwool.com\/wp-content\/uploads\/2025\/09\/WhatsApp-Image-2025-12-02-at-16.23.20.jpeg","width":700,"height":247,"caption":"Home of Wool"},"image":{"@id":"https:\/\/homeofwool.com\/#\/schema\/logo\/image\/"},"sameAs":["https:\/\/facebook.com\/HomeOfWoolOfficial"]}]}},"_links":{"self":[{"href":"https:\/\/homeofwool.com\/it\/wp-json\/wp\/v2\/product\/217566","targetHints":{"allow":["GET"]}}],"collection":[{"href":"https:\/\/homeofwool.com\/it\/wp-json\/wp\/v2\/product"}],"about":[{"href":"https:\/\/homeofwool.com\/it\/wp-json\/wp\/v2\/types\/product"}],"version-history":[{"count":1,"href":"https:\/\/homeofwool.com\/it\/wp-json\/wp\/v2\/product\/217566\/revisions"}],"predecessor-version":[{"id":226724,"href":"https:\/\/homeofwool.com\/it\/wp-json\/wp\/v2\/product\/217566\/revisions\/226724"}],"wp:featuredmedia":[{"embeddable":true,"href":"https:\/\/homeofwool.com\/it\/wp-json\/wp\/v2\/media\/219775"}],"wp:attachment":[{"href":"https:\/\/homeofwool.com\/it\/wp-json\/wp\/v2\/media?parent=217566"}],"wp:term":[{"taxonomy":"product_brand","embeddable":true,"href":"https:\/\/homeofwool.com\/it\/wp-json\/wp\/v2\/product_brand?post=217566"},{"taxonomy":"product_cat","embeddable":true,"href":"https:\/\/homeofwool.com\/it\/wp-json\/wp\/v2\/product_cat?post=217566"},{"taxonomy":"product_tag","embeddable":true,"href":"https:\/\/homeofwool.com\/it\/wp-json\/wp\/v2\/product_tag?post=217566"}],"curies":[{"name":"wp","href":"https:\/\/api.w.org\/{rel}","templated":true}]}}