{"id":217564,"date":"2025-09-02T12:00:58","date_gmt":"2025-09-02T12:00:58","guid":{"rendered":"https:\/\/homeofwool.com\/?post_type=product&#038;p=217564"},"modified":"2026-02-11T10:48:02","modified_gmt":"2026-02-11T10:48:02","slug":"cuscino-del-sedile","status":"publish","type":"product","link":"https:\/\/homeofwool.com\/it\/shop\/seat-cushion\/","title":{"rendered":"Cuscino di seduta in lana"},"content":{"rendered":"<p>Sedie, panche e sedili sottofinestra raramente corrispondono alle dimensioni standard dei cuscini, motivo per cui molti non sembrano mai perfetti. Quello spazio imbarazzante in un sedile sottofinestra, la panca stretta dell'ingresso o l'angolo colazione inclinato: i cuscini standard raramente si adattano. Ecco perch\u00e9 creiamo ogni cuscino su misura, con forme e dimensioni personalizzate, in modo che sembri che sia sempre stato l\u00ec.<\/p>\n<p>All'interno utilizziamo pura lana per garantire un sostegno delicato e costante. \u00c8 confortevole in ogni stagione perch\u00e9 lascia circolare liberamente l'aria invece di trattenere il calore. La lana \u00e8 anche una scelta pi\u00f9 salutare, poich\u00e9 \u00e8 naturalmente delicata sulla pelle sensibile e priva di schiume sintetiche o trattamenti chimici.<\/p>\n<p>Ogni inserto \u00e8 trapuntato a mano con filo di lino per mantenerne la forma. Il rivestimento sfoderabile ne semplifica la manutenzione e puoi scegliere tra i nostri tessuti biologici o persino inviarci il tuo. Potete posizionarlo su una sedia da pranzo, rivestire una panca incassata o rendere pi\u00f9 accogliente una finestra a bovindo. Le famiglie spesso li aggiungono alle stanze dei giochi e alcuni li utilizzano persino nei portici coperti. Ovunque venga posizionato, il cuscino \u00e8 realizzato per durare nel tempo e includiamo un piccolo kit di riparazione per consentirvi di mantenerlo come nuovo nel corso degli anni.<\/p>","protected":false},"excerpt":{"rendered":"<p>Cerchi un cuscino che si adatti perfettamente alla tua poltrona preferita? Realizziamo ogni cuscino su misura, in base alle dimensioni e alla forma della tua poltrona. Con un'imbottitura in pura lana e un rivestimento sfoderabile, questo cuscino unisce comfort, salubrit\u00e0 e facilit\u00e0 di manutenzione.<\/p>\n<div class=\"global-icon-set\">\n<div class=\"global-icon-set__items\">\n<div class=\"global-icon-set__item\">\n<div class=\"global-icon-set__image\">\n                                    <img decoding=\"async\" src=\"https:\/\/homeofwool.com\/wp-content\/uploads\/2025\/09\/handmade-icon-300x300.png\" alt=\"icona fatta a mano\" \/>\n                                <\/div>\n<div class=\"global-icon-set__title\">Fatto a mano<\/div>\n<\/p><\/div>\n<div class=\"global-icon-set__item\">\n<div class=\"global-icon-set__image\">\n                                    <img decoding=\"async\" src=\"https:\/\/homeofwool.com\/wp-content\/uploads\/2025\/09\/wicks-moisture-away-300x300.png\" alt=\"allontana l&#039;umidit\u00e0\" \/>\n                                <\/div>\n<div class=\"global-icon-set__title\">Elimina l'umidit\u00e0<\/div>\n<\/p><\/div>\n<div class=\"global-icon-set__item\">\n<div class=\"global-icon-set__image\">\n                                    <img decoding=\"async\" src=\"https:\/\/homeofwool.com\/wp-content\/uploads\/2025\/09\/VOCs-min-300x300.png\" alt=\"voci libere\" \/>\n                                <\/div>\n<div class=\"global-icon-set__title\">Senza COV<\/div>\n<\/p><\/div>\n<div class=\"global-icon-set__item\">\n<div class=\"global-icon-set__image\">\n                                    <img decoding=\"async\" src=\"https:\/\/homeofwool.com\/wp-content\/uploads\/2025\/09\/FR-min-300x300.png\" alt=\"icona resistente al fuoco\" \/>\n                                <\/div>\n<div class=\"global-icon-set__title\">Resistente alla fiamma<\/div>\n<\/p><\/div>\n<div class=\"global-icon-set__item\">\n<div class=\"global-icon-set__image\">\n                                    <img decoding=\"async\" src=\"https:\/\/homeofwool.com\/wp-content\/uploads\/2025\/09\/Hypoallergenic-min-300x300.png\" alt=\"icona ipoallergenica\" \/>\n                                <\/div>\n<div class=\"global-icon-set__title\">Ipoallergenico<\/div>\n<\/p><\/div>\n<div class=\"global-icon-set__item\">\n<div class=\"global-icon-set__image\">\n                                    <img decoding=\"async\" src=\"https:\/\/homeofwool.com\/wp-content\/uploads\/2025\/09\/free-of-synthetics-icon-300x300.png\" alt=\"icona priva di sostanze sintetiche\" \/>\n                                <\/div>\n<div class=\"global-icon-set__title\">Privo di sostanze sintetiche<\/div>\n<\/p><\/div>\n<div class=\"global-icon-set__item\">\n<div class=\"global-icon-set__image\">\n                                    <img decoding=\"async\" src=\"https:\/\/homeofwool.com\/wp-content\/uploads\/2025\/09\/chemical-free-icon-300x300.png\" alt=\"icona senza sostanze chimiche\" \/>\n                                <\/div>\n<div class=\"global-icon-set__title\">Senza sostanze chimiche<\/div>\n<\/p><\/div>\n<div class=\"global-icon-set__item\">\n<div class=\"global-icon-set__image\">\n                                    <img decoding=\"async\" src=\"https:\/\/homeofwool.com\/wp-content\/uploads\/2025\/09\/anti-bacterial-icon-300x300.png\" alt=\"icona antibatterica\" \/>\n                                <\/div>\n<div class=\"global-icon-set__title\">Antimicrobico e antibatterico<\/div>\n<\/p><\/div>\n<div class=\"global-icon-set__item\">\n<div class=\"global-icon-set__image\">\n                                    <img decoding=\"async\" src=\"https:\/\/homeofwool.com\/wp-content\/uploads\/2025\/09\/certified-materials-icon-300x300.png\" alt=\"icona dei materiali certificati\" \/>\n                                <\/div>\n<div class=\"global-icon-set__title\">100% Materiali puri certificati<\/div>\n<\/p><\/div>\n<\/p><\/div>\n<\/p><\/div>","protected":false},"featured_media":225343,"template":"","meta":{"_acf_changed":false},"product_brand":[],"product_cat":[30],"product_tag":[149],"class_list":{"0":"post-217564","1":"product","2":"type-product","3":"status-publish","4":"has-post-thumbnail","6":"product_cat-cushions","7":"product_tag-steps","9":"first","10":"instock","11":"shipping-taxable","12":"purchasable","13":"product-type-simple"},"acf":[],"yoast_head":"<!-- This site is optimized with the Yoast SEO Premium plugin v27.3 (Yoast SEO v27.3) - https:\/\/yoast.com\/product\/yoast-seo-premium-wordpress\/ -->\n<title>Wool Seat Cushion &amp; Cover \u2013 Custom Sizes &amp; Shapes | Home of Wool<\/title>\n<meta name=\"description\" content=\"Customizable and breathable, the Wool Seat Cushion &amp; Cover is filled with organic wool. Hypoallergenic and toxin-free, it delivers natural comfort in sustainable shapes and sizes.\" \/>\n<meta name=\"robots\" content=\"index, follow, max-snippet:-1, max-image-preview:large, max-video-preview:-1\" \/>\n<link rel=\"canonical\" href=\"https:\/\/homeofwool.com\/it\/negozio\/cuscino-del-sedile\/\" \/>\n<meta property=\"og:locale\" content=\"it_IT\" \/>\n<meta property=\"og:type\" content=\"article\" \/>\n<meta property=\"og:title\" content=\"Wool Seat Cushion\" \/>\n<meta property=\"og:description\" content=\"Customizable and breathable, the Wool Seat Cushion &amp; Cover is filled with organic wool. Hypoallergenic and toxin-free, it delivers natural comfort in sustainable shapes and sizes.\" \/>\n<meta property=\"og:url\" content=\"https:\/\/homeofwool.com\/it\/negozio\/cuscino-del-sedile\/\" \/>\n<meta property=\"og:site_name\" content=\"Home of Wool\" \/>\n<meta property=\"article:publisher\" content=\"https:\/\/facebook.com\/HomeOfWoolOfficial\" \/>\n<meta property=\"article:modified_time\" content=\"2026-02-11T10:48:02+00:00\" \/>\n<meta property=\"og:image\" content=\"https:\/\/homeofwool.com\/wp-content\/uploads\/2025\/09\/home-of-wool-wool-seat-cushion-1.jpg\" \/>\n\t<meta property=\"og:image:width\" content=\"2000\" \/>\n\t<meta property=\"og:image:height\" content=\"1600\" \/>\n\t<meta property=\"og:image:type\" content=\"image\/jpeg\" \/>\n<meta name=\"twitter:card\" content=\"summary_large_image\" \/>\n<meta name=\"twitter:label1\" content=\"Tempo di lettura stimato\" \/>\n\t<meta name=\"twitter:data1\" content=\"2 minuti\" \/>\n<script type=\"application\/ld+json\" class=\"yoast-schema-graph\">{\"@context\":\"https:\\\/\\\/schema.org\",\"@graph\":[{\"@type\":\"WebPage\",\"@id\":\"https:\\\/\\\/homeofwool.com\\\/it\\\/negozio\\\/cuscino-del-sedile\\\/\",\"url\":\"https:\\\/\\\/homeofwool.com\\\/it\\\/negozio\\\/cuscino-del-sedile\\\/\",\"name\":\"Wool Seat Cushion & Cover \u2013 Custom Sizes & Shapes | Home of Wool\",\"isPartOf\":{\"@id\":\"https:\\\/\\\/homeofwool.com\\\/#website\"},\"primaryImageOfPage\":{\"@id\":\"https:\\\/\\\/homeofwool.com\\\/it\\\/negozio\\\/cuscino-del-sedile\\\/#primaryimage\"},\"image\":{\"@id\":\"https:\\\/\\\/homeofwool.com\\\/it\\\/negozio\\\/cuscino-del-sedile\\\/#primaryimage\"},\"thumbnailUrl\":\"https:\\\/\\\/homeofwool.com\\\/wp-content\\\/uploads\\\/2025\\\/09\\\/home-of-wool-wool-seat-cushion-1.jpg\",\"datePublished\":\"2025-09-02T12:00:58+00:00\",\"dateModified\":\"2026-02-11T10:48:02+00:00\",\"description\":\"Customizable and breathable, the Wool Seat Cushion & Cover is filled with organic wool. Hypoallergenic and toxin-free, it delivers natural comfort in sustainable shapes and sizes.\",\"breadcrumb\":{\"@id\":\"https:\\\/\\\/homeofwool.com\\\/it\\\/negozio\\\/cuscino-del-sedile\\\/#breadcrumb\"},\"inLanguage\":\"it-IT\",\"potentialAction\":[{\"@type\":\"ReadAction\",\"target\":[\"https:\\\/\\\/homeofwool.com\\\/it\\\/negozio\\\/cuscino-del-sedile\\\/\"]}]},{\"@type\":\"ImageObject\",\"inLanguage\":\"it-IT\",\"@id\":\"https:\\\/\\\/homeofwool.com\\\/it\\\/negozio\\\/cuscino-del-sedile\\\/#primaryimage\",\"url\":\"https:\\\/\\\/homeofwool.com\\\/wp-content\\\/uploads\\\/2025\\\/09\\\/home-of-wool-wool-seat-cushion-1.jpg\",\"contentUrl\":\"https:\\\/\\\/homeofwool.com\\\/wp-content\\\/uploads\\\/2025\\\/09\\\/home-of-wool-wool-seat-cushion-1.jpg\",\"width\":2000,\"height\":1600,\"caption\":\"wool seat cushion with cover\"},{\"@type\":\"BreadcrumbList\",\"@id\":\"https:\\\/\\\/homeofwool.com\\\/it\\\/negozio\\\/cuscino-del-sedile\\\/#breadcrumb\",\"itemListElement\":[{\"@type\":\"ListItem\",\"position\":1,\"name\":\"Home\",\"item\":\"https:\\\/\\\/homeofwool.com\\\/\"},{\"@type\":\"ListItem\",\"position\":2,\"name\":\"Products\",\"item\":\"https:\\\/\\\/homeofwool.com\\\/header-search-2\\\/\"},{\"@type\":\"ListItem\",\"position\":3,\"name\":\"Wool Seat Cushion\"}]},{\"@type\":\"WebSite\",\"@id\":\"https:\\\/\\\/homeofwool.com\\\/#website\",\"url\":\"https:\\\/\\\/homeofwool.com\\\/\",\"name\":\"Home of Wool\",\"description\":\"\",\"publisher\":{\"@id\":\"https:\\\/\\\/homeofwool.com\\\/#organization\"},\"potentialAction\":[{\"@type\":\"SearchAction\",\"target\":{\"@type\":\"EntryPoint\",\"urlTemplate\":\"https:\\\/\\\/homeofwool.com\\\/?s={search_term_string}\"},\"query-input\":{\"@type\":\"PropertyValueSpecification\",\"valueRequired\":true,\"valueName\":\"search_term_string\"}}],\"inLanguage\":\"it-IT\"},{\"@type\":\"Organization\",\"@id\":\"https:\\\/\\\/homeofwool.com\\\/#organization\",\"name\":\"Home of Wool\",\"url\":\"https:\\\/\\\/homeofwool.com\\\/\",\"logo\":{\"@type\":\"ImageObject\",\"inLanguage\":\"it-IT\",\"@id\":\"https:\\\/\\\/homeofwool.com\\\/#\\\/schema\\\/logo\\\/image\\\/\",\"url\":\"https:\\\/\\\/homeofwool.com\\\/wp-content\\\/uploads\\\/2025\\\/09\\\/WhatsApp-Image-2025-12-02-at-16.23.20.jpeg\",\"contentUrl\":\"https:\\\/\\\/homeofwool.com\\\/wp-content\\\/uploads\\\/2025\\\/09\\\/WhatsApp-Image-2025-12-02-at-16.23.20.jpeg\",\"width\":700,\"height\":247,\"caption\":\"Home of Wool\"},\"image\":{\"@id\":\"https:\\\/\\\/homeofwool.com\\\/#\\\/schema\\\/logo\\\/image\\\/\"},\"sameAs\":[\"https:\\\/\\\/facebook.com\\\/HomeOfWoolOfficial\"]}]}<\/script>\n<!-- \/ Yoast SEO Premium plugin. -->","yoast_head_json":{"title":"Cuscino e rivestimento in lana per seduta \u2013 Dimensioni e forme personalizzate | Home of Wool","description":"Personalizzabile e traspirante, il cuscino e la fodera in lana sono imbottiti con lana biologica. Ipoallergenico e privo di sostanze tossiche, offre un comfort naturale in forme e dimensioni sostenibili.","robots":{"index":"index","follow":"follow","max-snippet":"max-snippet:-1","max-image-preview":"max-image-preview:large","max-video-preview":"max-video-preview:-1"},"canonical":"https:\/\/homeofwool.com\/it\/negozio\/cuscino-del-sedile\/","og_locale":"it_IT","og_type":"article","og_title":"Wool Seat Cushion","og_description":"Customizable and breathable, the Wool Seat Cushion & Cover is filled with organic wool. Hypoallergenic and toxin-free, it delivers natural comfort in sustainable shapes and sizes.","og_url":"https:\/\/homeofwool.com\/it\/negozio\/cuscino-del-sedile\/","og_site_name":"Home of Wool","article_publisher":"https:\/\/facebook.com\/HomeOfWoolOfficial","article_modified_time":"2026-02-11T10:48:02+00:00","og_image":[{"width":2000,"height":1600,"url":"https:\/\/homeofwool.com\/wp-content\/uploads\/2025\/09\/home-of-wool-wool-seat-cushion-1.jpg","type":"image\/jpeg"}],"twitter_card":"summary_large_image","twitter_misc":{"Tempo di lettura stimato":"2 minuti"},"schema":{"@context":"https:\/\/schema.org","@graph":[{"@type":"WebPage","@id":"https:\/\/homeofwool.com\/it\/negozio\/cuscino-del-sedile\/","url":"https:\/\/homeofwool.com\/it\/negozio\/cuscino-del-sedile\/","name":"Cuscino e rivestimento in lana per seduta \u2013 Dimensioni e forme personalizzate | Home of Wool","isPartOf":{"@id":"https:\/\/homeofwool.com\/#website"},"primaryImageOfPage":{"@id":"https:\/\/homeofwool.com\/it\/negozio\/cuscino-del-sedile\/#primaryimage"},"image":{"@id":"https:\/\/homeofwool.com\/it\/negozio\/cuscino-del-sedile\/#primaryimage"},"thumbnailUrl":"https:\/\/homeofwool.com\/wp-content\/uploads\/2025\/09\/home-of-wool-wool-seat-cushion-1.jpg","datePublished":"2025-09-02T12:00:58+00:00","dateModified":"2026-02-11T10:48:02+00:00","description":"Personalizzabile e traspirante, il cuscino e la fodera in lana sono imbottiti con lana biologica. Ipoallergenico e privo di sostanze tossiche, offre un comfort naturale in forme e dimensioni sostenibili.","breadcrumb":{"@id":"https:\/\/homeofwool.com\/it\/negozio\/cuscino-del-sedile\/#breadcrumb"},"inLanguage":"it-IT","potentialAction":[{"@type":"ReadAction","target":["https:\/\/homeofwool.com\/it\/negozio\/cuscino-del-sedile\/"]}]},{"@type":"ImageObject","inLanguage":"it-IT","@id":"https:\/\/homeofwool.com\/it\/negozio\/cuscino-del-sedile\/#primaryimage","url":"https:\/\/homeofwool.com\/wp-content\/uploads\/2025\/09\/home-of-wool-wool-seat-cushion-1.jpg","contentUrl":"https:\/\/homeofwool.com\/wp-content\/uploads\/2025\/09\/home-of-wool-wool-seat-cushion-1.jpg","width":2000,"height":1600,"caption":"wool seat cushion with cover"},{"@type":"BreadcrumbList","@id":"https:\/\/homeofwool.com\/it\/negozio\/cuscino-del-sedile\/#breadcrumb","itemListElement":[{"@type":"ListItem","position":1,"name":"Home","item":"https:\/\/homeofwool.com\/"},{"@type":"ListItem","position":2,"name":"Products","item":"https:\/\/homeofwool.com\/header-search-2\/"},{"@type":"ListItem","position":3,"name":"Wool Seat Cushion"}]},{"@type":"WebSite","@id":"https:\/\/homeofwool.com\/#website","url":"https:\/\/homeofwool.com\/","name":"Casa della lana","description":"","publisher":{"@id":"https:\/\/homeofwool.com\/#organization"},"potentialAction":[{"@type":"SearchAction","target":{"@type":"EntryPoint","urlTemplate":"https:\/\/homeofwool.com\/?s={search_term_string}"},"query-input":{"@type":"PropertyValueSpecification","valueRequired":true,"valueName":"search_term_string"}}],"inLanguage":"it-IT"},{"@type":"Organization","@id":"https:\/\/homeofwool.com\/#organization","name":"Casa della lana","url":"https:\/\/homeofwool.com\/","logo":{"@type":"ImageObject","inLanguage":"it-IT","@id":"https:\/\/homeofwool.com\/#\/schema\/logo\/image\/","url":"https:\/\/homeofwool.com\/wp-content\/uploads\/2025\/09\/WhatsApp-Image-2025-12-02-at-16.23.20.jpeg","contentUrl":"https:\/\/homeofwool.com\/wp-content\/uploads\/2025\/09\/WhatsApp-Image-2025-12-02-at-16.23.20.jpeg","width":700,"height":247,"caption":"Home of Wool"},"image":{"@id":"https:\/\/homeofwool.com\/#\/schema\/logo\/image\/"},"sameAs":["https:\/\/facebook.com\/HomeOfWoolOfficial"]}]}},"_links":{"self":[{"href":"https:\/\/homeofwool.com\/it\/wp-json\/wp\/v2\/product\/217564","targetHints":{"allow":["GET"]}}],"collection":[{"href":"https:\/\/homeofwool.com\/it\/wp-json\/wp\/v2\/product"}],"about":[{"href":"https:\/\/homeofwool.com\/it\/wp-json\/wp\/v2\/types\/product"}],"version-history":[{"count":1,"href":"https:\/\/homeofwool.com\/it\/wp-json\/wp\/v2\/product\/217564\/revisions"}],"predecessor-version":[{"id":226722,"href":"https:\/\/homeofwool.com\/it\/wp-json\/wp\/v2\/product\/217564\/revisions\/226722"}],"wp:featuredmedia":[{"embeddable":true,"href":"https:\/\/homeofwool.com\/it\/wp-json\/wp\/v2\/media\/225343"}],"wp:attachment":[{"href":"https:\/\/homeofwool.com\/it\/wp-json\/wp\/v2\/media?parent=217564"}],"wp:term":[{"taxonomy":"product_brand","embeddable":true,"href":"https:\/\/homeofwool.com\/it\/wp-json\/wp\/v2\/product_brand?post=217564"},{"taxonomy":"product_cat","embeddable":true,"href":"https:\/\/homeofwool.com\/it\/wp-json\/wp\/v2\/product_cat?post=217564"},{"taxonomy":"product_tag","embeddable":true,"href":"https:\/\/homeofwool.com\/it\/wp-json\/wp\/v2\/product_tag?post=217564"}],"curies":[{"name":"wp","href":"https:\/\/api.w.org\/{rel}","templated":true}]}}