{"id":217535,"date":"2025-09-02T12:00:56","date_gmt":"2025-09-02T12:00:56","guid":{"rendered":"https:\/\/homeofwool.com\/?post_type=product&#038;p=217535"},"modified":"2026-04-17T12:46:10","modified_gmt":"2026-04-17T12:46:10","slug":"federa-ergonomica","status":"publish","type":"product","link":"https:\/\/homeofwool.com\/it\/shop\/ergonomic-pillowcase\/","title":{"rendered":"Federa ergonomica"},"content":{"rendered":"<p>La nostra federa ergonomica \u00e8 sagomata per adattarsi ai nostri cuscini ergonomici, offrendoti una vestibilit\u00e0 pulita e sicura che rimane liscia per tutta la notte. Ogni federa personalizzata \u00e8 realizzata a mano con tessuti naturali. Scegli tra jersey di lana merino, seta di gelso o un misto lino 59% \/ cotone 41%. Indipendentemente dal tessuto, potrai goderti una federa naturale morbida al tatto e resistente all'usura.<\/p>\n<p>Queste fibre naturali lasciano circolare liberamente l'aria, cos\u00ec la tua comoda federa risulta fresca d'estate e calda d'inverno. Inoltre resistono agli acari della polvere e alla muffa, rendendo questa federa ipoallergenica affidabile se soffri di asma o allergie. Ogni federa su misura fa parte della nostra idea di lusso sostenibile: completamente naturale, pratica e progettata per la tua salute e il tuo comfort.<\/p>\n<p>Ogni federa realizzata a mano \u00e8 tagliata e cucita per adattarsi perfettamente ai nostri cuscini ergonomici. \u00c8 possibile ordinare prima dei campioni di tessuto per essere sicuri di aver trovato la trama che pi\u00f9 si preferisce.<\/p>\n<p><strong>PRODUZIONE E SPEDIZIONE:<\/strong><br \/>\nTempi di produzione standard: 5-7 giorni<br \/>\nTempi di spedizione gratuita: 1-4 settimane<br \/>\nTempi di spedizione espressa: 3-4 giorni<\/p>","protected":false},"excerpt":{"rendered":"<p>Ti stai chiedendo come rivestire il tuo cuscino ergonomico senza che scivoli e sembri fuori posto? Questa federa fatta a mano \u00e8 cucita per adattarsi alla sua forma ed \u00e8 realizzata in tessuti naturali che respirano con te. Un accessorio da letto biologico piccolo ma premuroso, che ti offre il comfort di una federa atossica fatta per durare.<\/p>\n<p><strong>DIMENSIONI<\/strong>:<\/p>\n<ul>\n<li>Soppalco alto: 20 x 13 x 5\u2033 (51 x 33 x 13 cm)<\/li>\n<li>Soppalco basso: 20 x 13 x 2,5\u2033 (51 x 33 x 6,5 cm)<\/li>\n<\/ul>\n<div class=\"global-icon-set\">\n<div class=\"global-icon-set__items\">\n<div class=\"global-icon-set__item\">\n<div class=\"global-icon-set__image\">\n                                    <img decoding=\"async\" src=\"https:\/\/homeofwool.com\/wp-content\/uploads\/2025\/09\/handmade-icon-300x300.png\" alt=\"icona fatta a mano\" \/>\n                                <\/div>\n<div class=\"global-icon-set__title\">Fatto a mano<\/div>\n<\/p><\/div>\n<div class=\"global-icon-set__item\">\n<div class=\"global-icon-set__image\">\n                                    <img decoding=\"async\" src=\"https:\/\/homeofwool.com\/wp-content\/uploads\/2025\/09\/VOCs-min-300x300.png\" alt=\"voci libere\" \/>\n                                <\/div>\n<div class=\"global-icon-set__title\">Senza COV<\/div>\n<\/p><\/div>\n<div class=\"global-icon-set__item\">\n<div class=\"global-icon-set__image\">\n                                    <img decoding=\"async\" src=\"https:\/\/homeofwool.com\/wp-content\/uploads\/2025\/09\/free-of-synthetics-icon-300x300.png\" alt=\"icona priva di sostanze sintetiche\" \/>\n                                <\/div>\n<div class=\"global-icon-set__title\">Privo di sostanze sintetiche<\/div>\n<\/p><\/div>\n<div class=\"global-icon-set__item\">\n<div class=\"global-icon-set__image\">\n                                    <img decoding=\"async\" src=\"https:\/\/homeofwool.com\/wp-content\/uploads\/2025\/09\/chemical-free-icon-300x300.png\" alt=\"icona senza sostanze chimiche\" \/>\n                                <\/div>\n<div class=\"global-icon-set__title\">Senza sostanze chimiche<\/div>\n<\/p><\/div>\n<div class=\"global-icon-set__item\">\n<div class=\"global-icon-set__image\">\n                                    <img decoding=\"async\" src=\"https:\/\/homeofwool.com\/wp-content\/uploads\/2025\/09\/certified-materials-icon-300x300.png\" alt=\"icona dei materiali certificati\" \/>\n                                <\/div>\n<div class=\"global-icon-set__title\">100% Materiali puri certificati<\/div>\n<\/p><\/div>\n<\/p><\/div>\n<\/p><\/div>","protected":false},"featured_media":219327,"template":"","meta":{"_acf_changed":false},"product_brand":[],"product_cat":[254],"product_tag":[255,256,257,1370,258,259,260],"class_list":{"0":"post-217535","1":"product","2":"type-product","3":"status-publish","4":"has-post-thumbnail","6":"product_cat-pillows-pillowcases","7":"product_tag-contour-pillow-case-covers","8":"product_tag-ergonomic-pillow-case","9":"product_tag-ergonomic-pillowcase","10":"product_tag-nosteps","11":"product_tag-pillowcase-for-ergonomic-pillow","12":"product_tag-pillowcase-for-orthopedic-pillows","13":"product_tag-pillowcase-for-side-sleeper-pillow","15":"first","16":"instock","17":"shipping-taxable","18":"purchasable","19":"product-type-simple"},"acf":[],"yoast_head":"<!-- This site is optimized with the Yoast SEO Premium plugin v27.4 (Yoast SEO v27.4) - https:\/\/yoast.com\/product\/yoast-seo-premium-wordpress\/ -->\n<title>Ergonomic Pillowcase \u2013 Breathable Pillow Cover | Home of Wool<\/title>\n<meta name=\"description\" content=\"Handmade ergonomic pillowcase crafted from natural fabrics\u2014merino wool, silk, or linen-cotton blend. Breathable, hypoallergenic, and custom-fit for lasting comfort.\" \/>\n<meta name=\"robots\" content=\"index, follow, max-snippet:-1, max-image-preview:large, max-video-preview:-1\" \/>\n<link rel=\"canonical\" href=\"https:\/\/homeofwool.com\/it\/negozio\/federa-ergonomica\/\" \/>\n<meta property=\"og:locale\" content=\"it_IT\" \/>\n<meta property=\"og:type\" content=\"article\" \/>\n<meta property=\"og:title\" content=\"Ergonomic Pillowcase\" \/>\n<meta property=\"og:description\" content=\"Handmade ergonomic pillowcase crafted from natural fabrics\u2014merino wool, silk, or linen-cotton blend. Breathable, hypoallergenic, and custom-fit for lasting comfort.\" \/>\n<meta property=\"og:url\" content=\"https:\/\/homeofwool.com\/it\/negozio\/federa-ergonomica\/\" \/>\n<meta property=\"og:site_name\" content=\"Home of Wool\" \/>\n<meta property=\"article:publisher\" content=\"https:\/\/facebook.com\/HomeOfWoolOfficial\" \/>\n<meta property=\"article:modified_time\" content=\"2026-04-17T12:46:10+00:00\" \/>\n<meta property=\"og:image\" content=\"https:\/\/homeofwool.com\/wp-content\/uploads\/2025\/09\/home-of-wool-ergonomic-pillowcase-1-main.jpg\" \/>\n\t<meta property=\"og:image:width\" content=\"2000\" \/>\n\t<meta property=\"og:image:height\" content=\"1600\" \/>\n\t<meta property=\"og:image:type\" content=\"image\/jpeg\" \/>\n<meta name=\"twitter:card\" content=\"summary_large_image\" \/>\n<meta name=\"twitter:label1\" content=\"Tempo di lettura stimato\" \/>\n\t<meta name=\"twitter:data1\" content=\"1 minuto\" \/>\n<script type=\"application\/ld+json\" class=\"yoast-schema-graph\">{\"@context\":\"https:\\\/\\\/schema.org\",\"@graph\":[{\"@type\":\"WebPage\",\"@id\":\"https:\\\/\\\/homeofwool.com\\\/shop\\\/ergonomic-pillowcase\\\/\",\"url\":\"https:\\\/\\\/homeofwool.com\\\/shop\\\/ergonomic-pillowcase\\\/\",\"name\":\"Ergonomic Pillowcase \u2013 Breathable Pillow Cover | Home of Wool\",\"isPartOf\":{\"@id\":\"https:\\\/\\\/homeofwool.com\\\/#website\"},\"primaryImageOfPage\":{\"@id\":\"https:\\\/\\\/homeofwool.com\\\/shop\\\/ergonomic-pillowcase\\\/#primaryimage\"},\"image\":{\"@id\":\"https:\\\/\\\/homeofwool.com\\\/shop\\\/ergonomic-pillowcase\\\/#primaryimage\"},\"thumbnailUrl\":\"https:\\\/\\\/homeofwool.com\\\/wp-content\\\/uploads\\\/2025\\\/09\\\/home-of-wool-ergonomic-pillowcase-1-main.jpg\",\"datePublished\":\"2025-09-02T12:00:56+00:00\",\"dateModified\":\"2026-04-17T12:46:10+00:00\",\"description\":\"Handmade ergonomic pillowcase crafted from natural fabrics\u2014merino wool, silk, or linen-cotton blend. Breathable, hypoallergenic, and custom-fit for lasting comfort.\",\"breadcrumb\":{\"@id\":\"https:\\\/\\\/homeofwool.com\\\/shop\\\/ergonomic-pillowcase\\\/#breadcrumb\"},\"inLanguage\":\"it-IT\",\"potentialAction\":[{\"@type\":\"ReadAction\",\"target\":[\"https:\\\/\\\/homeofwool.com\\\/shop\\\/ergonomic-pillowcase\\\/\"]}]},{\"@type\":\"ImageObject\",\"inLanguage\":\"it-IT\",\"@id\":\"https:\\\/\\\/homeofwool.com\\\/shop\\\/ergonomic-pillowcase\\\/#primaryimage\",\"url\":\"https:\\\/\\\/homeofwool.com\\\/wp-content\\\/uploads\\\/2025\\\/09\\\/home-of-wool-ergonomic-pillowcase-1-main.jpg\",\"contentUrl\":\"https:\\\/\\\/homeofwool.com\\\/wp-content\\\/uploads\\\/2025\\\/09\\\/home-of-wool-ergonomic-pillowcase-1-main.jpg\",\"width\":2000,\"height\":1600,\"caption\":\"home of wool ergonomic pillowcase\"},{\"@type\":\"BreadcrumbList\",\"@id\":\"https:\\\/\\\/homeofwool.com\\\/shop\\\/ergonomic-pillowcase\\\/#breadcrumb\",\"itemListElement\":[{\"@type\":\"ListItem\",\"position\":1,\"name\":\"Home\",\"item\":\"https:\\\/\\\/homeofwool.com\\\/\"},{\"@type\":\"ListItem\",\"position\":2,\"name\":\"Products\",\"item\":\"https:\\\/\\\/homeofwool.com\\\/header-search-2\\\/\"},{\"@type\":\"ListItem\",\"position\":3,\"name\":\"Ergonomic Pillowcase\"}]},{\"@type\":\"WebSite\",\"@id\":\"https:\\\/\\\/homeofwool.com\\\/#website\",\"url\":\"https:\\\/\\\/homeofwool.com\\\/\",\"name\":\"Home of Wool\",\"description\":\"\",\"publisher\":{\"@id\":\"https:\\\/\\\/homeofwool.com\\\/#organization\"},\"potentialAction\":[{\"@type\":\"SearchAction\",\"target\":{\"@type\":\"EntryPoint\",\"urlTemplate\":\"https:\\\/\\\/homeofwool.com\\\/?s={search_term_string}\"},\"query-input\":{\"@type\":\"PropertyValueSpecification\",\"valueRequired\":true,\"valueName\":\"search_term_string\"}}],\"inLanguage\":\"it-IT\"},{\"@type\":\"Organization\",\"@id\":\"https:\\\/\\\/homeofwool.com\\\/#organization\",\"name\":\"Home of Wool\",\"url\":\"https:\\\/\\\/homeofwool.com\\\/\",\"logo\":{\"@type\":\"ImageObject\",\"inLanguage\":\"it-IT\",\"@id\":\"https:\\\/\\\/homeofwool.com\\\/#\\\/schema\\\/logo\\\/image\\\/\",\"url\":\"https:\\\/\\\/homeofwool.com\\\/wp-content\\\/uploads\\\/2025\\\/09\\\/WhatsApp-Image-2025-12-02-at-16.23.20.jpeg\",\"contentUrl\":\"https:\\\/\\\/homeofwool.com\\\/wp-content\\\/uploads\\\/2025\\\/09\\\/WhatsApp-Image-2025-12-02-at-16.23.20.jpeg\",\"width\":700,\"height\":247,\"caption\":\"Home of Wool\"},\"image\":{\"@id\":\"https:\\\/\\\/homeofwool.com\\\/#\\\/schema\\\/logo\\\/image\\\/\"},\"sameAs\":[\"https:\\\/\\\/facebook.com\\\/HomeOfWoolOfficial\"]}]}<\/script>\n<!-- \/ Yoast SEO Premium plugin. -->","yoast_head_json":{"title":"Federa ergonomica \u2013 Federa traspirante | Home of Wool","description":"Federa ergonomica realizzata a mano con tessuti naturali: lana merino, seta o misto lino-cotone. Traspirante, ipoallergenica e personalizzata per un comfort duraturo.","robots":{"index":"index","follow":"follow","max-snippet":"max-snippet:-1","max-image-preview":"max-image-preview:large","max-video-preview":"max-video-preview:-1"},"canonical":"https:\/\/homeofwool.com\/it\/negozio\/federa-ergonomica\/","og_locale":"it_IT","og_type":"article","og_title":"Ergonomic Pillowcase","og_description":"Handmade ergonomic pillowcase crafted from natural fabrics\u2014merino wool, silk, or linen-cotton blend. Breathable, hypoallergenic, and custom-fit for lasting comfort.","og_url":"https:\/\/homeofwool.com\/it\/negozio\/federa-ergonomica\/","og_site_name":"Home of Wool","article_publisher":"https:\/\/facebook.com\/HomeOfWoolOfficial","article_modified_time":"2026-04-17T12:46:10+00:00","og_image":[{"width":2000,"height":1600,"url":"https:\/\/homeofwool.com\/wp-content\/uploads\/2025\/09\/home-of-wool-ergonomic-pillowcase-1-main.jpg","type":"image\/jpeg"}],"twitter_card":"summary_large_image","twitter_misc":{"Tempo di lettura stimato":"1 minuto"},"schema":{"@context":"https:\/\/schema.org","@graph":[{"@type":"WebPage","@id":"https:\/\/homeofwool.com\/shop\/ergonomic-pillowcase\/","url":"https:\/\/homeofwool.com\/shop\/ergonomic-pillowcase\/","name":"Federa ergonomica \u2013 Federa traspirante | Home of Wool","isPartOf":{"@id":"https:\/\/homeofwool.com\/#website"},"primaryImageOfPage":{"@id":"https:\/\/homeofwool.com\/shop\/ergonomic-pillowcase\/#primaryimage"},"image":{"@id":"https:\/\/homeofwool.com\/shop\/ergonomic-pillowcase\/#primaryimage"},"thumbnailUrl":"https:\/\/homeofwool.com\/wp-content\/uploads\/2025\/09\/home-of-wool-ergonomic-pillowcase-1-main.jpg","datePublished":"2025-09-02T12:00:56+00:00","dateModified":"2026-04-17T12:46:10+00:00","description":"Federa ergonomica realizzata a mano con tessuti naturali: lana merino, seta o misto lino-cotone. Traspirante, ipoallergenica e personalizzata per un comfort duraturo.","breadcrumb":{"@id":"https:\/\/homeofwool.com\/shop\/ergonomic-pillowcase\/#breadcrumb"},"inLanguage":"it-IT","potentialAction":[{"@type":"ReadAction","target":["https:\/\/homeofwool.com\/shop\/ergonomic-pillowcase\/"]}]},{"@type":"ImageObject","inLanguage":"it-IT","@id":"https:\/\/homeofwool.com\/shop\/ergonomic-pillowcase\/#primaryimage","url":"https:\/\/homeofwool.com\/wp-content\/uploads\/2025\/09\/home-of-wool-ergonomic-pillowcase-1-main.jpg","contentUrl":"https:\/\/homeofwool.com\/wp-content\/uploads\/2025\/09\/home-of-wool-ergonomic-pillowcase-1-main.jpg","width":2000,"height":1600,"caption":"home of wool ergonomic pillowcase"},{"@type":"BreadcrumbList","@id":"https:\/\/homeofwool.com\/shop\/ergonomic-pillowcase\/#breadcrumb","itemListElement":[{"@type":"ListItem","position":1,"name":"Home","item":"https:\/\/homeofwool.com\/"},{"@type":"ListItem","position":2,"name":"Products","item":"https:\/\/homeofwool.com\/header-search-2\/"},{"@type":"ListItem","position":3,"name":"Ergonomic Pillowcase"}]},{"@type":"WebSite","@id":"https:\/\/homeofwool.com\/#website","url":"https:\/\/homeofwool.com\/","name":"Casa della lana","description":"","publisher":{"@id":"https:\/\/homeofwool.com\/#organization"},"potentialAction":[{"@type":"SearchAction","target":{"@type":"EntryPoint","urlTemplate":"https:\/\/homeofwool.com\/?s={search_term_string}"},"query-input":{"@type":"PropertyValueSpecification","valueRequired":true,"valueName":"search_term_string"}}],"inLanguage":"it-IT"},{"@type":"Organization","@id":"https:\/\/homeofwool.com\/#organization","name":"Casa della lana","url":"https:\/\/homeofwool.com\/","logo":{"@type":"ImageObject","inLanguage":"it-IT","@id":"https:\/\/homeofwool.com\/#\/schema\/logo\/image\/","url":"https:\/\/homeofwool.com\/wp-content\/uploads\/2025\/09\/WhatsApp-Image-2025-12-02-at-16.23.20.jpeg","contentUrl":"https:\/\/homeofwool.com\/wp-content\/uploads\/2025\/09\/WhatsApp-Image-2025-12-02-at-16.23.20.jpeg","width":700,"height":247,"caption":"Home of Wool"},"image":{"@id":"https:\/\/homeofwool.com\/#\/schema\/logo\/image\/"},"sameAs":["https:\/\/facebook.com\/HomeOfWoolOfficial"]}]}},"_links":{"self":[{"href":"https:\/\/homeofwool.com\/it\/wp-json\/wp\/v2\/product\/217535","targetHints":{"allow":["GET"]}}],"collection":[{"href":"https:\/\/homeofwool.com\/it\/wp-json\/wp\/v2\/product"}],"about":[{"href":"https:\/\/homeofwool.com\/it\/wp-json\/wp\/v2\/types\/product"}],"version-history":[{"count":2,"href":"https:\/\/homeofwool.com\/it\/wp-json\/wp\/v2\/product\/217535\/revisions"}],"predecessor-version":[{"id":228888,"href":"https:\/\/homeofwool.com\/it\/wp-json\/wp\/v2\/product\/217535\/revisions\/228888"}],"wp:featuredmedia":[{"embeddable":true,"href":"https:\/\/homeofwool.com\/it\/wp-json\/wp\/v2\/media\/219327"}],"wp:attachment":[{"href":"https:\/\/homeofwool.com\/it\/wp-json\/wp\/v2\/media?parent=217535"}],"wp:term":[{"taxonomy":"product_brand","embeddable":true,"href":"https:\/\/homeofwool.com\/it\/wp-json\/wp\/v2\/product_brand?post=217535"},{"taxonomy":"product_cat","embeddable":true,"href":"https:\/\/homeofwool.com\/it\/wp-json\/wp\/v2\/product_cat?post=217535"},{"taxonomy":"product_tag","embeddable":true,"href":"https:\/\/homeofwool.com\/it\/wp-json\/wp\/v2\/product_tag?post=217535"}],"curies":[{"name":"wp","href":"https:\/\/api.w.org\/{rel}","templated":true}]}}