{"id":217531,"date":"2025-09-02T12:00:56","date_gmt":"2025-09-02T12:00:56","guid":{"rendered":"https:\/\/homeofwool.com\/?post_type=product&#038;p=217531"},"modified":"2026-02-11T10:35:39","modified_gmt":"2026-02-11T10:35:39","slug":"lenzuolo-con-angoli-naturale","status":"publish","type":"product","link":"https:\/\/homeofwool.com\/it\/shop\/natural-fitted-sheet\/","title":{"rendered":"Lenzuolo con angoli"},"content":{"rendered":"<p>Provate il sonno nella sua forma pi\u00f9 pura con il nostro lenzuolo con angoli, realizzato esclusivamente con fibre naturali e sostenibili. Senza rivestimenti chimici n\u00e9 coloranti. Il risultato \u00e8 un lenzuolo morbido e sicuro. E questo vale anche per chi soffre di allergie o asma. Essendo un lenzuolo biologico, \u00e8 completamente biodegradabile e contribuisce a creare un ambiente privo di tossine nella camera da letto.<\/p>\n<p>Ogni tessuto ha il suo modo di rendere il sonno pi\u00f9 confortevole. La lana ti mantiene comodo e in equilibrio durante tutte le stagioni. Il lino e la seta sono leggeri e traspiranti. Aggiungono un tocco di fresca morbidezza che si nota immediatamente. La seta \u00e8 apprezzata anche per la sua delicatezza e le sue propriet\u00e0 nutrienti per la pelle e i capelli.<\/p>\n<p>Naturalmente resistente agli acari della polvere e alla muffa, questo lenzuolo con angoli garantisce un riposo profondo e si prende cura della tua salute. Sono disponibili campioni di tessuto se desideri vedere le nostre opzioni di tessuto.<\/p>","protected":false},"excerpt":{"rendered":"<p>Questo lenzuolo con angoli realizzato a mano \u00e8 realizzato con i migliori tessuti naturali, unendo sostenibilit\u00e0 e comfort. Un vero lenzuolo biologico, favorisce un sonno pi\u00f9 sano mantenendo il letto libero da sostanze sintetiche e chimiche. Aiuta anche a dormire meglio mantenendo la pelle fresca e asciutta. Che tu abbia bisogno di una misura standard o su misura, \u00e8 considerato il miglior lenzuolo con angoli per chi \u00e8 attento all'ambiente e apprezza il comfort e la sostenibilit\u00e0.<\/p>\n<div class=\"global-icon-set\">\n<div class=\"global-icon-set__items\">\n<div class=\"global-icon-set__item\">\n<div class=\"global-icon-set__image\">\n                                    <img decoding=\"async\" src=\"https:\/\/homeofwool.com\/wp-content\/uploads\/2025\/09\/handmade-icon-300x300.png\" alt=\"icona fatta a mano\" \/>\n                                <\/div>\n<div class=\"global-icon-set__title\">Fatto a mano<\/div>\n<\/p><\/div>\n<div class=\"global-icon-set__item\">\n<div class=\"global-icon-set__image\">\n                                    <img decoding=\"async\" src=\"https:\/\/homeofwool.com\/wp-content\/uploads\/2025\/09\/wicks-moisture-away-300x300.png\" alt=\"allontana l&#039;umidit\u00e0\" \/>\n                                <\/div>\n<div class=\"global-icon-set__title\">Elimina l'umidit\u00e0<\/div>\n<\/p><\/div>\n<div class=\"global-icon-set__item\">\n<div class=\"global-icon-set__image\">\n                                    <img decoding=\"async\" src=\"https:\/\/homeofwool.com\/wp-content\/uploads\/2025\/09\/VOCs-min-300x300.png\" alt=\"voci libere\" \/>\n                                <\/div>\n<div class=\"global-icon-set__title\">Senza COV<\/div>\n<\/p><\/div>\n<div class=\"global-icon-set__item\">\n<div class=\"global-icon-set__image\">\n                                    <img decoding=\"async\" src=\"https:\/\/homeofwool.com\/wp-content\/uploads\/2025\/09\/FR-min-300x300.png\" alt=\"icona resistente al fuoco\" \/>\n                                <\/div>\n<div class=\"global-icon-set__title\">Resistente alla fiamma<\/div>\n<\/p><\/div>\n<div class=\"global-icon-set__item\">\n<div class=\"global-icon-set__image\">\n                                    <img decoding=\"async\" src=\"https:\/\/homeofwool.com\/wp-content\/uploads\/2025\/09\/Hypoallergenic-min-300x300.png\" alt=\"icona ipoallergenica\" \/>\n                                <\/div>\n<div class=\"global-icon-set__title\">Ipoallergenico<\/div>\n<\/p><\/div>\n<div class=\"global-icon-set__item\">\n<div class=\"global-icon-set__image\">\n                                    <img decoding=\"async\" src=\"https:\/\/homeofwool.com\/wp-content\/uploads\/2025\/09\/free-of-synthetics-icon-300x300.png\" alt=\"icona priva di sostanze sintetiche\" \/>\n                                <\/div>\n<div class=\"global-icon-set__title\">Privo di sostanze sintetiche<\/div>\n<\/p><\/div>\n<div class=\"global-icon-set__item\">\n<div class=\"global-icon-set__image\">\n                                    <img decoding=\"async\" src=\"https:\/\/homeofwool.com\/wp-content\/uploads\/2025\/09\/chemical-free-icon-300x300.png\" alt=\"icona senza sostanze chimiche\" \/>\n                                <\/div>\n<div class=\"global-icon-set__title\">Senza sostanze chimiche<\/div>\n<\/p><\/div>\n<div class=\"global-icon-set__item\">\n<div class=\"global-icon-set__image\">\n                                    <img decoding=\"async\" src=\"https:\/\/homeofwool.com\/wp-content\/uploads\/2025\/09\/anti-bacterial-icon-300x300.png\" alt=\"icona antibatterica\" \/>\n                                <\/div>\n<div class=\"global-icon-set__title\">Antimicrobico e antibatterico<\/div>\n<\/p><\/div>\n<div class=\"global-icon-set__item\">\n<div class=\"global-icon-set__image\">\n                                    <img decoding=\"async\" src=\"https:\/\/homeofwool.com\/wp-content\/uploads\/2025\/09\/certified-materials-icon-300x300.png\" alt=\"icona dei materiali certificati\" \/>\n                                <\/div>\n<div class=\"global-icon-set__title\">100% Materiali puri certificati<\/div>\n<\/p><\/div>\n<\/p><\/div>\n<\/p><\/div>","protected":false},"featured_media":221099,"template":"","meta":{"_acf_changed":false},"product_brand":[],"product_cat":[406],"product_tag":[412,413,414,415,416,417,418,419,420,149,421],"class_list":{"0":"post-217531","1":"product","2":"type-product","3":"status-publish","4":"has-post-thumbnail","6":"product_cat-protectors-covers-sheets","7":"product_tag-crib-sheets","8":"product_tag-custom-sheets","9":"product_tag-deep-pocket-sheets","10":"product_tag-extra-deep-sheet","11":"product_tag-fitted-bed-sheets","12":"product_tag-flat-sheet","13":"product_tag-linen-sheets","14":"product_tag-queen-sheets","15":"product_tag-sheets-pillowcases","16":"product_tag-steps","17":"product_tag-stokke-sheets","19":"first","20":"instock","21":"shipping-taxable","22":"purchasable","23":"product-type-simple"},"acf":[],"yoast_head":"<!-- This site is optimized with the Yoast SEO Premium plugin v27.3 (Yoast SEO v27.3) - https:\/\/yoast.com\/product\/yoast-seo-premium-wordpress\/ -->\n<title>Fitted Sheet \u2013 Organic, Hypoallergenic &amp; Handmade | Home of Wool<\/title>\n<meta name=\"description\" content=\"Handcrafted organic fitted sheet is soft, breathable, and chemical-free. It keeps beds cool, sweat-free, and safe for sensitive sleepers while being eco-friendly.\" \/>\n<meta name=\"robots\" content=\"index, follow, max-snippet:-1, max-image-preview:large, max-video-preview:-1\" \/>\n<link rel=\"canonical\" href=\"https:\/\/homeofwool.com\/it\/negozio\/lenzuolo-con-angoli-naturale\/\" \/>\n<meta property=\"og:locale\" content=\"it_IT\" \/>\n<meta property=\"og:type\" content=\"article\" \/>\n<meta property=\"og:title\" content=\"Fitted Sheet\" \/>\n<meta property=\"og:description\" content=\"Handcrafted organic fitted sheet is soft, breathable, and chemical-free. It keeps beds cool, sweat-free, and safe for sensitive sleepers while being eco-friendly.\" \/>\n<meta property=\"og:url\" content=\"https:\/\/homeofwool.com\/it\/negozio\/lenzuolo-con-angoli-naturale\/\" \/>\n<meta property=\"og:site_name\" content=\"Home of Wool\" \/>\n<meta property=\"article:publisher\" content=\"https:\/\/facebook.com\/HomeOfWoolOfficial\" \/>\n<meta property=\"article:modified_time\" content=\"2026-02-11T10:35:39+00:00\" \/>\n<meta property=\"og:image\" content=\"https:\/\/homeofwool.com\/wp-content\/uploads\/2025\/09\/home-of-wool-fitted-sheet-5.jpg\" \/>\n\t<meta property=\"og:image:width\" content=\"1900\" \/>\n\t<meta property=\"og:image:height\" content=\"1520\" \/>\n\t<meta property=\"og:image:type\" content=\"image\/jpeg\" \/>\n<meta name=\"twitter:card\" content=\"summary_large_image\" \/>\n<meta name=\"twitter:label1\" content=\"Tempo di lettura stimato\" \/>\n\t<meta name=\"twitter:data1\" content=\"1 minuto\" \/>\n<script type=\"application\/ld+json\" class=\"yoast-schema-graph\">{\"@context\":\"https:\\\/\\\/schema.org\",\"@graph\":[{\"@type\":\"WebPage\",\"@id\":\"https:\\\/\\\/homeofwool.com\\\/sv\\\/butik\\\/naturligt-lakan\\\/\",\"url\":\"https:\\\/\\\/homeofwool.com\\\/sv\\\/butik\\\/naturligt-lakan\\\/\",\"name\":\"Fitted Sheet \u2013 Organic, Hypoallergenic & Handmade | Home of Wool\",\"isPartOf\":{\"@id\":\"https:\\\/\\\/homeofwool.com\\\/#website\"},\"primaryImageOfPage\":{\"@id\":\"https:\\\/\\\/homeofwool.com\\\/sv\\\/butik\\\/naturligt-lakan\\\/#primaryimage\"},\"image\":{\"@id\":\"https:\\\/\\\/homeofwool.com\\\/sv\\\/butik\\\/naturligt-lakan\\\/#primaryimage\"},\"thumbnailUrl\":\"https:\\\/\\\/homeofwool.com\\\/wp-content\\\/uploads\\\/2025\\\/09\\\/home-of-wool-fitted-sheet-5.jpg\",\"datePublished\":\"2025-09-02T12:00:56+00:00\",\"dateModified\":\"2026-02-11T10:35:39+00:00\",\"description\":\"Handcrafted organic fitted sheet is soft, breathable, and chemical-free. It keeps beds cool, sweat-free, and safe for sensitive sleepers while being eco-friendly.\",\"breadcrumb\":{\"@id\":\"https:\\\/\\\/homeofwool.com\\\/sv\\\/butik\\\/naturligt-lakan\\\/#breadcrumb\"},\"inLanguage\":\"it-IT\",\"potentialAction\":[{\"@type\":\"ReadAction\",\"target\":[\"https:\\\/\\\/homeofwool.com\\\/sv\\\/butik\\\/naturligt-lakan\\\/\"]}]},{\"@type\":\"ImageObject\",\"inLanguage\":\"it-IT\",\"@id\":\"https:\\\/\\\/homeofwool.com\\\/sv\\\/butik\\\/naturligt-lakan\\\/#primaryimage\",\"url\":\"https:\\\/\\\/homeofwool.com\\\/wp-content\\\/uploads\\\/2025\\\/09\\\/home-of-wool-fitted-sheet-5.jpg\",\"contentUrl\":\"https:\\\/\\\/homeofwool.com\\\/wp-content\\\/uploads\\\/2025\\\/09\\\/home-of-wool-fitted-sheet-5.jpg\",\"width\":1900,\"height\":1520,\"caption\":\"fitted sheet from 100% virgin wool around a mattress view from bottom\"},{\"@type\":\"BreadcrumbList\",\"@id\":\"https:\\\/\\\/homeofwool.com\\\/sv\\\/butik\\\/naturligt-lakan\\\/#breadcrumb\",\"itemListElement\":[{\"@type\":\"ListItem\",\"position\":1,\"name\":\"Home\",\"item\":\"https:\\\/\\\/homeofwool.com\\\/\"},{\"@type\":\"ListItem\",\"position\":2,\"name\":\"Products\",\"item\":\"https:\\\/\\\/homeofwool.com\\\/header-search-2\\\/\"},{\"@type\":\"ListItem\",\"position\":3,\"name\":\"Fitted Sheet\"}]},{\"@type\":\"WebSite\",\"@id\":\"https:\\\/\\\/homeofwool.com\\\/#website\",\"url\":\"https:\\\/\\\/homeofwool.com\\\/\",\"name\":\"Home of Wool\",\"description\":\"\",\"publisher\":{\"@id\":\"https:\\\/\\\/homeofwool.com\\\/#organization\"},\"potentialAction\":[{\"@type\":\"SearchAction\",\"target\":{\"@type\":\"EntryPoint\",\"urlTemplate\":\"https:\\\/\\\/homeofwool.com\\\/?s={search_term_string}\"},\"query-input\":{\"@type\":\"PropertyValueSpecification\",\"valueRequired\":true,\"valueName\":\"search_term_string\"}}],\"inLanguage\":\"it-IT\"},{\"@type\":\"Organization\",\"@id\":\"https:\\\/\\\/homeofwool.com\\\/#organization\",\"name\":\"Home of Wool\",\"url\":\"https:\\\/\\\/homeofwool.com\\\/\",\"logo\":{\"@type\":\"ImageObject\",\"inLanguage\":\"it-IT\",\"@id\":\"https:\\\/\\\/homeofwool.com\\\/#\\\/schema\\\/logo\\\/image\\\/\",\"url\":\"https:\\\/\\\/homeofwool.com\\\/wp-content\\\/uploads\\\/2025\\\/09\\\/WhatsApp-Image-2025-12-02-at-16.23.20.jpeg\",\"contentUrl\":\"https:\\\/\\\/homeofwool.com\\\/wp-content\\\/uploads\\\/2025\\\/09\\\/WhatsApp-Image-2025-12-02-at-16.23.20.jpeg\",\"width\":700,\"height\":247,\"caption\":\"Home of Wool\"},\"image\":{\"@id\":\"https:\\\/\\\/homeofwool.com\\\/#\\\/schema\\\/logo\\\/image\\\/\"},\"sameAs\":[\"https:\\\/\\\/facebook.com\\\/HomeOfWoolOfficial\"]}]}<\/script>\n<!-- \/ Yoast SEO Premium plugin. -->","yoast_head_json":{"title":"Lenzuolo con angoli \u2013 Biologico, ipoallergenico e fatto a mano | Home of Wool","description":"Il lenzuolo con angoli biologico realizzato a mano \u00e8 morbido, traspirante e privo di sostanze chimiche. Mantiene i letti freschi, asciutti e sicuri per chi ha il sonno sensibile, oltre ad essere ecologico.","robots":{"index":"index","follow":"follow","max-snippet":"max-snippet:-1","max-image-preview":"max-image-preview:large","max-video-preview":"max-video-preview:-1"},"canonical":"https:\/\/homeofwool.com\/it\/negozio\/lenzuolo-con-angoli-naturale\/","og_locale":"it_IT","og_type":"article","og_title":"Fitted Sheet","og_description":"Handcrafted organic fitted sheet is soft, breathable, and chemical-free. It keeps beds cool, sweat-free, and safe for sensitive sleepers while being eco-friendly.","og_url":"https:\/\/homeofwool.com\/it\/negozio\/lenzuolo-con-angoli-naturale\/","og_site_name":"Home of Wool","article_publisher":"https:\/\/facebook.com\/HomeOfWoolOfficial","article_modified_time":"2026-02-11T10:35:39+00:00","og_image":[{"width":1900,"height":1520,"url":"https:\/\/homeofwool.com\/wp-content\/uploads\/2025\/09\/home-of-wool-fitted-sheet-5.jpg","type":"image\/jpeg"}],"twitter_card":"summary_large_image","twitter_misc":{"Tempo di lettura stimato":"1 minuto"},"schema":{"@context":"https:\/\/schema.org","@graph":[{"@type":"WebPage","@id":"https:\/\/homeofwool.com\/sv\/butik\/naturligt-lakan\/","url":"https:\/\/homeofwool.com\/sv\/butik\/naturligt-lakan\/","name":"Lenzuolo con angoli \u2013 Biologico, ipoallergenico e fatto a mano | Home of Wool","isPartOf":{"@id":"https:\/\/homeofwool.com\/#website"},"primaryImageOfPage":{"@id":"https:\/\/homeofwool.com\/sv\/butik\/naturligt-lakan\/#primaryimage"},"image":{"@id":"https:\/\/homeofwool.com\/sv\/butik\/naturligt-lakan\/#primaryimage"},"thumbnailUrl":"https:\/\/homeofwool.com\/wp-content\/uploads\/2025\/09\/home-of-wool-fitted-sheet-5.jpg","datePublished":"2025-09-02T12:00:56+00:00","dateModified":"2026-02-11T10:35:39+00:00","description":"Il lenzuolo con angoli biologico realizzato a mano \u00e8 morbido, traspirante e privo di sostanze chimiche. Mantiene i letti freschi, asciutti e sicuri per chi ha il sonno sensibile, oltre ad essere ecologico.","breadcrumb":{"@id":"https:\/\/homeofwool.com\/sv\/butik\/naturligt-lakan\/#breadcrumb"},"inLanguage":"it-IT","potentialAction":[{"@type":"ReadAction","target":["https:\/\/homeofwool.com\/sv\/butik\/naturligt-lakan\/"]}]},{"@type":"ImageObject","inLanguage":"it-IT","@id":"https:\/\/homeofwool.com\/sv\/butik\/naturligt-lakan\/#primaryimage","url":"https:\/\/homeofwool.com\/wp-content\/uploads\/2025\/09\/home-of-wool-fitted-sheet-5.jpg","contentUrl":"https:\/\/homeofwool.com\/wp-content\/uploads\/2025\/09\/home-of-wool-fitted-sheet-5.jpg","width":1900,"height":1520,"caption":"fitted sheet from 100% virgin wool around a mattress view from bottom"},{"@type":"BreadcrumbList","@id":"https:\/\/homeofwool.com\/sv\/butik\/naturligt-lakan\/#breadcrumb","itemListElement":[{"@type":"ListItem","position":1,"name":"Home","item":"https:\/\/homeofwool.com\/"},{"@type":"ListItem","position":2,"name":"Products","item":"https:\/\/homeofwool.com\/header-search-2\/"},{"@type":"ListItem","position":3,"name":"Fitted Sheet"}]},{"@type":"WebSite","@id":"https:\/\/homeofwool.com\/#website","url":"https:\/\/homeofwool.com\/","name":"Casa della lana","description":"","publisher":{"@id":"https:\/\/homeofwool.com\/#organization"},"potentialAction":[{"@type":"SearchAction","target":{"@type":"EntryPoint","urlTemplate":"https:\/\/homeofwool.com\/?s={search_term_string}"},"query-input":{"@type":"PropertyValueSpecification","valueRequired":true,"valueName":"search_term_string"}}],"inLanguage":"it-IT"},{"@type":"Organization","@id":"https:\/\/homeofwool.com\/#organization","name":"Casa della lana","url":"https:\/\/homeofwool.com\/","logo":{"@type":"ImageObject","inLanguage":"it-IT","@id":"https:\/\/homeofwool.com\/#\/schema\/logo\/image\/","url":"https:\/\/homeofwool.com\/wp-content\/uploads\/2025\/09\/WhatsApp-Image-2025-12-02-at-16.23.20.jpeg","contentUrl":"https:\/\/homeofwool.com\/wp-content\/uploads\/2025\/09\/WhatsApp-Image-2025-12-02-at-16.23.20.jpeg","width":700,"height":247,"caption":"Home of Wool"},"image":{"@id":"https:\/\/homeofwool.com\/#\/schema\/logo\/image\/"},"sameAs":["https:\/\/facebook.com\/HomeOfWoolOfficial"]}]}},"_links":{"self":[{"href":"https:\/\/homeofwool.com\/it\/wp-json\/wp\/v2\/product\/217531","targetHints":{"allow":["GET"]}}],"collection":[{"href":"https:\/\/homeofwool.com\/it\/wp-json\/wp\/v2\/product"}],"about":[{"href":"https:\/\/homeofwool.com\/it\/wp-json\/wp\/v2\/types\/product"}],"version-history":[{"count":2,"href":"https:\/\/homeofwool.com\/it\/wp-json\/wp\/v2\/product\/217531\/revisions"}],"predecessor-version":[{"id":227670,"href":"https:\/\/homeofwool.com\/it\/wp-json\/wp\/v2\/product\/217531\/revisions\/227670"}],"wp:featuredmedia":[{"embeddable":true,"href":"https:\/\/homeofwool.com\/it\/wp-json\/wp\/v2\/media\/221099"}],"wp:attachment":[{"href":"https:\/\/homeofwool.com\/it\/wp-json\/wp\/v2\/media?parent=217531"}],"wp:term":[{"taxonomy":"product_brand","embeddable":true,"href":"https:\/\/homeofwool.com\/it\/wp-json\/wp\/v2\/product_brand?post=217531"},{"taxonomy":"product_cat","embeddable":true,"href":"https:\/\/homeofwool.com\/it\/wp-json\/wp\/v2\/product_cat?post=217531"},{"taxonomy":"product_tag","embeddable":true,"href":"https:\/\/homeofwool.com\/it\/wp-json\/wp\/v2\/product_tag?post=217531"}],"curies":[{"name":"wp","href":"https:\/\/api.w.org\/{rel}","templated":true}]}}