{"id":217529,"date":"2025-09-02T12:00:56","date_gmt":"2025-09-02T12:00:56","guid":{"rendered":"https:\/\/homeofwool.com\/?post_type=product&#038;p=217529"},"modified":"2026-02-25T13:51:29","modified_gmt":"2026-02-25T13:51:29","slug":"biancheria-da-letto-complementare-in-bundle","status":"publish","type":"product","link":"https:\/\/homeofwool.com\/it\/shop\/bundle-complementary-bedding\/","title":{"rendered":"Pacchetto: Protettore + Cuscino + Inserto per piumone"},"content":{"rendered":"<p>Migliorate il vostro sonno e i vostri risparmi con il nostro\u00a0<strong>Pacchetto: Protettore + Cuscino + Inserto per piumone. A<\/strong> premio ma\u00a0<strong>biancheria da letto naturale scontata<\/strong>\u00a0pacchetto progettato per garantire il comfort e un sonno migliore. Ogni\u00a0<strong>set da letto senza sostanze chimiche<\/strong>\u00a0\u00e8 realizzato con materiali puri e traspiranti che aiutano a regolare la temperatura, allontanano l'umidit\u00e0 e resistono agli acari della polvere, per farvi dormire in uno spazio pi\u00f9 pulito e sano.<\/p>\n<h3>Opzioni del pacchetto<\/h3>\n<div class=\"ql-block\" data-block-id=\"block-1ae6349e-3f80-4d94-8ef3-0e932a6e533d\"><strong>FASCICOLO DI DUE<\/strong><\/div>\n<ul>\n<li class=\"ql-block\" data-block-id=\"block-fb5a85da-65fa-4690-953a-df1f16b73fdd\">Protezione per materasso: 38\u2033 x 75\u2033 (97 x 190 cm) - 100% lana vergine, elastici angolari<\/li>\n<li class=\"ql-block\" data-block-id=\"block-cefe71f3-1bad-423b-bb2d-5aaf573b40ff\">Cuscino: 1 Standard 20\u2033 x 26\u2033 (51 x 66 cm) - imbottitura in lana organica, consistenza regolabile<\/li>\n<li class=\"ql-block\" data-block-id=\"block-53b321e9-e60a-4985-b9f7-cebdc0daefdb\">Inserto per piumone: 64\u2033 x 89\u2033 (162 x 226 cm) - peso invernale, imbottitura in lana organica, tessuto in cotone organico<\/li>\n<\/ul>\n<div class=\"ql-block\" data-block-id=\"block-43f817f6-4290-4e76-87eb-bd221c274fbf\"><strong>FASCICOLO TWIN XL<\/strong><\/div>\n<ul>\n<li class=\"ql-block\" data-block-id=\"block-952905e9-13de-4a2d-9667-32ec18dc79c0\">Protezione per materasso: 38\u2033 x 80\u2033 (97 x 203 cm) - 100% lana vergine, elastici angolari<\/li>\n<li class=\"ql-block\" data-block-id=\"block-3dfe2513-00f6-414b-96ae-b72010c9973a\">Cuscino: 1 Standard 20\u2033 x 26\u2033 (51 x 66 cm) - imbottitura in lana organica, consistenza regolabile<\/li>\n<li class=\"ql-block\" data-block-id=\"block-d0eac117-1641-49c6-9f72-b7c29a2ca811\">Inserto per piumone: 74\u2033 x 98\u2033 (188 x 249 cm) - peso invernale, imbottitura in lana organica, tessuto in cotone organico<\/li>\n<\/ul>\n<div class=\"ql-block\" data-block-id=\"block-16c6717c-0ff4-4bc3-bc4b-00bef0d36248\"><strong>FASCICOLO COMPLETO<\/strong><\/div>\n<ul>\n<li class=\"ql-block\" data-block-id=\"block-5e1f3ab1-97ff-4765-8e85-74c7e35c53f2\">Protezione per materasso: 53\u2033 x 75\u2033 (135 x 190 cm) - 100% lana vergine, elastici angolari<\/li>\n<li class=\"ql-block\" data-block-id=\"block-790cb076-4a00-417d-a580-1ffd8447e3cc\">Cuscino: 1 Standard 20\u2033 x 26\u2033 (51 x 66 cm) - imbottitura in lana organica, consistenza regolabile<\/li>\n<li class=\"ql-block\" data-block-id=\"block-0f5e4bec-0e5d-4553-86ac-a31824ca36a6\">Inserto per piumone: 95\u2033 x 98\u2033 (241 x 249 cm) - peso invernale, imbottitura in lana organica, tessuto in cotone organico<\/li>\n<\/ul>\n<div class=\"ql-block\" data-block-id=\"block-9372693c-5221-4cf5-af49-083c8a46670d\"><strong>FASCICOLO COMPLETO XL<\/strong><\/div>\n<ul>\n<li class=\"ql-block\" data-block-id=\"block-8b24cc12-92f9-4b84-914a-c299d24ba497\">Protezione per materasso: 53\u2033 x 80\u2033 (135 x 203 cm) - 100% lana vergine, elastici angolari<\/li>\n<li class=\"ql-block\" data-block-id=\"block-8d495bd6-1fd7-4a39-a960-5038fbf932f8\">Cuscino: 1 Standard 20\u2033 x 26\u2033 (51 x 66 cm) - imbottitura in lana organica, consistenza regolabile<\/li>\n<li class=\"ql-block\" data-block-id=\"block-b516b81b-5df1-47f4-9219-36c4a7ad1aa4\">Inserto per piumone: 95\u2033 x 98\u2033 (241 x 249 cm) - peso invernale, imbottitura in lana organica, tessuto in cotone organico<\/li>\n<\/ul>\n<div class=\"ql-block\" data-block-id=\"block-f15d9381-3d15-4fc5-9cef-4f0e97008388\"><strong>FASCICOLO REGINA<\/strong><\/div>\n<ul>\n<li class=\"ql-block\" data-block-id=\"block-9af42401-645a-4884-a809-f40d60e48deb\">Protezione per materasso: 60\u2033 x 80\u2033 (152 x 203 cm) - 100% lana vergine, elastici angolari<\/li>\n<li class=\"ql-block\" data-block-id=\"block-01f3b027-4d47-45b3-8ad7-21f321d1bd21\">Cuscini: 2 Queen 20\u2033 x 30\u2033 (51 x 76 cm) - imbottitura in lana organica, consistenza regolabile<\/li>\n<li class=\"ql-block\" data-block-id=\"block-a5f1928e-4369-470d-94d0-83643d5de16f\">Inserto per piumone: 88\u2033 x 90\u2033 (224 x 229 cm) - peso invernale, imbottitura in lana organica, tessuto in cotone organico<\/li>\n<\/ul>\n<div class=\"ql-block\" data-block-id=\"block-5f853f5f-86ab-4e2f-b098-916b6840c158\"><strong>FASCIO DI REGINE OLIMPICHE<\/strong><\/div>\n<ul>\n<li class=\"ql-block\" data-block-id=\"block-8c804c78-96ec-403d-aa3d-0e7f1899d9fd\">Protezione per materasso: 66\u2033 x 80\u2033 (168 x 203 cm) - 100% lana vergine, elastici angolari<\/li>\n<li class=\"ql-block\" data-block-id=\"block-400ba917-070b-4068-8a1d-f9f522e75d22\">Cuscini: 2 Queen 20\u2033 x 30\u2033 (51 x 76 cm) - imbottitura in lana organica, consistenza regolabile<\/li>\n<li class=\"ql-block\" data-block-id=\"block-ac4610ef-254d-49ac-a161-6180a0a962ae\">Inserto per piumone: 88\u2033 x 90\u2033 (224 x 229 cm) - peso invernale, imbottitura in lana organica, tessuto in cotone organico<\/li>\n<\/ul>\n<div class=\"ql-block\" data-block-id=\"block-60a29845-c38b-4876-976a-12722a0a46e8\"><strong>FASCICOLO RE<\/strong><\/div>\n<ul>\n<li class=\"ql-block\" data-block-id=\"block-ba3d89a8-2c55-462f-9624-2c87b97ea364\">Protezione per materasso: 76\u2033 x 80\u2033 (193 x 203 cm) - 100% lana vergine, elastici angolari<\/li>\n<li class=\"ql-block\" data-block-id=\"block-7f0c3956-a99a-4f2d-a625-0ea2f35a4826\">Cuscini: 2 King 20\u2033 x 36\u2033 (51 x 91 cm) - imbottitura in lana organica, consistenza regolabile<\/li>\n<li class=\"ql-block\" data-block-id=\"block-dec231b6-2176-403a-89d8-aca8982591c1\">Inserto per piumone: 104\u2033 x 90\u2033 (264 x 229 cm) - peso invernale, imbottitura in lana organica, tessuto in cotone organico<\/li>\n<\/ul>\n<div class=\"ql-block\" data-block-id=\"block-843256d4-767d-4f9e-b395-95a3631e8022\"><strong>FAGOTTO CAL KING<\/strong><\/div>\n<ul>\n<li class=\"ql-block\" data-block-id=\"block-6bf8115b-e1e7-4a1f-ae13-7b34694e7e23\">Protezione per materasso: 72\u2033 x 84\u2033 (183 x 213 cm) - 100% lana vergine, elastici angolari<\/li>\n<li class=\"ql-block\" data-block-id=\"block-ba99777e-5252-4f8f-8410-24b0e7d6c0af\">Cuscini: 2 King 20\u2033 x 36\u2033 (51 x 91 cm) - imbottitura in lana organica, consistenza regolabile<\/li>\n<li class=\"ql-block\" data-block-id=\"block-3ffed8fd-3c02-4e4d-9394-cdc8dae8b941\">Inserto per piumone: 111\u2033 x 98\u2033 (282 x 249 cm) - peso invernale, imbottitura in lana organica, tessuto in cotone organico<\/li>\n<\/ul>\n<p>Realizzato in lana organica 100% e cotone certificato GOTS, questo\u00a0<strong>pacchetto sonno biologico<\/strong>\u00a0\u00e8 naturalmente ipoallergenico, traspirante e resistente.<\/p>\n<p>I cuscini di questo set sono regolabili. In questo modo \u00e8 possibile aggiungere o togliere l'imbottitura fino a quando non sono pi\u00f9 adatti alle proprie esigenze. Questo fa di questo set un'opzione di biancheria da letto davvero personalizzabile. Un comfort su misura per il vostro stile di sonno.<\/p>\n<p>Scegliete il pacchetto e risparmiate 10%.<\/p>","protected":false},"excerpt":{"rendered":"<p>Dormite pi\u00f9 profondamente e risparmiate di pi\u00f9 con il nostro set di biancheria da letto naturale. Questo set di biancheria da letto sostenibile comprende un coprimaterasso in lana, cuscini imbottiti di lana e un inserto per piumone invernale. Realizzata in lana 100% e cotone biologico, questa biancheria da letto atossica \u00e8 termoregolatrice, ipoallergenica e naturalmente traspirante. Acquistate il pacchetto sonno biologico e godetevi lo sconto 10% mentre vi avvolgete nella salute e nel comfort di una biancheria da letto veramente ecologica.<\/p>","protected":false},"featured_media":228533,"template":"","meta":{"_acf_changed":false},"product_brand":[],"product_cat":[248,247,60],"product_tag":[249,250,251],"class_list":{"0":"post-217529","1":"product","2":"type-product","3":"status-publish","4":"has-post-thumbnail","6":"product_cat-bundles","7":"product_cat-offers","8":"product_cat-blankets-duvets","9":"product_tag-bedding-bundles","10":"product_tag-bedding-sets","11":"product_tag-bedding-sets-queen","13":"first","14":"instock","15":"shipping-taxable","16":"purchasable","17":"product-type-variable"},"acf":[],"yoast_head":"<!-- This site is optimized with the Yoast SEO Premium plugin v27.4 (Yoast SEO v27.4) - https:\/\/yoast.com\/product\/yoast-seo-premium-wordpress\/ -->\n<title>Organic Wool Sleep Bundle: Protector + Pillows + Winter Duvet | Save 10%<\/title>\n<meta name=\"description\" content=\"Sleep deeper with our organic wool bedding bundle\u2014protector, adjustable wool pillows, winter duvet insert. Hypoallergenic, moisture-wicking. Save 10% today.\" \/>\n<meta name=\"robots\" content=\"index, follow, max-snippet:-1, max-image-preview:large, max-video-preview:-1\" \/>\n<link rel=\"canonical\" href=\"https:\/\/homeofwool.com\/it\/negozio\/biancheria-da-letto-complementare-in-bundle\/\" \/>\n<meta property=\"og:locale\" content=\"it_IT\" \/>\n<meta property=\"og:type\" content=\"article\" \/>\n<meta property=\"og:title\" content=\"Bundle: Protector + Pillow + Duvet Insert\" \/>\n<meta property=\"og:description\" content=\"Sleep deeper with our organic wool bedding bundle\u2014protector, adjustable wool pillows, winter duvet insert. Hypoallergenic, moisture-wicking. Save 10% today.\" \/>\n<meta property=\"og:url\" content=\"https:\/\/homeofwool.com\/it\/negozio\/biancheria-da-letto-complementare-in-bundle\/\" \/>\n<meta property=\"og:site_name\" content=\"Home of Wool\" \/>\n<meta property=\"article:publisher\" content=\"https:\/\/facebook.com\/HomeOfWoolOfficial\" \/>\n<meta property=\"article:modified_time\" content=\"2026-02-25T13:51:29+00:00\" \/>\n<meta property=\"og:image\" content=\"https:\/\/homeofwool.com\/wp-content\/uploads\/2025\/09\/bundle-home-ofwool-01.jpg\" \/>\n\t<meta property=\"og:image:width\" content=\"1600\" \/>\n\t<meta property=\"og:image:height\" content=\"1280\" \/>\n\t<meta property=\"og:image:type\" content=\"image\/jpeg\" \/>\n<meta name=\"twitter:card\" content=\"summary_large_image\" \/>\n<meta name=\"twitter:label1\" content=\"Tempo di lettura stimato\" \/>\n\t<meta name=\"twitter:data1\" content=\"3 minuti\" \/>\n<script type=\"application\/ld+json\" class=\"yoast-schema-graph\">{\"@context\":\"https:\\\/\\\/schema.org\",\"@graph\":[{\"@type\":\"WebPage\",\"@id\":\"https:\\\/\\\/homeofwool.com\\\/shop\\\/bundle-complementary-bedding\\\/\",\"url\":\"https:\\\/\\\/homeofwool.com\\\/shop\\\/bundle-complementary-bedding\\\/\",\"name\":\"Organic Wool Sleep Bundle: Protector + Pillows + Winter Duvet | Save 10%\",\"isPartOf\":{\"@id\":\"https:\\\/\\\/homeofwool.com\\\/#website\"},\"primaryImageOfPage\":{\"@id\":\"https:\\\/\\\/homeofwool.com\\\/shop\\\/bundle-complementary-bedding\\\/#primaryimage\"},\"image\":{\"@id\":\"https:\\\/\\\/homeofwool.com\\\/shop\\\/bundle-complementary-bedding\\\/#primaryimage\"},\"thumbnailUrl\":\"https:\\\/\\\/homeofwool.com\\\/wp-content\\\/uploads\\\/2025\\\/09\\\/bundle-home-ofwool-01.jpg\",\"datePublished\":\"2025-09-02T12:00:56+00:00\",\"dateModified\":\"2026-02-25T13:51:29+00:00\",\"description\":\"Sleep deeper with our organic wool bedding bundle\u2014protector, adjustable wool pillows, winter duvet insert. Hypoallergenic, moisture-wicking. Save 10% today.\",\"breadcrumb\":{\"@id\":\"https:\\\/\\\/homeofwool.com\\\/shop\\\/bundle-complementary-bedding\\\/#breadcrumb\"},\"inLanguage\":\"it-IT\",\"potentialAction\":[{\"@type\":\"ReadAction\",\"target\":[\"https:\\\/\\\/homeofwool.com\\\/shop\\\/bundle-complementary-bedding\\\/\"]}]},{\"@type\":\"ImageObject\",\"inLanguage\":\"it-IT\",\"@id\":\"https:\\\/\\\/homeofwool.com\\\/shop\\\/bundle-complementary-bedding\\\/#primaryimage\",\"url\":\"https:\\\/\\\/homeofwool.com\\\/wp-content\\\/uploads\\\/2025\\\/09\\\/bundle-home-ofwool-01.jpg\",\"contentUrl\":\"https:\\\/\\\/homeofwool.com\\\/wp-content\\\/uploads\\\/2025\\\/09\\\/bundle-home-ofwool-01.jpg\",\"width\":1600,\"height\":1280,\"caption\":\"home of wool duvet, protector and pillow bundle on grey background\"},{\"@type\":\"BreadcrumbList\",\"@id\":\"https:\\\/\\\/homeofwool.com\\\/shop\\\/bundle-complementary-bedding\\\/#breadcrumb\",\"itemListElement\":[{\"@type\":\"ListItem\",\"position\":1,\"name\":\"Home\",\"item\":\"https:\\\/\\\/homeofwool.com\\\/\"},{\"@type\":\"ListItem\",\"position\":2,\"name\":\"Products\",\"item\":\"https:\\\/\\\/homeofwool.com\\\/header-search-2\\\/\"},{\"@type\":\"ListItem\",\"position\":3,\"name\":\"Bundle: Protector + Pillow + Duvet Insert\"}]},{\"@type\":\"WebSite\",\"@id\":\"https:\\\/\\\/homeofwool.com\\\/#website\",\"url\":\"https:\\\/\\\/homeofwool.com\\\/\",\"name\":\"Home of Wool\",\"description\":\"\",\"publisher\":{\"@id\":\"https:\\\/\\\/homeofwool.com\\\/#organization\"},\"potentialAction\":[{\"@type\":\"SearchAction\",\"target\":{\"@type\":\"EntryPoint\",\"urlTemplate\":\"https:\\\/\\\/homeofwool.com\\\/?s={search_term_string}\"},\"query-input\":{\"@type\":\"PropertyValueSpecification\",\"valueRequired\":true,\"valueName\":\"search_term_string\"}}],\"inLanguage\":\"it-IT\"},{\"@type\":\"Organization\",\"@id\":\"https:\\\/\\\/homeofwool.com\\\/#organization\",\"name\":\"Home of Wool\",\"url\":\"https:\\\/\\\/homeofwool.com\\\/\",\"logo\":{\"@type\":\"ImageObject\",\"inLanguage\":\"it-IT\",\"@id\":\"https:\\\/\\\/homeofwool.com\\\/#\\\/schema\\\/logo\\\/image\\\/\",\"url\":\"https:\\\/\\\/homeofwool.com\\\/wp-content\\\/uploads\\\/2025\\\/09\\\/WhatsApp-Image-2025-12-02-at-16.23.20.jpeg\",\"contentUrl\":\"https:\\\/\\\/homeofwool.com\\\/wp-content\\\/uploads\\\/2025\\\/09\\\/WhatsApp-Image-2025-12-02-at-16.23.20.jpeg\",\"width\":700,\"height\":247,\"caption\":\"Home of Wool\"},\"image\":{\"@id\":\"https:\\\/\\\/homeofwool.com\\\/#\\\/schema\\\/logo\\\/image\\\/\"},\"sameAs\":[\"https:\\\/\\\/facebook.com\\\/HomeOfWoolOfficial\"]}]}<\/script>\n<!-- \/ Yoast SEO Premium plugin. -->","yoast_head_json":{"title":"Pacchetto sonno in lana biologica: Protettore + Cuscini + Piumone Invernale | Risparmio 10%","description":"Dormite pi\u00f9 profondamente con il nostro pacchetto-protettore di biancheria da letto in lana biologica, i cuscini di lana regolabili e l'inserto per il piumone invernale. Ipoallergenico, traspirante. Risparmiate oggi 10%.","robots":{"index":"index","follow":"follow","max-snippet":"max-snippet:-1","max-image-preview":"max-image-preview:large","max-video-preview":"max-video-preview:-1"},"canonical":"https:\/\/homeofwool.com\/it\/negozio\/biancheria-da-letto-complementare-in-bundle\/","og_locale":"it_IT","og_type":"article","og_title":"Bundle: Protector + Pillow + Duvet Insert","og_description":"Sleep deeper with our organic wool bedding bundle\u2014protector, adjustable wool pillows, winter duvet insert. Hypoallergenic, moisture-wicking. Save 10% today.","og_url":"https:\/\/homeofwool.com\/it\/negozio\/biancheria-da-letto-complementare-in-bundle\/","og_site_name":"Home of Wool","article_publisher":"https:\/\/facebook.com\/HomeOfWoolOfficial","article_modified_time":"2026-02-25T13:51:29+00:00","og_image":[{"width":1600,"height":1280,"url":"https:\/\/homeofwool.com\/wp-content\/uploads\/2025\/09\/bundle-home-ofwool-01.jpg","type":"image\/jpeg"}],"twitter_card":"summary_large_image","twitter_misc":{"Tempo di lettura stimato":"3 minuti"},"schema":{"@context":"https:\/\/schema.org","@graph":[{"@type":"WebPage","@id":"https:\/\/homeofwool.com\/shop\/bundle-complementary-bedding\/","url":"https:\/\/homeofwool.com\/shop\/bundle-complementary-bedding\/","name":"Pacchetto sonno in lana biologica: Protettore + Cuscini + Piumone Invernale | Risparmio 10%","isPartOf":{"@id":"https:\/\/homeofwool.com\/#website"},"primaryImageOfPage":{"@id":"https:\/\/homeofwool.com\/shop\/bundle-complementary-bedding\/#primaryimage"},"image":{"@id":"https:\/\/homeofwool.com\/shop\/bundle-complementary-bedding\/#primaryimage"},"thumbnailUrl":"https:\/\/homeofwool.com\/wp-content\/uploads\/2025\/09\/bundle-home-ofwool-01.jpg","datePublished":"2025-09-02T12:00:56+00:00","dateModified":"2026-02-25T13:51:29+00:00","description":"Dormite pi\u00f9 profondamente con il nostro pacchetto-protettore di biancheria da letto in lana biologica, i cuscini di lana regolabili e l'inserto per il piumone invernale. Ipoallergenico, traspirante. Risparmiate oggi 10%.","breadcrumb":{"@id":"https:\/\/homeofwool.com\/shop\/bundle-complementary-bedding\/#breadcrumb"},"inLanguage":"it-IT","potentialAction":[{"@type":"ReadAction","target":["https:\/\/homeofwool.com\/shop\/bundle-complementary-bedding\/"]}]},{"@type":"ImageObject","inLanguage":"it-IT","@id":"https:\/\/homeofwool.com\/shop\/bundle-complementary-bedding\/#primaryimage","url":"https:\/\/homeofwool.com\/wp-content\/uploads\/2025\/09\/bundle-home-ofwool-01.jpg","contentUrl":"https:\/\/homeofwool.com\/wp-content\/uploads\/2025\/09\/bundle-home-ofwool-01.jpg","width":1600,"height":1280,"caption":"home of wool duvet, protector and pillow bundle on grey background"},{"@type":"BreadcrumbList","@id":"https:\/\/homeofwool.com\/shop\/bundle-complementary-bedding\/#breadcrumb","itemListElement":[{"@type":"ListItem","position":1,"name":"Home","item":"https:\/\/homeofwool.com\/"},{"@type":"ListItem","position":2,"name":"Products","item":"https:\/\/homeofwool.com\/header-search-2\/"},{"@type":"ListItem","position":3,"name":"Bundle: Protector + Pillow + Duvet Insert"}]},{"@type":"WebSite","@id":"https:\/\/homeofwool.com\/#website","url":"https:\/\/homeofwool.com\/","name":"Casa della lana","description":"","publisher":{"@id":"https:\/\/homeofwool.com\/#organization"},"potentialAction":[{"@type":"SearchAction","target":{"@type":"EntryPoint","urlTemplate":"https:\/\/homeofwool.com\/?s={search_term_string}"},"query-input":{"@type":"PropertyValueSpecification","valueRequired":true,"valueName":"search_term_string"}}],"inLanguage":"it-IT"},{"@type":"Organization","@id":"https:\/\/homeofwool.com\/#organization","name":"Casa della lana","url":"https:\/\/homeofwool.com\/","logo":{"@type":"ImageObject","inLanguage":"it-IT","@id":"https:\/\/homeofwool.com\/#\/schema\/logo\/image\/","url":"https:\/\/homeofwool.com\/wp-content\/uploads\/2025\/09\/WhatsApp-Image-2025-12-02-at-16.23.20.jpeg","contentUrl":"https:\/\/homeofwool.com\/wp-content\/uploads\/2025\/09\/WhatsApp-Image-2025-12-02-at-16.23.20.jpeg","width":700,"height":247,"caption":"Home of Wool"},"image":{"@id":"https:\/\/homeofwool.com\/#\/schema\/logo\/image\/"},"sameAs":["https:\/\/facebook.com\/HomeOfWoolOfficial"]}]}},"_links":{"self":[{"href":"https:\/\/homeofwool.com\/it\/wp-json\/wp\/v2\/product\/217529","targetHints":{"allow":["GET"]}}],"collection":[{"href":"https:\/\/homeofwool.com\/it\/wp-json\/wp\/v2\/product"}],"about":[{"href":"https:\/\/homeofwool.com\/it\/wp-json\/wp\/v2\/types\/product"}],"version-history":[{"count":2,"href":"https:\/\/homeofwool.com\/it\/wp-json\/wp\/v2\/product\/217529\/revisions"}],"predecessor-version":[{"id":226752,"href":"https:\/\/homeofwool.com\/it\/wp-json\/wp\/v2\/product\/217529\/revisions\/226752"}],"wp:featuredmedia":[{"embeddable":true,"href":"https:\/\/homeofwool.com\/it\/wp-json\/wp\/v2\/media\/228533"}],"wp:attachment":[{"href":"https:\/\/homeofwool.com\/it\/wp-json\/wp\/v2\/media?parent=217529"}],"wp:term":[{"taxonomy":"product_brand","embeddable":true,"href":"https:\/\/homeofwool.com\/it\/wp-json\/wp\/v2\/product_brand?post=217529"},{"taxonomy":"product_cat","embeddable":true,"href":"https:\/\/homeofwool.com\/it\/wp-json\/wp\/v2\/product_cat?post=217529"},{"taxonomy":"product_tag","embeddable":true,"href":"https:\/\/homeofwool.com\/it\/wp-json\/wp\/v2\/product_tag?post=217529"}],"curies":[{"name":"wp","href":"https:\/\/api.w.org\/{rel}","templated":true}]}}