{"id":217516,"date":"2025-09-02T12:00:51","date_gmt":"2025-09-02T12:00:51","guid":{"rendered":"https:\/\/homeofwool.com\/?post_type=product&#038;p=217516"},"modified":"2026-03-27T08:54:15","modified_gmt":"2026-03-27T08:54:15","slug":"campioni-di-battuta","status":"publish","type":"product","link":"https:\/\/homeofwool.com\/it\/shop\/batting-samples\/","title":{"rendered":"Campioni di imbottitura in lana"},"content":{"rendered":"<p>Se sei un appassionato di quilting, fai-da-te o semplicemente una persona che apprezza i materiali artigianali di qualit\u00e0, i campioni di imbottitura in lana sono il modo perfetto per provare la nostra lana premium certificata GOTS prima di effettuare un ordine pi\u00f9 consistente. Ogni pezzo da 10 x 10 cm \u00e8 in pura lana. Senza sostanze chimiche n\u00e9 coloranti. \u00c8 sicuro per le persone che soffrono di allergie.<\/p>\n<p>La nostra lana \u00e8 traspirante e regola naturalmente la temperatura. Ha una morbidezza elastica che si adatta perfettamente a molti progetti. Da trapunte e tappezzeria a oggetti artigianali, isolamento e altro ancora.<\/p>\n<p>Offriamo tre opzioni di peso, cos\u00ec potrai scegliere lo spessore e la densit\u00e0 pi\u00f9 adatti al tuo progetto:<\/p>\n<ol>\n<li>250 gr.\/mq (7,37 oz\/yd\u00b2)<br \/>\nSpessore: 0,8 cm (3\/10\u2033)<\/li>\n<li>500 gr.\/mq (14,75 oz\/yd\u00b2)<br \/>\nSpessore: 1,6 cm (6\/10\u2033)<\/li>\n<li><del datetime=\"2025-11-21T06:30:29+00:00\">900 gr.\/m\u00b2 (1,774 libbre\/yd\u00b2)<br \/>\nSpessore: 1,5 cm (6\/10\u2033)<\/del> <em>Attualmente non disponibile<\/em><\/li>\n<\/ol>\n<p>La struttura naturale della lana garantisce un'eccellente resistenza e durata. Ma \u00e8 anche completamente biodegradabile ed ecologica.<\/p>\n<p>Che tu stia provando la sensazione al tatto di una trapunta fatta a mano o scegliendo un'imbottitura in fibra naturale per la tappezzeria, il nostro campione di imbottitura in lana ti offre un'anteprima tangibile e tattile della qualit\u00e0 che dar\u00e0 vita alle tue creazioni.<\/p>","protected":false},"excerpt":{"rendered":"<p>I nostri campioni di imbottitura in lana ti consentono di toccare con mano la differenza della lana pura certificata GOTS prima di iniziare il tuo prossimo progetto. Perfetti per chi ama il quilting, il fai da te o per chiunque sia alla ricerca di imbottiture in fibre naturali, tutti i campioni sono privi di sostanze chimiche e ideali per gli utenti sensibili.<\/p>\n<div class=\"global-icon-set\">\n<div class=\"global-icon-set__items\">\n<div class=\"global-icon-set__item\">\n<div class=\"global-icon-set__image\">\n                                    <img decoding=\"async\" src=\"https:\/\/homeofwool.com\/wp-content\/uploads\/2025\/09\/VOCs-min-300x300.png\" alt=\"voci libere\" \/>\n                                <\/div>\n<div class=\"global-icon-set__title\">Senza COV<\/div>\n<\/p><\/div>\n<div class=\"global-icon-set__item\">\n<div class=\"global-icon-set__image\">\n                                    <img decoding=\"async\" src=\"https:\/\/homeofwool.com\/wp-content\/uploads\/2025\/09\/FR-min-300x300.png\" alt=\"icona resistente al fuoco\" \/>\n                                <\/div>\n<div class=\"global-icon-set__title\">Resistente alla fiamma<\/div>\n<\/p><\/div>\n<div class=\"global-icon-set__item\">\n<div class=\"global-icon-set__image\">\n                                    <img decoding=\"async\" src=\"https:\/\/homeofwool.com\/wp-content\/uploads\/2025\/09\/Hypoallergenic-min-300x300.png\" alt=\"icona ipoallergenica\" \/>\n                                <\/div>\n<div class=\"global-icon-set__title\">Ipoallergenico<\/div>\n<\/p><\/div>\n<div class=\"global-icon-set__item\">\n<div class=\"global-icon-set__image\">\n                                    <img decoding=\"async\" src=\"https:\/\/homeofwool.com\/wp-content\/uploads\/2025\/09\/free-of-synthetics-icon-300x300.png\" alt=\"icona priva di sostanze sintetiche\" \/>\n                                <\/div>\n<div class=\"global-icon-set__title\">Privo di sostanze sintetiche<\/div>\n<\/p><\/div>\n<div class=\"global-icon-set__item\">\n<div class=\"global-icon-set__image\">\n                                    <img decoding=\"async\" src=\"https:\/\/homeofwool.com\/wp-content\/uploads\/2025\/09\/chemical-free-icon-300x300.png\" alt=\"icona senza sostanze chimiche\" \/>\n                                <\/div>\n<div class=\"global-icon-set__title\">Senza sostanze chimiche<\/div>\n<\/p><\/div>\n<div class=\"global-icon-set__item\">\n<div class=\"global-icon-set__image\">\n                                    <img decoding=\"async\" src=\"https:\/\/homeofwool.com\/wp-content\/uploads\/2025\/09\/anti-bacterial-icon-300x300.png\" alt=\"icona antibatterica\" \/>\n                                <\/div>\n<div class=\"global-icon-set__title\">Antimicrobico e antibatterico<\/div>\n<\/p><\/div>\n<\/p><\/div>\n<\/p><\/div>","protected":false},"featured_media":219260,"template":"","meta":{"_acf_changed":false},"product_brand":[],"product_cat":[253,25],"product_tag":[74,111,112,113,1370,114,115,116,117,118,119,120,121],"class_list":{"0":"post-217516","1":"product","2":"type-product","3":"status-publish","4":"has-post-thumbnail","6":"product_cat-product-samples","7":"product_cat-wool-fabrics-batting","8":"product_tag-crafts-supplies","9":"product_tag-diy-supplies","10":"product_tag-felted-wool-projects","11":"product_tag-non-toxic-stuffing","12":"product_tag-nosteps","13":"product_tag-organic-wool-batting","14":"product_tag-pure-wool-batting","15":"product_tag-quilting","16":"product_tag-quilting-supplies","17":"product_tag-stuffed-toys-filling","18":"product_tag-upholstery-batting","19":"product_tag-wadded-cushions","20":"product_tag-wool-batt-insulation","22":"first","23":"instock","24":"shipping-taxable","25":"purchasable","26":"product-type-simple"},"acf":[],"yoast_head":"<!-- This site is optimized with the Yoast SEO Premium plugin v27.4 (Yoast SEO v27.4) - https:\/\/yoast.com\/product\/yoast-seo-premium-wordpress\/ -->\n<title>100% Wool Batting Samples \u2013 Natural Fiber Stuffing | Home of Wool<\/title>\n<meta name=\"description\" content=\"Pure, breathable, and chemical-free, the Wool Batting Samples let you feel GOTS-certified wool before your project. Ideal for quilting, DIY, or natural fiber stuffing with sensitive-skin safety.\" \/>\n<meta name=\"robots\" content=\"index, follow, max-snippet:-1, max-image-preview:large, max-video-preview:-1\" \/>\n<link rel=\"canonical\" href=\"https:\/\/homeofwool.com\/it\/negozio\/campioni-di-battuta\/\" \/>\n<meta property=\"og:locale\" content=\"it_IT\" \/>\n<meta property=\"og:type\" content=\"article\" \/>\n<meta property=\"og:title\" content=\"Wool Batting Samples\" \/>\n<meta property=\"og:description\" content=\"Pure, breathable, and chemical-free, the Wool Batting Samples let you feel GOTS-certified wool before your project. Ideal for quilting, DIY, or natural fiber stuffing with sensitive-skin safety.\" \/>\n<meta property=\"og:url\" content=\"https:\/\/homeofwool.com\/it\/negozio\/campioni-di-battuta\/\" \/>\n<meta property=\"og:site_name\" content=\"Home of Wool\" \/>\n<meta property=\"article:publisher\" content=\"https:\/\/facebook.com\/HomeOfWoolOfficial\" \/>\n<meta property=\"article:modified_time\" content=\"2026-03-27T08:54:15+00:00\" \/>\n<meta property=\"og:image\" content=\"https:\/\/homeofwool.com\/wp-content\/uploads\/2025\/09\/home-of-wool-batting-sample-1-main.jpg\" \/>\n\t<meta property=\"og:image:width\" content=\"1520\" \/>\n\t<meta property=\"og:image:height\" content=\"1900\" \/>\n\t<meta property=\"og:image:type\" content=\"image\/jpeg\" \/>\n<meta name=\"twitter:card\" content=\"summary_large_image\" \/>\n<meta name=\"twitter:label1\" content=\"Tempo di lettura stimato\" \/>\n\t<meta name=\"twitter:data1\" content=\"2 minuti\" \/>\n<script type=\"application\/ld+json\" class=\"yoast-schema-graph\">{\"@context\":\"https:\\\/\\\/schema.org\",\"@graph\":[{\"@type\":\"WebPage\",\"@id\":\"https:\\\/\\\/homeofwool.com\\\/shop\\\/batting-samples\\\/\",\"url\":\"https:\\\/\\\/homeofwool.com\\\/shop\\\/batting-samples\\\/\",\"name\":\"100% Wool Batting Samples \u2013 Natural Fiber Stuffing | Home of Wool\",\"isPartOf\":{\"@id\":\"https:\\\/\\\/homeofwool.com\\\/#website\"},\"primaryImageOfPage\":{\"@id\":\"https:\\\/\\\/homeofwool.com\\\/shop\\\/batting-samples\\\/#primaryimage\"},\"image\":{\"@id\":\"https:\\\/\\\/homeofwool.com\\\/shop\\\/batting-samples\\\/#primaryimage\"},\"thumbnailUrl\":\"https:\\\/\\\/homeofwool.com\\\/wp-content\\\/uploads\\\/2025\\\/09\\\/home-of-wool-batting-sample-1-main.jpg\",\"datePublished\":\"2025-09-02T12:00:51+00:00\",\"dateModified\":\"2026-03-27T08:54:15+00:00\",\"description\":\"Pure, breathable, and chemical-free, the Wool Batting Samples let you feel GOTS-certified wool before your project. Ideal for quilting, DIY, or natural fiber stuffing with sensitive-skin safety.\",\"breadcrumb\":{\"@id\":\"https:\\\/\\\/homeofwool.com\\\/shop\\\/batting-samples\\\/#breadcrumb\"},\"inLanguage\":\"it-IT\",\"potentialAction\":[{\"@type\":\"ReadAction\",\"target\":[\"https:\\\/\\\/homeofwool.com\\\/shop\\\/batting-samples\\\/\"]}]},{\"@type\":\"ImageObject\",\"inLanguage\":\"it-IT\",\"@id\":\"https:\\\/\\\/homeofwool.com\\\/shop\\\/batting-samples\\\/#primaryimage\",\"url\":\"https:\\\/\\\/homeofwool.com\\\/wp-content\\\/uploads\\\/2025\\\/09\\\/home-of-wool-batting-sample-1-main.jpg\",\"contentUrl\":\"https:\\\/\\\/homeofwool.com\\\/wp-content\\\/uploads\\\/2025\\\/09\\\/home-of-wool-batting-sample-1-main.jpg\",\"width\":1520,\"height\":1900,\"caption\":\"home of wool batting samples\"},{\"@type\":\"BreadcrumbList\",\"@id\":\"https:\\\/\\\/homeofwool.com\\\/shop\\\/batting-samples\\\/#breadcrumb\",\"itemListElement\":[{\"@type\":\"ListItem\",\"position\":1,\"name\":\"Home\",\"item\":\"https:\\\/\\\/homeofwool.com\\\/\"},{\"@type\":\"ListItem\",\"position\":2,\"name\":\"Products\",\"item\":\"https:\\\/\\\/homeofwool.com\\\/header-search-2\\\/\"},{\"@type\":\"ListItem\",\"position\":3,\"name\":\"Wool Batting Samples\"}]},{\"@type\":\"WebSite\",\"@id\":\"https:\\\/\\\/homeofwool.com\\\/#website\",\"url\":\"https:\\\/\\\/homeofwool.com\\\/\",\"name\":\"Home of Wool\",\"description\":\"\",\"publisher\":{\"@id\":\"https:\\\/\\\/homeofwool.com\\\/#organization\"},\"potentialAction\":[{\"@type\":\"SearchAction\",\"target\":{\"@type\":\"EntryPoint\",\"urlTemplate\":\"https:\\\/\\\/homeofwool.com\\\/?s={search_term_string}\"},\"query-input\":{\"@type\":\"PropertyValueSpecification\",\"valueRequired\":true,\"valueName\":\"search_term_string\"}}],\"inLanguage\":\"it-IT\"},{\"@type\":\"Organization\",\"@id\":\"https:\\\/\\\/homeofwool.com\\\/#organization\",\"name\":\"Home of Wool\",\"url\":\"https:\\\/\\\/homeofwool.com\\\/\",\"logo\":{\"@type\":\"ImageObject\",\"inLanguage\":\"it-IT\",\"@id\":\"https:\\\/\\\/homeofwool.com\\\/#\\\/schema\\\/logo\\\/image\\\/\",\"url\":\"https:\\\/\\\/homeofwool.com\\\/wp-content\\\/uploads\\\/2025\\\/09\\\/WhatsApp-Image-2025-12-02-at-16.23.20.jpeg\",\"contentUrl\":\"https:\\\/\\\/homeofwool.com\\\/wp-content\\\/uploads\\\/2025\\\/09\\\/WhatsApp-Image-2025-12-02-at-16.23.20.jpeg\",\"width\":700,\"height\":247,\"caption\":\"Home of Wool\"},\"image\":{\"@id\":\"https:\\\/\\\/homeofwool.com\\\/#\\\/schema\\\/logo\\\/image\\\/\"},\"sameAs\":[\"https:\\\/\\\/facebook.com\\\/HomeOfWoolOfficial\"]}]}<\/script>\n<!-- \/ Yoast SEO Premium plugin. -->","yoast_head_json":{"title":"Campioni di imbottitura in lana 100% \u2013 Imbottitura in fibra naturale | Home of Wool","description":"Puri, traspiranti e privi di sostanze chimiche, i campioni di imbottitura in lana ti consentono di toccare con mano la lana certificata GOTS prima di iniziare il tuo progetto. Ideali per trapunte, fai da te o imbottiture in fibra naturale, sono sicuri anche per le pelli sensibili.","robots":{"index":"index","follow":"follow","max-snippet":"max-snippet:-1","max-image-preview":"max-image-preview:large","max-video-preview":"max-video-preview:-1"},"canonical":"https:\/\/homeofwool.com\/it\/negozio\/campioni-di-battuta\/","og_locale":"it_IT","og_type":"article","og_title":"Wool Batting Samples","og_description":"Pure, breathable, and chemical-free, the Wool Batting Samples let you feel GOTS-certified wool before your project. Ideal for quilting, DIY, or natural fiber stuffing with sensitive-skin safety.","og_url":"https:\/\/homeofwool.com\/it\/negozio\/campioni-di-battuta\/","og_site_name":"Home of Wool","article_publisher":"https:\/\/facebook.com\/HomeOfWoolOfficial","article_modified_time":"2026-03-27T08:54:15+00:00","og_image":[{"width":1520,"height":1900,"url":"https:\/\/homeofwool.com\/wp-content\/uploads\/2025\/09\/home-of-wool-batting-sample-1-main.jpg","type":"image\/jpeg"}],"twitter_card":"summary_large_image","twitter_misc":{"Tempo di lettura stimato":"2 minuti"},"schema":{"@context":"https:\/\/schema.org","@graph":[{"@type":"WebPage","@id":"https:\/\/homeofwool.com\/shop\/batting-samples\/","url":"https:\/\/homeofwool.com\/shop\/batting-samples\/","name":"Campioni di imbottitura in lana 100% \u2013 Imbottitura in fibra naturale | Home of Wool","isPartOf":{"@id":"https:\/\/homeofwool.com\/#website"},"primaryImageOfPage":{"@id":"https:\/\/homeofwool.com\/shop\/batting-samples\/#primaryimage"},"image":{"@id":"https:\/\/homeofwool.com\/shop\/batting-samples\/#primaryimage"},"thumbnailUrl":"https:\/\/homeofwool.com\/wp-content\/uploads\/2025\/09\/home-of-wool-batting-sample-1-main.jpg","datePublished":"2025-09-02T12:00:51+00:00","dateModified":"2026-03-27T08:54:15+00:00","description":"Puri, traspiranti e privi di sostanze chimiche, i campioni di imbottitura in lana ti consentono di toccare con mano la lana certificata GOTS prima di iniziare il tuo progetto. Ideali per trapunte, fai da te o imbottiture in fibra naturale, sono sicuri anche per le pelli sensibili.","breadcrumb":{"@id":"https:\/\/homeofwool.com\/shop\/batting-samples\/#breadcrumb"},"inLanguage":"it-IT","potentialAction":[{"@type":"ReadAction","target":["https:\/\/homeofwool.com\/shop\/batting-samples\/"]}]},{"@type":"ImageObject","inLanguage":"it-IT","@id":"https:\/\/homeofwool.com\/shop\/batting-samples\/#primaryimage","url":"https:\/\/homeofwool.com\/wp-content\/uploads\/2025\/09\/home-of-wool-batting-sample-1-main.jpg","contentUrl":"https:\/\/homeofwool.com\/wp-content\/uploads\/2025\/09\/home-of-wool-batting-sample-1-main.jpg","width":1520,"height":1900,"caption":"home of wool batting samples"},{"@type":"BreadcrumbList","@id":"https:\/\/homeofwool.com\/shop\/batting-samples\/#breadcrumb","itemListElement":[{"@type":"ListItem","position":1,"name":"Home","item":"https:\/\/homeofwool.com\/"},{"@type":"ListItem","position":2,"name":"Products","item":"https:\/\/homeofwool.com\/header-search-2\/"},{"@type":"ListItem","position":3,"name":"Wool Batting Samples"}]},{"@type":"WebSite","@id":"https:\/\/homeofwool.com\/#website","url":"https:\/\/homeofwool.com\/","name":"Casa della lana","description":"","publisher":{"@id":"https:\/\/homeofwool.com\/#organization"},"potentialAction":[{"@type":"SearchAction","target":{"@type":"EntryPoint","urlTemplate":"https:\/\/homeofwool.com\/?s={search_term_string}"},"query-input":{"@type":"PropertyValueSpecification","valueRequired":true,"valueName":"search_term_string"}}],"inLanguage":"it-IT"},{"@type":"Organization","@id":"https:\/\/homeofwool.com\/#organization","name":"Casa della lana","url":"https:\/\/homeofwool.com\/","logo":{"@type":"ImageObject","inLanguage":"it-IT","@id":"https:\/\/homeofwool.com\/#\/schema\/logo\/image\/","url":"https:\/\/homeofwool.com\/wp-content\/uploads\/2025\/09\/WhatsApp-Image-2025-12-02-at-16.23.20.jpeg","contentUrl":"https:\/\/homeofwool.com\/wp-content\/uploads\/2025\/09\/WhatsApp-Image-2025-12-02-at-16.23.20.jpeg","width":700,"height":247,"caption":"Home of Wool"},"image":{"@id":"https:\/\/homeofwool.com\/#\/schema\/logo\/image\/"},"sameAs":["https:\/\/facebook.com\/HomeOfWoolOfficial"]}]}},"_links":{"self":[{"href":"https:\/\/homeofwool.com\/it\/wp-json\/wp\/v2\/product\/217516","targetHints":{"allow":["GET"]}}],"collection":[{"href":"https:\/\/homeofwool.com\/it\/wp-json\/wp\/v2\/product"}],"about":[{"href":"https:\/\/homeofwool.com\/it\/wp-json\/wp\/v2\/types\/product"}],"version-history":[{"count":2,"href":"https:\/\/homeofwool.com\/it\/wp-json\/wp\/v2\/product\/217516\/revisions"}],"predecessor-version":[{"id":229095,"href":"https:\/\/homeofwool.com\/it\/wp-json\/wp\/v2\/product\/217516\/revisions\/229095"}],"wp:featuredmedia":[{"embeddable":true,"href":"https:\/\/homeofwool.com\/it\/wp-json\/wp\/v2\/media\/219260"}],"wp:attachment":[{"href":"https:\/\/homeofwool.com\/it\/wp-json\/wp\/v2\/media?parent=217516"}],"wp:term":[{"taxonomy":"product_brand","embeddable":true,"href":"https:\/\/homeofwool.com\/it\/wp-json\/wp\/v2\/product_brand?post=217516"},{"taxonomy":"product_cat","embeddable":true,"href":"https:\/\/homeofwool.com\/it\/wp-json\/wp\/v2\/product_cat?post=217516"},{"taxonomy":"product_tag","embeddable":true,"href":"https:\/\/homeofwool.com\/it\/wp-json\/wp\/v2\/product_tag?post=217516"}],"curies":[{"name":"wp","href":"https:\/\/api.w.org\/{rel}","templated":true}]}}