{"id":217512,"date":"2025-09-02T12:00:51","date_gmt":"2025-09-02T12:00:51","guid":{"rendered":"https:\/\/homeofwool.com\/?post_type=product&#038;p=217512"},"modified":"2026-01-15T12:43:18","modified_gmt":"2026-01-15T12:43:18","slug":"cotone-certificato-gots","status":"publish","type":"product","link":"https:\/\/homeofwool.com\/it\/shop\/gots-certified-cotton\/","title":{"rendered":"Tessuto in cotone 100% \u2013 Pesante"},"content":{"rendered":"<p>Realizzato con fibre pure, questo tessuto in cotone biologico \u00e8 progettato per conferire resistenza, comfort e bellezza naturale ai vostri progetti per la casa. Con un peso di 320 g\/m\u00b2 (9,44 oz\/yd\u00b2), questo tessuto in cotone pesante \u00e8 abbastanza robusto da poter essere utilizzato per tappezzeria, coprimaterassi e cuscini, ma anche abbastanza traspirante e delicato da poter essere utilizzato per cuscini, cuscini decorativi o altri complementi d'arredo. Poich\u00e9 si tratta di un tessuto privo di sostanze chimiche e coloranti, puoi stare certo che \u00e8 sicuro per le pelli sensibili. \u00c8 perfetto per i bambini e le persone che soffrono di allergie. Un sogno che diventa realt\u00e0 per chiunque apprezzi uno stile di vita pulito e privo di tossine.<\/p>\n<p>Il tessuto \u00e8 extra largo, 230 cm (90\u201d). Ci\u00f2 significa che ne avrai a disposizione in abbondanza, indipendentemente dalle dimensioni del tuo progetto. Ogni ordine viene fornito come tessuto tagliato su misura in un unico pezzo continuo, rendendolo ideale per creazioni senza cuciture e vari progetti fai da te in tessuto di cotone.<\/p>\n<p>Dopo ogni lavaggio \u00e8 normale che il tessuto si sgualcisca leggermente. La prima volta che lo lavi, tieni conto che potrebbe restringersi leggermente in lunghezza. Se desideri provare il tessuto prima di ordinare un pezzo pi\u00f9 grande, puoi acquistare un piccolo campione.<\/p>","protected":false},"excerpt":{"rendered":"<p>Resistente e durevole, questo tessuto di cotone pesante \u00e8 perfetto per tappezzeria, cuscini e biancheria da letto. Realizzato in cotone certificato GOTS, \u00e8 privo di sostanze chimiche e coloranti, rendendolo sicuro per le pelli sensibili e le case eco-consapevoli.<\/p>\n<p><strong>Peso:<\/strong> 320 g\/m\u00b2 \/ 9,44 oz\/yd\u00b2<br \/>\n<strong>Larghezza: <\/strong>230 cm (90\u201d)<\/p>\n<p>Taglieremo qualsiasi quantit\u00e0 ordinata in un unico pezzo lungo.<\/p>\n<div class=\"global-icon-set\">\n<div class=\"global-icon-set__items\">\n<div class=\"global-icon-set__item\">\n<div class=\"global-icon-set__image\">\n                                    <img decoding=\"async\" src=\"https:\/\/homeofwool.com\/wp-content\/uploads\/2025\/09\/VOCs-min-300x300.png\" alt=\"voci libere\" \/>\n                                <\/div>\n<div class=\"global-icon-set__title\">Senza COV<\/div>\n<\/p><\/div>\n<div class=\"global-icon-set__item\">\n<div class=\"global-icon-set__image\">\n                                    <img decoding=\"async\" src=\"https:\/\/homeofwool.com\/wp-content\/uploads\/2025\/09\/free-of-synthetics-icon-300x300.png\" alt=\"icona priva di sostanze sintetiche\" \/>\n                                <\/div>\n<div class=\"global-icon-set__title\">Privo di sostanze sintetiche<\/div>\n<\/p><\/div>\n<div class=\"global-icon-set__item\">\n<div class=\"global-icon-set__image\">\n                                    <img decoding=\"async\" src=\"https:\/\/homeofwool.com\/wp-content\/uploads\/2025\/09\/chemical-free-icon-300x300.png\" alt=\"icona senza sostanze chimiche\" \/>\n                                <\/div>\n<div class=\"global-icon-set__title\">Senza sostanze chimiche<\/div>\n<\/p><\/div>\n<\/p><\/div>\n<\/p><\/div>","protected":false},"featured_media":227324,"template":"","meta":{"_acf_changed":false},"product_brand":[],"product_cat":[25],"product_tag":[261,262,85,86,263,94,95],"class_list":{"0":"post-217512","1":"product","2":"type-product","3":"status-publish","4":"has-post-thumbnail","6":"product_cat-wool-fabrics-batting","7":"product_tag-cotton-fabric-by-the-yard","8":"product_tag-cotton-fabric-for-applique","9":"product_tag-craft-supplies","10":"product_tag-eco-friendly-textile","11":"product_tag-pure-cotton-fabric","12":"product_tag-sewing-supply","13":"product_tag-undyed-fibers","15":"first","16":"instock","17":"shipping-taxable","18":"purchasable","19":"product-type-variable"},"acf":[],"yoast_head":"<!-- This site is optimized with the Yoast SEO Premium plugin v27.3 (Yoast SEO v27.3) - https:\/\/yoast.com\/product\/yoast-seo-premium-wordpress\/ -->\n<title>Cotton Fabric \u2013 Heavyweight, GOTS Certified, Cut-to-size | Home of Wool<\/title>\n<meta name=\"description\" content=\"Sturdy, natural cotton fabric, heavyweight, breathable, and safe for sensitive skin. Great for upholstery, bedding, cushions, and toxin-free DIY creations.\" \/>\n<meta name=\"robots\" content=\"index, follow, max-snippet:-1, max-image-preview:large, max-video-preview:-1\" \/>\n<link rel=\"canonical\" href=\"https:\/\/homeofwool.com\/it\/negozio\/cotone-certificato-gots\/\" \/>\n<meta property=\"og:locale\" content=\"it_IT\" \/>\n<meta property=\"og:type\" content=\"article\" \/>\n<meta property=\"og:title\" content=\"100% Cotton Fabric \u2013 Heavyweight\" \/>\n<meta property=\"og:description\" content=\"Sturdy, natural cotton fabric, heavyweight, breathable, and safe for sensitive skin. Great for upholstery, bedding, cushions, and toxin-free DIY creations.\" \/>\n<meta property=\"og:url\" content=\"https:\/\/homeofwool.com\/it\/negozio\/cotone-certificato-gots\/\" \/>\n<meta property=\"og:site_name\" content=\"Home of Wool\" \/>\n<meta property=\"article:publisher\" content=\"https:\/\/facebook.com\/HomeOfWoolOfficial\" \/>\n<meta property=\"article:modified_time\" content=\"2026-01-15T12:43:18+00:00\" \/>\n<meta property=\"og:image\" content=\"https:\/\/homeofwool.com\/wp-content\/uploads\/2025\/09\/home-of-wool-100-cotton-fabric-heavyweight-1.jpg\" \/>\n\t<meta property=\"og:image:width\" content=\"2000\" \/>\n\t<meta property=\"og:image:height\" content=\"1599\" \/>\n\t<meta property=\"og:image:type\" content=\"image\/jpeg\" \/>\n<meta name=\"twitter:card\" content=\"summary_large_image\" \/>\n<meta name=\"twitter:label1\" content=\"Tempo di lettura stimato\" \/>\n\t<meta name=\"twitter:data1\" content=\"1 minuto\" \/>\n<script type=\"application\/ld+json\" class=\"yoast-schema-graph\">{\"@context\":\"https:\\\/\\\/schema.org\",\"@graph\":[{\"@type\":\"WebPage\",\"@id\":\"https:\\\/\\\/homeofwool.com\\\/shop\\\/gots-certified-cotton\\\/\",\"url\":\"https:\\\/\\\/homeofwool.com\\\/shop\\\/gots-certified-cotton\\\/\",\"name\":\"Cotton Fabric \u2013 Heavyweight, GOTS Certified, Cut-to-size | Home of Wool\",\"isPartOf\":{\"@id\":\"https:\\\/\\\/homeofwool.com\\\/#website\"},\"primaryImageOfPage\":{\"@id\":\"https:\\\/\\\/homeofwool.com\\\/shop\\\/gots-certified-cotton\\\/#primaryimage\"},\"image\":{\"@id\":\"https:\\\/\\\/homeofwool.com\\\/shop\\\/gots-certified-cotton\\\/#primaryimage\"},\"thumbnailUrl\":\"https:\\\/\\\/homeofwool.com\\\/wp-content\\\/uploads\\\/2025\\\/09\\\/home-of-wool-100-cotton-fabric-heavyweight-1.jpg\",\"datePublished\":\"2025-09-02T12:00:51+00:00\",\"dateModified\":\"2026-01-15T12:43:18+00:00\",\"description\":\"Sturdy, natural cotton fabric, heavyweight, breathable, and safe for sensitive skin. Great for upholstery, bedding, cushions, and toxin-free DIY creations.\",\"breadcrumb\":{\"@id\":\"https:\\\/\\\/homeofwool.com\\\/shop\\\/gots-certified-cotton\\\/#breadcrumb\"},\"inLanguage\":\"it-IT\",\"potentialAction\":[{\"@type\":\"ReadAction\",\"target\":[\"https:\\\/\\\/homeofwool.com\\\/shop\\\/gots-certified-cotton\\\/\"]}]},{\"@type\":\"ImageObject\",\"inLanguage\":\"it-IT\",\"@id\":\"https:\\\/\\\/homeofwool.com\\\/shop\\\/gots-certified-cotton\\\/#primaryimage\",\"url\":\"https:\\\/\\\/homeofwool.com\\\/wp-content\\\/uploads\\\/2025\\\/09\\\/home-of-wool-100-cotton-fabric-heavyweight-1.jpg\",\"contentUrl\":\"https:\\\/\\\/homeofwool.com\\\/wp-content\\\/uploads\\\/2025\\\/09\\\/home-of-wool-100-cotton-fabric-heavyweight-1.jpg\",\"width\":2000,\"height\":1599},{\"@type\":\"BreadcrumbList\",\"@id\":\"https:\\\/\\\/homeofwool.com\\\/shop\\\/gots-certified-cotton\\\/#breadcrumb\",\"itemListElement\":[{\"@type\":\"ListItem\",\"position\":1,\"name\":\"Home\",\"item\":\"https:\\\/\\\/homeofwool.com\\\/\"},{\"@type\":\"ListItem\",\"position\":2,\"name\":\"Products\",\"item\":\"https:\\\/\\\/homeofwool.com\\\/header-search-2\\\/\"},{\"@type\":\"ListItem\",\"position\":3,\"name\":\"100% Cotton Fabric \u2013 Heavyweight\"}]},{\"@type\":\"WebSite\",\"@id\":\"https:\\\/\\\/homeofwool.com\\\/#website\",\"url\":\"https:\\\/\\\/homeofwool.com\\\/\",\"name\":\"Home of Wool\",\"description\":\"\",\"publisher\":{\"@id\":\"https:\\\/\\\/homeofwool.com\\\/#organization\"},\"potentialAction\":[{\"@type\":\"SearchAction\",\"target\":{\"@type\":\"EntryPoint\",\"urlTemplate\":\"https:\\\/\\\/homeofwool.com\\\/?s={search_term_string}\"},\"query-input\":{\"@type\":\"PropertyValueSpecification\",\"valueRequired\":true,\"valueName\":\"search_term_string\"}}],\"inLanguage\":\"it-IT\"},{\"@type\":\"Organization\",\"@id\":\"https:\\\/\\\/homeofwool.com\\\/#organization\",\"name\":\"Home of Wool\",\"url\":\"https:\\\/\\\/homeofwool.com\\\/\",\"logo\":{\"@type\":\"ImageObject\",\"inLanguage\":\"it-IT\",\"@id\":\"https:\\\/\\\/homeofwool.com\\\/#\\\/schema\\\/logo\\\/image\\\/\",\"url\":\"https:\\\/\\\/homeofwool.com\\\/wp-content\\\/uploads\\\/2025\\\/09\\\/WhatsApp-Image-2025-12-02-at-16.23.20.jpeg\",\"contentUrl\":\"https:\\\/\\\/homeofwool.com\\\/wp-content\\\/uploads\\\/2025\\\/09\\\/WhatsApp-Image-2025-12-02-at-16.23.20.jpeg\",\"width\":700,\"height\":247,\"caption\":\"Home of Wool\"},\"image\":{\"@id\":\"https:\\\/\\\/homeofwool.com\\\/#\\\/schema\\\/logo\\\/image\\\/\"},\"sameAs\":[\"https:\\\/\\\/facebook.com\\\/HomeOfWoolOfficial\"]}]}<\/script>\n<!-- \/ Yoast SEO Premium plugin. -->","yoast_head_json":{"title":"Tessuto in cotone \u2013 Pesante, certificato GOTS, tagliato su misura | Home of Wool","description":"Tessuto in cotone naturale resistente, pesante, traspirante e sicuro per le pelli sensibili. Ottimo per tappezzeria, biancheria da letto, cuscini e creazioni fai da te prive di sostanze tossiche.","robots":{"index":"index","follow":"follow","max-snippet":"max-snippet:-1","max-image-preview":"max-image-preview:large","max-video-preview":"max-video-preview:-1"},"canonical":"https:\/\/homeofwool.com\/it\/negozio\/cotone-certificato-gots\/","og_locale":"it_IT","og_type":"article","og_title":"100% Cotton Fabric \u2013 Heavyweight","og_description":"Sturdy, natural cotton fabric, heavyweight, breathable, and safe for sensitive skin. Great for upholstery, bedding, cushions, and toxin-free DIY creations.","og_url":"https:\/\/homeofwool.com\/it\/negozio\/cotone-certificato-gots\/","og_site_name":"Home of Wool","article_publisher":"https:\/\/facebook.com\/HomeOfWoolOfficial","article_modified_time":"2026-01-15T12:43:18+00:00","og_image":[{"width":2000,"height":1599,"url":"https:\/\/homeofwool.com\/wp-content\/uploads\/2025\/09\/home-of-wool-100-cotton-fabric-heavyweight-1.jpg","type":"image\/jpeg"}],"twitter_card":"summary_large_image","twitter_misc":{"Tempo di lettura stimato":"1 minuto"},"schema":{"@context":"https:\/\/schema.org","@graph":[{"@type":"WebPage","@id":"https:\/\/homeofwool.com\/shop\/gots-certified-cotton\/","url":"https:\/\/homeofwool.com\/shop\/gots-certified-cotton\/","name":"Tessuto in cotone \u2013 Pesante, certificato GOTS, tagliato su misura | Home of Wool","isPartOf":{"@id":"https:\/\/homeofwool.com\/#website"},"primaryImageOfPage":{"@id":"https:\/\/homeofwool.com\/shop\/gots-certified-cotton\/#primaryimage"},"image":{"@id":"https:\/\/homeofwool.com\/shop\/gots-certified-cotton\/#primaryimage"},"thumbnailUrl":"https:\/\/homeofwool.com\/wp-content\/uploads\/2025\/09\/home-of-wool-100-cotton-fabric-heavyweight-1.jpg","datePublished":"2025-09-02T12:00:51+00:00","dateModified":"2026-01-15T12:43:18+00:00","description":"Tessuto in cotone naturale resistente, pesante, traspirante e sicuro per le pelli sensibili. Ottimo per tappezzeria, biancheria da letto, cuscini e creazioni fai da te prive di sostanze tossiche.","breadcrumb":{"@id":"https:\/\/homeofwool.com\/shop\/gots-certified-cotton\/#breadcrumb"},"inLanguage":"it-IT","potentialAction":[{"@type":"ReadAction","target":["https:\/\/homeofwool.com\/shop\/gots-certified-cotton\/"]}]},{"@type":"ImageObject","inLanguage":"it-IT","@id":"https:\/\/homeofwool.com\/shop\/gots-certified-cotton\/#primaryimage","url":"https:\/\/homeofwool.com\/wp-content\/uploads\/2025\/09\/home-of-wool-100-cotton-fabric-heavyweight-1.jpg","contentUrl":"https:\/\/homeofwool.com\/wp-content\/uploads\/2025\/09\/home-of-wool-100-cotton-fabric-heavyweight-1.jpg","width":2000,"height":1599},{"@type":"BreadcrumbList","@id":"https:\/\/homeofwool.com\/shop\/gots-certified-cotton\/#breadcrumb","itemListElement":[{"@type":"ListItem","position":1,"name":"Home","item":"https:\/\/homeofwool.com\/"},{"@type":"ListItem","position":2,"name":"Products","item":"https:\/\/homeofwool.com\/header-search-2\/"},{"@type":"ListItem","position":3,"name":"100% Cotton Fabric \u2013 Heavyweight"}]},{"@type":"WebSite","@id":"https:\/\/homeofwool.com\/#website","url":"https:\/\/homeofwool.com\/","name":"Casa della lana","description":"","publisher":{"@id":"https:\/\/homeofwool.com\/#organization"},"potentialAction":[{"@type":"SearchAction","target":{"@type":"EntryPoint","urlTemplate":"https:\/\/homeofwool.com\/?s={search_term_string}"},"query-input":{"@type":"PropertyValueSpecification","valueRequired":true,"valueName":"search_term_string"}}],"inLanguage":"it-IT"},{"@type":"Organization","@id":"https:\/\/homeofwool.com\/#organization","name":"Casa della lana","url":"https:\/\/homeofwool.com\/","logo":{"@type":"ImageObject","inLanguage":"it-IT","@id":"https:\/\/homeofwool.com\/#\/schema\/logo\/image\/","url":"https:\/\/homeofwool.com\/wp-content\/uploads\/2025\/09\/WhatsApp-Image-2025-12-02-at-16.23.20.jpeg","contentUrl":"https:\/\/homeofwool.com\/wp-content\/uploads\/2025\/09\/WhatsApp-Image-2025-12-02-at-16.23.20.jpeg","width":700,"height":247,"caption":"Home of Wool"},"image":{"@id":"https:\/\/homeofwool.com\/#\/schema\/logo\/image\/"},"sameAs":["https:\/\/facebook.com\/HomeOfWoolOfficial"]}]}},"_links":{"self":[{"href":"https:\/\/homeofwool.com\/it\/wp-json\/wp\/v2\/product\/217512","targetHints":{"allow":["GET"]}}],"collection":[{"href":"https:\/\/homeofwool.com\/it\/wp-json\/wp\/v2\/product"}],"about":[{"href":"https:\/\/homeofwool.com\/it\/wp-json\/wp\/v2\/types\/product"}],"version-history":[{"count":1,"href":"https:\/\/homeofwool.com\/it\/wp-json\/wp\/v2\/product\/217512\/revisions"}],"predecessor-version":[{"id":227329,"href":"https:\/\/homeofwool.com\/it\/wp-json\/wp\/v2\/product\/217512\/revisions\/227329"}],"wp:featuredmedia":[{"embeddable":true,"href":"https:\/\/homeofwool.com\/it\/wp-json\/wp\/v2\/media\/227324"}],"wp:attachment":[{"href":"https:\/\/homeofwool.com\/it\/wp-json\/wp\/v2\/media?parent=217512"}],"wp:term":[{"taxonomy":"product_brand","embeddable":true,"href":"https:\/\/homeofwool.com\/it\/wp-json\/wp\/v2\/product_brand?post=217512"},{"taxonomy":"product_cat","embeddable":true,"href":"https:\/\/homeofwool.com\/it\/wp-json\/wp\/v2\/product_cat?post=217512"},{"taxonomy":"product_tag","embeddable":true,"href":"https:\/\/homeofwool.com\/it\/wp-json\/wp\/v2\/product_tag?post=217512"}],"curies":[{"name":"wp","href":"https:\/\/api.w.org\/{rel}","templated":true}]}}