{"id":217511,"date":"2025-09-02T12:00:51","date_gmt":"2025-09-02T12:00:51","guid":{"rendered":"https:\/\/homeofwool.com\/?post_type=product&#038;p=217511"},"modified":"2026-01-26T17:54:03","modified_gmt":"2026-01-26T17:54:03","slug":"tessuto-di-seta-di-gelso","status":"publish","type":"product","link":"https:\/\/homeofwool.com\/it\/shop\/mulberry-silk-fabric\/","title":{"rendered":"Tessuto in seta di gelso 100% \u2013 Perla"},"content":{"rendered":"<p>Il nostro tessuto di seta Mulberry 100% \u00e8 la vera espressione del lusso sostenibile. Tessuto con le migliori fibre di seta naturale, offre una lucentezza morbida ma non scivolosa. Completamente privo di rivestimenti e finiture chimiche, questo lussuoso tessuto di seta mantiene intatti i suoi aminoacidi essenziali. Questi sono noti per promuovere la salute della pelle e dei capelli. Sono anche considerati calmanti per il sistema nervoso.<\/p>\n<p>La seta naturale \u00e8 un tessuto resistente agli acari della polvere. Ecco perch\u00e9 \u00e8 una scelta affidabile per la biancheria da letto di persone che soffrono di asma, allergie o sensibilit\u00e0. Aiuta anche a regolare la temperatura corporea e riduce l'accumulo di umidit\u00e0. In questo modo potrete dire addio al surriscaldamento e dare il benvenuto a notti fresche e rigeneranti. Per generazioni, le persone hanno creduto nei benefici della seta per la bellezza. Oggi la scienza ne conferma il ruolo nel ringiovanimento della pelle e nella riduzione della rottura dei capelli.<\/p>\n<p>Disponibile in seta tagliata su misura, \u00e8 possibile ordinare esattamente la lunghezza necessaria per progetti che vanno dalle federe e lenzuola di seta agli eleganti capi di moda. La larghezza \u00e8 di 150 cm (59\u2033). Se siete alla ricerca di seta con benefici per la pelle, questo tessuto \u00e8 un perfetto equilibrio tra benessere, comfort e stile senza tempo.<\/p>","protected":false},"excerpt":{"rendered":"<p>Scoprite la bellezza senza tempo del nostro tessuto in seta di gelso nella sua forma pi\u00f9 pura. Questa seta naturale 100% \u00e8 lussuosamente morbida, naturalmente ipoallergenica e delicata sia sulla pelle che sui capelli. Ideale per biancheria da letto, moda o progetti per la casa, dona eleganza favorendo al contempo un sonno migliore e il benessere generale.<\/p>\n<div class=\"global-icon-set\">\n<div class=\"global-icon-set__items\">\n<div class=\"global-icon-set__item\">\n<div class=\"global-icon-set__image\">\n                                    <img decoding=\"async\" src=\"https:\/\/homeofwool.com\/wp-content\/uploads\/2025\/09\/VOCs-min-300x300.png\" alt=\"voci libere\" \/>\n                                <\/div>\n<div class=\"global-icon-set__title\">Senza COV<\/div>\n<\/p><\/div>\n<div class=\"global-icon-set__item\">\n<div class=\"global-icon-set__image\">\n                                    <img decoding=\"async\" src=\"https:\/\/homeofwool.com\/wp-content\/uploads\/2025\/09\/Hypoallergenic-min-300x300.png\" alt=\"icona ipoallergenica\" \/>\n                                <\/div>\n<div class=\"global-icon-set__title\">Ipoallergenico<\/div>\n<\/p><\/div>\n<div class=\"global-icon-set__item\">\n<div class=\"global-icon-set__image\">\n                                    <img decoding=\"async\" src=\"https:\/\/homeofwool.com\/wp-content\/uploads\/2025\/09\/free-of-synthetics-icon-300x300.png\" alt=\"icona priva di sostanze sintetiche\" \/>\n                                <\/div>\n<div class=\"global-icon-set__title\">Privo di sostanze sintetiche<\/div>\n<\/p><\/div>\n<div class=\"global-icon-set__item\">\n<div class=\"global-icon-set__image\">\n                                    <img decoding=\"async\" src=\"https:\/\/homeofwool.com\/wp-content\/uploads\/2025\/09\/chemical-free-icon-300x300.png\" alt=\"icona senza sostanze chimiche\" \/>\n                                <\/div>\n<div class=\"global-icon-set__title\">Senza sostanze chimiche<\/div>\n<\/p><\/div>\n<div class=\"global-icon-set__item\">\n<div class=\"global-icon-set__image\">\n                                    <img decoding=\"async\" src=\"https:\/\/homeofwool.com\/wp-content\/uploads\/2025\/09\/anti-bacterial-icon-300x300.png\" alt=\"icona antibatterica\" \/>\n                                <\/div>\n<div class=\"global-icon-set__title\">Antimicrobico e antibatterico<\/div>\n<\/p><\/div>\n<\/p><\/div>\n<\/p><\/div>","protected":false},"featured_media":219394,"template":"","meta":{"_acf_changed":false},"product_brand":[],"product_cat":[25],"product_tag":[100,85,86,101,102,103,104,94,105,106],"class_list":{"0":"post-217511","1":"product","2":"type-product","3":"status-publish","4":"has-post-thumbnail","6":"product_cat-wool-fabrics-batting","7":"product_tag-by-the-yard-or-metre","8":"product_tag-craft-supplies","9":"product_tag-eco-friendly-textile","10":"product_tag-luxury-silk","11":"product_tag-mulberry-silk-fabric","12":"product_tag-organic-fiber","13":"product_tag-pure-silk-fabric","14":"product_tag-sewing-supply","15":"product_tag-unbleached-undyed","16":"product_tag-washed-silk-fabric","18":"first","19":"instock","20":"shipping-taxable","21":"purchasable","22":"product-type-variable"},"acf":[],"yoast_head":"<!-- This site is optimized with the Yoast SEO Premium plugin v27.3 (Yoast SEO v27.3) - https:\/\/yoast.com\/product\/yoast-seo-premium-wordpress\/ -->\n<title>Mulberry Silk Fabric \u2013 Pearl, Dust-mite Resistant Fabric | Home of Wool<\/title>\n<meta name=\"description\" content=\"Experience pure Mulberry Silk, smooth, natural, and skin-friendly. Perfect for bedding, clothing, and crafts with timeless wellness benefits.\" \/>\n<meta name=\"robots\" content=\"index, follow, max-snippet:-1, max-image-preview:large, max-video-preview:-1\" \/>\n<link rel=\"canonical\" href=\"https:\/\/homeofwool.com\/it\/negozio\/tessuto-di-seta-di-gelso\/\" \/>\n<meta property=\"og:locale\" content=\"it_IT\" \/>\n<meta property=\"og:type\" content=\"article\" \/>\n<meta property=\"og:title\" content=\"100% Mulberry Silk Fabric \u2013 Pearl\" \/>\n<meta property=\"og:description\" content=\"Experience pure Mulberry Silk, smooth, natural, and skin-friendly. Perfect for bedding, clothing, and crafts with timeless wellness benefits.\" \/>\n<meta property=\"og:url\" content=\"https:\/\/homeofwool.com\/it\/negozio\/tessuto-di-seta-di-gelso\/\" \/>\n<meta property=\"og:site_name\" content=\"Home of Wool\" \/>\n<meta property=\"article:publisher\" content=\"https:\/\/facebook.com\/HomeOfWoolOfficial\" \/>\n<meta property=\"article:modified_time\" content=\"2026-01-26T17:54:03+00:00\" \/>\n<meta property=\"og:image\" content=\"https:\/\/homeofwool.com\/wp-content\/uploads\/2025\/09\/home-of-wool-100-mulberry-silk-fabric-\u2013-pearl-1-main-100-silk.jpg\" \/>\n\t<meta property=\"og:image:width\" content=\"2400\" \/>\n\t<meta property=\"og:image:height\" content=\"1920\" \/>\n\t<meta property=\"og:image:type\" content=\"image\/jpeg\" \/>\n<meta name=\"twitter:card\" content=\"summary_large_image\" \/>\n<meta name=\"twitter:label1\" content=\"Tempo di lettura stimato\" \/>\n\t<meta name=\"twitter:data1\" content=\"1 minuto\" \/>\n<script type=\"application\/ld+json\" class=\"yoast-schema-graph\">{\"@context\":\"https:\\\/\\\/schema.org\",\"@graph\":[{\"@type\":\"WebPage\",\"@id\":\"https:\\\/\\\/homeofwool.com\\\/shop\\\/mulberry-silk-fabric\\\/\",\"url\":\"https:\\\/\\\/homeofwool.com\\\/shop\\\/mulberry-silk-fabric\\\/\",\"name\":\"Mulberry Silk Fabric \u2013 Pearl, Dust-mite Resistant Fabric | Home of Wool\",\"isPartOf\":{\"@id\":\"https:\\\/\\\/homeofwool.com\\\/#website\"},\"primaryImageOfPage\":{\"@id\":\"https:\\\/\\\/homeofwool.com\\\/shop\\\/mulberry-silk-fabric\\\/#primaryimage\"},\"image\":{\"@id\":\"https:\\\/\\\/homeofwool.com\\\/shop\\\/mulberry-silk-fabric\\\/#primaryimage\"},\"thumbnailUrl\":\"https:\\\/\\\/homeofwool.com\\\/wp-content\\\/uploads\\\/2025\\\/09\\\/home-of-wool-100-mulberry-silk-fabric-\u2013-pearl-1-main-100-silk.jpg\",\"datePublished\":\"2025-09-02T12:00:51+00:00\",\"dateModified\":\"2026-01-26T17:54:03+00:00\",\"description\":\"Experience pure Mulberry Silk, smooth, natural, and skin-friendly. Perfect for bedding, clothing, and crafts with timeless wellness benefits.\",\"breadcrumb\":{\"@id\":\"https:\\\/\\\/homeofwool.com\\\/shop\\\/mulberry-silk-fabric\\\/#breadcrumb\"},\"inLanguage\":\"it-IT\",\"potentialAction\":[{\"@type\":\"ReadAction\",\"target\":[\"https:\\\/\\\/homeofwool.com\\\/shop\\\/mulberry-silk-fabric\\\/\"]}]},{\"@type\":\"ImageObject\",\"inLanguage\":\"it-IT\",\"@id\":\"https:\\\/\\\/homeofwool.com\\\/shop\\\/mulberry-silk-fabric\\\/#primaryimage\",\"url\":\"https:\\\/\\\/homeofwool.com\\\/wp-content\\\/uploads\\\/2025\\\/09\\\/home-of-wool-100-mulberry-silk-fabric-\u2013-pearl-1-main-100-silk.jpg\",\"contentUrl\":\"https:\\\/\\\/homeofwool.com\\\/wp-content\\\/uploads\\\/2025\\\/09\\\/home-of-wool-100-mulberry-silk-fabric-\u2013-pearl-1-main-100-silk.jpg\",\"width\":2400,\"height\":1920,\"caption\":\"100% mulberry silk fabric close up\"},{\"@type\":\"BreadcrumbList\",\"@id\":\"https:\\\/\\\/homeofwool.com\\\/shop\\\/mulberry-silk-fabric\\\/#breadcrumb\",\"itemListElement\":[{\"@type\":\"ListItem\",\"position\":1,\"name\":\"Home\",\"item\":\"https:\\\/\\\/homeofwool.com\\\/\"},{\"@type\":\"ListItem\",\"position\":2,\"name\":\"Products\",\"item\":\"https:\\\/\\\/homeofwool.com\\\/header-search-2\\\/\"},{\"@type\":\"ListItem\",\"position\":3,\"name\":\"100% Mulberry Silk Fabric \u2013 Pearl\"}]},{\"@type\":\"WebSite\",\"@id\":\"https:\\\/\\\/homeofwool.com\\\/#website\",\"url\":\"https:\\\/\\\/homeofwool.com\\\/\",\"name\":\"Home of Wool\",\"description\":\"\",\"publisher\":{\"@id\":\"https:\\\/\\\/homeofwool.com\\\/#organization\"},\"potentialAction\":[{\"@type\":\"SearchAction\",\"target\":{\"@type\":\"EntryPoint\",\"urlTemplate\":\"https:\\\/\\\/homeofwool.com\\\/?s={search_term_string}\"},\"query-input\":{\"@type\":\"PropertyValueSpecification\",\"valueRequired\":true,\"valueName\":\"search_term_string\"}}],\"inLanguage\":\"it-IT\"},{\"@type\":\"Organization\",\"@id\":\"https:\\\/\\\/homeofwool.com\\\/#organization\",\"name\":\"Home of Wool\",\"url\":\"https:\\\/\\\/homeofwool.com\\\/\",\"logo\":{\"@type\":\"ImageObject\",\"inLanguage\":\"it-IT\",\"@id\":\"https:\\\/\\\/homeofwool.com\\\/#\\\/schema\\\/logo\\\/image\\\/\",\"url\":\"https:\\\/\\\/homeofwool.com\\\/wp-content\\\/uploads\\\/2025\\\/09\\\/WhatsApp-Image-2025-12-02-at-16.23.20.jpeg\",\"contentUrl\":\"https:\\\/\\\/homeofwool.com\\\/wp-content\\\/uploads\\\/2025\\\/09\\\/WhatsApp-Image-2025-12-02-at-16.23.20.jpeg\",\"width\":700,\"height\":247,\"caption\":\"Home of Wool\"},\"image\":{\"@id\":\"https:\\\/\\\/homeofwool.com\\\/#\\\/schema\\\/logo\\\/image\\\/\"},\"sameAs\":[\"https:\\\/\\\/facebook.com\\\/HomeOfWoolOfficial\"]}]}<\/script>\n<!-- \/ Yoast SEO Premium plugin. -->","yoast_head_json":{"title":"Tessuto in seta di gelso \u2013 Tessuto resistente agli acari della polvere, colore perla | Home of Wool","description":"Prova la pura seta di gelso, morbida, naturale e delicata sulla pelle. Perfetta per biancheria da letto, abbigliamento e artigianato, con benefici per il benessere senza tempo.","robots":{"index":"index","follow":"follow","max-snippet":"max-snippet:-1","max-image-preview":"max-image-preview:large","max-video-preview":"max-video-preview:-1"},"canonical":"https:\/\/homeofwool.com\/it\/negozio\/tessuto-di-seta-di-gelso\/","og_locale":"it_IT","og_type":"article","og_title":"100% Mulberry Silk Fabric \u2013 Pearl","og_description":"Experience pure Mulberry Silk, smooth, natural, and skin-friendly. Perfect for bedding, clothing, and crafts with timeless wellness benefits.","og_url":"https:\/\/homeofwool.com\/it\/negozio\/tessuto-di-seta-di-gelso\/","og_site_name":"Home of Wool","article_publisher":"https:\/\/facebook.com\/HomeOfWoolOfficial","article_modified_time":"2026-01-26T17:54:03+00:00","og_image":[{"width":2400,"height":1920,"url":"https:\/\/homeofwool.com\/wp-content\/uploads\/2025\/09\/home-of-wool-100-mulberry-silk-fabric-\u2013-pearl-1-main-100-silk.jpg","type":"image\/jpeg"}],"twitter_card":"summary_large_image","twitter_misc":{"Tempo di lettura stimato":"1 minuto"},"schema":{"@context":"https:\/\/schema.org","@graph":[{"@type":"WebPage","@id":"https:\/\/homeofwool.com\/shop\/mulberry-silk-fabric\/","url":"https:\/\/homeofwool.com\/shop\/mulberry-silk-fabric\/","name":"Tessuto in seta di gelso \u2013 Tessuto resistente agli acari della polvere, colore perla | Home of Wool","isPartOf":{"@id":"https:\/\/homeofwool.com\/#website"},"primaryImageOfPage":{"@id":"https:\/\/homeofwool.com\/shop\/mulberry-silk-fabric\/#primaryimage"},"image":{"@id":"https:\/\/homeofwool.com\/shop\/mulberry-silk-fabric\/#primaryimage"},"thumbnailUrl":"https:\/\/homeofwool.com\/wp-content\/uploads\/2025\/09\/home-of-wool-100-mulberry-silk-fabric-\u2013-pearl-1-main-100-silk.jpg","datePublished":"2025-09-02T12:00:51+00:00","dateModified":"2026-01-26T17:54:03+00:00","description":"Prova la pura seta di gelso, morbida, naturale e delicata sulla pelle. Perfetta per biancheria da letto, abbigliamento e artigianato, con benefici per il benessere senza tempo.","breadcrumb":{"@id":"https:\/\/homeofwool.com\/shop\/mulberry-silk-fabric\/#breadcrumb"},"inLanguage":"it-IT","potentialAction":[{"@type":"ReadAction","target":["https:\/\/homeofwool.com\/shop\/mulberry-silk-fabric\/"]}]},{"@type":"ImageObject","inLanguage":"it-IT","@id":"https:\/\/homeofwool.com\/shop\/mulberry-silk-fabric\/#primaryimage","url":"https:\/\/homeofwool.com\/wp-content\/uploads\/2025\/09\/home-of-wool-100-mulberry-silk-fabric-\u2013-pearl-1-main-100-silk.jpg","contentUrl":"https:\/\/homeofwool.com\/wp-content\/uploads\/2025\/09\/home-of-wool-100-mulberry-silk-fabric-\u2013-pearl-1-main-100-silk.jpg","width":2400,"height":1920,"caption":"100% mulberry silk fabric close up"},{"@type":"BreadcrumbList","@id":"https:\/\/homeofwool.com\/shop\/mulberry-silk-fabric\/#breadcrumb","itemListElement":[{"@type":"ListItem","position":1,"name":"Home","item":"https:\/\/homeofwool.com\/"},{"@type":"ListItem","position":2,"name":"Products","item":"https:\/\/homeofwool.com\/header-search-2\/"},{"@type":"ListItem","position":3,"name":"100% Mulberry Silk Fabric \u2013 Pearl"}]},{"@type":"WebSite","@id":"https:\/\/homeofwool.com\/#website","url":"https:\/\/homeofwool.com\/","name":"Casa della lana","description":"","publisher":{"@id":"https:\/\/homeofwool.com\/#organization"},"potentialAction":[{"@type":"SearchAction","target":{"@type":"EntryPoint","urlTemplate":"https:\/\/homeofwool.com\/?s={search_term_string}"},"query-input":{"@type":"PropertyValueSpecification","valueRequired":true,"valueName":"search_term_string"}}],"inLanguage":"it-IT"},{"@type":"Organization","@id":"https:\/\/homeofwool.com\/#organization","name":"Casa della lana","url":"https:\/\/homeofwool.com\/","logo":{"@type":"ImageObject","inLanguage":"it-IT","@id":"https:\/\/homeofwool.com\/#\/schema\/logo\/image\/","url":"https:\/\/homeofwool.com\/wp-content\/uploads\/2025\/09\/WhatsApp-Image-2025-12-02-at-16.23.20.jpeg","contentUrl":"https:\/\/homeofwool.com\/wp-content\/uploads\/2025\/09\/WhatsApp-Image-2025-12-02-at-16.23.20.jpeg","width":700,"height":247,"caption":"Home of Wool"},"image":{"@id":"https:\/\/homeofwool.com\/#\/schema\/logo\/image\/"},"sameAs":["https:\/\/facebook.com\/HomeOfWoolOfficial"]}]}},"_links":{"self":[{"href":"https:\/\/homeofwool.com\/it\/wp-json\/wp\/v2\/product\/217511","targetHints":{"allow":["GET"]}}],"collection":[{"href":"https:\/\/homeofwool.com\/it\/wp-json\/wp\/v2\/product"}],"about":[{"href":"https:\/\/homeofwool.com\/it\/wp-json\/wp\/v2\/types\/product"}],"version-history":[{"count":1,"href":"https:\/\/homeofwool.com\/it\/wp-json\/wp\/v2\/product\/217511\/revisions"}],"predecessor-version":[{"id":227654,"href":"https:\/\/homeofwool.com\/it\/wp-json\/wp\/v2\/product\/217511\/revisions\/227654"}],"wp:featuredmedia":[{"embeddable":true,"href":"https:\/\/homeofwool.com\/it\/wp-json\/wp\/v2\/media\/219394"}],"wp:attachment":[{"href":"https:\/\/homeofwool.com\/it\/wp-json\/wp\/v2\/media?parent=217511"}],"wp:term":[{"taxonomy":"product_brand","embeddable":true,"href":"https:\/\/homeofwool.com\/it\/wp-json\/wp\/v2\/product_brand?post=217511"},{"taxonomy":"product_cat","embeddable":true,"href":"https:\/\/homeofwool.com\/it\/wp-json\/wp\/v2\/product_cat?post=217511"},{"taxonomy":"product_tag","embeddable":true,"href":"https:\/\/homeofwool.com\/it\/wp-json\/wp\/v2\/product_tag?post=217511"}],"curies":[{"name":"wp","href":"https:\/\/api.w.org\/{rel}","templated":true}]}}