{"id":217504,"date":"2025-09-02T12:00:50","date_gmt":"2025-09-02T12:00:50","guid":{"rendered":"https:\/\/homeofwool.com\/?post_type=product&#038;p=217504"},"modified":"2025-09-26T12:42:46","modified_gmt":"2025-09-26T12:42:46","slug":"lino-testurizzato","status":"publish","type":"product","link":"https:\/\/homeofwool.com\/it\/shop\/textured-linen\/","title":{"rendered":"Tessuto in lino 100% \u2013 Testurizzato"},"content":{"rendered":"<p>Tessuto con lino 100%, questo tessuto naturale presenta una superficie caratteristica dall'aspetto grezzo e artigianale. Essendo un lino non tinto, i suoi toni morbidi e naturali provengono direttamente dalle fibre vegetali, offrendo una base neutra che si adatta sia agli interni rustici che a quelli moderni.<\/p>\n<p>Con un peso di 420 g\/m\u00b2, \u00e8 un tessuto da tappezzeria resistente, in grado di mantenere le sue caratteristiche nel tempo. Le sue qualit\u00e0 lo rendono ideale per cuscini, pouf o altri progetti di arredamento in cui la resistenza e il carattere naturale sono ugualmente importanti.<\/p>\n<p>\u00c8 certificato OEKO-TEX Standard 100 e realizzato senza sostanze chimiche. Ci\u00f2 dimostra che \u00e8 delicato sulla pelle sensibile e una scelta perfettamente sicura per le famiglie che convivono con le allergie.<\/p>\n<p>Il bello del lino \u00e8 che non richiede molta cura. Le macchie di solito non si attaccano e i liquidi versati non si impregnano come su altri tessuti. Di solito basta spazzolarlo delicatamente per mantenerlo fresco. Anche dopo anni di utilizzo, conserva quell'aspetto pulito e naturale che ti ha fatto innamorare.<\/p>\n<p>Se desideri avere un'idea del colore, della consistenza e del peso, puoi sempre ordinare prima un campione.<\/p>","protected":false},"excerpt":{"rendered":"<p>Questo tessuto di lino testurizzato \u00e8 tessuto con puro lino senza coloranti o finiture chimiche. Resistente e traspirante, \u00e8 ideale per cuscini, tappezzeria, pouf e altri progetti di arredamento in tessuto di lino.<\/p>\n<div class=\"global-icon-set\">\n<div class=\"global-icon-set__items\">\n<div class=\"global-icon-set__item\">\n<div class=\"global-icon-set__image\">\n                                    <img decoding=\"async\" src=\"https:\/\/homeofwool.com\/wp-content\/uploads\/2025\/09\/Hypoallergenic-min-300x300.png\" alt=\"icona ipoallergenica\" \/>\n                                <\/div>\n<div class=\"global-icon-set__title\">Ipoallergenico<\/div>\n<\/p><\/div>\n<div class=\"global-icon-set__item\">\n<div class=\"global-icon-set__image\">\n                                    <img decoding=\"async\" src=\"https:\/\/homeofwool.com\/wp-content\/uploads\/2025\/09\/free-of-synthetics-icon-300x300.png\" alt=\"icona priva di sostanze sintetiche\" \/>\n                                <\/div>\n<div class=\"global-icon-set__title\">Privo di sostanze sintetiche<\/div>\n<\/p><\/div>\n<div class=\"global-icon-set__item\">\n<div class=\"global-icon-set__image\">\n                                    <img decoding=\"async\" src=\"https:\/\/homeofwool.com\/wp-content\/uploads\/2025\/09\/chemical-free-icon-300x300.png\" alt=\"icona senza sostanze chimiche\" \/>\n                                <\/div>\n<div class=\"global-icon-set__title\">Senza sostanze chimiche<\/div>\n<\/p><\/div>\n<div class=\"global-icon-set__item\">\n<div class=\"global-icon-set__image\">\n                                    <img decoding=\"async\" src=\"https:\/\/homeofwool.com\/wp-content\/uploads\/2025\/09\/anti-bacterial-icon-300x300.png\" alt=\"icona antibatterica\" \/>\n                                <\/div>\n<div class=\"global-icon-set__title\">Antimicrobico e antibatterico<\/div>\n<\/p><\/div>\n<\/p><\/div>\n<\/p><\/div>","protected":false},"featured_media":219201,"template":"","meta":{"_acf_changed":false},"product_brand":[],"product_cat":[25],"product_tag":[85,86,87,99,90,91,92,93,97,94,95],"class_list":{"0":"post-217504","1":"product","2":"type-product","3":"status-publish","4":"has-post-thumbnail","6":"product_cat-wool-fabrics-batting","7":"product_tag-craft-supplies","8":"product_tag-eco-friendly-textile","9":"product_tag-flax-linen-fabric","10":"product_tag-flax-linen-fabric-by-the-yard-or-metre","11":"product_tag-linen-fabric","12":"product_tag-natural-linen","13":"product_tag-prewashed-linen","14":"product_tag-pure-flax-linen","15":"product_tag-pure-linen","16":"product_tag-sewing-supply","17":"product_tag-undyed-fibers","19":"first","20":"instock","21":"shipping-taxable","22":"purchasable","23":"product-type-variable"},"acf":[],"yoast_head":"<!-- This site is optimized with the Yoast SEO Premium plugin v27.3 (Yoast SEO v27.3) - https:\/\/yoast.com\/product\/yoast-seo-premium-wordpress\/ -->\n<title>Textured Linen Fabric \u2013 Oeko-Tex Certified, Cut-to-size | Home of Wool<\/title>\n<meta name=\"description\" content=\"This textured linen fabric is all-natural, free from chemicals and dyes, extremely durable, and perfect for upholstery, cushions, and decor covers.\" \/>\n<meta name=\"robots\" content=\"index, follow, max-snippet:-1, max-image-preview:large, max-video-preview:-1\" \/>\n<link rel=\"canonical\" href=\"https:\/\/homeofwool.com\/it\/negozio\/lino-testurizzato\/\" \/>\n<meta property=\"og:locale\" content=\"it_IT\" \/>\n<meta property=\"og:type\" content=\"article\" \/>\n<meta property=\"og:title\" content=\"100% Linen Fabric \u2013 Textured\" \/>\n<meta property=\"og:description\" content=\"This textured linen fabric is all-natural, free from chemicals and dyes, extremely durable, and perfect for upholstery, cushions, and decor covers.\" \/>\n<meta property=\"og:url\" content=\"https:\/\/homeofwool.com\/it\/negozio\/lino-testurizzato\/\" \/>\n<meta property=\"og:site_name\" content=\"Home of Wool\" \/>\n<meta property=\"article:publisher\" content=\"https:\/\/facebook.com\/HomeOfWoolOfficial\" \/>\n<meta property=\"article:modified_time\" content=\"2025-09-26T12:42:46+00:00\" \/>\n<meta property=\"og:image\" content=\"https:\/\/homeofwool.com\/wp-content\/uploads\/2025\/09\/home-of-wool-100-linen-fabric-\u2013-textured-1-main.jpg\" \/>\n\t<meta property=\"og:image:width\" content=\"1041\" \/>\n\t<meta property=\"og:image:height\" content=\"833\" \/>\n\t<meta property=\"og:image:type\" content=\"image\/jpeg\" \/>\n<meta name=\"twitter:card\" content=\"summary_large_image\" \/>\n<meta name=\"twitter:label1\" content=\"Tempo di lettura stimato\" \/>\n\t<meta name=\"twitter:data1\" content=\"2 minuti\" \/>\n<script type=\"application\/ld+json\" class=\"yoast-schema-graph\">{\"@context\":\"https:\\\/\\\/schema.org\",\"@graph\":[{\"@type\":\"WebPage\",\"@id\":\"https:\\\/\\\/homeofwool.com\\\/shop\\\/textured-linen\\\/\",\"url\":\"https:\\\/\\\/homeofwool.com\\\/shop\\\/textured-linen\\\/\",\"name\":\"Textured Linen Fabric \u2013 Oeko-Tex Certified, Cut-to-size | Home of Wool\",\"isPartOf\":{\"@id\":\"https:\\\/\\\/homeofwool.com\\\/#website\"},\"primaryImageOfPage\":{\"@id\":\"https:\\\/\\\/homeofwool.com\\\/shop\\\/textured-linen\\\/#primaryimage\"},\"image\":{\"@id\":\"https:\\\/\\\/homeofwool.com\\\/shop\\\/textured-linen\\\/#primaryimage\"},\"thumbnailUrl\":\"https:\\\/\\\/homeofwool.com\\\/wp-content\\\/uploads\\\/2025\\\/09\\\/home-of-wool-100-linen-fabric-\u2013-textured-1-main.jpg\",\"datePublished\":\"2025-09-02T12:00:50+00:00\",\"dateModified\":\"2025-09-26T12:42:46+00:00\",\"description\":\"This textured linen fabric is all-natural, free from chemicals and dyes, extremely durable, and perfect for upholstery, cushions, and decor covers.\",\"breadcrumb\":{\"@id\":\"https:\\\/\\\/homeofwool.com\\\/shop\\\/textured-linen\\\/#breadcrumb\"},\"inLanguage\":\"it-IT\",\"potentialAction\":[{\"@type\":\"ReadAction\",\"target\":[\"https:\\\/\\\/homeofwool.com\\\/shop\\\/textured-linen\\\/\"]}]},{\"@type\":\"ImageObject\",\"inLanguage\":\"it-IT\",\"@id\":\"https:\\\/\\\/homeofwool.com\\\/shop\\\/textured-linen\\\/#primaryimage\",\"url\":\"https:\\\/\\\/homeofwool.com\\\/wp-content\\\/uploads\\\/2025\\\/09\\\/home-of-wool-100-linen-fabric-\u2013-textured-1-main.jpg\",\"contentUrl\":\"https:\\\/\\\/homeofwool.com\\\/wp-content\\\/uploads\\\/2025\\\/09\\\/home-of-wool-100-linen-fabric-\u2013-textured-1-main.jpg\",\"width\":1041,\"height\":833,\"caption\":\"close up of folded 100% linen fabric\"},{\"@type\":\"BreadcrumbList\",\"@id\":\"https:\\\/\\\/homeofwool.com\\\/shop\\\/textured-linen\\\/#breadcrumb\",\"itemListElement\":[{\"@type\":\"ListItem\",\"position\":1,\"name\":\"Home\",\"item\":\"https:\\\/\\\/homeofwool.com\\\/\"},{\"@type\":\"ListItem\",\"position\":2,\"name\":\"Products\",\"item\":\"https:\\\/\\\/homeofwool.com\\\/header-search-2\\\/\"},{\"@type\":\"ListItem\",\"position\":3,\"name\":\"100% Linen Fabric \u2013 Textured\"}]},{\"@type\":\"WebSite\",\"@id\":\"https:\\\/\\\/homeofwool.com\\\/#website\",\"url\":\"https:\\\/\\\/homeofwool.com\\\/\",\"name\":\"Home of Wool\",\"description\":\"\",\"publisher\":{\"@id\":\"https:\\\/\\\/homeofwool.com\\\/#organization\"},\"potentialAction\":[{\"@type\":\"SearchAction\",\"target\":{\"@type\":\"EntryPoint\",\"urlTemplate\":\"https:\\\/\\\/homeofwool.com\\\/?s={search_term_string}\"},\"query-input\":{\"@type\":\"PropertyValueSpecification\",\"valueRequired\":true,\"valueName\":\"search_term_string\"}}],\"inLanguage\":\"it-IT\"},{\"@type\":\"Organization\",\"@id\":\"https:\\\/\\\/homeofwool.com\\\/#organization\",\"name\":\"Home of Wool\",\"url\":\"https:\\\/\\\/homeofwool.com\\\/\",\"logo\":{\"@type\":\"ImageObject\",\"inLanguage\":\"it-IT\",\"@id\":\"https:\\\/\\\/homeofwool.com\\\/#\\\/schema\\\/logo\\\/image\\\/\",\"url\":\"https:\\\/\\\/homeofwool.com\\\/wp-content\\\/uploads\\\/2025\\\/09\\\/WhatsApp-Image-2025-12-02-at-16.23.20.jpeg\",\"contentUrl\":\"https:\\\/\\\/homeofwool.com\\\/wp-content\\\/uploads\\\/2025\\\/09\\\/WhatsApp-Image-2025-12-02-at-16.23.20.jpeg\",\"width\":700,\"height\":247,\"caption\":\"Home of Wool\"},\"image\":{\"@id\":\"https:\\\/\\\/homeofwool.com\\\/#\\\/schema\\\/logo\\\/image\\\/\"},\"sameAs\":[\"https:\\\/\\\/facebook.com\\\/HomeOfWoolOfficial\"]}]}<\/script>\n<!-- \/ Yoast SEO Premium plugin. -->","yoast_head_json":{"title":"Tessuto in lino testurizzato \u2013 Certificato Oeko-Tex, tagliato su misura | Home of Wool","description":"Questo tessuto di lino testurizzato \u00e8 completamente naturale, privo di sostanze chimiche e coloranti, estremamente resistente e perfetto per tappezzeria, cuscini e rivestimenti decorativi.","robots":{"index":"index","follow":"follow","max-snippet":"max-snippet:-1","max-image-preview":"max-image-preview:large","max-video-preview":"max-video-preview:-1"},"canonical":"https:\/\/homeofwool.com\/it\/negozio\/lino-testurizzato\/","og_locale":"it_IT","og_type":"article","og_title":"100% Linen Fabric \u2013 Textured","og_description":"This textured linen fabric is all-natural, free from chemicals and dyes, extremely durable, and perfect for upholstery, cushions, and decor covers.","og_url":"https:\/\/homeofwool.com\/it\/negozio\/lino-testurizzato\/","og_site_name":"Home of Wool","article_publisher":"https:\/\/facebook.com\/HomeOfWoolOfficial","article_modified_time":"2025-09-26T12:42:46+00:00","og_image":[{"width":1041,"height":833,"url":"https:\/\/homeofwool.com\/wp-content\/uploads\/2025\/09\/home-of-wool-100-linen-fabric-\u2013-textured-1-main.jpg","type":"image\/jpeg"}],"twitter_card":"summary_large_image","twitter_misc":{"Tempo di lettura stimato":"2 minuti"},"schema":{"@context":"https:\/\/schema.org","@graph":[{"@type":"WebPage","@id":"https:\/\/homeofwool.com\/shop\/textured-linen\/","url":"https:\/\/homeofwool.com\/shop\/textured-linen\/","name":"Tessuto in lino testurizzato \u2013 Certificato Oeko-Tex, tagliato su misura | Home of Wool","isPartOf":{"@id":"https:\/\/homeofwool.com\/#website"},"primaryImageOfPage":{"@id":"https:\/\/homeofwool.com\/shop\/textured-linen\/#primaryimage"},"image":{"@id":"https:\/\/homeofwool.com\/shop\/textured-linen\/#primaryimage"},"thumbnailUrl":"https:\/\/homeofwool.com\/wp-content\/uploads\/2025\/09\/home-of-wool-100-linen-fabric-\u2013-textured-1-main.jpg","datePublished":"2025-09-02T12:00:50+00:00","dateModified":"2025-09-26T12:42:46+00:00","description":"Questo tessuto di lino testurizzato \u00e8 completamente naturale, privo di sostanze chimiche e coloranti, estremamente resistente e perfetto per tappezzeria, cuscini e rivestimenti decorativi.","breadcrumb":{"@id":"https:\/\/homeofwool.com\/shop\/textured-linen\/#breadcrumb"},"inLanguage":"it-IT","potentialAction":[{"@type":"ReadAction","target":["https:\/\/homeofwool.com\/shop\/textured-linen\/"]}]},{"@type":"ImageObject","inLanguage":"it-IT","@id":"https:\/\/homeofwool.com\/shop\/textured-linen\/#primaryimage","url":"https:\/\/homeofwool.com\/wp-content\/uploads\/2025\/09\/home-of-wool-100-linen-fabric-\u2013-textured-1-main.jpg","contentUrl":"https:\/\/homeofwool.com\/wp-content\/uploads\/2025\/09\/home-of-wool-100-linen-fabric-\u2013-textured-1-main.jpg","width":1041,"height":833,"caption":"close up of folded 100% linen fabric"},{"@type":"BreadcrumbList","@id":"https:\/\/homeofwool.com\/shop\/textured-linen\/#breadcrumb","itemListElement":[{"@type":"ListItem","position":1,"name":"Home","item":"https:\/\/homeofwool.com\/"},{"@type":"ListItem","position":2,"name":"Products","item":"https:\/\/homeofwool.com\/header-search-2\/"},{"@type":"ListItem","position":3,"name":"100% Linen Fabric \u2013 Textured"}]},{"@type":"WebSite","@id":"https:\/\/homeofwool.com\/#website","url":"https:\/\/homeofwool.com\/","name":"Casa della lana","description":"","publisher":{"@id":"https:\/\/homeofwool.com\/#organization"},"potentialAction":[{"@type":"SearchAction","target":{"@type":"EntryPoint","urlTemplate":"https:\/\/homeofwool.com\/?s={search_term_string}"},"query-input":{"@type":"PropertyValueSpecification","valueRequired":true,"valueName":"search_term_string"}}],"inLanguage":"it-IT"},{"@type":"Organization","@id":"https:\/\/homeofwool.com\/#organization","name":"Casa della lana","url":"https:\/\/homeofwool.com\/","logo":{"@type":"ImageObject","inLanguage":"it-IT","@id":"https:\/\/homeofwool.com\/#\/schema\/logo\/image\/","url":"https:\/\/homeofwool.com\/wp-content\/uploads\/2025\/09\/WhatsApp-Image-2025-12-02-at-16.23.20.jpeg","contentUrl":"https:\/\/homeofwool.com\/wp-content\/uploads\/2025\/09\/WhatsApp-Image-2025-12-02-at-16.23.20.jpeg","width":700,"height":247,"caption":"Home of Wool"},"image":{"@id":"https:\/\/homeofwool.com\/#\/schema\/logo\/image\/"},"sameAs":["https:\/\/facebook.com\/HomeOfWoolOfficial"]}]}},"_links":{"self":[{"href":"https:\/\/homeofwool.com\/it\/wp-json\/wp\/v2\/product\/217504","targetHints":{"allow":["GET"]}}],"collection":[{"href":"https:\/\/homeofwool.com\/it\/wp-json\/wp\/v2\/product"}],"about":[{"href":"https:\/\/homeofwool.com\/it\/wp-json\/wp\/v2\/types\/product"}],"version-history":[{"count":0,"href":"https:\/\/homeofwool.com\/it\/wp-json\/wp\/v2\/product\/217504\/revisions"}],"wp:featuredmedia":[{"embeddable":true,"href":"https:\/\/homeofwool.com\/it\/wp-json\/wp\/v2\/media\/219201"}],"wp:attachment":[{"href":"https:\/\/homeofwool.com\/it\/wp-json\/wp\/v2\/media?parent=217504"}],"wp:term":[{"taxonomy":"product_brand","embeddable":true,"href":"https:\/\/homeofwool.com\/it\/wp-json\/wp\/v2\/product_brand?post=217504"},{"taxonomy":"product_cat","embeddable":true,"href":"https:\/\/homeofwool.com\/it\/wp-json\/wp\/v2\/product_cat?post=217504"},{"taxonomy":"product_tag","embeddable":true,"href":"https:\/\/homeofwool.com\/it\/wp-json\/wp\/v2\/product_tag?post=217504"}],"curies":[{"name":"wp","href":"https:\/\/api.w.org\/{rel}","templated":true}]}}