{"id":217503,"date":"2025-09-02T12:00:50","date_gmt":"2025-09-02T12:00:50","guid":{"rendered":"https:\/\/homeofwool.com\/?post_type=product&#038;p=217503"},"modified":"2025-09-25T13:30:11","modified_gmt":"2025-09-25T13:30:11","slug":"tessuto-di-lino","status":"publish","type":"product","link":"https:\/\/homeofwool.com\/it\/shop\/linen-fabric\/","title":{"rendered":"Tessuto in lino 100%"},"content":{"rendered":"<p>Tessuto in puro lino sostenibile, questo tessuto pesante da 430 g\/m\u00b2 \u00e8 progettato per garantire bellezza e comfort duraturi. Testato e approvato secondo l'OEKO-TEX Standard 100, non contiene coloranti, rivestimenti o finiture chimiche. Una scelta di lino sicura ed ecologica per qualsiasi interno.<\/p>\n<p>La naturale resistenza del tessuto lo rende ideale come tessuto da rivestimento in lino, che mantiene la sua forma durante l'uso quotidiano e offre una resilienza senza pari rispetto al cotone. Il lino ha una resistenza naturale alle macchie e alla muffa. Per questo motivo mantiene un aspetto pulito e fresco con pochissime cure.<\/p>\n<p>Essendo un tessuto di lino traspirante, rimane piacevolmente fresco nella stagione calda. \u00c8 inoltre ipoallergenico e delicato sulla pelle sensibile.<\/p>\n<p>Versatile per natura, questo lino resistente si adatta perfettamente a tutta la casa. Pu\u00f2 essere utilizzato come lino per grandi cuscini e come lino per materassi per adulti. Ma pu\u00f2 essere utilizzato anche per piccoli accenti, come le fodere dei cuscini o i cuscini della testata del letto. Ottimo per i sacchi a fagiolo e i pouf. Ogni ordine \u00e8 tagliato in un unico pezzo, per garantire una variet\u00e0 di possibilit\u00e0.<\/p>\n<p>Il lino \u00e8 una scelta attenta anche al pianeta. Il lino \u00e8 un tessuto naturale a bassa manutenzione, che cresce con poca acqua e senza bisogno di prodotti chimici. Un tessuto d'arredamento naturale e senza tempo che bilancia la sostenibilit\u00e0 con un'eleganza duratura.<\/p>\n<p><strong>RUGGINE (dopo il lavaggio):<\/strong><br \/>\nCrescita: 5%<br \/>\nLarghezza: 0%<\/p>\n<p>Lavare con un ciclo delicato e un detergente delicato, senza sbiancanti. Si tratta di un tessuto naturale, quindi tender\u00e0 a sgualcirsi dopo il lavaggio.<\/p>\n<p><strong>I VANTAGGI DEL LINO<\/strong><br \/>\nIl lino resiste alle macchie come nessun altro tessuto, quindi \u00e8 molto facile mantenerlo pulito. Il lino \u00e8 di gran lunga il nostro tessuto pi\u00f9 resistente, molto pi\u00f9 durevole e resistente del cotone. Inoltre, il lino \u00e8 altamente resistente alla muffa.<\/p>\n<ul>\n<li>Il lino \u00e8 pi\u00f9 resistente del cotone di 30%.<\/li>\n<li>Fortemente repellente allo sporco<\/li>\n<li>Ha un elevato potere assorbente<\/li>\n<li>Ipoallergenico<\/li>\n<li>Altamente traspirante<\/li>\n<li>Fibra strutturalmente solida che mantiene inalterata la forma dei prodotti<\/li>\n<li>Rispettoso dell'ambiente: meno acqua e prodotti chimici per la coltivazione<\/li>\n<\/ul>","protected":false},"excerpt":{"rendered":"<p>Provate la forza e l'eleganza del nostro tessuto di lino. Questo resistente materiale di lino \u00e8 naturalmente traspirante e repellente allo sporco. \u00c8 perfettamente adatto alla tappezzeria. Con esso si possono creare cuscini, materassi e vari oggetti di arredamento. Senza rivestimenti o trattamenti chimici, offre purezza ma anche durata.<\/p>\n<p><strong>Peso<\/strong>: 430 g\/m\u00b2<br \/>\n<strong>Larghezza<\/strong>: 150 cm (59\u2033)<\/p>\n<p><strong>Trova il tempo<\/strong>: 1-3 giorni<br \/>\n<strong>Tempi di spedizione<\/strong>: 1-4 settimane<\/p>\n<div class=\"global-icon-set\">\n<div class=\"global-icon-set__items\">\n<div class=\"global-icon-set__item\">\n<div class=\"global-icon-set__image\">\n                                    <img decoding=\"async\" src=\"https:\/\/homeofwool.com\/wp-content\/uploads\/2025\/09\/VOCs-min-300x300.png\" alt=\"voci libere\" \/>\n                                <\/div>\n<div class=\"global-icon-set__title\">Senza COV<\/div>\n<\/p><\/div>\n<div class=\"global-icon-set__item\">\n<div class=\"global-icon-set__image\">\n                                    <img decoding=\"async\" src=\"https:\/\/homeofwool.com\/wp-content\/uploads\/2025\/09\/Hypoallergenic-min-300x300.png\" alt=\"icona ipoallergenica\" \/>\n                                <\/div>\n<div class=\"global-icon-set__title\">Ipoallergenico<\/div>\n<\/p><\/div>\n<div class=\"global-icon-set__item\">\n<div class=\"global-icon-set__image\">\n                                    <img decoding=\"async\" src=\"https:\/\/homeofwool.com\/wp-content\/uploads\/2025\/09\/free-of-synthetics-icon-300x300.png\" alt=\"icona priva di sostanze sintetiche\" \/>\n                                <\/div>\n<div class=\"global-icon-set__title\">Privo di sostanze sintetiche<\/div>\n<\/p><\/div>\n<div class=\"global-icon-set__item\">\n<div class=\"global-icon-set__image\">\n                                    <img decoding=\"async\" src=\"https:\/\/homeofwool.com\/wp-content\/uploads\/2025\/09\/chemical-free-icon-300x300.png\" alt=\"icona senza sostanze chimiche\" \/>\n                                <\/div>\n<div class=\"global-icon-set__title\">Senza sostanze chimiche<\/div>\n<\/p><\/div>\n<\/p><\/div>\n<\/p><\/div>","protected":false},"featured_media":219238,"template":"","meta":{"_acf_changed":false},"product_brand":[],"product_cat":[25],"product_tag":[85,86,87,99,90,91,92,93,97,94,95],"class_list":{"0":"post-217503","1":"product","2":"type-product","3":"status-publish","4":"has-post-thumbnail","6":"product_cat-wool-fabrics-batting","7":"product_tag-craft-supplies","8":"product_tag-eco-friendly-textile","9":"product_tag-flax-linen-fabric","10":"product_tag-flax-linen-fabric-by-the-yard-or-metre","11":"product_tag-linen-fabric","12":"product_tag-natural-linen","13":"product_tag-prewashed-linen","14":"product_tag-pure-flax-linen","15":"product_tag-pure-linen","16":"product_tag-sewing-supply","17":"product_tag-undyed-fibers","19":"first","20":"instock","21":"shipping-taxable","22":"purchasable","23":"product-type-variable"},"acf":[],"yoast_head":"<!-- This site is optimized with the Yoast SEO Premium plugin v27.4 (Yoast SEO v27.4) - https:\/\/yoast.com\/product\/yoast-seo-premium-wordpress\/ -->\n<title>100% Natural Linen Fabric \u2013 Certified, Breathable &amp; Durable | Home of Wool<\/title>\n<meta name=\"description\" content=\"Durable and Oeko-Tex certified, the Textured Linen Fabric is breathable and eco-friendly, perfect for cushions, upholstery, and DIY projects where natural comfort and toxin-free quality matter.\" \/>\n<meta name=\"robots\" content=\"index, follow, max-snippet:-1, max-image-preview:large, max-video-preview:-1\" \/>\n<link rel=\"canonical\" href=\"https:\/\/homeofwool.com\/it\/negozio\/tessuto-di-lino\/\" \/>\n<meta property=\"og:locale\" content=\"it_IT\" \/>\n<meta property=\"og:type\" content=\"article\" \/>\n<meta property=\"og:title\" content=\"100% Linen Fabric\" \/>\n<meta property=\"og:description\" content=\"Durable and Oeko-Tex certified, the Textured Linen Fabric is breathable and eco-friendly, perfect for cushions, upholstery, and DIY projects where natural comfort and toxin-free quality matter.\" \/>\n<meta property=\"og:url\" content=\"https:\/\/homeofwool.com\/it\/negozio\/tessuto-di-lino\/\" \/>\n<meta property=\"og:site_name\" content=\"Home of Wool\" \/>\n<meta property=\"article:publisher\" content=\"https:\/\/facebook.com\/HomeOfWoolOfficial\" \/>\n<meta property=\"article:modified_time\" content=\"2025-09-25T13:30:11+00:00\" \/>\n<meta property=\"og:image\" content=\"https:\/\/homeofwool.com\/wp-content\/uploads\/2025\/09\/home-of-wool-100-linen-fabric-1-main.jpg\" \/>\n\t<meta property=\"og:image:width\" content=\"1041\" \/>\n\t<meta property=\"og:image:height\" content=\"833\" \/>\n\t<meta property=\"og:image:type\" content=\"image\/jpeg\" \/>\n<meta name=\"twitter:card\" content=\"summary_large_image\" \/>\n<meta name=\"twitter:label1\" content=\"Tempo di lettura stimato\" \/>\n\t<meta name=\"twitter:data1\" content=\"2 minuti\" \/>\n<script type=\"application\/ld+json\" class=\"yoast-schema-graph\">{\"@context\":\"https:\\\/\\\/schema.org\",\"@graph\":[{\"@type\":\"WebPage\",\"@id\":\"https:\\\/\\\/homeofwool.com\\\/shop\\\/linen-fabric\\\/\",\"url\":\"https:\\\/\\\/homeofwool.com\\\/shop\\\/linen-fabric\\\/\",\"name\":\"100% Natural Linen Fabric \u2013 Certified, Breathable & Durable | Home of Wool\",\"isPartOf\":{\"@id\":\"https:\\\/\\\/homeofwool.com\\\/#website\"},\"primaryImageOfPage\":{\"@id\":\"https:\\\/\\\/homeofwool.com\\\/shop\\\/linen-fabric\\\/#primaryimage\"},\"image\":{\"@id\":\"https:\\\/\\\/homeofwool.com\\\/shop\\\/linen-fabric\\\/#primaryimage\"},\"thumbnailUrl\":\"https:\\\/\\\/homeofwool.com\\\/wp-content\\\/uploads\\\/2025\\\/09\\\/home-of-wool-100-linen-fabric-1-main.jpg\",\"datePublished\":\"2025-09-02T12:00:50+00:00\",\"dateModified\":\"2025-09-25T13:30:11+00:00\",\"description\":\"Durable and Oeko-Tex certified, the Textured Linen Fabric is breathable and eco-friendly, perfect for cushions, upholstery, and DIY projects where natural comfort and toxin-free quality matter.\",\"breadcrumb\":{\"@id\":\"https:\\\/\\\/homeofwool.com\\\/shop\\\/linen-fabric\\\/#breadcrumb\"},\"inLanguage\":\"it-IT\",\"potentialAction\":[{\"@type\":\"ReadAction\",\"target\":[\"https:\\\/\\\/homeofwool.com\\\/shop\\\/linen-fabric\\\/\"]}]},{\"@type\":\"ImageObject\",\"inLanguage\":\"it-IT\",\"@id\":\"https:\\\/\\\/homeofwool.com\\\/shop\\\/linen-fabric\\\/#primaryimage\",\"url\":\"https:\\\/\\\/homeofwool.com\\\/wp-content\\\/uploads\\\/2025\\\/09\\\/home-of-wool-100-linen-fabric-1-main.jpg\",\"contentUrl\":\"https:\\\/\\\/homeofwool.com\\\/wp-content\\\/uploads\\\/2025\\\/09\\\/home-of-wool-100-linen-fabric-1-main.jpg\",\"width\":1041,\"height\":833,\"caption\":\"100% linen fabric close up\"},{\"@type\":\"BreadcrumbList\",\"@id\":\"https:\\\/\\\/homeofwool.com\\\/shop\\\/linen-fabric\\\/#breadcrumb\",\"itemListElement\":[{\"@type\":\"ListItem\",\"position\":1,\"name\":\"Home\",\"item\":\"https:\\\/\\\/homeofwool.com\\\/\"},{\"@type\":\"ListItem\",\"position\":2,\"name\":\"Products\",\"item\":\"https:\\\/\\\/homeofwool.com\\\/header-search-2\\\/\"},{\"@type\":\"ListItem\",\"position\":3,\"name\":\"100% Linen Fabric\"}]},{\"@type\":\"WebSite\",\"@id\":\"https:\\\/\\\/homeofwool.com\\\/#website\",\"url\":\"https:\\\/\\\/homeofwool.com\\\/\",\"name\":\"Home of Wool\",\"description\":\"\",\"publisher\":{\"@id\":\"https:\\\/\\\/homeofwool.com\\\/#organization\"},\"potentialAction\":[{\"@type\":\"SearchAction\",\"target\":{\"@type\":\"EntryPoint\",\"urlTemplate\":\"https:\\\/\\\/homeofwool.com\\\/?s={search_term_string}\"},\"query-input\":{\"@type\":\"PropertyValueSpecification\",\"valueRequired\":true,\"valueName\":\"search_term_string\"}}],\"inLanguage\":\"it-IT\"},{\"@type\":\"Organization\",\"@id\":\"https:\\\/\\\/homeofwool.com\\\/#organization\",\"name\":\"Home of Wool\",\"url\":\"https:\\\/\\\/homeofwool.com\\\/\",\"logo\":{\"@type\":\"ImageObject\",\"inLanguage\":\"it-IT\",\"@id\":\"https:\\\/\\\/homeofwool.com\\\/#\\\/schema\\\/logo\\\/image\\\/\",\"url\":\"https:\\\/\\\/homeofwool.com\\\/wp-content\\\/uploads\\\/2025\\\/09\\\/WhatsApp-Image-2025-12-02-at-16.23.20.jpeg\",\"contentUrl\":\"https:\\\/\\\/homeofwool.com\\\/wp-content\\\/uploads\\\/2025\\\/09\\\/WhatsApp-Image-2025-12-02-at-16.23.20.jpeg\",\"width\":700,\"height\":247,\"caption\":\"Home of Wool\"},\"image\":{\"@id\":\"https:\\\/\\\/homeofwool.com\\\/#\\\/schema\\\/logo\\\/image\\\/\"},\"sameAs\":[\"https:\\\/\\\/facebook.com\\\/HomeOfWoolOfficial\"]}]}<\/script>\n<!-- \/ Yoast SEO Premium plugin. -->","yoast_head_json":{"title":"Tessuto in lino naturale 100% \u2013 Certificato, traspirante e resistente | Home of Wool","description":"Durevole e certificato Oeko-Tex, il tessuto di lino testurizzato \u00e8 traspirante ed ecologico, perfetto per cuscini, imbottiture e progetti di bricolage in cui contano il comfort naturale e la qualit\u00e0 senza tossine.","robots":{"index":"index","follow":"follow","max-snippet":"max-snippet:-1","max-image-preview":"max-image-preview:large","max-video-preview":"max-video-preview:-1"},"canonical":"https:\/\/homeofwool.com\/it\/negozio\/tessuto-di-lino\/","og_locale":"it_IT","og_type":"article","og_title":"100% Linen Fabric","og_description":"Durable and Oeko-Tex certified, the Textured Linen Fabric is breathable and eco-friendly, perfect for cushions, upholstery, and DIY projects where natural comfort and toxin-free quality matter.","og_url":"https:\/\/homeofwool.com\/it\/negozio\/tessuto-di-lino\/","og_site_name":"Home of Wool","article_publisher":"https:\/\/facebook.com\/HomeOfWoolOfficial","article_modified_time":"2025-09-25T13:30:11+00:00","og_image":[{"width":1041,"height":833,"url":"https:\/\/homeofwool.com\/wp-content\/uploads\/2025\/09\/home-of-wool-100-linen-fabric-1-main.jpg","type":"image\/jpeg"}],"twitter_card":"summary_large_image","twitter_misc":{"Tempo di lettura stimato":"2 minuti"},"schema":{"@context":"https:\/\/schema.org","@graph":[{"@type":"WebPage","@id":"https:\/\/homeofwool.com\/shop\/linen-fabric\/","url":"https:\/\/homeofwool.com\/shop\/linen-fabric\/","name":"Tessuto in lino naturale 100% \u2013 Certificato, traspirante e resistente | Home of Wool","isPartOf":{"@id":"https:\/\/homeofwool.com\/#website"},"primaryImageOfPage":{"@id":"https:\/\/homeofwool.com\/shop\/linen-fabric\/#primaryimage"},"image":{"@id":"https:\/\/homeofwool.com\/shop\/linen-fabric\/#primaryimage"},"thumbnailUrl":"https:\/\/homeofwool.com\/wp-content\/uploads\/2025\/09\/home-of-wool-100-linen-fabric-1-main.jpg","datePublished":"2025-09-02T12:00:50+00:00","dateModified":"2025-09-25T13:30:11+00:00","description":"Durevole e certificato Oeko-Tex, il tessuto di lino testurizzato \u00e8 traspirante ed ecologico, perfetto per cuscini, imbottiture e progetti di bricolage in cui contano il comfort naturale e la qualit\u00e0 senza tossine.","breadcrumb":{"@id":"https:\/\/homeofwool.com\/shop\/linen-fabric\/#breadcrumb"},"inLanguage":"it-IT","potentialAction":[{"@type":"ReadAction","target":["https:\/\/homeofwool.com\/shop\/linen-fabric\/"]}]},{"@type":"ImageObject","inLanguage":"it-IT","@id":"https:\/\/homeofwool.com\/shop\/linen-fabric\/#primaryimage","url":"https:\/\/homeofwool.com\/wp-content\/uploads\/2025\/09\/home-of-wool-100-linen-fabric-1-main.jpg","contentUrl":"https:\/\/homeofwool.com\/wp-content\/uploads\/2025\/09\/home-of-wool-100-linen-fabric-1-main.jpg","width":1041,"height":833,"caption":"100% linen fabric close up"},{"@type":"BreadcrumbList","@id":"https:\/\/homeofwool.com\/shop\/linen-fabric\/#breadcrumb","itemListElement":[{"@type":"ListItem","position":1,"name":"Home","item":"https:\/\/homeofwool.com\/"},{"@type":"ListItem","position":2,"name":"Products","item":"https:\/\/homeofwool.com\/header-search-2\/"},{"@type":"ListItem","position":3,"name":"100% Linen Fabric"}]},{"@type":"WebSite","@id":"https:\/\/homeofwool.com\/#website","url":"https:\/\/homeofwool.com\/","name":"Casa della lana","description":"","publisher":{"@id":"https:\/\/homeofwool.com\/#organization"},"potentialAction":[{"@type":"SearchAction","target":{"@type":"EntryPoint","urlTemplate":"https:\/\/homeofwool.com\/?s={search_term_string}"},"query-input":{"@type":"PropertyValueSpecification","valueRequired":true,"valueName":"search_term_string"}}],"inLanguage":"it-IT"},{"@type":"Organization","@id":"https:\/\/homeofwool.com\/#organization","name":"Casa della lana","url":"https:\/\/homeofwool.com\/","logo":{"@type":"ImageObject","inLanguage":"it-IT","@id":"https:\/\/homeofwool.com\/#\/schema\/logo\/image\/","url":"https:\/\/homeofwool.com\/wp-content\/uploads\/2025\/09\/WhatsApp-Image-2025-12-02-at-16.23.20.jpeg","contentUrl":"https:\/\/homeofwool.com\/wp-content\/uploads\/2025\/09\/WhatsApp-Image-2025-12-02-at-16.23.20.jpeg","width":700,"height":247,"caption":"Home of Wool"},"image":{"@id":"https:\/\/homeofwool.com\/#\/schema\/logo\/image\/"},"sameAs":["https:\/\/facebook.com\/HomeOfWoolOfficial"]}]}},"_links":{"self":[{"href":"https:\/\/homeofwool.com\/it\/wp-json\/wp\/v2\/product\/217503","targetHints":{"allow":["GET"]}}],"collection":[{"href":"https:\/\/homeofwool.com\/it\/wp-json\/wp\/v2\/product"}],"about":[{"href":"https:\/\/homeofwool.com\/it\/wp-json\/wp\/v2\/types\/product"}],"version-history":[{"count":0,"href":"https:\/\/homeofwool.com\/it\/wp-json\/wp\/v2\/product\/217503\/revisions"}],"wp:featuredmedia":[{"embeddable":true,"href":"https:\/\/homeofwool.com\/it\/wp-json\/wp\/v2\/media\/219238"}],"wp:attachment":[{"href":"https:\/\/homeofwool.com\/it\/wp-json\/wp\/v2\/media?parent=217503"}],"wp:term":[{"taxonomy":"product_brand","embeddable":true,"href":"https:\/\/homeofwool.com\/it\/wp-json\/wp\/v2\/product_brand?post=217503"},{"taxonomy":"product_cat","embeddable":true,"href":"https:\/\/homeofwool.com\/it\/wp-json\/wp\/v2\/product_cat?post=217503"},{"taxonomy":"product_tag","embeddable":true,"href":"https:\/\/homeofwool.com\/it\/wp-json\/wp\/v2\/product_tag?post=217503"}],"curies":[{"name":"wp","href":"https:\/\/api.w.org\/{rel}","templated":true}]}}