{"id":217501,"date":"2025-09-02T12:00:50","date_gmt":"2025-09-02T12:00:50","guid":{"rendered":"https:\/\/homeofwool.com\/?post_type=product&#038;p=217501"},"modified":"2026-02-09T13:06:03","modified_gmt":"2026-02-09T13:06:03","slug":"campioni-di-lana","status":"publish","type":"product","link":"https:\/\/homeofwool.com\/it\/shop\/wool-samples\/","title":{"rendered":"Campioni di lana"},"content":{"rendered":"<p>La scelta della giusta imbottitura per la biancheria da letto o i cuscini \u00e8 una decisione profondamente personale, ecco perch\u00e9 offriamo campioni di lana per aiutarti a sentirti sicuro della tua scelta. Ogni campione \u00e8 prelevato dalla stessa lana che utilizziamo in tutta la nostra biancheria da letto e nei nostri materassi. Quando lo tocchi, puoi percepire la consistenza delle fibre e il modo in cui permettono all'aria di circolare in modo cos\u00ec naturale.<\/p>\n<p>Il nostro campione di imbottitura in lana \u00e8 particolarmente utile per chi soffre di allergie, asma o sensibilit\u00e0 e desidera assicurarsi che il materiale sia sicuro e delicato. Il campione consente inoltre di notare la differenza tra l'imbottitura in lana e quella sintetica. Se state pensando di acquistare un nuovo materasso, cuscino o un prodotto personalizzato, provare prima la lana vi dar\u00e0 la certezza di aver fatto la scelta giusta.<\/p>","protected":false},"excerpt":{"rendered":"<p>I nostri campioni di lana ti consentono di provare la purezza e la morbidezza del nostro imbottitura naturale prima di effettuare un acquisto pi\u00f9 consistente. Ogni campione di imbottitura in lana \u00e8 disponibile in una generosa quantit\u00e0, cos\u00ec potrai toccare, annusare e vedere con i tuoi occhi la qualit\u00e0 della nostra imbottitura in lana biologica.<\/p>\n<div class=\"global-icon-set\">\n<div class=\"global-icon-set__items\">\n<div class=\"global-icon-set__item\">\n<div class=\"global-icon-set__image\">\n                                    <img decoding=\"async\" src=\"https:\/\/homeofwool.com\/wp-content\/uploads\/2025\/09\/VOCs-min-300x300.png\" alt=\"voci libere\" \/>\n                                <\/div>\n<div class=\"global-icon-set__title\">Senza COV<\/div>\n<\/p><\/div>\n<div class=\"global-icon-set__item\">\n<div class=\"global-icon-set__image\">\n                                    <img decoding=\"async\" src=\"https:\/\/homeofwool.com\/wp-content\/uploads\/2025\/09\/FR-min-300x300.png\" alt=\"icona resistente al fuoco\" \/>\n                                <\/div>\n<div class=\"global-icon-set__title\">Resistente alla fiamma<\/div>\n<\/p><\/div>\n<div class=\"global-icon-set__item\">\n<div class=\"global-icon-set__image\">\n                                    <img decoding=\"async\" src=\"https:\/\/homeofwool.com\/wp-content\/uploads\/2025\/09\/Hypoallergenic-min-300x300.png\" alt=\"icona ipoallergenica\" \/>\n                                <\/div>\n<div class=\"global-icon-set__title\">Ipoallergenico<\/div>\n<\/p><\/div>\n<div class=\"global-icon-set__item\">\n<div class=\"global-icon-set__image\">\n                                    <img decoding=\"async\" src=\"https:\/\/homeofwool.com\/wp-content\/uploads\/2025\/09\/free-of-synthetics-icon-300x300.png\" alt=\"icona priva di sostanze sintetiche\" \/>\n                                <\/div>\n<div class=\"global-icon-set__title\">Privo di sostanze sintetiche<\/div>\n<\/p><\/div>\n<div class=\"global-icon-set__item\">\n<div class=\"global-icon-set__image\">\n                                    <img decoding=\"async\" src=\"https:\/\/homeofwool.com\/wp-content\/uploads\/2025\/09\/chemical-free-icon-300x300.png\" alt=\"icona senza sostanze chimiche\" \/>\n                                <\/div>\n<div class=\"global-icon-set__title\">Senza sostanze chimiche<\/div>\n<\/p><\/div>\n<div class=\"global-icon-set__item\">\n<div class=\"global-icon-set__image\">\n                                    <img decoding=\"async\" src=\"https:\/\/homeofwool.com\/wp-content\/uploads\/2025\/09\/anti-bacterial-icon-300x300.png\" alt=\"icona antibatterica\" \/>\n                                <\/div>\n<div class=\"global-icon-set__title\">Antimicrobico e antibatterico<\/div>\n<\/p><\/div>\n<\/p><\/div>\n<\/p><\/div>","protected":false},"featured_media":219184,"template":"","meta":{"_acf_changed":false},"product_brand":[],"product_cat":[253,25],"product_tag":[72,73,74,75,76,77,1370,78,79,80,81,82],"class_list":{"0":"post-217501","1":"product","2":"type-product","3":"status-publish","4":"has-post-thumbnail","6":"product_cat-product-samples","7":"product_cat-wool-fabrics-batting","8":"product_tag-amigurumi-doll-stuffing","9":"product_tag-carded-wool","10":"product_tag-crafts-supplies","11":"product_tag-crochet-doll-stuffing","12":"product_tag-doll-stuffing","13":"product_tag-loose-wool","14":"product_tag-nosteps","15":"product_tag-pure-sheep-wool","16":"product_tag-sofa-stuffing","17":"product_tag-toy-stuffing","18":"product_tag-waldorf-doll-kit","19":"product_tag-wool-pillow-stuffing","21":"first","22":"instock","23":"shipping-taxable","24":"purchasable","25":"product-type-simple"},"acf":[],"yoast_head":"<!-- This site is optimized with the Yoast SEO Premium plugin v27.3 (Yoast SEO v27.3) - https:\/\/yoast.com\/product\/yoast-seo-premium-wordpress\/ -->\n<title>Wool Stuffing Sample \u2013 All-Natural, Unbleached, Undyed | Home of Wool<\/title>\n<meta name=\"description\" content=\"Pure and natural, the Wool Stuffing Sample lets you feel unbleached, undyed wool before use. Breathable, hypoallergenic, and chemical-free, it\u2019s ideal for crafting, DIY, and safe projects.\" \/>\n<meta name=\"robots\" content=\"index, follow, max-snippet:-1, max-image-preview:large, max-video-preview:-1\" \/>\n<link rel=\"canonical\" href=\"https:\/\/homeofwool.com\/it\/negozio\/campioni-di-lana\/\" \/>\n<meta property=\"og:locale\" content=\"it_IT\" \/>\n<meta property=\"og:type\" content=\"article\" \/>\n<meta property=\"og:title\" content=\"Wool Samples\" \/>\n<meta property=\"og:description\" content=\"Pure and natural, the Wool Stuffing Sample lets you feel unbleached, undyed wool before use. Breathable, hypoallergenic, and chemical-free, it\u2019s ideal for crafting, DIY, and safe projects.\" \/>\n<meta property=\"og:url\" content=\"https:\/\/homeofwool.com\/it\/negozio\/campioni-di-lana\/\" \/>\n<meta property=\"og:site_name\" content=\"Home of Wool\" \/>\n<meta property=\"article:publisher\" content=\"https:\/\/facebook.com\/HomeOfWoolOfficial\" \/>\n<meta property=\"article:modified_time\" content=\"2026-02-09T13:06:03+00:00\" \/>\n<meta property=\"og:image\" content=\"https:\/\/homeofwool.com\/wp-content\/uploads\/2025\/09\/home-of-wool-wool-samples-1-main-en.jpg\" \/>\n\t<meta property=\"og:image:width\" content=\"1520\" \/>\n\t<meta property=\"og:image:height\" content=\"1900\" \/>\n\t<meta property=\"og:image:type\" content=\"image\/jpeg\" \/>\n<meta name=\"twitter:card\" content=\"summary_large_image\" \/>\n<meta name=\"twitter:label1\" content=\"Tempo di lettura stimato\" \/>\n\t<meta name=\"twitter:data1\" content=\"1 minuto\" \/>\n<script type=\"application\/ld+json\" class=\"yoast-schema-graph\">{\"@context\":\"https:\\\/\\\/schema.org\",\"@graph\":[{\"@type\":\"WebPage\",\"@id\":\"https:\\\/\\\/homeofwool.com\\\/de\\\/shop\\\/wollproben\\\/\",\"url\":\"https:\\\/\\\/homeofwool.com\\\/de\\\/shop\\\/wollproben\\\/\",\"name\":\"Wool Stuffing Sample \u2013 All-Natural, Unbleached, Undyed | Home of Wool\",\"isPartOf\":{\"@id\":\"https:\\\/\\\/homeofwool.com\\\/#website\"},\"primaryImageOfPage\":{\"@id\":\"https:\\\/\\\/homeofwool.com\\\/de\\\/shop\\\/wollproben\\\/#primaryimage\"},\"image\":{\"@id\":\"https:\\\/\\\/homeofwool.com\\\/de\\\/shop\\\/wollproben\\\/#primaryimage\"},\"thumbnailUrl\":\"https:\\\/\\\/homeofwool.com\\\/wp-content\\\/uploads\\\/2025\\\/09\\\/home-of-wool-wool-samples-1-main-en.jpg\",\"datePublished\":\"2025-09-02T12:00:50+00:00\",\"dateModified\":\"2026-02-09T13:06:03+00:00\",\"description\":\"Pure and natural, the Wool Stuffing Sample lets you feel unbleached, undyed wool before use. Breathable, hypoallergenic, and chemical-free, it\u2019s ideal for crafting, DIY, and safe projects.\",\"breadcrumb\":{\"@id\":\"https:\\\/\\\/homeofwool.com\\\/de\\\/shop\\\/wollproben\\\/#breadcrumb\"},\"inLanguage\":\"it-IT\",\"potentialAction\":[{\"@type\":\"ReadAction\",\"target\":[\"https:\\\/\\\/homeofwool.com\\\/de\\\/shop\\\/wollproben\\\/\"]}]},{\"@type\":\"ImageObject\",\"inLanguage\":\"it-IT\",\"@id\":\"https:\\\/\\\/homeofwool.com\\\/de\\\/shop\\\/wollproben\\\/#primaryimage\",\"url\":\"https:\\\/\\\/homeofwool.com\\\/wp-content\\\/uploads\\\/2025\\\/09\\\/home-of-wool-wool-samples-1-main-en.jpg\",\"contentUrl\":\"https:\\\/\\\/homeofwool.com\\\/wp-content\\\/uploads\\\/2025\\\/09\\\/home-of-wool-wool-samples-1-main-en.jpg\",\"width\":1520,\"height\":1900,\"caption\":\"handful of wool on a branded cardboard piece tied with jude twine\"},{\"@type\":\"BreadcrumbList\",\"@id\":\"https:\\\/\\\/homeofwool.com\\\/de\\\/shop\\\/wollproben\\\/#breadcrumb\",\"itemListElement\":[{\"@type\":\"ListItem\",\"position\":1,\"name\":\"Home\",\"item\":\"https:\\\/\\\/homeofwool.com\\\/\"},{\"@type\":\"ListItem\",\"position\":2,\"name\":\"Products\",\"item\":\"https:\\\/\\\/homeofwool.com\\\/header-search-2\\\/\"},{\"@type\":\"ListItem\",\"position\":3,\"name\":\"Wool Samples\"}]},{\"@type\":\"WebSite\",\"@id\":\"https:\\\/\\\/homeofwool.com\\\/#website\",\"url\":\"https:\\\/\\\/homeofwool.com\\\/\",\"name\":\"Home of Wool\",\"description\":\"\",\"publisher\":{\"@id\":\"https:\\\/\\\/homeofwool.com\\\/#organization\"},\"potentialAction\":[{\"@type\":\"SearchAction\",\"target\":{\"@type\":\"EntryPoint\",\"urlTemplate\":\"https:\\\/\\\/homeofwool.com\\\/?s={search_term_string}\"},\"query-input\":{\"@type\":\"PropertyValueSpecification\",\"valueRequired\":true,\"valueName\":\"search_term_string\"}}],\"inLanguage\":\"it-IT\"},{\"@type\":\"Organization\",\"@id\":\"https:\\\/\\\/homeofwool.com\\\/#organization\",\"name\":\"Home of Wool\",\"url\":\"https:\\\/\\\/homeofwool.com\\\/\",\"logo\":{\"@type\":\"ImageObject\",\"inLanguage\":\"it-IT\",\"@id\":\"https:\\\/\\\/homeofwool.com\\\/#\\\/schema\\\/logo\\\/image\\\/\",\"url\":\"https:\\\/\\\/homeofwool.com\\\/wp-content\\\/uploads\\\/2025\\\/09\\\/WhatsApp-Image-2025-12-02-at-16.23.20.jpeg\",\"contentUrl\":\"https:\\\/\\\/homeofwool.com\\\/wp-content\\\/uploads\\\/2025\\\/09\\\/WhatsApp-Image-2025-12-02-at-16.23.20.jpeg\",\"width\":700,\"height\":247,\"caption\":\"Home of Wool\"},\"image\":{\"@id\":\"https:\\\/\\\/homeofwool.com\\\/#\\\/schema\\\/logo\\\/image\\\/\"},\"sameAs\":[\"https:\\\/\\\/facebook.com\\\/HomeOfWoolOfficial\"]}]}<\/script>\n<!-- \/ Yoast SEO Premium plugin. -->","yoast_head_json":{"title":"Campione di imbottitura in lana \u2013 Completamente naturale, non sbiancata, non tinta | Home of Wool","description":"Puro e naturale, il campione di imbottitura in lana ti permette di toccare con mano la lana non sbiancata e non tinta prima dell'uso. Traspirante, ipoallergenico e privo di sostanze chimiche, \u00e8 ideale per lavori artigianali, fai da te e progetti sicuri.","robots":{"index":"index","follow":"follow","max-snippet":"max-snippet:-1","max-image-preview":"max-image-preview:large","max-video-preview":"max-video-preview:-1"},"canonical":"https:\/\/homeofwool.com\/it\/negozio\/campioni-di-lana\/","og_locale":"it_IT","og_type":"article","og_title":"Wool Samples","og_description":"Pure and natural, the Wool Stuffing Sample lets you feel unbleached, undyed wool before use. Breathable, hypoallergenic, and chemical-free, it\u2019s ideal for crafting, DIY, and safe projects.","og_url":"https:\/\/homeofwool.com\/it\/negozio\/campioni-di-lana\/","og_site_name":"Home of Wool","article_publisher":"https:\/\/facebook.com\/HomeOfWoolOfficial","article_modified_time":"2026-02-09T13:06:03+00:00","og_image":[{"width":1520,"height":1900,"url":"https:\/\/homeofwool.com\/wp-content\/uploads\/2025\/09\/home-of-wool-wool-samples-1-main-en.jpg","type":"image\/jpeg"}],"twitter_card":"summary_large_image","twitter_misc":{"Tempo di lettura stimato":"1 minuto"},"schema":{"@context":"https:\/\/schema.org","@graph":[{"@type":"WebPage","@id":"https:\/\/homeofwool.com\/de\/shop\/wollproben\/","url":"https:\/\/homeofwool.com\/de\/shop\/wollproben\/","name":"Campione di imbottitura in lana \u2013 Completamente naturale, non sbiancata, non tinta | Home of Wool","isPartOf":{"@id":"https:\/\/homeofwool.com\/#website"},"primaryImageOfPage":{"@id":"https:\/\/homeofwool.com\/de\/shop\/wollproben\/#primaryimage"},"image":{"@id":"https:\/\/homeofwool.com\/de\/shop\/wollproben\/#primaryimage"},"thumbnailUrl":"https:\/\/homeofwool.com\/wp-content\/uploads\/2025\/09\/home-of-wool-wool-samples-1-main-en.jpg","datePublished":"2025-09-02T12:00:50+00:00","dateModified":"2026-02-09T13:06:03+00:00","description":"Puro e naturale, il campione di imbottitura in lana ti permette di toccare con mano la lana non sbiancata e non tinta prima dell'uso. Traspirante, ipoallergenico e privo di sostanze chimiche, \u00e8 ideale per lavori artigianali, fai da te e progetti sicuri.","breadcrumb":{"@id":"https:\/\/homeofwool.com\/de\/shop\/wollproben\/#breadcrumb"},"inLanguage":"it-IT","potentialAction":[{"@type":"ReadAction","target":["https:\/\/homeofwool.com\/de\/shop\/wollproben\/"]}]},{"@type":"ImageObject","inLanguage":"it-IT","@id":"https:\/\/homeofwool.com\/de\/shop\/wollproben\/#primaryimage","url":"https:\/\/homeofwool.com\/wp-content\/uploads\/2025\/09\/home-of-wool-wool-samples-1-main-en.jpg","contentUrl":"https:\/\/homeofwool.com\/wp-content\/uploads\/2025\/09\/home-of-wool-wool-samples-1-main-en.jpg","width":1520,"height":1900,"caption":"handful of wool on a branded cardboard piece tied with jude twine"},{"@type":"BreadcrumbList","@id":"https:\/\/homeofwool.com\/de\/shop\/wollproben\/#breadcrumb","itemListElement":[{"@type":"ListItem","position":1,"name":"Home","item":"https:\/\/homeofwool.com\/"},{"@type":"ListItem","position":2,"name":"Products","item":"https:\/\/homeofwool.com\/header-search-2\/"},{"@type":"ListItem","position":3,"name":"Wool Samples"}]},{"@type":"WebSite","@id":"https:\/\/homeofwool.com\/#website","url":"https:\/\/homeofwool.com\/","name":"Casa della lana","description":"","publisher":{"@id":"https:\/\/homeofwool.com\/#organization"},"potentialAction":[{"@type":"SearchAction","target":{"@type":"EntryPoint","urlTemplate":"https:\/\/homeofwool.com\/?s={search_term_string}"},"query-input":{"@type":"PropertyValueSpecification","valueRequired":true,"valueName":"search_term_string"}}],"inLanguage":"it-IT"},{"@type":"Organization","@id":"https:\/\/homeofwool.com\/#organization","name":"Casa della lana","url":"https:\/\/homeofwool.com\/","logo":{"@type":"ImageObject","inLanguage":"it-IT","@id":"https:\/\/homeofwool.com\/#\/schema\/logo\/image\/","url":"https:\/\/homeofwool.com\/wp-content\/uploads\/2025\/09\/WhatsApp-Image-2025-12-02-at-16.23.20.jpeg","contentUrl":"https:\/\/homeofwool.com\/wp-content\/uploads\/2025\/09\/WhatsApp-Image-2025-12-02-at-16.23.20.jpeg","width":700,"height":247,"caption":"Home of Wool"},"image":{"@id":"https:\/\/homeofwool.com\/#\/schema\/logo\/image\/"},"sameAs":["https:\/\/facebook.com\/HomeOfWoolOfficial"]}]}},"_links":{"self":[{"href":"https:\/\/homeofwool.com\/it\/wp-json\/wp\/v2\/product\/217501","targetHints":{"allow":["GET"]}}],"collection":[{"href":"https:\/\/homeofwool.com\/it\/wp-json\/wp\/v2\/product"}],"about":[{"href":"https:\/\/homeofwool.com\/it\/wp-json\/wp\/v2\/types\/product"}],"version-history":[{"count":1,"href":"https:\/\/homeofwool.com\/it\/wp-json\/wp\/v2\/product\/217501\/revisions"}],"predecessor-version":[{"id":227507,"href":"https:\/\/homeofwool.com\/it\/wp-json\/wp\/v2\/product\/217501\/revisions\/227507"}],"wp:featuredmedia":[{"embeddable":true,"href":"https:\/\/homeofwool.com\/it\/wp-json\/wp\/v2\/media\/219184"}],"wp:attachment":[{"href":"https:\/\/homeofwool.com\/it\/wp-json\/wp\/v2\/media?parent=217501"}],"wp:term":[{"taxonomy":"product_brand","embeddable":true,"href":"https:\/\/homeofwool.com\/it\/wp-json\/wp\/v2\/product_brand?post=217501"},{"taxonomy":"product_cat","embeddable":true,"href":"https:\/\/homeofwool.com\/it\/wp-json\/wp\/v2\/product_cat?post=217501"},{"taxonomy":"product_tag","embeddable":true,"href":"https:\/\/homeofwool.com\/it\/wp-json\/wp\/v2\/product_tag?post=217501"}],"curies":[{"name":"wp","href":"https:\/\/api.w.org\/{rel}","templated":true}]}}