{"id":220073,"date":"2025-09-27T08:35:33","date_gmt":"2025-09-27T08:35:33","guid":{"rendered":"https:\/\/homeofwool.com\/our-mission\/"},"modified":"2025-11-28T10:00:59","modified_gmt":"2025-11-28T10:00:59","slug":"la-nostra-missione","status":"publish","type":"page","link":"https:\/\/homeofwool.com\/it\/our-mission\/","title":{"rendered":"La nostra missione"},"content":{"rendered":"<div data-elementor-type=\"wp-page\" data-elementor-id=\"220073\" class=\"elementor elementor-220073\" data-elementor-post-type=\"page\">\n\t\t\t\t<div class=\"elementor-element elementor-element-001a216 page_content e-flex e-con-boxed e-con e-parent\" data-id=\"001a216\" data-element_type=\"container\" data-e-type=\"container\">\n\t\t\t\t\t<div class=\"e-con-inner\">\n\t\t\t\t<div class=\"elementor-element elementor-element-a47db14 elementor-widget elementor-widget-heading\" data-id=\"a47db14\" data-element_type=\"widget\" data-e-type=\"widget\" data-widget_type=\"heading.default\">\n\t\t\t\t\t<h1 class=\"elementor-heading-title elementor-size-default\">La nostra missione\n<\/h1>\t\t\t\t<\/div>\n\t\t\t\t<div class=\"elementor-element elementor-element-f22df8f elementor-widget elementor-widget-text-editor\" data-id=\"f22df8f\" data-element_type=\"widget\" data-e-type=\"widget\" data-widget_type=\"text-editor.default\">\n\t\t\t\t\t\t\t\t\t<p>Noi di Home of Wool ci dedichiamo alla realizzazione di materassi, biancheria da letto, articoli per bambini e complementi d'arredo in tessuto biologico puro personalizzati, che ridefiniscono il concetto di comfort e benessere all'interno della vostra casa.<\/p><p>Meriti di dormire sonni tranquilli, svegliarti riposato e vivere in una casa sana. Crediamo che la tua salute non debba mai essere compromessa dagli effetti nocivi delle sostanze sintetiche e chimiche tossiche presenti nella biancheria da letto e nei mobili tradizionali.<\/p><p>Alla base della nostra attivit\u00e0 c'\u00e8 l'idea che la natura ci fornisca tutto ci\u00f2 di cui abbiamo bisogno per creare un livello di comfort senza pari, superiore a qualsiasi alternativa sintetica. Lussuosi, completamente naturali e meticolosamente realizzati a mano, i nostri prodotti sono pensati per creare case sane dove voi e la vostra famiglia potrete godere degli infiniti benefici della lana pura, del lino, della seta e del cotone biologico.<\/p><p>Realizziamo solo prodotti privi di sostanze sintetiche, chimiche e tossine, utilizzando materiali puri e naturali come cotone biologico, lana, lino e seta, che promuovono un ambiente sano in cui vivere, dormire e rilassarsi, aiutandovi a riposare tranquilli sapendo di aver scelto l'opzione pi\u00f9 salutare per voi e i vostri cari!<\/p><p>Realizziamo tutto su misura per te, per il tuo spazio e per le tue esigenze. Ogni persona \u00e8 diversa, quindi dedichiamo il tempo necessario a comprendere le tue esigenze e preferenze e collaboriamo con te per creare una soluzione personalizzata perfetta per te.<\/p><p>Siamo un'azienda a conduzione familiare che si impegna con passione per offrirti i migliori prodotti e la migliore esperienza possibile. Ci impegniamo a garantire la soddisfazione dei nostri clienti e siamo costantemente alla ricerca di innovazioni e nuovi modi per migliorare i nostri prodotti.<\/p><p>I nostri prodotti sono realizzati in modo sostenibile, con un impatto minimo sull'ambiente dall'inizio alla fine, essendo coltivati in modo sostenibile e completamente biodegradabili. Sono progettati per essere facilmente riparati e ricondizionati. Con ogni acquisto, puoi stare tranquillo sapendo che stai avendo un impatto positivo sul pianeta, ottenendo un prodotto ecologico fatto per durare una vita.<\/p><p>Ci teniamo a restituire qualcosa alla comunit\u00e0 e sosteniamo diverse organizzazioni benefiche.<\/p><p>Siamo certi che i nostri prodotti possano aiutarti a dormire meglio, vivere in modo pi\u00f9 sano e creare una casa pi\u00f9 confortevole. Ti invitiamo a unirti alla nostra missione facendo un passo verso la trasformazione del tuo sonno e della tua casa!<\/p>\t\t\t\t\t\t\t\t<\/div>\n\t\t\t\t\t<\/div>\n\t\t\t\t<\/div>\n\t\t\t\t<\/div>","protected":false},"excerpt":{"rendered":"<p>Our Mission At Home of Wool, we are dedicated to crafting custom pure organic mattresses, bedding, kids, and d\u00e9cor textile pieces that redefine the concept of comfort and well-being within your home. You deserve to sleep soundly, wake up feeling refreshed, and live in a healthy home. We believe that your health should never be [&hellip;]<\/p>\n","protected":false},"author":1,"featured_media":0,"parent":0,"menu_order":0,"comment_status":"closed","ping_status":"closed","template":"elementor_header_footer","meta":{"_acf_changed":false,"footnotes":""},"class_list":["post-220073","page","type-page","status-publish","hentry"],"acf":[],"yoast_head":"<!-- This site is optimized with the Yoast SEO Premium plugin v27.3 (Yoast SEO v27.3) - https:\/\/yoast.com\/product\/yoast-seo-premium-wordpress\/ -->\n<title>Our Mission \u2013 Natural, Ethical, Zero-Waste Wool Living | Home of Wool<\/title>\n<meta name=\"description\" content=\"Learn about our mission to create healthier homes with all-natural, toxin-free wool products. We craft responsibly, reduce waste, and design lasting pieces that honour people, animals, and the planet.\" \/>\n<meta name=\"robots\" content=\"index, follow, max-snippet:-1, max-image-preview:large, max-video-preview:-1\" \/>\n<link rel=\"canonical\" href=\"https:\/\/homeofwool.com\/it\/la-nostra-missione\/\" \/>\n<meta property=\"og:locale\" content=\"it_IT\" \/>\n<meta property=\"og:type\" content=\"article\" \/>\n<meta property=\"og:title\" content=\"Our Mission\" \/>\n<meta property=\"og:description\" content=\"Learn about our mission to create healthier homes with all-natural, toxin-free wool products. We craft responsibly, reduce waste, and design lasting pieces that honour people, animals, and the planet.\" \/>\n<meta property=\"og:url\" content=\"https:\/\/homeofwool.com\/it\/la-nostra-missione\/\" \/>\n<meta property=\"og:site_name\" content=\"Home of Wool\" \/>\n<meta property=\"article:publisher\" content=\"https:\/\/facebook.com\/HomeOfWoolOfficial\" \/>\n<meta property=\"article:modified_time\" content=\"2025-11-28T10:00:59+00:00\" \/>\n<meta name=\"twitter:card\" content=\"summary_large_image\" \/>\n<meta name=\"twitter:label1\" content=\"Tempo di lettura stimato\" \/>\n\t<meta name=\"twitter:data1\" content=\"2 minuti\" \/>\n<script type=\"application\/ld+json\" class=\"yoast-schema-graph\">{\"@context\":\"https:\\\/\\\/schema.org\",\"@graph\":[{\"@type\":\"WebPage\",\"@id\":\"https:\\\/\\\/homeofwool.com\\\/our-mission\\\/\",\"url\":\"https:\\\/\\\/homeofwool.com\\\/our-mission\\\/\",\"name\":\"Our Mission \u2013 Natural, Ethical, Zero-Waste Wool Living | Home of Wool\",\"isPartOf\":{\"@id\":\"https:\\\/\\\/homeofwool.com\\\/#website\"},\"datePublished\":\"2025-09-27T08:35:33+00:00\",\"dateModified\":\"2025-11-28T10:00:59+00:00\",\"description\":\"Learn about our mission to create healthier homes with all-natural, toxin-free wool products. We craft responsibly, reduce waste, and design lasting pieces that honour people, animals, and the planet.\",\"breadcrumb\":{\"@id\":\"https:\\\/\\\/homeofwool.com\\\/our-mission\\\/#breadcrumb\"},\"inLanguage\":\"it-IT\",\"potentialAction\":[{\"@type\":\"ReadAction\",\"target\":[\"https:\\\/\\\/homeofwool.com\\\/our-mission\\\/\"]}]},{\"@type\":\"BreadcrumbList\",\"@id\":\"https:\\\/\\\/homeofwool.com\\\/our-mission\\\/#breadcrumb\",\"itemListElement\":[{\"@type\":\"ListItem\",\"position\":1,\"name\":\"Home\",\"item\":\"https:\\\/\\\/homeofwool.com\\\/\"},{\"@type\":\"ListItem\",\"position\":2,\"name\":\"Our Mission\"}]},{\"@type\":\"WebSite\",\"@id\":\"https:\\\/\\\/homeofwool.com\\\/#website\",\"url\":\"https:\\\/\\\/homeofwool.com\\\/\",\"name\":\"Home of Wool\",\"description\":\"\",\"publisher\":{\"@id\":\"https:\\\/\\\/homeofwool.com\\\/#organization\"},\"potentialAction\":[{\"@type\":\"SearchAction\",\"target\":{\"@type\":\"EntryPoint\",\"urlTemplate\":\"https:\\\/\\\/homeofwool.com\\\/?s={search_term_string}\"},\"query-input\":{\"@type\":\"PropertyValueSpecification\",\"valueRequired\":true,\"valueName\":\"search_term_string\"}}],\"inLanguage\":\"it-IT\"},{\"@type\":\"Organization\",\"@id\":\"https:\\\/\\\/homeofwool.com\\\/#organization\",\"name\":\"Home of Wool\",\"url\":\"https:\\\/\\\/homeofwool.com\\\/\",\"logo\":{\"@type\":\"ImageObject\",\"inLanguage\":\"it-IT\",\"@id\":\"https:\\\/\\\/homeofwool.com\\\/#\\\/schema\\\/logo\\\/image\\\/\",\"url\":\"https:\\\/\\\/homeofwool.com\\\/wp-content\\\/uploads\\\/2025\\\/09\\\/WhatsApp-Image-2025-12-02-at-16.23.20.jpeg\",\"contentUrl\":\"https:\\\/\\\/homeofwool.com\\\/wp-content\\\/uploads\\\/2025\\\/09\\\/WhatsApp-Image-2025-12-02-at-16.23.20.jpeg\",\"width\":700,\"height\":247,\"caption\":\"Home of Wool\"},\"image\":{\"@id\":\"https:\\\/\\\/homeofwool.com\\\/#\\\/schema\\\/logo\\\/image\\\/\"},\"sameAs\":[\"https:\\\/\\\/facebook.com\\\/HomeOfWoolOfficial\"]}]}<\/script>\n<!-- \/ Yoast SEO Premium plugin. -->","yoast_head_json":{"title":"La nostra missione: uno stile di vita naturale, etico e a rifiuti zero grazie alla lana | Home of Wool","description":"Scopri la nostra missione: creare case pi\u00f9 sane con prodotti in lana completamente naturali e privi di sostanze tossiche. Produciamo in modo responsabile, riduciamo gli sprechi e progettiamo articoli durevoli che rispettano le persone, gli animali e il pianeta.","robots":{"index":"index","follow":"follow","max-snippet":"max-snippet:-1","max-image-preview":"max-image-preview:large","max-video-preview":"max-video-preview:-1"},"canonical":"https:\/\/homeofwool.com\/it\/la-nostra-missione\/","og_locale":"it_IT","og_type":"article","og_title":"Our Mission","og_description":"Learn about our mission to create healthier homes with all-natural, toxin-free wool products. We craft responsibly, reduce waste, and design lasting pieces that honour people, animals, and the planet.","og_url":"https:\/\/homeofwool.com\/it\/la-nostra-missione\/","og_site_name":"Home of Wool","article_publisher":"https:\/\/facebook.com\/HomeOfWoolOfficial","article_modified_time":"2025-11-28T10:00:59+00:00","twitter_card":"summary_large_image","twitter_misc":{"Tempo di lettura stimato":"2 minuti"},"schema":{"@context":"https:\/\/schema.org","@graph":[{"@type":"WebPage","@id":"https:\/\/homeofwool.com\/our-mission\/","url":"https:\/\/homeofwool.com\/our-mission\/","name":"La nostra missione: uno stile di vita naturale, etico e a rifiuti zero grazie alla lana | Home of Wool","isPartOf":{"@id":"https:\/\/homeofwool.com\/#website"},"datePublished":"2025-09-27T08:35:33+00:00","dateModified":"2025-11-28T10:00:59+00:00","description":"Scopri la nostra missione: creare case pi\u00f9 sane con prodotti in lana completamente naturali e privi di sostanze tossiche. Produciamo in modo responsabile, riduciamo gli sprechi e progettiamo articoli durevoli che rispettano le persone, gli animali e il pianeta.","breadcrumb":{"@id":"https:\/\/homeofwool.com\/our-mission\/#breadcrumb"},"inLanguage":"it-IT","potentialAction":[{"@type":"ReadAction","target":["https:\/\/homeofwool.com\/our-mission\/"]}]},{"@type":"BreadcrumbList","@id":"https:\/\/homeofwool.com\/our-mission\/#breadcrumb","itemListElement":[{"@type":"ListItem","position":1,"name":"Home","item":"https:\/\/homeofwool.com\/"},{"@type":"ListItem","position":2,"name":"Our Mission"}]},{"@type":"WebSite","@id":"https:\/\/homeofwool.com\/#website","url":"https:\/\/homeofwool.com\/","name":"Casa della lana","description":"","publisher":{"@id":"https:\/\/homeofwool.com\/#organization"},"potentialAction":[{"@type":"SearchAction","target":{"@type":"EntryPoint","urlTemplate":"https:\/\/homeofwool.com\/?s={search_term_string}"},"query-input":{"@type":"PropertyValueSpecification","valueRequired":true,"valueName":"search_term_string"}}],"inLanguage":"it-IT"},{"@type":"Organization","@id":"https:\/\/homeofwool.com\/#organization","name":"Casa della lana","url":"https:\/\/homeofwool.com\/","logo":{"@type":"ImageObject","inLanguage":"it-IT","@id":"https:\/\/homeofwool.com\/#\/schema\/logo\/image\/","url":"https:\/\/homeofwool.com\/wp-content\/uploads\/2025\/09\/WhatsApp-Image-2025-12-02-at-16.23.20.jpeg","contentUrl":"https:\/\/homeofwool.com\/wp-content\/uploads\/2025\/09\/WhatsApp-Image-2025-12-02-at-16.23.20.jpeg","width":700,"height":247,"caption":"Home of Wool"},"image":{"@id":"https:\/\/homeofwool.com\/#\/schema\/logo\/image\/"},"sameAs":["https:\/\/facebook.com\/HomeOfWoolOfficial"]}]}},"_links":{"self":[{"href":"https:\/\/homeofwool.com\/it\/wp-json\/wp\/v2\/pages\/220073","targetHints":{"allow":["GET"]}}],"collection":[{"href":"https:\/\/homeofwool.com\/it\/wp-json\/wp\/v2\/pages"}],"about":[{"href":"https:\/\/homeofwool.com\/it\/wp-json\/wp\/v2\/types\/page"}],"author":[{"embeddable":true,"href":"https:\/\/homeofwool.com\/it\/wp-json\/wp\/v2\/users\/1"}],"replies":[{"embeddable":true,"href":"https:\/\/homeofwool.com\/it\/wp-json\/wp\/v2\/comments?post=220073"}],"version-history":[{"count":0,"href":"https:\/\/homeofwool.com\/it\/wp-json\/wp\/v2\/pages\/220073\/revisions"}],"wp:attachment":[{"href":"https:\/\/homeofwool.com\/it\/wp-json\/wp\/v2\/media?parent=220073"}],"curies":[{"name":"wp","href":"https:\/\/api.w.org\/{rel}","templated":true}]}}