{"id":219982,"date":"2025-09-27T08:34:20","date_gmt":"2025-09-27T08:34:20","guid":{"rendered":"https:\/\/homeofwool.com\/delivery-returns\/"},"modified":"2026-01-14T09:39:25","modified_gmt":"2026-01-14T09:39:25","slug":"resi-di-consegna","status":"publish","type":"page","link":"https:\/\/homeofwool.com\/it\/delivery-returns\/","title":{"rendered":"Consegna e restituzione"},"content":{"rendered":"<div data-elementor-type=\"wp-page\" data-elementor-id=\"219982\" class=\"elementor elementor-219982\" data-elementor-post-type=\"page\">\n\t\t\t\t<div class=\"elementor-element elementor-element-650a4cd page_content e-flex e-con-boxed e-con e-parent\" data-id=\"650a4cd\" data-element_type=\"container\" data-e-type=\"container\">\n\t\t\t\t\t<div class=\"e-con-inner\">\n\t\t\t\t<div class=\"elementor-element elementor-element-dde89e9 elementor-widget elementor-widget-heading\" data-id=\"dde89e9\" data-element_type=\"widget\" data-e-type=\"widget\" data-widget_type=\"heading.default\">\n\t\t\t\t\t<h1 class=\"elementor-heading-title elementor-size-default\">Consegna e resi<\/h1>\t\t\t\t<\/div>\n\t\t\t\t<div class=\"elementor-element elementor-element-9d3f92a elementor-widget elementor-widget-heading\" data-id=\"9d3f92a\" data-element_type=\"widget\" data-e-type=\"widget\" data-widget_type=\"heading.default\">\n\t\t\t\t\t<h2 class=\"elementor-heading-title elementor-size-default\">Spedizione<\/h2>\t\t\t\t<\/div>\n\t\t\t\t<div class=\"elementor-element elementor-element-ca08fbf page_content elementor-widget elementor-widget-text-editor\" data-id=\"ca08fbf\" data-element_type=\"widget\" data-e-type=\"widget\" data-widget_type=\"text-editor.default\">\n\t\t\t\t\t\t\t\t\t<div class=\"wpb_text_column wpb_content_element\"><div class=\"wpb_wrapper\"><div class=\"wpb_text_column wpb_content_element\"><div class=\"wpb_wrapper\"><div class=\"wpb_column vc_column_container vc_col-sm-8 et-dark-column\"><div class=\"vc_column-inner\"><div class=\"wpb_wrapper\"><div class=\"wpb_text_column wpb_content_element\"><div class=\"wpb_wrapper\"><div class=\"vc_tta-panel-body\"><div class=\"wpb_text_column wpb_content_element\"><div class=\"wpb_wrapper\"><p>Spediamo in tutto il mondo e offriamo <strong>Spedizione gratuita in tutto il mondo per tutti gli ordini<\/strong>, direttamente a casa tua. Sono disponibili anche opzioni di spedizione a pagamento, vedi sotto.<\/p><p>Tutte le spedizioni verso tutti i paesi vengono effettuate in modalit\u00e0 DDP (delivery duty paid), quindi le tasse e i dazi sono inclusi nel prezzo finale e riceverai il pacco direttamente a casa tua, senza bisogno di sdoganarlo.<\/p><p>Per gli Emirati Arabi Uniti: i pacchi provenienti dall'estero devono essere ritirati di persona presso l'ufficio postale centrale.<\/p><p>Possiamo anche effettuare consegne a caselle postali, ma assicurati che la tua casella postale possa accettare pacchi di queste dimensioni, altrimenti il tuo pacco potrebbe essere restituito.<\/p><p>Ti consigliamo vivamente di seguire le informazioni di tracciamento online per aggiornamenti dettagliati, in modo da sapere quando il tuo pacco arriver\u00e0 all'ufficio postale.<\/p><p>Tutti gli articoli sono confezionati in plastica riciclabile, che protegge da sporco, acqua e forature.<\/p><p>Si prega di controllare il pacco al momento della consegna e di non accettarlo se danneggiato. In questo modo il pacco ci verr\u00e0 restituito e provvederemo a inviarne uno nuovo. Se si accetta un pacco danneggiato, non saremo in grado di risarcirvi.<\/p><p><span data-teams=\"true\">Per le consegne negli Stati Uniti: La U.S. Customs and Border Protection pu\u00f2 occasionalmente mettere una spedizione in attesa se viene esaminata in base alle norme antidumping\/dazi compensativi (AD\/CVD) degli Stati Uniti. In tal caso, FedEx potrebbe non essere in grado di sdoganare la spedizione con la propria cauzione e a voi (il destinatario\/importatore di riferimento) potrebbe essere richiesto di collaborare con FedEx o con un altro intermediario doganale per costituire una cauzione doganale e pagare i dazi\/tasse richiesti (deposito in contanti) per rilasciare il pacco. Questi requisiti sono stabiliti dalle autorit\u00e0 statunitensi e sono al di fuori del controllo del mittente e di FedEx.<\/span>\u00a0<\/p><\/div><\/div><\/div><\/div><\/div><div class=\"wpb_text_column wpb_content_element\"><div class=\"wpb_wrapper\"><h2>Condizioni di spedizione gratuita<\/h2><div class=\"vc_tta-panel-body\"><div class=\"wpb_text_column wpb_content_element\"><div class=\"wpb_wrapper\"><p><strong>Prezzo<\/strong>: Gratuito in qualsiasi parte del mondo<\/p><p><strong>Vettore<\/strong>:<br \/>Le Poste bulgare collaborano con le poste nazionali del tuo Paese, come USPS negli Stati Uniti, Canada Post, Parcel Force nel Regno Unito, Australia Post, ecc. Tutte sono affidabili al 100% e non abbiamo mai perso un pacco tra le migliaia che abbiamo spedito finora usando loro.<\/p><p><strong>Condizioni di consegna:<\/strong><br \/>Per la posta raccomandata \u00e8 richiesta una firma al momento della consegna. Se non sei a casa al momento della consegna, il pacco verr\u00e0 gestito secondo le politiche delle poste nazionali. Nella maggior parte dei casi, come negli Stati Uniti, in Canada, in Australia e nel Regno Unito, ti verr\u00e0 lasciato un avviso per ritirare il pacco presso l'ufficio postale locale o per chiamarli per riprogrammare la consegna in un momento pi\u00f9 opportuno.<\/p><p><strong>Tempi di transito<\/strong>\u00a0(approssimativo, non garantito):<\/p><ul><li style=\"margin-bottom: 10px;\">Continente americano \u2013 3 settimane<\/li><li style=\"margin-bottom: 10px;\">Stati Uniti (Hawaii, Alaska) \u2013 4 settimane<\/li><li style=\"margin-bottom: 10px;\">Canada \u2013 3 settimane<\/li><li style=\"margin-bottom: 10px;\">Africa \u2013 3 settimane<\/li><li style=\"margin-bottom: 10px;\">Australia \u2013 3 settimane<\/li><li style=\"margin-bottom: 10px;\">Asia \u2013 3 settimane<\/li><li style=\"margin-bottom: 10px;\">Sud America \u2013 3-4 settimane<\/li><li style=\"margin-bottom: 10px;\">Unione Europea \u2013 2 settimane<\/li><li style=\"margin-bottom: 10px;\">Regno Unito \u2013 2 settimane<\/li><\/ul><\/div><\/div><\/div><\/div><\/div><div class=\"wpb_text_column wpb_content_element\"><div class=\"wpb_wrapper\"><div class=\"vc_tta-panel-body\"><div class=\"wpb_text_column wpb_content_element\"><div class=\"wpb_wrapper\"><h2>Condizioni di spedizione espressa in 3 giorni<\/h2><p><strong>Prezzo<\/strong>: Si prega di utilizzare il designato\u00a0<a href=\"https:\/\/homeofwool.com\/it\/negozio\/costo-aggiuntivo\/\">Aggiornamento alla consegna espressa<\/a>\u00a0inserimento nel nostro negozio o inviateci un messaggio per un preventivo delle spese di spedizione.<\/p><p><strong>Vettore<\/strong>: DHL<\/p><p><strong>Condizioni di consegna:<\/strong><br \/>Il numero di telefono \u00e8 necessario per la spedizione. I pacchi vengono consegnati a domicilio ed \u00e8 richiesta una firma per accettarli.<\/p><p><strong>Tempi di transito<\/strong>\u00a0(garantito):<\/p><ul><li>In tutto il mondo \u2013 3-5 giorni lavorativi<\/li><\/ul><\/div><\/div><\/div><\/div><\/div><div class=\"wpb_text_column wpb_content_element\"><div class=\"wpb_wrapper\"><div class=\"vc_tta-panel-body\"><div class=\"wpb_text_column wpb_content_element\"><div class=\"wpb_wrapper\"><h2>Traccia la tua consegna<\/h2><p>Ti invieremo un numero di tracciamento non appena spediremo il tuo ordine. Ti preghiamo di tenere d'occhio il link di tracciamento utilizzando\u00a0<a href=\"https:\/\/www.track-trace.com\/\" rel=\"nofollow noopener\">www.track-trace.com<\/a>\u00a0oppure sul sito web delle poste nazionali:<\/p><p>Stati Uniti:\u00a0<a href=\"https:\/\/www.usps.com\/\" rel=\"nofollow noopener\">www.usps.com<\/a><br \/>Canada:\u00a0<a href=\"https:\/\/www.canadapost.ca\/cpc\/en\/home.page\" rel=\"nofollow noopener\">www.canadapost.ca<\/a><br \/>Australia:\u00a0<a href=\"https:\/\/auspost.com.au\/\" rel=\"nofollow noopener\">https:\/\/auspost.com.au\/<\/a><br \/>Regno Unito:\u00a0<a href=\"https:\/\/www.parcelforce.com\/\" rel=\"nofollow noopener\">www.parcelforce.com<\/a><\/p><p>Gli aggiornamenti di stato per la spedizione gratuita e prioritaria sono disponibili solo una volta che il pacco entra nella dogana del tuo Paese.<\/p><p>Tutti gli ordini possono essere tracciati\u00a0<strong><a href=\"https:\/\/homeofwool.aftership.com\/\" rel=\"nofollow noopener\">qui<\/a>.<\/strong><\/p><\/div><\/div><\/div><\/div><\/div><div class=\"wpb_text_column wpb_content_element\"><div class=\"wpb_wrapper\"><h2>Pacco smarrito o in ritardo<\/h2><p>Il servizio postale nazionale \u00e8 molto affidabile in tutte le parti del mondo e i pacchi smarriti sono estremamente rari, secondo la nostra esperienza di invio di migliaia di pacchi in oltre 40 paesi, tra cui Stati Uniti, Canada, Australia, Regno Unito, Unione Europea.<br \/>Se un pacco viene smarrito, invieremo gratuitamente un pacco sostitutivo.<br \/>\u00c8 possibile contattarci se il pacco non \u00e8 ancora arrivato nel Paese di destinazione dopo pi\u00f9 di un mese. Non possiamo accelerare la consegna, ma possiamo inviare una richiesta ufficiale alle poste per cercare di localizzare il pacco.<\/p><\/div><\/div><div class=\"wpb_text_column wpb_content_element\"><div class=\"wpb_wrapper\"><h2>Annullamento dell'ordine<\/h2><p>Se desideri annullare il tuo ordine o parte di esso, ti preghiamo di contattarci. Saremo in grado di annullare gli articoli che non abbiamo ancora iniziato a creare.<\/p><\/div><\/div><div class=\"wpb_text_column wpb_content_element\"><div class=\"wpb_wrapper\"><h2>Resi e rimborsi<\/h2><div class=\"vc_tta-panel-body\"><div class=\"wpb_text_column wpb_content_element\"><div class=\"wpb_wrapper\"><ul><li style=\"margin-bottom: 15px;\">Se non sei completamente soddisfatto del tuo acquisto o desideri restituire un articolo, ti preghiamo di, <a href=\"https:\/\/homeofwool.com\/it\/contatto\/\">contattaci<\/a>. <strong>Gli articoli personalizzati e usati non sono restituibili.<br \/><\/strong><ul><li>Indirizzo di ritorno: Bulgaria, Sofia, bul. Simeonovsko shose 24, Codice postale: 1700<\/li><\/ul><\/li><li style=\"margin-bottom: 15px;\">Se il tuo articolo \u00e8 arrivato come descritto e senza difetti di fabbricazione o errori (\u00e8 stato utilizzato un tessuto diverso, \u00e8 stato implementato un design errato, la lunghezza o la larghezza presentano una deviazione superiore a 5%), puoi richiedere la restituzione di un articolo non personalizzato entro le prime 2 settimane dalla consegna. Gli articoli devono essere rispediti entro 30 giorni dalla consegna. I rimborsi escludono le commissioni della piattaforma e di pagamento e possono quindi arrivare fino a 82% del valore dell'ordine.<\/li><li style=\"margin-bottom: 15px;\">Se il tuo articolo presenta un difetto di fabbricazione o un errore (\u00e8 stato utilizzato un tessuto diverso, \u00e8 stato realizzato un design errato, la lunghezza o la larghezza presentano una deviazione superiore a 5%), provvederemo a realizzare e inviare un nuovo articolo o a emettere un rimborso completo per l'articolo difettoso.<\/li><li style=\"margin-bottom: 15px;\">Se il tuo articolo non viene consegnato a causa di un indirizzo incompleto, illeggibile o errato, destinatario non presente all'indirizzo (sconosciuto, trasferito o deceduto); posta non ritirata o rifiutata, l'articolo pu\u00f2 essere rispedito a tue spese, emettendo una fattura per le spese di spedizione di ritorno. Se non desideri che un articolo non personalizzato venga rispedito, potremo emettere un rimborso parziale, escluse le commissioni della piattaforma e di pagamento e le spese di spedizione per il reso, e quindi il rimborso potr\u00e0 arrivare fino a 82% del valore dell'articolo. Gli articoli personalizzati non sono idonei al rimborso e possono solo essere rispediti.<\/li><li style=\"margin-bottom: 15px;\">Se il tuo articolo \u00e8 stato approvato per la restituzione, dichiara il valore inferiore a $15, altrimenti verranno applicate le tasse doganali anche se non si tratta di un acquisto ma di una restituzione. Se vengono addebitate spese di importazione, queste saranno detratte dall'importo del rimborso. Gli articoli restituiti devono essere nelle loro condizioni iniziali. I rimborsi vengono emessi dopo che abbiamo ricevuto gli articoli e li abbiamo ispezionati. Le spese di restituzione sono interamente a carico del cliente.<\/li><li style=\"margin-bottom: 15px;\">Resi europei<br \/>I clienti europei possono utilizzare il corriere DPD per restituire i pacchi, compresi i materassi, a un prezzo molto basso, solitamente intorno ai 30-40 euro. Richiedi il ritiro a domicilio, maggiori dettagli su www.dpd.com<\/li><li style=\"margin-bottom: 15px;\"><span data-teams=\"true\">Per le consegne negli Stati Uniti, se la dogana statunitense classifica una spedizione come soggetta a dazi antidumping\/compensativi (AD\/CVD) e richiede all'importatore di ottenere una cauzione doganale statunitense (spesso tramite un broker) e di pagare i depositi richiesti per i dazi, eventuali trattenute doganali risultanti, ritardi nello sdoganamento o spese aggiuntive sono al di fuori del nostro controllo e di FedEx e, una volta spedita, non sono rimborsabili.<\/span><\/li><\/ul><p>Tutti i rimborsi saranno accreditati sulla stessa carta utilizzata per effettuare il pagamento. Il trasferimento pu\u00f2 richiedere fino a 3 giorni lavorativi dopo l'emissione del rimborso.<\/p><\/div><\/div><\/div><\/div><\/div><\/div><\/div><\/div><\/div><\/div><\/div><\/div>\t\t\t\t\t\t\t\t<\/div>\n\t\t\t\t\t<\/div>\n\t\t\t\t<\/div>\n\t\t\t\t<\/div>","protected":false},"excerpt":{"rendered":"<p>Delivery &amp; Returns Shipping We ship globally and offer Free Worldwide Shipping on all orders, to your door.\u00a0Paid shipping options are also available, see below. All countries are shipped on DDP (delivery duty paid) basis, so taxes and duties are included in the final price and you will receive the package at your door, you [&hellip;]<\/p>\n","protected":false},"author":1,"featured_media":0,"parent":0,"menu_order":0,"comment_status":"closed","ping_status":"closed","template":"elementor_header_footer","meta":{"_acf_changed":false,"footnotes":""},"class_list":["post-219982","page","type-page","status-publish","hentry"],"acf":[],"yoast_head":"<!-- This site is optimized with the Yoast SEO Premium plugin v27.3 (Yoast SEO v27.3) - https:\/\/yoast.com\/product\/yoast-seo-premium-wordpress\/ -->\n<title>Delivery &amp; Returns | Home of Wool<\/title>\n<meta name=\"description\" content=\"Learn about our delivery options, shipping times, and return policy for Home of Wool products. Find details on international orders, exchanges, and how we handle each parcel with care from our atelier to your home.\" \/>\n<meta name=\"robots\" content=\"index, follow, max-snippet:-1, max-image-preview:large, max-video-preview:-1\" \/>\n<link rel=\"canonical\" href=\"https:\/\/homeofwool.com\/it\/resi-di-consegna\/\" \/>\n<meta property=\"og:locale\" content=\"it_IT\" \/>\n<meta property=\"og:type\" content=\"article\" \/>\n<meta property=\"og:title\" content=\"Delivery Returns\" \/>\n<meta property=\"og:description\" content=\"Learn about our delivery options, shipping times, and return policy for Home of Wool products. Find details on international orders, exchanges, and how we handle each parcel with care from our atelier to your home.\" \/>\n<meta property=\"og:url\" content=\"https:\/\/homeofwool.com\/it\/resi-di-consegna\/\" \/>\n<meta property=\"og:site_name\" content=\"Home of Wool\" \/>\n<meta property=\"article:publisher\" content=\"https:\/\/facebook.com\/HomeOfWoolOfficial\" \/>\n<meta property=\"article:modified_time\" content=\"2026-01-14T09:39:25+00:00\" \/>\n<meta name=\"twitter:card\" content=\"summary_large_image\" \/>\n<meta name=\"twitter:label1\" content=\"Tempo di lettura stimato\" \/>\n\t<meta name=\"twitter:data1\" content=\"5 minuti\" \/>\n<script type=\"application\/ld+json\" class=\"yoast-schema-graph\">{\"@context\":\"https:\\\/\\\/schema.org\",\"@graph\":[{\"@type\":\"WebPage\",\"@id\":\"https:\\\/\\\/homeofwool.com\\\/delivery-returns\\\/\",\"url\":\"https:\\\/\\\/homeofwool.com\\\/delivery-returns\\\/\",\"name\":\"Delivery & Returns | Home of Wool\",\"isPartOf\":{\"@id\":\"https:\\\/\\\/homeofwool.com\\\/#website\"},\"datePublished\":\"2025-09-27T08:34:20+00:00\",\"dateModified\":\"2026-01-14T09:39:25+00:00\",\"description\":\"Learn about our delivery options, shipping times, and return policy for Home of Wool products. Find details on international orders, exchanges, and how we handle each parcel with care from our atelier to your home.\",\"breadcrumb\":{\"@id\":\"https:\\\/\\\/homeofwool.com\\\/delivery-returns\\\/#breadcrumb\"},\"inLanguage\":\"it-IT\",\"potentialAction\":[{\"@type\":\"ReadAction\",\"target\":[\"https:\\\/\\\/homeofwool.com\\\/delivery-returns\\\/\"]}]},{\"@type\":\"BreadcrumbList\",\"@id\":\"https:\\\/\\\/homeofwool.com\\\/delivery-returns\\\/#breadcrumb\",\"itemListElement\":[{\"@type\":\"ListItem\",\"position\":1,\"name\":\"Home\",\"item\":\"https:\\\/\\\/homeofwool.com\\\/\"},{\"@type\":\"ListItem\",\"position\":2,\"name\":\"Delivery Returns\"}]},{\"@type\":\"WebSite\",\"@id\":\"https:\\\/\\\/homeofwool.com\\\/#website\",\"url\":\"https:\\\/\\\/homeofwool.com\\\/\",\"name\":\"Home of Wool\",\"description\":\"\",\"publisher\":{\"@id\":\"https:\\\/\\\/homeofwool.com\\\/#organization\"},\"potentialAction\":[{\"@type\":\"SearchAction\",\"target\":{\"@type\":\"EntryPoint\",\"urlTemplate\":\"https:\\\/\\\/homeofwool.com\\\/?s={search_term_string}\"},\"query-input\":{\"@type\":\"PropertyValueSpecification\",\"valueRequired\":true,\"valueName\":\"search_term_string\"}}],\"inLanguage\":\"it-IT\"},{\"@type\":\"Organization\",\"@id\":\"https:\\\/\\\/homeofwool.com\\\/#organization\",\"name\":\"Home of Wool\",\"url\":\"https:\\\/\\\/homeofwool.com\\\/\",\"logo\":{\"@type\":\"ImageObject\",\"inLanguage\":\"it-IT\",\"@id\":\"https:\\\/\\\/homeofwool.com\\\/#\\\/schema\\\/logo\\\/image\\\/\",\"url\":\"https:\\\/\\\/homeofwool.com\\\/wp-content\\\/uploads\\\/2025\\\/09\\\/WhatsApp-Image-2025-12-02-at-16.23.20.jpeg\",\"contentUrl\":\"https:\\\/\\\/homeofwool.com\\\/wp-content\\\/uploads\\\/2025\\\/09\\\/WhatsApp-Image-2025-12-02-at-16.23.20.jpeg\",\"width\":700,\"height\":247,\"caption\":\"Home of Wool\"},\"image\":{\"@id\":\"https:\\\/\\\/homeofwool.com\\\/#\\\/schema\\\/logo\\\/image\\\/\"},\"sameAs\":[\"https:\\\/\\\/facebook.com\\\/HomeOfWoolOfficial\"]}]}<\/script>\n<!-- \/ Yoast SEO Premium plugin. -->","yoast_head_json":{"title":"Consegna e resi | Home of Wool","description":"Scopri le nostre opzioni di consegna, i tempi di spedizione e la politica di restituzione dei prodotti Home of Wool. Trova informazioni dettagliate sugli ordini internazionali, sui cambi e su come gestiamo con cura ogni pacco dal nostro atelier alla tua casa.","robots":{"index":"index","follow":"follow","max-snippet":"max-snippet:-1","max-image-preview":"max-image-preview:large","max-video-preview":"max-video-preview:-1"},"canonical":"https:\/\/homeofwool.com\/it\/resi-di-consegna\/","og_locale":"it_IT","og_type":"article","og_title":"Delivery Returns","og_description":"Learn about our delivery options, shipping times, and return policy for Home of Wool products. Find details on international orders, exchanges, and how we handle each parcel with care from our atelier to your home.","og_url":"https:\/\/homeofwool.com\/it\/resi-di-consegna\/","og_site_name":"Home of Wool","article_publisher":"https:\/\/facebook.com\/HomeOfWoolOfficial","article_modified_time":"2026-01-14T09:39:25+00:00","twitter_card":"summary_large_image","twitter_misc":{"Tempo di lettura stimato":"5 minuti"},"schema":{"@context":"https:\/\/schema.org","@graph":[{"@type":"WebPage","@id":"https:\/\/homeofwool.com\/delivery-returns\/","url":"https:\/\/homeofwool.com\/delivery-returns\/","name":"Consegna e resi | Home of Wool","isPartOf":{"@id":"https:\/\/homeofwool.com\/#website"},"datePublished":"2025-09-27T08:34:20+00:00","dateModified":"2026-01-14T09:39:25+00:00","description":"Scopri le nostre opzioni di consegna, i tempi di spedizione e la politica di restituzione dei prodotti Home of Wool. Trova informazioni dettagliate sugli ordini internazionali, sui cambi e su come gestiamo con cura ogni pacco dal nostro atelier alla tua casa.","breadcrumb":{"@id":"https:\/\/homeofwool.com\/delivery-returns\/#breadcrumb"},"inLanguage":"it-IT","potentialAction":[{"@type":"ReadAction","target":["https:\/\/homeofwool.com\/delivery-returns\/"]}]},{"@type":"BreadcrumbList","@id":"https:\/\/homeofwool.com\/delivery-returns\/#breadcrumb","itemListElement":[{"@type":"ListItem","position":1,"name":"Home","item":"https:\/\/homeofwool.com\/"},{"@type":"ListItem","position":2,"name":"Delivery Returns"}]},{"@type":"WebSite","@id":"https:\/\/homeofwool.com\/#website","url":"https:\/\/homeofwool.com\/","name":"Casa della lana","description":"","publisher":{"@id":"https:\/\/homeofwool.com\/#organization"},"potentialAction":[{"@type":"SearchAction","target":{"@type":"EntryPoint","urlTemplate":"https:\/\/homeofwool.com\/?s={search_term_string}"},"query-input":{"@type":"PropertyValueSpecification","valueRequired":true,"valueName":"search_term_string"}}],"inLanguage":"it-IT"},{"@type":"Organization","@id":"https:\/\/homeofwool.com\/#organization","name":"Casa della lana","url":"https:\/\/homeofwool.com\/","logo":{"@type":"ImageObject","inLanguage":"it-IT","@id":"https:\/\/homeofwool.com\/#\/schema\/logo\/image\/","url":"https:\/\/homeofwool.com\/wp-content\/uploads\/2025\/09\/WhatsApp-Image-2025-12-02-at-16.23.20.jpeg","contentUrl":"https:\/\/homeofwool.com\/wp-content\/uploads\/2025\/09\/WhatsApp-Image-2025-12-02-at-16.23.20.jpeg","width":700,"height":247,"caption":"Home of Wool"},"image":{"@id":"https:\/\/homeofwool.com\/#\/schema\/logo\/image\/"},"sameAs":["https:\/\/facebook.com\/HomeOfWoolOfficial"]}]}},"_links":{"self":[{"href":"https:\/\/homeofwool.com\/it\/wp-json\/wp\/v2\/pages\/219982","targetHints":{"allow":["GET"]}}],"collection":[{"href":"https:\/\/homeofwool.com\/it\/wp-json\/wp\/v2\/pages"}],"about":[{"href":"https:\/\/homeofwool.com\/it\/wp-json\/wp\/v2\/types\/page"}],"author":[{"embeddable":true,"href":"https:\/\/homeofwool.com\/it\/wp-json\/wp\/v2\/users\/1"}],"replies":[{"embeddable":true,"href":"https:\/\/homeofwool.com\/it\/wp-json\/wp\/v2\/comments?post=219982"}],"version-history":[{"count":9,"href":"https:\/\/homeofwool.com\/it\/wp-json\/wp\/v2\/pages\/219982\/revisions"}],"predecessor-version":[{"id":227291,"href":"https:\/\/homeofwool.com\/it\/wp-json\/wp\/v2\/pages\/219982\/revisions\/227291"}],"wp:attachment":[{"href":"https:\/\/homeofwool.com\/it\/wp-json\/wp\/v2\/media?parent=219982"}],"curies":[{"name":"wp","href":"https:\/\/api.w.org\/{rel}","templated":true}]}}