{"id":227145,"date":"2026-01-07T15:06:36","date_gmt":"2026-01-07T15:06:36","guid":{"rendered":"https:\/\/homeofwool.com\/?post_type=product&#038;p=227145"},"modified":"2026-01-15T12:50:59","modified_gmt":"2026-01-15T12:50:59","slug":"drap-housse-personnalise-pour-marka","status":"publish","type":"product","link":"https:\/\/homeofwool.com\/fr\/shop\/fitted-sheet-custom-for-marka\/","title":{"rendered":"2pcs. Drap-housse \/ Sur mesure pour Marka"},"content":{"rendered":"<p>2pcs FITTED SHEET<\/p>\n<p>38 x 75\u201d (96,5 x 190,5 cm)<\/p>\n<p>Veuillez pr\u00e9ciser l'\u00e9paisseur de votre matelas - 5 pouces.<\/p>\n<p>CARACT\u00c9RISTIQUES :<br \/>\n\u00c9lastique serr\u00e9 sur toute la longueur.<\/p>\n<p>MATI\u00c8RE:\u25cf 100% Laine vierge (certifi\u00e9e Oeko-Tex)<\/p>\n<p>VOTRE M\u00c9THODE D'EXP\u00c9DITION:- GRATUIT \u00c9CONOMIQUE, 1 \u00e0 2 semaines de d\u00e9lai d'acheminement<\/p>","protected":false},"excerpt":{"rendered":"<p>2pcs FITTED SHEET 38 x 75\u201d (96.5 x 190.5 cm) Veuillez sp\u00e9cifier l'\u00e9paisseur de votre matelas - 5 pouces. CARACT\u00c9RISTIQUES : \u00c9lastique serr\u00e9 sur toute la longueur. TISSU:\u25cf 100% Laine vierge (certifi\u00e9 Oeko-Tex) VOTRE M\u00c9THODE D'EXP\u00c9DITION:- GRATUIT \u00c9CONOMIQUE, 1 \u00e0 2 semaines de d\u00e9lai d'acheminement.<\/p>","protected":false},"featured_media":220500,"template":"","meta":{"_acf_changed":false},"product_brand":[],"product_cat":[406],"product_tag":[1362],"class_list":{"0":"post-227145","1":"product","2":"type-product","3":"status-publish","4":"has-post-thumbnail","6":"product_cat-protectors-covers-sheets","7":"product_tag-custom-for-marka","9":"first","10":"outofstock","11":"shipping-taxable","12":"purchasable","13":"product-type-simple"},"acf":[],"yoast_head":"<!-- This site is optimized with the Yoast SEO Premium plugin v27.3 (Yoast SEO v27.3) - https:\/\/yoast.com\/product\/yoast-seo-premium-wordpress\/ -->\n<title>2pcs. Fitted Sheet \/ Custom for Marka | Home of Wool<\/title>\n<meta name=\"robots\" content=\"index, follow, max-snippet:-1, max-image-preview:large, max-video-preview:-1\" \/>\n<link rel=\"canonical\" href=\"https:\/\/homeofwool.com\/fr\/boutique\/drap-housse-personnalise-pour-marka\/\" \/>\n<meta property=\"og:locale\" content=\"fr_FR\" \/>\n<meta property=\"og:type\" content=\"article\" \/>\n<meta property=\"og:title\" content=\"2pcs. Fitted Sheet \/ Custom for Marka\" \/>\n<meta property=\"og:description\" content=\"2pcs FITTED SHEET 38 x 75&#8221; (96.5 x 190.5 cm) Please specify the thickness of your mattress \u2013 5 inches. FEATURES: Tight elastic along the entire length. FABRIC:\u25cf 100% Virgin Wool (Oeko-Tex certified) YOUR SHIPPING METHOD:\u2022 FREE ECONOMY, 1-2 weeks transit time\" \/>\n<meta property=\"og:url\" content=\"https:\/\/homeofwool.com\/fr\/boutique\/drap-housse-personnalise-pour-marka\/\" \/>\n<meta property=\"og:site_name\" content=\"Home of Wool\" \/>\n<meta property=\"article:publisher\" content=\"https:\/\/facebook.com\/HomeOfWoolOfficial\" \/>\n<meta property=\"article:modified_time\" content=\"2026-01-15T12:50:59+00:00\" \/>\n<meta property=\"og:image\" content=\"https:\/\/homeofwool.com\/wp-content\/uploads\/2025\/09\/cropped-cropped-home-of-wool-logo-favicon-192x192.png.webp\" \/>\n\t<meta property=\"og:image:width\" content=\"512\" \/>\n\t<meta property=\"og:image:height\" content=\"512\" \/>\n\t<meta property=\"og:image:type\" content=\"image\/webp\" \/>\n<meta name=\"twitter:card\" content=\"summary_large_image\" \/>\n<meta name=\"twitter:label1\" content=\"Dur\u00e9e de lecture estim\u00e9e\" \/>\n\t<meta name=\"twitter:data1\" content=\"1 minute\" \/>\n<script type=\"application\/ld+json\" class=\"yoast-schema-graph\">{\"@context\":\"https:\\\/\\\/schema.org\",\"@graph\":[{\"@type\":\"WebPage\",\"@id\":\"https:\\\/\\\/homeofwool.com\\\/shop\\\/fitted-sheet-custom-for-marka\\\/\",\"url\":\"https:\\\/\\\/homeofwool.com\\\/shop\\\/fitted-sheet-custom-for-marka\\\/\",\"name\":\"2pcs. Fitted Sheet \\\/ Custom for Marka | Home of Wool\",\"isPartOf\":{\"@id\":\"https:\\\/\\\/homeofwool.com\\\/#website\"},\"primaryImageOfPage\":{\"@id\":\"https:\\\/\\\/homeofwool.com\\\/shop\\\/fitted-sheet-custom-for-marka\\\/#primaryimage\"},\"image\":{\"@id\":\"https:\\\/\\\/homeofwool.com\\\/shop\\\/fitted-sheet-custom-for-marka\\\/#primaryimage\"},\"thumbnailUrl\":\"https:\\\/\\\/homeofwool.com\\\/wp-content\\\/uploads\\\/2025\\\/09\\\/cropped-cropped-home-of-wool-logo-favicon-192x192.png.webp\",\"datePublished\":\"2026-01-07T15:06:36+00:00\",\"dateModified\":\"2026-01-15T12:50:59+00:00\",\"breadcrumb\":{\"@id\":\"https:\\\/\\\/homeofwool.com\\\/shop\\\/fitted-sheet-custom-for-marka\\\/#breadcrumb\"},\"inLanguage\":\"fr-FR\",\"potentialAction\":[{\"@type\":\"ReadAction\",\"target\":[\"https:\\\/\\\/homeofwool.com\\\/shop\\\/fitted-sheet-custom-for-marka\\\/\"]}]},{\"@type\":\"ImageObject\",\"inLanguage\":\"fr-FR\",\"@id\":\"https:\\\/\\\/homeofwool.com\\\/shop\\\/fitted-sheet-custom-for-marka\\\/#primaryimage\",\"url\":\"https:\\\/\\\/homeofwool.com\\\/wp-content\\\/uploads\\\/2025\\\/09\\\/cropped-cropped-home-of-wool-logo-favicon-192x192.png.webp\",\"contentUrl\":\"https:\\\/\\\/homeofwool.com\\\/wp-content\\\/uploads\\\/2025\\\/09\\\/cropped-cropped-home-of-wool-logo-favicon-192x192.png.webp\",\"width\":512,\"height\":512},{\"@type\":\"BreadcrumbList\",\"@id\":\"https:\\\/\\\/homeofwool.com\\\/shop\\\/fitted-sheet-custom-for-marka\\\/#breadcrumb\",\"itemListElement\":[{\"@type\":\"ListItem\",\"position\":1,\"name\":\"Home\",\"item\":\"https:\\\/\\\/homeofwool.com\\\/\"},{\"@type\":\"ListItem\",\"position\":2,\"name\":\"Products\",\"item\":\"https:\\\/\\\/homeofwool.com\\\/header-search-2\\\/\"},{\"@type\":\"ListItem\",\"position\":3,\"name\":\"2pcs. Fitted Sheet \\\/ Custom for Marka\"}]},{\"@type\":\"WebSite\",\"@id\":\"https:\\\/\\\/homeofwool.com\\\/#website\",\"url\":\"https:\\\/\\\/homeofwool.com\\\/\",\"name\":\"Home of Wool\",\"description\":\"\",\"publisher\":{\"@id\":\"https:\\\/\\\/homeofwool.com\\\/#organization\"},\"potentialAction\":[{\"@type\":\"SearchAction\",\"target\":{\"@type\":\"EntryPoint\",\"urlTemplate\":\"https:\\\/\\\/homeofwool.com\\\/?s={search_term_string}\"},\"query-input\":{\"@type\":\"PropertyValueSpecification\",\"valueRequired\":true,\"valueName\":\"search_term_string\"}}],\"inLanguage\":\"fr-FR\"},{\"@type\":\"Organization\",\"@id\":\"https:\\\/\\\/homeofwool.com\\\/#organization\",\"name\":\"Home of Wool\",\"url\":\"https:\\\/\\\/homeofwool.com\\\/\",\"logo\":{\"@type\":\"ImageObject\",\"inLanguage\":\"fr-FR\",\"@id\":\"https:\\\/\\\/homeofwool.com\\\/#\\\/schema\\\/logo\\\/image\\\/\",\"url\":\"https:\\\/\\\/homeofwool.com\\\/wp-content\\\/uploads\\\/2025\\\/09\\\/WhatsApp-Image-2025-12-02-at-16.23.20.jpeg\",\"contentUrl\":\"https:\\\/\\\/homeofwool.com\\\/wp-content\\\/uploads\\\/2025\\\/09\\\/WhatsApp-Image-2025-12-02-at-16.23.20.jpeg\",\"width\":700,\"height\":247,\"caption\":\"Home of Wool\"},\"image\":{\"@id\":\"https:\\\/\\\/homeofwool.com\\\/#\\\/schema\\\/logo\\\/image\\\/\"},\"sameAs\":[\"https:\\\/\\\/facebook.com\\\/HomeOfWoolOfficial\"]}]}<\/script>\n<!-- \/ Yoast SEO Premium plugin. -->","yoast_head_json":{"title":"2pcs. Drap-housse \/ Personnalis\u00e9 pour Marka | Home of Wool","robots":{"index":"index","follow":"follow","max-snippet":"max-snippet:-1","max-image-preview":"max-image-preview:large","max-video-preview":"max-video-preview:-1"},"canonical":"https:\/\/homeofwool.com\/fr\/boutique\/drap-housse-personnalise-pour-marka\/","og_locale":"fr_FR","og_type":"article","og_title":"2pcs. Fitted Sheet \/ Custom for Marka","og_description":"2pcs FITTED SHEET 38 x 75&#8221; (96.5 x 190.5 cm) Please specify the thickness of your mattress \u2013 5 inches. FEATURES: Tight elastic along the entire length. FABRIC:\u25cf 100% Virgin Wool (Oeko-Tex certified) YOUR SHIPPING METHOD:\u2022 FREE ECONOMY, 1-2 weeks transit time","og_url":"https:\/\/homeofwool.com\/fr\/boutique\/drap-housse-personnalise-pour-marka\/","og_site_name":"Home of Wool","article_publisher":"https:\/\/facebook.com\/HomeOfWoolOfficial","article_modified_time":"2026-01-15T12:50:59+00:00","og_image":[{"width":512,"height":512,"url":"https:\/\/homeofwool.com\/wp-content\/uploads\/2025\/09\/cropped-cropped-home-of-wool-logo-favicon-192x192.png.webp","type":"image\/webp"}],"twitter_card":"summary_large_image","twitter_misc":{"Dur\u00e9e de lecture estim\u00e9e":"1 minute"},"schema":{"@context":"https:\/\/schema.org","@graph":[{"@type":"WebPage","@id":"https:\/\/homeofwool.com\/shop\/fitted-sheet-custom-for-marka\/","url":"https:\/\/homeofwool.com\/shop\/fitted-sheet-custom-for-marka\/","name":"2pcs. Drap-housse \/ Personnalis\u00e9 pour Marka | Home of Wool","isPartOf":{"@id":"https:\/\/homeofwool.com\/#website"},"primaryImageOfPage":{"@id":"https:\/\/homeofwool.com\/shop\/fitted-sheet-custom-for-marka\/#primaryimage"},"image":{"@id":"https:\/\/homeofwool.com\/shop\/fitted-sheet-custom-for-marka\/#primaryimage"},"thumbnailUrl":"https:\/\/homeofwool.com\/wp-content\/uploads\/2025\/09\/cropped-cropped-home-of-wool-logo-favicon-192x192.png.webp","datePublished":"2026-01-07T15:06:36+00:00","dateModified":"2026-01-15T12:50:59+00:00","breadcrumb":{"@id":"https:\/\/homeofwool.com\/shop\/fitted-sheet-custom-for-marka\/#breadcrumb"},"inLanguage":"fr-FR","potentialAction":[{"@type":"ReadAction","target":["https:\/\/homeofwool.com\/shop\/fitted-sheet-custom-for-marka\/"]}]},{"@type":"ImageObject","inLanguage":"fr-FR","@id":"https:\/\/homeofwool.com\/shop\/fitted-sheet-custom-for-marka\/#primaryimage","url":"https:\/\/homeofwool.com\/wp-content\/uploads\/2025\/09\/cropped-cropped-home-of-wool-logo-favicon-192x192.png.webp","contentUrl":"https:\/\/homeofwool.com\/wp-content\/uploads\/2025\/09\/cropped-cropped-home-of-wool-logo-favicon-192x192.png.webp","width":512,"height":512},{"@type":"BreadcrumbList","@id":"https:\/\/homeofwool.com\/shop\/fitted-sheet-custom-for-marka\/#breadcrumb","itemListElement":[{"@type":"ListItem","position":1,"name":"Home","item":"https:\/\/homeofwool.com\/"},{"@type":"ListItem","position":2,"name":"Products","item":"https:\/\/homeofwool.com\/header-search-2\/"},{"@type":"ListItem","position":3,"name":"2pcs. Fitted Sheet \/ Custom for Marka"}]},{"@type":"WebSite","@id":"https:\/\/homeofwool.com\/#website","url":"https:\/\/homeofwool.com\/","name":"La maison de la laine","description":"","publisher":{"@id":"https:\/\/homeofwool.com\/#organization"},"potentialAction":[{"@type":"SearchAction","target":{"@type":"EntryPoint","urlTemplate":"https:\/\/homeofwool.com\/?s={search_term_string}"},"query-input":{"@type":"PropertyValueSpecification","valueRequired":true,"valueName":"search_term_string"}}],"inLanguage":"fr-FR"},{"@type":"Organization","@id":"https:\/\/homeofwool.com\/#organization","name":"La maison de la laine","url":"https:\/\/homeofwool.com\/","logo":{"@type":"ImageObject","inLanguage":"fr-FR","@id":"https:\/\/homeofwool.com\/#\/schema\/logo\/image\/","url":"https:\/\/homeofwool.com\/wp-content\/uploads\/2025\/09\/WhatsApp-Image-2025-12-02-at-16.23.20.jpeg","contentUrl":"https:\/\/homeofwool.com\/wp-content\/uploads\/2025\/09\/WhatsApp-Image-2025-12-02-at-16.23.20.jpeg","width":700,"height":247,"caption":"Home of Wool"},"image":{"@id":"https:\/\/homeofwool.com\/#\/schema\/logo\/image\/"},"sameAs":["https:\/\/facebook.com\/HomeOfWoolOfficial"]}]}},"_links":{"self":[{"href":"https:\/\/homeofwool.com\/fr\/wp-json\/wp\/v2\/product\/227145","targetHints":{"allow":["GET"]}}],"collection":[{"href":"https:\/\/homeofwool.com\/fr\/wp-json\/wp\/v2\/product"}],"about":[{"href":"https:\/\/homeofwool.com\/fr\/wp-json\/wp\/v2\/types\/product"}],"version-history":[{"count":2,"href":"https:\/\/homeofwool.com\/fr\/wp-json\/wp\/v2\/product\/227145\/revisions"}],"predecessor-version":[{"id":227154,"href":"https:\/\/homeofwool.com\/fr\/wp-json\/wp\/v2\/product\/227145\/revisions\/227154"}],"wp:featuredmedia":[{"embeddable":true,"href":"https:\/\/homeofwool.com\/fr\/wp-json\/wp\/v2\/media\/220500"}],"wp:attachment":[{"href":"https:\/\/homeofwool.com\/fr\/wp-json\/wp\/v2\/media?parent=227145"}],"wp:term":[{"taxonomy":"product_brand","embeddable":true,"href":"https:\/\/homeofwool.com\/fr\/wp-json\/wp\/v2\/product_brand?post=227145"},{"taxonomy":"product_cat","embeddable":true,"href":"https:\/\/homeofwool.com\/fr\/wp-json\/wp\/v2\/product_cat?post=227145"},{"taxonomy":"product_tag","embeddable":true,"href":"https:\/\/homeofwool.com\/fr\/wp-json\/wp\/v2\/product_tag?post=227145"}],"curies":[{"name":"wp","href":"https:\/\/api.w.org\/{rel}","templated":true}]}}