{"id":226899,"date":"2025-12-23T11:57:55","date_gmt":"2025-12-23T11:57:55","guid":{"rendered":"https:\/\/homeofwool.com\/?post_type=product&#038;p=226899"},"modified":"2026-04-03T13:50:15","modified_gmt":"2026-04-03T13:50:15","slug":"couffin-babybay","status":"publish","type":"product","link":"https:\/\/homeofwool.com\/fr\/shop\/bassinet-babybay\/","title":{"rendered":"Couffin Babybay en laine"},"content":{"rendered":"<p class=\"ql-block\" data-block-id=\"block-aab92655-3c2c-4d7e-bed8-c47482e6fcae\">Ce matelas de couffin Babybay a \u00e9t\u00e9 con\u00e7u comme un matelas de couffin de partage de lit biologique qui s'adapte parfaitement au lit de votre b\u00e9b\u00e9. Il s'ins\u00e8re parfaitement dans le cadre et cr\u00e9e une surface de sommeil stable et naturelle, rassurante. L'int\u00e9rieur est constitu\u00e9 d'une couche de laine, un mat\u00e9riau qui g\u00e8re lui-m\u00eame la chaleur et l'humidit\u00e9 pour une temp\u00e9rature de sommeil parfaite. La laine le fait naturellement et aucun additif n'est n\u00e9cessaire.<\/p>\n<p class=\"ql-block\" data-block-id=\"block-129cc5a5-204a-49df-a0fe-9892dd16fdb0\">Pour les b\u00e9b\u00e9s qui dorment pr\u00e8s de leurs parents, la circulation de l'air et le confort ont tendance \u00e0 \u00eatre plus importants qu'on ne le pense. La laine permet d'\u00e9viter cette sensation d'humidit\u00e9 et de surchauffe que l'on retrouve souvent dans la mousse, tout en restant doucement isolante. La surface soutient votre b\u00e9b\u00e9 sans \u00eatre rigide. Au fil du temps, la laine conserve sa structure, tout en restant douce au toucher.<\/p>\n<p class=\"ql-block\" data-block-id=\"block-85e866fd-4248-4b13-9d27-1cb67ed0e4dc\">En tant que matelas biologique pour babybay, il est naturellement hypoallerg\u00e9nique et convient parfaitement aux m\u00e9nages souffrant d'allergies, d'asthme ou de sensibilit\u00e9s g\u00e9n\u00e9rales. Il n'y a pas de couches de plastique ni de finitions chimiques. Il n'y a que de la laine et des tissus naturels.<\/p>\n<p class=\"ql-block\" data-block-id=\"block-53cf7e38-9c6b-4a0e-b845-1603d1e93756\">Toutes les tailles de couffins Babybay sont disponibles, y compris les versions rectangulaires et les mod\u00e8les avec deux coins arrondis. Nous fabriquons \u00e9galement des tailles personnalis\u00e9es sur demande.<\/p>","protected":false},"excerpt":{"rendered":"<p>Ce matelas biologique pour le couffin Babybay est con\u00e7u pour s'adapter \u00e0 votre couffin tel qu'il est cens\u00e9 \u00eatre utilis\u00e9. L'insert en laine pour couffin babybay est rempli de laine pure, offrant un confort calme et respirant. Toutes les tailles sont disponibles, et les demandes personnalis\u00e9es sont toujours les bienvenues.<\/p>","protected":false},"featured_media":226902,"template":"","meta":{"_acf_changed":false},"product_brand":[],"product_cat":[459],"product_tag":[149],"class_list":{"0":"post-226899","1":"product","2":"type-product","3":"status-publish","4":"has-post-thumbnail","6":"product_cat-mattresses-toppers","7":"product_tag-steps","9":"first","10":"instock","11":"shipping-taxable","12":"purchasable","13":"product-type-simple"},"acf":[],"yoast_head":"<!-- This site is optimized with the Yoast SEO Premium plugin v27.3 (Yoast SEO v27.3) - https:\/\/yoast.com\/product\/yoast-seo-premium-wordpress\/ -->\n<title>Wool Babybay Bassinet Mattress \u2013 Natural Wool Insert | Home of Wool<\/title>\n<meta name=\"description\" content=\"Organic Babybay bassinet mattress insert filled with pure wool batting\u2014breathable, moisture-managing comfort. Fits all Babybay sizes; custom shapes available.\" \/>\n<meta name=\"robots\" content=\"index, follow, max-snippet:-1, max-image-preview:large, max-video-preview:-1\" \/>\n<link rel=\"canonical\" href=\"https:\/\/homeofwool.com\/fr\/boutique\/couffin-babybay\/\" \/>\n<meta property=\"og:locale\" content=\"fr_FR\" \/>\n<meta property=\"og:type\" content=\"article\" \/>\n<meta property=\"og:title\" content=\"Wool Babybay Bassinet\" \/>\n<meta property=\"og:description\" content=\"Organic Babybay bassinet mattress insert filled with pure wool batting\u2014breathable, moisture-managing comfort. Fits all Babybay sizes; custom shapes available.\" \/>\n<meta property=\"og:url\" content=\"https:\/\/homeofwool.com\/fr\/boutique\/couffin-babybay\/\" \/>\n<meta property=\"og:site_name\" content=\"Home of Wool\" \/>\n<meta property=\"article:publisher\" content=\"https:\/\/facebook.com\/HomeOfWoolOfficial\" \/>\n<meta property=\"article:modified_time\" content=\"2026-04-03T13:50:15+00:00\" \/>\n<meta property=\"og:image\" content=\"https:\/\/homeofwool.com\/wp-content\/uploads\/2025\/12\/home-of-wool-babybay-bassinet-main.webp\" \/>\n\t<meta property=\"og:image:width\" content=\"1920\" \/>\n\t<meta property=\"og:image:height\" content=\"1536\" \/>\n\t<meta property=\"og:image:type\" content=\"image\/webp\" \/>\n<meta name=\"twitter:card\" content=\"summary_large_image\" \/>\n<meta name=\"twitter:label1\" content=\"Dur\u00e9e de lecture estim\u00e9e\" \/>\n\t<meta name=\"twitter:data1\" content=\"1 minute\" \/>\n<script type=\"application\/ld+json\" class=\"yoast-schema-graph\">{\"@context\":\"https:\\\/\\\/schema.org\",\"@graph\":[{\"@type\":\"WebPage\",\"@id\":\"https:\\\/\\\/homeofwool.com\\\/shop\\\/bassinet-babybay\\\/\",\"url\":\"https:\\\/\\\/homeofwool.com\\\/shop\\\/bassinet-babybay\\\/\",\"name\":\"Wool Babybay Bassinet Mattress \u2013 Natural Wool Insert | Home of Wool\",\"isPartOf\":{\"@id\":\"https:\\\/\\\/homeofwool.com\\\/#website\"},\"primaryImageOfPage\":{\"@id\":\"https:\\\/\\\/homeofwool.com\\\/shop\\\/bassinet-babybay\\\/#primaryimage\"},\"image\":{\"@id\":\"https:\\\/\\\/homeofwool.com\\\/shop\\\/bassinet-babybay\\\/#primaryimage\"},\"thumbnailUrl\":\"https:\\\/\\\/homeofwool.com\\\/wp-content\\\/uploads\\\/2025\\\/12\\\/home-of-wool-babybay-bassinet-main.webp\",\"datePublished\":\"2025-12-23T11:57:55+00:00\",\"dateModified\":\"2026-04-03T13:50:15+00:00\",\"description\":\"Organic Babybay bassinet mattress insert filled with pure wool batting\u2014breathable, moisture-managing comfort. Fits all Babybay sizes; custom shapes available.\",\"breadcrumb\":{\"@id\":\"https:\\\/\\\/homeofwool.com\\\/shop\\\/bassinet-babybay\\\/#breadcrumb\"},\"inLanguage\":\"fr-FR\",\"potentialAction\":[{\"@type\":\"ReadAction\",\"target\":[\"https:\\\/\\\/homeofwool.com\\\/shop\\\/bassinet-babybay\\\/\"]}]},{\"@type\":\"ImageObject\",\"inLanguage\":\"fr-FR\",\"@id\":\"https:\\\/\\\/homeofwool.com\\\/shop\\\/bassinet-babybay\\\/#primaryimage\",\"url\":\"https:\\\/\\\/homeofwool.com\\\/wp-content\\\/uploads\\\/2025\\\/12\\\/home-of-wool-babybay-bassinet-main.webp\",\"contentUrl\":\"https:\\\/\\\/homeofwool.com\\\/wp-content\\\/uploads\\\/2025\\\/12\\\/home-of-wool-babybay-bassinet-main.webp\",\"width\":1920,\"height\":1536,\"caption\":\"home of wool babybay bassinet next to a bed in a bedroom with a plant and a window with brown curtain in the background\"},{\"@type\":\"BreadcrumbList\",\"@id\":\"https:\\\/\\\/homeofwool.com\\\/shop\\\/bassinet-babybay\\\/#breadcrumb\",\"itemListElement\":[{\"@type\":\"ListItem\",\"position\":1,\"name\":\"Home\",\"item\":\"https:\\\/\\\/homeofwool.com\\\/\"},{\"@type\":\"ListItem\",\"position\":2,\"name\":\"Products\",\"item\":\"https:\\\/\\\/homeofwool.com\\\/header-search-2\\\/\"},{\"@type\":\"ListItem\",\"position\":3,\"name\":\"Wool Babybay Bassinet\"}]},{\"@type\":\"WebSite\",\"@id\":\"https:\\\/\\\/homeofwool.com\\\/#website\",\"url\":\"https:\\\/\\\/homeofwool.com\\\/\",\"name\":\"Home of Wool\",\"description\":\"\",\"publisher\":{\"@id\":\"https:\\\/\\\/homeofwool.com\\\/#organization\"},\"potentialAction\":[{\"@type\":\"SearchAction\",\"target\":{\"@type\":\"EntryPoint\",\"urlTemplate\":\"https:\\\/\\\/homeofwool.com\\\/?s={search_term_string}\"},\"query-input\":{\"@type\":\"PropertyValueSpecification\",\"valueRequired\":true,\"valueName\":\"search_term_string\"}}],\"inLanguage\":\"fr-FR\"},{\"@type\":\"Organization\",\"@id\":\"https:\\\/\\\/homeofwool.com\\\/#organization\",\"name\":\"Home of Wool\",\"url\":\"https:\\\/\\\/homeofwool.com\\\/\",\"logo\":{\"@type\":\"ImageObject\",\"inLanguage\":\"fr-FR\",\"@id\":\"https:\\\/\\\/homeofwool.com\\\/#\\\/schema\\\/logo\\\/image\\\/\",\"url\":\"https:\\\/\\\/homeofwool.com\\\/wp-content\\\/uploads\\\/2025\\\/09\\\/WhatsApp-Image-2025-12-02-at-16.23.20.jpeg\",\"contentUrl\":\"https:\\\/\\\/homeofwool.com\\\/wp-content\\\/uploads\\\/2025\\\/09\\\/WhatsApp-Image-2025-12-02-at-16.23.20.jpeg\",\"width\":700,\"height\":247,\"caption\":\"Home of Wool\"},\"image\":{\"@id\":\"https:\\\/\\\/homeofwool.com\\\/#\\\/schema\\\/logo\\\/image\\\/\"},\"sameAs\":[\"https:\\\/\\\/facebook.com\\\/HomeOfWoolOfficial\"]}]}<\/script>\n<!-- \/ Yoast SEO Premium plugin. -->","yoast_head_json":{"title":"Matelas \u00e0 langer Wool Babybay - Insert en laine naturelle | Home of Wool","description":"L'insert de matelas de couffin Babybay biologique est rempli de pure laine - un confort respirant qui g\u00e8re l'humidit\u00e9. Convient \u00e0 toutes les tailles Babybay ; formes personnalis\u00e9es disponibles.","robots":{"index":"index","follow":"follow","max-snippet":"max-snippet:-1","max-image-preview":"max-image-preview:large","max-video-preview":"max-video-preview:-1"},"canonical":"https:\/\/homeofwool.com\/fr\/boutique\/couffin-babybay\/","og_locale":"fr_FR","og_type":"article","og_title":"Wool Babybay Bassinet","og_description":"Organic Babybay bassinet mattress insert filled with pure wool batting\u2014breathable, moisture-managing comfort. Fits all Babybay sizes; custom shapes available.","og_url":"https:\/\/homeofwool.com\/fr\/boutique\/couffin-babybay\/","og_site_name":"Home of Wool","article_publisher":"https:\/\/facebook.com\/HomeOfWoolOfficial","article_modified_time":"2026-04-03T13:50:15+00:00","og_image":[{"width":1920,"height":1536,"url":"https:\/\/homeofwool.com\/wp-content\/uploads\/2025\/12\/home-of-wool-babybay-bassinet-main.webp","type":"image\/webp"}],"twitter_card":"summary_large_image","twitter_misc":{"Dur\u00e9e de lecture estim\u00e9e":"1 minute"},"schema":{"@context":"https:\/\/schema.org","@graph":[{"@type":"WebPage","@id":"https:\/\/homeofwool.com\/shop\/bassinet-babybay\/","url":"https:\/\/homeofwool.com\/shop\/bassinet-babybay\/","name":"Matelas \u00e0 langer Wool Babybay - Insert en laine naturelle | Home of Wool","isPartOf":{"@id":"https:\/\/homeofwool.com\/#website"},"primaryImageOfPage":{"@id":"https:\/\/homeofwool.com\/shop\/bassinet-babybay\/#primaryimage"},"image":{"@id":"https:\/\/homeofwool.com\/shop\/bassinet-babybay\/#primaryimage"},"thumbnailUrl":"https:\/\/homeofwool.com\/wp-content\/uploads\/2025\/12\/home-of-wool-babybay-bassinet-main.webp","datePublished":"2025-12-23T11:57:55+00:00","dateModified":"2026-04-03T13:50:15+00:00","description":"L'insert de matelas de couffin Babybay biologique est rempli de pure laine - un confort respirant qui g\u00e8re l'humidit\u00e9. Convient \u00e0 toutes les tailles Babybay ; formes personnalis\u00e9es disponibles.","breadcrumb":{"@id":"https:\/\/homeofwool.com\/shop\/bassinet-babybay\/#breadcrumb"},"inLanguage":"fr-FR","potentialAction":[{"@type":"ReadAction","target":["https:\/\/homeofwool.com\/shop\/bassinet-babybay\/"]}]},{"@type":"ImageObject","inLanguage":"fr-FR","@id":"https:\/\/homeofwool.com\/shop\/bassinet-babybay\/#primaryimage","url":"https:\/\/homeofwool.com\/wp-content\/uploads\/2025\/12\/home-of-wool-babybay-bassinet-main.webp","contentUrl":"https:\/\/homeofwool.com\/wp-content\/uploads\/2025\/12\/home-of-wool-babybay-bassinet-main.webp","width":1920,"height":1536,"caption":"home of wool babybay bassinet next to a bed in a bedroom with a plant and a window with brown curtain in the background"},{"@type":"BreadcrumbList","@id":"https:\/\/homeofwool.com\/shop\/bassinet-babybay\/#breadcrumb","itemListElement":[{"@type":"ListItem","position":1,"name":"Home","item":"https:\/\/homeofwool.com\/"},{"@type":"ListItem","position":2,"name":"Products","item":"https:\/\/homeofwool.com\/header-search-2\/"},{"@type":"ListItem","position":3,"name":"Wool Babybay Bassinet"}]},{"@type":"WebSite","@id":"https:\/\/homeofwool.com\/#website","url":"https:\/\/homeofwool.com\/","name":"La maison de la laine","description":"","publisher":{"@id":"https:\/\/homeofwool.com\/#organization"},"potentialAction":[{"@type":"SearchAction","target":{"@type":"EntryPoint","urlTemplate":"https:\/\/homeofwool.com\/?s={search_term_string}"},"query-input":{"@type":"PropertyValueSpecification","valueRequired":true,"valueName":"search_term_string"}}],"inLanguage":"fr-FR"},{"@type":"Organization","@id":"https:\/\/homeofwool.com\/#organization","name":"La maison de la laine","url":"https:\/\/homeofwool.com\/","logo":{"@type":"ImageObject","inLanguage":"fr-FR","@id":"https:\/\/homeofwool.com\/#\/schema\/logo\/image\/","url":"https:\/\/homeofwool.com\/wp-content\/uploads\/2025\/09\/WhatsApp-Image-2025-12-02-at-16.23.20.jpeg","contentUrl":"https:\/\/homeofwool.com\/wp-content\/uploads\/2025\/09\/WhatsApp-Image-2025-12-02-at-16.23.20.jpeg","width":700,"height":247,"caption":"Home of Wool"},"image":{"@id":"https:\/\/homeofwool.com\/#\/schema\/logo\/image\/"},"sameAs":["https:\/\/facebook.com\/HomeOfWoolOfficial"]}]}},"_links":{"self":[{"href":"https:\/\/homeofwool.com\/fr\/wp-json\/wp\/v2\/product\/226899","targetHints":{"allow":["GET"]}}],"collection":[{"href":"https:\/\/homeofwool.com\/fr\/wp-json\/wp\/v2\/product"}],"about":[{"href":"https:\/\/homeofwool.com\/fr\/wp-json\/wp\/v2\/types\/product"}],"version-history":[{"count":2,"href":"https:\/\/homeofwool.com\/fr\/wp-json\/wp\/v2\/product\/226899\/revisions"}],"predecessor-version":[{"id":229315,"href":"https:\/\/homeofwool.com\/fr\/wp-json\/wp\/v2\/product\/226899\/revisions\/229315"}],"wp:featuredmedia":[{"embeddable":true,"href":"https:\/\/homeofwool.com\/fr\/wp-json\/wp\/v2\/media\/226902"}],"wp:attachment":[{"href":"https:\/\/homeofwool.com\/fr\/wp-json\/wp\/v2\/media?parent=226899"}],"wp:term":[{"taxonomy":"product_brand","embeddable":true,"href":"https:\/\/homeofwool.com\/fr\/wp-json\/wp\/v2\/product_brand?post=226899"},{"taxonomy":"product_cat","embeddable":true,"href":"https:\/\/homeofwool.com\/fr\/wp-json\/wp\/v2\/product_cat?post=226899"},{"taxonomy":"product_tag","embeddable":true,"href":"https:\/\/homeofwool.com\/fr\/wp-json\/wp\/v2\/product_tag?post=226899"}],"curies":[{"name":"wp","href":"https:\/\/api.w.org\/{rel}","templated":true}]}}