{"id":226854,"date":"2025-12-19T14:08:39","date_gmt":"2025-12-19T14:08:39","guid":{"rendered":"https:\/\/homeofwool.com\/?post_type=product&#038;p=226854"},"modified":"2026-01-20T10:36:10","modified_gmt":"2026-01-20T10:36:10","slug":"matelas-de-lit-denfant-sur-mesure-pour-taniya","status":"publish","type":"product","link":"https:\/\/homeofwool.com\/fr\/shop\/crib-mattress-custom-for-taniya\/","title":{"rendered":"Matelas pour lit d'enfant \/ Sur mesure pour Taniya"},"content":{"rendered":"<p>MATELAS POUR LIT DE B\u00c9B\u00c9<\/p>\n<p>160 x 70 x 13 cm<br \/>\nRemplissage : 9,8 kg de laine biologique en vrac<\/p>\n<p>CARACT\u00c9RISTIQUES :<br \/>\nDes touffes peu profondes pour une surface plane.<br \/>\nDes fermetures \u00e0 glissi\u00e8re durables sur les longs c\u00f4t\u00e9s vous permettent d'ajuster, d'ajouter ou d'enlever facilement de la laine si n\u00e9cessaire.<br \/>\nTouffet\u00e9 \u00e0 la main avec du fil de lin naturel pour maintenir le rembourrage en place.<br \/>\nKit de r\u00e9paration gratuit.<\/p>\n<p>BORDURES:- pas de tuyauterie<\/p>\n<p>TISSU:\u25cf 100% Coton biologique, poids moyen, \u00e9cru (certifi\u00e9 GOTS)<\/p>\n<p>Ajoutez un protecteur (et \u00e9conomisez jusqu'\u00e0 20%) : \u25cf 100% Laine vierge (certifi\u00e9e Oeko-Tex).<\/p>\n<p>Ajoutez une housse amovible (et \u00e9conomisez jusqu'\u00e0 20%):\u25cf 100% Coton biologique, poids moyen, \u00e9cru (certifi\u00e9 GOTS).<\/p>\n<p>VOTRE M\u00c9THODE D'EXP\u00c9DITION:- \u00c9CONOMIE GRATUITE, 1-4 semaines de d\u00e9lai d'acheminement<br \/>\n---------<\/p>","protected":false},"excerpt":{"rendered":"<p>CRIB MATTRESS 160 x 70 x 13 cm FILLING: 9.8 kg (21.5 lbs) of Organic Loose Wool FEATURES: Shallow tufts for a flat surface. Durable zippers on the long sides so you can easily adjust, add or remove wool if necessary. Hand-tufted with natural linen thread to keep the filling in place. Complimentary mending kit. [&hellip;]<\/p>\n","protected":false},"featured_media":220500,"template":"","meta":{"_acf_changed":false},"product_brand":[],"product_cat":[459],"product_tag":[],"class_list":{"0":"post-226854","1":"product","2":"type-product","3":"status-publish","4":"has-post-thumbnail","6":"product_cat-mattresses-toppers","8":"first","9":"instock","10":"shipping-taxable","11":"purchasable","12":"product-type-simple"},"acf":[],"yoast_head":"<!-- This site is optimized with the Yoast SEO Premium plugin v27.3 (Yoast SEO v27.3) - https:\/\/yoast.com\/product\/yoast-seo-premium-wordpress\/ -->\n<title>Crib Mattress \/ Custom for Taniya | Home of Wool<\/title>\n<meta name=\"robots\" content=\"noindex, nofollow\" \/>\n<meta property=\"og:locale\" content=\"fr_FR\" \/>\n<meta property=\"og:type\" content=\"article\" \/>\n<meta property=\"og:title\" content=\"Crib Mattress \/ Custom for Taniya\" \/>\n<meta property=\"og:description\" content=\"CRIB MATTRESS 160 x 70 x 13 cm FILLING: 9.8 kg (21.5 lbs) of Organic Loose Wool FEATURES: Shallow tufts for a flat surface. Durable zippers on the long sides so you can easily adjust, add or remove wool if necessary. Hand-tufted with natural linen thread to keep the filling in place. Complimentary mending kit. [&hellip;]\" \/>\n<meta property=\"og:url\" content=\"https:\/\/homeofwool.com\/fr\/boutique\/matelas-de-lit-denfant-sur-mesure-pour-taniya\/\" \/>\n<meta property=\"og:site_name\" content=\"Home of Wool\" \/>\n<meta property=\"article:publisher\" content=\"https:\/\/facebook.com\/HomeOfWoolOfficial\" \/>\n<meta property=\"article:modified_time\" content=\"2026-01-20T10:36:10+00:00\" \/>\n<meta property=\"og:image\" content=\"https:\/\/homeofwool.com\/wp-content\/uploads\/2025\/09\/cropped-cropped-home-of-wool-logo-favicon-192x192.png.webp\" \/>\n\t<meta property=\"og:image:width\" content=\"512\" \/>\n\t<meta property=\"og:image:height\" content=\"512\" \/>\n\t<meta property=\"og:image:type\" content=\"image\/webp\" \/>\n<meta name=\"twitter:card\" content=\"summary_large_image\" \/>\n<meta name=\"twitter:label1\" content=\"Dur\u00e9e de lecture estim\u00e9e\" \/>\n\t<meta name=\"twitter:data1\" content=\"1 minute\" \/>\n<script type=\"application\/ld+json\" class=\"yoast-schema-graph\">{\"@context\":\"https:\\\/\\\/schema.org\",\"@graph\":[{\"@type\":\"WebPage\",\"@id\":\"https:\\\/\\\/homeofwool.com\\\/shop\\\/crib-mattress-custom-for-taniya\\\/\",\"url\":\"https:\\\/\\\/homeofwool.com\\\/shop\\\/crib-mattress-custom-for-taniya\\\/\",\"name\":\"Crib Mattress \\\/ Custom for Taniya | Home of Wool\",\"isPartOf\":{\"@id\":\"https:\\\/\\\/homeofwool.com\\\/#website\"},\"primaryImageOfPage\":{\"@id\":\"https:\\\/\\\/homeofwool.com\\\/shop\\\/crib-mattress-custom-for-taniya\\\/#primaryimage\"},\"image\":{\"@id\":\"https:\\\/\\\/homeofwool.com\\\/shop\\\/crib-mattress-custom-for-taniya\\\/#primaryimage\"},\"thumbnailUrl\":\"https:\\\/\\\/homeofwool.com\\\/wp-content\\\/uploads\\\/2025\\\/09\\\/cropped-cropped-home-of-wool-logo-favicon-192x192.png.webp\",\"datePublished\":\"2025-12-19T14:08:39+00:00\",\"dateModified\":\"2026-01-20T10:36:10+00:00\",\"breadcrumb\":{\"@id\":\"https:\\\/\\\/homeofwool.com\\\/shop\\\/crib-mattress-custom-for-taniya\\\/#breadcrumb\"},\"inLanguage\":\"fr-FR\",\"potentialAction\":[{\"@type\":\"ReadAction\",\"target\":[\"https:\\\/\\\/homeofwool.com\\\/shop\\\/crib-mattress-custom-for-taniya\\\/\"]}]},{\"@type\":\"ImageObject\",\"inLanguage\":\"fr-FR\",\"@id\":\"https:\\\/\\\/homeofwool.com\\\/shop\\\/crib-mattress-custom-for-taniya\\\/#primaryimage\",\"url\":\"https:\\\/\\\/homeofwool.com\\\/wp-content\\\/uploads\\\/2025\\\/09\\\/cropped-cropped-home-of-wool-logo-favicon-192x192.png.webp\",\"contentUrl\":\"https:\\\/\\\/homeofwool.com\\\/wp-content\\\/uploads\\\/2025\\\/09\\\/cropped-cropped-home-of-wool-logo-favicon-192x192.png.webp\",\"width\":512,\"height\":512},{\"@type\":\"BreadcrumbList\",\"@id\":\"https:\\\/\\\/homeofwool.com\\\/shop\\\/crib-mattress-custom-for-taniya\\\/#breadcrumb\",\"itemListElement\":[{\"@type\":\"ListItem\",\"position\":1,\"name\":\"Home\",\"item\":\"https:\\\/\\\/homeofwool.com\\\/\"},{\"@type\":\"ListItem\",\"position\":2,\"name\":\"Products\",\"item\":\"https:\\\/\\\/homeofwool.com\\\/header-search-2\\\/\"},{\"@type\":\"ListItem\",\"position\":3,\"name\":\"Crib Mattress \\\/ Custom for Taniya\"}]},{\"@type\":\"WebSite\",\"@id\":\"https:\\\/\\\/homeofwool.com\\\/#website\",\"url\":\"https:\\\/\\\/homeofwool.com\\\/\",\"name\":\"Home of Wool\",\"description\":\"\",\"publisher\":{\"@id\":\"https:\\\/\\\/homeofwool.com\\\/#organization\"},\"potentialAction\":[{\"@type\":\"SearchAction\",\"target\":{\"@type\":\"EntryPoint\",\"urlTemplate\":\"https:\\\/\\\/homeofwool.com\\\/?s={search_term_string}\"},\"query-input\":{\"@type\":\"PropertyValueSpecification\",\"valueRequired\":true,\"valueName\":\"search_term_string\"}}],\"inLanguage\":\"fr-FR\"},{\"@type\":\"Organization\",\"@id\":\"https:\\\/\\\/homeofwool.com\\\/#organization\",\"name\":\"Home of Wool\",\"url\":\"https:\\\/\\\/homeofwool.com\\\/\",\"logo\":{\"@type\":\"ImageObject\",\"inLanguage\":\"fr-FR\",\"@id\":\"https:\\\/\\\/homeofwool.com\\\/#\\\/schema\\\/logo\\\/image\\\/\",\"url\":\"https:\\\/\\\/homeofwool.com\\\/wp-content\\\/uploads\\\/2025\\\/09\\\/WhatsApp-Image-2025-12-02-at-16.23.20.jpeg\",\"contentUrl\":\"https:\\\/\\\/homeofwool.com\\\/wp-content\\\/uploads\\\/2025\\\/09\\\/WhatsApp-Image-2025-12-02-at-16.23.20.jpeg\",\"width\":700,\"height\":247,\"caption\":\"Home of Wool\"},\"image\":{\"@id\":\"https:\\\/\\\/homeofwool.com\\\/#\\\/schema\\\/logo\\\/image\\\/\"},\"sameAs\":[\"https:\\\/\\\/facebook.com\\\/HomeOfWoolOfficial\"]}]}<\/script>\n<!-- \/ Yoast SEO Premium plugin. -->","yoast_head_json":{"title":"Matelas pour lit de b\u00e9b\u00e9 \/ Sur mesure pour Taniya | Home of Wool","robots":{"index":"noindex","follow":"nofollow"},"og_locale":"fr_FR","og_type":"article","og_title":"Crib Mattress \/ Custom for Taniya","og_description":"CRIB MATTRESS 160 x 70 x 13 cm FILLING: 9.8 kg (21.5 lbs) of Organic Loose Wool FEATURES: Shallow tufts for a flat surface. Durable zippers on the long sides so you can easily adjust, add or remove wool if necessary. Hand-tufted with natural linen thread to keep the filling in place. Complimentary mending kit. [&hellip;]","og_url":"https:\/\/homeofwool.com\/fr\/boutique\/matelas-de-lit-denfant-sur-mesure-pour-taniya\/","og_site_name":"Home of Wool","article_publisher":"https:\/\/facebook.com\/HomeOfWoolOfficial","article_modified_time":"2026-01-20T10:36:10+00:00","og_image":[{"width":512,"height":512,"url":"https:\/\/homeofwool.com\/wp-content\/uploads\/2025\/09\/cropped-cropped-home-of-wool-logo-favicon-192x192.png.webp","type":"image\/webp"}],"twitter_card":"summary_large_image","twitter_misc":{"Dur\u00e9e de lecture estim\u00e9e":"1 minute"},"schema":{"@context":"https:\/\/schema.org","@graph":[{"@type":"WebPage","@id":"https:\/\/homeofwool.com\/shop\/crib-mattress-custom-for-taniya\/","url":"https:\/\/homeofwool.com\/shop\/crib-mattress-custom-for-taniya\/","name":"Matelas pour lit de b\u00e9b\u00e9 \/ Sur mesure pour Taniya | Home of Wool","isPartOf":{"@id":"https:\/\/homeofwool.com\/#website"},"primaryImageOfPage":{"@id":"https:\/\/homeofwool.com\/shop\/crib-mattress-custom-for-taniya\/#primaryimage"},"image":{"@id":"https:\/\/homeofwool.com\/shop\/crib-mattress-custom-for-taniya\/#primaryimage"},"thumbnailUrl":"https:\/\/homeofwool.com\/wp-content\/uploads\/2025\/09\/cropped-cropped-home-of-wool-logo-favicon-192x192.png.webp","datePublished":"2025-12-19T14:08:39+00:00","dateModified":"2026-01-20T10:36:10+00:00","breadcrumb":{"@id":"https:\/\/homeofwool.com\/shop\/crib-mattress-custom-for-taniya\/#breadcrumb"},"inLanguage":"fr-FR","potentialAction":[{"@type":"ReadAction","target":["https:\/\/homeofwool.com\/shop\/crib-mattress-custom-for-taniya\/"]}]},{"@type":"ImageObject","inLanguage":"fr-FR","@id":"https:\/\/homeofwool.com\/shop\/crib-mattress-custom-for-taniya\/#primaryimage","url":"https:\/\/homeofwool.com\/wp-content\/uploads\/2025\/09\/cropped-cropped-home-of-wool-logo-favicon-192x192.png.webp","contentUrl":"https:\/\/homeofwool.com\/wp-content\/uploads\/2025\/09\/cropped-cropped-home-of-wool-logo-favicon-192x192.png.webp","width":512,"height":512},{"@type":"BreadcrumbList","@id":"https:\/\/homeofwool.com\/shop\/crib-mattress-custom-for-taniya\/#breadcrumb","itemListElement":[{"@type":"ListItem","position":1,"name":"Home","item":"https:\/\/homeofwool.com\/"},{"@type":"ListItem","position":2,"name":"Products","item":"https:\/\/homeofwool.com\/header-search-2\/"},{"@type":"ListItem","position":3,"name":"Crib Mattress \/ Custom for Taniya"}]},{"@type":"WebSite","@id":"https:\/\/homeofwool.com\/#website","url":"https:\/\/homeofwool.com\/","name":"La maison de la laine","description":"","publisher":{"@id":"https:\/\/homeofwool.com\/#organization"},"potentialAction":[{"@type":"SearchAction","target":{"@type":"EntryPoint","urlTemplate":"https:\/\/homeofwool.com\/?s={search_term_string}"},"query-input":{"@type":"PropertyValueSpecification","valueRequired":true,"valueName":"search_term_string"}}],"inLanguage":"fr-FR"},{"@type":"Organization","@id":"https:\/\/homeofwool.com\/#organization","name":"La maison de la laine","url":"https:\/\/homeofwool.com\/","logo":{"@type":"ImageObject","inLanguage":"fr-FR","@id":"https:\/\/homeofwool.com\/#\/schema\/logo\/image\/","url":"https:\/\/homeofwool.com\/wp-content\/uploads\/2025\/09\/WhatsApp-Image-2025-12-02-at-16.23.20.jpeg","contentUrl":"https:\/\/homeofwool.com\/wp-content\/uploads\/2025\/09\/WhatsApp-Image-2025-12-02-at-16.23.20.jpeg","width":700,"height":247,"caption":"Home of Wool"},"image":{"@id":"https:\/\/homeofwool.com\/#\/schema\/logo\/image\/"},"sameAs":["https:\/\/facebook.com\/HomeOfWoolOfficial"]}]}},"_links":{"self":[{"href":"https:\/\/homeofwool.com\/fr\/wp-json\/wp\/v2\/product\/226854","targetHints":{"allow":["GET"]}}],"collection":[{"href":"https:\/\/homeofwool.com\/fr\/wp-json\/wp\/v2\/product"}],"about":[{"href":"https:\/\/homeofwool.com\/fr\/wp-json\/wp\/v2\/types\/product"}],"version-history":[{"count":2,"href":"https:\/\/homeofwool.com\/fr\/wp-json\/wp\/v2\/product\/226854\/revisions"}],"predecessor-version":[{"id":226856,"href":"https:\/\/homeofwool.com\/fr\/wp-json\/wp\/v2\/product\/226854\/revisions\/226856"}],"wp:featuredmedia":[{"embeddable":true,"href":"https:\/\/homeofwool.com\/fr\/wp-json\/wp\/v2\/media\/220500"}],"wp:attachment":[{"href":"https:\/\/homeofwool.com\/fr\/wp-json\/wp\/v2\/media?parent=226854"}],"wp:term":[{"taxonomy":"product_brand","embeddable":true,"href":"https:\/\/homeofwool.com\/fr\/wp-json\/wp\/v2\/product_brand?post=226854"},{"taxonomy":"product_cat","embeddable":true,"href":"https:\/\/homeofwool.com\/fr\/wp-json\/wp\/v2\/product_cat?post=226854"},{"taxonomy":"product_tag","embeddable":true,"href":"https:\/\/homeofwool.com\/fr\/wp-json\/wp\/v2\/product_tag?post=226854"}],"curies":[{"name":"wp","href":"https:\/\/api.w.org\/{rel}","templated":true}]}}