{"id":226551,"date":"2025-12-12T11:33:41","date_gmt":"2025-12-12T11:33:41","guid":{"rendered":"https:\/\/homeofwool.com\/?post_type=product&#038;p=226551"},"modified":"2026-02-17T10:35:22","modified_gmt":"2026-02-17T10:35:22","slug":"bonnet-et-guetre-en-laine-merinos","status":"publish","type":"product","link":"https:\/\/homeofwool.com\/fr\/shop\/merino-wool-beanie-and-neck-gaiter\/","title":{"rendered":"Bonnet et cache-cou en laine m\u00e9rinos"},"content":{"rendered":"<p>Nous avons d'abord cr\u00e9\u00e9 ce bonnet et cette gu\u00eatre en laine m\u00e9rinos pour les voyages en camping. Quelque chose de l\u00e9ger, de propre et de naturel. Ils ont d'abord fait partie de notre collection Nomad Heat, con\u00e7ue pour les moments en plein air et les soir\u00e9es tranquilles au coin du feu. Mais nous nous sommes vite rendu compte que leur confort allait bien au-del\u00e0 du camping. Ces pi\u00e8ces sont tout autant \u00e0 leur place dans la vie de tous les jours. Lors de promenades en ville, de balades dans les parcs, ou tout simplement pour traverser la journ\u00e9e avec aisance.<\/p>\n<p>Le tissu est un jersey de pure laine m\u00e9rinos, doux sur la peau et facile \u00e0 oublier une fois qu'il est enfil\u00e9. Il r\u00e9chauffe lorsque l'air devient froid et vous laisse respirer librement lorsque ce n'est pas le cas. Pas de mati\u00e8res synth\u00e9tiques, pas d'enduits, juste de la laine qui fait ce qu'elle fait de mieux.<\/p>\n<p>Le bonnet l\u00e9ger et le cache-cou se plient dans une poche, s\u00e8chent rapidement et ne d\u00e9mangent jamais. Vous pouvez les porter comme un buff en laine m\u00e9rinos, une \u00e9charpe ou un couvre-visage. Un confort simple et durable. Con\u00e7u pour aller partout et durer des ann\u00e9es.<\/p>","protected":false},"excerpt":{"rendered":"<p>Faisant partie de notre ligne d'accessoires de camping Nomad Heat, ce bonnet et cette gu\u00eatre de cou en laine m\u00e9rinos 100% sont deux de ces pi\u00e8ces que l'on finit par porter partout. Naturellement l\u00e9gers et respirants, ils vous gardent au chaud \u00e0 l'ext\u00e9rieur et \u00e0 l'aise toute la journ\u00e9e. Un bonnet et un prot\u00e8ge-cou en laine m\u00e9rinos douce qui passent facilement de la vie sauvage \u00e0 la vie de tous les jours.<\/p>","protected":false},"featured_media":226559,"template":"","meta":{"_acf_changed":false},"product_brand":[],"product_cat":[282],"product_tag":[],"class_list":{"0":"post-226551","1":"product","2":"type-product","3":"status-publish","4":"has-post-thumbnail","6":"product_cat-overlanding-camping","8":"first","9":"instock","10":"shipping-taxable","11":"purchasable","12":"product-type-variable"},"acf":[],"yoast_head":"<!-- This site is optimized with the Yoast SEO Premium plugin v27.3 (Yoast SEO v27.3) - https:\/\/yoast.com\/product\/yoast-seo-premium-wordpress\/ -->\n<title>Beanie and Neck Warmer \u2013 Natural Merino Wool\u200b | Nomad Heat<\/title>\n<meta name=\"description\" content=\"Discover all-season comfort with our lightweight merino wool neck gaiter and beanie \u2014 ultra-soft, breathable, and odor-resistant. Perfect for hiking, travel, or everyday wear.\" \/>\n<meta name=\"robots\" content=\"index, follow, max-snippet:-1, max-image-preview:large, max-video-preview:-1\" \/>\n<link rel=\"canonical\" href=\"https:\/\/homeofwool.com\/fr\/boutique\/bonnet-et-guetre-en-laine-merinos\/\" \/>\n<meta property=\"og:locale\" content=\"fr_FR\" \/>\n<meta property=\"og:type\" content=\"article\" \/>\n<meta property=\"og:title\" content=\"Merino Wool Beanie and Neck Gaiter\" \/>\n<meta property=\"og:description\" content=\"Discover all-season comfort with our lightweight merino wool neck gaiter and beanie \u2014 ultra-soft, breathable, and odor-resistant. Perfect for hiking, travel, or everyday wear.\" \/>\n<meta property=\"og:url\" content=\"https:\/\/homeofwool.com\/fr\/boutique\/bonnet-et-guetre-en-laine-merinos\/\" \/>\n<meta property=\"og:site_name\" content=\"Home of Wool\" \/>\n<meta property=\"article:publisher\" content=\"https:\/\/facebook.com\/HomeOfWoolOfficial\" \/>\n<meta property=\"article:modified_time\" content=\"2026-02-17T10:35:22+00:00\" \/>\n<meta property=\"og:image\" content=\"https:\/\/homeofwool.com\/wp-content\/uploads\/2025\/12\/home-of-wool-nomad-beanie-buff-fine-merino-main.jpg\" \/>\n\t<meta property=\"og:image:width\" content=\"2000\" \/>\n\t<meta property=\"og:image:height\" content=\"1601\" \/>\n\t<meta property=\"og:image:type\" content=\"image\/jpeg\" \/>\n<meta name=\"twitter:card\" content=\"summary_large_image\" \/>\n<meta name=\"twitter:label1\" content=\"Dur\u00e9e de lecture estim\u00e9e\" \/>\n\t<meta name=\"twitter:data1\" content=\"1 minute\" \/>\n<script type=\"application\/ld+json\" class=\"yoast-schema-graph\">{\"@context\":\"https:\\\/\\\/schema.org\",\"@graph\":[{\"@type\":\"WebPage\",\"@id\":\"https:\\\/\\\/homeofwool.com\\\/shop\\\/merino-wool-beanie-and-neck-gaiter\\\/\",\"url\":\"https:\\\/\\\/homeofwool.com\\\/shop\\\/merino-wool-beanie-and-neck-gaiter\\\/\",\"name\":\"Beanie and Neck Warmer \u2013 Natural Merino Wool\u200b | Nomad Heat\",\"isPartOf\":{\"@id\":\"https:\\\/\\\/homeofwool.com\\\/#website\"},\"primaryImageOfPage\":{\"@id\":\"https:\\\/\\\/homeofwool.com\\\/shop\\\/merino-wool-beanie-and-neck-gaiter\\\/#primaryimage\"},\"image\":{\"@id\":\"https:\\\/\\\/homeofwool.com\\\/shop\\\/merino-wool-beanie-and-neck-gaiter\\\/#primaryimage\"},\"thumbnailUrl\":\"https:\\\/\\\/homeofwool.com\\\/wp-content\\\/uploads\\\/2025\\\/12\\\/home-of-wool-nomad-beanie-buff-fine-merino-main.jpg\",\"datePublished\":\"2025-12-12T11:33:41+00:00\",\"dateModified\":\"2026-02-17T10:35:22+00:00\",\"description\":\"Discover all-season comfort with our lightweight merino wool neck gaiter and beanie \u2014 ultra-soft, breathable, and odor-resistant. Perfect for hiking, travel, or everyday wear.\",\"breadcrumb\":{\"@id\":\"https:\\\/\\\/homeofwool.com\\\/shop\\\/merino-wool-beanie-and-neck-gaiter\\\/#breadcrumb\"},\"inLanguage\":\"fr-FR\",\"potentialAction\":[{\"@type\":\"ReadAction\",\"target\":[\"https:\\\/\\\/homeofwool.com\\\/shop\\\/merino-wool-beanie-and-neck-gaiter\\\/\"]}]},{\"@type\":\"ImageObject\",\"inLanguage\":\"fr-FR\",\"@id\":\"https:\\\/\\\/homeofwool.com\\\/shop\\\/merino-wool-beanie-and-neck-gaiter\\\/#primaryimage\",\"url\":\"https:\\\/\\\/homeofwool.com\\\/wp-content\\\/uploads\\\/2025\\\/12\\\/home-of-wool-nomad-beanie-buff-fine-merino-main.jpg\",\"contentUrl\":\"https:\\\/\\\/homeofwool.com\\\/wp-content\\\/uploads\\\/2025\\\/12\\\/home-of-wool-nomad-beanie-buff-fine-merino-main.jpg\",\"width\":2000,\"height\":1601,\"caption\":\"man with sunglasses on a motorcycle with nomad heat beanie and neck gaiter with sky in the background\"},{\"@type\":\"BreadcrumbList\",\"@id\":\"https:\\\/\\\/homeofwool.com\\\/shop\\\/merino-wool-beanie-and-neck-gaiter\\\/#breadcrumb\",\"itemListElement\":[{\"@type\":\"ListItem\",\"position\":1,\"name\":\"Home\",\"item\":\"https:\\\/\\\/homeofwool.com\\\/\"},{\"@type\":\"ListItem\",\"position\":2,\"name\":\"Products\",\"item\":\"https:\\\/\\\/homeofwool.com\\\/header-search-2\\\/\"},{\"@type\":\"ListItem\",\"position\":3,\"name\":\"Merino Wool Beanie and Neck Gaiter\"}]},{\"@type\":\"WebSite\",\"@id\":\"https:\\\/\\\/homeofwool.com\\\/#website\",\"url\":\"https:\\\/\\\/homeofwool.com\\\/\",\"name\":\"Home of Wool\",\"description\":\"\",\"publisher\":{\"@id\":\"https:\\\/\\\/homeofwool.com\\\/#organization\"},\"potentialAction\":[{\"@type\":\"SearchAction\",\"target\":{\"@type\":\"EntryPoint\",\"urlTemplate\":\"https:\\\/\\\/homeofwool.com\\\/?s={search_term_string}\"},\"query-input\":{\"@type\":\"PropertyValueSpecification\",\"valueRequired\":true,\"valueName\":\"search_term_string\"}}],\"inLanguage\":\"fr-FR\"},{\"@type\":\"Organization\",\"@id\":\"https:\\\/\\\/homeofwool.com\\\/#organization\",\"name\":\"Home of Wool\",\"url\":\"https:\\\/\\\/homeofwool.com\\\/\",\"logo\":{\"@type\":\"ImageObject\",\"inLanguage\":\"fr-FR\",\"@id\":\"https:\\\/\\\/homeofwool.com\\\/#\\\/schema\\\/logo\\\/image\\\/\",\"url\":\"https:\\\/\\\/homeofwool.com\\\/wp-content\\\/uploads\\\/2025\\\/09\\\/WhatsApp-Image-2025-12-02-at-16.23.20.jpeg\",\"contentUrl\":\"https:\\\/\\\/homeofwool.com\\\/wp-content\\\/uploads\\\/2025\\\/09\\\/WhatsApp-Image-2025-12-02-at-16.23.20.jpeg\",\"width\":700,\"height\":247,\"caption\":\"Home of Wool\"},\"image\":{\"@id\":\"https:\\\/\\\/homeofwool.com\\\/#\\\/schema\\\/logo\\\/image\\\/\"},\"sameAs\":[\"https:\\\/\\\/facebook.com\\\/HomeOfWoolOfficial\"]}]}<\/script>\n<!-- \/ Yoast SEO Premium plugin. -->","yoast_head_json":{"title":"Bonnet et cache-cou - Laine M\u00e9rinos Naturelle | Nomad Heat","description":"D\u00e9couvrez le confort en toute saison avec notre cache-cou et notre bonnet l\u00e9gers en laine m\u00e9rinos, ultra-doux, respirants et r\u00e9sistants aux odeurs. Parfaits pour la randonn\u00e9e, les voyages ou la vie de tous les jours.","robots":{"index":"index","follow":"follow","max-snippet":"max-snippet:-1","max-image-preview":"max-image-preview:large","max-video-preview":"max-video-preview:-1"},"canonical":"https:\/\/homeofwool.com\/fr\/boutique\/bonnet-et-guetre-en-laine-merinos\/","og_locale":"fr_FR","og_type":"article","og_title":"Merino Wool Beanie and Neck Gaiter","og_description":"Discover all-season comfort with our lightweight merino wool neck gaiter and beanie \u2014 ultra-soft, breathable, and odor-resistant. Perfect for hiking, travel, or everyday wear.","og_url":"https:\/\/homeofwool.com\/fr\/boutique\/bonnet-et-guetre-en-laine-merinos\/","og_site_name":"Home of Wool","article_publisher":"https:\/\/facebook.com\/HomeOfWoolOfficial","article_modified_time":"2026-02-17T10:35:22+00:00","og_image":[{"width":2000,"height":1601,"url":"https:\/\/homeofwool.com\/wp-content\/uploads\/2025\/12\/home-of-wool-nomad-beanie-buff-fine-merino-main.jpg","type":"image\/jpeg"}],"twitter_card":"summary_large_image","twitter_misc":{"Dur\u00e9e de lecture estim\u00e9e":"1 minute"},"schema":{"@context":"https:\/\/schema.org","@graph":[{"@type":"WebPage","@id":"https:\/\/homeofwool.com\/shop\/merino-wool-beanie-and-neck-gaiter\/","url":"https:\/\/homeofwool.com\/shop\/merino-wool-beanie-and-neck-gaiter\/","name":"Bonnet et cache-cou - Laine M\u00e9rinos Naturelle | Nomad Heat","isPartOf":{"@id":"https:\/\/homeofwool.com\/#website"},"primaryImageOfPage":{"@id":"https:\/\/homeofwool.com\/shop\/merino-wool-beanie-and-neck-gaiter\/#primaryimage"},"image":{"@id":"https:\/\/homeofwool.com\/shop\/merino-wool-beanie-and-neck-gaiter\/#primaryimage"},"thumbnailUrl":"https:\/\/homeofwool.com\/wp-content\/uploads\/2025\/12\/home-of-wool-nomad-beanie-buff-fine-merino-main.jpg","datePublished":"2025-12-12T11:33:41+00:00","dateModified":"2026-02-17T10:35:22+00:00","description":"D\u00e9couvrez le confort en toute saison avec notre cache-cou et notre bonnet l\u00e9gers en laine m\u00e9rinos, ultra-doux, respirants et r\u00e9sistants aux odeurs. Parfaits pour la randonn\u00e9e, les voyages ou la vie de tous les jours.","breadcrumb":{"@id":"https:\/\/homeofwool.com\/shop\/merino-wool-beanie-and-neck-gaiter\/#breadcrumb"},"inLanguage":"fr-FR","potentialAction":[{"@type":"ReadAction","target":["https:\/\/homeofwool.com\/shop\/merino-wool-beanie-and-neck-gaiter\/"]}]},{"@type":"ImageObject","inLanguage":"fr-FR","@id":"https:\/\/homeofwool.com\/shop\/merino-wool-beanie-and-neck-gaiter\/#primaryimage","url":"https:\/\/homeofwool.com\/wp-content\/uploads\/2025\/12\/home-of-wool-nomad-beanie-buff-fine-merino-main.jpg","contentUrl":"https:\/\/homeofwool.com\/wp-content\/uploads\/2025\/12\/home-of-wool-nomad-beanie-buff-fine-merino-main.jpg","width":2000,"height":1601,"caption":"man with sunglasses on a motorcycle with nomad heat beanie and neck gaiter with sky in the background"},{"@type":"BreadcrumbList","@id":"https:\/\/homeofwool.com\/shop\/merino-wool-beanie-and-neck-gaiter\/#breadcrumb","itemListElement":[{"@type":"ListItem","position":1,"name":"Home","item":"https:\/\/homeofwool.com\/"},{"@type":"ListItem","position":2,"name":"Products","item":"https:\/\/homeofwool.com\/header-search-2\/"},{"@type":"ListItem","position":3,"name":"Merino Wool Beanie and Neck Gaiter"}]},{"@type":"WebSite","@id":"https:\/\/homeofwool.com\/#website","url":"https:\/\/homeofwool.com\/","name":"La maison de la laine","description":"","publisher":{"@id":"https:\/\/homeofwool.com\/#organization"},"potentialAction":[{"@type":"SearchAction","target":{"@type":"EntryPoint","urlTemplate":"https:\/\/homeofwool.com\/?s={search_term_string}"},"query-input":{"@type":"PropertyValueSpecification","valueRequired":true,"valueName":"search_term_string"}}],"inLanguage":"fr-FR"},{"@type":"Organization","@id":"https:\/\/homeofwool.com\/#organization","name":"La maison de la laine","url":"https:\/\/homeofwool.com\/","logo":{"@type":"ImageObject","inLanguage":"fr-FR","@id":"https:\/\/homeofwool.com\/#\/schema\/logo\/image\/","url":"https:\/\/homeofwool.com\/wp-content\/uploads\/2025\/09\/WhatsApp-Image-2025-12-02-at-16.23.20.jpeg","contentUrl":"https:\/\/homeofwool.com\/wp-content\/uploads\/2025\/09\/WhatsApp-Image-2025-12-02-at-16.23.20.jpeg","width":700,"height":247,"caption":"Home of Wool"},"image":{"@id":"https:\/\/homeofwool.com\/#\/schema\/logo\/image\/"},"sameAs":["https:\/\/facebook.com\/HomeOfWoolOfficial"]}]}},"_links":{"self":[{"href":"https:\/\/homeofwool.com\/fr\/wp-json\/wp\/v2\/product\/226551","targetHints":{"allow":["GET"]}}],"collection":[{"href":"https:\/\/homeofwool.com\/fr\/wp-json\/wp\/v2\/product"}],"about":[{"href":"https:\/\/homeofwool.com\/fr\/wp-json\/wp\/v2\/types\/product"}],"version-history":[{"count":3,"href":"https:\/\/homeofwool.com\/fr\/wp-json\/wp\/v2\/product\/226551\/revisions"}],"predecessor-version":[{"id":228039,"href":"https:\/\/homeofwool.com\/fr\/wp-json\/wp\/v2\/product\/226551\/revisions\/228039"}],"wp:featuredmedia":[{"embeddable":true,"href":"https:\/\/homeofwool.com\/fr\/wp-json\/wp\/v2\/media\/226559"}],"wp:attachment":[{"href":"https:\/\/homeofwool.com\/fr\/wp-json\/wp\/v2\/media?parent=226551"}],"wp:term":[{"taxonomy":"product_brand","embeddable":true,"href":"https:\/\/homeofwool.com\/fr\/wp-json\/wp\/v2\/product_brand?post=226551"},{"taxonomy":"product_cat","embeddable":true,"href":"https:\/\/homeofwool.com\/fr\/wp-json\/wp\/v2\/product_cat?post=226551"},{"taxonomy":"product_tag","embeddable":true,"href":"https:\/\/homeofwool.com\/fr\/wp-json\/wp\/v2\/product_tag?post=226551"}],"curies":[{"name":"wp","href":"https:\/\/api.w.org\/{rel}","templated":true}]}}