{"id":223729,"date":"2025-11-03T07:23:34","date_gmt":"2025-11-03T07:23:34","guid":{"rendered":"https:\/\/homeofwool.com\/?post_type=product&#038;p=223729"},"modified":"2026-01-30T12:29:24","modified_gmt":"2026-01-30T12:29:24","slug":"ensemble-pour-un-sommeil-reparateur","status":"publish","type":"product","link":"https:\/\/homeofwool.com\/fr\/shop\/beauty-sleep-set\/","title":{"rendered":"Coffret beaut\u00e9 de nuit 100% soie de m\u00fbrier"},"content":{"rendered":"<p class=\"ql-block\" data-block-id=\"block-d767229f-9309-43d7-b80b-4dd5071d5417\">R\u00e9veillez-vous avec une peau \u00e9clatante et des cheveux brillants gr\u00e2ce au coffret Beauty Sleep Set de Home of Wool. Il s'agit d'un kit de sommeil anti-\u00e2ge tout-en-un. La soie de m\u00fbrier est l\u00e9g\u00e8re et douce. Elle est douce pour votre peau et vos cheveux. Elle les aide \u00e0 conserver leur douceur et leur brillance naturelles. Le secret ? La soie naturelle regorge d'acides amin\u00e9s qui les aident \u00e0 rester lisses et sains.<\/p>\n<p class=\"ql-block\" data-block-id=\"block-4af61955-2fbb-4b68-944f-e51489de79f1\">Le masque de sommeil en soie avec rembourrage en laine combine la fra\u00eecheur de la soie et la respirabilit\u00e9 de la laine. Il fusionne la l\u00e9g\u00e8ret\u00e9 et favorise des matins plus frais. Tout cela tout en hydratant votre visage pendant votre sommeil.<\/p>\n<p class=\"ql-block\" data-block-id=\"block-88e52b3d-a6b4-4c27-880c-c2d9c119e642\">Le bandeau en soie prot\u00e8ge vos cheveux des frottements et du dess\u00e8chement, contribuant ainsi \u00e0 r\u00e9duire les cassures et \u00e0 pr\u00e9server leur brillance pendant votre sommeil. Le bandeau en soie maintient confortablement vos cheveux en place pendant vos rituels de soins de la peau. Le chouchou compl\u00e8te l'ensemble et est parfait pour un usage domestique ou comme accessoire \u00e9l\u00e9gant au quotidien.<\/p>\n<p class=\"ql-block\" data-block-id=\"block-993a3a38-7ca1-4e77-8346-fafca4904f15\">Le set est livr\u00e9 avec sa propre pochette en soie, permettant de tout ranger. Les accessoires peuvent \u00eatre achet\u00e9s s\u00e9par\u00e9ment, mais si vous choisissez le set complet, vous recevrez le chouchou et la pochette en soie en cadeau.<\/p>\n<p data-block-id=\"block-993a3a38-7ca1-4e77-8346-fafca4904f15\">Taie d'oreiller en soie en option :<\/p>\n<ul>\n<li data-block-id=\"block-993a3a38-7ca1-4e77-8346-fafca4904f15\">Dimensions : 50,8 x 66 cm (20 x 26 pouces)<\/li>\n<\/ul>","protected":false},"excerpt":{"rendered":"<p>D\u00e9couvrez le v\u00e9ritable luxe nocturne avec notre ensemble Beauty Sleep. Un kit de sommeil anti-\u00e2ge con\u00e7u pour nourrir votre peau et vos cheveux pendant que vous vous reposez. L'ensemble comprend un masque de sommeil en soie avec rembourrage en laine, un bandeau en soie, un \u00e9lastique en soie et un chouchou. Toute la collection est fabriqu\u00e9e \u00e0 partir de soie pure de m\u00fbrier. Sans colorants ni finitions chimiques.<\/p>\n<div class=\"global-icon-set\">\n<div class=\"global-icon-set__items\">\n<div class=\"global-icon-set__item\">\n<div class=\"global-icon-set__image\">\n                                    <img decoding=\"async\" src=\"https:\/\/homeofwool.com\/wp-content\/uploads\/2025\/09\/handmade-icon-300x300.png\" alt=\"ic\u00f4ne artisanale\" \/>\n                                <\/div>\n<div class=\"global-icon-set__title\">Fait \u00e0 la main<\/div>\n<\/p><\/div>\n<div class=\"global-icon-set__item\">\n<div class=\"global-icon-set__image\">\n                                    <img decoding=\"async\" src=\"https:\/\/homeofwool.com\/wp-content\/uploads\/2025\/09\/VOCs-min-300x300.png\" alt=\"vocs libre\" \/>\n                                <\/div>\n<div class=\"global-icon-set__title\">Sans COV<\/div>\n<\/p><\/div>\n<div class=\"global-icon-set__item\">\n<div class=\"global-icon-set__image\">\n                                    <img decoding=\"async\" src=\"https:\/\/homeofwool.com\/wp-content\/uploads\/2025\/09\/FR-min-300x300.png\" alt=\"ic\u00f4ne de r\u00e9sistance au feu\" \/>\n                                <\/div>\n<div class=\"global-icon-set__title\">R\u00e9sistant \u00e0 la flamme<\/div>\n<\/p><\/div>\n<div class=\"global-icon-set__item\">\n<div class=\"global-icon-set__image\">\n                                    <img decoding=\"async\" src=\"https:\/\/homeofwool.com\/wp-content\/uploads\/2025\/09\/Hypoallergenic-min-300x300.png\" alt=\"ic\u00f4ne hypoallerg\u00e9nique\" \/>\n                                <\/div>\n<div class=\"global-icon-set__title\">Hypoallerg\u00e9nique<\/div>\n<\/p><\/div>\n<div class=\"global-icon-set__item\">\n<div class=\"global-icon-set__image\">\n                                    <img decoding=\"async\" src=\"https:\/\/homeofwool.com\/wp-content\/uploads\/2025\/09\/free-of-synthetics-icon-300x300.png\" alt=\"sans mati\u00e8res synth\u00e9tiques ic\u00f4ne\" \/>\n                                <\/div>\n<div class=\"global-icon-set__title\">Sans mati\u00e8res synth\u00e9tiques<\/div>\n<\/p><\/div>\n<div class=\"global-icon-set__item\">\n<div class=\"global-icon-set__image\">\n                                    <img decoding=\"async\" src=\"https:\/\/homeofwool.com\/wp-content\/uploads\/2025\/09\/chemical-free-icon-300x300.png\" alt=\"ic\u00f4ne de l&#039;absence de produits chimiques\" \/>\n                                <\/div>\n<div class=\"global-icon-set__title\">Sans produits chimiques<\/div>\n<\/p><\/div>\n<div class=\"global-icon-set__item\">\n<div class=\"global-icon-set__image\">\n                                    <img decoding=\"async\" src=\"https:\/\/homeofwool.com\/wp-content\/uploads\/2025\/09\/certified-materials-icon-300x300.png\" alt=\"ic\u00f4ne des mat\u00e9riaux certifi\u00e9s\" \/>\n                                <\/div>\n<div class=\"global-icon-set__title\">100% Mat\u00e9riaux certifi\u00e9s purs<\/div>\n<\/p><\/div>\n<\/p><\/div>\n<\/p><\/div>","protected":false},"featured_media":223731,"template":"","meta":{"_acf_changed":false},"product_brand":[],"product_cat":[557,1366,590,558],"product_tag":[],"class_list":{"0":"post-223729","1":"product","2":"type-product","3":"status-publish","4":"has-post-thumbnail","6":"product_cat-new","7":"product_cat-womens-day","8":"product_cat-accessories","9":"product_cat-zero-waste-accessories","11":"first","12":"instock","13":"shipping-taxable","14":"purchasable","15":"product-type-simple"},"acf":[],"yoast_head":"<!-- This site is optimized with the Yoast SEO Premium plugin v27.3 (Yoast SEO v27.3) - https:\/\/yoast.com\/product\/yoast-seo-premium-wordpress\/ -->\n<title>Beauty Sleep Silk Set \u2013 Anti-Aging Sleep Kit | Home of Wool<\/title>\n<meta name=\"description\" content=\"Wake up radiant with this anti-aging sleep kit of pure Mulberry silk and breathable wool\u2014nourishing skin, protecting hair, and enhancing your natural glow overnight.\" \/>\n<meta name=\"robots\" content=\"index, follow, max-snippet:-1, max-image-preview:large, max-video-preview:-1\" \/>\n<link rel=\"canonical\" href=\"https:\/\/homeofwool.com\/fr\/boutique\/ensemble-pour-un-sommeil-reparateur\/\" \/>\n<meta property=\"og:locale\" content=\"fr_FR\" \/>\n<meta property=\"og:type\" content=\"article\" \/>\n<meta property=\"og:title\" content=\"Beauty Sleep Set \u2013 Mulberry Silk\" \/>\n<meta property=\"og:description\" content=\"Wake up radiant with this anti-aging sleep kit of pure Mulberry silk and breathable wool\u2014nourishing skin, protecting hair, and enhancing your natural glow overnight.\" \/>\n<meta property=\"og:url\" content=\"https:\/\/homeofwool.com\/fr\/boutique\/ensemble-pour-un-sommeil-reparateur\/\" \/>\n<meta property=\"og:site_name\" content=\"Home of Wool\" \/>\n<meta property=\"article:publisher\" content=\"https:\/\/facebook.com\/HomeOfWoolOfficial\" \/>\n<meta property=\"article:modified_time\" content=\"2026-01-30T12:29:24+00:00\" \/>\n<meta property=\"og:image\" content=\"https:\/\/homeofwool.com\/wp-content\/uploads\/2025\/11\/home-of-wool-beauty-sleep-set-main.jpg\" \/>\n\t<meta property=\"og:image:width\" content=\"1938\" \/>\n\t<meta property=\"og:image:height\" content=\"1551\" \/>\n\t<meta property=\"og:image:type\" content=\"image\/jpeg\" \/>\n<meta name=\"twitter:card\" content=\"summary_large_image\" \/>\n<meta name=\"twitter:label1\" content=\"Dur\u00e9e de lecture estim\u00e9e\" \/>\n\t<meta name=\"twitter:data1\" content=\"2 minutes\" \/>\n<script type=\"application\/ld+json\" class=\"yoast-schema-graph\">{\"@context\":\"https:\\\/\\\/schema.org\",\"@graph\":[{\"@type\":\"WebPage\",\"@id\":\"https:\\\/\\\/homeofwool.com\\\/nl\\\/winkelen\\\/schoonheidsslaapset\\\/\",\"url\":\"https:\\\/\\\/homeofwool.com\\\/nl\\\/winkelen\\\/schoonheidsslaapset\\\/\",\"name\":\"Beauty Sleep Silk Set \u2013 Anti-Aging Sleep Kit | Home of Wool\",\"isPartOf\":{\"@id\":\"https:\\\/\\\/homeofwool.com\\\/#website\"},\"primaryImageOfPage\":{\"@id\":\"https:\\\/\\\/homeofwool.com\\\/nl\\\/winkelen\\\/schoonheidsslaapset\\\/#primaryimage\"},\"image\":{\"@id\":\"https:\\\/\\\/homeofwool.com\\\/nl\\\/winkelen\\\/schoonheidsslaapset\\\/#primaryimage\"},\"thumbnailUrl\":\"https:\\\/\\\/homeofwool.com\\\/wp-content\\\/uploads\\\/2025\\\/11\\\/home-of-wool-beauty-sleep-set-main.jpg\",\"datePublished\":\"2025-11-03T07:23:34+00:00\",\"dateModified\":\"2026-01-30T12:29:24+00:00\",\"description\":\"Wake up radiant with this anti-aging sleep kit of pure Mulberry silk and breathable wool\u2014nourishing skin, protecting hair, and enhancing your natural glow overnight.\",\"breadcrumb\":{\"@id\":\"https:\\\/\\\/homeofwool.com\\\/nl\\\/winkelen\\\/schoonheidsslaapset\\\/#breadcrumb\"},\"inLanguage\":\"fr-FR\",\"potentialAction\":[{\"@type\":\"ReadAction\",\"target\":[\"https:\\\/\\\/homeofwool.com\\\/nl\\\/winkelen\\\/schoonheidsslaapset\\\/\"]}]},{\"@type\":\"ImageObject\",\"inLanguage\":\"fr-FR\",\"@id\":\"https:\\\/\\\/homeofwool.com\\\/nl\\\/winkelen\\\/schoonheidsslaapset\\\/#primaryimage\",\"url\":\"https:\\\/\\\/homeofwool.com\\\/wp-content\\\/uploads\\\/2025\\\/11\\\/home-of-wool-beauty-sleep-set-main.jpg\",\"contentUrl\":\"https:\\\/\\\/homeofwool.com\\\/wp-content\\\/uploads\\\/2025\\\/11\\\/home-of-wool-beauty-sleep-set-main.jpg\",\"width\":1938,\"height\":1551,\"caption\":\"sleep mask, turban, scrunchie and hair band laid on silk surface\"},{\"@type\":\"BreadcrumbList\",\"@id\":\"https:\\\/\\\/homeofwool.com\\\/nl\\\/winkelen\\\/schoonheidsslaapset\\\/#breadcrumb\",\"itemListElement\":[{\"@type\":\"ListItem\",\"position\":1,\"name\":\"Home\",\"item\":\"https:\\\/\\\/homeofwool.com\\\/\"},{\"@type\":\"ListItem\",\"position\":2,\"name\":\"Products\",\"item\":\"https:\\\/\\\/homeofwool.com\\\/header-search-2\\\/\"},{\"@type\":\"ListItem\",\"position\":3,\"name\":\"Beauty Sleep Set \u2013 Mulberry Silk\"}]},{\"@type\":\"WebSite\",\"@id\":\"https:\\\/\\\/homeofwool.com\\\/#website\",\"url\":\"https:\\\/\\\/homeofwool.com\\\/\",\"name\":\"Home of Wool\",\"description\":\"\",\"publisher\":{\"@id\":\"https:\\\/\\\/homeofwool.com\\\/#organization\"},\"potentialAction\":[{\"@type\":\"SearchAction\",\"target\":{\"@type\":\"EntryPoint\",\"urlTemplate\":\"https:\\\/\\\/homeofwool.com\\\/?s={search_term_string}\"},\"query-input\":{\"@type\":\"PropertyValueSpecification\",\"valueRequired\":true,\"valueName\":\"search_term_string\"}}],\"inLanguage\":\"fr-FR\"},{\"@type\":\"Organization\",\"@id\":\"https:\\\/\\\/homeofwool.com\\\/#organization\",\"name\":\"Home of Wool\",\"url\":\"https:\\\/\\\/homeofwool.com\\\/\",\"logo\":{\"@type\":\"ImageObject\",\"inLanguage\":\"fr-FR\",\"@id\":\"https:\\\/\\\/homeofwool.com\\\/#\\\/schema\\\/logo\\\/image\\\/\",\"url\":\"https:\\\/\\\/homeofwool.com\\\/wp-content\\\/uploads\\\/2025\\\/09\\\/WhatsApp-Image-2025-12-02-at-16.23.20.jpeg\",\"contentUrl\":\"https:\\\/\\\/homeofwool.com\\\/wp-content\\\/uploads\\\/2025\\\/09\\\/WhatsApp-Image-2025-12-02-at-16.23.20.jpeg\",\"width\":700,\"height\":247,\"caption\":\"Home of Wool\"},\"image\":{\"@id\":\"https:\\\/\\\/homeofwool.com\\\/#\\\/schema\\\/logo\\\/image\\\/\"},\"sameAs\":[\"https:\\\/\\\/facebook.com\\\/HomeOfWoolOfficial\"]}]}<\/script>\n<!-- \/ Yoast SEO Premium plugin. -->","yoast_head_json":{"title":"Ensemble Beauty Sleep Silk \u2013 Kit de sommeil anti-\u00e2ge | Home of Wool","description":"R\u00e9veillez-vous radieuse gr\u00e2ce \u00e0 ce kit de sommeil anti-\u00e2ge en pure soie de m\u00fbrier et laine respirante qui nourrit votre peau, prot\u00e8ge vos cheveux et rehausse votre \u00e9clat naturel pendant la nuit.","robots":{"index":"index","follow":"follow","max-snippet":"max-snippet:-1","max-image-preview":"max-image-preview:large","max-video-preview":"max-video-preview:-1"},"canonical":"https:\/\/homeofwool.com\/fr\/boutique\/ensemble-pour-un-sommeil-reparateur\/","og_locale":"fr_FR","og_type":"article","og_title":"Beauty Sleep Set \u2013 Mulberry Silk","og_description":"Wake up radiant with this anti-aging sleep kit of pure Mulberry silk and breathable wool\u2014nourishing skin, protecting hair, and enhancing your natural glow overnight.","og_url":"https:\/\/homeofwool.com\/fr\/boutique\/ensemble-pour-un-sommeil-reparateur\/","og_site_name":"Home of Wool","article_publisher":"https:\/\/facebook.com\/HomeOfWoolOfficial","article_modified_time":"2026-01-30T12:29:24+00:00","og_image":[{"width":1938,"height":1551,"url":"https:\/\/homeofwool.com\/wp-content\/uploads\/2025\/11\/home-of-wool-beauty-sleep-set-main.jpg","type":"image\/jpeg"}],"twitter_card":"summary_large_image","twitter_misc":{"Dur\u00e9e de lecture estim\u00e9e":"2 minutes"},"schema":{"@context":"https:\/\/schema.org","@graph":[{"@type":"WebPage","@id":"https:\/\/homeofwool.com\/nl\/winkelen\/schoonheidsslaapset\/","url":"https:\/\/homeofwool.com\/nl\/winkelen\/schoonheidsslaapset\/","name":"Ensemble Beauty Sleep Silk \u2013 Kit de sommeil anti-\u00e2ge | Home of Wool","isPartOf":{"@id":"https:\/\/homeofwool.com\/#website"},"primaryImageOfPage":{"@id":"https:\/\/homeofwool.com\/nl\/winkelen\/schoonheidsslaapset\/#primaryimage"},"image":{"@id":"https:\/\/homeofwool.com\/nl\/winkelen\/schoonheidsslaapset\/#primaryimage"},"thumbnailUrl":"https:\/\/homeofwool.com\/wp-content\/uploads\/2025\/11\/home-of-wool-beauty-sleep-set-main.jpg","datePublished":"2025-11-03T07:23:34+00:00","dateModified":"2026-01-30T12:29:24+00:00","description":"R\u00e9veillez-vous radieuse gr\u00e2ce \u00e0 ce kit de sommeil anti-\u00e2ge en pure soie de m\u00fbrier et laine respirante qui nourrit votre peau, prot\u00e8ge vos cheveux et rehausse votre \u00e9clat naturel pendant la nuit.","breadcrumb":{"@id":"https:\/\/homeofwool.com\/nl\/winkelen\/schoonheidsslaapset\/#breadcrumb"},"inLanguage":"fr-FR","potentialAction":[{"@type":"ReadAction","target":["https:\/\/homeofwool.com\/nl\/winkelen\/schoonheidsslaapset\/"]}]},{"@type":"ImageObject","inLanguage":"fr-FR","@id":"https:\/\/homeofwool.com\/nl\/winkelen\/schoonheidsslaapset\/#primaryimage","url":"https:\/\/homeofwool.com\/wp-content\/uploads\/2025\/11\/home-of-wool-beauty-sleep-set-main.jpg","contentUrl":"https:\/\/homeofwool.com\/wp-content\/uploads\/2025\/11\/home-of-wool-beauty-sleep-set-main.jpg","width":1938,"height":1551,"caption":"sleep mask, turban, scrunchie and hair band laid on silk surface"},{"@type":"BreadcrumbList","@id":"https:\/\/homeofwool.com\/nl\/winkelen\/schoonheidsslaapset\/#breadcrumb","itemListElement":[{"@type":"ListItem","position":1,"name":"Home","item":"https:\/\/homeofwool.com\/"},{"@type":"ListItem","position":2,"name":"Products","item":"https:\/\/homeofwool.com\/header-search-2\/"},{"@type":"ListItem","position":3,"name":"Beauty Sleep Set \u2013 Mulberry Silk"}]},{"@type":"WebSite","@id":"https:\/\/homeofwool.com\/#website","url":"https:\/\/homeofwool.com\/","name":"La maison de la laine","description":"","publisher":{"@id":"https:\/\/homeofwool.com\/#organization"},"potentialAction":[{"@type":"SearchAction","target":{"@type":"EntryPoint","urlTemplate":"https:\/\/homeofwool.com\/?s={search_term_string}"},"query-input":{"@type":"PropertyValueSpecification","valueRequired":true,"valueName":"search_term_string"}}],"inLanguage":"fr-FR"},{"@type":"Organization","@id":"https:\/\/homeofwool.com\/#organization","name":"La maison de la laine","url":"https:\/\/homeofwool.com\/","logo":{"@type":"ImageObject","inLanguage":"fr-FR","@id":"https:\/\/homeofwool.com\/#\/schema\/logo\/image\/","url":"https:\/\/homeofwool.com\/wp-content\/uploads\/2025\/09\/WhatsApp-Image-2025-12-02-at-16.23.20.jpeg","contentUrl":"https:\/\/homeofwool.com\/wp-content\/uploads\/2025\/09\/WhatsApp-Image-2025-12-02-at-16.23.20.jpeg","width":700,"height":247,"caption":"Home of Wool"},"image":{"@id":"https:\/\/homeofwool.com\/#\/schema\/logo\/image\/"},"sameAs":["https:\/\/facebook.com\/HomeOfWoolOfficial"]}]}},"_links":{"self":[{"href":"https:\/\/homeofwool.com\/fr\/wp-json\/wp\/v2\/product\/223729","targetHints":{"allow":["GET"]}}],"collection":[{"href":"https:\/\/homeofwool.com\/fr\/wp-json\/wp\/v2\/product"}],"about":[{"href":"https:\/\/homeofwool.com\/fr\/wp-json\/wp\/v2\/types\/product"}],"version-history":[{"count":1,"href":"https:\/\/homeofwool.com\/fr\/wp-json\/wp\/v2\/product\/223729\/revisions"}],"predecessor-version":[{"id":226071,"href":"https:\/\/homeofwool.com\/fr\/wp-json\/wp\/v2\/product\/223729\/revisions\/226071"}],"wp:featuredmedia":[{"embeddable":true,"href":"https:\/\/homeofwool.com\/fr\/wp-json\/wp\/v2\/media\/223731"}],"wp:attachment":[{"href":"https:\/\/homeofwool.com\/fr\/wp-json\/wp\/v2\/media?parent=223729"}],"wp:term":[{"taxonomy":"product_brand","embeddable":true,"href":"https:\/\/homeofwool.com\/fr\/wp-json\/wp\/v2\/product_brand?post=223729"},{"taxonomy":"product_cat","embeddable":true,"href":"https:\/\/homeofwool.com\/fr\/wp-json\/wp\/v2\/product_cat?post=223729"},{"taxonomy":"product_tag","embeddable":true,"href":"https:\/\/homeofwool.com\/fr\/wp-json\/wp\/v2\/product_tag?post=223729"}],"curies":[{"name":"wp","href":"https:\/\/api.w.org\/{rel}","templated":true}]}}