{"id":218183,"date":"2025-09-02T12:03:55","date_gmt":"2025-09-02T12:03:55","guid":{"rendered":"https:\/\/homeofwool.com\/?post_type=product&#038;p=218183"},"modified":"2026-01-20T10:58:29","modified_gmt":"2026-01-20T10:58:29","slug":"matelas-a-langer-3","status":"publish","type":"product","link":"https:\/\/homeofwool.com\/fr\/shop\/baby-changing-pad\/","title":{"rendered":"Matelas \u00e0 langer en laine"},"content":{"rendered":"<p>Certaines choses sont meilleures lorsqu'elles sont simples. C'est ainsi qu'est n\u00e9 ce matelas \u00e0 langer en laine 100%. Juste de la laine, un tissu propre et des coutures soign\u00e9es.<\/p>\n<p>Nous voulions un matelas \u00e0 langer sans produits chimiques, qui ne donne pas l'impression d'\u00eatre en plastique, qui sente l\u00e9g\u00e8rement la nature et non l'usine. La surface, en tissu biologique, reste fra\u00eeche et douce ; l'int\u00e9rieur, en pure laine, laisse passer l'air afin que votre b\u00e9b\u00e9 se sente \u00e0 l'aise pendant le changement de couche ou les s\u00e9ances de gymnastique pour b\u00e9b\u00e9s.<\/p>\n<p>La laine r\u00e9siste aux odeurs, laisse l'humidit\u00e9 s'\u00e9chapper et retrouve sa fra\u00eecheur apr\u00e8s chaque utilisation. Le centre du matelas est l\u00e9g\u00e8rement rembourr\u00e9, les bords conservent leur forme. La housse s'enl\u00e8ve facilement pour \u00eatre lav\u00e9e. Si vous devez vous d\u00e9placer, ce matelas \u00e0 langer portable est facile \u00e0 transporter gr\u00e2ce \u00e0 sa forme pratique. Mesurant 40 x 80 cm, il s'adapte \u00e0 la plupart des tables \u00e0 langer et des commodes.<\/p>\n<p>Chaque article est personnalisable et fabriqu\u00e9 sur commande. Un accessoire pour b\u00e9b\u00e9 durable qui vous accompagnera tout au long de la vie de vos enfants. Il fait partie de notre collection d'articles essentiels pour b\u00e9b\u00e9s, fabriqu\u00e9s avec soin pour les tout-petits.<\/p>\n<p><strong>TAILLE<\/strong>: 40,6 x 78,7 x 10 cm (16 x 31 x 4 pouces)<br \/>\nContactez-nous pour des dimensions personnalis\u00e9es.<\/p>","protected":false},"excerpt":{"rendered":"<p>Confort et s\u00e9curit\u00e9, jour apr\u00e8s jour. Ce matelas \u00e0 langer naturel est rembourr\u00e9 de laine 100% et recouvert d'un tissu biologique. Matelas \u00e0 langer naturel et respirant qui pr\u00e9serve la peau de votre b\u00e9b\u00e9. Un matelas hypoallerg\u00e9nique con\u00e7u pour les parents qui souhaitent cr\u00e9er un environnement propre et sain pour leurs enfants.<\/p>","protected":false},"featured_media":224437,"template":"","meta":{"_acf_changed":false},"product_brand":[],"product_cat":[267],"product_tag":[],"class_list":{"0":"post-218183","1":"product","2":"type-product","3":"status-publish","4":"has-post-thumbnail","6":"product_cat-nursery","8":"first","9":"instock","10":"shipping-taxable","11":"purchasable","12":"product-type-variable"},"acf":[],"yoast_head":"<!-- This site is optimized with the Yoast SEO Premium plugin v27.5 (Yoast SEO v27.5) - https:\/\/yoast.com\/product\/yoast-seo-premium-wordpress\/ -->\n<title>Changing Pad \u2013 Natural Wool Baby Changing Pad | Home of Wool<\/title>\n<meta name=\"description\" content=\"The Changing Pad is made with breathable wool filling for toxin-free comfort. Hypoallergenic and natural, it ensures safe, sustainable, and eco-friendly protection for diaper changes.\" \/>\n<meta name=\"robots\" content=\"index, follow, max-snippet:-1, max-image-preview:large, max-video-preview:-1\" \/>\n<link rel=\"canonical\" href=\"https:\/\/homeofwool.com\/fr\/boutique\/matelas-a-langer-3\/\" \/>\n<meta property=\"og:locale\" content=\"fr_FR\" \/>\n<meta property=\"og:type\" content=\"article\" \/>\n<meta property=\"og:title\" content=\"Wool Baby Changing Pad\" \/>\n<meta property=\"og:description\" content=\"The Changing Pad is made with breathable wool filling for toxin-free comfort. Hypoallergenic and natural, it ensures safe, sustainable, and eco-friendly protection for diaper changes.\" \/>\n<meta property=\"og:url\" content=\"https:\/\/homeofwool.com\/fr\/boutique\/matelas-a-langer-3\/\" \/>\n<meta property=\"og:site_name\" content=\"Home of Wool\" \/>\n<meta property=\"article:publisher\" content=\"https:\/\/facebook.com\/HomeOfWoolOfficial\" \/>\n<meta property=\"article:modified_time\" content=\"2026-01-20T10:58:29+00:00\" \/>\n<meta property=\"og:image\" content=\"https:\/\/homeofwool.com\/wp-content\/uploads\/2025\/09\/home-of-wool-baby-changing-pad-main.jpg\" \/>\n\t<meta property=\"og:image:width\" content=\"2000\" \/>\n\t<meta property=\"og:image:height\" content=\"1600\" \/>\n\t<meta property=\"og:image:type\" content=\"image\/jpeg\" \/>\n<meta name=\"twitter:card\" content=\"summary_large_image\" \/>\n<meta name=\"twitter:label1\" content=\"Dur\u00e9e de lecture estim\u00e9e\" \/>\n\t<meta name=\"twitter:data1\" content=\"2 minutes\" \/>\n<script type=\"application\/ld+json\" class=\"yoast-schema-graph\">{\"@context\":\"https:\\\/\\\/schema.org\",\"@graph\":[{\"@type\":\"WebPage\",\"@id\":\"https:\\\/\\\/homeofwool.com\\\/shop\\\/baby-changing-pad\\\/\",\"url\":\"https:\\\/\\\/homeofwool.com\\\/shop\\\/baby-changing-pad\\\/\",\"name\":\"Changing Pad \u2013 Natural Wool Baby Changing Pad | Home of Wool\",\"isPartOf\":{\"@id\":\"https:\\\/\\\/homeofwool.com\\\/#website\"},\"primaryImageOfPage\":{\"@id\":\"https:\\\/\\\/homeofwool.com\\\/shop\\\/baby-changing-pad\\\/#primaryimage\"},\"image\":{\"@id\":\"https:\\\/\\\/homeofwool.com\\\/shop\\\/baby-changing-pad\\\/#primaryimage\"},\"thumbnailUrl\":\"https:\\\/\\\/homeofwool.com\\\/wp-content\\\/uploads\\\/2025\\\/09\\\/home-of-wool-baby-changing-pad-main.jpg\",\"datePublished\":\"2025-09-02T12:03:55+00:00\",\"dateModified\":\"2026-01-20T10:58:29+00:00\",\"description\":\"The Changing Pad is made with breathable wool filling for toxin-free comfort. Hypoallergenic and natural, it ensures safe, sustainable, and eco-friendly protection for diaper changes.\",\"breadcrumb\":{\"@id\":\"https:\\\/\\\/homeofwool.com\\\/shop\\\/baby-changing-pad\\\/#breadcrumb\"},\"inLanguage\":\"fr-FR\",\"potentialAction\":[{\"@type\":\"ReadAction\",\"target\":[\"https:\\\/\\\/homeofwool.com\\\/shop\\\/baby-changing-pad\\\/\"]}]},{\"@type\":\"ImageObject\",\"inLanguage\":\"fr-FR\",\"@id\":\"https:\\\/\\\/homeofwool.com\\\/shop\\\/baby-changing-pad\\\/#primaryimage\",\"url\":\"https:\\\/\\\/homeofwool.com\\\/wp-content\\\/uploads\\\/2025\\\/09\\\/home-of-wool-baby-changing-pad-main.jpg\",\"contentUrl\":\"https:\\\/\\\/homeofwool.com\\\/wp-content\\\/uploads\\\/2025\\\/09\\\/home-of-wool-baby-changing-pad-main.jpg\",\"width\":2000,\"height\":1600,\"caption\":\"home of wool baby changing pad\"},{\"@type\":\"BreadcrumbList\",\"@id\":\"https:\\\/\\\/homeofwool.com\\\/shop\\\/baby-changing-pad\\\/#breadcrumb\",\"itemListElement\":[{\"@type\":\"ListItem\",\"position\":1,\"name\":\"Home\",\"item\":\"https:\\\/\\\/homeofwool.com\\\/\"},{\"@type\":\"ListItem\",\"position\":2,\"name\":\"Products\",\"item\":\"https:\\\/\\\/homeofwool.com\\\/header-search-2\\\/\"},{\"@type\":\"ListItem\",\"position\":3,\"name\":\"Wool Baby Changing Pad\"}]},{\"@type\":\"WebSite\",\"@id\":\"https:\\\/\\\/homeofwool.com\\\/#website\",\"url\":\"https:\\\/\\\/homeofwool.com\\\/\",\"name\":\"Home of Wool\",\"description\":\"\",\"publisher\":{\"@id\":\"https:\\\/\\\/homeofwool.com\\\/#organization\"},\"potentialAction\":[{\"@type\":\"SearchAction\",\"target\":{\"@type\":\"EntryPoint\",\"urlTemplate\":\"https:\\\/\\\/homeofwool.com\\\/?s={search_term_string}\"},\"query-input\":{\"@type\":\"PropertyValueSpecification\",\"valueRequired\":true,\"valueName\":\"search_term_string\"}}],\"inLanguage\":\"fr-FR\"},{\"@type\":\"Organization\",\"@id\":\"https:\\\/\\\/homeofwool.com\\\/#organization\",\"name\":\"Home of Wool\",\"url\":\"https:\\\/\\\/homeofwool.com\\\/\",\"logo\":{\"@type\":\"ImageObject\",\"inLanguage\":\"fr-FR\",\"@id\":\"https:\\\/\\\/homeofwool.com\\\/#\\\/schema\\\/logo\\\/image\\\/\",\"url\":\"https:\\\/\\\/homeofwool.com\\\/wp-content\\\/uploads\\\/2025\\\/09\\\/WhatsApp-Image-2025-12-02-at-16.23.20.jpeg\",\"contentUrl\":\"https:\\\/\\\/homeofwool.com\\\/wp-content\\\/uploads\\\/2025\\\/09\\\/WhatsApp-Image-2025-12-02-at-16.23.20.jpeg\",\"width\":700,\"height\":247,\"caption\":\"Home of Wool\"},\"image\":{\"@id\":\"https:\\\/\\\/homeofwool.com\\\/#\\\/schema\\\/logo\\\/image\\\/\"},\"sameAs\":[\"https:\\\/\\\/facebook.com\\\/HomeOfWoolOfficial\"]}]}<\/script>\n<!-- \/ Yoast SEO Premium plugin. -->","yoast_head_json":{"title":"Matelas \u00e0 langer \u2013 Matelas \u00e0 langer en laine naturelle pour b\u00e9b\u00e9 | Home of Wool","description":"Le matelas \u00e0 langer est rembourr\u00e9 de laine respirante pour un confort sans toxines. Hypoallerg\u00e9nique et naturel, il garantit une protection s\u00fbre, durable et \u00e9cologique pour le changement des couches.","robots":{"index":"index","follow":"follow","max-snippet":"max-snippet:-1","max-image-preview":"max-image-preview:large","max-video-preview":"max-video-preview:-1"},"canonical":"https:\/\/homeofwool.com\/fr\/boutique\/matelas-a-langer-3\/","og_locale":"fr_FR","og_type":"article","og_title":"Wool Baby Changing Pad","og_description":"The Changing Pad is made with breathable wool filling for toxin-free comfort. Hypoallergenic and natural, it ensures safe, sustainable, and eco-friendly protection for diaper changes.","og_url":"https:\/\/homeofwool.com\/fr\/boutique\/matelas-a-langer-3\/","og_site_name":"Home of Wool","article_publisher":"https:\/\/facebook.com\/HomeOfWoolOfficial","article_modified_time":"2026-01-20T10:58:29+00:00","og_image":[{"width":2000,"height":1600,"url":"https:\/\/homeofwool.com\/wp-content\/uploads\/2025\/09\/home-of-wool-baby-changing-pad-main.jpg","type":"image\/jpeg"}],"twitter_card":"summary_large_image","twitter_misc":{"Dur\u00e9e de lecture estim\u00e9e":"2 minutes"},"schema":{"@context":"https:\/\/schema.org","@graph":[{"@type":"WebPage","@id":"https:\/\/homeofwool.com\/shop\/baby-changing-pad\/","url":"https:\/\/homeofwool.com\/shop\/baby-changing-pad\/","name":"Matelas \u00e0 langer \u2013 Matelas \u00e0 langer en laine naturelle pour b\u00e9b\u00e9 | Home of Wool","isPartOf":{"@id":"https:\/\/homeofwool.com\/#website"},"primaryImageOfPage":{"@id":"https:\/\/homeofwool.com\/shop\/baby-changing-pad\/#primaryimage"},"image":{"@id":"https:\/\/homeofwool.com\/shop\/baby-changing-pad\/#primaryimage"},"thumbnailUrl":"https:\/\/homeofwool.com\/wp-content\/uploads\/2025\/09\/home-of-wool-baby-changing-pad-main.jpg","datePublished":"2025-09-02T12:03:55+00:00","dateModified":"2026-01-20T10:58:29+00:00","description":"Le matelas \u00e0 langer est rembourr\u00e9 de laine respirante pour un confort sans toxines. Hypoallerg\u00e9nique et naturel, il garantit une protection s\u00fbre, durable et \u00e9cologique pour le changement des couches.","breadcrumb":{"@id":"https:\/\/homeofwool.com\/shop\/baby-changing-pad\/#breadcrumb"},"inLanguage":"fr-FR","potentialAction":[{"@type":"ReadAction","target":["https:\/\/homeofwool.com\/shop\/baby-changing-pad\/"]}]},{"@type":"ImageObject","inLanguage":"fr-FR","@id":"https:\/\/homeofwool.com\/shop\/baby-changing-pad\/#primaryimage","url":"https:\/\/homeofwool.com\/wp-content\/uploads\/2025\/09\/home-of-wool-baby-changing-pad-main.jpg","contentUrl":"https:\/\/homeofwool.com\/wp-content\/uploads\/2025\/09\/home-of-wool-baby-changing-pad-main.jpg","width":2000,"height":1600,"caption":"home of wool baby changing pad"},{"@type":"BreadcrumbList","@id":"https:\/\/homeofwool.com\/shop\/baby-changing-pad\/#breadcrumb","itemListElement":[{"@type":"ListItem","position":1,"name":"Home","item":"https:\/\/homeofwool.com\/"},{"@type":"ListItem","position":2,"name":"Products","item":"https:\/\/homeofwool.com\/header-search-2\/"},{"@type":"ListItem","position":3,"name":"Wool Baby Changing Pad"}]},{"@type":"WebSite","@id":"https:\/\/homeofwool.com\/#website","url":"https:\/\/homeofwool.com\/","name":"La maison de la laine","description":"","publisher":{"@id":"https:\/\/homeofwool.com\/#organization"},"potentialAction":[{"@type":"SearchAction","target":{"@type":"EntryPoint","urlTemplate":"https:\/\/homeofwool.com\/?s={search_term_string}"},"query-input":{"@type":"PropertyValueSpecification","valueRequired":true,"valueName":"search_term_string"}}],"inLanguage":"fr-FR"},{"@type":"Organization","@id":"https:\/\/homeofwool.com\/#organization","name":"La maison de la laine","url":"https:\/\/homeofwool.com\/","logo":{"@type":"ImageObject","inLanguage":"fr-FR","@id":"https:\/\/homeofwool.com\/#\/schema\/logo\/image\/","url":"https:\/\/homeofwool.com\/wp-content\/uploads\/2025\/09\/WhatsApp-Image-2025-12-02-at-16.23.20.jpeg","contentUrl":"https:\/\/homeofwool.com\/wp-content\/uploads\/2025\/09\/WhatsApp-Image-2025-12-02-at-16.23.20.jpeg","width":700,"height":247,"caption":"Home of Wool"},"image":{"@id":"https:\/\/homeofwool.com\/#\/schema\/logo\/image\/"},"sameAs":["https:\/\/facebook.com\/HomeOfWoolOfficial"]}]}},"_links":{"self":[{"href":"https:\/\/homeofwool.com\/fr\/wp-json\/wp\/v2\/product\/218183","targetHints":{"allow":["GET"]}}],"collection":[{"href":"https:\/\/homeofwool.com\/fr\/wp-json\/wp\/v2\/product"}],"about":[{"href":"https:\/\/homeofwool.com\/fr\/wp-json\/wp\/v2\/types\/product"}],"version-history":[{"count":1,"href":"https:\/\/homeofwool.com\/fr\/wp-json\/wp\/v2\/product\/218183\/revisions"}],"predecessor-version":[{"id":227330,"href":"https:\/\/homeofwool.com\/fr\/wp-json\/wp\/v2\/product\/218183\/revisions\/227330"}],"wp:featuredmedia":[{"embeddable":true,"href":"https:\/\/homeofwool.com\/fr\/wp-json\/wp\/v2\/media\/224437"}],"wp:attachment":[{"href":"https:\/\/homeofwool.com\/fr\/wp-json\/wp\/v2\/media?parent=218183"}],"wp:term":[{"taxonomy":"product_brand","embeddable":true,"href":"https:\/\/homeofwool.com\/fr\/wp-json\/wp\/v2\/product_brand?post=218183"},{"taxonomy":"product_cat","embeddable":true,"href":"https:\/\/homeofwool.com\/fr\/wp-json\/wp\/v2\/product_cat?post=218183"},{"taxonomy":"product_tag","embeddable":true,"href":"https:\/\/homeofwool.com\/fr\/wp-json\/wp\/v2\/product_tag?post=218183"}],"curies":[{"name":"wp","href":"https:\/\/api.w.org\/{rel}","templated":true}]}}